{"id":13694,"date":"2024-02-22T12:30:55","date_gmt":"2024-02-22T11:30:55","guid":{"rendered":"https:\/\/advancedseeds.com\/web\/?post_type=product&#038;p=13694"},"modified":"2025-03-22T17:56:06","modified_gmt":"2025-03-22T16:56:06","slug":"animal-zookies-fem-advanced-seeds","status":"publish","type":"product","link":"https:\/\/advancedseeds.com\/it\/tienda\/feminizadas\/animal-zookies-fem-advanced-seeds\/","title":{"rendered":"Animali Zookies"},"content":{"rendered":"<p><span style=\"font-weight: 400\">Naturalmente, occorre una variet\u00e0 di cannabis che abbia tutto, ma \u00e8 difficile... Fino ad ora. La <\/span><a href=\"https:\/\/advancedseeds.com\/web\/categoria-producto\/feminizadas\/\"><b>Semi femminizzati<\/b><\/a><b> Animali Zookies<\/b><span style=\"font-weight: 400\"> di Advanced Seeds sono una scelta stellare per gli amanti della cannabis. Un potente ibrido con 28% di THC, questi semi promettono una coltivazione gratificante e un'esperienza indimenticabile, con grandi rese complessive, propriet\u00e0 organolettiche eccezionali e un effetto non adatto a tutti i consumatori a causa della sua potenza.<\/span><\/p>\n<h2><span style=\"font-weight: 400\">\u00a0Qual \u00e8 la genetica di questi semi?<\/span><\/h2>\n<p><span style=\"font-weight: 400\">I semi femminizzati Animal Zookies della Advanced Seeds sono un ibrido perfettamente bilanciato, risultato della <\/span><b>incrocio tra Animal Cookies e Zookies<\/b><span style=\"font-weight: 400\">. Questa combinazione genetica produce una pianta dalle caratteristiche uniche, anche se si nota una certa influenza della Cookie Fam. Animal Cookies apporta una potenza e un profilo aromatico eccezionali, mentre Zookies contribuisce con una struttura robusta ed effetti equilibrati, anche se, essendo entrambe discendenti dalla leggendaria GSC, molti tratti sono facilmente fissabili perch\u00e9 in questi casi si hanno molti geni dominanti.<\/span><\/p>\n<p><span style=\"font-weight: 400\">La miscela di indica e sativa di questi semi offre il meglio di entrambi i mondi, offrendo un'esperienza di coltivazione e consumo versatile e gratificante. Inoltre, questa combinazione genetica garantisce un'adattabilit\u00e0 superiore in diversi ambienti di coltivazione, rendendola ideale sia per i coltivatori principianti che per quelli esperti.<\/span><\/p>\n<h2><span style=\"font-weight: 400\">Che aspetto ha Advanced Seeds Animal Zookies?<\/span><\/h2>\n<p><span style=\"font-weight: 400\">L'aspetto della Animal Zookies non si dimentica facilmente. Le piante sviluppano una struttura naturalmente robusta e ben ramificata, con una spaziatura intermodale ideale per una distribuzione uniforme della luce. Le foglie sono di un verde intenso e scuro, che in questo caso non \u00e8 indicativo di un elevato contenuto di sostanze nutritive, in quanto \u00e8 un po'... <\/span><b>genetico<\/b><span style=\"font-weight: 400\">. Le cime sono molto dense, pi\u00f9 di quanto si possa immaginare, completamente ricoperte da uno spesso strato di resina lucida e, nella maggior parte dei casi, le cime sono molto dense. <\/span><b>presentare una tavolozza di colori vivaci<\/b><span style=\"font-weight: 400\"> man mano che si avvicina alla maturit\u00e0, con sfumature che vanno dal verde scuro al viola e all'arancione. Questa variet\u00e0 \u00e8 particolarmente fotogenica, il che la rende interessante per i coltivatori che amano condividere i loro raccolti sui social media e sui forum di cannabis.<\/span><\/p>\n<h2><span style=\"font-weight: 400\">Come si coltivano questi semi all'interno e all'esterno?<\/span><\/h2>\n<h3><span style=\"font-weight: 400\">Coltivazione indoor:<\/span><\/h3>\n<p><span style=\"font-weight: 400\">La Animal Zookies mostra una sorprendente adattabilit\u00e0, crescendo vigorosamente in diversi setup e sistemi di illuminazione. Sebbene non sia una variet\u00e0 autofiorente, il suo periodo vegetativo \u00e8 relativamente breve grazie al suo rapido sviluppo, consentendo una rapida transizione alla fioritura. Dal nostro punto di vista \u00e8 pi\u00f9 <\/span><b>interessante potare la punta principale<\/b><span style=\"font-weight: 400\"> per ottenere un maggior numero di cime, anche se queste sono pi\u00f9 piccole, poich\u00e9 la produzione finale \u00e8 solitamente migliore.<\/span><\/p>\n<h3><span style=\"font-weight: 400\">Coltivazione all'aperto:<\/span><\/h3>\n<p><span style=\"font-weight: 400\">Le piante possono raggiungere altezze considerevoli, soprattutto se viene concesso loro un ampio spazio per le radici e una buona esposizione al sole. La resistenza della Animal Zookies a parassiti e malattie \u00e8 un altro vantaggio, che riduce la necessit\u00e0 di interventi chimici e facilita una coltivazione pi\u00f9 organica e naturale. I coltivatori pi\u00f9 esperti possono provare tecniche avanzate come la <\/span><b>Potatura o supercoltura FIM<\/b><span style=\"font-weight: 400\"> per massimizzare la resa e la qualit\u00e0 delle gemme.<\/span><\/p>\n<h2><span style=\"font-weight: 400\">Quando vengono raccolti i semi femminizzati Animal Zookies di Advanced Seeds?<\/span><\/h2>\n<p><span style=\"font-weight: 400\">Il periodo di fioritura della Animal Zookies \u00e8 uno spettacolo da vedere, soprattutto nella parte finale, perch\u00e9 matura in modo colorato e molto appariscente. Al chiuso, le cime raggiungono la maturit\u00e0 dopo qualche settimana. <\/span><b>60-65 giorni di fioritura<\/b><span style=\"font-weight: 400\">La copertura dei tricomi \u00e8 un chiaro indicatore della sua potenza. All'aperto, il raccolto \u00e8 pronto a <\/span><b>inizio ottobre<\/b><span style=\"font-weight: 400\"> nell'emisfero settentrionale e nella prima met\u00e0 di aprile nell'emisfero meridionale. La pazienza nel raccogliere pu\u00f2 ricompensare i coltivatori con cime pi\u00f9 potenti e aromatiche, poich\u00e9 i terpeni e i cannabinoidi raggiungono il loro massimo sviluppo nelle ultime fasi della fioritura.<\/span><\/p>\n<h2><span style=\"font-weight: 400\">Quanto producono questi semi?<\/span><\/h2>\n<p><span style=\"font-weight: 400\">La produzione della Animal Zookies \u00e8 impressionante quanto il suo profilo genetico e i suoi effetti. In condizioni indoor ottimali, i coltivatori possono aspettarsi raccolti generosi di <\/span><b>500-550 gr\/m2<\/b><span style=\"font-weight: 400\">. All'aperto, una singola pianta pu\u00f2 <\/span><b>superano facilmente i 1000 grammi<\/b><span style=\"font-weight: 400\">La qualit\u00e0 delle cime \u00e8 notevole, con un'eccezionale produzione di resina che le rende ideali per la produzione di concentrati ed estrazioni. La qualit\u00e0 delle cime \u00e8 notevole, con un'eccezionale produzione di resina che le rende ideali per la preparazione di concentrati ed estrazioni. L'elevato contenuto di cannabinoidi e terpeni non solo rende la Animal Zookies una scelta popolare tra i consumatori a scopo ricreativo, ma anche tra i pazienti medici che cercano un sollievo efficace.<\/span><\/p>\n<h2><span style=\"font-weight: 400\">Qual \u00e8 l'aroma e il sapore dell'Animal Zookies?<\/span><\/h2>\n<p><span style=\"font-weight: 400\">Il profilo aromatico e gustativo della Animal Zookies \u00e8 complesso e sofisticato, non facile da descrivere. Scomponendo l'aroma, si rilevano i seguenti elementi <\/span><b>note terrose, con un sottofondo dolce e sentori speziati che ricordano i biscotti di pan di zenzero<\/b><span style=\"font-weight: 400\">. Il gusto \u00e8 altrettanto intrigante, con una miscela di dolcezza e un retrogusto leggermente piccante che persiste sul palato. I terpeni presenti in questa variet\u00e0 non solo contribuiscono al suo profilo aromatico unico, ma possono anche avere effetti sinergici con i cannabinoidi, potenziando gli effetti terapeutici e ricreativi della pianta grazie all'effetto entourage.<\/span><\/p>\n<h2><span style=\"font-weight: 400\">Che tipo di effetto ha questa marijuana?<\/span><\/h2>\n<p><span style=\"font-weight: 400\">L'effetto di Animal Zookies \u00e8 tanto diverso quanto la sua genetica. Inizialmente, offre un <\/span><b>elevazione del cervello che stimola la creativit\u00e0<\/b><span style=\"font-weight: 400\"> e il benessere mentale, tanto da sentire praticamente la produzione di endorfine nel cervello. In seguito, diventa un <\/span><b>un rilassamento profondo che si diffonde in tutto il corpo<\/b><span style=\"font-weight: 400\">\u00c8 ideale per alleviare tensioni e dolori. Con 28% di THC, \u00e8 potente e di lunga durata, adatta ai consumatori esperti. I consumatori medici possono trovare sollievo dalle sue propriet\u00e0 antidolorifiche e rilassanti, mentre i consumatori ricreativi apprezzeranno il suo high edificante ed euforico.<\/span><\/p>\n<h2><span style=\"font-weight: 400\">Acquistare semi femminilizzati Animal Zookies al miglior prezzo online<\/span><\/h2>\n<p><span style=\"font-weight: 400\">La Animal Zookies \u00e8 una scelta eccellente per qualsiasi coltivatore o consumatore alla ricerca di un'esperienza di cannabis di alta qualit\u00e0. Con le sue genetiche impressionanti, la facilit\u00e0 di coltivazione e gli effetti potenti e piacevoli, \u00e8 un investimento che vale la pena fare. Disponibili al miglior prezzo online e il pi\u00f9 freschi possibile, questi semi sono una preziosa aggiunta a qualsiasi giardino di cannabis. Non aspettate oltre, ordinate oggi stesso i vostri semi femminizzati Animal Zookies da Advanced Seeds e sperimentate la magia di una delle variet\u00e0 pi\u00f9 eccitanti del mercato.<\/span><\/p>\n<h2><span style=\"font-weight: 400\">Domande frequenti su Animal Zookies:<\/span><\/h2>\n<h3>L'Animal Zookies \u00e8 adatto ai principianti?<\/h3>\n<p><span style=\"font-weight: 400\">S\u00ec, anche se potente, \u00e8 abbastanza gestibile in coltivazione, ma si raccomanda di prestare attenzione alle sue specifiche esigenze nutrizionali.<\/span><\/p>\n<h3>Quali tecniche di addestramento funzionano bene con l'Animal Zookies?<\/h3>\n<p><span style=\"font-weight: 400\">Tecniche come SCROG, LST o potatura apicale sono efficaci per migliorare la resa e controllare l'altezza.<\/span><\/p>\n<h3>Come influisce il clima sulla coltivazione dell'Animal Zookies?<\/h3>\n<p><span style=\"font-weight: 400\">Preferisce climi temperati, asciutti e stabili. Nei climi umidi occorre prestare attenzione alla ventilazione e alla protezione dai funghi.<\/span><\/p>\n<h3>L'Animal Zookies \u00e8 adatto alle estrazioni?<\/h3>\n<p><span style=\"font-weight: 400\">S\u00ec, grazie alla sua elevata produzione di resina e ai suoi ricchi profili di cannabinoidi e terpeni.<\/span><\/p>\n<h3>Che tipo di effetto terapeutico offre l'Animal Zookies?<\/h3>\n<p><span style=\"font-weight: 400\">\u00c8 nota per le sue propriet\u00e0 analgesiche e rilassanti, utili per alleviare lo stress e il dolore.<\/span><\/p>\n<h3>L'Animal Zookies richiede una cura particolare all'esterno?<\/h3>\n<p><span style=\"font-weight: 400\">Ha bisogno di spazio per crescere e di una buona esposizione al sole, con attenzione alla nutrizione e all'irrigazione.<\/span><\/p>\n<h3>L'Animal Zookies \u00e8 una buona scelta per i coltivatori commerciali?<\/h3>\n<p><span style=\"font-weight: 400\">Sicuramente, per le sue alte rese e la qualit\u00e0 delle gemme, \u00e8 ideale per il mercato commerciale.<\/span><\/p>\n<p>&nbsp;<\/p>","protected":false},"excerpt":{"rendered":"<p>-<\/p>","protected":false},"featured_media":19806,"comment_status":"open","ping_status":"closed","template":"","meta":{"_acf_changed":false},"product_brand":[],"product_cat":[69],"product_tag":[],"class_list":{"0":"post-13694","1":"product","2":"type-product","3":"status-publish","4":"has-post-thumbnail","6":"product_cat-feminizadas","8":"first","9":"instock","10":"taxable","11":"shipping-taxable","12":"purchasable","13":"product-type-variable"},"acf":[],"yoast_head":"<!-- This site is optimized with the Yoast SEO Premium plugin v26.3 (Yoast SEO v26.6) - https:\/\/yoast.com\/wordpress\/plugins\/seo\/ -->\n<title>Animal Zookies - Advanced Seeds<\/title>\n<meta name=\"robots\" content=\"index, follow, max-snippet:-1, max-image-preview:large, max-video-preview:-1\" \/>\n<link rel=\"canonical\" href=\"https:\/\/advancedseeds.com\/it\/tienda\/feminizadas\/animal-zookies-fem-advanced-seeds\/\" \/>\n<meta property=\"og:locale\" content=\"it_IT\" \/>\n<meta property=\"og:type\" content=\"article\" \/>\n<meta property=\"og:title\" content=\"Animal Zookies\" \/>\n<meta property=\"og:description\" content=\"-\" \/>\n<meta property=\"og:url\" content=\"https:\/\/advancedseeds.com\/it\/tienda\/feminizadas\/animal-zookies-fem-advanced-seeds\/\" \/>\n<meta property=\"og:site_name\" content=\"Advanced Seeds\" \/>\n<meta property=\"article:modified_time\" content=\"2025-03-22T16:56:06+00:00\" \/>\n<meta property=\"og:image\" content=\"https:\/\/advancedseeds.com\/web\/wp-content\/uploads\/2024\/02\/animal-zookies.jpg\" \/>\n\t<meta property=\"og:image:width\" content=\"505\" \/>\n\t<meta property=\"og:image:height\" content=\"757\" \/>\n\t<meta property=\"og:image:type\" content=\"image\/jpeg\" \/>\n<meta name=\"twitter:card\" content=\"summary_large_image\" \/>\n<meta name=\"twitter:label1\" content=\"Tempo di lettura stimato\" \/>\n\t<meta name=\"twitter:data1\" content=\"7 minuti\" \/>\n<script type=\"application\/ld+json\" class=\"yoast-schema-graph\">{\"@context\":\"https:\/\/schema.org\",\"@graph\":[{\"@type\":\"WebPage\",\"@id\":\"https:\/\/advancedseeds.com\/tienda\/feminizadas\/animal-zookies-fem-advanced-seeds\/\",\"url\":\"https:\/\/advancedseeds.com\/tienda\/feminizadas\/animal-zookies-fem-advanced-seeds\/\",\"name\":\"Animal Zookies - Advanced Seeds\",\"isPartOf\":{\"@id\":\"https:\/\/advancedseeds.com\/#website\"},\"primaryImageOfPage\":{\"@id\":\"https:\/\/advancedseeds.com\/tienda\/feminizadas\/animal-zookies-fem-advanced-seeds\/#primaryimage\"},\"image\":{\"@id\":\"https:\/\/advancedseeds.com\/tienda\/feminizadas\/animal-zookies-fem-advanced-seeds\/#primaryimage\"},\"thumbnailUrl\":\"https:\/\/advancedseeds.com\/web\/wp-content\/uploads\/2024\/02\/animal-zookies.jpg\",\"datePublished\":\"2024-02-22T11:30:55+00:00\",\"dateModified\":\"2025-03-22T16:56:06+00:00\",\"breadcrumb\":{\"@id\":\"https:\/\/advancedseeds.com\/tienda\/feminizadas\/animal-zookies-fem-advanced-seeds\/#breadcrumb\"},\"inLanguage\":\"it-IT\",\"potentialAction\":[{\"@type\":\"ReadAction\",\"target\":[\"https:\/\/advancedseeds.com\/tienda\/feminizadas\/animal-zookies-fem-advanced-seeds\/\"]}]},{\"@type\":\"ImageObject\",\"inLanguage\":\"it-IT\",\"@id\":\"https:\/\/advancedseeds.com\/tienda\/feminizadas\/animal-zookies-fem-advanced-seeds\/#primaryimage\",\"url\":\"https:\/\/advancedseeds.com\/web\/wp-content\/uploads\/2024\/02\/animal-zookies.jpg\",\"contentUrl\":\"https:\/\/advancedseeds.com\/web\/wp-content\/uploads\/2024\/02\/animal-zookies.jpg\",\"width\":505,\"height\":757},{\"@type\":\"BreadcrumbList\",\"@id\":\"https:\/\/advancedseeds.com\/tienda\/feminizadas\/animal-zookies-fem-advanced-seeds\/#breadcrumb\",\"itemListElement\":[{\"@type\":\"ListItem\",\"position\":1,\"name\":\"Home\",\"item\":\"https:\/\/advancedseeds.com\/\"},{\"@type\":\"ListItem\",\"position\":2,\"name\":\"Tienda\",\"item\":\"https:\/\/advancedseeds.com\/\"},{\"@type\":\"ListItem\",\"position\":3,\"name\":\"Animal Zookies\"}]},{\"@type\":\"WebSite\",\"@id\":\"https:\/\/advancedseeds.com\/#website\",\"url\":\"https:\/\/advancedseeds.com\/\",\"name\":\"Advanced Seeds\",\"description\":\"Gen\u00e9ticas Avanzadas en semillas feminizadas y autom\u00e1ticas.\",\"publisher\":{\"@id\":\"https:\/\/advancedseeds.com\/#organization\"},\"potentialAction\":[{\"@type\":\"SearchAction\",\"target\":{\"@type\":\"EntryPoint\",\"urlTemplate\":\"https:\/\/advancedseeds.com\/?s={search_term_string}\"},\"query-input\":{\"@type\":\"PropertyValueSpecification\",\"valueRequired\":true,\"valueName\":\"search_term_string\"}}],\"inLanguage\":\"it-IT\"},{\"@type\":\"Organization\",\"@id\":\"https:\/\/advancedseeds.com\/#organization\",\"name\":\"Advanced Seeds\",\"url\":\"https:\/\/advancedseeds.com\/\",\"logo\":{\"@type\":\"ImageObject\",\"inLanguage\":\"it-IT\",\"@id\":\"https:\/\/advancedseeds.com\/#\/schema\/logo\/image\/\",\"url\":\"https:\/\/advancedseeds.com\/web\/wp-content\/uploads\/2021\/01\/logo-advanced.jpg\",\"contentUrl\":\"https:\/\/advancedseeds.com\/web\/wp-content\/uploads\/2021\/01\/logo-advanced.jpg\",\"width\":600,\"height\":600,\"caption\":\"Advanced Seeds\"},\"image\":{\"@id\":\"https:\/\/advancedseeds.com\/#\/schema\/logo\/image\/\"}}]}<\/script>\n<!-- \/ Yoast SEO Premium plugin. -->","yoast_head_json":{"title":"Animal Zookies - Advanced Seeds","robots":{"index":"index","follow":"follow","max-snippet":"max-snippet:-1","max-image-preview":"max-image-preview:large","max-video-preview":"max-video-preview:-1"},"canonical":"https:\/\/advancedseeds.com\/it\/tienda\/feminizadas\/animal-zookies-fem-advanced-seeds\/","og_locale":"it_IT","og_type":"article","og_title":"Animal Zookies","og_description":"-","og_url":"https:\/\/advancedseeds.com\/it\/tienda\/feminizadas\/animal-zookies-fem-advanced-seeds\/","og_site_name":"Advanced Seeds","article_modified_time":"2025-03-22T16:56:06+00:00","og_image":[{"width":505,"height":757,"url":"https:\/\/advancedseeds.com\/web\/wp-content\/uploads\/2024\/02\/animal-zookies.jpg","type":"image\/jpeg"}],"twitter_card":"summary_large_image","twitter_misc":{"Tempo di lettura stimato":"7 minuti"},"schema":{"@context":"https:\/\/schema.org","@graph":[{"@type":"WebPage","@id":"https:\/\/advancedseeds.com\/tienda\/feminizadas\/animal-zookies-fem-advanced-seeds\/","url":"https:\/\/advancedseeds.com\/tienda\/feminizadas\/animal-zookies-fem-advanced-seeds\/","name":"Animal Zookies - Advanced Seeds","isPartOf":{"@id":"https:\/\/advancedseeds.com\/#website"},"primaryImageOfPage":{"@id":"https:\/\/advancedseeds.com\/tienda\/feminizadas\/animal-zookies-fem-advanced-seeds\/#primaryimage"},"image":{"@id":"https:\/\/advancedseeds.com\/tienda\/feminizadas\/animal-zookies-fem-advanced-seeds\/#primaryimage"},"thumbnailUrl":"https:\/\/advancedseeds.com\/web\/wp-content\/uploads\/2024\/02\/animal-zookies.jpg","datePublished":"2024-02-22T11:30:55+00:00","dateModified":"2025-03-22T16:56:06+00:00","breadcrumb":{"@id":"https:\/\/advancedseeds.com\/tienda\/feminizadas\/animal-zookies-fem-advanced-seeds\/#breadcrumb"},"inLanguage":"it-IT","potentialAction":[{"@type":"ReadAction","target":["https:\/\/advancedseeds.com\/tienda\/feminizadas\/animal-zookies-fem-advanced-seeds\/"]}]},{"@type":"ImageObject","inLanguage":"it-IT","@id":"https:\/\/advancedseeds.com\/tienda\/feminizadas\/animal-zookies-fem-advanced-seeds\/#primaryimage","url":"https:\/\/advancedseeds.com\/web\/wp-content\/uploads\/2024\/02\/animal-zookies.jpg","contentUrl":"https:\/\/advancedseeds.com\/web\/wp-content\/uploads\/2024\/02\/animal-zookies.jpg","width":505,"height":757},{"@type":"BreadcrumbList","@id":"https:\/\/advancedseeds.com\/tienda\/feminizadas\/animal-zookies-fem-advanced-seeds\/#breadcrumb","itemListElement":[{"@type":"ListItem","position":1,"name":"Home","item":"https:\/\/advancedseeds.com\/"},{"@type":"ListItem","position":2,"name":"Tienda","item":"https:\/\/advancedseeds.com\/"},{"@type":"ListItem","position":3,"name":"Animal Zookies"}]},{"@type":"WebSite","@id":"https:\/\/advancedseeds.com\/#website","url":"https:\/\/advancedseeds.com\/","name":"Semi avanzati","description":"Genetica avanzata in semi femminizzati e automatici.","publisher":{"@id":"https:\/\/advancedseeds.com\/#organization"},"potentialAction":[{"@type":"SearchAction","target":{"@type":"EntryPoint","urlTemplate":"https:\/\/advancedseeds.com\/?s={search_term_string}"},"query-input":{"@type":"PropertyValueSpecification","valueRequired":true,"valueName":"search_term_string"}}],"inLanguage":"it-IT"},{"@type":"Organization","@id":"https:\/\/advancedseeds.com\/#organization","name":"Semi avanzati","url":"https:\/\/advancedseeds.com\/","logo":{"@type":"ImageObject","inLanguage":"it-IT","@id":"https:\/\/advancedseeds.com\/#\/schema\/logo\/image\/","url":"https:\/\/advancedseeds.com\/web\/wp-content\/uploads\/2021\/01\/logo-advanced.jpg","contentUrl":"https:\/\/advancedseeds.com\/web\/wp-content\/uploads\/2021\/01\/logo-advanced.jpg","width":600,"height":600,"caption":"Advanced Seeds"},"image":{"@id":"https:\/\/advancedseeds.com\/#\/schema\/logo\/image\/"}}]}},"_links":{"self":[{"href":"https:\/\/advancedseeds.com\/it\/wp-json\/wp\/v2\/product\/13694","targetHints":{"allow":["GET"]}}],"collection":[{"href":"https:\/\/advancedseeds.com\/it\/wp-json\/wp\/v2\/product"}],"about":[{"href":"https:\/\/advancedseeds.com\/it\/wp-json\/wp\/v2\/types\/product"}],"replies":[{"embeddable":true,"href":"https:\/\/advancedseeds.com\/it\/wp-json\/wp\/v2\/comments?post=13694"}],"wp:featuredmedia":[{"embeddable":true,"href":"https:\/\/advancedseeds.com\/it\/wp-json\/wp\/v2\/media\/19806"}],"wp:attachment":[{"href":"https:\/\/advancedseeds.com\/it\/wp-json\/wp\/v2\/media?parent=13694"}],"wp:term":[{"taxonomy":"product_brand","embeddable":true,"href":"https:\/\/advancedseeds.com\/it\/wp-json\/wp\/v2\/product_brand?post=13694"},{"taxonomy":"product_cat","embeddable":true,"href":"https:\/\/advancedseeds.com\/it\/wp-json\/wp\/v2\/product_cat?post=13694"},{"taxonomy":"product_tag","embeddable":true,"href":"https:\/\/advancedseeds.com\/it\/wp-json\/wp\/v2\/product_tag?post=13694"}],"curies":[{"name":"wp","href":"https:\/\/api.w.org\/{rel}","templated":true}]}}