{"id":13695,"date":"2024-02-22T12:30:55","date_gmt":"2024-02-22T11:30:55","guid":{"rendered":"https:\/\/advancedseeds.com\/web\/?post_type=product&#038;p=13695"},"modified":"2025-03-22T18:17:11","modified_gmt":"2025-03-22T17:17:11","slug":"auto-forbidden-fruit-cake","status":"publish","type":"product","link":"https:\/\/advancedseeds.com\/it\/tienda\/automaticas\/auto-forbidden-fruit-cake\/","title":{"rendered":"Auto Forbidden Fruit Cake"},"content":{"rendered":"<p><span style=\"font-weight: 400\">Provate la Auto Forbidden Fruit Cake, un'erba che vi far\u00e0 impazzire con il suo THC 22%. Raccolto veloce e abbondante, gusto eccezionale ed effetto di prima classe.<\/span><\/p>\n<p><span style=\"font-weight: 400\">Il <\/span><a href=\"https:\/\/advancedseeds.com\/web\/categoria-producto\/automaticas\/\"><b>semi autofiorenti<\/b><\/a><b> Auto Forbidden Fruit Cake di Advanced Seeds<\/b><span style=\"font-weight: 400\"> combina il meglio della Forbidden Fruit Cake con la velocit\u00e0 di una variet\u00e0 autofiorente. Questo poli-ibrido colpisce per la sua elevata potenza con un ciclo di crescita completo di soli 75 giorni. Ideale per chi cerca efficienza, sapore e potenza, o per i coltivatori alle prime armi che vogliono un raccolto senza problemi.<\/span><\/p>\n<h2><span style=\"font-weight: 400\">Qual \u00e8 la genetica di questi semi?<\/span><\/h2>\n<p><span style=\"font-weight: 400\">Auto Forbidden Fruit Cake \u00e8 un polibrido <\/span><b>creato da <\/b><a href=\"https:\/\/advancedseeds.com\/web\/producto\/forbidden-fruit-cake\/\"><b>Torta di frutta proibita<\/b><\/a><b> e una variet\u00e0 autofiorente<\/b><span style=\"font-weight: 400\"> selezionati per somiglianza genetica. Questa combinazione d\u00e0 luogo a un <\/span><b>Ceppo prevalentemente indica<\/b><span style=\"font-weight: 400\"> che mantiene le eccezionali qualit\u00e0 della Forbidden Fruit Cake, come l'alto contenuto di THC e il profilo aromatico unico, ma con il vantaggio di un ciclo di vita pi\u00f9 breve e una maggiore facilit\u00e0 di coltivazione. La genetica autofiorente accelera il processo di fioritura senza interrompere le altre genetiche, rendendola ideale per coltivazioni veloci ed efficienti.<\/span><\/p>\n<h2><span style=\"font-weight: 400\">Che aspetto hanno i semi autofiorenti Auto Forbidden Fruit Cake di Advanced Seeds?<\/span><\/h2>\n<p><span style=\"font-weight: 400\">Auto Forbidden Fruit Cake mostra una <\/span><b>estetica impressionante<\/b><span style=\"font-weight: 400\"> da qualsiasi punto di vista la si guardi. Questa pianta piccola ma resistente ha una struttura tipicamente indica, <\/span><b>breve, con tronco e rami di buon calibro<\/b><span style=\"font-weight: 400\">. I suoi boccioli sono densi e resinosi come quelli della versione a fioritura normale, offrendo uno spettacolo visivo durante il periodo di fioritura con <\/span><b>tonalit\u00e0 che vanno dal viola al verde lime<\/b><span style=\"font-weight: 400\">. Il suo aspetto \u00e8 una chiara indicazione della sua potenza e qualit\u00e0, che rende l'Auto Forbidden Fruit Cake una scelta attraente e produttiva.<\/span><\/p>\n<h2><span style=\"font-weight: 400\">Come si coltivano questi semi all'interno e all'esterno?<\/span><\/h2>\n<p><span style=\"font-weight: 400\">\u00c8 una pianta molto veloce, resistente e facile da coltivare, che si adatta bene sia agli ambienti interni che esterni. La sua genetica autofiorente semplifica il processo di coltivazione, poich\u00e9 non richiede cambiamenti nel ciclo di luce per fiorire. <\/span><\/p>\n<h2><span style=\"font-weight: 400\">Coltivazione indoor:<\/span><\/h2>\n<p><span style=\"font-weight: 400\">Funziona al meglio con un <\/span><b>fotoperiodo di 20 ore di luce e 4 di buio<\/b><span style=\"font-weight: 400\">e sono grati di avere <\/span><b>almeno 11 litri di substrato<\/b><span style=\"font-weight: 400\"> in modo da non limitare lo sviluppo dell'apparato radicale.<\/span><\/p>\n<h2><span style=\"font-weight: 400\">Coltivazione all'aperto:<\/span><\/h2>\n<p><span style=\"font-weight: 400\">La sua resistenza e adattabilit\u00e0 la rendono una scelta solida per una variet\u00e0 di climi e condizioni. Sebbene sia pi\u00f9 tollerante al freddo rispetto alle variet\u00e0 fotodipendenti, la stagione migliore per la coltivazione all'aperto va da met\u00e0 primavera a fine estate. Per ottenere i migliori risultati, piantate in <\/span><b>vasi da 20 litri o pi\u00f9<\/b><span style=\"font-weight: 400\">posizionarli nella posizione pi\u00f9 soleggiata possibile, e <\/span><b>mettere in campo dei tutor<\/b><span style=\"font-weight: 400\"> per rafforzare la sua resilienza.<\/span><\/p>\n<h2><span style=\"font-weight: 400\">Quando vengono raccolti i semi autofiorenti Auto Forbidden Fruit Cake di Advanced Seeds?<\/span><\/h2>\n<p><span style=\"font-weight: 400\">La velocit\u00e0 \u00e8 uno dei principali vantaggi della Auto Forbidden Fruit Cake. Dalla germinazione al raccolto, questa variet\u00e0 completa la sua <\/span><b>ciclo di vita in circa 75 giorni<\/b><span style=\"font-weight: 400\">. Questo consente ai coltivatori di ottenere pi\u00f9 raccolti in una sola stagione, soprattutto all'aperto, dove <\/span><b>pu\u00f2 essere raccolto dalla primavera all'autunno<\/b><span style=\"font-weight: 400\"> nessun problema.<\/span><\/p>\n<h2><span style=\"font-weight: 400\">Quanto producono questi semi?<\/span><\/h2>\n<p><span style=\"font-weight: 400\">Nonostante sia una variet\u00e0 autofiorente, la Auto Forbidden Fruit Cake offre rese impressionanti. Al chiuso, ci si pu\u00f2 aspettare <\/span><b>circa 550 gr\/m2<\/b><span style=\"font-weight: 400\">mentre all'aperto ogni pianta pu\u00f2 produrre <\/span><b>tra 60 e 200 grammi<\/b><span style=\"font-weight: 400\">. Degna di nota \u00e8 anche la resa in resina, sorprendente per una variet\u00e0 a fioritura automatica.<\/span><\/p>\n<h2><span style=\"font-weight: 400\">Com'\u00e8 l'aroma e il sapore della Auto Forbidden Fruit Cake di Advanced Seeds?<\/span><\/h2>\n<p><span style=\"font-weight: 400\">L'aroma e il sapore dell'Auto Forbidden Fruit Cake sono intensi e deliziosi, con un'eccezionale <\/span><b>frutti di bosco e sfumature speziate, con un carattere dolce e note agrumate.<\/b><span style=\"font-weight: 400\"> Quando viene affumicato, l'aroma di agrumi \u00e8 prominente, lasciando un retrogusto piacevole e rinfrescante che combina perfettamente dolcezza e acidit\u00e0.<\/span><\/p>\n<h2><span style=\"font-weight: 400\">Che tipo di effetto ha questa marijuana?<\/span><\/h2>\n<p><span style=\"font-weight: 400\">Auto Forbidden Fruit Cake, con il suo <\/span><b>22% di THC<\/b><span style=\"font-weight: 400\">produce un effetto potente e duraturo. Inizialmente, provoca una sensazione di <\/span><b>euforia ed elevazione mentale<\/b><span style=\"font-weight: 400\">senza essere opprimente, seguito da un <\/span><b>rilassamento fisico profondo<\/b><span style=\"font-weight: 400\"> che pu\u00f2 durare pi\u00f9 di 2 ore.<\/span><\/p>\n<h2><span style=\"font-weight: 400\">Acquistare i semi autofiorenti Auto Forbidden Fruit Cake al miglior prezzo online<\/span><\/h2>\n<p><span style=\"font-weight: 400\">I semi di Auto Forbidden Fruit Cake di Advanced Seeds sono una scelta eccezionale per chi cerca una variet\u00e0 veloce e potente con un sapore da ricordare. Disponibili presso Advanced Seeds ai migliori prezzi, questi semi assicurano e garantiscono ai coltivatori un raccolto abbondante e di alta qualit\u00e0.<\/span><\/p>\n<h2>Domande frequenti sulla torta di frutta Auto Forbiden:<\/h2>\n<h3><span style=\"font-weight: 400\">La Auto Forbidden Fruit Cake \u00e8 adatta ai coltivatori principianti?<\/span><\/h3>\n<p><span style=\"font-weight: 400\">S\u00ec, la sua natura autofiorente e la sua resistenza la rendono una scelta eccellente per chi \u00e8 alle prime armi con la coltivazione della cannabis.<\/span><\/p>\n<h3><span style=\"font-weight: 400\">Qual \u00e8 il tipo di substrato migliore per la Auto Forbidden Fruit Cake?<\/span><\/h3>\n<p><span style=\"font-weight: 400\">Un substrato ben areato, ricco di sostanze nutritive e con una media ritenzione di umidit\u00e0 \u00e8 ideale per il suo sviluppo.<\/span><\/p>\n<h3><span style=\"font-weight: 400\">Quando \u00e8 il momento migliore per raccogliere l'Auto Forbidden Fruit Cake per ottenere la massima potenza?<\/span><\/h3>\n<p><span style=\"font-weight: 400\">Osservare i tricomi e raccoglierli quando sono intorno al colore ambrato 40% assicura la massima potenza e il miglior profilo terpenico.<\/span><\/p>\n<h3><span style=\"font-weight: 400\">Quali sono gli effetti collaterali dell'assunzione di Auto Forbidden Fruit Cake?<\/span><\/h3>\n<p><span style=\"font-weight: 400\">Come ogni variet\u00e0 di cannabis potente, pu\u00f2 causare secchezza delle fauci e degli occhi e, in chi non \u00e8 abituato, sentimenti di ansia o paranoia.<\/span><\/p>\n<h3><span style=\"font-weight: 400\">Quali precauzioni bisogna prendere quando si coltiva la Auto Forbidden Fruit Cake all'aperto?<\/span><\/h3>\n<p><span style=\"font-weight: 400\">Proteggere le piante da parassiti, malattie e condizioni climatiche estreme \u00e8 essenziale per garantire il successo del raccolto. D'altra parte, anche la creazione di pali di sostegno \u00e8 una buona idea per aumentare le rese.<\/span><\/p>","protected":false},"excerpt":{"rendered":"<p>-<\/p>","protected":false},"featured_media":19805,"comment_status":"open","ping_status":"closed","template":"","meta":{"_acf_changed":false},"product_brand":[],"product_cat":[70],"product_tag":[],"class_list":{"0":"post-13695","1":"product","2":"type-product","3":"status-publish","4":"has-post-thumbnail","6":"product_cat-automaticas","8":"first","9":"instock","10":"taxable","11":"shipping-taxable","12":"purchasable","13":"product-type-variable"},"acf":[],"yoast_head":"<!-- This site is optimized with the Yoast SEO Premium plugin v26.3 (Yoast SEO v26.6) - https:\/\/yoast.com\/wordpress\/plugins\/seo\/ -->\n<title>Auto Forbidden Fruit Cake - Advanced Seeds<\/title>\n<meta name=\"robots\" content=\"index, follow, max-snippet:-1, max-image-preview:large, max-video-preview:-1\" \/>\n<link rel=\"canonical\" href=\"https:\/\/advancedseeds.com\/it\/tienda\/automaticas\/auto-forbidden-fruit-cake\/\" \/>\n<meta property=\"og:locale\" content=\"it_IT\" \/>\n<meta property=\"og:type\" content=\"article\" \/>\n<meta property=\"og:title\" content=\"Auto Forbidden Fruit Cake\" \/>\n<meta property=\"og:description\" content=\"-\" \/>\n<meta property=\"og:url\" content=\"https:\/\/advancedseeds.com\/it\/tienda\/automaticas\/auto-forbidden-fruit-cake\/\" \/>\n<meta property=\"og:site_name\" content=\"Advanced Seeds\" \/>\n<meta property=\"article:modified_time\" content=\"2025-03-22T17:17:11+00:00\" \/>\n<meta property=\"og:image\" content=\"https:\/\/advancedseeds.com\/web\/wp-content\/uploads\/2024\/02\/auto-forbidden-fruit-cake-scaled.jpg\" \/>\n\t<meta property=\"og:image:width\" content=\"1706\" \/>\n\t<meta property=\"og:image:height\" content=\"2560\" \/>\n\t<meta property=\"og:image:type\" content=\"image\/jpeg\" \/>\n<meta name=\"twitter:card\" content=\"summary_large_image\" \/>\n<meta name=\"twitter:label1\" content=\"Tempo di lettura stimato\" \/>\n\t<meta name=\"twitter:data1\" content=\"5 minuti\" \/>\n<script type=\"application\/ld+json\" class=\"yoast-schema-graph\">{\"@context\":\"https:\/\/schema.org\",\"@graph\":[{\"@type\":\"WebPage\",\"@id\":\"https:\/\/advancedseeds.com\/tienda\/automaticas\/auto-forbidden-fruit-cake\/\",\"url\":\"https:\/\/advancedseeds.com\/tienda\/automaticas\/auto-forbidden-fruit-cake\/\",\"name\":\"Auto Forbidden Fruit Cake - Advanced Seeds\",\"isPartOf\":{\"@id\":\"https:\/\/advancedseeds.com\/#website\"},\"primaryImageOfPage\":{\"@id\":\"https:\/\/advancedseeds.com\/tienda\/automaticas\/auto-forbidden-fruit-cake\/#primaryimage\"},\"image\":{\"@id\":\"https:\/\/advancedseeds.com\/tienda\/automaticas\/auto-forbidden-fruit-cake\/#primaryimage\"},\"thumbnailUrl\":\"https:\/\/advancedseeds.com\/web\/wp-content\/uploads\/2024\/02\/auto-forbidden-fruit-cake-scaled.jpg\",\"datePublished\":\"2024-02-22T11:30:55+00:00\",\"dateModified\":\"2025-03-22T17:17:11+00:00\",\"breadcrumb\":{\"@id\":\"https:\/\/advancedseeds.com\/tienda\/automaticas\/auto-forbidden-fruit-cake\/#breadcrumb\"},\"inLanguage\":\"it-IT\",\"potentialAction\":[{\"@type\":\"ReadAction\",\"target\":[\"https:\/\/advancedseeds.com\/tienda\/automaticas\/auto-forbidden-fruit-cake\/\"]}]},{\"@type\":\"ImageObject\",\"inLanguage\":\"it-IT\",\"@id\":\"https:\/\/advancedseeds.com\/tienda\/automaticas\/auto-forbidden-fruit-cake\/#primaryimage\",\"url\":\"https:\/\/advancedseeds.com\/web\/wp-content\/uploads\/2024\/02\/auto-forbidden-fruit-cake-scaled.jpg\",\"contentUrl\":\"https:\/\/advancedseeds.com\/web\/wp-content\/uploads\/2024\/02\/auto-forbidden-fruit-cake-scaled.jpg\",\"width\":1706,\"height\":2560},{\"@type\":\"BreadcrumbList\",\"@id\":\"https:\/\/advancedseeds.com\/tienda\/automaticas\/auto-forbidden-fruit-cake\/#breadcrumb\",\"itemListElement\":[{\"@type\":\"ListItem\",\"position\":1,\"name\":\"Home\",\"item\":\"https:\/\/advancedseeds.com\/\"},{\"@type\":\"ListItem\",\"position\":2,\"name\":\"Tienda\",\"item\":\"https:\/\/advancedseeds.com\/\"},{\"@type\":\"ListItem\",\"position\":3,\"name\":\"Auto Forbidden Fruit Cake\"}]},{\"@type\":\"WebSite\",\"@id\":\"https:\/\/advancedseeds.com\/#website\",\"url\":\"https:\/\/advancedseeds.com\/\",\"name\":\"Advanced Seeds\",\"description\":\"Gen\u00e9ticas Avanzadas en semillas feminizadas y autom\u00e1ticas.\",\"publisher\":{\"@id\":\"https:\/\/advancedseeds.com\/#organization\"},\"potentialAction\":[{\"@type\":\"SearchAction\",\"target\":{\"@type\":\"EntryPoint\",\"urlTemplate\":\"https:\/\/advancedseeds.com\/?s={search_term_string}\"},\"query-input\":{\"@type\":\"PropertyValueSpecification\",\"valueRequired\":true,\"valueName\":\"search_term_string\"}}],\"inLanguage\":\"it-IT\"},{\"@type\":\"Organization\",\"@id\":\"https:\/\/advancedseeds.com\/#organization\",\"name\":\"Advanced Seeds\",\"url\":\"https:\/\/advancedseeds.com\/\",\"logo\":{\"@type\":\"ImageObject\",\"inLanguage\":\"it-IT\",\"@id\":\"https:\/\/advancedseeds.com\/#\/schema\/logo\/image\/\",\"url\":\"https:\/\/advancedseeds.com\/web\/wp-content\/uploads\/2021\/01\/logo-advanced.jpg\",\"contentUrl\":\"https:\/\/advancedseeds.com\/web\/wp-content\/uploads\/2021\/01\/logo-advanced.jpg\",\"width\":600,\"height\":600,\"caption\":\"Advanced Seeds\"},\"image\":{\"@id\":\"https:\/\/advancedseeds.com\/#\/schema\/logo\/image\/\"}}]}<\/script>\n<!-- \/ Yoast SEO Premium plugin. -->","yoast_head_json":{"title":"Auto Forbidden Fruit Cake - Advanced Seeds","robots":{"index":"index","follow":"follow","max-snippet":"max-snippet:-1","max-image-preview":"max-image-preview:large","max-video-preview":"max-video-preview:-1"},"canonical":"https:\/\/advancedseeds.com\/it\/tienda\/automaticas\/auto-forbidden-fruit-cake\/","og_locale":"it_IT","og_type":"article","og_title":"Auto Forbidden Fruit Cake","og_description":"-","og_url":"https:\/\/advancedseeds.com\/it\/tienda\/automaticas\/auto-forbidden-fruit-cake\/","og_site_name":"Advanced Seeds","article_modified_time":"2025-03-22T17:17:11+00:00","og_image":[{"width":1706,"height":2560,"url":"https:\/\/advancedseeds.com\/web\/wp-content\/uploads\/2024\/02\/auto-forbidden-fruit-cake-scaled.jpg","type":"image\/jpeg"}],"twitter_card":"summary_large_image","twitter_misc":{"Tempo di lettura stimato":"5 minuti"},"schema":{"@context":"https:\/\/schema.org","@graph":[{"@type":"WebPage","@id":"https:\/\/advancedseeds.com\/tienda\/automaticas\/auto-forbidden-fruit-cake\/","url":"https:\/\/advancedseeds.com\/tienda\/automaticas\/auto-forbidden-fruit-cake\/","name":"Auto Forbidden Fruit Cake - Advanced Seeds","isPartOf":{"@id":"https:\/\/advancedseeds.com\/#website"},"primaryImageOfPage":{"@id":"https:\/\/advancedseeds.com\/tienda\/automaticas\/auto-forbidden-fruit-cake\/#primaryimage"},"image":{"@id":"https:\/\/advancedseeds.com\/tienda\/automaticas\/auto-forbidden-fruit-cake\/#primaryimage"},"thumbnailUrl":"https:\/\/advancedseeds.com\/web\/wp-content\/uploads\/2024\/02\/auto-forbidden-fruit-cake-scaled.jpg","datePublished":"2024-02-22T11:30:55+00:00","dateModified":"2025-03-22T17:17:11+00:00","breadcrumb":{"@id":"https:\/\/advancedseeds.com\/tienda\/automaticas\/auto-forbidden-fruit-cake\/#breadcrumb"},"inLanguage":"it-IT","potentialAction":[{"@type":"ReadAction","target":["https:\/\/advancedseeds.com\/tienda\/automaticas\/auto-forbidden-fruit-cake\/"]}]},{"@type":"ImageObject","inLanguage":"it-IT","@id":"https:\/\/advancedseeds.com\/tienda\/automaticas\/auto-forbidden-fruit-cake\/#primaryimage","url":"https:\/\/advancedseeds.com\/web\/wp-content\/uploads\/2024\/02\/auto-forbidden-fruit-cake-scaled.jpg","contentUrl":"https:\/\/advancedseeds.com\/web\/wp-content\/uploads\/2024\/02\/auto-forbidden-fruit-cake-scaled.jpg","width":1706,"height":2560},{"@type":"BreadcrumbList","@id":"https:\/\/advancedseeds.com\/tienda\/automaticas\/auto-forbidden-fruit-cake\/#breadcrumb","itemListElement":[{"@type":"ListItem","position":1,"name":"Home","item":"https:\/\/advancedseeds.com\/"},{"@type":"ListItem","position":2,"name":"Tienda","item":"https:\/\/advancedseeds.com\/"},{"@type":"ListItem","position":3,"name":"Auto Forbidden Fruit Cake"}]},{"@type":"WebSite","@id":"https:\/\/advancedseeds.com\/#website","url":"https:\/\/advancedseeds.com\/","name":"Semi avanzati","description":"Genetica avanzata in semi femminizzati e automatici.","publisher":{"@id":"https:\/\/advancedseeds.com\/#organization"},"potentialAction":[{"@type":"SearchAction","target":{"@type":"EntryPoint","urlTemplate":"https:\/\/advancedseeds.com\/?s={search_term_string}"},"query-input":{"@type":"PropertyValueSpecification","valueRequired":true,"valueName":"search_term_string"}}],"inLanguage":"it-IT"},{"@type":"Organization","@id":"https:\/\/advancedseeds.com\/#organization","name":"Semi avanzati","url":"https:\/\/advancedseeds.com\/","logo":{"@type":"ImageObject","inLanguage":"it-IT","@id":"https:\/\/advancedseeds.com\/#\/schema\/logo\/image\/","url":"https:\/\/advancedseeds.com\/web\/wp-content\/uploads\/2021\/01\/logo-advanced.jpg","contentUrl":"https:\/\/advancedseeds.com\/web\/wp-content\/uploads\/2021\/01\/logo-advanced.jpg","width":600,"height":600,"caption":"Advanced Seeds"},"image":{"@id":"https:\/\/advancedseeds.com\/#\/schema\/logo\/image\/"}}]}},"_links":{"self":[{"href":"https:\/\/advancedseeds.com\/it\/wp-json\/wp\/v2\/product\/13695","targetHints":{"allow":["GET"]}}],"collection":[{"href":"https:\/\/advancedseeds.com\/it\/wp-json\/wp\/v2\/product"}],"about":[{"href":"https:\/\/advancedseeds.com\/it\/wp-json\/wp\/v2\/types\/product"}],"replies":[{"embeddable":true,"href":"https:\/\/advancedseeds.com\/it\/wp-json\/wp\/v2\/comments?post=13695"}],"wp:featuredmedia":[{"embeddable":true,"href":"https:\/\/advancedseeds.com\/it\/wp-json\/wp\/v2\/media\/19805"}],"wp:attachment":[{"href":"https:\/\/advancedseeds.com\/it\/wp-json\/wp\/v2\/media?parent=13695"}],"wp:term":[{"taxonomy":"product_brand","embeddable":true,"href":"https:\/\/advancedseeds.com\/it\/wp-json\/wp\/v2\/product_brand?post=13695"},{"taxonomy":"product_cat","embeddable":true,"href":"https:\/\/advancedseeds.com\/it\/wp-json\/wp\/v2\/product_cat?post=13695"},{"taxonomy":"product_tag","embeddable":true,"href":"https:\/\/advancedseeds.com\/it\/wp-json\/wp\/v2\/product_tag?post=13695"}],"curies":[{"name":"wp","href":"https:\/\/api.w.org\/{rel}","templated":true}]}}