{"id":13696,"date":"2024-02-22T12:30:55","date_gmt":"2024-02-22T11:30:55","guid":{"rendered":"https:\/\/advancedseeds.com\/web\/?post_type=product&#038;p=13696"},"modified":"2025-03-22T18:30:00","modified_gmt":"2025-03-22T17:30:00","slug":"critical-lemon-fast-fem-advanced-seeds","status":"publish","type":"product","link":"https:\/\/advancedseeds.com\/it\/tienda\/feminizadas\/critical-lemon-fast-fem-advanced-seeds\/","title":{"rendered":"Limone Critico Veloce"},"content":{"rendered":"<p><b>Critical Lemon Fast di Advanced Seeds sono <\/b><a href=\"https:\/\/advancedseeds.com\/web\/categoria-producto\/fast\/\"><b>Semi femminizzati veloci<\/b><\/a><b> fioritura<\/b> <b>ultraveloce <\/b><span style=\"font-weight: 400\">che combinano il meglio di due mondi: potenza e velocit\u00e0. Questo ibrido a predominanza indica rappresenta la versione veloce della Critical Lemon e si distingue per il suo THC di 21% e un tempo di fioritura di soli 50\/55 giorni. Perfetta per i coltivatori che cercano la velocit\u00e0 senza sacrificare il sapore e la potenza.<\/span><\/p>\n<h2><span style=\"font-weight: 400\">Qual \u00e8 la genetica di questi semi?<\/span><\/h2>\n<p><span style=\"font-weight: 400\">I semi di Critical Lemon Fast di Advanced Seeds sono il risultato di un'innovativa <\/span><b>incrocio tra <\/b><a href=\"https:\/\/advancedseeds.com\/web\/producto\/critical-lemon\/\"><b>Limone critico<\/b><\/a><b> e una variet\u00e0 autofiorente di genetica Critical<\/b><span style=\"font-weight: 400\">. Questa combinazione ha creato un ibrido a predominanza indica che conserva tutte le qualit\u00e0 desiderabili dei suoi genitori: la robustezza e la rapida fioritura della Critical, insieme al delizioso aroma e sapore di limone della Critical Lemon.<\/span><\/p>\n<h2><span style=\"font-weight: 400\">Che aspetto hanno le piante Advanced Seeds Critical Lemon Fast?<\/span><\/h2>\n<p><span style=\"font-weight: 400\">In termini di aspetto, la Critical Lemon Fast mostra una struttura imponente, con una morfologia compatta e forte pi\u00f9 tipica delle variet\u00e0 indica. Questa pianta raggiunge un <\/span><b>altezza moderata<\/b><span style=\"font-weight: 400\">\u00c8 ideale per la coltivazione in piccoli spazi al chiuso e per passare inosservata all'aperto. Le sue cime sono molto strette, con un <\/span><b>attraente rivestimento di tricomi che gli conferiscono un aspetto vellutato<\/b><span style=\"font-weight: 400\">. Inoltre, durante la fioritura le cime assumono tonalit\u00e0 bellissime e accattivanti, rendendola non solo una pianta produttiva ma anche di grande impatto visivo.<\/span><\/p>\n<h2><span style=\"font-weight: 400\">Come si coltivano questi semi all'interno e all'esterno?<\/span><\/h2>\n<p><span style=\"font-weight: 400\">La Critical Lemon Fast \u00e8 una variet\u00e0 che si distingue per la sua resistenza in diversi ambienti di coltivazione.<\/span><\/p>\n<h3><span style=\"font-weight: 400\"> Coltivazione indoor:<\/span><\/h3>\n<p><span style=\"font-weight: 400\">Le sue dimensioni ridotte la rendono ideale per la coltivazione in armadio, rispondendo bene a tecniche come lo SCROG e la supercrocificazione. <\/span><b>Si possono prevedere 4-5 settimane di crescita vegetativa.<\/b><span style=\"font-weight: 400\">Durante questo periodo, potare e \"cucire\" la rete SCROG, fino a coprire la maggior parte dei fori, <\/span><b>a quel punto \u00e8 possibile modificare il fotoperiodo<\/b><span style=\"font-weight: 400\"> alla fioritura.<\/span><\/p>\n<h3><span style=\"font-weight: 400\">Coltivazione all'aperto: <\/span><\/h3>\n<p><span style=\"font-weight: 400\">Mostra un <\/span><b>crescita vigorosa come poche altre<\/b><span style=\"font-weight: 400\">Si adattano bene a diverse condizioni climatiche e fioriscono rapidamente in qualsiasi ambiente. Si tratta di semi speciali per le regioni con estate breve, in quanto <\/span><b>pu\u00f2 essere raccolto prima dell'arrivo del freddo e delle piogge<\/b><span style=\"font-weight: 400\">. Come per l'indoor, l'ideale \u00e8 potare pi\u00f9 volte durante il periodo vegetativo per ottenere il massimo numero di gemme che si svilupperanno poi in cime grandi.<\/span><\/p>\n<h2><span style=\"font-weight: 400\">Quando vengono raccolti i semi femminilizzati Critical Lemon Fast di Advanced Seeds?<\/span><\/h2>\n<p><span style=\"font-weight: 400\">Uno dei principali vantaggi della Critical Lemon Fast \u00e8 il suo periodo di fioritura ridotto. Al chiuso, i coltivatori possono aspettarsi un tempo di fioritura rapido di <\/span><b>circa 50-55 giorni<\/b><span style=\"font-weight: 400\">. All'aperto, \u00e8 pronto per la raccolta a <\/span><b>met\u00e0-fine settembre<\/b><span style=\"font-weight: 400\"> nell'emisfero settentrionale. Questa fioritura rapida consente ai coltivatori di sfruttare al meglio le stagioni di crescita e di raccogliere senza problemi climatici.<\/span><\/p>\n<h2><span style=\"font-weight: 400\">Quanto producono questi semi?<\/span><\/h2>\n<p><span style=\"font-weight: 400\">La Critical Lemon Fast non \u00e8 solo veloce, ma anche generosa nella produzione. Al chiuso, i coltivatori possono aspettarsi rese di <\/span><b>tra 500 e 550 gr\/m2<\/b><span style=\"font-weight: 400\">. All'aperto, ogni pianta pu\u00f2 produrre <\/span><b>pi\u00f9 di 500 grammi<\/b><span style=\"font-weight: 400\">Tuttavia, bisogna capire che questo dato \u00e8 molto relativo e dipende da molti fattori.<\/span><\/p>\n<h2><span style=\"font-weight: 400\">Com'\u00e8 l'aroma e il sapore della Critical Lemon Fast di Advanced Seeds?<\/span><\/h2>\n<p><span style=\"font-weight: 400\">Il profilo organolettico dell'Critical Lemon Fast \u00e8 profondamente <\/span><b>agrumato, dolce e fruttato<\/b><span style=\"font-weight: 400\">. Quest'erba si distingue per il suo intenso aroma di limone e pompelmo, ereditato dall'Critical Lemon, completato da un'aromaticit\u00e0 che non \u00e8 mai stata cos\u00ec forte. <\/span><b>sfumature fruttate, floreali e acide<\/b><span style=\"font-weight: 400\"> caratteristica della sua genetica Critical. Quando viene fumata, gli utenti godono di un sapore dominante di limone, con un retrogusto di lunga durata che invita a continuare a godere del suo squisito bouquet.<\/span><\/p>\n<h2><span style=\"font-weight: 400\">Che tipo di effetto ha questa marijuana?<\/span><\/h2>\n<p><span style=\"font-weight: 400\">Con un contenuto di <\/span><b>THC da 21%<\/b><span style=\"font-weight: 400\">La Critical Lemon Fast produce un effetto potente e corposo, caratteristico delle variet\u00e0 a predominanza indica. Produce una sensazione di <\/span><b>rilassamento fisico accompagnato da un lieve impulso cerebrale<\/b><span style=\"font-weight: 400\">\u00c8 ideale per rilassarsi a fine giornata o per alleviare le tensioni quotidiane. Il suo effetto equilibrato la rende adatta sia all'uso ricreativo che medicinale, essendo una scelta popolare per il trattamento di sintomi quali stress, ansia e insonnia.<\/span><\/p>\n<h2><span style=\"font-weight: 400\">Acquistare semi femminilizzati Critical Lemon Fast al miglior prezzo online<\/span><\/h2>\n<p><span style=\"font-weight: 400\">Non pensateci due volte, i semi femminizzati Critical Lemon Fast di Advanced Seeds sono la soluzione che vi serve per la vostra coltivazione. Disponibili per l'acquisto online su Advancedseeds.com, questi semi hanno un ottimo rapporto qualit\u00e0-prezzo e garantiscono ai coltivatori un raccolto abbondante e di alta qualit\u00e0 nel minor tempo possibile.<\/span><\/p>\n<h2><span style=\"font-weight: 400\">Domande frequenti su Critical Lemon<\/span><\/h2>\n<h3><span style=\"font-weight: 400\">L'Critical Lemon Fast \u00e8 adatto ai principianti?<\/span><\/h3>\n<p><span style=\"font-weight: 400\">S\u00ec, grazie alla sua rapida fioritura e alla facilit\u00e0 di coltivazione, \u00e8 ideale per i coltivatori principianti ed esperti.<\/span><\/p>\n<h3><span style=\"font-weight: 400\">Come gestire l'alimentazione dell'Critical Lemon Fast durante il suo ciclo di vita?<\/span><\/h3>\n<p><span style=\"font-weight: 400\">\u00c8 importante adattare l'alimentazione alle esigenze specifiche di ogni fase di crescita, concentrandosi sui macronutrienti durante la fase di fioritura.<\/span><\/p>\n<h3><span style=\"font-weight: 400\">Quali sono gli effetti collaterali dell'assunzione di Critical Lemon Fast?<\/span><\/h3>\n<p><span style=\"font-weight: 400\">Pu\u00f2 causare secchezza delle fauci e degli occhi e, a dosi elevate, sentimenti di ansia o paranoia in chi non \u00e8 abituato alla sua potenza.<\/span><\/p>\n<h3><span style=\"font-weight: 400\">Come influiscono le condizioni climatiche sulla coltivazione dell'Critical Lemon Fast?<\/span><\/h3>\n<p><span style=\"font-weight: 400\">La Critical Lemon Fast \u00e8 resistente, ma un clima mite e stabile \u00e8 ideale per uno sviluppo ottimale.<\/span><\/p>\n<h3><span style=\"font-weight: 400\">Quando \u00e8 meglio piantare la Critical Lemon Fast all'aperto?<\/span><\/h3>\n<p><span style=\"font-weight: 400\">Bisogna capire che inizia a fiorire prima rispetto alla versione normale, quindi anche i semi devono essere germinati prima se l'intenzione \u00e8 quella di crescere il pi\u00f9 possibile.<\/span><\/p>","protected":false},"excerpt":{"rendered":"<p><span style=\"font-weight: 400\">Scopri Critical Lemon Fast e compra semi al miglior prezzo, indica veloce con 21% THC. Sapore di agrumi, raccolto veloce.<\/span><\/p>","protected":false},"featured_media":19804,"comment_status":"open","ping_status":"closed","template":"","meta":{"_acf_changed":false},"product_brand":[],"product_cat":[69],"product_tag":[],"class_list":{"0":"post-13696","1":"product","2":"type-product","3":"status-publish","4":"has-post-thumbnail","6":"product_cat-feminizadas","8":"first","9":"instock","10":"taxable","11":"shipping-taxable","12":"purchasable","13":"product-type-variable"},"acf":[],"yoast_head":"<!-- This site is optimized with the Yoast SEO Premium plugin v26.3 (Yoast SEO v26.6) - https:\/\/yoast.com\/wordpress\/plugins\/seo\/ -->\n<title>Critical Lemon Fast - Advanced Seeds<\/title>\n<meta name=\"robots\" content=\"index, follow, max-snippet:-1, max-image-preview:large, max-video-preview:-1\" \/>\n<link rel=\"canonical\" href=\"https:\/\/advancedseeds.com\/it\/tienda\/feminizadas\/critical-lemon-fast-fem-advanced-seeds\/\" \/>\n<meta property=\"og:locale\" content=\"it_IT\" \/>\n<meta property=\"og:type\" content=\"article\" \/>\n<meta property=\"og:title\" content=\"Critical Lemon Fast\" \/>\n<meta property=\"og:description\" content=\"Descubre Critical Lemon Fast y compra las semillas al mejor precio, \u00edndica r\u00e1pida con 21% THC. Sabor c\u00edtrico, cosecha veloz.\" \/>\n<meta property=\"og:url\" content=\"https:\/\/advancedseeds.com\/it\/tienda\/feminizadas\/critical-lemon-fast-fem-advanced-seeds\/\" \/>\n<meta property=\"og:site_name\" content=\"Advanced Seeds\" \/>\n<meta property=\"article:modified_time\" content=\"2025-03-22T17:30:00+00:00\" \/>\n<meta property=\"og:image\" content=\"https:\/\/advancedseeds.com\/web\/wp-content\/uploads\/2024\/02\/Critical-Lemon-Fast.jpg\" \/>\n\t<meta property=\"og:image:width\" content=\"1644\" \/>\n\t<meta property=\"og:image:height\" content=\"2466\" \/>\n\t<meta property=\"og:image:type\" content=\"image\/jpeg\" \/>\n<meta name=\"twitter:card\" content=\"summary_large_image\" \/>\n<meta name=\"twitter:label1\" content=\"Tempo di lettura stimato\" \/>\n\t<meta name=\"twitter:data1\" content=\"5 minuti\" \/>\n<script type=\"application\/ld+json\" class=\"yoast-schema-graph\">{\"@context\":\"https:\/\/schema.org\",\"@graph\":[{\"@type\":\"WebPage\",\"@id\":\"https:\/\/advancedseeds.com\/tienda\/feminizadas\/critical-lemon-fast-fem-advanced-seeds\/\",\"url\":\"https:\/\/advancedseeds.com\/tienda\/feminizadas\/critical-lemon-fast-fem-advanced-seeds\/\",\"name\":\"Critical Lemon Fast - Advanced Seeds\",\"isPartOf\":{\"@id\":\"https:\/\/advancedseeds.com\/#website\"},\"primaryImageOfPage\":{\"@id\":\"https:\/\/advancedseeds.com\/tienda\/feminizadas\/critical-lemon-fast-fem-advanced-seeds\/#primaryimage\"},\"image\":{\"@id\":\"https:\/\/advancedseeds.com\/tienda\/feminizadas\/critical-lemon-fast-fem-advanced-seeds\/#primaryimage\"},\"thumbnailUrl\":\"https:\/\/advancedseeds.com\/web\/wp-content\/uploads\/2024\/02\/Critical-Lemon-Fast.jpg\",\"datePublished\":\"2024-02-22T11:30:55+00:00\",\"dateModified\":\"2025-03-22T17:30:00+00:00\",\"breadcrumb\":{\"@id\":\"https:\/\/advancedseeds.com\/tienda\/feminizadas\/critical-lemon-fast-fem-advanced-seeds\/#breadcrumb\"},\"inLanguage\":\"it-IT\",\"potentialAction\":[{\"@type\":\"ReadAction\",\"target\":[\"https:\/\/advancedseeds.com\/tienda\/feminizadas\/critical-lemon-fast-fem-advanced-seeds\/\"]}]},{\"@type\":\"ImageObject\",\"inLanguage\":\"it-IT\",\"@id\":\"https:\/\/advancedseeds.com\/tienda\/feminizadas\/critical-lemon-fast-fem-advanced-seeds\/#primaryimage\",\"url\":\"https:\/\/advancedseeds.com\/web\/wp-content\/uploads\/2024\/02\/Critical-Lemon-Fast.jpg\",\"contentUrl\":\"https:\/\/advancedseeds.com\/web\/wp-content\/uploads\/2024\/02\/Critical-Lemon-Fast.jpg\",\"width\":1644,\"height\":2466},{\"@type\":\"BreadcrumbList\",\"@id\":\"https:\/\/advancedseeds.com\/tienda\/feminizadas\/critical-lemon-fast-fem-advanced-seeds\/#breadcrumb\",\"itemListElement\":[{\"@type\":\"ListItem\",\"position\":1,\"name\":\"Home\",\"item\":\"https:\/\/advancedseeds.com\/\"},{\"@type\":\"ListItem\",\"position\":2,\"name\":\"Tienda\",\"item\":\"https:\/\/advancedseeds.com\/\"},{\"@type\":\"ListItem\",\"position\":3,\"name\":\"Critical Lemon Fast\"}]},{\"@type\":\"WebSite\",\"@id\":\"https:\/\/advancedseeds.com\/#website\",\"url\":\"https:\/\/advancedseeds.com\/\",\"name\":\"Advanced Seeds\",\"description\":\"Gen\u00e9ticas Avanzadas en semillas feminizadas y autom\u00e1ticas.\",\"publisher\":{\"@id\":\"https:\/\/advancedseeds.com\/#organization\"},\"potentialAction\":[{\"@type\":\"SearchAction\",\"target\":{\"@type\":\"EntryPoint\",\"urlTemplate\":\"https:\/\/advancedseeds.com\/?s={search_term_string}\"},\"query-input\":{\"@type\":\"PropertyValueSpecification\",\"valueRequired\":true,\"valueName\":\"search_term_string\"}}],\"inLanguage\":\"it-IT\"},{\"@type\":\"Organization\",\"@id\":\"https:\/\/advancedseeds.com\/#organization\",\"name\":\"Advanced Seeds\",\"url\":\"https:\/\/advancedseeds.com\/\",\"logo\":{\"@type\":\"ImageObject\",\"inLanguage\":\"it-IT\",\"@id\":\"https:\/\/advancedseeds.com\/#\/schema\/logo\/image\/\",\"url\":\"https:\/\/advancedseeds.com\/web\/wp-content\/uploads\/2021\/01\/logo-advanced.jpg\",\"contentUrl\":\"https:\/\/advancedseeds.com\/web\/wp-content\/uploads\/2021\/01\/logo-advanced.jpg\",\"width\":600,\"height\":600,\"caption\":\"Advanced Seeds\"},\"image\":{\"@id\":\"https:\/\/advancedseeds.com\/#\/schema\/logo\/image\/\"}}]}<\/script>\n<!-- \/ Yoast SEO Premium plugin. -->","yoast_head_json":{"title":"Critical Lemon Fast - Advanced Seeds","robots":{"index":"index","follow":"follow","max-snippet":"max-snippet:-1","max-image-preview":"max-image-preview:large","max-video-preview":"max-video-preview:-1"},"canonical":"https:\/\/advancedseeds.com\/it\/tienda\/feminizadas\/critical-lemon-fast-fem-advanced-seeds\/","og_locale":"it_IT","og_type":"article","og_title":"Critical Lemon Fast","og_description":"Descubre Critical Lemon Fast y compra las semillas al mejor precio, \u00edndica r\u00e1pida con 21% THC. Sabor c\u00edtrico, cosecha veloz.","og_url":"https:\/\/advancedseeds.com\/it\/tienda\/feminizadas\/critical-lemon-fast-fem-advanced-seeds\/","og_site_name":"Advanced Seeds","article_modified_time":"2025-03-22T17:30:00+00:00","og_image":[{"width":1644,"height":2466,"url":"https:\/\/advancedseeds.com\/web\/wp-content\/uploads\/2024\/02\/Critical-Lemon-Fast.jpg","type":"image\/jpeg"}],"twitter_card":"summary_large_image","twitter_misc":{"Tempo di lettura stimato":"5 minuti"},"schema":{"@context":"https:\/\/schema.org","@graph":[{"@type":"WebPage","@id":"https:\/\/advancedseeds.com\/tienda\/feminizadas\/critical-lemon-fast-fem-advanced-seeds\/","url":"https:\/\/advancedseeds.com\/tienda\/feminizadas\/critical-lemon-fast-fem-advanced-seeds\/","name":"Critical Lemon Fast - Advanced Seeds","isPartOf":{"@id":"https:\/\/advancedseeds.com\/#website"},"primaryImageOfPage":{"@id":"https:\/\/advancedseeds.com\/tienda\/feminizadas\/critical-lemon-fast-fem-advanced-seeds\/#primaryimage"},"image":{"@id":"https:\/\/advancedseeds.com\/tienda\/feminizadas\/critical-lemon-fast-fem-advanced-seeds\/#primaryimage"},"thumbnailUrl":"https:\/\/advancedseeds.com\/web\/wp-content\/uploads\/2024\/02\/Critical-Lemon-Fast.jpg","datePublished":"2024-02-22T11:30:55+00:00","dateModified":"2025-03-22T17:30:00+00:00","breadcrumb":{"@id":"https:\/\/advancedseeds.com\/tienda\/feminizadas\/critical-lemon-fast-fem-advanced-seeds\/#breadcrumb"},"inLanguage":"it-IT","potentialAction":[{"@type":"ReadAction","target":["https:\/\/advancedseeds.com\/tienda\/feminizadas\/critical-lemon-fast-fem-advanced-seeds\/"]}]},{"@type":"ImageObject","inLanguage":"it-IT","@id":"https:\/\/advancedseeds.com\/tienda\/feminizadas\/critical-lemon-fast-fem-advanced-seeds\/#primaryimage","url":"https:\/\/advancedseeds.com\/web\/wp-content\/uploads\/2024\/02\/Critical-Lemon-Fast.jpg","contentUrl":"https:\/\/advancedseeds.com\/web\/wp-content\/uploads\/2024\/02\/Critical-Lemon-Fast.jpg","width":1644,"height":2466},{"@type":"BreadcrumbList","@id":"https:\/\/advancedseeds.com\/tienda\/feminizadas\/critical-lemon-fast-fem-advanced-seeds\/#breadcrumb","itemListElement":[{"@type":"ListItem","position":1,"name":"Home","item":"https:\/\/advancedseeds.com\/"},{"@type":"ListItem","position":2,"name":"Tienda","item":"https:\/\/advancedseeds.com\/"},{"@type":"ListItem","position":3,"name":"Critical Lemon Fast"}]},{"@type":"WebSite","@id":"https:\/\/advancedseeds.com\/#website","url":"https:\/\/advancedseeds.com\/","name":"Semi avanzati","description":"Genetica avanzata in semi femminizzati e automatici.","publisher":{"@id":"https:\/\/advancedseeds.com\/#organization"},"potentialAction":[{"@type":"SearchAction","target":{"@type":"EntryPoint","urlTemplate":"https:\/\/advancedseeds.com\/?s={search_term_string}"},"query-input":{"@type":"PropertyValueSpecification","valueRequired":true,"valueName":"search_term_string"}}],"inLanguage":"it-IT"},{"@type":"Organization","@id":"https:\/\/advancedseeds.com\/#organization","name":"Semi avanzati","url":"https:\/\/advancedseeds.com\/","logo":{"@type":"ImageObject","inLanguage":"it-IT","@id":"https:\/\/advancedseeds.com\/#\/schema\/logo\/image\/","url":"https:\/\/advancedseeds.com\/web\/wp-content\/uploads\/2021\/01\/logo-advanced.jpg","contentUrl":"https:\/\/advancedseeds.com\/web\/wp-content\/uploads\/2021\/01\/logo-advanced.jpg","width":600,"height":600,"caption":"Advanced Seeds"},"image":{"@id":"https:\/\/advancedseeds.com\/#\/schema\/logo\/image\/"}}]}},"_links":{"self":[{"href":"https:\/\/advancedseeds.com\/it\/wp-json\/wp\/v2\/product\/13696","targetHints":{"allow":["GET"]}}],"collection":[{"href":"https:\/\/advancedseeds.com\/it\/wp-json\/wp\/v2\/product"}],"about":[{"href":"https:\/\/advancedseeds.com\/it\/wp-json\/wp\/v2\/types\/product"}],"replies":[{"embeddable":true,"href":"https:\/\/advancedseeds.com\/it\/wp-json\/wp\/v2\/comments?post=13696"}],"wp:featuredmedia":[{"embeddable":true,"href":"https:\/\/advancedseeds.com\/it\/wp-json\/wp\/v2\/media\/19804"}],"wp:attachment":[{"href":"https:\/\/advancedseeds.com\/it\/wp-json\/wp\/v2\/media?parent=13696"}],"wp:term":[{"taxonomy":"product_brand","embeddable":true,"href":"https:\/\/advancedseeds.com\/it\/wp-json\/wp\/v2\/product_brand?post=13696"},{"taxonomy":"product_cat","embeddable":true,"href":"https:\/\/advancedseeds.com\/it\/wp-json\/wp\/v2\/product_cat?post=13696"},{"taxonomy":"product_tag","embeddable":true,"href":"https:\/\/advancedseeds.com\/it\/wp-json\/wp\/v2\/product_tag?post=13696"}],"curies":[{"name":"wp","href":"https:\/\/api.w.org\/{rel}","templated":true}]}}