{"id":13697,"date":"2024-02-22T12:30:56","date_gmt":"2024-02-22T11:30:56","guid":{"rendered":"https:\/\/advancedseeds.com\/web\/?post_type=product&#038;p=13697"},"modified":"2025-03-22T16:35:58","modified_gmt":"2025-03-22T15:35:58","slug":"lemon-bean","status":"publish","type":"product","link":"https:\/\/advancedseeds.com\/it\/tienda\/feminizadas\/lemon-bean\/","title":{"rendered":"Fagiolo al limone"},"content":{"rendered":"<p>Siete alla ricerca di una variet\u00e0 di cannabis dal gusto straordinario? La <a href=\"https:\/\/advancedseeds.com\/web\/\"><b>semi di marijuana<\/b><\/a><b> Lemon Bean di Advanced Seeds<\/b> sono una festa per i sensi. Questo ibrido equilibrato brilla con 22% di THC e propriet\u00e0 organolettiche non facilmente riscontrabili. Preparatevi a un'esperienza rinvigorente e rinfrescante, perfetta per gli intenditori di cannabis pi\u00f9 avanzati.<\/p>\n<h2>Qual \u00e8 la genetica di questi semi femminizzati?<\/h2>\n<p>I semi di Lemon Bean di Advanced Seeds sono la <b>risultato di un incrocio tra Lemon Tree e Eddy Lepp<\/b>Questo le conferisce una genetica molto completa che include tra i suoi antenati ceppi come Sour Diesel, Lemon Skunk o Grandaddy Purple, tra gli altri. Questa combinazione genetica crea una variet\u00e0 unica che eredita la freschezza e il vigore agrumato della Lemon Tree, insieme alla potenza e alla complessit\u00e0 della Eddy Lepp. Questa miscela si traduce in una pianta con un equilibrio ideale tra un high edificante e un profilo aromatico rinfrescante.<\/p>\n<h2>Che aspetto ha Lemon Bean?<\/h2>\n<p>L'aspetto della Lemon Bean riflette chiaramente il suo patrimonio. Le piante crescono con un <b>struttura aperta e ramificata, pi\u00f9 tipica delle sative<\/b>Le foglie sono lunghe e sottili, di colore verde lime intenso. Le foglie sono lunghe e sottili, di colore verde lime intenso. Con l'avvicinarsi della fioritura, i boccioli diventano <b>compatta e lucida<\/b>con un pronunciato aroma di agrumi. Queste cime sono visivamente molto attraenti, con una generosa copertura di tricomi che danno un'indicazione della loro potenza e qualit\u00e0.<\/p>\n<h2>Come si coltivano questi semi all'interno e all'esterno?<\/h2>\n<p>Lemon Bean \u00e8 una variet\u00e0 che si adatta bene sia all'interno che all'esterno.<\/p>\n<h3>Coltivazione indoor:<\/h3>\n<p>La sua struttura modellabile e adattabile facilita la coltivazione, a patto che gli venga data una <b>tempo di crescita vegetativa moderato<\/b>e trae grande beneficio da tecniche come SCROG o LST per ottimizzare lo spazio e l'esposizione alla luce.<\/p>\n<h3>Coltivazione all'aperto:<\/h3>\n<p>La Lemon Bean d\u00e0 il meglio di s\u00e9 in climi temperati come quello mediterraneo, crescendo vigorosamente se non le mancano cibo e luce. La sua natura fotoperiodica richiede un'attenzione particolare ai cicli di luce, ma il suo tempo di fioritura veloce la rende una scelta interessante per i coltivatori che cercano un raccolto di alta qualit\u00e0. A causa dei suoi lunghi rami e del fatto che la maggior parte del peso si concentra nelle punte dei rami, \u00e8 <b>interessante mettere i tutor<\/b> in modo che non si rompano a causa del vento, della pioggia o del loro stesso peso.<\/p>\n<h2>Quando vengono raccolti i semi femminilizzati Lemon Bean di Advanced Seeds?<\/h2>\n<p>La fase di fioritura della Lemon Bean \u00e8 relativamente breve per la sua proporzione di sativa, durando <b>tra 55 e 60 giorni<\/b> all'interno. All'aperto, le piante sono pronte per essere raccolte a <b>inizio ottobre<\/b> nell'emisfero settentrionale. Questo periodo di fioritura rapida \u00e8 ideale per i coltivatori che desiderano raccogliere prima dell'arrivo delle piogge autunnali.<\/p>\n<h2>Quanto producono questi semi?<\/h2>\n<p>In termini di resa, la Lemon Bean si distingue per la sua generosit\u00e0 nel creare cime. Al chiuso, i coltivatori possono aspettarsi rese di <b>tra 550 e 600 gr\/m2<\/b>mentre all'aperto ogni pianta pu\u00f2 <b>oltre 800 grammi<\/b>. Questa resa elevata, unita alla qualit\u00e0 delle sue cime e alla sua alta concentrazione di THC, la rende una scelta eccellente per i coltivatori sia commerciali che hobbistici.<\/p>\n<h2>Com'\u00e8 l'aroma e il sapore della Lemon Bean di Advanced Seeds?<\/h2>\n<p>Lemon Bean offre un profilo aromatico e gustativo che \u00e8 una vera delizia sotto ogni punto di vista. Dominato da note di limone e altri <b>agrumi, con sfumature di gasolio<\/b>Questo profilo aromatico \u00e8 tanto rinfrescante quanto stimolante. Il mircene, il suo terpene dominante, aggiunge uno strato di complessit\u00e0 con <b>sfumature erbacee e terrose<\/b>Questo rende ogni boccata un'esperienza unica.<\/p>\n<h2>Che tipo di effetto ha questa marijuana?<\/h2>\n<p>L'effetto della Lemon Bean \u00e8 vibrante come il suo sapore, e questo vi far\u00e0 desiderare di avere sempre a portata di mano una bottiglia di questa variet\u00e0 per consumarne sempre di pi\u00f9. Con un <b>22% di THC<\/b>provoca un <b>effetto energizzante e di concentrazione del cervello<\/b>perfetta per affrontare la vita quotidiana in modo pi\u00f9 motivato. Questa variet\u00e0 \u00e8 particolarmente apprezzata per la sua capacit\u00e0 di stimolare la creativit\u00e0 e fornire una carica di energia, rendendola perfetta per le attivit\u00e0 che richiedono concentrazione o stimolo creativo. Inoltre, le sue propriet\u00e0 la rendono popolare tra i consumatori di medicinali per alleviare i sintomi di ansia, perdita di appetito, stress e depressione.<\/p>\n<p>Se siete alla ricerca di un'esperienza colturale gratificante e di un prodotto finale di qualit\u00e0 eccezionale, i semi femminizzati Lemon Bean di Advanced Seeds sono un'ottima scelta personale per voi. Disponibili online al miglior prezzo, questi semi offrono un eccellente rapporto qualit\u00e0-prezzo, garantendo ai coltivatori il meglio in termini di gusto, effetto e resa. Non perdete l'opportunit\u00e0 di coltivare questa variet\u00e0 eccezionale!<\/p>\n<h2>Domande frequenti su Lemon Bean<\/h2>\n<h3>La Lemon Bean \u00e8 adatta ai coltivatori principianti?<\/h3>\n<p>S\u00ec, \u00e8 una variet\u00e0 maneggevole e resistente, adatta a coltivatori di ogni livello.<\/p>\n<h3>Quali sono le tecniche di coltivazione consigliate per la Lemon Bean?<\/h3>\n<p>Tecniche come lo SCROG o la potatura apicale sono efficaci per migliorare la resa e controllare l'altezza.<\/p>\n<h3>Quali sono gli effetti collaterali dell'assunzione di Lemon Bean?<\/h3>\n<p>Alcuni consumatori possono sperimentare secchezza della bocca o degli occhi a causa del contenuto di THC.<\/p>\n<h3>L'Lemon Bean \u00e8 adatto all'uso terapeutico?<\/h3>\n<p>S\u00ec, grazie al suo effetto energetico e di concentrazione, \u00e8 efficace per vari usi medicinali, in particolare per il trattamento di ansia e stress.<\/p>\n<h3>Qual \u00e8 il profilo terpenico della Lemon Bean?<\/h3>\n<p>Il suo profilo include il mircene, che contribuisce al suo aroma agrumato e all'effetto rilassante.<\/p>\n<h3>In che modo il tempo di raccolta influenza l'effetto dell'Lemon Bean?<\/h3>\n<p>La raccolta al momento giusto massimizza la potenza ed esalta il profilo aromatico.<\/p>\n<h3>Qual \u00e8 il tipo di illuminazione migliore per la Lemon Bean in interni?<\/h3>\n<p>L'illuminazione a LED a spettro completo \u00e8 ideale per promuovere una crescita sana, una maggiore concentrazione di resina e cime dense.<\/p>","protected":false},"excerpt":{"rendered":"<p>-<\/p>","protected":false},"featured_media":19803,"comment_status":"open","ping_status":"closed","template":"","meta":{"_acf_changed":false},"product_brand":[],"product_cat":[69],"product_tag":[],"class_list":{"0":"post-13697","1":"product","2":"type-product","3":"status-publish","4":"has-post-thumbnail","6":"product_cat-feminizadas","8":"first","9":"instock","10":"taxable","11":"shipping-taxable","12":"purchasable","13":"product-type-variable"},"acf":[],"yoast_head":"<!-- This site is optimized with the Yoast SEO Premium plugin v26.3 (Yoast SEO v26.6) - https:\/\/yoast.com\/wordpress\/plugins\/seo\/ -->\n<title>Lemon Bean - Advanced Seeds<\/title>\n<meta name=\"robots\" content=\"index, follow, max-snippet:-1, max-image-preview:large, max-video-preview:-1\" \/>\n<link rel=\"canonical\" href=\"https:\/\/advancedseeds.com\/it\/tienda\/feminizadas\/lemon-bean\/\" \/>\n<meta property=\"og:locale\" content=\"it_IT\" \/>\n<meta property=\"og:type\" content=\"article\" \/>\n<meta property=\"og:title\" content=\"Lemon Bean\" \/>\n<meta property=\"og:description\" content=\"-\" \/>\n<meta property=\"og:url\" content=\"https:\/\/advancedseeds.com\/it\/tienda\/feminizadas\/lemon-bean\/\" \/>\n<meta property=\"og:site_name\" content=\"Advanced Seeds\" \/>\n<meta property=\"article:modified_time\" content=\"2025-03-22T15:35:58+00:00\" \/>\n<meta property=\"og:image\" content=\"https:\/\/advancedseeds.com\/web\/wp-content\/uploads\/2024\/02\/Lemon-Bean.jpg\" \/>\n\t<meta property=\"og:image:width\" content=\"1500\" \/>\n\t<meta property=\"og:image:height\" content=\"2250\" \/>\n\t<meta property=\"og:image:type\" content=\"image\/jpeg\" \/>\n<meta name=\"twitter:card\" content=\"summary_large_image\" \/>\n<meta name=\"twitter:label1\" content=\"Tempo di lettura stimato\" \/>\n\t<meta name=\"twitter:data1\" content=\"5 minuti\" \/>\n<script type=\"application\/ld+json\" class=\"yoast-schema-graph\">{\"@context\":\"https:\/\/schema.org\",\"@graph\":[{\"@type\":\"WebPage\",\"@id\":\"https:\/\/advancedseeds.com\/tienda\/feminizadas\/lemon-bean\/\",\"url\":\"https:\/\/advancedseeds.com\/tienda\/feminizadas\/lemon-bean\/\",\"name\":\"Lemon Bean - Advanced Seeds\",\"isPartOf\":{\"@id\":\"https:\/\/advancedseeds.com\/#website\"},\"primaryImageOfPage\":{\"@id\":\"https:\/\/advancedseeds.com\/tienda\/feminizadas\/lemon-bean\/#primaryimage\"},\"image\":{\"@id\":\"https:\/\/advancedseeds.com\/tienda\/feminizadas\/lemon-bean\/#primaryimage\"},\"thumbnailUrl\":\"https:\/\/advancedseeds.com\/web\/wp-content\/uploads\/2024\/02\/Lemon-Bean.jpg\",\"datePublished\":\"2024-02-22T11:30:56+00:00\",\"dateModified\":\"2025-03-22T15:35:58+00:00\",\"breadcrumb\":{\"@id\":\"https:\/\/advancedseeds.com\/tienda\/feminizadas\/lemon-bean\/#breadcrumb\"},\"inLanguage\":\"it-IT\",\"potentialAction\":[{\"@type\":\"ReadAction\",\"target\":[\"https:\/\/advancedseeds.com\/tienda\/feminizadas\/lemon-bean\/\"]}]},{\"@type\":\"ImageObject\",\"inLanguage\":\"it-IT\",\"@id\":\"https:\/\/advancedseeds.com\/tienda\/feminizadas\/lemon-bean\/#primaryimage\",\"url\":\"https:\/\/advancedseeds.com\/web\/wp-content\/uploads\/2024\/02\/Lemon-Bean.jpg\",\"contentUrl\":\"https:\/\/advancedseeds.com\/web\/wp-content\/uploads\/2024\/02\/Lemon-Bean.jpg\",\"width\":1500,\"height\":2250},{\"@type\":\"BreadcrumbList\",\"@id\":\"https:\/\/advancedseeds.com\/tienda\/feminizadas\/lemon-bean\/#breadcrumb\",\"itemListElement\":[{\"@type\":\"ListItem\",\"position\":1,\"name\":\"Home\",\"item\":\"https:\/\/advancedseeds.com\/\"},{\"@type\":\"ListItem\",\"position\":2,\"name\":\"Tienda\",\"item\":\"https:\/\/advancedseeds.com\/\"},{\"@type\":\"ListItem\",\"position\":3,\"name\":\"Lemon Bean\"}]},{\"@type\":\"WebSite\",\"@id\":\"https:\/\/advancedseeds.com\/#website\",\"url\":\"https:\/\/advancedseeds.com\/\",\"name\":\"Advanced Seeds\",\"description\":\"Gen\u00e9ticas Avanzadas en semillas feminizadas y autom\u00e1ticas.\",\"publisher\":{\"@id\":\"https:\/\/advancedseeds.com\/#organization\"},\"potentialAction\":[{\"@type\":\"SearchAction\",\"target\":{\"@type\":\"EntryPoint\",\"urlTemplate\":\"https:\/\/advancedseeds.com\/?s={search_term_string}\"},\"query-input\":{\"@type\":\"PropertyValueSpecification\",\"valueRequired\":true,\"valueName\":\"search_term_string\"}}],\"inLanguage\":\"it-IT\"},{\"@type\":\"Organization\",\"@id\":\"https:\/\/advancedseeds.com\/#organization\",\"name\":\"Advanced Seeds\",\"url\":\"https:\/\/advancedseeds.com\/\",\"logo\":{\"@type\":\"ImageObject\",\"inLanguage\":\"it-IT\",\"@id\":\"https:\/\/advancedseeds.com\/#\/schema\/logo\/image\/\",\"url\":\"https:\/\/advancedseeds.com\/web\/wp-content\/uploads\/2021\/01\/logo-advanced.jpg\",\"contentUrl\":\"https:\/\/advancedseeds.com\/web\/wp-content\/uploads\/2021\/01\/logo-advanced.jpg\",\"width\":600,\"height\":600,\"caption\":\"Advanced Seeds\"},\"image\":{\"@id\":\"https:\/\/advancedseeds.com\/#\/schema\/logo\/image\/\"}}]}<\/script>\n<!-- \/ Yoast SEO Premium plugin. -->","yoast_head_json":{"title":"Lemon Bean - Advanced Seeds","robots":{"index":"index","follow":"follow","max-snippet":"max-snippet:-1","max-image-preview":"max-image-preview:large","max-video-preview":"max-video-preview:-1"},"canonical":"https:\/\/advancedseeds.com\/it\/tienda\/feminizadas\/lemon-bean\/","og_locale":"it_IT","og_type":"article","og_title":"Lemon Bean","og_description":"-","og_url":"https:\/\/advancedseeds.com\/it\/tienda\/feminizadas\/lemon-bean\/","og_site_name":"Advanced Seeds","article_modified_time":"2025-03-22T15:35:58+00:00","og_image":[{"width":1500,"height":2250,"url":"https:\/\/advancedseeds.com\/web\/wp-content\/uploads\/2024\/02\/Lemon-Bean.jpg","type":"image\/jpeg"}],"twitter_card":"summary_large_image","twitter_misc":{"Tempo di lettura stimato":"5 minuti"},"schema":{"@context":"https:\/\/schema.org","@graph":[{"@type":"WebPage","@id":"https:\/\/advancedseeds.com\/tienda\/feminizadas\/lemon-bean\/","url":"https:\/\/advancedseeds.com\/tienda\/feminizadas\/lemon-bean\/","name":"Lemon Bean - Advanced Seeds","isPartOf":{"@id":"https:\/\/advancedseeds.com\/#website"},"primaryImageOfPage":{"@id":"https:\/\/advancedseeds.com\/tienda\/feminizadas\/lemon-bean\/#primaryimage"},"image":{"@id":"https:\/\/advancedseeds.com\/tienda\/feminizadas\/lemon-bean\/#primaryimage"},"thumbnailUrl":"https:\/\/advancedseeds.com\/web\/wp-content\/uploads\/2024\/02\/Lemon-Bean.jpg","datePublished":"2024-02-22T11:30:56+00:00","dateModified":"2025-03-22T15:35:58+00:00","breadcrumb":{"@id":"https:\/\/advancedseeds.com\/tienda\/feminizadas\/lemon-bean\/#breadcrumb"},"inLanguage":"it-IT","potentialAction":[{"@type":"ReadAction","target":["https:\/\/advancedseeds.com\/tienda\/feminizadas\/lemon-bean\/"]}]},{"@type":"ImageObject","inLanguage":"it-IT","@id":"https:\/\/advancedseeds.com\/tienda\/feminizadas\/lemon-bean\/#primaryimage","url":"https:\/\/advancedseeds.com\/web\/wp-content\/uploads\/2024\/02\/Lemon-Bean.jpg","contentUrl":"https:\/\/advancedseeds.com\/web\/wp-content\/uploads\/2024\/02\/Lemon-Bean.jpg","width":1500,"height":2250},{"@type":"BreadcrumbList","@id":"https:\/\/advancedseeds.com\/tienda\/feminizadas\/lemon-bean\/#breadcrumb","itemListElement":[{"@type":"ListItem","position":1,"name":"Home","item":"https:\/\/advancedseeds.com\/"},{"@type":"ListItem","position":2,"name":"Tienda","item":"https:\/\/advancedseeds.com\/"},{"@type":"ListItem","position":3,"name":"Lemon Bean"}]},{"@type":"WebSite","@id":"https:\/\/advancedseeds.com\/#website","url":"https:\/\/advancedseeds.com\/","name":"Semi avanzati","description":"Genetica avanzata in semi femminizzati e automatici.","publisher":{"@id":"https:\/\/advancedseeds.com\/#organization"},"potentialAction":[{"@type":"SearchAction","target":{"@type":"EntryPoint","urlTemplate":"https:\/\/advancedseeds.com\/?s={search_term_string}"},"query-input":{"@type":"PropertyValueSpecification","valueRequired":true,"valueName":"search_term_string"}}],"inLanguage":"it-IT"},{"@type":"Organization","@id":"https:\/\/advancedseeds.com\/#organization","name":"Semi avanzati","url":"https:\/\/advancedseeds.com\/","logo":{"@type":"ImageObject","inLanguage":"it-IT","@id":"https:\/\/advancedseeds.com\/#\/schema\/logo\/image\/","url":"https:\/\/advancedseeds.com\/web\/wp-content\/uploads\/2021\/01\/logo-advanced.jpg","contentUrl":"https:\/\/advancedseeds.com\/web\/wp-content\/uploads\/2021\/01\/logo-advanced.jpg","width":600,"height":600,"caption":"Advanced Seeds"},"image":{"@id":"https:\/\/advancedseeds.com\/#\/schema\/logo\/image\/"}}]}},"_links":{"self":[{"href":"https:\/\/advancedseeds.com\/it\/wp-json\/wp\/v2\/product\/13697","targetHints":{"allow":["GET"]}}],"collection":[{"href":"https:\/\/advancedseeds.com\/it\/wp-json\/wp\/v2\/product"}],"about":[{"href":"https:\/\/advancedseeds.com\/it\/wp-json\/wp\/v2\/types\/product"}],"replies":[{"embeddable":true,"href":"https:\/\/advancedseeds.com\/it\/wp-json\/wp\/v2\/comments?post=13697"}],"wp:featuredmedia":[{"embeddable":true,"href":"https:\/\/advancedseeds.com\/it\/wp-json\/wp\/v2\/media\/19803"}],"wp:attachment":[{"href":"https:\/\/advancedseeds.com\/it\/wp-json\/wp\/v2\/media?parent=13697"}],"wp:term":[{"taxonomy":"product_brand","embeddable":true,"href":"https:\/\/advancedseeds.com\/it\/wp-json\/wp\/v2\/product_brand?post=13697"},{"taxonomy":"product_cat","embeddable":true,"href":"https:\/\/advancedseeds.com\/it\/wp-json\/wp\/v2\/product_cat?post=13697"},{"taxonomy":"product_tag","embeddable":true,"href":"https:\/\/advancedseeds.com\/it\/wp-json\/wp\/v2\/product_tag?post=13697"}],"curies":[{"name":"wp","href":"https:\/\/api.w.org\/{rel}","templated":true}]}}