{"id":13738,"date":"2024-02-22T12:31:01","date_gmt":"2024-02-22T11:31:01","guid":{"rendered":"https:\/\/advancedseeds.com\/web\/?post_type=product&#038;p=13738"},"modified":"2025-03-22T16:31:31","modified_gmt":"2025-03-22T15:31:31","slug":"lemon-bean-fast","status":"publish","type":"product","link":"https:\/\/advancedseeds.com\/it\/tienda\/fast\/lemon-bean-fast\/","title":{"rendered":"Fagioli al limone a digiuno"},"content":{"rendered":"<p>Il <a href=\"https:\/\/advancedseeds.com\/web\/\"><b>semi di marijuana<\/b><\/a><b> Lemon Bean Fast di Advanced Seeds<\/b> offrono un'esperienza unica nel mondo della cannabis. Questa versione veloce della popolare Lemon Bean si distingue per il suo rapido ciclo di vita, pur mantenendo un impressionante effetto psicoattivo. Ideale per chi cerca un raccolto veloce senza sacrificare la qualit\u00e0 o la potenza.<\/p>\n<h2>Qual \u00e8 la genetica di questi semi?<\/h2>\n<p>La Lemon Bean Fast della Advanced Seeds \u00e8 un ibrido a dominanza indica, risultato di una <b>un incrocio tra la popolare Lemon Bean e una variet\u00e0 autofiorente. <\/b>molto agrumata. Questa combinazione genetica ha dato vita a una variet\u00e0 che conserva tutte le caratteristiche care alla Lemon Bean, come il sapore di limone e la buona potenza, ma con un tempo di fioritura notevolmente ridotto.<\/p>\n<h2>Che aspetto ha Advanced Seeds Lemon Bean Fast?<\/h2>\n<p>In termini di aspetto, l'Lemon Bean Fast eredita un'estetica imponente simile a quella della versione normale. La pianta mostra un <b>morfologia robusta, tipica delle variet\u00e0 Indica, con foglioline larghe e un verde sano e brillante<\/b>. Durante la fioritura, produce cime di medie dimensioni ma dure come diamanti. Queste cime sono visivamente molto attraenti e sono ricoperte da uno strato di tricomi che le conferiscono un aspetto lucido e biancastro.<\/p>\n<h2>Come si coltivano questi semi all'interno e all'esterno?<\/h2>\n<p>La Lemon Bean Fast \u00e8 eccezionalmente versatile e si adatta bene a diversi tipi di colture e climi.<\/p>\n<h3>Coltivazione indoor:<\/h3>\n<p><b>Apprezza una leggera defogliazione<\/b> per favorire una migliore ventilazione e penetrazione della luce. Questi semi rispondono molto rapidamente al cambiamento di fotoperiodo, quindi iniziano a fiorire prima, ma non fioriscono pi\u00f9 velocemente. <b>richiedono tempi di crescita vegetativa pi\u00f9 lunghi<\/b> per raggiungere una buona dimensione finale.<\/p>\n<h3>Coltivazione all'aperto:<\/h3>\n<p>Se l'intenzione \u00e8 quella di rendere le piante il pi\u00f9 grandi e produttive possibile, l'ideale \u00e8 <b>germoglia all'inizio della primavera<\/b> e trapiantate in vasi di oltre 50 litri o meglio ancora in una buca con buon terriccio e direttamente nel terreno. Anche se in casa non importa se si pota o meno, <b>all'aperto \u00e8 pi\u00f9 interessante farli<\/b>La produzione di gemme \u00e8 meglio distribuita e il rischio di attacchi fungini \u00e8 minore.<\/p>\n<h2>Quando vengono raccolti i semi di Advanced Seeds Lemon Bean Fast?<\/h2>\n<p>Uno dei vantaggi della Lemon Bean Fast \u00e8 il suo rapido ciclo di fioritura. Al chiuso, i coltivatori possono aspettarsi di raccogliere in <b>solo 50-55 giorni di fioritura<\/b>. All'aperto, la pianta \u00e8 pronta per essere raccolta a <b>met\u00e0-fine settembre<\/b> nell'emisfero settentrionale, consentendo ai coltivatori di sfruttare al meglio la stagione di crescita, soprattutto nelle regioni con estati brevi.<\/p>\n<h2>Quanto producono questi semi?<\/h2>\n<p>In termini di resa, la Lemon Bean Fast offre rese impressionanti. Al chiuso, i coltivatori possono aspettarsi <b>tra 500 e 550 gr\/m2<\/b>mentre all'aperto ogni pianta pu\u00f2 produrre <b>pi\u00f9 di 500 grammi<\/b>. Questa produttivit\u00e0, unita al suo rapido ciclo di vita, la rende una scelta eccellente per i coltivatori commerciali e hobbistici.<\/p>\n<h2>Com'\u00e8 l'aroma e il sapore della Lemon Bean Fast di Advanced Seeds?<\/h2>\n<p>Lemon Bean Fast si distingue per il suo profilo aromatico e gustativo. <b>agrumato e rinfrescante<\/b>. Gli utenti possono aspettarsi un sapore dominante di limone e di altri agrumi, come ad esempio <b>lime e pompelmo<\/b>con un <b>sfumature terrose e speziate<\/b>. Il mircene, il terpene dominante insieme al limonene, aggiunge profondit\u00e0 a questo profilo, creando un'esperienza gustativa complessa e piacevole.<\/p>\n<h2>Che tipo di effetto ha questa marijuana?<\/h2>\n<p>L'effetto dell'Lemon Bean Fast \u00e8 potente e molto equilibrato. Con un <b>Contenuto di THC della 22%<\/b>offre un <b>un'esperienza motivante ed energizzante<\/b>Il risultato \u00e8 un'esperienza rilassante e distensiva che lascia gradualmente spazio al rilassamento fisico senza essere opprimente. \u00c8 ideale per i consumatori che cercano un <b>energia mentale<\/b> o un aiuto alla creativit\u00e0, oltre che per uso medicinale nel trattamento di ansia, stress e depressione.<\/p>\n<p>Acquistare i semi di Lemon Bean Fast al miglior prezzo online su Advanced Seeds<\/p>\n<p>Per i coltivatori che desiderano una variet\u00e0 con un ciclo di vita veloce, un sapore eccezionale e un effetto potente, i semi femminizzati Lemon Bean Fast di Advanced Seeds sono la scelta perfetta. Disponibili online con la massima freschezza sul mercato, questi semi sono una scelta eccellente per chi apprezza l'efficienza e la qualit\u00e0 nel proprio giardino di cannabis.<\/p>\n<h2>Domande frequenti su Lemon Bean Fast<\/h2>\n<h3>Come gestire l'alimentazione dell'Lemon Bean Fast durante il suo ciclo di vita?<\/h3>\n<p>\u00c8 importante fornire nutrienti equilibrati, concentrandosi su fosforo e potassio durante la fioritura.<\/p>\n<h3>L'Lemon Bean Fast \u00e8 adatto alle tecniche di potatura?<\/h3>\n<p>S\u00ec, risponde bene alle tecniche di potatura e di formazione per massimizzare le prestazioni e migliorare la circolazione dell'aria.<\/p>\n<h3>Come influisce il freddo sulla coltivazione della Lemon Bean Fast?<\/h3>\n<p>Sebbene sia resistente, nei climi freddi si consiglia di proteggerla dalle basse temperature per evitare stress alla pianta.<\/p>\n<h3>Quali precauzioni devo prendere quando coltivo Lemon Bean Fast all'aperto?<\/h3>\n<p>\u00c8 importante monitorare le condizioni climatiche e proteggere la pianta da parassiti e malattie.<\/p>\n<h3>Quando \u00e8 meglio piantare la Lemon Bean Fast all'aperto?<\/h3>\n<p>Nell'emisfero settentrionale, si consiglia di germinare all'inizio o a met\u00e0 primavera per sfruttare al meglio la stagione di crescita.<\/p>\n<h3>Quali sono gli effetti collaterali dell'assunzione di Lemon Bean Fast?<\/h3>\n<p>In dosi elevate, pu\u00f2 causare secchezza delle fauci e degli occhi, nonch\u00e9 una sensazione di ansia in chi non \u00e8 abituato alla sua potenza.<\/p>\n<h3>Come si pu\u00f2 massimizzare la produzione di resina nell'Lemon Bean Fast?<\/h3>\n<p>Oltre alla luce a spettro completo, fornire un ambiente con la giusta temperatura e umidit\u00e0 durante la fioritura pu\u00f2 aumentare la produzione di resina.<\/p>","protected":false},"excerpt":{"rendered":"<p>-<\/p>","protected":false},"featured_media":19802,"comment_status":"open","ping_status":"closed","template":"","meta":{"_acf_changed":false},"product_brand":[],"product_cat":[80],"product_tag":[],"class_list":{"0":"post-13738","1":"product","2":"type-product","3":"status-publish","4":"has-post-thumbnail","6":"product_cat-fast","8":"first","9":"instock","10":"taxable","11":"shipping-taxable","12":"purchasable","13":"product-type-variable"},"acf":[],"yoast_head":"<!-- This site is optimized with the Yoast SEO Premium plugin v26.3 (Yoast SEO v26.6) - https:\/\/yoast.com\/wordpress\/plugins\/seo\/ -->\n<title>Lemon Bean Fast - Advanced Seeds<\/title>\n<meta name=\"robots\" content=\"index, follow, max-snippet:-1, max-image-preview:large, max-video-preview:-1\" \/>\n<link rel=\"canonical\" href=\"https:\/\/advancedseeds.com\/it\/tienda\/fast\/lemon-bean-fast\/\" \/>\n<meta property=\"og:locale\" content=\"it_IT\" \/>\n<meta property=\"og:type\" content=\"article\" \/>\n<meta property=\"og:title\" content=\"Lemon Bean Fast\" \/>\n<meta property=\"og:description\" content=\"-\" \/>\n<meta property=\"og:url\" content=\"https:\/\/advancedseeds.com\/it\/tienda\/fast\/lemon-bean-fast\/\" \/>\n<meta property=\"og:site_name\" content=\"Advanced Seeds\" \/>\n<meta property=\"article:modified_time\" content=\"2025-03-22T15:31:31+00:00\" \/>\n<meta property=\"og:image\" content=\"https:\/\/advancedseeds.com\/web\/wp-content\/uploads\/2024\/02\/Lemon-Bean-Fast.jpg\" \/>\n\t<meta property=\"og:image:width\" content=\"1176\" \/>\n\t<meta property=\"og:image:height\" content=\"1764\" \/>\n\t<meta property=\"og:image:type\" content=\"image\/jpeg\" \/>\n<meta name=\"twitter:card\" content=\"summary_large_image\" \/>\n<meta name=\"twitter:label1\" content=\"Tempo di lettura stimato\" \/>\n\t<meta name=\"twitter:data1\" content=\"5 minuti\" \/>\n<script type=\"application\/ld+json\" class=\"yoast-schema-graph\">{\"@context\":\"https:\/\/schema.org\",\"@graph\":[{\"@type\":\"WebPage\",\"@id\":\"https:\/\/advancedseeds.com\/tienda\/fast\/lemon-bean-fast\/\",\"url\":\"https:\/\/advancedseeds.com\/tienda\/fast\/lemon-bean-fast\/\",\"name\":\"Lemon Bean Fast - Advanced Seeds\",\"isPartOf\":{\"@id\":\"https:\/\/advancedseeds.com\/#website\"},\"primaryImageOfPage\":{\"@id\":\"https:\/\/advancedseeds.com\/tienda\/fast\/lemon-bean-fast\/#primaryimage\"},\"image\":{\"@id\":\"https:\/\/advancedseeds.com\/tienda\/fast\/lemon-bean-fast\/#primaryimage\"},\"thumbnailUrl\":\"https:\/\/advancedseeds.com\/web\/wp-content\/uploads\/2024\/02\/Lemon-Bean-Fast.jpg\",\"datePublished\":\"2024-02-22T11:31:01+00:00\",\"dateModified\":\"2025-03-22T15:31:31+00:00\",\"breadcrumb\":{\"@id\":\"https:\/\/advancedseeds.com\/tienda\/fast\/lemon-bean-fast\/#breadcrumb\"},\"inLanguage\":\"it-IT\",\"potentialAction\":[{\"@type\":\"ReadAction\",\"target\":[\"https:\/\/advancedseeds.com\/tienda\/fast\/lemon-bean-fast\/\"]}]},{\"@type\":\"ImageObject\",\"inLanguage\":\"it-IT\",\"@id\":\"https:\/\/advancedseeds.com\/tienda\/fast\/lemon-bean-fast\/#primaryimage\",\"url\":\"https:\/\/advancedseeds.com\/web\/wp-content\/uploads\/2024\/02\/Lemon-Bean-Fast.jpg\",\"contentUrl\":\"https:\/\/advancedseeds.com\/web\/wp-content\/uploads\/2024\/02\/Lemon-Bean-Fast.jpg\",\"width\":1176,\"height\":1764},{\"@type\":\"BreadcrumbList\",\"@id\":\"https:\/\/advancedseeds.com\/tienda\/fast\/lemon-bean-fast\/#breadcrumb\",\"itemListElement\":[{\"@type\":\"ListItem\",\"position\":1,\"name\":\"Home\",\"item\":\"https:\/\/advancedseeds.com\/\"},{\"@type\":\"ListItem\",\"position\":2,\"name\":\"Tienda\",\"item\":\"https:\/\/advancedseeds.com\/\"},{\"@type\":\"ListItem\",\"position\":3,\"name\":\"Lemon Bean Fast\"}]},{\"@type\":\"WebSite\",\"@id\":\"https:\/\/advancedseeds.com\/#website\",\"url\":\"https:\/\/advancedseeds.com\/\",\"name\":\"Advanced Seeds\",\"description\":\"Gen\u00e9ticas Avanzadas en semillas feminizadas y autom\u00e1ticas.\",\"publisher\":{\"@id\":\"https:\/\/advancedseeds.com\/#organization\"},\"potentialAction\":[{\"@type\":\"SearchAction\",\"target\":{\"@type\":\"EntryPoint\",\"urlTemplate\":\"https:\/\/advancedseeds.com\/?s={search_term_string}\"},\"query-input\":{\"@type\":\"PropertyValueSpecification\",\"valueRequired\":true,\"valueName\":\"search_term_string\"}}],\"inLanguage\":\"it-IT\"},{\"@type\":\"Organization\",\"@id\":\"https:\/\/advancedseeds.com\/#organization\",\"name\":\"Advanced Seeds\",\"url\":\"https:\/\/advancedseeds.com\/\",\"logo\":{\"@type\":\"ImageObject\",\"inLanguage\":\"it-IT\",\"@id\":\"https:\/\/advancedseeds.com\/#\/schema\/logo\/image\/\",\"url\":\"https:\/\/advancedseeds.com\/web\/wp-content\/uploads\/2021\/01\/logo-advanced.jpg\",\"contentUrl\":\"https:\/\/advancedseeds.com\/web\/wp-content\/uploads\/2021\/01\/logo-advanced.jpg\",\"width\":600,\"height\":600,\"caption\":\"Advanced Seeds\"},\"image\":{\"@id\":\"https:\/\/advancedseeds.com\/#\/schema\/logo\/image\/\"}}]}<\/script>\n<!-- \/ Yoast SEO Premium plugin. -->","yoast_head_json":{"title":"Lemon Bean Fast - Advanced Seeds","robots":{"index":"index","follow":"follow","max-snippet":"max-snippet:-1","max-image-preview":"max-image-preview:large","max-video-preview":"max-video-preview:-1"},"canonical":"https:\/\/advancedseeds.com\/it\/tienda\/fast\/lemon-bean-fast\/","og_locale":"it_IT","og_type":"article","og_title":"Lemon Bean Fast","og_description":"-","og_url":"https:\/\/advancedseeds.com\/it\/tienda\/fast\/lemon-bean-fast\/","og_site_name":"Advanced Seeds","article_modified_time":"2025-03-22T15:31:31+00:00","og_image":[{"width":1176,"height":1764,"url":"https:\/\/advancedseeds.com\/web\/wp-content\/uploads\/2024\/02\/Lemon-Bean-Fast.jpg","type":"image\/jpeg"}],"twitter_card":"summary_large_image","twitter_misc":{"Tempo di lettura stimato":"5 minuti"},"schema":{"@context":"https:\/\/schema.org","@graph":[{"@type":"WebPage","@id":"https:\/\/advancedseeds.com\/tienda\/fast\/lemon-bean-fast\/","url":"https:\/\/advancedseeds.com\/tienda\/fast\/lemon-bean-fast\/","name":"Lemon Bean Fast - Advanced Seeds","isPartOf":{"@id":"https:\/\/advancedseeds.com\/#website"},"primaryImageOfPage":{"@id":"https:\/\/advancedseeds.com\/tienda\/fast\/lemon-bean-fast\/#primaryimage"},"image":{"@id":"https:\/\/advancedseeds.com\/tienda\/fast\/lemon-bean-fast\/#primaryimage"},"thumbnailUrl":"https:\/\/advancedseeds.com\/web\/wp-content\/uploads\/2024\/02\/Lemon-Bean-Fast.jpg","datePublished":"2024-02-22T11:31:01+00:00","dateModified":"2025-03-22T15:31:31+00:00","breadcrumb":{"@id":"https:\/\/advancedseeds.com\/tienda\/fast\/lemon-bean-fast\/#breadcrumb"},"inLanguage":"it-IT","potentialAction":[{"@type":"ReadAction","target":["https:\/\/advancedseeds.com\/tienda\/fast\/lemon-bean-fast\/"]}]},{"@type":"ImageObject","inLanguage":"it-IT","@id":"https:\/\/advancedseeds.com\/tienda\/fast\/lemon-bean-fast\/#primaryimage","url":"https:\/\/advancedseeds.com\/web\/wp-content\/uploads\/2024\/02\/Lemon-Bean-Fast.jpg","contentUrl":"https:\/\/advancedseeds.com\/web\/wp-content\/uploads\/2024\/02\/Lemon-Bean-Fast.jpg","width":1176,"height":1764},{"@type":"BreadcrumbList","@id":"https:\/\/advancedseeds.com\/tienda\/fast\/lemon-bean-fast\/#breadcrumb","itemListElement":[{"@type":"ListItem","position":1,"name":"Home","item":"https:\/\/advancedseeds.com\/"},{"@type":"ListItem","position":2,"name":"Tienda","item":"https:\/\/advancedseeds.com\/"},{"@type":"ListItem","position":3,"name":"Lemon Bean Fast"}]},{"@type":"WebSite","@id":"https:\/\/advancedseeds.com\/#website","url":"https:\/\/advancedseeds.com\/","name":"Semi avanzati","description":"Genetica avanzata in semi femminizzati e automatici.","publisher":{"@id":"https:\/\/advancedseeds.com\/#organization"},"potentialAction":[{"@type":"SearchAction","target":{"@type":"EntryPoint","urlTemplate":"https:\/\/advancedseeds.com\/?s={search_term_string}"},"query-input":{"@type":"PropertyValueSpecification","valueRequired":true,"valueName":"search_term_string"}}],"inLanguage":"it-IT"},{"@type":"Organization","@id":"https:\/\/advancedseeds.com\/#organization","name":"Semi avanzati","url":"https:\/\/advancedseeds.com\/","logo":{"@type":"ImageObject","inLanguage":"it-IT","@id":"https:\/\/advancedseeds.com\/#\/schema\/logo\/image\/","url":"https:\/\/advancedseeds.com\/web\/wp-content\/uploads\/2021\/01\/logo-advanced.jpg","contentUrl":"https:\/\/advancedseeds.com\/web\/wp-content\/uploads\/2021\/01\/logo-advanced.jpg","width":600,"height":600,"caption":"Advanced Seeds"},"image":{"@id":"https:\/\/advancedseeds.com\/#\/schema\/logo\/image\/"}}]}},"_links":{"self":[{"href":"https:\/\/advancedseeds.com\/it\/wp-json\/wp\/v2\/product\/13738","targetHints":{"allow":["GET"]}}],"collection":[{"href":"https:\/\/advancedseeds.com\/it\/wp-json\/wp\/v2\/product"}],"about":[{"href":"https:\/\/advancedseeds.com\/it\/wp-json\/wp\/v2\/types\/product"}],"replies":[{"embeddable":true,"href":"https:\/\/advancedseeds.com\/it\/wp-json\/wp\/v2\/comments?post=13738"}],"wp:featuredmedia":[{"embeddable":true,"href":"https:\/\/advancedseeds.com\/it\/wp-json\/wp\/v2\/media\/19802"}],"wp:attachment":[{"href":"https:\/\/advancedseeds.com\/it\/wp-json\/wp\/v2\/media?parent=13738"}],"wp:term":[{"taxonomy":"product_brand","embeddable":true,"href":"https:\/\/advancedseeds.com\/it\/wp-json\/wp\/v2\/product_brand?post=13738"},{"taxonomy":"product_cat","embeddable":true,"href":"https:\/\/advancedseeds.com\/it\/wp-json\/wp\/v2\/product_cat?post=13738"},{"taxonomy":"product_tag","embeddable":true,"href":"https:\/\/advancedseeds.com\/it\/wp-json\/wp\/v2\/product_tag?post=13738"}],"curies":[{"name":"wp","href":"https:\/\/api.w.org\/{rel}","templated":true}]}}