{"id":14874,"date":"2024-05-31T09:20:44","date_gmt":"2024-05-31T08:20:44","guid":{"rendered":"https:\/\/advancedseeds.com\/web\/?post_type=product&#038;p=14874"},"modified":"2025-03-22T16:52:06","modified_gmt":"2025-03-22T15:52:06","slug":"rainbow-sherbet-11","status":"publish","type":"product","link":"https:\/\/advancedseeds.com\/it\/tienda\/feminizadas\/rainbow-sherbet-11\/","title":{"rendered":"Rainbow Sherbet #11"},"content":{"rendered":"<p>Il<a href=\"https:\/\/advancedseeds.com\/web\/\"> <b>semi di marijuana<\/b><\/a><b> Rainbow Sherbet femminilizzata#11<\/b> di Advanced Seeds sono una combinazione perfetta di sapore definito, resistenza allo stress e straordinaria potenza. Continuate a leggere per scoprire tutti i dettagli su questi semi che faranno faville in questa stagione.<\/p>\n<h2>Qual \u00e8 la genetica di questi semi?<\/h2>\n<p>Rainbow Sherbet#11 \u00e8 il risultato di un'operazione di <b>incrocio innovativo tra Guava Rosa e OZK<\/b>. Questi genitori garantiscono un pedigree di qualit\u00e0 che si pu\u00f2 vedere a colpo d'occhio negli esemplari che presentano. Questa variet\u00e0 resa popolare da Doja Pak \u00e8 diventata una delle regine dei dispensari negli Stati Uniti.<\/p>\n<h2>Che aspetto ha il Rainbow Sherbet#11?<\/h2>\n<p>Il <b>RS11 <\/b>sport a <b>struttura tipica della sativa ma con la particolarit\u00e0 di mostrare le foglie della indica<\/b>I boccioli, sparsi su diversi rami, sono verde chiaro con pistilli arancioni vibranti e un generoso strato di resina lucida. Le sue cime, sparse su diversi rami, sono di colore verde chiaro con pistilli arancioni vibranti e un generoso rivestimento di resina lucida. Questa pianta, oltre all'estetica sorprendente, si distingue per la produzione di resina e per una morfologia che ne facilita la coltivazione e la manicure.<\/p>\n<h2>Come si coltivano questi semi all'interno e all'esterno?<\/h2>\n<h3>Coltivazione indoor:<\/h3>\n<p>RS11 <b>si adatta bene a tecniche come il SOG o lo ScrOG<\/b>Risponde in modo eccellente alla potatura e si adatta a diversi metodi di coltivazione grazie alla sua versatilit\u00e0. La sua fotoperiodicit\u00e0 richiede un'attenta gestione dei cicli di luce, ed \u00e8 importante mantenere il buio totale durante la fase notturna per non stressare le piante. Con le dovute cure, questi metodi aumentano le rese, facilitando un raccolto generoso e di alta qualit\u00e0.<\/p>\n<h3>Coltivazione all'aperto:<\/h3>\n<p>L'RS11 apprezza molto il terreno e le ore di luce solare diretta. Sfrutta tecniche come <b>allenamento a basso stress<\/b> per massimizzare la loro produzione, soprattutto se vengono avviate nelle prime fasi di crescita. La sua rusticit\u00e0 la rende resistente alle variazioni climatiche, anche se preferisce i climi temperati o mediterranei. Per farla passare pi\u00f9 inosservata, \u00e8 possibile <b>piegare la punta principale<\/b> per favorire la ramificazione, oppure potarla direttamente.<\/p>\n<h2>Quando vengono raccolti i semi femminizzati RS11?<\/h2>\n<p>La fioritura di RS11 al chiuso dura a lungo <b>tra le 8 e le 9 settimane<\/b>. All'aperto, viene raccolta all'inizio di ottobre nell'emisfero settentrionale e a met\u00e0-fine aprile nell'emisfero meridionale. Durante la maturazione, le cime addensano il loro profilo di resina e terpeni, intensificando l'effetto e il sapore, quindi \u00e8 importante non raccogliere troppo presto.<\/p>\n<h2>Quanto producono questi semi?<\/h2>\n<p>In ambienti interni, l'RS11 pu\u00f2 produrre <b>tra 400-450g\/m\u00b2.<\/b>. All'aperto, i raccolti possono raggiungere i 600g per pianta. La sua produzione di resina \u00e8 notevole, ricca di cannabinoidi e terpeni, che la rendono ideale per le estrazioni.<\/p>\n<h2>Com'\u00e8 l'aroma e il gusto dei semi femminizzati RS11?<\/h2>\n<p>RS11 offre una sinfonia di sapori e aromi che vi lascer\u00e0 a bocca aperta. Le sue propriet\u00e0 organolettiche includono <b>agrumi, note fruttate e tocchi gassosi<\/b>L'esperienza gustativa \u00e8 unica. All'inspirazione si percepiscono note di guava e agrumi, mentre all'espirazione lascia un retrogusto dolce e duraturo.<\/p>\n<h2>Che tipo di effetto ha questa marijuana?<\/h2>\n<p>L'RS11, con un <b>THC di 15-20% e 2% di CBD<\/b>Produce un effetto equilibrato: stimolante ed euforico, ma con un profondo rilassamento corporeo. \u00c8 perfetta per alleviare lo stress senza perdere la lucidit\u00e0, rendendola ideale per l'uso ricreativo e terapeutico.<\/p>\n<h2>Acquistare i semi femminizzati RS11 al miglior prezzo online<\/h2>\n<p>Non aspettate oltre! Ordinate i vostri semi femminizzati RS11 su Advancedseeds.com e godetevi una variet\u00e0 eccezionale - qualit\u00e0 garantita al miglior prezzo online!<\/p>\n<h2>Domande frequenti su San Bacio Burger<\/h2>\n<h3>Rainbow Sherbet#11 \u00e8 adatto alla coltivazione idroponica?<\/h3>\n<p>S\u00ec, questa variet\u00e0 risponde molto bene alla coltivazione idroponica, che consente un controllo pi\u00f9 preciso dei nutrienti e una crescita pi\u00f9 rapida.<\/p>\n<h3>Quale livello di umidit\u00e0 e temperatura \u00e8 ideale per Rainbow Sherbet#11 in ambienti chiusi?<\/h3>\n<p>Un'umidit\u00e0 di 40-50% e una temperatura di 22-26\u00b0C durante il giorno, con una leggera riduzione durante la notte, sono ideali per questa variet\u00e0.<\/p>","protected":false},"excerpt":{"rendered":"<p>-<\/p>","protected":false},"featured_media":19799,"comment_status":"open","ping_status":"closed","template":"","meta":{"_acf_changed":false},"product_brand":[],"product_cat":[69],"product_tag":[],"class_list":{"0":"post-14874","1":"product","2":"type-product","3":"status-publish","4":"has-post-thumbnail","6":"product_cat-feminizadas","8":"first","9":"instock","10":"taxable","11":"shipping-taxable","12":"purchasable","13":"product-type-variable"},"acf":[],"yoast_head":"<!-- This site is optimized with the Yoast SEO Premium plugin v26.3 (Yoast SEO v26.6) - https:\/\/yoast.com\/wordpress\/plugins\/seo\/ -->\n<title>Rainbow Sherbet #11 - Advanced Seeds<\/title>\n<meta name=\"robots\" content=\"index, follow, max-snippet:-1, max-image-preview:large, max-video-preview:-1\" \/>\n<link rel=\"canonical\" href=\"https:\/\/advancedseeds.com\/it\/tienda\/feminizadas\/rainbow-sherbet-11\/\" \/>\n<meta property=\"og:locale\" content=\"it_IT\" \/>\n<meta property=\"og:type\" content=\"article\" \/>\n<meta property=\"og:title\" content=\"Rainbow Sherbet #11\" \/>\n<meta property=\"og:description\" content=\"-\" \/>\n<meta property=\"og:url\" content=\"https:\/\/advancedseeds.com\/it\/tienda\/feminizadas\/rainbow-sherbet-11\/\" \/>\n<meta property=\"og:site_name\" content=\"Advanced Seeds\" \/>\n<meta property=\"article:modified_time\" content=\"2025-03-22T15:52:06+00:00\" \/>\n<meta property=\"og:image\" content=\"https:\/\/advancedseeds.com\/web\/wp-content\/uploads\/2024\/05\/Rainbow-sherbet-11.jpg\" \/>\n\t<meta property=\"og:image:width\" content=\"1090\" \/>\n\t<meta property=\"og:image:height\" content=\"1635\" \/>\n\t<meta property=\"og:image:type\" content=\"image\/jpeg\" \/>\n<meta name=\"twitter:card\" content=\"summary_large_image\" \/>\n<meta name=\"twitter:label1\" content=\"Tempo di lettura stimato\" \/>\n\t<meta name=\"twitter:data1\" content=\"4 minuti\" \/>\n<script type=\"application\/ld+json\" class=\"yoast-schema-graph\">{\"@context\":\"https:\/\/schema.org\",\"@graph\":[{\"@type\":\"WebPage\",\"@id\":\"https:\/\/advancedseeds.com\/tienda\/feminizadas\/rainbow-sherbet-11\/\",\"url\":\"https:\/\/advancedseeds.com\/tienda\/feminizadas\/rainbow-sherbet-11\/\",\"name\":\"Rainbow Sherbet #11 - Advanced Seeds\",\"isPartOf\":{\"@id\":\"https:\/\/advancedseeds.com\/#website\"},\"primaryImageOfPage\":{\"@id\":\"https:\/\/advancedseeds.com\/tienda\/feminizadas\/rainbow-sherbet-11\/#primaryimage\"},\"image\":{\"@id\":\"https:\/\/advancedseeds.com\/tienda\/feminizadas\/rainbow-sherbet-11\/#primaryimage\"},\"thumbnailUrl\":\"https:\/\/advancedseeds.com\/web\/wp-content\/uploads\/2024\/05\/Rainbow-sherbet-11.jpg\",\"datePublished\":\"2024-05-31T08:20:44+00:00\",\"dateModified\":\"2025-03-22T15:52:06+00:00\",\"breadcrumb\":{\"@id\":\"https:\/\/advancedseeds.com\/tienda\/feminizadas\/rainbow-sherbet-11\/#breadcrumb\"},\"inLanguage\":\"it-IT\",\"potentialAction\":[{\"@type\":\"ReadAction\",\"target\":[\"https:\/\/advancedseeds.com\/tienda\/feminizadas\/rainbow-sherbet-11\/\"]}]},{\"@type\":\"ImageObject\",\"inLanguage\":\"it-IT\",\"@id\":\"https:\/\/advancedseeds.com\/tienda\/feminizadas\/rainbow-sherbet-11\/#primaryimage\",\"url\":\"https:\/\/advancedseeds.com\/web\/wp-content\/uploads\/2024\/05\/Rainbow-sherbet-11.jpg\",\"contentUrl\":\"https:\/\/advancedseeds.com\/web\/wp-content\/uploads\/2024\/05\/Rainbow-sherbet-11.jpg\",\"width\":1090,\"height\":1635},{\"@type\":\"BreadcrumbList\",\"@id\":\"https:\/\/advancedseeds.com\/tienda\/feminizadas\/rainbow-sherbet-11\/#breadcrumb\",\"itemListElement\":[{\"@type\":\"ListItem\",\"position\":1,\"name\":\"Home\",\"item\":\"https:\/\/advancedseeds.com\/\"},{\"@type\":\"ListItem\",\"position\":2,\"name\":\"Tienda\",\"item\":\"https:\/\/advancedseeds.com\/\"},{\"@type\":\"ListItem\",\"position\":3,\"name\":\"Rainbow Sherbet #11\"}]},{\"@type\":\"WebSite\",\"@id\":\"https:\/\/advancedseeds.com\/#website\",\"url\":\"https:\/\/advancedseeds.com\/\",\"name\":\"Advanced Seeds\",\"description\":\"Gen\u00e9ticas Avanzadas en semillas feminizadas y autom\u00e1ticas.\",\"publisher\":{\"@id\":\"https:\/\/advancedseeds.com\/#organization\"},\"potentialAction\":[{\"@type\":\"SearchAction\",\"target\":{\"@type\":\"EntryPoint\",\"urlTemplate\":\"https:\/\/advancedseeds.com\/?s={search_term_string}\"},\"query-input\":{\"@type\":\"PropertyValueSpecification\",\"valueRequired\":true,\"valueName\":\"search_term_string\"}}],\"inLanguage\":\"it-IT\"},{\"@type\":\"Organization\",\"@id\":\"https:\/\/advancedseeds.com\/#organization\",\"name\":\"Advanced Seeds\",\"url\":\"https:\/\/advancedseeds.com\/\",\"logo\":{\"@type\":\"ImageObject\",\"inLanguage\":\"it-IT\",\"@id\":\"https:\/\/advancedseeds.com\/#\/schema\/logo\/image\/\",\"url\":\"https:\/\/advancedseeds.com\/web\/wp-content\/uploads\/2021\/01\/logo-advanced.jpg\",\"contentUrl\":\"https:\/\/advancedseeds.com\/web\/wp-content\/uploads\/2021\/01\/logo-advanced.jpg\",\"width\":600,\"height\":600,\"caption\":\"Advanced Seeds\"},\"image\":{\"@id\":\"https:\/\/advancedseeds.com\/#\/schema\/logo\/image\/\"}}]}<\/script>\n<!-- \/ Yoast SEO Premium plugin. -->","yoast_head_json":{"title":"Rainbow Sherbet #11 - Advanced Seeds","robots":{"index":"index","follow":"follow","max-snippet":"max-snippet:-1","max-image-preview":"max-image-preview:large","max-video-preview":"max-video-preview:-1"},"canonical":"https:\/\/advancedseeds.com\/it\/tienda\/feminizadas\/rainbow-sherbet-11\/","og_locale":"it_IT","og_type":"article","og_title":"Rainbow Sherbet #11","og_description":"-","og_url":"https:\/\/advancedseeds.com\/it\/tienda\/feminizadas\/rainbow-sherbet-11\/","og_site_name":"Advanced Seeds","article_modified_time":"2025-03-22T15:52:06+00:00","og_image":[{"width":1090,"height":1635,"url":"https:\/\/advancedseeds.com\/web\/wp-content\/uploads\/2024\/05\/Rainbow-sherbet-11.jpg","type":"image\/jpeg"}],"twitter_card":"summary_large_image","twitter_misc":{"Tempo di lettura stimato":"4 minuti"},"schema":{"@context":"https:\/\/schema.org","@graph":[{"@type":"WebPage","@id":"https:\/\/advancedseeds.com\/tienda\/feminizadas\/rainbow-sherbet-11\/","url":"https:\/\/advancedseeds.com\/tienda\/feminizadas\/rainbow-sherbet-11\/","name":"Rainbow Sherbet #11 - Advanced Seeds","isPartOf":{"@id":"https:\/\/advancedseeds.com\/#website"},"primaryImageOfPage":{"@id":"https:\/\/advancedseeds.com\/tienda\/feminizadas\/rainbow-sherbet-11\/#primaryimage"},"image":{"@id":"https:\/\/advancedseeds.com\/tienda\/feminizadas\/rainbow-sherbet-11\/#primaryimage"},"thumbnailUrl":"https:\/\/advancedseeds.com\/web\/wp-content\/uploads\/2024\/05\/Rainbow-sherbet-11.jpg","datePublished":"2024-05-31T08:20:44+00:00","dateModified":"2025-03-22T15:52:06+00:00","breadcrumb":{"@id":"https:\/\/advancedseeds.com\/tienda\/feminizadas\/rainbow-sherbet-11\/#breadcrumb"},"inLanguage":"it-IT","potentialAction":[{"@type":"ReadAction","target":["https:\/\/advancedseeds.com\/tienda\/feminizadas\/rainbow-sherbet-11\/"]}]},{"@type":"ImageObject","inLanguage":"it-IT","@id":"https:\/\/advancedseeds.com\/tienda\/feminizadas\/rainbow-sherbet-11\/#primaryimage","url":"https:\/\/advancedseeds.com\/web\/wp-content\/uploads\/2024\/05\/Rainbow-sherbet-11.jpg","contentUrl":"https:\/\/advancedseeds.com\/web\/wp-content\/uploads\/2024\/05\/Rainbow-sherbet-11.jpg","width":1090,"height":1635},{"@type":"BreadcrumbList","@id":"https:\/\/advancedseeds.com\/tienda\/feminizadas\/rainbow-sherbet-11\/#breadcrumb","itemListElement":[{"@type":"ListItem","position":1,"name":"Home","item":"https:\/\/advancedseeds.com\/"},{"@type":"ListItem","position":2,"name":"Tienda","item":"https:\/\/advancedseeds.com\/"},{"@type":"ListItem","position":3,"name":"Rainbow Sherbet #11"}]},{"@type":"WebSite","@id":"https:\/\/advancedseeds.com\/#website","url":"https:\/\/advancedseeds.com\/","name":"Semi avanzati","description":"Genetica avanzata in semi femminizzati e automatici.","publisher":{"@id":"https:\/\/advancedseeds.com\/#organization"},"potentialAction":[{"@type":"SearchAction","target":{"@type":"EntryPoint","urlTemplate":"https:\/\/advancedseeds.com\/?s={search_term_string}"},"query-input":{"@type":"PropertyValueSpecification","valueRequired":true,"valueName":"search_term_string"}}],"inLanguage":"it-IT"},{"@type":"Organization","@id":"https:\/\/advancedseeds.com\/#organization","name":"Semi avanzati","url":"https:\/\/advancedseeds.com\/","logo":{"@type":"ImageObject","inLanguage":"it-IT","@id":"https:\/\/advancedseeds.com\/#\/schema\/logo\/image\/","url":"https:\/\/advancedseeds.com\/web\/wp-content\/uploads\/2021\/01\/logo-advanced.jpg","contentUrl":"https:\/\/advancedseeds.com\/web\/wp-content\/uploads\/2021\/01\/logo-advanced.jpg","width":600,"height":600,"caption":"Advanced Seeds"},"image":{"@id":"https:\/\/advancedseeds.com\/#\/schema\/logo\/image\/"}}]}},"_links":{"self":[{"href":"https:\/\/advancedseeds.com\/it\/wp-json\/wp\/v2\/product\/14874","targetHints":{"allow":["GET"]}}],"collection":[{"href":"https:\/\/advancedseeds.com\/it\/wp-json\/wp\/v2\/product"}],"about":[{"href":"https:\/\/advancedseeds.com\/it\/wp-json\/wp\/v2\/types\/product"}],"replies":[{"embeddable":true,"href":"https:\/\/advancedseeds.com\/it\/wp-json\/wp\/v2\/comments?post=14874"}],"wp:featuredmedia":[{"embeddable":true,"href":"https:\/\/advancedseeds.com\/it\/wp-json\/wp\/v2\/media\/19799"}],"wp:attachment":[{"href":"https:\/\/advancedseeds.com\/it\/wp-json\/wp\/v2\/media?parent=14874"}],"wp:term":[{"taxonomy":"product_brand","embeddable":true,"href":"https:\/\/advancedseeds.com\/it\/wp-json\/wp\/v2\/product_brand?post=14874"},{"taxonomy":"product_cat","embeddable":true,"href":"https:\/\/advancedseeds.com\/it\/wp-json\/wp\/v2\/product_cat?post=14874"},{"taxonomy":"product_tag","embeddable":true,"href":"https:\/\/advancedseeds.com\/it\/wp-json\/wp\/v2\/product_tag?post=14874"}],"curies":[{"name":"wp","href":"https:\/\/api.w.org\/{rel}","templated":true}]}}