{"id":14875,"date":"2024-05-31T09:20:44","date_gmt":"2024-05-31T08:20:44","guid":{"rendered":"https:\/\/advancedseeds.com\/web\/?post_type=product&#038;p=14875"},"modified":"2025-03-22T18:22:42","modified_gmt":"2025-03-22T17:22:42","slug":"auto-rainbow-sherbet-11-fem-advanced-seeds","status":"publish","type":"product","link":"https:\/\/advancedseeds.com\/it\/tienda\/automaticas\/auto-rainbow-sherbet-11-fem-advanced-seeds\/","title":{"rendered":"Auto Rainbow Sherbet #11"},"content":{"rendered":"<p><span style=\"font-weight: 400\">Scoprite la Auto Rainbow Sherbet#11, una variet\u00e0 autofiorente unica nel suo genere.<\/span><\/p>\n<p><span style=\"font-weight: 400\">Il<\/span><a href=\"https:\/\/advancedseeds.com\/web\/categoria-producto\/automaticas\/\"> <b>Semi automatici<\/b><\/a><b> Auto Rainbow Sherbet#11<\/b><span style=\"font-weight: 400\"> di Advanced Seeds sono una delizia per i sensi e una scelta perfetta per i coltivatori di tutti i livelli. Con un ciclo di vita veloce e un sapore eccezionale, questa variet\u00e0 \u00e8 ideale per chi cerca qualit\u00e0 ed efficienza.<\/span><\/p>\n<h2><span style=\"font-weight: 400\">Qual \u00e8 la genetica di questi semi?<\/span><\/h2>\n<p><span style=\"font-weight: 400\">L'Auto Rainbow Sherbet#11 \u00e8 il risultato di un'attenta selezione genetica, <\/span><b>combinando Rainbow Sherbet#11 con un filtro automatico<\/b><span style=\"font-weight: 400\"> per incorporare i geni responsabili dell'autofiorenza. Questa eredit\u00e0 genetica assicura un <\/span><b>perfetto equilibrio tra indica e sativa<\/b><span style=\"font-weight: 400\">Ci\u00f2 si traduce in piante vigorose e dalla crescita rapida, caratteristiche ideali per una versione autofiorente.<\/span><\/p>\n<h2><span style=\"font-weight: 400\">Che aspetto ha Auto Rainbow Sherbet#11?<\/span><\/h2>\n<p><span style=\"font-weight: 400\">L'Auto Rainbow Sherbet#11 ha un bell'aspetto, con una struttura pi\u00f9 compatta rispetto alla versione fotoperiodica. <\/span><b>I loro boccioli sono molto voluminosi e impregnati di resina lucida.<\/b><span style=\"font-weight: 400\"> e appiccicoso. La colorazione di questi fiori \u00e8 uno spettacolo visivo: tonalit\u00e0 di verde chiaro con <\/span><b>sfumature viola e pistilli arancioni<\/b><span style=\"font-weight: 400\"> vibrante.<\/span><\/p>\n<h2><span style=\"font-weight: 400\">Come si coltivano questi semi all'interno e all'esterno?<\/span><\/h2>\n<h3><span style=\"font-weight: 400\">Coltivazione indoor:<\/span><\/h3>\n<p><span style=\"font-weight: 400\">Auto Rainbow Sherbet#11 \u00e8 una variet\u00e0 che si adatta a qualsiasi spazio, dai piccoli armadi alle serre pi\u00f9 grandi. La sua natura autofiorente semplifica il processo di coltivazione, dato che <\/span><b>non richiede cambiamenti nel ciclo di luce.<\/b><span style=\"font-weight: 400\"> Per ottenere risultati ottimali, si consiglia di mettere un <\/span><b>fotoperiodo costante di 20 ore di luce e 4 di buio<\/b><span style=\"font-weight: 400\">mantenere un ambiente controllato in termini di umidit\u00e0 e temperatura e utilizzare substrati ricchi di sostanze nutritive.<\/span><\/p>\n<h3><span style=\"font-weight: 400\">Coltivazione all'aperto:<\/span><\/h3>\n<p><span style=\"font-weight: 400\">Auto Rainbow Sherbet#11, trae grande beneficio dalla stagione che va dalla tarda primavera all'autunno inoltrato, ma <\/span><b>pu\u00f2 essere coltivato quasi tutto l'anno, tranne che in inverno<\/b><span style=\"font-weight: 400\">. \u00c8 resistente e adattabile, ideale per balconi, terrazze o patii dove si vuole che passi pi\u00f9 inosservata delle normali piante da fiore. Si consiglia un <\/span><b>substrato aerato e ricco di sostanze nutritive<\/b><span style=\"font-weight: 400\">Sebbene sia una pianta resistente, non \u00e8 una cattiva idea proteggerla da parassiti e funghi con prodotti naturali, se possibile.<\/span><\/p>\n<h2><span style=\"font-weight: 400\">Quando viene raccolto l'Auto Rainbow Sherbet#11?<\/span><\/h2>\n<p><span style=\"font-weight: 400\">L'Auto Rainbow Sherbet#11 ha un ciclo di vita rapido, di <\/span><b>circa 10-11 settimane dalla germinazione<\/b><span style=\"font-weight: 400\"> fino al raccolto. Ci\u00f2 consente ai coltivatori di ottenere pi\u00f9 raccolti all'anno, soprattutto nei climi caldi e stabili.<\/span><\/p>\n<h2><span style=\"font-weight: 400\">Quanto producono questi semi?<\/span><\/h2>\n<p><span style=\"font-weight: 400\">Nonostante sia una variet\u00e0 autofiorente, la Auto Rainbow Sherbet#11 sorprende per le sue rese. Al chiuso, \u00e8 possibile ottenere <\/span><b>circa 500 g\/m\u00b2.<\/b><span style=\"font-weight: 400\">All'aperto, ogni pianta pu\u00f2 produrre fino a 200g circa. La sua produzione di terpeni \u00e8 impressionante, cosa non cos\u00ec comune nelle variet\u00e0 automatiche.<\/span><\/p>\n<h2><span style=\"font-weight: 400\">Com'\u00e8 l'aroma e il gusto di Auto Rainbow Sherbet#11?<\/span><\/h2>\n<p><span style=\"font-weight: 400\">Si distinguono i seguenti elementi <\/span><b>aromi dolci e agrumati con un tocco fruttato e floreale<\/b><span style=\"font-weight: 400\">offrendo un'esperienza sensoriale completa. Quando si fuma o si svapa, si sprigionano intensi sapori fruttati, con note dominanti di <\/span><b>guava <\/b><span style=\"font-weight: 400\">e agrumi, e un bouquet duraturo e piacevole.<\/span><\/p>\n<h2><span style=\"font-weight: 400\">Che tipo di effetto ha questa marijuana?<\/span><\/h2>\n<p><span style=\"font-weight: 400\">Auto Rainbow Sherbet#11 offre una <\/span><b>buon equilibrio tra rilassamento fisico e stimolazione mentale<\/b><span style=\"font-weight: 400\">\u00c8 come ricevere un massaggio al corpo mentre i pensieri corrono. Sebbene sia potente, l'effetto non \u00e8 eccessivo, il che la rende adatta al consumo diurno o notturno, sia per uso ricreativo che terapeutico.<\/span><\/p>\n<h2><span style=\"font-weight: 400\">Acquistare Auto Rainbow Sherbet#11 al miglior prezzo online su Advanced Seeds<\/span><\/h2>\n<p><span style=\"font-weight: 400\">Su Advancedseeds.com, potete acquistare i vostri semi Auto Rainbow Sherbet#11 al miglior prezzo. Provate il piacere di coltivare una delle variet\u00e0 autofiorenti pi\u00f9 gustose e facili da gestire sul mercato - non perdetela!<\/span><\/p>\n<h2><span style=\"font-weight: 400\">Domande frequenti sul sorbetto Auto Rainbow:<\/span><\/h2>\n<h3><span style=\"font-weight: 400\">\u00c8 necessario modificare il ciclo di luce per Auto Rainbow Sherbet#11?<\/span><\/h3>\n<p><span style=\"font-weight: 400\">No, essendo autofiorente, fiorisce indipendentemente dal ciclo di luce.<\/span><\/p>\n<h3><span style=\"font-weight: 400\">Come influisce il clima sulla coltivazione all'aperto della Auto Rainbow Sherbet#11?<\/span><\/h3>\n<p><span style=\"font-weight: 400\">\u00c8 resistente, ma nei climi freddi il suo ciclo pu\u00f2 allungarsi leggermente.<\/span><\/p>","protected":false},"excerpt":{"rendered":"<p>-<\/p>","protected":false},"featured_media":19798,"comment_status":"open","ping_status":"closed","template":"","meta":{"_acf_changed":false},"product_brand":[],"product_cat":[70],"product_tag":[],"class_list":{"0":"post-14875","1":"product","2":"type-product","3":"status-publish","4":"has-post-thumbnail","6":"product_cat-automaticas","8":"first","9":"instock","10":"taxable","11":"shipping-taxable","12":"purchasable","13":"product-type-variable"},"acf":[],"yoast_head":"<!-- This site is optimized with the Yoast SEO Premium plugin v26.3 (Yoast SEO v26.6) - https:\/\/yoast.com\/wordpress\/plugins\/seo\/ -->\n<title>Auto Rainbow Sherbet #11 - Advanced Seeds<\/title>\n<meta name=\"robots\" content=\"index, follow, max-snippet:-1, max-image-preview:large, max-video-preview:-1\" \/>\n<link rel=\"canonical\" href=\"https:\/\/advancedseeds.com\/it\/tienda\/automaticas\/auto-rainbow-sherbet-11-fem-advanced-seeds\/\" \/>\n<meta property=\"og:locale\" content=\"it_IT\" \/>\n<meta property=\"og:type\" content=\"article\" \/>\n<meta property=\"og:title\" content=\"Auto Rainbow Sherbet #11\" \/>\n<meta property=\"og:description\" content=\"-\" \/>\n<meta property=\"og:url\" content=\"https:\/\/advancedseeds.com\/it\/tienda\/automaticas\/auto-rainbow-sherbet-11-fem-advanced-seeds\/\" \/>\n<meta property=\"og:site_name\" content=\"Advanced Seeds\" \/>\n<meta property=\"article:modified_time\" content=\"2025-03-22T17:22:42+00:00\" \/>\n<meta property=\"og:image\" content=\"https:\/\/advancedseeds.com\/web\/wp-content\/uploads\/2024\/05\/Auto-Rainbow-Sherbet-scaled.jpg\" \/>\n\t<meta property=\"og:image:width\" content=\"1707\" \/>\n\t<meta property=\"og:image:height\" content=\"2560\" \/>\n\t<meta property=\"og:image:type\" content=\"image\/jpeg\" \/>\n<meta name=\"twitter:card\" content=\"summary_large_image\" \/>\n<meta name=\"twitter:label1\" content=\"Tempo di lettura stimato\" \/>\n\t<meta name=\"twitter:data1\" content=\"3 minuti\" \/>\n<script type=\"application\/ld+json\" class=\"yoast-schema-graph\">{\"@context\":\"https:\/\/schema.org\",\"@graph\":[{\"@type\":\"WebPage\",\"@id\":\"https:\/\/advancedseeds.com\/tienda\/automaticas\/auto-rainbow-sherbet-11-fem-advanced-seeds\/\",\"url\":\"https:\/\/advancedseeds.com\/tienda\/automaticas\/auto-rainbow-sherbet-11-fem-advanced-seeds\/\",\"name\":\"Auto Rainbow Sherbet #11 - Advanced Seeds\",\"isPartOf\":{\"@id\":\"https:\/\/advancedseeds.com\/#website\"},\"primaryImageOfPage\":{\"@id\":\"https:\/\/advancedseeds.com\/tienda\/automaticas\/auto-rainbow-sherbet-11-fem-advanced-seeds\/#primaryimage\"},\"image\":{\"@id\":\"https:\/\/advancedseeds.com\/tienda\/automaticas\/auto-rainbow-sherbet-11-fem-advanced-seeds\/#primaryimage\"},\"thumbnailUrl\":\"https:\/\/advancedseeds.com\/web\/wp-content\/uploads\/2024\/05\/Auto-Rainbow-Sherbet-scaled.jpg\",\"datePublished\":\"2024-05-31T08:20:44+00:00\",\"dateModified\":\"2025-03-22T17:22:42+00:00\",\"breadcrumb\":{\"@id\":\"https:\/\/advancedseeds.com\/tienda\/automaticas\/auto-rainbow-sherbet-11-fem-advanced-seeds\/#breadcrumb\"},\"inLanguage\":\"it-IT\",\"potentialAction\":[{\"@type\":\"ReadAction\",\"target\":[\"https:\/\/advancedseeds.com\/tienda\/automaticas\/auto-rainbow-sherbet-11-fem-advanced-seeds\/\"]}]},{\"@type\":\"ImageObject\",\"inLanguage\":\"it-IT\",\"@id\":\"https:\/\/advancedseeds.com\/tienda\/automaticas\/auto-rainbow-sherbet-11-fem-advanced-seeds\/#primaryimage\",\"url\":\"https:\/\/advancedseeds.com\/web\/wp-content\/uploads\/2024\/05\/Auto-Rainbow-Sherbet-scaled.jpg\",\"contentUrl\":\"https:\/\/advancedseeds.com\/web\/wp-content\/uploads\/2024\/05\/Auto-Rainbow-Sherbet-scaled.jpg\",\"width\":1707,\"height\":2560},{\"@type\":\"BreadcrumbList\",\"@id\":\"https:\/\/advancedseeds.com\/tienda\/automaticas\/auto-rainbow-sherbet-11-fem-advanced-seeds\/#breadcrumb\",\"itemListElement\":[{\"@type\":\"ListItem\",\"position\":1,\"name\":\"Home\",\"item\":\"https:\/\/advancedseeds.com\/\"},{\"@type\":\"ListItem\",\"position\":2,\"name\":\"Tienda\",\"item\":\"https:\/\/advancedseeds.com\/\"},{\"@type\":\"ListItem\",\"position\":3,\"name\":\"Auto Rainbow Sherbet #11\"}]},{\"@type\":\"WebSite\",\"@id\":\"https:\/\/advancedseeds.com\/#website\",\"url\":\"https:\/\/advancedseeds.com\/\",\"name\":\"Advanced Seeds\",\"description\":\"Gen\u00e9ticas Avanzadas en semillas feminizadas y autom\u00e1ticas.\",\"publisher\":{\"@id\":\"https:\/\/advancedseeds.com\/#organization\"},\"potentialAction\":[{\"@type\":\"SearchAction\",\"target\":{\"@type\":\"EntryPoint\",\"urlTemplate\":\"https:\/\/advancedseeds.com\/?s={search_term_string}\"},\"query-input\":{\"@type\":\"PropertyValueSpecification\",\"valueRequired\":true,\"valueName\":\"search_term_string\"}}],\"inLanguage\":\"it-IT\"},{\"@type\":\"Organization\",\"@id\":\"https:\/\/advancedseeds.com\/#organization\",\"name\":\"Advanced Seeds\",\"url\":\"https:\/\/advancedseeds.com\/\",\"logo\":{\"@type\":\"ImageObject\",\"inLanguage\":\"it-IT\",\"@id\":\"https:\/\/advancedseeds.com\/#\/schema\/logo\/image\/\",\"url\":\"https:\/\/advancedseeds.com\/web\/wp-content\/uploads\/2021\/01\/logo-advanced.jpg\",\"contentUrl\":\"https:\/\/advancedseeds.com\/web\/wp-content\/uploads\/2021\/01\/logo-advanced.jpg\",\"width\":600,\"height\":600,\"caption\":\"Advanced Seeds\"},\"image\":{\"@id\":\"https:\/\/advancedseeds.com\/#\/schema\/logo\/image\/\"}}]}<\/script>\n<!-- \/ Yoast SEO Premium plugin. -->","yoast_head_json":{"title":"Auto Rainbow Sherbet #11 - Advanced Seeds","robots":{"index":"index","follow":"follow","max-snippet":"max-snippet:-1","max-image-preview":"max-image-preview:large","max-video-preview":"max-video-preview:-1"},"canonical":"https:\/\/advancedseeds.com\/it\/tienda\/automaticas\/auto-rainbow-sherbet-11-fem-advanced-seeds\/","og_locale":"it_IT","og_type":"article","og_title":"Auto Rainbow Sherbet #11","og_description":"-","og_url":"https:\/\/advancedseeds.com\/it\/tienda\/automaticas\/auto-rainbow-sherbet-11-fem-advanced-seeds\/","og_site_name":"Advanced Seeds","article_modified_time":"2025-03-22T17:22:42+00:00","og_image":[{"width":1707,"height":2560,"url":"https:\/\/advancedseeds.com\/web\/wp-content\/uploads\/2024\/05\/Auto-Rainbow-Sherbet-scaled.jpg","type":"image\/jpeg"}],"twitter_card":"summary_large_image","twitter_misc":{"Tempo di lettura stimato":"3 minuti"},"schema":{"@context":"https:\/\/schema.org","@graph":[{"@type":"WebPage","@id":"https:\/\/advancedseeds.com\/tienda\/automaticas\/auto-rainbow-sherbet-11-fem-advanced-seeds\/","url":"https:\/\/advancedseeds.com\/tienda\/automaticas\/auto-rainbow-sherbet-11-fem-advanced-seeds\/","name":"Auto Rainbow Sherbet #11 - Advanced Seeds","isPartOf":{"@id":"https:\/\/advancedseeds.com\/#website"},"primaryImageOfPage":{"@id":"https:\/\/advancedseeds.com\/tienda\/automaticas\/auto-rainbow-sherbet-11-fem-advanced-seeds\/#primaryimage"},"image":{"@id":"https:\/\/advancedseeds.com\/tienda\/automaticas\/auto-rainbow-sherbet-11-fem-advanced-seeds\/#primaryimage"},"thumbnailUrl":"https:\/\/advancedseeds.com\/web\/wp-content\/uploads\/2024\/05\/Auto-Rainbow-Sherbet-scaled.jpg","datePublished":"2024-05-31T08:20:44+00:00","dateModified":"2025-03-22T17:22:42+00:00","breadcrumb":{"@id":"https:\/\/advancedseeds.com\/tienda\/automaticas\/auto-rainbow-sherbet-11-fem-advanced-seeds\/#breadcrumb"},"inLanguage":"it-IT","potentialAction":[{"@type":"ReadAction","target":["https:\/\/advancedseeds.com\/tienda\/automaticas\/auto-rainbow-sherbet-11-fem-advanced-seeds\/"]}]},{"@type":"ImageObject","inLanguage":"it-IT","@id":"https:\/\/advancedseeds.com\/tienda\/automaticas\/auto-rainbow-sherbet-11-fem-advanced-seeds\/#primaryimage","url":"https:\/\/advancedseeds.com\/web\/wp-content\/uploads\/2024\/05\/Auto-Rainbow-Sherbet-scaled.jpg","contentUrl":"https:\/\/advancedseeds.com\/web\/wp-content\/uploads\/2024\/05\/Auto-Rainbow-Sherbet-scaled.jpg","width":1707,"height":2560},{"@type":"BreadcrumbList","@id":"https:\/\/advancedseeds.com\/tienda\/automaticas\/auto-rainbow-sherbet-11-fem-advanced-seeds\/#breadcrumb","itemListElement":[{"@type":"ListItem","position":1,"name":"Home","item":"https:\/\/advancedseeds.com\/"},{"@type":"ListItem","position":2,"name":"Tienda","item":"https:\/\/advancedseeds.com\/"},{"@type":"ListItem","position":3,"name":"Auto Rainbow Sherbet #11"}]},{"@type":"WebSite","@id":"https:\/\/advancedseeds.com\/#website","url":"https:\/\/advancedseeds.com\/","name":"Semi avanzati","description":"Genetica avanzata in semi femminizzati e automatici.","publisher":{"@id":"https:\/\/advancedseeds.com\/#organization"},"potentialAction":[{"@type":"SearchAction","target":{"@type":"EntryPoint","urlTemplate":"https:\/\/advancedseeds.com\/?s={search_term_string}"},"query-input":{"@type":"PropertyValueSpecification","valueRequired":true,"valueName":"search_term_string"}}],"inLanguage":"it-IT"},{"@type":"Organization","@id":"https:\/\/advancedseeds.com\/#organization","name":"Semi avanzati","url":"https:\/\/advancedseeds.com\/","logo":{"@type":"ImageObject","inLanguage":"it-IT","@id":"https:\/\/advancedseeds.com\/#\/schema\/logo\/image\/","url":"https:\/\/advancedseeds.com\/web\/wp-content\/uploads\/2021\/01\/logo-advanced.jpg","contentUrl":"https:\/\/advancedseeds.com\/web\/wp-content\/uploads\/2021\/01\/logo-advanced.jpg","width":600,"height":600,"caption":"Advanced Seeds"},"image":{"@id":"https:\/\/advancedseeds.com\/#\/schema\/logo\/image\/"}}]}},"_links":{"self":[{"href":"https:\/\/advancedseeds.com\/it\/wp-json\/wp\/v2\/product\/14875","targetHints":{"allow":["GET"]}}],"collection":[{"href":"https:\/\/advancedseeds.com\/it\/wp-json\/wp\/v2\/product"}],"about":[{"href":"https:\/\/advancedseeds.com\/it\/wp-json\/wp\/v2\/types\/product"}],"replies":[{"embeddable":true,"href":"https:\/\/advancedseeds.com\/it\/wp-json\/wp\/v2\/comments?post=14875"}],"wp:featuredmedia":[{"embeddable":true,"href":"https:\/\/advancedseeds.com\/it\/wp-json\/wp\/v2\/media\/19798"}],"wp:attachment":[{"href":"https:\/\/advancedseeds.com\/it\/wp-json\/wp\/v2\/media?parent=14875"}],"wp:term":[{"taxonomy":"product_brand","embeddable":true,"href":"https:\/\/advancedseeds.com\/it\/wp-json\/wp\/v2\/product_brand?post=14875"},{"taxonomy":"product_cat","embeddable":true,"href":"https:\/\/advancedseeds.com\/it\/wp-json\/wp\/v2\/product_cat?post=14875"},{"taxonomy":"product_tag","embeddable":true,"href":"https:\/\/advancedseeds.com\/it\/wp-json\/wp\/v2\/product_tag?post=14875"}],"curies":[{"name":"wp","href":"https:\/\/api.w.org\/{rel}","templated":true}]}}