{"id":14876,"date":"2024-05-31T09:20:44","date_gmt":"2024-05-31T08:20:44","guid":{"rendered":"https:\/\/advancedseeds.com\/web\/?post_type=product&#038;p=14876"},"modified":"2025-03-22T18:25:36","modified_gmt":"2025-03-22T17:25:36","slug":"auto-zerealz-milk-fem-advanced-seeds","status":"publish","type":"product","link":"https:\/\/advancedseeds.com\/it\/tienda\/automaticas\/auto-zerealz-milk-fem-advanced-seeds\/","title":{"rendered":"Auto Zerealz Milk"},"content":{"rendered":"<p><span style=\"font-weight: 400\">Scoprite Auto Zereal Milk: gusto eccezionale, facile da coltivare e fioritura rapida - perfetta per ogni giardino!<\/span><\/p>\n<p><span style=\"font-weight: 400\">Il<\/span><a href=\"https:\/\/advancedseeds.com\/web\/categoria-producto\/automaticas\/\"> <b>Semi autofiorenti<\/b><\/a><b> Auto Zerealz Milk<\/b><span style=\"font-weight: 400\"> combina il meglio del sapore unico della Zerealz Milk con la comodit\u00e0 di una variet\u00e0 autofiorente. Preparatevi a un'esperienza di coltivazione semplificata e a un raccolto veloce senza sacrificare la qualit\u00e0.<\/span><\/p>\n<h2><span style=\"font-weight: 400\">Qual \u00e8 la genetica di questi semi?<\/span><\/h2>\n<p><span style=\"font-weight: 400\">Il Latte Auto Zereal \u00e8 il risultato della <\/span><b>incrocio tra la Zerealz Milk e una genetica autofiorente.<\/b><span style=\"font-weight: 400\"> Selezionata con cura per non rovinare le sue eccellenti qualit\u00e0. Questa variet\u00e0 mantiene la <\/span><b>dominanza indica<\/b><span style=\"font-weight: 400\"> della sua versione fotoperiodica, ma con il vantaggio di un ciclo vitale pi\u00f9 breve e di una maggiore resistenza, che si riflette nella facilit\u00e0 di coltivazione.<\/span><\/p>\n<h2><span style=\"font-weight: 400\">Che aspetto ha l'Auto Zerealz Milk?<\/span><\/h2>\n<p><span style=\"font-weight: 400\">L'Auto Zerealz Milk \u00e8 dotato di un <\/span><b>struttura compatta e robusta<\/b><span style=\"font-weight: 400\">\u00c8 ideale per le coltivazioni in cui lo spazio \u00e8 limitato. Le sue cime sono quasi altrettanto dense e resinose di quelle della versione normale, anche se <\/span><b>presentare pi\u00f9 foglie<\/b><span style=\"font-weight: 400\">La colorazione varia dal verde chiaro alle vibranti tonalit\u00e0 arancioni. Questa variet\u00e0 si distingue per il suo fascino visivo e per l'elevata produzione di tricomi, che la rendono perfetta sia per il consumo personale di erba che per le estrazioni.<\/span><\/p>\n<h2><span style=\"font-weight: 400\">Come si coltivano questi semi all'interno e all'esterno?<\/span><\/h2>\n<h3><span style=\"font-weight: 400\">Coltivazione indoor:<\/span><\/h3>\n<p><span style=\"font-weight: 400\">La Auto Zerealz Milk \u00e8 una variet\u00e0 che richiede poche attenzioni, quindi \u00e8 perfetta per i principianti. Si adatta perfettamente a spazi ridotti come <\/span><b>microculture <\/b><span style=\"font-weight: 400\">e non ha bisogno di cambiamenti nel ciclo di luce per fiorire. Questa variet\u00e0 autofiorente <\/span><b>perdona gli errori comuni<\/b><span style=\"font-weight: 400\"> e che comunque offre risultati eccellenti. Se non avete molta esperienza, potete <\/span><b>piantare i semi direttamente nel vaso definitivo<\/b><span style=\"font-weight: 400\">In questo modo si evita la necessit\u00e0 di trapianti.<\/span><\/p>\n<h3><span style=\"font-weight: 400\">Coltivazione all'aperto:<\/span><\/h3>\n<p><span style=\"font-weight: 400\">La Auto Zerealz Milk pu\u00f2 produrre pi\u00f9 raccolti in una stagione grazie al suo breve ciclo di vita e alla capacit\u00e0 di autofiorenza. \u00c8 resistente alle variazioni climatiche e ai parassiti e le sue dimensioni compatte la rendono ideale per giardini o balconi discreti. Si consiglia di <\/span><b>posizionamento dei picchetti di rinforzo<\/b><span style=\"font-weight: 400\"> per i rami e la punta principale, in questo modo si evitano rotture e le piante danno una resa maggiore.<\/span><\/p>\n<h2><span style=\"font-weight: 400\">Quando viene raccolto l'Auto Zerealz Milk?<\/span><\/h2>\n<p><span style=\"font-weight: 400\">Il latte Auto Zereal completa il suo ciclo dalla germinazione alla raccolta in <\/span><b>circa 70-75 giorni<\/b><span style=\"font-weight: 400\">sia all'interno che all'esterno. Questo permette ai coltivatori di godere rapidamente del loro prodotto, ideale per chi vuole risultati immediati.<\/span><\/p>\n<h2><span style=\"font-weight: 400\">Quanto producono questi semi?<\/span><\/h2>\n<p><span style=\"font-weight: 400\">Nonostante le sue dimensioni compatte, Auto Zereal Milk sorprende per le sue rese generose, che arrivano fino a <\/span><b>450 g\/m2 o pi\u00f9<\/b><span style=\"font-weight: 400\"> all'interno e 50-170 g per pianta all'esterno. Anche la sua produzione di resina \u00e8 notevole, in questo senso non ha nulla da invidiare alla Zereal Milk.<\/span><\/p>\n<h2><span style=\"font-weight: 400\">Qual \u00e8 l'aroma e il gusto dell'Auto Zerealz Milk?<\/span><\/h2>\n<p><span style=\"font-weight: 400\">Questa variet\u00e0 conserva il profilo aromatico dolce e cremoso della sua versione fotoperiodica, con <\/span><b>note di vaniglia, agrumi e un retrogusto di frutta tropicale<\/b><span style=\"font-weight: 400\">. L'aroma \u00e8 inebriante e il gusto persiste, offrendo una squisita esperienza sensoriale.<\/span><\/p>\n<h2><span style=\"font-weight: 400\">Che tipo di effetto ha questa marijuana?<\/span><\/h2>\n<p><span style=\"font-weight: 400\">Auto Zerealz Milk offre un <\/span><b>effetto equilibrato e piacevole<\/b><span style=\"font-weight: 400\">La potenza di questo prodotto \u00e8 adatta per essere gustata in qualsiasi momento della giornata. <\/span><b>Ideale per socializzare o per momenti creativi<\/b><span style=\"font-weight: 400\">Fornisce una sensazione di euforia e di rilassamento corporeo senza essere opprimente. Non \u00e8 potente come la versione normale, ma il suo contenuto di THC supera facilmente il 20%.<\/span><\/p>\n<h2><span style=\"font-weight: 400\">Acquistare i semi autofiorenti Auto Zerealz Milk al miglior prezzo online<\/span><\/h2>\n<p><span style=\"font-weight: 400\">Acquista i tuoi semi di Auto Zereal Milk da Advancedseeds.com e goditi una coltivazione senza problemi con un gusto imbattibile - non perdere questa eccezionale variet\u00e0 autofiorente!<\/span><\/p>\n<h2><span style=\"font-weight: 400\">Domande frequenti sull'Zerealz Milk:<\/span><\/h2>\n<h3><span style=\"font-weight: 400\">L'Auto Zerealz Milk \u00e8 adatto ai principianti?\u00a0<\/span><\/h3>\n<p><span style=\"font-weight: 400\">S\u00ec, la sua facilit\u00e0 di coltivazione la rende ideale per i principianti.<\/span><\/p>\n<h3><span style=\"font-weight: 400\">Qual \u00e8 la principale differenza con la versione fotoperiodica?\u00a0<\/span><\/h3>\n<p><span style=\"font-weight: 400\">Ha un ciclo di vita pi\u00f9 breve, non richiede cambiamenti nel ciclo di luce ed \u00e8 pi\u00f9 resistente allo stress.<\/span><\/p>\n<p>&nbsp;<\/p>","protected":false},"excerpt":{"rendered":"<p>-<\/p>","protected":false},"featured_media":19797,"comment_status":"open","ping_status":"closed","template":"","meta":{"_acf_changed":false},"product_brand":[],"product_cat":[70],"product_tag":[],"class_list":{"0":"post-14876","1":"product","2":"type-product","3":"status-publish","4":"has-post-thumbnail","6":"product_cat-automaticas","8":"first","9":"instock","10":"taxable","11":"shipping-taxable","12":"purchasable","13":"product-type-variable"},"acf":[],"yoast_head":"<!-- This site is optimized with the Yoast SEO Premium plugin v26.3 (Yoast SEO v26.6) - https:\/\/yoast.com\/wordpress\/plugins\/seo\/ -->\n<title>Auto Zerealz Milk - Advanced Seeds<\/title>\n<meta name=\"robots\" content=\"index, follow, max-snippet:-1, max-image-preview:large, max-video-preview:-1\" \/>\n<link rel=\"canonical\" href=\"https:\/\/advancedseeds.com\/it\/tienda\/automaticas\/auto-zerealz-milk-fem-advanced-seeds\/\" \/>\n<meta property=\"og:locale\" content=\"it_IT\" \/>\n<meta property=\"og:type\" content=\"article\" \/>\n<meta property=\"og:title\" content=\"Auto Zerealz Milk\" \/>\n<meta property=\"og:description\" content=\"-\" \/>\n<meta property=\"og:url\" content=\"https:\/\/advancedseeds.com\/it\/tienda\/automaticas\/auto-zerealz-milk-fem-advanced-seeds\/\" \/>\n<meta property=\"og:site_name\" content=\"Advanced Seeds\" \/>\n<meta property=\"article:modified_time\" content=\"2025-03-22T17:25:36+00:00\" \/>\n<meta property=\"og:image\" content=\"https:\/\/advancedseeds.com\/web\/wp-content\/uploads\/2024\/05\/Auto-Zerealz-Milk-scaled.jpg\" \/>\n\t<meta property=\"og:image:width\" content=\"1707\" \/>\n\t<meta property=\"og:image:height\" content=\"2560\" \/>\n\t<meta property=\"og:image:type\" content=\"image\/jpeg\" \/>\n<meta name=\"twitter:card\" content=\"summary_large_image\" \/>\n<meta name=\"twitter:label1\" content=\"Tempo di lettura stimato\" \/>\n\t<meta name=\"twitter:data1\" content=\"4 minuti\" \/>\n<script type=\"application\/ld+json\" class=\"yoast-schema-graph\">{\"@context\":\"https:\/\/schema.org\",\"@graph\":[{\"@type\":\"WebPage\",\"@id\":\"https:\/\/advancedseeds.com\/tienda\/automaticas\/auto-zerealz-milk-fem-advanced-seeds\/\",\"url\":\"https:\/\/advancedseeds.com\/tienda\/automaticas\/auto-zerealz-milk-fem-advanced-seeds\/\",\"name\":\"Auto Zerealz Milk - Advanced Seeds\",\"isPartOf\":{\"@id\":\"https:\/\/advancedseeds.com\/#website\"},\"primaryImageOfPage\":{\"@id\":\"https:\/\/advancedseeds.com\/tienda\/automaticas\/auto-zerealz-milk-fem-advanced-seeds\/#primaryimage\"},\"image\":{\"@id\":\"https:\/\/advancedseeds.com\/tienda\/automaticas\/auto-zerealz-milk-fem-advanced-seeds\/#primaryimage\"},\"thumbnailUrl\":\"https:\/\/advancedseeds.com\/web\/wp-content\/uploads\/2024\/05\/Auto-Zerealz-Milk-scaled.jpg\",\"datePublished\":\"2024-05-31T08:20:44+00:00\",\"dateModified\":\"2025-03-22T17:25:36+00:00\",\"breadcrumb\":{\"@id\":\"https:\/\/advancedseeds.com\/tienda\/automaticas\/auto-zerealz-milk-fem-advanced-seeds\/#breadcrumb\"},\"inLanguage\":\"it-IT\",\"potentialAction\":[{\"@type\":\"ReadAction\",\"target\":[\"https:\/\/advancedseeds.com\/tienda\/automaticas\/auto-zerealz-milk-fem-advanced-seeds\/\"]}]},{\"@type\":\"ImageObject\",\"inLanguage\":\"it-IT\",\"@id\":\"https:\/\/advancedseeds.com\/tienda\/automaticas\/auto-zerealz-milk-fem-advanced-seeds\/#primaryimage\",\"url\":\"https:\/\/advancedseeds.com\/web\/wp-content\/uploads\/2024\/05\/Auto-Zerealz-Milk-scaled.jpg\",\"contentUrl\":\"https:\/\/advancedseeds.com\/web\/wp-content\/uploads\/2024\/05\/Auto-Zerealz-Milk-scaled.jpg\",\"width\":1707,\"height\":2560},{\"@type\":\"BreadcrumbList\",\"@id\":\"https:\/\/advancedseeds.com\/tienda\/automaticas\/auto-zerealz-milk-fem-advanced-seeds\/#breadcrumb\",\"itemListElement\":[{\"@type\":\"ListItem\",\"position\":1,\"name\":\"Home\",\"item\":\"https:\/\/advancedseeds.com\/\"},{\"@type\":\"ListItem\",\"position\":2,\"name\":\"Tienda\",\"item\":\"https:\/\/advancedseeds.com\/\"},{\"@type\":\"ListItem\",\"position\":3,\"name\":\"Auto Zerealz Milk\"}]},{\"@type\":\"WebSite\",\"@id\":\"https:\/\/advancedseeds.com\/#website\",\"url\":\"https:\/\/advancedseeds.com\/\",\"name\":\"Advanced Seeds\",\"description\":\"Gen\u00e9ticas Avanzadas en semillas feminizadas y autom\u00e1ticas.\",\"publisher\":{\"@id\":\"https:\/\/advancedseeds.com\/#organization\"},\"potentialAction\":[{\"@type\":\"SearchAction\",\"target\":{\"@type\":\"EntryPoint\",\"urlTemplate\":\"https:\/\/advancedseeds.com\/?s={search_term_string}\"},\"query-input\":{\"@type\":\"PropertyValueSpecification\",\"valueRequired\":true,\"valueName\":\"search_term_string\"}}],\"inLanguage\":\"it-IT\"},{\"@type\":\"Organization\",\"@id\":\"https:\/\/advancedseeds.com\/#organization\",\"name\":\"Advanced Seeds\",\"url\":\"https:\/\/advancedseeds.com\/\",\"logo\":{\"@type\":\"ImageObject\",\"inLanguage\":\"it-IT\",\"@id\":\"https:\/\/advancedseeds.com\/#\/schema\/logo\/image\/\",\"url\":\"https:\/\/advancedseeds.com\/web\/wp-content\/uploads\/2021\/01\/logo-advanced.jpg\",\"contentUrl\":\"https:\/\/advancedseeds.com\/web\/wp-content\/uploads\/2021\/01\/logo-advanced.jpg\",\"width\":600,\"height\":600,\"caption\":\"Advanced Seeds\"},\"image\":{\"@id\":\"https:\/\/advancedseeds.com\/#\/schema\/logo\/image\/\"}}]}<\/script>\n<!-- \/ Yoast SEO Premium plugin. -->","yoast_head_json":{"title":"Auto Zerealz Milk - Advanced Seeds","robots":{"index":"index","follow":"follow","max-snippet":"max-snippet:-1","max-image-preview":"max-image-preview:large","max-video-preview":"max-video-preview:-1"},"canonical":"https:\/\/advancedseeds.com\/it\/tienda\/automaticas\/auto-zerealz-milk-fem-advanced-seeds\/","og_locale":"it_IT","og_type":"article","og_title":"Auto Zerealz Milk","og_description":"-","og_url":"https:\/\/advancedseeds.com\/it\/tienda\/automaticas\/auto-zerealz-milk-fem-advanced-seeds\/","og_site_name":"Advanced Seeds","article_modified_time":"2025-03-22T17:25:36+00:00","og_image":[{"width":1707,"height":2560,"url":"https:\/\/advancedseeds.com\/web\/wp-content\/uploads\/2024\/05\/Auto-Zerealz-Milk-scaled.jpg","type":"image\/jpeg"}],"twitter_card":"summary_large_image","twitter_misc":{"Tempo di lettura stimato":"4 minuti"},"schema":{"@context":"https:\/\/schema.org","@graph":[{"@type":"WebPage","@id":"https:\/\/advancedseeds.com\/tienda\/automaticas\/auto-zerealz-milk-fem-advanced-seeds\/","url":"https:\/\/advancedseeds.com\/tienda\/automaticas\/auto-zerealz-milk-fem-advanced-seeds\/","name":"Auto Zerealz Milk - Advanced Seeds","isPartOf":{"@id":"https:\/\/advancedseeds.com\/#website"},"primaryImageOfPage":{"@id":"https:\/\/advancedseeds.com\/tienda\/automaticas\/auto-zerealz-milk-fem-advanced-seeds\/#primaryimage"},"image":{"@id":"https:\/\/advancedseeds.com\/tienda\/automaticas\/auto-zerealz-milk-fem-advanced-seeds\/#primaryimage"},"thumbnailUrl":"https:\/\/advancedseeds.com\/web\/wp-content\/uploads\/2024\/05\/Auto-Zerealz-Milk-scaled.jpg","datePublished":"2024-05-31T08:20:44+00:00","dateModified":"2025-03-22T17:25:36+00:00","breadcrumb":{"@id":"https:\/\/advancedseeds.com\/tienda\/automaticas\/auto-zerealz-milk-fem-advanced-seeds\/#breadcrumb"},"inLanguage":"it-IT","potentialAction":[{"@type":"ReadAction","target":["https:\/\/advancedseeds.com\/tienda\/automaticas\/auto-zerealz-milk-fem-advanced-seeds\/"]}]},{"@type":"ImageObject","inLanguage":"it-IT","@id":"https:\/\/advancedseeds.com\/tienda\/automaticas\/auto-zerealz-milk-fem-advanced-seeds\/#primaryimage","url":"https:\/\/advancedseeds.com\/web\/wp-content\/uploads\/2024\/05\/Auto-Zerealz-Milk-scaled.jpg","contentUrl":"https:\/\/advancedseeds.com\/web\/wp-content\/uploads\/2024\/05\/Auto-Zerealz-Milk-scaled.jpg","width":1707,"height":2560},{"@type":"BreadcrumbList","@id":"https:\/\/advancedseeds.com\/tienda\/automaticas\/auto-zerealz-milk-fem-advanced-seeds\/#breadcrumb","itemListElement":[{"@type":"ListItem","position":1,"name":"Home","item":"https:\/\/advancedseeds.com\/"},{"@type":"ListItem","position":2,"name":"Tienda","item":"https:\/\/advancedseeds.com\/"},{"@type":"ListItem","position":3,"name":"Auto Zerealz Milk"}]},{"@type":"WebSite","@id":"https:\/\/advancedseeds.com\/#website","url":"https:\/\/advancedseeds.com\/","name":"Semi avanzati","description":"Genetica avanzata in semi femminizzati e automatici.","publisher":{"@id":"https:\/\/advancedseeds.com\/#organization"},"potentialAction":[{"@type":"SearchAction","target":{"@type":"EntryPoint","urlTemplate":"https:\/\/advancedseeds.com\/?s={search_term_string}"},"query-input":{"@type":"PropertyValueSpecification","valueRequired":true,"valueName":"search_term_string"}}],"inLanguage":"it-IT"},{"@type":"Organization","@id":"https:\/\/advancedseeds.com\/#organization","name":"Semi avanzati","url":"https:\/\/advancedseeds.com\/","logo":{"@type":"ImageObject","inLanguage":"it-IT","@id":"https:\/\/advancedseeds.com\/#\/schema\/logo\/image\/","url":"https:\/\/advancedseeds.com\/web\/wp-content\/uploads\/2021\/01\/logo-advanced.jpg","contentUrl":"https:\/\/advancedseeds.com\/web\/wp-content\/uploads\/2021\/01\/logo-advanced.jpg","width":600,"height":600,"caption":"Advanced Seeds"},"image":{"@id":"https:\/\/advancedseeds.com\/#\/schema\/logo\/image\/"}}]}},"_links":{"self":[{"href":"https:\/\/advancedseeds.com\/it\/wp-json\/wp\/v2\/product\/14876","targetHints":{"allow":["GET"]}}],"collection":[{"href":"https:\/\/advancedseeds.com\/it\/wp-json\/wp\/v2\/product"}],"about":[{"href":"https:\/\/advancedseeds.com\/it\/wp-json\/wp\/v2\/types\/product"}],"replies":[{"embeddable":true,"href":"https:\/\/advancedseeds.com\/it\/wp-json\/wp\/v2\/comments?post=14876"}],"wp:featuredmedia":[{"embeddable":true,"href":"https:\/\/advancedseeds.com\/it\/wp-json\/wp\/v2\/media\/19797"}],"wp:attachment":[{"href":"https:\/\/advancedseeds.com\/it\/wp-json\/wp\/v2\/media?parent=14876"}],"wp:term":[{"taxonomy":"product_brand","embeddable":true,"href":"https:\/\/advancedseeds.com\/it\/wp-json\/wp\/v2\/product_brand?post=14876"},{"taxonomy":"product_cat","embeddable":true,"href":"https:\/\/advancedseeds.com\/it\/wp-json\/wp\/v2\/product_cat?post=14876"},{"taxonomy":"product_tag","embeddable":true,"href":"https:\/\/advancedseeds.com\/it\/wp-json\/wp\/v2\/product_tag?post=14876"}],"curies":[{"name":"wp","href":"https:\/\/api.w.org\/{rel}","templated":true}]}}