{"id":14917,"date":"2024-05-31T09:20:51","date_gmt":"2024-05-31T08:20:51","guid":{"rendered":"https:\/\/advancedseeds.com\/web\/?post_type=product&#038;p=14917"},"modified":"2025-03-22T17:16:15","modified_gmt":"2025-03-22T16:16:15","slug":"zerealz-milk-fem-advanced-seeds","status":"publish","type":"product","link":"https:\/\/advancedseeds.com\/it\/tienda\/feminizadas\/zerealz-milk-fem-advanced-seeds\/","title":{"rendered":"Zerealz Milk"},"content":{"rendered":"<p><a href=\"https:\/\/advancedseeds.com\/web\/categoria-producto\/feminizadas\/\"><b>Semi femminizzati<\/b><\/a><b> Zerealz Milk di Advanced Seeds<\/b>Un vero gioiello per i coltivatori che apprezzano i sapori fuori dal comune. Se avete un'alta tolleranza al THC apprezzerete la sua potenza e se siete alle prime armi con l'autocoltivazione della cannabis, apprezzerete la sua facilit\u00e0 di coltivazione.<\/p>\n<h2>Qual \u00e8 la genetica di questi semi?<\/h2>\n<p>Il latte Zereal \u00e8 un ibrido con <b>dominanza indica<\/b> (70% indica\/30% sativa), il risultato della <b>crossover tra Zerealz Milk e<\/b><a href=\"https:\/\/advancedseeds.com\/web\/producto\/zkittlez\/\"> <b>Zkittlez<\/b><\/a>. Questo lignaggio garantisce una genetica robusta e stabile, con un mix equilibrato delle qualit\u00e0 organolettiche dei suoi famosi genitori, noti per i loro sapori dolci e gli effetti piacevoli.<\/p>\n<h2>Che aspetto hanno i semi femminilizzati di Zerealz Milk?<\/h2>\n<p>Le piante di Latte Zereal hanno una struttura forte, grazie alla breve distanza tra i nodi, durante la fase vegetativa \u00e8 in grado di creare <b>molti germogli in poco spazio<\/b>. Una volta sbocciati, si allungano per lasciare spazio tra questi nodi alle gemme generate dalla concentrazione dei fiori. La colorazione di questi fiori varia <b>dai toni del verde menta agli accenti arancioni<\/b>che li rende visivamente attraenti.<\/p>\n<h2>Come si coltivano questi semi all'interno e all'esterno?<\/h2>\n<h3>Coltivazione indoor:<\/h3>\n<p>La Zerealz Milk pu\u00f2 essere lasciata crescere naturalmente e ottenere una buona resa, ma si possono anche applicare metodi di ottimizzazione della resa, poich\u00e9 tende a rispondere bene in generale. La sua natura indica rende facile la gestione dello spazio, e si possono mettere fino a<b> 16 piante\/m2 in vasi da 7 litri<\/b>. Per massimizzare il suo potenziale, si consiglia di aggiungere micro-life al substrato e, per ottenere un gusto migliore, si raccomanda la coltivazione con fertilizzanti organici.<\/p>\n<h3>Coltivazione all'aperto:<\/h3>\n<p>La Zerealz Milk preferita \u00e8 una variet\u00e0 resistente alle variazioni climatiche e ad alcuni parassiti, ma non fa male applicare prodotti fitosanitari in modo preventivo, <b>con particolare attenzione ai fungicidi<\/b>. In questo ambiente, beneficia di un ampio spazio sotterraneo per sviluppare l'apparato radicale e raggiungere il massimo potenziale produttivo. Non lesinate sul substrato e <b>dare a ogni pianta almeno un sacchetto da 50 litri di terriccio specifico per la cannabis.<\/b>.<\/p>\n<h2>Quando viene raccolto il seme femminilizzato Zerealz Milk?<\/h2>\n<p>Il tempo di fioritura indoor di Zereal Milk \u00e8 tipicamente <b>Da 8 a 10 settimane<\/b>Qui si pu\u00f2 \"giocare\" un po' con il punto di maturazione, adattandolo alle preferenze personali in termini di tipo di effetto. All'aperto, nell'emisfero settentrionale, si raccoglie solitamente nella prima met\u00e0 di ottobre, mentre nell'emisfero meridionale si raccoglie all'inizio di aprile.<\/p>\n<h2>Quanto producono questi semi?<\/h2>\n<p>Zereal Milk offre rendimenti impressionanti: <b>fino a 550 g\/m2<\/b> all'interno e pi\u00f9 di 800 g per pianta all'esterno, coltivata direttamente nel terreno e con molte ore di luce solare diretta. Inoltre, si distingue per l'elevata produzione di oli essenziali, per cui oltre alla quantit\u00e0 avrete anche la qualit\u00e0.<\/p>\n<h2>Com'\u00e8 l'aroma e il gusto dei semi femminizzati Zerealz Milk?<\/h2>\n<p>Prevalentemente <b>note dolci e cremose, che ricordano la vaniglia, con sentori di agrumi e note tropicali<\/b>. Il gusto \u00e8 ricco e persistente e lascia un retrogusto dolce e coinvolgente che non si vuole smettere di assaporare. Si potrebbe dire che \u00e8 un'ottima combinazione del sapore dei suoi genitori.<\/p>\n<h2>Che tipo di effetto ha questa marijuana?<\/h2>\n<p>La Zerealz Milk offre un effetto equilibrato e sociale, soprattutto per quelle notti in cui si vuole stare bene ma non addormentarsi. Con un contenuto di THC insolitamente alto, offre un effetto di <b>euforia gioiosa e notevole rilassamento corporeo<\/b>\u00c8 ideale per le conversazioni e le attivit\u00e0 creative. \u00c8 anche un'opzione terapeutica per alleviare il dolore e lo stress.<\/p>\n<h3>Acquistare i semi femminizzati Zerealz Milk al miglior prezzo online<\/h3>\n<p>Ottenete i vostri semi femminizzati di Zerealz Milk su Advancedseeds.com e sperimentate la coltivazione di una variet\u00e0 unica che combina sapore, effetto e resa - non perdete l'opportunit\u00e0 di coltivare questa straordinaria variet\u00e0!<\/p>\n<h2>Domande frequenti sull'Zerealz Milk:<\/h2>\n<h3>Quali sono le tecniche di coltivazione ideali per la Zerealz Milk?<\/h3>\n<p>La tecnica SCROG funziona molto bene, consentendo una distribuzione uniforme della luce e una maggiore resa.<\/p>\n<h3>L'Zerealz Milk \u00e8 adatto alle estrazioni?<\/h3>\n<p>S\u00ec, la sua elevata produzione di resina la rende eccellente per la produzione di hashish o colofonia di alta qualit\u00e0.<\/p>\n<h3>Quali precauzioni si devono prendere quando si coltiva l'Zerealz Milk?<\/h3>\n<p>Il monitoraggio del pH e dell'umidit\u00e0 \u00e8 fondamentale per evitare problemi come la crescita di funghi o lo stress delle piante.<\/p>","protected":false},"excerpt":{"rendered":"<p>-<\/p>","protected":false},"featured_media":19796,"comment_status":"open","ping_status":"closed","template":"","meta":{"_acf_changed":false},"product_brand":[],"product_cat":[69],"product_tag":[],"class_list":{"0":"post-14917","1":"product","2":"type-product","3":"status-publish","4":"has-post-thumbnail","6":"product_cat-feminizadas","8":"first","9":"instock","10":"taxable","11":"shipping-taxable","12":"purchasable","13":"product-type-variable"},"acf":[],"yoast_head":"<!-- This site is optimized with the Yoast SEO Premium plugin v26.3 (Yoast SEO v26.6) - https:\/\/yoast.com\/wordpress\/plugins\/seo\/ -->\n<title>Zerealz Milk - Advanced Seeds<\/title>\n<meta name=\"robots\" content=\"index, follow, max-snippet:-1, max-image-preview:large, max-video-preview:-1\" \/>\n<link rel=\"canonical\" href=\"https:\/\/advancedseeds.com\/it\/tienda\/feminizadas\/zerealz-milk-fem-advanced-seeds\/\" \/>\n<meta property=\"og:locale\" content=\"it_IT\" \/>\n<meta property=\"og:type\" content=\"article\" \/>\n<meta property=\"og:title\" content=\"Zerealz Milk\" \/>\n<meta property=\"og:description\" content=\"-\" \/>\n<meta property=\"og:url\" content=\"https:\/\/advancedseeds.com\/it\/tienda\/feminizadas\/zerealz-milk-fem-advanced-seeds\/\" \/>\n<meta property=\"og:site_name\" content=\"Advanced Seeds\" \/>\n<meta property=\"article:modified_time\" content=\"2025-03-22T16:16:15+00:00\" \/>\n<meta property=\"og:image\" content=\"https:\/\/advancedseeds.com\/web\/wp-content\/uploads\/2024\/05\/Zerealz-Milk-scaled.jpg\" \/>\n\t<meta property=\"og:image:width\" content=\"1707\" \/>\n\t<meta property=\"og:image:height\" content=\"2560\" \/>\n\t<meta property=\"og:image:type\" content=\"image\/jpeg\" \/>\n<meta name=\"twitter:card\" content=\"summary_large_image\" \/>\n<meta name=\"twitter:label1\" content=\"Tempo di lettura stimato\" \/>\n\t<meta name=\"twitter:data1\" content=\"4 minuti\" \/>\n<script type=\"application\/ld+json\" class=\"yoast-schema-graph\">{\"@context\":\"https:\/\/schema.org\",\"@graph\":[{\"@type\":\"WebPage\",\"@id\":\"https:\/\/advancedseeds.com\/tienda\/feminizadas\/zerealz-milk-fem-advanced-seeds\/\",\"url\":\"https:\/\/advancedseeds.com\/tienda\/feminizadas\/zerealz-milk-fem-advanced-seeds\/\",\"name\":\"Zerealz Milk - Advanced Seeds\",\"isPartOf\":{\"@id\":\"https:\/\/advancedseeds.com\/#website\"},\"primaryImageOfPage\":{\"@id\":\"https:\/\/advancedseeds.com\/tienda\/feminizadas\/zerealz-milk-fem-advanced-seeds\/#primaryimage\"},\"image\":{\"@id\":\"https:\/\/advancedseeds.com\/tienda\/feminizadas\/zerealz-milk-fem-advanced-seeds\/#primaryimage\"},\"thumbnailUrl\":\"https:\/\/advancedseeds.com\/web\/wp-content\/uploads\/2024\/05\/Zerealz-Milk-scaled.jpg\",\"datePublished\":\"2024-05-31T08:20:51+00:00\",\"dateModified\":\"2025-03-22T16:16:15+00:00\",\"breadcrumb\":{\"@id\":\"https:\/\/advancedseeds.com\/tienda\/feminizadas\/zerealz-milk-fem-advanced-seeds\/#breadcrumb\"},\"inLanguage\":\"it-IT\",\"potentialAction\":[{\"@type\":\"ReadAction\",\"target\":[\"https:\/\/advancedseeds.com\/tienda\/feminizadas\/zerealz-milk-fem-advanced-seeds\/\"]}]},{\"@type\":\"ImageObject\",\"inLanguage\":\"it-IT\",\"@id\":\"https:\/\/advancedseeds.com\/tienda\/feminizadas\/zerealz-milk-fem-advanced-seeds\/#primaryimage\",\"url\":\"https:\/\/advancedseeds.com\/web\/wp-content\/uploads\/2024\/05\/Zerealz-Milk-scaled.jpg\",\"contentUrl\":\"https:\/\/advancedseeds.com\/web\/wp-content\/uploads\/2024\/05\/Zerealz-Milk-scaled.jpg\",\"width\":1707,\"height\":2560},{\"@type\":\"BreadcrumbList\",\"@id\":\"https:\/\/advancedseeds.com\/tienda\/feminizadas\/zerealz-milk-fem-advanced-seeds\/#breadcrumb\",\"itemListElement\":[{\"@type\":\"ListItem\",\"position\":1,\"name\":\"Home\",\"item\":\"https:\/\/advancedseeds.com\/\"},{\"@type\":\"ListItem\",\"position\":2,\"name\":\"Tienda\",\"item\":\"https:\/\/advancedseeds.com\/\"},{\"@type\":\"ListItem\",\"position\":3,\"name\":\"Zerealz Milk\"}]},{\"@type\":\"WebSite\",\"@id\":\"https:\/\/advancedseeds.com\/#website\",\"url\":\"https:\/\/advancedseeds.com\/\",\"name\":\"Advanced Seeds\",\"description\":\"Gen\u00e9ticas Avanzadas en semillas feminizadas y autom\u00e1ticas.\",\"publisher\":{\"@id\":\"https:\/\/advancedseeds.com\/#organization\"},\"potentialAction\":[{\"@type\":\"SearchAction\",\"target\":{\"@type\":\"EntryPoint\",\"urlTemplate\":\"https:\/\/advancedseeds.com\/?s={search_term_string}\"},\"query-input\":{\"@type\":\"PropertyValueSpecification\",\"valueRequired\":true,\"valueName\":\"search_term_string\"}}],\"inLanguage\":\"it-IT\"},{\"@type\":\"Organization\",\"@id\":\"https:\/\/advancedseeds.com\/#organization\",\"name\":\"Advanced Seeds\",\"url\":\"https:\/\/advancedseeds.com\/\",\"logo\":{\"@type\":\"ImageObject\",\"inLanguage\":\"it-IT\",\"@id\":\"https:\/\/advancedseeds.com\/#\/schema\/logo\/image\/\",\"url\":\"https:\/\/advancedseeds.com\/web\/wp-content\/uploads\/2021\/01\/logo-advanced.jpg\",\"contentUrl\":\"https:\/\/advancedseeds.com\/web\/wp-content\/uploads\/2021\/01\/logo-advanced.jpg\",\"width\":600,\"height\":600,\"caption\":\"Advanced Seeds\"},\"image\":{\"@id\":\"https:\/\/advancedseeds.com\/#\/schema\/logo\/image\/\"}}]}<\/script>\n<!-- \/ Yoast SEO Premium plugin. -->","yoast_head_json":{"title":"Zerealz Milk - Advanced Seeds","robots":{"index":"index","follow":"follow","max-snippet":"max-snippet:-1","max-image-preview":"max-image-preview:large","max-video-preview":"max-video-preview:-1"},"canonical":"https:\/\/advancedseeds.com\/it\/tienda\/feminizadas\/zerealz-milk-fem-advanced-seeds\/","og_locale":"it_IT","og_type":"article","og_title":"Zerealz Milk","og_description":"-","og_url":"https:\/\/advancedseeds.com\/it\/tienda\/feminizadas\/zerealz-milk-fem-advanced-seeds\/","og_site_name":"Advanced Seeds","article_modified_time":"2025-03-22T16:16:15+00:00","og_image":[{"width":1707,"height":2560,"url":"https:\/\/advancedseeds.com\/web\/wp-content\/uploads\/2024\/05\/Zerealz-Milk-scaled.jpg","type":"image\/jpeg"}],"twitter_card":"summary_large_image","twitter_misc":{"Tempo di lettura stimato":"4 minuti"},"schema":{"@context":"https:\/\/schema.org","@graph":[{"@type":"WebPage","@id":"https:\/\/advancedseeds.com\/tienda\/feminizadas\/zerealz-milk-fem-advanced-seeds\/","url":"https:\/\/advancedseeds.com\/tienda\/feminizadas\/zerealz-milk-fem-advanced-seeds\/","name":"Zerealz Milk - Advanced Seeds","isPartOf":{"@id":"https:\/\/advancedseeds.com\/#website"},"primaryImageOfPage":{"@id":"https:\/\/advancedseeds.com\/tienda\/feminizadas\/zerealz-milk-fem-advanced-seeds\/#primaryimage"},"image":{"@id":"https:\/\/advancedseeds.com\/tienda\/feminizadas\/zerealz-milk-fem-advanced-seeds\/#primaryimage"},"thumbnailUrl":"https:\/\/advancedseeds.com\/web\/wp-content\/uploads\/2024\/05\/Zerealz-Milk-scaled.jpg","datePublished":"2024-05-31T08:20:51+00:00","dateModified":"2025-03-22T16:16:15+00:00","breadcrumb":{"@id":"https:\/\/advancedseeds.com\/tienda\/feminizadas\/zerealz-milk-fem-advanced-seeds\/#breadcrumb"},"inLanguage":"it-IT","potentialAction":[{"@type":"ReadAction","target":["https:\/\/advancedseeds.com\/tienda\/feminizadas\/zerealz-milk-fem-advanced-seeds\/"]}]},{"@type":"ImageObject","inLanguage":"it-IT","@id":"https:\/\/advancedseeds.com\/tienda\/feminizadas\/zerealz-milk-fem-advanced-seeds\/#primaryimage","url":"https:\/\/advancedseeds.com\/web\/wp-content\/uploads\/2024\/05\/Zerealz-Milk-scaled.jpg","contentUrl":"https:\/\/advancedseeds.com\/web\/wp-content\/uploads\/2024\/05\/Zerealz-Milk-scaled.jpg","width":1707,"height":2560},{"@type":"BreadcrumbList","@id":"https:\/\/advancedseeds.com\/tienda\/feminizadas\/zerealz-milk-fem-advanced-seeds\/#breadcrumb","itemListElement":[{"@type":"ListItem","position":1,"name":"Home","item":"https:\/\/advancedseeds.com\/"},{"@type":"ListItem","position":2,"name":"Tienda","item":"https:\/\/advancedseeds.com\/"},{"@type":"ListItem","position":3,"name":"Zerealz Milk"}]},{"@type":"WebSite","@id":"https:\/\/advancedseeds.com\/#website","url":"https:\/\/advancedseeds.com\/","name":"Semi avanzati","description":"Genetica avanzata in semi femminizzati e automatici.","publisher":{"@id":"https:\/\/advancedseeds.com\/#organization"},"potentialAction":[{"@type":"SearchAction","target":{"@type":"EntryPoint","urlTemplate":"https:\/\/advancedseeds.com\/?s={search_term_string}"},"query-input":{"@type":"PropertyValueSpecification","valueRequired":true,"valueName":"search_term_string"}}],"inLanguage":"it-IT"},{"@type":"Organization","@id":"https:\/\/advancedseeds.com\/#organization","name":"Semi avanzati","url":"https:\/\/advancedseeds.com\/","logo":{"@type":"ImageObject","inLanguage":"it-IT","@id":"https:\/\/advancedseeds.com\/#\/schema\/logo\/image\/","url":"https:\/\/advancedseeds.com\/web\/wp-content\/uploads\/2021\/01\/logo-advanced.jpg","contentUrl":"https:\/\/advancedseeds.com\/web\/wp-content\/uploads\/2021\/01\/logo-advanced.jpg","width":600,"height":600,"caption":"Advanced Seeds"},"image":{"@id":"https:\/\/advancedseeds.com\/#\/schema\/logo\/image\/"}}]}},"_links":{"self":[{"href":"https:\/\/advancedseeds.com\/it\/wp-json\/wp\/v2\/product\/14917","targetHints":{"allow":["GET"]}}],"collection":[{"href":"https:\/\/advancedseeds.com\/it\/wp-json\/wp\/v2\/product"}],"about":[{"href":"https:\/\/advancedseeds.com\/it\/wp-json\/wp\/v2\/types\/product"}],"replies":[{"embeddable":true,"href":"https:\/\/advancedseeds.com\/it\/wp-json\/wp\/v2\/comments?post=14917"}],"wp:featuredmedia":[{"embeddable":true,"href":"https:\/\/advancedseeds.com\/it\/wp-json\/wp\/v2\/media\/19796"}],"wp:attachment":[{"href":"https:\/\/advancedseeds.com\/it\/wp-json\/wp\/v2\/media?parent=14917"}],"wp:term":[{"taxonomy":"product_brand","embeddable":true,"href":"https:\/\/advancedseeds.com\/it\/wp-json\/wp\/v2\/product_brand?post=14917"},{"taxonomy":"product_cat","embeddable":true,"href":"https:\/\/advancedseeds.com\/it\/wp-json\/wp\/v2\/product_cat?post=14917"},{"taxonomy":"product_tag","embeddable":true,"href":"https:\/\/advancedseeds.com\/it\/wp-json\/wp\/v2\/product_tag?post=14917"}],"curies":[{"name":"wp","href":"https:\/\/api.w.org\/{rel}","templated":true}]}}