{"id":19587,"date":"2025-02-28T12:16:47","date_gmt":"2025-02-28T11:16:47","guid":{"rendered":"https:\/\/advancedseeds.com\/web\/?post_type=product&#038;p=19587"},"modified":"2025-03-22T17:23:53","modified_gmt":"2025-03-22T16:23:53","slug":"acai-mintz","status":"publish","type":"product","link":"https:\/\/advancedseeds.com\/it\/tienda\/feminizadas\/acai-mintz\/","title":{"rendered":"Acai Mintz"},"content":{"rendered":"<p>Il<a href=\"https:\/\/advancedseeds.com\/web\/categoria-producto\/feminizadas\/\"> <b>Semi femminizzati<\/b><\/a><b> Acai Mintz<\/b> di Advanced Seeds sono il fiore all'occhiello per qualsiasi coltivatore. Questo incrocio di 2 discendenti della famiglia Cookies si distingue per il suo sapore delicato e una potenza che sedurr\u00e0 anche i consumatori pi\u00f9 esperti, per quanto alta possa essere la loro tolleranza.<\/p>\n<h2>Qual \u00e8 la genetica di questi semi?<\/h2>\n<p>Il lignaggio di Acai Mintz \u00e8 degno di attenzione. <b>Gelato all'Acai, <\/b>con le sue note fruttate e dolci<b>La potenza e la freschezza del Kush Mintz<\/b>creare una variet\u00e0 di <b>prevalentemente indica<\/b>. Questa genetica garantisce un grande vigore ibrido, poich\u00e9 la combinazione di due ceppi geneticamente distanti rafforza questo fenomeno.<\/p>\n<h2>Che aspetto hanno le piante Acai Mintz?<\/h2>\n<p>La Acai Mintz raggiunge un'altezza media, ideale per coltivazioni in spazi limitati. La struttura \u00e8 quella classica delle indica: steli spessi e foglie larghe di colore verde scuro, con le classiche foglioline tipiche della famiglia Cookies. <b>I boccioli sono di medie dimensioni, ma cos\u00ec duri<\/b> \u00e8 necessario acquistare una smerigliatrice con denti diamantati per macinarli. Nelle giuste condizioni, mostrano un <b>una tavolozza di colori impressionante<\/b>con toni viola e blu che rendono ogni raccolto uno spettacolo visivo.<\/p>\n<h2>Come si coltivano questi semi al chiuso?<\/h2>\n<h3>Coltivazione indoor:<\/h3>\n<p>La Acai Mintz \u00e8 una variet\u00e0 che tende a dare buoni risultati anche se coltivata da mani inesperte. Ama la luce intensa e risponde eccezionalmente bene alla potatura e all'allenamento, come la maggior parte dei discendenti della leggendaria Chemdog. La sua struttura compatta ma ramificata la rende ideale per <b>metodi come Main Lining e SCROG<\/b>massimizzare la produzione in spazi ridotti. Un'adeguata ventilazione e un rigoroso controllo del clima sono fondamentali per esaltarne le qualit\u00e0.<\/p>\n<h3>Coltivazione all'aperto:<\/h3>\n<p>La Acai Mintz prospera in climi temperati come l'Europa meridionale e la maggior parte degli Stati Uniti. Predilige substrati organici come il Super Soil, che ne esaltano le propriet\u00e0 organolettiche, ma \u00e8 possibile coltivarla con<a href=\"https:\/\/advancedseeds.com\/web\/categoria-producto\/nutrientes-recomendados\/\"> <b>Concimi minerali specifici per la marijuana<\/b><\/a><b> come quelli del marchio Cannotecnia<\/b>. La potatura apicale e il traliccio aiutano a controllare l'altezza e a migliorare la circolazione dell'aria tra i fiori.<\/p>\n<h2>Quando vengono raccolti i semi femminizzati Acai Mintz?<\/h2>\n<p>All'interno, <b>il suo ciclo di fioritura \u00e8 compreso tra le 8 e le 9 settimane.<\/b>A seconda del fenotipo e di quanto tempo si desidera lasciarle maturare. All'aperto, nell'emisfero settentrionale, \u00e8 pronta per la raccolta a partire dalla fine di settembre, offrendo una finestra di raccolta ottimale per evitare le prime piogge autunnali. Nell'emisfero meridionale, la raccolta avviene a marzo.<\/p>\n<h2>Quanto producono questi semi?<\/h2>\n<p>In condizioni ideali, l'Acai Mintz pu\u00f2 eseguire <b>circa 500 g\/m2<\/b> all'interno e pi\u00f9 di 700 g\/pianta all'esterno. I suoi fiori sono una meraviglia resinosa, ideale per le estrazioni grazie alla sua elevata produzione di tricomi e alla qualit\u00e0 degli oli tricomici. Il suo contenuto di cannabinoidi \u00e8 elevato, con un THC superiore alla media e un profilo ricco di terpeni come il limonene e il mircene, che contribuiscono al suo potente effetto e al suo aroma inconfondibile.<\/p>\n<h2>Com'\u00e8 l'aroma e il gusto dei semi femminizzati Acai Mintz?<\/h2>\n<p>L'aroma di Acai Mintz non l'avete mai assaggiato prima: <b>note di frutti di bosco si intrecciano con sentori di menta e un fondo terroso<\/b>. Quando si fuma, il gusto \u00e8 un'esplosione di dolcezza fruttata con un tocco rinfrescante di agrumi. Il retrogusto di menta lascia un'impressione duratura, un mix di terrosit\u00e0 e dolcezza che invita a fumare di nuovo.<\/p>\n<h2>Che tipo di effetto ha questa marijuana?<\/h2>\n<p>Acai Mintz ha un <b>potente effetto misto<\/b>rilassante ed euforica al tempo stesso, con un contenuto di THC di circa <b>27%.<\/b> Ideale per alleviare lo stress e l'ansia, il suo effetto \u00e8 profondamente sedativo e cerebrale, offrendo anche benefici terapeutici come il sollievo dal dolore e la stimolazione dell'appetito.<\/p>\n<h2>Compra semi femminilizzati di Acai Mintz al miglior prezzo online su Advancedseeds.com<\/h2>\n<p>Non siete ancora convinti? Non aspettate oltre per aggiungere i semi femminizzati Acai Mintz alla vostra collezione. Godetevi un'esperienza di coltivazione gratificante e un prodotto finale di qualit\u00e0 eccezionale - acquistate ora su Advanced Seeds al miglior prezzo online!<\/p>\n<h2>Domande frequenti su Acai Mintz:<\/h2>\n<h3>\u00c8 difficile coltivare l'Acai Mintz?<\/h3>\n<p>No, la Acai Mintz \u00e8 una variet\u00e0 adatta sia ai coltivatori principianti che a quelli esperti, grazie alla sua resistenza e versatilit\u00e0 in una variet\u00e0 di ambienti di coltivazione.<\/p>\n<h3>Quali sono gli effetti medicinali di Acai Mintz?<\/h3>\n<p>La Acai Mintz \u00e8 nota per il suo potenziale di alleviare il dolore, ridurre lo stress e migliorare l'appetito, grazie al suo alto contenuto di THC e al suo profilo cannabinoide.<\/p>","protected":false},"excerpt":{"rendered":"<p>Scoprite i semi di cannabis femminizzati Acai Mintz di Advanced Seeds, una variet\u00e0 eccezionale dal gusto unico e dagli effetti potenti.<\/p>","protected":false},"featured_media":19795,"comment_status":"open","ping_status":"closed","template":"","meta":{"_acf_changed":false},"product_brand":[],"product_cat":[69],"product_tag":[],"class_list":{"0":"post-19587","1":"product","2":"type-product","3":"status-publish","4":"has-post-thumbnail","6":"product_cat-feminizadas","8":"first","9":"instock","10":"taxable","11":"shipping-taxable","12":"purchasable","13":"product-type-variable"},"acf":[],"yoast_head":"<!-- This site is optimized with the Yoast SEO Premium plugin v26.3 (Yoast SEO v26.6) - https:\/\/yoast.com\/wordpress\/plugins\/seo\/ -->\n<title>Acai Mintz - Advanced Seeds<\/title>\n<meta name=\"robots\" content=\"index, follow, max-snippet:-1, max-image-preview:large, max-video-preview:-1\" \/>\n<link rel=\"canonical\" href=\"https:\/\/advancedseeds.com\/it\/tienda\/feminizadas\/acai-mintz\/\" \/>\n<meta property=\"og:locale\" content=\"it_IT\" \/>\n<meta property=\"og:type\" content=\"article\" \/>\n<meta property=\"og:title\" content=\"Acai Mintz\" \/>\n<meta property=\"og:description\" content=\"Descubre las semillas feminizadas de cannabis Acai Mintz de Advanced Seeds, una variedad excepcional con sabor \u00fanico y efectos potentes.\" \/>\n<meta property=\"og:url\" content=\"https:\/\/advancedseeds.com\/it\/tienda\/feminizadas\/acai-mintz\/\" \/>\n<meta property=\"og:site_name\" content=\"Advanced Seeds\" \/>\n<meta property=\"article:modified_time\" content=\"2025-03-22T16:23:53+00:00\" \/>\n<meta property=\"og:image\" content=\"https:\/\/advancedseeds.com\/web\/wp-content\/uploads\/2025\/02\/Acai-Mintz-scaled.jpg\" \/>\n\t<meta property=\"og:image:width\" content=\"1707\" \/>\n\t<meta property=\"og:image:height\" content=\"2560\" \/>\n\t<meta property=\"og:image:type\" content=\"image\/jpeg\" \/>\n<meta name=\"twitter:card\" content=\"summary_large_image\" \/>\n<meta name=\"twitter:label1\" content=\"Tempo di lettura stimato\" \/>\n\t<meta name=\"twitter:data1\" content=\"4 minuti\" \/>\n<script type=\"application\/ld+json\" class=\"yoast-schema-graph\">{\"@context\":\"https:\/\/schema.org\",\"@graph\":[{\"@type\":\"WebPage\",\"@id\":\"https:\/\/advancedseeds.com\/tienda\/feminizadas\/acai-mintz\/\",\"url\":\"https:\/\/advancedseeds.com\/tienda\/feminizadas\/acai-mintz\/\",\"name\":\"Acai Mintz - Advanced Seeds\",\"isPartOf\":{\"@id\":\"https:\/\/advancedseeds.com\/#website\"},\"primaryImageOfPage\":{\"@id\":\"https:\/\/advancedseeds.com\/tienda\/feminizadas\/acai-mintz\/#primaryimage\"},\"image\":{\"@id\":\"https:\/\/advancedseeds.com\/tienda\/feminizadas\/acai-mintz\/#primaryimage\"},\"thumbnailUrl\":\"https:\/\/advancedseeds.com\/web\/wp-content\/uploads\/2025\/02\/Acai-Mintz-scaled.jpg\",\"datePublished\":\"2025-02-28T11:16:47+00:00\",\"dateModified\":\"2025-03-22T16:23:53+00:00\",\"breadcrumb\":{\"@id\":\"https:\/\/advancedseeds.com\/tienda\/feminizadas\/acai-mintz\/#breadcrumb\"},\"inLanguage\":\"it-IT\",\"potentialAction\":[{\"@type\":\"ReadAction\",\"target\":[\"https:\/\/advancedseeds.com\/tienda\/feminizadas\/acai-mintz\/\"]}]},{\"@type\":\"ImageObject\",\"inLanguage\":\"it-IT\",\"@id\":\"https:\/\/advancedseeds.com\/tienda\/feminizadas\/acai-mintz\/#primaryimage\",\"url\":\"https:\/\/advancedseeds.com\/web\/wp-content\/uploads\/2025\/02\/Acai-Mintz-scaled.jpg\",\"contentUrl\":\"https:\/\/advancedseeds.com\/web\/wp-content\/uploads\/2025\/02\/Acai-Mintz-scaled.jpg\",\"width\":1707,\"height\":2560},{\"@type\":\"BreadcrumbList\",\"@id\":\"https:\/\/advancedseeds.com\/tienda\/feminizadas\/acai-mintz\/#breadcrumb\",\"itemListElement\":[{\"@type\":\"ListItem\",\"position\":1,\"name\":\"Home\",\"item\":\"https:\/\/advancedseeds.com\/\"},{\"@type\":\"ListItem\",\"position\":2,\"name\":\"Tienda\",\"item\":\"https:\/\/advancedseeds.com\/\"},{\"@type\":\"ListItem\",\"position\":3,\"name\":\"Acai Mintz\"}]},{\"@type\":\"WebSite\",\"@id\":\"https:\/\/advancedseeds.com\/#website\",\"url\":\"https:\/\/advancedseeds.com\/\",\"name\":\"Advanced Seeds\",\"description\":\"Gen\u00e9ticas Avanzadas en semillas feminizadas y autom\u00e1ticas.\",\"publisher\":{\"@id\":\"https:\/\/advancedseeds.com\/#organization\"},\"potentialAction\":[{\"@type\":\"SearchAction\",\"target\":{\"@type\":\"EntryPoint\",\"urlTemplate\":\"https:\/\/advancedseeds.com\/?s={search_term_string}\"},\"query-input\":{\"@type\":\"PropertyValueSpecification\",\"valueRequired\":true,\"valueName\":\"search_term_string\"}}],\"inLanguage\":\"it-IT\"},{\"@type\":\"Organization\",\"@id\":\"https:\/\/advancedseeds.com\/#organization\",\"name\":\"Advanced Seeds\",\"url\":\"https:\/\/advancedseeds.com\/\",\"logo\":{\"@type\":\"ImageObject\",\"inLanguage\":\"it-IT\",\"@id\":\"https:\/\/advancedseeds.com\/#\/schema\/logo\/image\/\",\"url\":\"https:\/\/advancedseeds.com\/web\/wp-content\/uploads\/2021\/01\/logo-advanced.jpg\",\"contentUrl\":\"https:\/\/advancedseeds.com\/web\/wp-content\/uploads\/2021\/01\/logo-advanced.jpg\",\"width\":600,\"height\":600,\"caption\":\"Advanced Seeds\"},\"image\":{\"@id\":\"https:\/\/advancedseeds.com\/#\/schema\/logo\/image\/\"}}]}<\/script>\n<!-- \/ Yoast SEO Premium plugin. -->","yoast_head_json":{"title":"Acai Mintz - Advanced Seeds","robots":{"index":"index","follow":"follow","max-snippet":"max-snippet:-1","max-image-preview":"max-image-preview:large","max-video-preview":"max-video-preview:-1"},"canonical":"https:\/\/advancedseeds.com\/it\/tienda\/feminizadas\/acai-mintz\/","og_locale":"it_IT","og_type":"article","og_title":"Acai Mintz","og_description":"Descubre las semillas feminizadas de cannabis Acai Mintz de Advanced Seeds, una variedad excepcional con sabor \u00fanico y efectos potentes.","og_url":"https:\/\/advancedseeds.com\/it\/tienda\/feminizadas\/acai-mintz\/","og_site_name":"Advanced Seeds","article_modified_time":"2025-03-22T16:23:53+00:00","og_image":[{"width":1707,"height":2560,"url":"https:\/\/advancedseeds.com\/web\/wp-content\/uploads\/2025\/02\/Acai-Mintz-scaled.jpg","type":"image\/jpeg"}],"twitter_card":"summary_large_image","twitter_misc":{"Tempo di lettura stimato":"4 minuti"},"schema":{"@context":"https:\/\/schema.org","@graph":[{"@type":"WebPage","@id":"https:\/\/advancedseeds.com\/tienda\/feminizadas\/acai-mintz\/","url":"https:\/\/advancedseeds.com\/tienda\/feminizadas\/acai-mintz\/","name":"Acai Mintz - Advanced Seeds","isPartOf":{"@id":"https:\/\/advancedseeds.com\/#website"},"primaryImageOfPage":{"@id":"https:\/\/advancedseeds.com\/tienda\/feminizadas\/acai-mintz\/#primaryimage"},"image":{"@id":"https:\/\/advancedseeds.com\/tienda\/feminizadas\/acai-mintz\/#primaryimage"},"thumbnailUrl":"https:\/\/advancedseeds.com\/web\/wp-content\/uploads\/2025\/02\/Acai-Mintz-scaled.jpg","datePublished":"2025-02-28T11:16:47+00:00","dateModified":"2025-03-22T16:23:53+00:00","breadcrumb":{"@id":"https:\/\/advancedseeds.com\/tienda\/feminizadas\/acai-mintz\/#breadcrumb"},"inLanguage":"it-IT","potentialAction":[{"@type":"ReadAction","target":["https:\/\/advancedseeds.com\/tienda\/feminizadas\/acai-mintz\/"]}]},{"@type":"ImageObject","inLanguage":"it-IT","@id":"https:\/\/advancedseeds.com\/tienda\/feminizadas\/acai-mintz\/#primaryimage","url":"https:\/\/advancedseeds.com\/web\/wp-content\/uploads\/2025\/02\/Acai-Mintz-scaled.jpg","contentUrl":"https:\/\/advancedseeds.com\/web\/wp-content\/uploads\/2025\/02\/Acai-Mintz-scaled.jpg","width":1707,"height":2560},{"@type":"BreadcrumbList","@id":"https:\/\/advancedseeds.com\/tienda\/feminizadas\/acai-mintz\/#breadcrumb","itemListElement":[{"@type":"ListItem","position":1,"name":"Home","item":"https:\/\/advancedseeds.com\/"},{"@type":"ListItem","position":2,"name":"Tienda","item":"https:\/\/advancedseeds.com\/"},{"@type":"ListItem","position":3,"name":"Acai Mintz"}]},{"@type":"WebSite","@id":"https:\/\/advancedseeds.com\/#website","url":"https:\/\/advancedseeds.com\/","name":"Semi avanzati","description":"Genetica avanzata in semi femminizzati e automatici.","publisher":{"@id":"https:\/\/advancedseeds.com\/#organization"},"potentialAction":[{"@type":"SearchAction","target":{"@type":"EntryPoint","urlTemplate":"https:\/\/advancedseeds.com\/?s={search_term_string}"},"query-input":{"@type":"PropertyValueSpecification","valueRequired":true,"valueName":"search_term_string"}}],"inLanguage":"it-IT"},{"@type":"Organization","@id":"https:\/\/advancedseeds.com\/#organization","name":"Semi avanzati","url":"https:\/\/advancedseeds.com\/","logo":{"@type":"ImageObject","inLanguage":"it-IT","@id":"https:\/\/advancedseeds.com\/#\/schema\/logo\/image\/","url":"https:\/\/advancedseeds.com\/web\/wp-content\/uploads\/2021\/01\/logo-advanced.jpg","contentUrl":"https:\/\/advancedseeds.com\/web\/wp-content\/uploads\/2021\/01\/logo-advanced.jpg","width":600,"height":600,"caption":"Advanced Seeds"},"image":{"@id":"https:\/\/advancedseeds.com\/#\/schema\/logo\/image\/"}}]}},"_links":{"self":[{"href":"https:\/\/advancedseeds.com\/it\/wp-json\/wp\/v2\/product\/19587","targetHints":{"allow":["GET"]}}],"collection":[{"href":"https:\/\/advancedseeds.com\/it\/wp-json\/wp\/v2\/product"}],"about":[{"href":"https:\/\/advancedseeds.com\/it\/wp-json\/wp\/v2\/types\/product"}],"replies":[{"embeddable":true,"href":"https:\/\/advancedseeds.com\/it\/wp-json\/wp\/v2\/comments?post=19587"}],"wp:featuredmedia":[{"embeddable":true,"href":"https:\/\/advancedseeds.com\/it\/wp-json\/wp\/v2\/media\/19795"}],"wp:attachment":[{"href":"https:\/\/advancedseeds.com\/it\/wp-json\/wp\/v2\/media?parent=19587"}],"wp:term":[{"taxonomy":"product_brand","embeddable":true,"href":"https:\/\/advancedseeds.com\/it\/wp-json\/wp\/v2\/product_brand?post=19587"},{"taxonomy":"product_cat","embeddable":true,"href":"https:\/\/advancedseeds.com\/it\/wp-json\/wp\/v2\/product_cat?post=19587"},{"taxonomy":"product_tag","embeddable":true,"href":"https:\/\/advancedseeds.com\/it\/wp-json\/wp\/v2\/product_tag?post=19587"}],"curies":[{"name":"wp","href":"https:\/\/api.w.org\/{rel}","templated":true}]}}