{"id":19588,"date":"2025-02-28T12:16:47","date_gmt":"2025-02-28T11:16:47","guid":{"rendered":"https:\/\/advancedseeds.com\/web\/?post_type=product&#038;p=19588"},"modified":"2025-03-22T16:48:07","modified_gmt":"2025-03-22T15:48:07","slug":"garlicane","status":"publish","type":"product","link":"https:\/\/advancedseeds.com\/it\/tienda\/feminizadas\/garlicane\/","title":{"rendered":"Garlicane"},"content":{"rendered":"<p><span style=\"font-weight: 400\">Scopri il nuovo<\/span> <a href=\"https:\/\/advancedseeds.com\/web\/\"><b>semi di marijuana<\/b><\/a><b> femminilizzato Garlicane<\/b><span style=\"font-weight: 400\"> da Advanced Seeds! Questo ibrido a maggioranza indica, un incrocio tra GMO e Slurricane, \u00e8 una bomba di sapore e potenza. Con 23% THC, promette di essere una stella nel vostro giardino di cannabis. Continuate a leggere per scoprire cosa hanno da offrire questi semi.<\/span><\/p>\n<h2><span style=\"font-weight: 400\">Qual \u00e8 la genetica di questi semi?<\/span><\/h2>\n<p><span style=\"font-weight: 400\">I semi femminizzati Garlicane sono una testimonianza della moderna genetica della cannabis. Provengono da una <\/span><b>incrocio tra OGM e <\/b><a href=\"https:\/\/advancedseeds.com\/web\/producto\/slurricane\/\"><b>Slurricane<\/b><\/a><span style=\"font-weight: 400\">questi semi <\/span><b>a predominanza indica<\/b><span style=\"font-weight: 400\"> racchiudono le qualit\u00e0 pi\u00f9 desiderabili dei loro antenati. Da un lato, la GMO, chiamata anche Garlic Cookies, \u00e8 nota per la sua robustezza e potenza e porta con s\u00e9 un patrimonio genetico che garantisce un raccolto forte e resistente. Dall'altro lato, Slurricane, con il suo profilo aromatico e l'effetto equilibrato, completa perfettamente il mix, dando vita a una pianta non solo potente ma anche piacevole al palato. Questo incrocio genetico crea una sinergia perfetta, offrendo ai coltivatori una pianta con un profilo cannabinoide equilibrato e una crescita vigorosa.<\/span><\/p>\n<h2><span style=\"font-weight: 400\">Che aspetto ha Advanced Seeds Garlicane?<\/span><\/h2>\n<p><span style=\"font-weight: 400\">Visivamente, la Garlicane \u00e8 una meraviglia. La pianta presenta una struttura cespugliosa e forte, tipica delle variet\u00e0 indica, ma con un tocco di eleganza che fa la differenza. Gli steli sono spessi e robusti, in grado di sostenere il peso delle cime grasse e pesanti che sviluppa. Le foglie verde scuro intenso contrastano splendidamente con le cime ricoperte di grandi tricomi. Con l'avvicinarsi del raccolto, <\/span><b>i boccioli possono presentare una gamma di colori che va dal verde oliva al viola intenso<\/b><span style=\"font-weight: 400\">a seconda delle condizioni di coltivazione e del fenotipo coltivato.<\/span><\/p>\n<h2><span style=\"font-weight: 400\">Come si coltivano questi semi all'interno e all'esterno?<\/span><\/h2>\n<p><span style=\"font-weight: 400\">La Garlicane \u00e8 una variet\u00e0 adattabile e versatile, adatta alla coltivazione indoor e outdoor in qualsiasi sistema di coltivazione. <\/span><\/p>\n<h3><span style=\"font-weight: 400\">Coltivazione indoor: <\/span><\/h3>\n<p><span style=\"font-weight: 400\">La sua altezza controllata la rende facile da gestire in spazi ristretti, mentre il suo rapido periodo di fioritura \u00e8 ideale per i coltivatori commerciali. Grazie alla sua ramificazione abbondante, <\/span><b>Risponde molto bene alla potatura e produce molto bene con il metodo SCROG.<\/b><span style=\"font-weight: 400\">Ma se non si vuole intervenire con la rete, si pu\u00f2 anche lasciare che crescano naturalmente.<\/span><\/p>\n<h3><span style=\"font-weight: 400\">Coltivazione all'aperto: <\/span><\/h3>\n<p><span style=\"font-weight: 400\">Garlicane \u00e8 una di quelle piante che conquista tutto lo spazio che le si lascia, estendendosi e raggiungendo il suo pieno potenziale in termini di dimensioni e resa quando viene trapiantata direttamente in terra. Questa variet\u00e0 risponde in modo eccezionale alla modellatura e ad altre tecniche di formazione, come ad esempio <\/span><b>cimatura o fodera principale<\/b><span style=\"font-weight: 400\">Ci\u00f2 consente ai coltivatori esperti di ottimizzare ulteriormente la resa e la qualit\u00e0. L'unico punto debole pu\u00f2 essere il suo <\/span><b>vulnerabilit\u00e0 agli attacchi fungini<\/b><span style=\"font-weight: 400\">La densit\u00e0 e la durezza dei germogli rendono consigliabile l'applicazione di fungicidi come misura preventiva.<\/span><\/p>\n<h2><span style=\"font-weight: 400\">Quando vengono raccolti i semi femminilizzati Garlicane di Advanced Seeds?<\/span><\/h2>\n<p><span style=\"font-weight: 400\">La fase di fioritura della Garlicane \u00e8 un periodo critico ed emozionante. Al chiuso, i coltivatori possono aspettarsi che la pianta completi il suo ciclo di fioritura entro <\/span><b>circa 55-60 giorni<\/b><span style=\"font-weight: 400\">Si tratta di una finestra relativamente breve per una variet\u00e0 di questa potenza. All'aperto, il raccolto \u00e8 solitamente pronto in <\/span><b>inizio ottobre<\/b><span style=\"font-weight: 400\"> nell'emisfero settentrionale, consentendo ai coltivatori di evitare le prime gelate autunnali. La corretta identificazione del punto ottimale di raccolta \u00e8 fondamentale; i tricomi devono essere osservati attentamente per determinare il perfetto equilibrio tra potenza, sapore ed effetto.<\/span><\/p>\n<h2><span style=\"font-weight: 400\">Quanto producono questi semi?<\/span><\/h2>\n<p><span style=\"font-weight: 400\">In termini di produzione, l'Garlicane si colloca al vertice dello spettro della cannabis, essendo in grado di raggiungere e anche di <\/span><b>superando l'ambito grammo\/watt<\/b><span style=\"font-weight: 400\"> nella coltivazione indoor. In condizioni indoor ideali, i coltivatori possono aspettarsi raccolti di <\/span><b>circa 600 gr\/m2<\/b><span style=\"font-weight: 400\">. All'aperto, con spazio sufficiente e cure adeguate, ciascuna pianta pu\u00f2 produrre <\/span><b>oltre 1200 grammi<\/b><span style=\"font-weight: 400\">. Oltre alla quantit\u00e0, la qualit\u00e0 delle cime \u00e8 eccezionale, con un'alta concentrazione di THC e una produzione di resina che la rende ideale per la produzione di estratti di alta qualit\u00e0.<\/span><\/p>\n<h2><span style=\"font-weight: 400\">Qual \u00e8 l'aroma e il sapore dell'Garlicane?<\/span><\/h2>\n<p><span style=\"font-weight: 400\">Il profilo aromatico e gustativo della Garlicane \u00e8 complesso e seducente, <\/span><b>molto sorprendente la prima volta che viene testato<\/b><span style=\"font-weight: 400\">. Durante l'inalazione, gli utilizzatori provano un <\/span><b>sapore intenso e speziato, con note di pepe, aglio e castagne che si intrecciano con un sottile sentore di menta e lime<\/b><span style=\"font-weight: 400\">grazie al limonene e al mentolo, due dei terpeni dominanti in questa variet\u00e0. Questo complesso profilo aromatico rende la Garlicane un'esperienza unica per gli appassionati di cannabis, offrendo un viaggio sensoriale al di l\u00e0 dell'ordinario. Il retrogusto \u00e8 altrettanto impressionante, lasciando una sensazione di lunga durata e piacevolezza in bocca.<\/span><\/p>\n<h2><span style=\"font-weight: 400\">Che tipo di effetto ha questa marijuana?<\/span><\/h2>\n<p><span style=\"font-weight: 400\">L'effetto di Garlicane \u00e8 potente e molto duraturo, il tipo di effetto da portare sempre con s\u00e9. <\/span><b>fare attenzione quando non si ha una tolleranza elevata<\/b><span style=\"font-weight: 400\"> ai cannabinoidi psicoattivi. Con un alto contenuto di THC, questa variet\u00e0 induce uno stato di profondo rilassamento e una sensazione generale di benessere. \u00c8 ideale per coloro che <\/span><b>momenti di relax e distensione<\/b><span style=\"font-weight: 400\">soprattutto a fine giornata. I consumatori medici apprezzeranno la sua capacit\u00e0 di alleviare sintomi come ansia, mal di testa e stanchezza, mentre i consumatori ricreativi potranno godere del suo potente effetto evasivo.<\/span><\/p>\n<h2><span style=\"font-weight: 400\">Acquistare semi femminizzati Garlicane al miglior prezzo online<\/span><\/h2>\n<p><span style=\"font-weight: 400\">Garlicane di Advanced Seeds \u00e8 una scelta eccellente per qualsiasi coltivatore o appassionato di cannabis. Con la loro genetica eccezionale, il sapore unico e gli effetti potenti, questi semi offrono un valore incredibile. Disponibili su Advancedseeds.com al miglior prezzo online, sono un investimento sicuro per un giardino di cannabis di alta qualit\u00e0 - non aspettate oltre per provare la potenza e il sapore della Garlicane!<\/span><\/p>\n<h2><span style=\"font-weight: 400\">Domande frequenti su Garlicane<\/span><\/h2>\n<h3><span style=\"font-weight: 400\">Qual \u00e8 il tipo di substrato migliore per la Garlicane?<\/span><\/h3>\n<p><span style=\"font-weight: 400\">Un substrato ben ossigenato e ricco di sostanze nutritive \u00e8 ideale per uno sviluppo ottimale.<\/span><\/p>\n<h3><span style=\"font-weight: 400\">Come posso massimizzare le prestazioni interne dell'Garlicane?<\/span><\/h3>\n<p><span style=\"font-weight: 400\">Utilizzate tecniche come lo SCROG o la supercoltura e assicuratevi di fornire luce e ventilazione sufficienti.<\/span><\/p>\n<h3><span style=\"font-weight: 400\">Quali sono gli effetti medicinali di Garlicane?<\/span><\/h3>\n<p><span style=\"font-weight: 400\">\u00c8 nota per le sue propriet\u00e0 rilassanti, utili per trattare ansia, mal di testa e stanchezza.<\/span><\/p>\n<h3><span style=\"font-weight: 400\">Quali sono le sfide della coltivazione di Garlicane?<\/span><\/h3>\n<p><span style=\"font-weight: 400\">Sebbene sia resistente, richiede attenzione alla nutrizione e all'irrigazione per raggiungere il suo pieno potenziale.<\/span><\/p>\n<h3><span style=\"font-weight: 400\">Qual \u00e8 il modo migliore per essiccare e curare le gemme di Garlicane?<\/span><\/h3>\n<p><span style=\"font-weight: 400\">Un'essiccazione lenta e un'accurata stagionatura sono fondamentali per preservare il suo profilo terpenico.<\/span><\/p>\n<h3><span style=\"font-weight: 400\">L'Garlicane \u00e8 adatto all'uso terapeutico?<\/span><\/h3>\n<p><span style=\"font-weight: 400\">S\u00ec, il suo elevato profilo di THC e terpeni la rendono efficace per vari usi medicinali.<\/span><\/p>","protected":false},"excerpt":{"rendered":"<p><span style=\"font-weight: 400\">Scoprite Garlicane, un ibrido indica con un impressionante 23% di THC. Un sapore unico che non dimenticherete, ideale per i coltivatori esperti.<\/span><\/p>","protected":false},"featured_media":19866,"comment_status":"open","ping_status":"closed","template":"","meta":{"_acf_changed":false},"product_brand":[],"product_cat":[69],"product_tag":[],"class_list":{"0":"post-19588","1":"product","2":"type-product","3":"status-publish","4":"has-post-thumbnail","6":"product_cat-feminizadas","8":"first","9":"instock","10":"taxable","11":"shipping-taxable","12":"purchasable","13":"product-type-variable"},"acf":[],"yoast_head":"<!-- This site is optimized with the Yoast SEO Premium plugin v26.3 (Yoast SEO v26.6) - https:\/\/yoast.com\/wordpress\/plugins\/seo\/ -->\n<title>Garlicane - Advanced Seeds<\/title>\n<meta name=\"robots\" content=\"index, follow, max-snippet:-1, max-image-preview:large, max-video-preview:-1\" \/>\n<link rel=\"canonical\" href=\"https:\/\/advancedseeds.com\/it\/tienda\/feminizadas\/garlicane\/\" \/>\n<meta property=\"og:locale\" content=\"it_IT\" \/>\n<meta property=\"og:type\" content=\"article\" \/>\n<meta property=\"og:title\" content=\"Garlicane\" \/>\n<meta property=\"og:description\" content=\"Descubre Garlicane, h\u00edbrido \u00edndica con un impresionante 23% de THC. Sabor \u00fanico de los que no se olvidan, ideal para cultivadores expertos.\" \/>\n<meta property=\"og:url\" content=\"https:\/\/advancedseeds.com\/it\/tienda\/feminizadas\/garlicane\/\" \/>\n<meta property=\"og:site_name\" content=\"Advanced Seeds\" \/>\n<meta property=\"article:modified_time\" content=\"2025-03-22T15:48:07+00:00\" \/>\n<meta property=\"og:image\" content=\"https:\/\/advancedseeds.com\/web\/wp-content\/uploads\/2025\/02\/Garlicane-1.jpg\" \/>\n\t<meta property=\"og:image:width\" content=\"445\" \/>\n\t<meta property=\"og:image:height\" content=\"667\" \/>\n\t<meta property=\"og:image:type\" content=\"image\/jpeg\" \/>\n<meta name=\"twitter:card\" content=\"summary_large_image\" \/>\n<meta name=\"twitter:label1\" content=\"Tempo di lettura stimato\" \/>\n\t<meta name=\"twitter:data1\" content=\"6 minuti\" \/>\n<script type=\"application\/ld+json\" class=\"yoast-schema-graph\">{\"@context\":\"https:\/\/schema.org\",\"@graph\":[{\"@type\":\"WebPage\",\"@id\":\"https:\/\/advancedseeds.com\/tienda\/feminizadas\/garlicane\/\",\"url\":\"https:\/\/advancedseeds.com\/tienda\/feminizadas\/garlicane\/\",\"name\":\"Garlicane - Advanced Seeds\",\"isPartOf\":{\"@id\":\"https:\/\/advancedseeds.com\/#website\"},\"primaryImageOfPage\":{\"@id\":\"https:\/\/advancedseeds.com\/tienda\/feminizadas\/garlicane\/#primaryimage\"},\"image\":{\"@id\":\"https:\/\/advancedseeds.com\/tienda\/feminizadas\/garlicane\/#primaryimage\"},\"thumbnailUrl\":\"https:\/\/advancedseeds.com\/web\/wp-content\/uploads\/2025\/02\/Garlicane-1.jpg\",\"datePublished\":\"2025-02-28T11:16:47+00:00\",\"dateModified\":\"2025-03-22T15:48:07+00:00\",\"breadcrumb\":{\"@id\":\"https:\/\/advancedseeds.com\/tienda\/feminizadas\/garlicane\/#breadcrumb\"},\"inLanguage\":\"it-IT\",\"potentialAction\":[{\"@type\":\"ReadAction\",\"target\":[\"https:\/\/advancedseeds.com\/tienda\/feminizadas\/garlicane\/\"]}]},{\"@type\":\"ImageObject\",\"inLanguage\":\"it-IT\",\"@id\":\"https:\/\/advancedseeds.com\/tienda\/feminizadas\/garlicane\/#primaryimage\",\"url\":\"https:\/\/advancedseeds.com\/web\/wp-content\/uploads\/2025\/02\/Garlicane-1.jpg\",\"contentUrl\":\"https:\/\/advancedseeds.com\/web\/wp-content\/uploads\/2025\/02\/Garlicane-1.jpg\",\"width\":445,\"height\":667},{\"@type\":\"BreadcrumbList\",\"@id\":\"https:\/\/advancedseeds.com\/tienda\/feminizadas\/garlicane\/#breadcrumb\",\"itemListElement\":[{\"@type\":\"ListItem\",\"position\":1,\"name\":\"Home\",\"item\":\"https:\/\/advancedseeds.com\/\"},{\"@type\":\"ListItem\",\"position\":2,\"name\":\"Tienda\",\"item\":\"https:\/\/advancedseeds.com\/\"},{\"@type\":\"ListItem\",\"position\":3,\"name\":\"Garlicane\"}]},{\"@type\":\"WebSite\",\"@id\":\"https:\/\/advancedseeds.com\/#website\",\"url\":\"https:\/\/advancedseeds.com\/\",\"name\":\"Advanced Seeds\",\"description\":\"Gen\u00e9ticas Avanzadas en semillas feminizadas y autom\u00e1ticas.\",\"publisher\":{\"@id\":\"https:\/\/advancedseeds.com\/#organization\"},\"potentialAction\":[{\"@type\":\"SearchAction\",\"target\":{\"@type\":\"EntryPoint\",\"urlTemplate\":\"https:\/\/advancedseeds.com\/?s={search_term_string}\"},\"query-input\":{\"@type\":\"PropertyValueSpecification\",\"valueRequired\":true,\"valueName\":\"search_term_string\"}}],\"inLanguage\":\"it-IT\"},{\"@type\":\"Organization\",\"@id\":\"https:\/\/advancedseeds.com\/#organization\",\"name\":\"Advanced Seeds\",\"url\":\"https:\/\/advancedseeds.com\/\",\"logo\":{\"@type\":\"ImageObject\",\"inLanguage\":\"it-IT\",\"@id\":\"https:\/\/advancedseeds.com\/#\/schema\/logo\/image\/\",\"url\":\"https:\/\/advancedseeds.com\/web\/wp-content\/uploads\/2021\/01\/logo-advanced.jpg\",\"contentUrl\":\"https:\/\/advancedseeds.com\/web\/wp-content\/uploads\/2021\/01\/logo-advanced.jpg\",\"width\":600,\"height\":600,\"caption\":\"Advanced Seeds\"},\"image\":{\"@id\":\"https:\/\/advancedseeds.com\/#\/schema\/logo\/image\/\"}}]}<\/script>\n<!-- \/ Yoast SEO Premium plugin. -->","yoast_head_json":{"title":"Garlicane - Advanced Seeds","robots":{"index":"index","follow":"follow","max-snippet":"max-snippet:-1","max-image-preview":"max-image-preview:large","max-video-preview":"max-video-preview:-1"},"canonical":"https:\/\/advancedseeds.com\/it\/tienda\/feminizadas\/garlicane\/","og_locale":"it_IT","og_type":"article","og_title":"Garlicane","og_description":"Descubre Garlicane, h\u00edbrido \u00edndica con un impresionante 23% de THC. Sabor \u00fanico de los que no se olvidan, ideal para cultivadores expertos.","og_url":"https:\/\/advancedseeds.com\/it\/tienda\/feminizadas\/garlicane\/","og_site_name":"Advanced Seeds","article_modified_time":"2025-03-22T15:48:07+00:00","og_image":[{"width":445,"height":667,"url":"https:\/\/advancedseeds.com\/web\/wp-content\/uploads\/2025\/02\/Garlicane-1.jpg","type":"image\/jpeg"}],"twitter_card":"summary_large_image","twitter_misc":{"Tempo di lettura stimato":"6 minuti"},"schema":{"@context":"https:\/\/schema.org","@graph":[{"@type":"WebPage","@id":"https:\/\/advancedseeds.com\/tienda\/feminizadas\/garlicane\/","url":"https:\/\/advancedseeds.com\/tienda\/feminizadas\/garlicane\/","name":"Garlicane - Advanced Seeds","isPartOf":{"@id":"https:\/\/advancedseeds.com\/#website"},"primaryImageOfPage":{"@id":"https:\/\/advancedseeds.com\/tienda\/feminizadas\/garlicane\/#primaryimage"},"image":{"@id":"https:\/\/advancedseeds.com\/tienda\/feminizadas\/garlicane\/#primaryimage"},"thumbnailUrl":"https:\/\/advancedseeds.com\/web\/wp-content\/uploads\/2025\/02\/Garlicane-1.jpg","datePublished":"2025-02-28T11:16:47+00:00","dateModified":"2025-03-22T15:48:07+00:00","breadcrumb":{"@id":"https:\/\/advancedseeds.com\/tienda\/feminizadas\/garlicane\/#breadcrumb"},"inLanguage":"it-IT","potentialAction":[{"@type":"ReadAction","target":["https:\/\/advancedseeds.com\/tienda\/feminizadas\/garlicane\/"]}]},{"@type":"ImageObject","inLanguage":"it-IT","@id":"https:\/\/advancedseeds.com\/tienda\/feminizadas\/garlicane\/#primaryimage","url":"https:\/\/advancedseeds.com\/web\/wp-content\/uploads\/2025\/02\/Garlicane-1.jpg","contentUrl":"https:\/\/advancedseeds.com\/web\/wp-content\/uploads\/2025\/02\/Garlicane-1.jpg","width":445,"height":667},{"@type":"BreadcrumbList","@id":"https:\/\/advancedseeds.com\/tienda\/feminizadas\/garlicane\/#breadcrumb","itemListElement":[{"@type":"ListItem","position":1,"name":"Home","item":"https:\/\/advancedseeds.com\/"},{"@type":"ListItem","position":2,"name":"Tienda","item":"https:\/\/advancedseeds.com\/"},{"@type":"ListItem","position":3,"name":"Garlicane"}]},{"@type":"WebSite","@id":"https:\/\/advancedseeds.com\/#website","url":"https:\/\/advancedseeds.com\/","name":"Semi avanzati","description":"Genetica avanzata in semi femminizzati e automatici.","publisher":{"@id":"https:\/\/advancedseeds.com\/#organization"},"potentialAction":[{"@type":"SearchAction","target":{"@type":"EntryPoint","urlTemplate":"https:\/\/advancedseeds.com\/?s={search_term_string}"},"query-input":{"@type":"PropertyValueSpecification","valueRequired":true,"valueName":"search_term_string"}}],"inLanguage":"it-IT"},{"@type":"Organization","@id":"https:\/\/advancedseeds.com\/#organization","name":"Semi avanzati","url":"https:\/\/advancedseeds.com\/","logo":{"@type":"ImageObject","inLanguage":"it-IT","@id":"https:\/\/advancedseeds.com\/#\/schema\/logo\/image\/","url":"https:\/\/advancedseeds.com\/web\/wp-content\/uploads\/2021\/01\/logo-advanced.jpg","contentUrl":"https:\/\/advancedseeds.com\/web\/wp-content\/uploads\/2021\/01\/logo-advanced.jpg","width":600,"height":600,"caption":"Advanced Seeds"},"image":{"@id":"https:\/\/advancedseeds.com\/#\/schema\/logo\/image\/"}}]}},"_links":{"self":[{"href":"https:\/\/advancedseeds.com\/it\/wp-json\/wp\/v2\/product\/19588","targetHints":{"allow":["GET"]}}],"collection":[{"href":"https:\/\/advancedseeds.com\/it\/wp-json\/wp\/v2\/product"}],"about":[{"href":"https:\/\/advancedseeds.com\/it\/wp-json\/wp\/v2\/types\/product"}],"replies":[{"embeddable":true,"href":"https:\/\/advancedseeds.com\/it\/wp-json\/wp\/v2\/comments?post=19588"}],"wp:featuredmedia":[{"embeddable":true,"href":"https:\/\/advancedseeds.com\/it\/wp-json\/wp\/v2\/media\/19866"}],"wp:attachment":[{"href":"https:\/\/advancedseeds.com\/it\/wp-json\/wp\/v2\/media?parent=19588"}],"wp:term":[{"taxonomy":"product_brand","embeddable":true,"href":"https:\/\/advancedseeds.com\/it\/wp-json\/wp\/v2\/product_brand?post=19588"},{"taxonomy":"product_cat","embeddable":true,"href":"https:\/\/advancedseeds.com\/it\/wp-json\/wp\/v2\/product_cat?post=19588"},{"taxonomy":"product_tag","embeddable":true,"href":"https:\/\/advancedseeds.com\/it\/wp-json\/wp\/v2\/product_tag?post=19588"}],"curies":[{"name":"wp","href":"https:\/\/api.w.org\/{rel}","templated":true}]}}