{"id":20049,"date":"2025-03-11T12:58:00","date_gmt":"2025-03-11T11:58:00","guid":{"rendered":"https:\/\/advancedseeds.com\/web\/tienda\/sin%20categor\u00eda\/automatic-collection-1-advanced-seeds\/"},"modified":"2026-04-15T10:45:14","modified_gmt":"2026-04-15T09:45:14","slug":"automatic-collection-1-advanced-seeds","status":"publish","type":"product","link":"https:\/\/advancedseeds.com\/it\/tienda\/colecciones\/automatic-collection-1-advanced-seeds\/","title":{"rendered":"Raccolta automatica #1 - Sementi avanzate"},"content":{"rendered":"<h2><strong>Auto Biodiesel Mass XXL<\/strong><\/h2>\n<p>THC: 17 %<\/p>\n<p>Resa: 450 - 500 g<\/p>\n<p>Altezza interna: 80 - 120 cm<\/p>\n<p>Altezza esterna: 1,1 - 1,6 m<\/p>\n<p>Ciclo completo: 60-70 giorni<\/p>\n<p>Raccolta: aprile - novembre.<\/p>\n<h2 class=\"western\"><b>Qual \u00e8 la genetica di questi semi?<\/b><\/h2>\n<p>Auto Biodiesel Mass XXL \u00e8 l'evoluzione della gi\u00e0 apprezzata variet\u00e0 Auto Biodiesel Mass della Advanced Seeds. Questa variet\u00e0 \u00e8 il risultato di un incrocio accuratamente selezionato che ha mantenuto intatti i tratti che l'hanno resa famosa. \u00c8 una variet\u00e0 prevalentemente indica, il che significa che offre un effetto rilassante e calmante. Grazie al suo patrimonio genetico, questi semi producono di pi\u00f9, sono pi\u00f9 gustosi e hanno un effetto pi\u00f9 potente rispetto alla versione precedente.<\/p>\n<h2 class=\"western\"><b>Che aspetto ha l'Auto Biodiesel Mass XXL?<\/b><\/h2>\n<p>La Auto Biodiesel Mass XXL \u00e8 una pianta che colpisce fin dal primo sguardo. Mostra una morfologia solida e forte, che si sviluppa in modo rapido e vigoroso. La sua struttura robusta le permette di formare numerosi rami laterali, il che significa una maggiore produzione di fiori di buon calibro. Le foglie non sono eccessivamente grandi, il che permette alla luce e all'aria di penetrare facilmente nella pianta. La sua altezza pu\u00f2 variare tra gli 80 e i 120 cm in interno, mentre in esterno pu\u00f2 raggiungere 1,6 metri.<\/p>\n<h2 class=\"western\"><b>Come si coltivano questi semi all'interno e all'esterno?<\/b><\/h2>\n<h3 class=\"western\">Coltivazione indoor:<\/h3>\n<p>Per ottenere i migliori risultati al chiuso, assicuratevi di fornire una forte illuminazione con un fotoperiodo di molte ore di luce al giorno, idealmente 20 ore di accensione e 4 di spegnimento, dal momento della nascita delle piante fino al taglio. Si consiglia di non coltivare pi\u00f9 di 9 piante per metro quadro per consentire loro di svilupparsi in modo ottimale, ma questo dipende anche dalla capacit\u00e0 del vaso.<\/p>\n<h3 class=\"western\">Coltivazione all'aperto:<\/h3>\n<p>All'aperto, la Auto Biodiesel Mass XXL raggiunge il suo massimo potenziale se coltivata dalla tarda primavera alla fine dell'estate. Pu\u00f2 essere piantata direttamente in terra o in grandi vasi per ottenere piante di oltre 1,50 metri di altezza. Ricordate di applicare preventivamente prodotti fitosanitari per evitare problemi di parassiti e, se ne avete la possibilit\u00e0, posizionate dei pali di sostegno per i rami.<\/p>\n<h2 class=\"western\"><b>Quando viene raccolto l'Auto Biodiesel Mass XXL?<\/b><\/h2>\n<p>Al chiuso, il ciclo completo della Auto Biodiesel Mass XXL dura 60\/70 giorni dalla semina. Se preferite la coltivazione all'aperto, potete coltivare tra aprile e novembre, a seconda della vostra posizione e delle condizioni climatiche, ma tenendo sempre presente che pi\u00f9 luce avete a disposizione, pi\u00f9 alta sar\u00e0 la resa.<\/p>\n<h2 class=\"western\"><b>Quanto producono questi semi?<\/b><\/h2>\n<p>La Auto Biodiesel Mass XXL \u00e8 nota per la sua generosit\u00e0 in termini di resa. Al chiuso, si possono ottenere pi\u00f9 di 450 grammi per metro quadro. All'aperto, questa variet\u00e0 vigorosa pu\u00f2 superare i 150 grammi per pianta.<\/p>\n<h2 class=\"western\"><b>Com'\u00e8 l'aroma e il gusto dell'Auto Biodiesel Mass XXL?<\/b><\/h2>\n<p>Se siete amanti dei sapori agrumati e dolci, amerete l'Auto Biodiesel Mass XXL. Sviluppa un'intensa gamma di note agrumate che ricordano arance e mandarini, il tutto accompagnato da un fondo dolce che aggiunge corpo e densit\u00e0. Questa variet\u00e0 \u00e8 una delizia per le vostre papille gustative e vorrete assaggiarla ancora e ancora.<\/p>\n<h2 class=\"western\"><b>Che tipo di effetto ha questa marijuana?<\/b><\/h2>\n<p>Auto Biodiesel Mass XXL offre un effetto prevalentemente attivo, ideale per l'uso quotidiano. Con un contenuto di THC di 17%, si prova una sensazione di moderato relax nel tempo, perfetta per fare una pausa e tornare alle proprie attivit\u00e0 quotidiane.<\/p>\n<h2 class=\"western\"><b>Acquistare Auto Biodiesel Mass XXL al miglior prezzo online<\/b><\/h2>\n<p>Non perdete l'occasione di godervi la Auto Biodiesel Mass XXL di Advanced Seeds. Acquistate questi semi al miglior prezzo online e provate una marijuana eccezionale che delizier\u00e0 tutti i vostri sensi.<\/p>\n<h2 class=\"western\"><b>Domande frequenti sull'Auto Biodiesel Mass XXL<\/b><\/h2>\n<h3 class=\"western\">Qual \u00e8 il contenuto di THC dell'Auto Biodiesel Mass XXL?<\/h3>\n<p>Auto Biodiesel Mass XXL ha un contenuto di THC pari a 17%.<\/p>\n<h3 class=\"western\">\u00c8 pi\u00f9 indica o sativa?<\/h3>\n<p>Questa variet\u00e0 \u00e8 principalmente indica.<\/p>\n<h3 class=\"western\">Quanto dura il ciclo completo indoor?<\/h3>\n<p>Al chiuso, il ciclo completo \u00e8 di 60 giorni dal trapianto.<\/p>\n<h3 class=\"western\">Qual \u00e8 l'altezza massima che pu\u00f2 raggiungere all'aperto?<\/h3>\n<p>All'esterno, Auto Biodiesel Mass XXL pu\u00f2 raggiungere 1,6 metri di altezza in condizioni ottimali.<\/p>\n<p>La nostra Auto Biodiesel Mass nasce da una selezione dei ceppi migliori, pi\u00f9 produttivi e resinosi di Auto Diesel e Auto Critical. Da l\u00ec, abbiamo fatto una selezione dei migliori ceppi di Auto Biodiesel Mass, in modo da aumentare sia la produzione che la qualit\u00e0 di questa nuova versione. Aroma di arance e agrumi dolci caratteristici della sua ascendenza Diesel.<\/p>\n<h2><strong>Auto Amnesia XXL<\/strong><\/h2>\n<p>THC: 14%<\/p>\n<p>Resa: 550 - 600 g<\/p>\n<p>Altezza interna: 80 - 100 cm<\/p>\n<p>Altezza esterna: 1,1 - 1,7 m<\/p>\n<p>Ciclo completo: 70-80 giorni<\/p>\n<p>Raccolta: aprile - novembre.<\/p>\n<p>Avete bisogno di <a href=\"https:\/\/advancedseeds.com\/web\/categoria-producto\/automaticas\/\">semi autofiorenti<\/a> Siete nel posto giusto! Perch\u00e9 il <b>Semi di Auto Amnesia XXL di Advanced Seeds<\/b> sono la scelta perfetta per gli amanti della cannabis che cercano genetiche di qualit\u00e0 con alte rese in cime, effetto potente e gusto eccezionale.<\/p>\n<h2 class=\"western\"><b>Qual \u00e8 la genetica di questi semi?<\/b><\/h2>\n<p>I semi Auto Amnesia XXL di Advanced Seeds sono il risultato di un incrocio eccezionale. Partendo da grandi esemplari di Auto Amnesia, sono stati incrociati con una Auto Haze di alta qualit\u00e0 e altamente psicoattiva. Il risultato \u00e8 una variet\u00e0 a dominanza sativa con un potenziale eccezionale. Ideale per gli intenditori di variet\u00e0 Haze e per gli amanti degli effetti intensi.<\/p>\n<p>Questa combinazione unica di genetiche garantisce un'elevata produzione di fiori e resina e un'esperienza di fumo senza pari. La Auto Amnesia XXL \u00e8 una variet\u00e0 che soddisfer\u00e0 i coltivatori pi\u00f9 esigenti ed \u00e8 perfetta per i coltivatori alle prime armi, perch\u00e9 con cure minime restituir\u00e0 un raccolto spettacolare.<\/p>\n<h2 class=\"western\"><b>Che aspetto ha Auto Amnesia XXL?<\/b><\/h2>\n<p>Questa pianta \u00e8 impressionante sotto ogni punto di vista. Sviluppa una struttura alta e robusta, con molti rami che terminano ad una buona altezza per ricevere molta luce e produrre quasi quanto il fusto principale. L'altezza pu\u00f2 facilmente superare 1,50 metri all'aperto e il suo aspetto \u00e8 imponente, con uno strato di tricomi che ricopre le cime.<\/p>\n<p>Per quanto riguarda le cime, la Auto Amnesia XXL \u00e8 caratterizzata da cime enormi, sia in lunghezza che in dimensione, e cos\u00ec resinose da brillare come diamanti.<\/p>\n<h2 class=\"western\"><b>Come si coltivano questi semi all'interno e all'esterno?<\/b><\/h2>\n<h3 class=\"western\">Coltivazione indoor:<\/h3>\n<p>Nella coltivazione indoor, \u00e8 importante dare loro sufficiente spazio verticale e orizzontale. Si consiglia di coltivare circa 9 piante per metro quadro e di utilizzare vasi da circa 11 litri. Un'illuminazione di qualit\u00e0 e un buon traliccio sono essenziali, cos\u00ec come un fotoperiodo continuo di 20 ore di luce e 4 ore di buio ogni giorno, dal momento in cui le piante germogliano fino al raccolto, \u00e8 altamente raccomandato.<\/p>\n<p>\u00c8 essenziale mantenere temperatura e umidit\u00e0 controllate per massimizzare i rendimenti e garantire che le piante siano a loro agio durante tutto il ciclo di crescita. Inoltre, \u00e8 necessario prestare attenzione alla ventilazione e alla qualit\u00e0 dell'aria per evitare problemi di muffa e funghi.<\/p>\n<h3 class=\"western\">Coltivazione all'aperto:<\/h3>\n<p>Se coltivata all'aperto, la Auto Amnesia XXL mostra tutto il suo potenziale. Con vasi grandi e un substrato aerato, si possono ottenere piante alte oltre 1,50 metri e rese superiori che non hanno nulla da invidiare alle variet\u00e0 a fotoperiodo. Su balconi o terrazze, utilizzate vasi da meno di 11 litri per una coltivazione discreta.<\/p>\n<p>\u00c8 importante ricordare che queste piante hanno bisogno di molte ore di luce solare diretta per raggiungere il loro pieno potenziale, quindi assicuratevi che abbiano accesso a quanta pi\u00f9 luce possibile, quindi trovate il posto pi\u00f9 soleggiato disponibile per la coltivazione e aspettate la tarda primavera per far germogliare i semi.<\/p>\n<h2 class=\"western\"><b>Quando viene raccolto l'Auto Amnesia XXL?<\/b><\/h2>\n<p>Al chiuso, la coltivazione completa richiede 10-11 settimane dalla germinazione. All'aperto, il raccolto arriva dopo circa 70-80 giorni dalla germinazione, ma in questo caso dipende dalle condizioni climatiche, poich\u00e9 il freddo pu\u00f2 ritardare un po' la maturazione.<\/p>\n<p>Il raccolto \u00e8 uno dei momenti pi\u00f9 emozionanti per ogni coltivatore e con la Auto Amnesia XXL potete aspettarvi rese eccezionali che renderanno validi i vostri sforzi colturali.<\/p>\n<h2 class=\"western\"><b>Quanto producono questi semi?<\/b><\/h2>\n<p>Al chiuso, si possono ottenere pi\u00f9 di 550 grammi per metro quadro. All'aperto, una Auto Amnesia XXL ben curata pu\u00f2 superare i 250 grammi per pianta. Una resa impressionante per una variet\u00e0 autofiorente.<\/p>\n<p>Le prestazioni della Auto Amnesia XXL sono davvero eccezionali e la rendono un'opzione interessante per i coltivatori commerciali e per chi cerca raccolti abbondanti nel minor tempo possibile per uso personale.<\/p>\n<h2 class=\"western\"><b>Qual \u00e8 l'aroma e il gusto dell'Auto Amnesia XXL?<\/b><\/h2>\n<p>La Auto Amnesia XXL mantiene il profilo aromatico caratteristico di questa variet\u00e0. Offre note di agrumi, incenso e spezie che sono un piacere per i fumatori nuovi ed esperti.<\/p>\n<p>L'aroma della Auto Amnesia XXL \u00e8 altrettanto impressionante, riempiendo la stanza con la sua fragranza agrumata e terrosa. Questa variet\u00e0 \u00e8 nota per il suo aroma pungente e caratteristico che non passa inosservato, in quanto \u00e8 un fumo cos\u00ec denso che carica l'atmosfera ovunque venga fumato.<b>Che tipo di effetto ha questa marijuana?<\/b><\/p>\n<p>Gli effetti dell'Auto Amnesia XXL sono molto psicoattivi e offrono una stimolazione cerebrale attiva e duratura. L'uso diurno \u00e8 consigliato con moderazione, soprattutto per chi \u00e8 meno abituato a questo tipo di sensazioni. Se si fuma in eccesso la sera si pu\u00f2 avere difficolt\u00e0 ad addormentarsi quando si va a letto.<\/p>\n<p>L'effetto \u00e8 una sensazione di euforia e creativit\u00e0 molto piacevole nei momenti di svago, ideale per socializzare con gli amici. Inoltre, la sua potenza la rende una scelta popolare per i consumatori di medicinali che cercano sollievo da una variet\u00e0 di condizioni.<\/p>\n<h2 class=\"western\"><b>Acquistare Auto Amnesia XXL di Advanced Seeds al miglior prezzo online<\/b><\/h2>\n<p>Non perdete l'opportunit\u00e0 di acquistare Auto Amnesia XXL di Advanced Seeds al miglior prezzo sul mercato. Provate la qualit\u00e0, il sapore e gli effetti eccezionali che questa variet\u00e0 ha da offrire, ordinate oggi stesso e godetevi un'esperienza unica!<\/p>\n<h2 class=\"western\"><b>Domande frequenti su Auto Amnesia XXL<\/b><\/h2>\n<h3 class=\"western\">Qual \u00e8 il profilo cannabinoide di Auto Amnesia XXL?<\/h3>\n<p>L'Auto Amnesia XXL ha un profilo cannabinoide a predominanza di THC.<\/p>\n<h3 class=\"western\">\u00c8 una variet\u00e0 sativa o indica?<\/h3>\n<p>Questa variet\u00e0 \u00e8 prevalentemente sativa.<\/p>\n<h3 class=\"western\">Come conservare la Auto Amnesia XXL dopo il raccolto?<\/h3>\n<p>Dopo il raccolto, \u00e8 fondamentale conservare le cime in un luogo fresco, buio ed ermetico per mantenerne la freschezza e la potenza.<\/p>\n<h3 class=\"western\">Posso coltivare la Auto Amnesia XXL in climi freddi?<\/h3>\n<p>La Auto Amnesia XXL predilige i climi temperati, quindi \u00e8 importante proteggerla dalle temperature fredde e dal gelo.<\/p>\n<p>&nbsp;<\/p>\n<h2><strong>Auto Jack Herer<\/strong><\/h2>\n<p>THC: 15%<\/p>\n<p>Resa: 400 - 500 g<\/p>\n<p>Altezza interna: 75 - 100 cm<\/p>\n<p>Altezza esterna: 0,9 - 1,8 m<\/p>\n<p>Ciclo di fioritura: 65-70 giorni<\/p>\n<p>Raccolta: aprile - novembre.<\/p>\n<p>&nbsp;<\/p>\n<p>Partendo da una selezione di Jack Herer abbiamo creato questa nuova genetica. Come il suo predecessore, la sua produzione di resina \u00e8 spettacolare, fin dall'inizio della fioritura la pianta si ricopre di enormi e lucenti tricomi. Sviluppa cime lunghe e straordinariamente dense. Ha un aroma e un sapore speziato e legnoso. Indubbiamente \u00e8 una delle Auto pi\u00f9 potenti sul mercato, veloce nello sballo mentale e stimolante dal punto di vista fisico.<\/p>\n<p>&nbsp;<\/p>\n<p>&nbsp;<\/p>","protected":false},"excerpt":{"rendered":"<p>2x Auto Biodiesel Mass XXL<br \/>\n- Altezza interna: 80 - 120 cm.<br \/>\n- Fioritura: 60-70 giorni.<br \/>\n- Resa: 450 - 500 gr\/m2.<br \/>\n- Altezza esterna: 120 - 160 cm.<br \/>\n- Raccolta: aprile - novembre.<br \/>\n- THC: 17%<\/p>\n<p>2x Auto Amnesia XXL<br \/>\n- Altezza interna: 80 - 100 cm.<br \/>\n- Tempo di fioritura: 70-80 giorni.<br \/>\n- Resa: 500 - 550 gr\/m2.<br \/>\n- Altezza esterna: 110 - 150 cm.<br \/>\n- Raccolta: aprile - novembre.<br \/>\n- THC: 14%<\/p>\n<p>2x Auto Jack Herer<br \/>\n- Altezza interna: 75 - 100 cm.<br \/>\n- Fioritura: 65-70 giorni.<br \/>\n- Resa: 400 - 500 gr\/m2.<br \/>\n- Altezza esterna: 90 - 180 cm.<br \/>\n- Raccolta: aprile - novembre.<br \/>\n- THC: 15%<\/p>","protected":false},"featured_media":20297,"comment_status":"open","ping_status":"closed","template":"","meta":{"_acf_changed":false},"product_brand":[],"product_cat":[71],"product_tag":[],"class_list":{"0":"post-20049","1":"product","2":"type-product","3":"status-publish","4":"has-post-thumbnail","6":"product_cat-colecciones","8":"first","9":"instock","10":"taxable","11":"shipping-taxable","12":"purchasable","13":"product-type-simple"},"acf":[],"yoast_head":"<!-- This site is optimized with the Yoast SEO Premium plugin v26.3 (Yoast SEO v26.6) - https:\/\/yoast.com\/wordpress\/plugins\/seo\/ -->\n<title>Automatic Collection #1 - Advanced Seeds - Advanced Seeds<\/title>\n<meta name=\"robots\" content=\"index, follow, max-snippet:-1, max-image-preview:large, max-video-preview:-1\" \/>\n<link rel=\"canonical\" href=\"https:\/\/advancedseeds.com\/it\/tienda\/colecciones\/automatic-collection-1-advanced-seeds\/\" \/>\n<meta property=\"og:locale\" content=\"it_IT\" \/>\n<meta property=\"og:type\" content=\"article\" \/>\n<meta property=\"og:title\" content=\"Automatic Collection #1 - Advanced Seeds\" \/>\n<meta property=\"og:description\" content=\"2x Auto Biodiesel Mass XXL - Altura interior: 80 - 120 cm. - Floraci\u00f3n: 60 - 70 d\u00edas. - Producci\u00f3n: 450 - 500 gr\/m2. - Altura exterior: 120 - 160 cm. - Cosecha: Apr - Nov. - THC: 17%  2x Auto Amnesia XXL - Altura interior: 80 - 100 cm. - Floraci\u00f3n: 70 - 80 d\u00edas. - Producci\u00f3n: 500 - 550 gr\/m2. - Altura exterior: 110 - 150 cm. - Cosecha: Apr - Nov. - THC: 14%  2x Auto Jack Herer - Altura interior: 75 - 100 cm. - Floraci\u00f3n: 65 - 70 d\u00edas. - Producci\u00f3n: 400 - 500 gr\/m2. - Altura exterior: 90 - 180 cm. - Cosecha: Apr - Nov. - THC: 15%\" \/>\n<meta property=\"og:url\" content=\"https:\/\/advancedseeds.com\/it\/tienda\/colecciones\/automatic-collection-1-advanced-seeds\/\" \/>\n<meta property=\"og:site_name\" content=\"Advanced Seeds\" \/>\n<meta property=\"article:modified_time\" content=\"2026-04-15T09:45:14+00:00\" \/>\n<meta property=\"og:image\" content=\"https:\/\/advancedseeds.com\/web\/wp-content\/uploads\/2025\/03\/aucol1-1.jpg\" \/>\n\t<meta property=\"og:image:width\" content=\"819\" \/>\n\t<meta property=\"og:image:height\" content=\"1232\" \/>\n\t<meta property=\"og:image:type\" content=\"image\/jpeg\" \/>\n<meta name=\"twitter:card\" content=\"summary_large_image\" \/>\n<meta name=\"twitter:label1\" content=\"Tempo di lettura stimato\" \/>\n\t<meta name=\"twitter:data1\" content=\"10 minuti\" \/>\n<script type=\"application\/ld+json\" class=\"yoast-schema-graph\">{\"@context\":\"https:\/\/schema.org\",\"@graph\":[{\"@type\":\"WebPage\",\"@id\":\"https:\/\/advancedseeds.com\/tienda\/colecciones\/automatic-collection-1-advanced-seeds\/\",\"url\":\"https:\/\/advancedseeds.com\/tienda\/colecciones\/automatic-collection-1-advanced-seeds\/\",\"name\":\"Automatic Collection #1 - Advanced Seeds - Advanced Seeds\",\"isPartOf\":{\"@id\":\"https:\/\/advancedseeds.com\/#website\"},\"primaryImageOfPage\":{\"@id\":\"https:\/\/advancedseeds.com\/tienda\/colecciones\/automatic-collection-1-advanced-seeds\/#primaryimage\"},\"image\":{\"@id\":\"https:\/\/advancedseeds.com\/tienda\/colecciones\/automatic-collection-1-advanced-seeds\/#primaryimage\"},\"thumbnailUrl\":\"https:\/\/advancedseeds.com\/web\/wp-content\/uploads\/2025\/03\/aucol1-1.jpg\",\"datePublished\":\"2025-03-11T11:58:00+00:00\",\"dateModified\":\"2026-04-15T09:45:14+00:00\",\"breadcrumb\":{\"@id\":\"https:\/\/advancedseeds.com\/tienda\/colecciones\/automatic-collection-1-advanced-seeds\/#breadcrumb\"},\"inLanguage\":\"it-IT\",\"potentialAction\":[{\"@type\":\"ReadAction\",\"target\":[\"https:\/\/advancedseeds.com\/tienda\/colecciones\/automatic-collection-1-advanced-seeds\/\"]}]},{\"@type\":\"ImageObject\",\"inLanguage\":\"it-IT\",\"@id\":\"https:\/\/advancedseeds.com\/tienda\/colecciones\/automatic-collection-1-advanced-seeds\/#primaryimage\",\"url\":\"https:\/\/advancedseeds.com\/web\/wp-content\/uploads\/2025\/03\/aucol1-1.jpg\",\"contentUrl\":\"https:\/\/advancedseeds.com\/web\/wp-content\/uploads\/2025\/03\/aucol1-1.jpg\",\"width\":819,\"height\":1232},{\"@type\":\"BreadcrumbList\",\"@id\":\"https:\/\/advancedseeds.com\/tienda\/colecciones\/automatic-collection-1-advanced-seeds\/#breadcrumb\",\"itemListElement\":[{\"@type\":\"ListItem\",\"position\":1,\"name\":\"Home\",\"item\":\"https:\/\/advancedseeds.com\/\"},{\"@type\":\"ListItem\",\"position\":2,\"name\":\"Tienda\",\"item\":\"https:\/\/advancedseeds.com\/\"},{\"@type\":\"ListItem\",\"position\":3,\"name\":\"Automatic Collection #1 &#8211; Advanced Seeds\"}]},{\"@type\":\"WebSite\",\"@id\":\"https:\/\/advancedseeds.com\/#website\",\"url\":\"https:\/\/advancedseeds.com\/\",\"name\":\"Advanced Seeds\",\"description\":\"Gen\u00e9ticas Avanzadas en semillas feminizadas y autom\u00e1ticas.\",\"publisher\":{\"@id\":\"https:\/\/advancedseeds.com\/#organization\"},\"potentialAction\":[{\"@type\":\"SearchAction\",\"target\":{\"@type\":\"EntryPoint\",\"urlTemplate\":\"https:\/\/advancedseeds.com\/?s={search_term_string}\"},\"query-input\":{\"@type\":\"PropertyValueSpecification\",\"valueRequired\":true,\"valueName\":\"search_term_string\"}}],\"inLanguage\":\"it-IT\"},{\"@type\":\"Organization\",\"@id\":\"https:\/\/advancedseeds.com\/#organization\",\"name\":\"Advanced Seeds\",\"url\":\"https:\/\/advancedseeds.com\/\",\"logo\":{\"@type\":\"ImageObject\",\"inLanguage\":\"it-IT\",\"@id\":\"https:\/\/advancedseeds.com\/#\/schema\/logo\/image\/\",\"url\":\"https:\/\/advancedseeds.com\/web\/wp-content\/uploads\/2021\/01\/logo-advanced.jpg\",\"contentUrl\":\"https:\/\/advancedseeds.com\/web\/wp-content\/uploads\/2021\/01\/logo-advanced.jpg\",\"width\":600,\"height\":600,\"caption\":\"Advanced Seeds\"},\"image\":{\"@id\":\"https:\/\/advancedseeds.com\/#\/schema\/logo\/image\/\"}}]}<\/script>\n<!-- \/ Yoast SEO Premium plugin. -->","yoast_head_json":{"title":"Automatic Collection #1 - Advanced Seeds - Advanced Seeds","robots":{"index":"index","follow":"follow","max-snippet":"max-snippet:-1","max-image-preview":"max-image-preview:large","max-video-preview":"max-video-preview:-1"},"canonical":"https:\/\/advancedseeds.com\/it\/tienda\/colecciones\/automatic-collection-1-advanced-seeds\/","og_locale":"it_IT","og_type":"article","og_title":"Automatic Collection #1 - Advanced Seeds","og_description":"2x Auto Biodiesel Mass XXL - Altura interior: 80 - 120 cm. - Floraci\u00f3n: 60 - 70 d\u00edas. - Producci\u00f3n: 450 - 500 gr\/m2. - Altura exterior: 120 - 160 cm. - Cosecha: Apr - Nov. - THC: 17%  2x Auto Amnesia XXL - Altura interior: 80 - 100 cm. - Floraci\u00f3n: 70 - 80 d\u00edas. - Producci\u00f3n: 500 - 550 gr\/m2. - Altura exterior: 110 - 150 cm. - Cosecha: Apr - Nov. - THC: 14%  2x Auto Jack Herer - Altura interior: 75 - 100 cm. - Floraci\u00f3n: 65 - 70 d\u00edas. - Producci\u00f3n: 400 - 500 gr\/m2. - Altura exterior: 90 - 180 cm. - Cosecha: Apr - Nov. - THC: 15%","og_url":"https:\/\/advancedseeds.com\/it\/tienda\/colecciones\/automatic-collection-1-advanced-seeds\/","og_site_name":"Advanced Seeds","article_modified_time":"2026-04-15T09:45:14+00:00","og_image":[{"width":819,"height":1232,"url":"https:\/\/advancedseeds.com\/web\/wp-content\/uploads\/2025\/03\/aucol1-1.jpg","type":"image\/jpeg"}],"twitter_card":"summary_large_image","twitter_misc":{"Tempo di lettura stimato":"10 minuti"},"schema":{"@context":"https:\/\/schema.org","@graph":[{"@type":"WebPage","@id":"https:\/\/advancedseeds.com\/tienda\/colecciones\/automatic-collection-1-advanced-seeds\/","url":"https:\/\/advancedseeds.com\/tienda\/colecciones\/automatic-collection-1-advanced-seeds\/","name":"Automatic Collection #1 - Advanced Seeds - Advanced Seeds","isPartOf":{"@id":"https:\/\/advancedseeds.com\/#website"},"primaryImageOfPage":{"@id":"https:\/\/advancedseeds.com\/tienda\/colecciones\/automatic-collection-1-advanced-seeds\/#primaryimage"},"image":{"@id":"https:\/\/advancedseeds.com\/tienda\/colecciones\/automatic-collection-1-advanced-seeds\/#primaryimage"},"thumbnailUrl":"https:\/\/advancedseeds.com\/web\/wp-content\/uploads\/2025\/03\/aucol1-1.jpg","datePublished":"2025-03-11T11:58:00+00:00","dateModified":"2026-04-15T09:45:14+00:00","breadcrumb":{"@id":"https:\/\/advancedseeds.com\/tienda\/colecciones\/automatic-collection-1-advanced-seeds\/#breadcrumb"},"inLanguage":"it-IT","potentialAction":[{"@type":"ReadAction","target":["https:\/\/advancedseeds.com\/tienda\/colecciones\/automatic-collection-1-advanced-seeds\/"]}]},{"@type":"ImageObject","inLanguage":"it-IT","@id":"https:\/\/advancedseeds.com\/tienda\/colecciones\/automatic-collection-1-advanced-seeds\/#primaryimage","url":"https:\/\/advancedseeds.com\/web\/wp-content\/uploads\/2025\/03\/aucol1-1.jpg","contentUrl":"https:\/\/advancedseeds.com\/web\/wp-content\/uploads\/2025\/03\/aucol1-1.jpg","width":819,"height":1232},{"@type":"BreadcrumbList","@id":"https:\/\/advancedseeds.com\/tienda\/colecciones\/automatic-collection-1-advanced-seeds\/#breadcrumb","itemListElement":[{"@type":"ListItem","position":1,"name":"Home","item":"https:\/\/advancedseeds.com\/"},{"@type":"ListItem","position":2,"name":"Tienda","item":"https:\/\/advancedseeds.com\/"},{"@type":"ListItem","position":3,"name":"Automatic Collection #1 &#8211; Advanced Seeds"}]},{"@type":"WebSite","@id":"https:\/\/advancedseeds.com\/#website","url":"https:\/\/advancedseeds.com\/","name":"Semi avanzati","description":"Genetica avanzata in semi femminizzati e automatici.","publisher":{"@id":"https:\/\/advancedseeds.com\/#organization"},"potentialAction":[{"@type":"SearchAction","target":{"@type":"EntryPoint","urlTemplate":"https:\/\/advancedseeds.com\/?s={search_term_string}"},"query-input":{"@type":"PropertyValueSpecification","valueRequired":true,"valueName":"search_term_string"}}],"inLanguage":"it-IT"},{"@type":"Organization","@id":"https:\/\/advancedseeds.com\/#organization","name":"Semi avanzati","url":"https:\/\/advancedseeds.com\/","logo":{"@type":"ImageObject","inLanguage":"it-IT","@id":"https:\/\/advancedseeds.com\/#\/schema\/logo\/image\/","url":"https:\/\/advancedseeds.com\/web\/wp-content\/uploads\/2021\/01\/logo-advanced.jpg","contentUrl":"https:\/\/advancedseeds.com\/web\/wp-content\/uploads\/2021\/01\/logo-advanced.jpg","width":600,"height":600,"caption":"Advanced Seeds"},"image":{"@id":"https:\/\/advancedseeds.com\/#\/schema\/logo\/image\/"}}]}},"_links":{"self":[{"href":"https:\/\/advancedseeds.com\/it\/wp-json\/wp\/v2\/product\/20049","targetHints":{"allow":["GET"]}}],"collection":[{"href":"https:\/\/advancedseeds.com\/it\/wp-json\/wp\/v2\/product"}],"about":[{"href":"https:\/\/advancedseeds.com\/it\/wp-json\/wp\/v2\/types\/product"}],"replies":[{"embeddable":true,"href":"https:\/\/advancedseeds.com\/it\/wp-json\/wp\/v2\/comments?post=20049"}],"wp:featuredmedia":[{"embeddable":true,"href":"https:\/\/advancedseeds.com\/it\/wp-json\/wp\/v2\/media\/20297"}],"wp:attachment":[{"href":"https:\/\/advancedseeds.com\/it\/wp-json\/wp\/v2\/media?parent=20049"}],"wp:term":[{"taxonomy":"product_brand","embeddable":true,"href":"https:\/\/advancedseeds.com\/it\/wp-json\/wp\/v2\/product_brand?post=20049"},{"taxonomy":"product_cat","embeddable":true,"href":"https:\/\/advancedseeds.com\/it\/wp-json\/wp\/v2\/product_cat?post=20049"},{"taxonomy":"product_tag","embeddable":true,"href":"https:\/\/advancedseeds.com\/it\/wp-json\/wp\/v2\/product_tag?post=20049"}],"curies":[{"name":"wp","href":"https:\/\/api.w.org\/{rel}","templated":true}]}}