{"id":20053,"date":"2025-03-11T12:58:00","date_gmt":"2025-03-11T11:58:00","guid":{"rendered":"https:\/\/advancedseeds.com\/web\/tienda\/sin%20categor\u00eda\/automatic-collection-3-advanced-seeds\/"},"modified":"2026-04-15T10:45:14","modified_gmt":"2026-04-15T09:45:14","slug":"automatic-collection-3-advanced-seeds","status":"publish","type":"product","link":"https:\/\/advancedseeds.com\/it\/tienda\/colecciones\/automatic-collection-3-advanced-seeds\/","title":{"rendered":"Automatic Collection #3 - Advanced Seeds"},"content":{"rendered":"<h2>Massa Critica Auto<\/h2>\n<p>THC: 16%<\/p>\n<p>Resa: 400 - 500 g<\/p>\n<p>Altezza interna: 60-90 cm<\/p>\n<p>Altezza esterna: 0,9 - 1,4 m<\/p>\n<p>Ciclo di fioritura: 55-60 giorni<\/p>\n<p>Raccolta: aprile - novembre.<\/p>\n<h2 class=\"western\"><b>Quali sono le caratteristiche genetiche dell'Auto Critical Mass?<\/b><\/h2>\n<p>La Auto Critical Mass \u00e8 il risultato di un magistrale incrocio tra la leggendaria<a href=\"https:\/\/advancedseeds.com\/web\/producto\/critical-mass\/\"> Massa critica<\/a> e una selezione di Ruderalis Skunk. Questo incrocio ha mantenuto i sapori dolci e fruttati che caratterizzano il suo antenato Skunk#1, accelerando al contempo il suo ciclo di vita. Anche la resistenza allo stress e il potente vigore ibrido si distinguono in questa variet\u00e0 eccezionale.<\/p>\n<p>Questo incrocio ha creato una variet\u00e0 fulminea, mantenendo quei sapori che fanno salivare e una potenza non da poco. Cos'\u00e8? Beh, \u00e8 una miscela con un leggero swing indica, quindi preparate il divano perch\u00e9 vorrete divertirvi.<\/p>\n<h2 class=\"western\"><b>Che aspetto ha l'Auto Critical Mass?<\/b><\/h2>\n<p>Le piante Auto Critical Mass presentano una morfologia compatta ma robusta. Gli steli forti e le foglie verdi creano una struttura ideale per lo sviluppo di cime dense. La distanza tra i nodi \u00e8 adeguata per consentire un'eccellente penetrazione della luce, con conseguente abbondante produzione di resina e cime dai colori abbaglianti.<\/p>\n<h2 class=\"western\"><b>Come si coltivano questi semi all'interno e all'esterno?<\/b><\/h2>\n<p>Coltivare i semi autofiorenti Auto Critical Mass \u00e8 un gioco da ragazzi. Al chiuso, queste piante non sono esigenti in fatto di cicli di luce, ma apprezzano avere pi\u00f9 luce possibile, essendo il fotoperiodo 18\/6 o 20\/4 molto interessante in questo senso.<\/p>\n<p>Con un po' di attenzione e una buona illuminazione, possono essere coltivate in grande stile. Se avete uno spazio ridotto, con la tecnica SOG potete allestire un impressionante giardino in miniatura. All'aperto, invece, concedete loro almeno cinque ore di luce solare diretta e vedrete come crescono felici e paffute. Sono piante a tutto tondo, quindi se le trattate bene, loro tratteranno meglio voi. Ecco alcuni consigli su come ottenere raccolti eccezionali:<\/p>\n<h3 class=\"western\">Coltivazione indoor:<\/h3>\n<p>Utilizza un substrato ricco di sostanze nutritive per promuovere una crescita sana fin dall'inizio.<\/p>\n<p>Mantenere l'umidit\u00e0 intorno a 50-70% durante la fase di crescita e intorno a 40% durante la fioritura.<\/p>\n<p>Fornisce un ciclo di luce di 18-20 ore al giorno per uno sviluppo ottimale.<\/p>\n<p>Controllare attentamente la temperatura e la ventilazione per evitare problemi di muffa.<\/p>\n<p>Eseguire leggere defogliazioni per migliorare la circolazione dell'aria e l'esposizione alla luce.<\/p>\n<p>Sperimentate le tecniche di addestramento a basso stress (LST) per aumentare la produzione di gemme e sfruttare al meglio il vostro spazio.<\/p>\n<h3 class=\"western\">Coltivazione all'aperto:<\/h3>\n<p>Scegliete un sito con almeno 5-6 ore di luce solare diretta al giorno per una crescita ottimale.<\/p>\n<p>Assicuratevi che il substrato sia ben drenato e arricchito con sostanze nutritive organiche.<\/p>\n<p>Innaffiate in modo equilibrato per evitare ristagni d'acqua.<\/p>\n<p>Proteggete le piante dalle piogge abbondanti e dalle condizioni atmosferiche avverse.<\/p>\n<p>Potare in modo strategico per migliorare la circolazione dell'aria e l'esposizione al sole.<\/p>\n<h2 class=\"western\"><b>Quando viene raccolto l'Auto Critical Mass?<\/b><\/h2>\n<p>Il tempo di raccolta varia a seconda che si tratti di coltivazioni indoor o outdoor. Al chiuso, il raccolto sar\u00e0 pronto dopo circa 70 giorni dalla germinazione. All'aperto, sarete pronti a raccogliere dopo 10-11 settimane di coltivazione. Una maturazione adeguata pu\u00f2 influenzare gli effetti delle cime, quindi scegliete bene i tempi.<\/p>\n<h2 class=\"western\"><b>Quanto producono questi semi?<\/b><\/h2>\n<p>La Auto Critical Mass \u00e8 nota per le sue generose rese. Al chiuso, si possono ottenere fino a <b>500 grammi o pi\u00f9<\/b> per metro quadro. All'aperto, le piante possono sorprendere con raccolti altrettanto impressionanti, e che dire della resina? Beh, se vi piace fare estrazioni, ne avrete abbastanza per organizzare una festa. .<\/p>\n<h2 class=\"western\"><b>Qual \u00e8 l'aroma e il sapore dell'Auto Critical Mass?<\/b><\/h2>\n<p>Auto Critical Mass offre un aroma e un gusto eccezionali. Sperimenterete <b>note dolci e fruttate<\/b> che vi ricorder\u00e0 il suo lignaggio Critical Mass. I terpeni presenti in questa variet\u00e0 creano un bouquet delizioso, con un sapore che vi trasporta in un negozio di dolci durante l'inspirazione e l'espirazione.<\/p>\n<h2 class=\"western\"><b>Che tipo di effetto ha questa marijuana?<\/b><\/h2>\n<p>Auto Critical Mass produce un effetto potente ed equilibrato su corpo e mente, con un contenuto di THC fino a 16%. Sperimenterete un <b>sensazione di relax ed euforia<\/b> che pu\u00f2 alleviare stress, ansia e dolore. Gli effetti collaterali sono minimi, il che la rende una scelta versatile per gli utenti di tutti i livelli.<\/p>\n<h2 class=\"western\"><b>Acquistare Auto Critical Mass al miglior prezzo online<\/b><\/h2>\n<p>Se state cercando di acquistare i semi di Auto Critical Mass da Advanced Seeds al miglior prezzo online, siete arrivati nel posto giusto. Iniziate il vostro entusiasmante viaggio di coltivazione con questa eccezionale variet\u00e0, ordinate oggi stesso e scoprite tutto ci\u00f2 che la Auto Critical Mass ha da offrire!<\/p>\n<h2 class=\"western\"><b>Domande frequenti su Auto Critical Mass:<\/b><\/h2>\n<h3 class=\"western\">Qual \u00e8 il contenuto di THC di questi semi?<\/h3>\n<p>Auto Critical Mass pu\u00f2 raggiungere 16% di THC, offrendo un effetto potente.<\/p>\n<h3 class=\"western\">Sono adatti ai coltivatori principianti?<\/h3>\n<p>S\u00ec, questi semi sono ideali per i principianti grazie alla loro facilit\u00e0 di coltivazione e all'elevata resistenza.<\/p>\n<h3 class=\"western\">Qual \u00e8 la performance all'aperto?<\/h3>\n<p>All'aperto si possono prevedere raccolti abbondanti, a seconda delle condizioni di coltivazione.<\/p>\n<h3 class=\"western\">Quali sono i benefici medicinali dell'Auto Critical Mass?<\/h3>\n<p>Questa variet\u00e0 \u00e8 nota per alleviare lo stress, l'ansia e il dolore, oltre ad avere propriet\u00e0 terapeutiche.<\/p>\n<h2>Auto New York City Diesel<\/h2>\n<p>THC: 14%<br \/>\nResa: 400 - 450 g<br \/>\nAltezza interna: 75 - 100 cm<br \/>\nAltezza esterna: 0,9 - 1,6 m<br \/>\nCiclo di fioritura: 60-65 giorni<br \/>\nRaccolta: aprile - novembre.<\/p>\n<p>Incrocio tra una Sativa messicana (40%) e un'Indica afgana (60%). Abbiamo catturato in questo ibrido autofiorente tutta l'essenza della genetica Diesel, un eccellente aroma e sapore di agrumi, pompelmo, mandarino, arancia... con dolci note di uva e spezie. La sua parte Sativa le permette di raggiungere una buona dimensione, sviluppa una ramificazione contenuta, ideale sia per l'indoor che per l'outdoor.<\/p>\n<h2>Auto Gorilla Blu<\/h2>\n<p>THC: 20%<\/p>\n<p>Resa: 450 - 500 gr\/m2<\/p>\n<p>Altezza interna: 60-90 cm<\/p>\n<p>Altezza esterna: 100 - 150 cm<\/p>\n<p>Tempo di fioritura: 60-70 giorni.<\/p>\n<p>Raccolta: aprile - novembre.<\/p>\n<p>L'Auto Gorilla Blue ha un effetto molto psicoattivo, con 20% di THC avremo uno sballo euforico che presto lascer\u00e0 il posto al relax fisico e alla gioia.<br \/>\nLa pianta \u00e8 molto facile da coltivare, quindi \u00e8 consigliata ai coltivatori alle prime armi, ma il suo effetto impressioner\u00e0 anche i coltivatori pi\u00f9 esperti. Il breve periodo di crescita vi permetter\u00e0 di godere di questa meraviglia molto presto. Cime estremamente resinose e appiccicose, dal sapore dolce di pino e terroso e dagli aromi Diesel.<\/p>","protected":false},"excerpt":{"rendered":"<p>2x Auto Critical Mass<br \/>\n- Altezza interna: 80 - 100 cm.<br \/>\n- Fioritura: 60-70 giorni.<br \/>\n- Resa: 450 - 550 gr\/m2.<br \/>\n- Altezza esterna: 100 - 150 cm.<br \/>\n- Raccolta: aprile - novembre.<br \/>\n- THC: 14%<\/p>\n<p>2x Auto NYC Diesel<br \/>\n- Altezza interna: 75 - 100 cm.<br \/>\n- Fioritura: 60-65 giorni.<br \/>\n- Resa: 400 - 450 gr\/m2.<br \/>\n- Altezza esterna: 90 - 160 cm.<br \/>\n- Raccolta: aprile - novembre.<br \/>\n- THC: 14%<\/p>\n<p>2x Auto Gorilla Blue<br \/>\n- Altezza interna: 70-90 cm.<br \/>\n- Fioritura: 60-70 giorni.<br \/>\n- Resa: 450 - 500 gr\/m2.<br \/>\n- Altezza esterna: 90 - 140 cm.<br \/>\n- Raccolta: aprile - novembre.<br \/>\n- THC: 20%<\/p>","protected":false},"featured_media":20301,"comment_status":"open","ping_status":"closed","template":"","meta":{"_acf_changed":false},"product_brand":[],"product_cat":[71],"product_tag":[],"class_list":{"0":"post-20053","1":"product","2":"type-product","3":"status-publish","4":"has-post-thumbnail","6":"product_cat-colecciones","8":"first","9":"instock","10":"taxable","11":"shipping-taxable","12":"purchasable","13":"product-type-simple"},"acf":[],"yoast_head":"<!-- This site is optimized with the Yoast SEO Premium plugin v26.3 (Yoast SEO v26.6) - https:\/\/yoast.com\/wordpress\/plugins\/seo\/ -->\n<title>Automatic Collection #3 - Advanced Seeds - Advanced Seeds<\/title>\n<meta name=\"robots\" content=\"index, follow, max-snippet:-1, max-image-preview:large, max-video-preview:-1\" \/>\n<link rel=\"canonical\" href=\"https:\/\/advancedseeds.com\/it\/tienda\/colecciones\/automatic-collection-3-advanced-seeds\/\" \/>\n<meta property=\"og:locale\" content=\"it_IT\" \/>\n<meta property=\"og:type\" content=\"article\" \/>\n<meta property=\"og:title\" content=\"Automatic Collection #3 - Advanced Seeds\" \/>\n<meta property=\"og:description\" content=\"2x Auto Critical Mass - Altura interior: 80 - 100 cm. - Floraci\u00f3n: 60 - 70 d\u00edas. - Producci\u00f3n: 450 - 550 gr\/m2. - Altura exterior: 100 - 150 cm. - Cosecha: Apr - Nov. - THC: 14%  2x Auto NYC Diesel - Altura interior: 75 - 100 cm. - Floraci\u00f3n: 60 - 65 d\u00edas. - Producci\u00f3n: 400 - 450 gr\/m2. - Altura exterior: 90 - 160 cm. - Cosecha: Apr - Nov. - THC: 14%  2x Auto Gorilla Blue - Altura interior: 70 - 90 cm. - Floraci\u00f3n: 60 - 70 d\u00edas. - Producci\u00f3n: 450 - 500 gr\/m2. - Altura exterior: 90 - 140 cm. - Cosecha: Apr - Nov. - THC: 20%\" \/>\n<meta property=\"og:url\" content=\"https:\/\/advancedseeds.com\/it\/tienda\/colecciones\/automatic-collection-3-advanced-seeds\/\" \/>\n<meta property=\"og:site_name\" content=\"Advanced Seeds\" \/>\n<meta property=\"article:modified_time\" content=\"2026-04-15T09:45:14+00:00\" \/>\n<meta property=\"og:image\" content=\"https:\/\/advancedseeds.com\/web\/wp-content\/uploads\/2025\/03\/aucol3.jpg\" \/>\n\t<meta property=\"og:image:width\" content=\"819\" \/>\n\t<meta property=\"og:image:height\" content=\"1232\" \/>\n\t<meta property=\"og:image:type\" content=\"image\/jpeg\" \/>\n<meta name=\"twitter:card\" content=\"summary_large_image\" \/>\n<meta name=\"twitter:label1\" content=\"Tempo di lettura stimato\" \/>\n\t<meta name=\"twitter:data1\" content=\"6 minuti\" \/>\n<script type=\"application\/ld+json\" class=\"yoast-schema-graph\">{\"@context\":\"https:\/\/schema.org\",\"@graph\":[{\"@type\":\"WebPage\",\"@id\":\"https:\/\/advancedseeds.com\/tienda\/colecciones\/automatic-collection-3-advanced-seeds\/\",\"url\":\"https:\/\/advancedseeds.com\/tienda\/colecciones\/automatic-collection-3-advanced-seeds\/\",\"name\":\"Automatic Collection #3 - Advanced Seeds - Advanced Seeds\",\"isPartOf\":{\"@id\":\"https:\/\/advancedseeds.com\/#website\"},\"primaryImageOfPage\":{\"@id\":\"https:\/\/advancedseeds.com\/tienda\/colecciones\/automatic-collection-3-advanced-seeds\/#primaryimage\"},\"image\":{\"@id\":\"https:\/\/advancedseeds.com\/tienda\/colecciones\/automatic-collection-3-advanced-seeds\/#primaryimage\"},\"thumbnailUrl\":\"https:\/\/advancedseeds.com\/web\/wp-content\/uploads\/2025\/03\/aucol3.jpg\",\"datePublished\":\"2025-03-11T11:58:00+00:00\",\"dateModified\":\"2026-04-15T09:45:14+00:00\",\"breadcrumb\":{\"@id\":\"https:\/\/advancedseeds.com\/tienda\/colecciones\/automatic-collection-3-advanced-seeds\/#breadcrumb\"},\"inLanguage\":\"it-IT\",\"potentialAction\":[{\"@type\":\"ReadAction\",\"target\":[\"https:\/\/advancedseeds.com\/tienda\/colecciones\/automatic-collection-3-advanced-seeds\/\"]}]},{\"@type\":\"ImageObject\",\"inLanguage\":\"it-IT\",\"@id\":\"https:\/\/advancedseeds.com\/tienda\/colecciones\/automatic-collection-3-advanced-seeds\/#primaryimage\",\"url\":\"https:\/\/advancedseeds.com\/web\/wp-content\/uploads\/2025\/03\/aucol3.jpg\",\"contentUrl\":\"https:\/\/advancedseeds.com\/web\/wp-content\/uploads\/2025\/03\/aucol3.jpg\",\"width\":819,\"height\":1232},{\"@type\":\"BreadcrumbList\",\"@id\":\"https:\/\/advancedseeds.com\/tienda\/colecciones\/automatic-collection-3-advanced-seeds\/#breadcrumb\",\"itemListElement\":[{\"@type\":\"ListItem\",\"position\":1,\"name\":\"Home\",\"item\":\"https:\/\/advancedseeds.com\/\"},{\"@type\":\"ListItem\",\"position\":2,\"name\":\"Tienda\",\"item\":\"https:\/\/advancedseeds.com\/\"},{\"@type\":\"ListItem\",\"position\":3,\"name\":\"Automatic Collection #3 &#8211; Advanced Seeds\"}]},{\"@type\":\"WebSite\",\"@id\":\"https:\/\/advancedseeds.com\/#website\",\"url\":\"https:\/\/advancedseeds.com\/\",\"name\":\"Advanced Seeds\",\"description\":\"Gen\u00e9ticas Avanzadas en semillas feminizadas y autom\u00e1ticas.\",\"publisher\":{\"@id\":\"https:\/\/advancedseeds.com\/#organization\"},\"potentialAction\":[{\"@type\":\"SearchAction\",\"target\":{\"@type\":\"EntryPoint\",\"urlTemplate\":\"https:\/\/advancedseeds.com\/?s={search_term_string}\"},\"query-input\":{\"@type\":\"PropertyValueSpecification\",\"valueRequired\":true,\"valueName\":\"search_term_string\"}}],\"inLanguage\":\"it-IT\"},{\"@type\":\"Organization\",\"@id\":\"https:\/\/advancedseeds.com\/#organization\",\"name\":\"Advanced Seeds\",\"url\":\"https:\/\/advancedseeds.com\/\",\"logo\":{\"@type\":\"ImageObject\",\"inLanguage\":\"it-IT\",\"@id\":\"https:\/\/advancedseeds.com\/#\/schema\/logo\/image\/\",\"url\":\"https:\/\/advancedseeds.com\/web\/wp-content\/uploads\/2021\/01\/logo-advanced.jpg\",\"contentUrl\":\"https:\/\/advancedseeds.com\/web\/wp-content\/uploads\/2021\/01\/logo-advanced.jpg\",\"width\":600,\"height\":600,\"caption\":\"Advanced Seeds\"},\"image\":{\"@id\":\"https:\/\/advancedseeds.com\/#\/schema\/logo\/image\/\"}}]}<\/script>\n<!-- \/ Yoast SEO Premium plugin. -->","yoast_head_json":{"title":"Automatic Collection #3 - Advanced Seeds - Advanced Seeds","robots":{"index":"index","follow":"follow","max-snippet":"max-snippet:-1","max-image-preview":"max-image-preview:large","max-video-preview":"max-video-preview:-1"},"canonical":"https:\/\/advancedseeds.com\/it\/tienda\/colecciones\/automatic-collection-3-advanced-seeds\/","og_locale":"it_IT","og_type":"article","og_title":"Automatic Collection #3 - Advanced Seeds","og_description":"2x Auto Critical Mass - Altura interior: 80 - 100 cm. - Floraci\u00f3n: 60 - 70 d\u00edas. - Producci\u00f3n: 450 - 550 gr\/m2. - Altura exterior: 100 - 150 cm. - Cosecha: Apr - Nov. - THC: 14%  2x Auto NYC Diesel - Altura interior: 75 - 100 cm. - Floraci\u00f3n: 60 - 65 d\u00edas. - Producci\u00f3n: 400 - 450 gr\/m2. - Altura exterior: 90 - 160 cm. - Cosecha: Apr - Nov. - THC: 14%  2x Auto Gorilla Blue - Altura interior: 70 - 90 cm. - Floraci\u00f3n: 60 - 70 d\u00edas. - Producci\u00f3n: 450 - 500 gr\/m2. - Altura exterior: 90 - 140 cm. - Cosecha: Apr - Nov. - THC: 20%","og_url":"https:\/\/advancedseeds.com\/it\/tienda\/colecciones\/automatic-collection-3-advanced-seeds\/","og_site_name":"Advanced Seeds","article_modified_time":"2026-04-15T09:45:14+00:00","og_image":[{"width":819,"height":1232,"url":"https:\/\/advancedseeds.com\/web\/wp-content\/uploads\/2025\/03\/aucol3.jpg","type":"image\/jpeg"}],"twitter_card":"summary_large_image","twitter_misc":{"Tempo di lettura stimato":"6 minuti"},"schema":{"@context":"https:\/\/schema.org","@graph":[{"@type":"WebPage","@id":"https:\/\/advancedseeds.com\/tienda\/colecciones\/automatic-collection-3-advanced-seeds\/","url":"https:\/\/advancedseeds.com\/tienda\/colecciones\/automatic-collection-3-advanced-seeds\/","name":"Automatic Collection #3 - Advanced Seeds - Advanced Seeds","isPartOf":{"@id":"https:\/\/advancedseeds.com\/#website"},"primaryImageOfPage":{"@id":"https:\/\/advancedseeds.com\/tienda\/colecciones\/automatic-collection-3-advanced-seeds\/#primaryimage"},"image":{"@id":"https:\/\/advancedseeds.com\/tienda\/colecciones\/automatic-collection-3-advanced-seeds\/#primaryimage"},"thumbnailUrl":"https:\/\/advancedseeds.com\/web\/wp-content\/uploads\/2025\/03\/aucol3.jpg","datePublished":"2025-03-11T11:58:00+00:00","dateModified":"2026-04-15T09:45:14+00:00","breadcrumb":{"@id":"https:\/\/advancedseeds.com\/tienda\/colecciones\/automatic-collection-3-advanced-seeds\/#breadcrumb"},"inLanguage":"it-IT","potentialAction":[{"@type":"ReadAction","target":["https:\/\/advancedseeds.com\/tienda\/colecciones\/automatic-collection-3-advanced-seeds\/"]}]},{"@type":"ImageObject","inLanguage":"it-IT","@id":"https:\/\/advancedseeds.com\/tienda\/colecciones\/automatic-collection-3-advanced-seeds\/#primaryimage","url":"https:\/\/advancedseeds.com\/web\/wp-content\/uploads\/2025\/03\/aucol3.jpg","contentUrl":"https:\/\/advancedseeds.com\/web\/wp-content\/uploads\/2025\/03\/aucol3.jpg","width":819,"height":1232},{"@type":"BreadcrumbList","@id":"https:\/\/advancedseeds.com\/tienda\/colecciones\/automatic-collection-3-advanced-seeds\/#breadcrumb","itemListElement":[{"@type":"ListItem","position":1,"name":"Home","item":"https:\/\/advancedseeds.com\/"},{"@type":"ListItem","position":2,"name":"Tienda","item":"https:\/\/advancedseeds.com\/"},{"@type":"ListItem","position":3,"name":"Automatic Collection #3 &#8211; Advanced Seeds"}]},{"@type":"WebSite","@id":"https:\/\/advancedseeds.com\/#website","url":"https:\/\/advancedseeds.com\/","name":"Semi avanzati","description":"Genetica avanzata in semi femminizzati e automatici.","publisher":{"@id":"https:\/\/advancedseeds.com\/#organization"},"potentialAction":[{"@type":"SearchAction","target":{"@type":"EntryPoint","urlTemplate":"https:\/\/advancedseeds.com\/?s={search_term_string}"},"query-input":{"@type":"PropertyValueSpecification","valueRequired":true,"valueName":"search_term_string"}}],"inLanguage":"it-IT"},{"@type":"Organization","@id":"https:\/\/advancedseeds.com\/#organization","name":"Semi avanzati","url":"https:\/\/advancedseeds.com\/","logo":{"@type":"ImageObject","inLanguage":"it-IT","@id":"https:\/\/advancedseeds.com\/#\/schema\/logo\/image\/","url":"https:\/\/advancedseeds.com\/web\/wp-content\/uploads\/2021\/01\/logo-advanced.jpg","contentUrl":"https:\/\/advancedseeds.com\/web\/wp-content\/uploads\/2021\/01\/logo-advanced.jpg","width":600,"height":600,"caption":"Advanced Seeds"},"image":{"@id":"https:\/\/advancedseeds.com\/#\/schema\/logo\/image\/"}}]}},"_links":{"self":[{"href":"https:\/\/advancedseeds.com\/it\/wp-json\/wp\/v2\/product\/20053","targetHints":{"allow":["GET"]}}],"collection":[{"href":"https:\/\/advancedseeds.com\/it\/wp-json\/wp\/v2\/product"}],"about":[{"href":"https:\/\/advancedseeds.com\/it\/wp-json\/wp\/v2\/types\/product"}],"replies":[{"embeddable":true,"href":"https:\/\/advancedseeds.com\/it\/wp-json\/wp\/v2\/comments?post=20053"}],"wp:featuredmedia":[{"embeddable":true,"href":"https:\/\/advancedseeds.com\/it\/wp-json\/wp\/v2\/media\/20301"}],"wp:attachment":[{"href":"https:\/\/advancedseeds.com\/it\/wp-json\/wp\/v2\/media?parent=20053"}],"wp:term":[{"taxonomy":"product_brand","embeddable":true,"href":"https:\/\/advancedseeds.com\/it\/wp-json\/wp\/v2\/product_brand?post=20053"},{"taxonomy":"product_cat","embeddable":true,"href":"https:\/\/advancedseeds.com\/it\/wp-json\/wp\/v2\/product_cat?post=20053"},{"taxonomy":"product_tag","embeddable":true,"href":"https:\/\/advancedseeds.com\/it\/wp-json\/wp\/v2\/product_tag?post=20053"}],"curies":[{"name":"wp","href":"https:\/\/api.w.org\/{rel}","templated":true}]}}