{"id":20057,"date":"2025-03-11T12:58:00","date_gmt":"2025-03-11T11:58:00","guid":{"rendered":"https:\/\/advancedseeds.com\/web\/tienda\/sin%20categor\u00eda\/automatic-collection-5-advanced-seeds\/"},"modified":"2026-04-15T10:45:15","modified_gmt":"2026-04-15T09:45:15","slug":"automatic-collection-5-advanced-seeds","status":"publish","type":"product","link":"https:\/\/advancedseeds.com\/it\/tienda\/colecciones\/automatic-collection-5-advanced-seeds\/","title":{"rendered":"Raccolta automatica #5 - Advanced Seeds"},"content":{"rendered":"<h2>Gomma auto alla fragola<\/h2>\n<p>THC: 18%<\/p>\n<p>Resa: 450 - 500 gr\/m2<\/p>\n<p>Altezza interna: 90 - 100 cm<\/p>\n<p>Altezza esterna: 120 - 140 cm<\/p>\n<p>Tempo di fioritura: 65-70 giorni.<\/p>\n<p>Raccolta: aprile - novembre.<\/p>\n<p>Avete bisogno di qualcosa di potente per addolcire la vostra vita? Allora il <a href=\"https:\/\/advancedseeds.com\/web\/categoria-producto\/automaticas\/\"><b>semi autofiorenti<\/b><\/a> <b>Gomma auto alla fragola <\/b>di Advanced Seeds sono una scommessa sicura per gli amanti della cannabis dai gusti dolci. Questa variet\u00e0 \u00e8 rinomata per il suo sapore unico e gli effetti equilibrati, che la rendono una scelta eccellente sia per i coltivatori principianti che per quelli esperti, in quanto non \u00e8 difficile da coltivare e i principianti ottengono un ottimo raccolto, mentre la qualit\u00e0 \u00e8 cos\u00ec alta che non ha nulla da invidiare alle normali variet\u00e0 da fiore, cosa che \u00e8 molto apprezzata dai coltivatori e dai consumatori esperti.<\/p>\n<h2 class=\"western\"><b>Qual \u00e8 la genetica di questi semi?<\/b><\/h2>\n<p>Auto Strawberry Gum \u00e8 il <b>frutto della fusione tra <a href=\"https:\/\/advancedseeds.com\/web\/producto\/strawberry-gum\/\">Gomma alla fragola<\/a><\/b> <b>e genetica di fioritura automatica<\/b> che non modifica quasi per nulla i geni della variet\u00e0 originale, ma serve a incorporare i geni responsabili dell'autofiorenza. Questa combinazione ha dato vita a una <b>variet\u00e0 a dominanza sativa<\/b>Eredita le migliori qualit\u00e0 dei suoi antenati. Dalla Strawberry deriva il suo sapore fruttato e dolce, mentre la Auto Bubble Gum apporta un'eccezionale robustezza e facilit\u00e0 di coltivazione. Questo mix genetico si traduce in una pianta vigorosa, con un profilo organolettico eccezionale e un effetto cerebrale e rilassante allo stesso tempo.<\/p>\n<h2 class=\"western\"><b>Che aspetto ha Auto Strawberry Gum?<\/b><\/h2>\n<p>La Auto Strawberry Gum \u00e8 una di quelle piante ipnotiche da cui non si riesce a staccare gli occhi. Si distingue per la sua <b>grande vigore e ramificazione<\/b>Le foglie mostrano foglioline di medie dimensioni, leggermente pi\u00f9 spesse rispetto alla versione normale. Le sue foglie mostrano foglioline di medie dimensioni, un po' pi\u00f9 spesse di quelle della versione normale e le sue cime sono spettacolari, lunghe, spesse e piene di resina. Alla fine della fioritura, queste cime possono acquisire <b>toni rossastri<\/b>Ci\u00f2 conferisce loro un aspetto visivamente attraente e appetitoso. Inoltre, la distanza tra i nodi \u00e8 ottimale per una crescita omogenea e una buona ventilazione, che \u00e8 fondamentale per la salute della pianta, per un'elevata resa e anche come difesa contro l'attacco di patogeni.<\/p>\n<h2 class=\"western\"><b>Come si coltivano questi semi all'interno e all'esterno?<\/b><\/h2>\n<p>La Auto Strawberry Gum \u00e8 cos\u00ec resistente e facile da coltivare che, con cure minime, restituir\u00e0 un raccolto abbondante. Le chiavi sono <b>quantit\u00e0 e qualit\u00e0 della luce e del substrato<\/b>Le dimensioni e la resa delle piante sono direttamente proporzionali a questi fattori.<\/p>\n<h3 class=\"western\">Coltivazione indoor:<\/h3>\n<p>Un ciclo di luce di <b>18\/6 o 20\/4 <\/b>per massimizzarne la crescita e la produzione, come ho detto prima, ma non sono nemmeno male se coltivate normalmente, cio\u00e8 con 18 ore di luce al giorno durante la fase vegetativa e 12\/12 durante la fioritura.<\/p>\n<h3 class=\"western\">Coltivazione all'aperto:<\/h3>\n<p>La Auto Strawberry Gum raggiunge il suo massimo potenziale in climi caldi e soleggiati, ma si adatta anche a condizioni meno ideali, a patto che le temperature non scendano ovviamente sotto i 10 o 12 gradi Celsius. \u00c8 resistente alle variazioni climatiche e ai parassiti, il che la rende una scelta sicura e produttiva per tutti i tipi di utenti e ambienti.<\/p>\n<h2 class=\"western\"><b>Quando viene raccolto l'Auto Strawberry Gum?<\/b><\/h2>\n<p>Al chiuso, la Auto Strawberry Gum \u00e8 pronta per la raccolta dopo <b>65-70 giorni dalla germinazione<\/b>. All'aperto richiede circa lo stesso tempo, forse un po' di pi\u00f9, e il periodo migliore per coltivarla \u00e8 tra la met\u00e0 della primavera e l'inizio dell'autunno, sia nell'emisfero settentrionale che in quello meridionale.<\/p>\n<h2 class=\"western\"><b>Quanto producono questi semi?<\/b><\/h2>\n<p>Anche se ci\u00f2 pu\u00f2 dipendere da molti fattori, si pu\u00f2 affermare che la Auto Strawberry Gum \u00e8 una variet\u00e0 ad alto rendimento sotto ogni aspetto. Nella coltivazione indoor, i coltivatori possono aspettarsi <b>circa 500 g\/m\u00b2.<\/b>. All'aperto, ogni pianta pu\u00f2 raggiungere rese impressionanti, soprattutto in condizioni ottimali di luce e nutrimento, e pu\u00f2 addirittura superare i 150 grammi.<\/p>\n<h2 class=\"western\"><b>Com'\u00e8 l'aroma e il sapore dell'Auto Strawberry Gum?<\/b><\/h2>\n<p>Dal nostro punto di vista, questa \u00e8 la caratteristica pi\u00f9 rappresentativa e notevole di questi semi. L'aroma e il sapore della Auto Strawberry Gum sono eccezionali, offrendo un'eccezionale <b>dolce e fruttato, ricorda una gomma da masticare alla fragola<\/b>Le note fruttate si intensificano quando si fuma o si svapa, offrendo un'esperienza di gusto ricca e piacevole. Quando si fuma o si vaporizza, le note fruttate si intensificano, offrendo un'esperienza di gusto ricca e piacevole.<\/p>\n<h2 class=\"western\"><b>Che tipo di effetto ha questa marijuana?<\/b><\/h2>\n<p>Con un contenuto di THC di circa <b>18%,<\/b> Auto Strawberry Gum offre un effetto equilibrato e piacevole. \u00c8 ideale per rilassarsi in quei giorni in cui ne avete abbastanza di tutto, fornendo un effetto calmante e piacevole sia a livello fisico che mentale, anche se va detto che all'inizio \u00e8 stimolante. La sua genetica leggermente pi\u00f9 sativa la rende adatta a diversi momenti della giornata, <b>che offre sia relax che un leggero stimolo creativo<\/b>ed \u00e8 perfetto per rilassarsi la sera.<\/p>\n<h2 class=\"western\"><b>Comprare Auto Strawberry Gum al miglior prezzo online<\/b><\/h2>\n<p>Se stavate cercando una variet\u00e0 autofiorente dai sapori indimenticabili e facile da coltivare, siete fortunati, perch\u00e9 i semi autofiorenti Auto Strawberry Gum di Advanced Seeds sono la scelta migliore. Ordinate i vostri semi oggi stesso e iniziate a godere di una delle variet\u00e0 pi\u00f9 gustose e produttive del mercato.<\/p>\n<h2 class=\"western\"><b>Domande frequenti su Strawberry Banana<\/b><\/h2>\n<h3 class=\"western\">L'Auto Strawberry Gum \u00e8 adatto ai principianti?<\/h3>\n<p>S\u00ec, la sua facilit\u00e0 di coltivazione e la sua resistenza la rendono ideale sia per i principianti che per i coltivatori esperti.<\/p>\n<h3 class=\"western\">Come massimizzare la produzione di resina nell'Auto Strawberry Gum?<\/h3>\n<p>Il mantenimento di un ambiente controllato con umidit\u00e0 e temperatura adeguate e la fornitura di un'alimentazione equilibrata sono fondamentali per massimizzare la produzione di resina.<\/p>\n<h3 class=\"western\">Qual \u00e8 il modo migliore per essiccare e curare i bud Auto Strawberry Gum?<\/h3>\n<p>L'essiccazione lenta e la corretta stagionatura in ambiente controllato ne esaltano il profilo aromatico e gustativo. Si consiglia un periodo di stagionatura di almeno due mesi.<\/p>\n<h3 class=\"western\">Come massimizzare la produzione di resina nell'Auto Strawberry Gum?<\/h3>\n<p>La coltivazione indoor con LED a spettro completo \u00e8 uno dei modi migliori. Mantenere un ambiente controllato con umidit\u00e0 e temperatura adeguate e fornire un'alimentazione bilanciata con carboidrati o zuccheri extra \u00e8 fondamentale per massimizzare la produzione di resina.<\/p>\n<h3 class=\"western\">In che modo il pH dell'acqua influisce sulle colture?<\/h3>\n<p>Il mantenimento di un pH adeguato \u00e8 fondamentale per un assorbimento ottimale dei nutrienti. Un pH compreso tra 6,0 e 6,5 \u00e8 ideale per Auto Strawberry Gum.<\/p>\n<p>&nbsp;<\/p>\n<h2>Colla per ananas automatica<\/h2>\n<p>THC: 22%<\/p>\n<p>Resa: 450 - 550 gr\/m2<\/p>\n<p>Altezza interna: 80 - 100 cm<\/p>\n<p>Altezza esterna: 120 - 150 cm<\/p>\n<p>Tempo di fioritura: 65-70 giorni.<\/p>\n<p>Raccolta: aprile - novembre.<\/p>\n<p>L'Auto Pineapple discende dalla famosa Pineapple Express, una variet\u00e0 potente e dai sapori incredibili che deriva dai suoi genitori Trainwreck e Hawaiian. Il suo aroma ricorda il mango e la mela con un sapore di ananas, pino e note di cedro e il suo effetto cerebrale ti d\u00e0 una scarica di energia che le menti produttive e creative cercano.<\/p>\n<p>Gorilla Glue Automatic che si distingue, come suggerisce il nome, per i suoi tricomi \"appiccicosi\". Questa variet\u00e0 ha vinto importanti premi, tra cui il primo premio alla Michigan e alla Los Angeles Cannabis Cup nel 2014, oltre che alla High Times World Cup in Giamaica.<\/p>\n<p>Genetica: Auto Pineapple x Auto Gorillo Glue<\/p>\n<p>&nbsp;<\/p>\n<h2>Auto Purple Diesel<\/h2>\n<p>Genetica: Auto Blueberry x Auto Diesel<br \/>\nTHC: 16%<br \/>\nResa: 450 - 500 gr\/m2<br \/>\nAltezza interna: da 60 a 90 cm<br \/>\nAltezza esterna: da 100 a 150 cm<br \/>\nTempo di fioritura: da 60 a 65 giorni<br \/>\nRaccolta: aprile - novembre.<\/p>\n<p>Selezione Auto Blue Diesel in cui abbiamo selezionato gli esemplari viola di Auto Blueberry senza tralasciare il caratteristico e intenso sapore di diesel. Nei climi freddi la pianta acquisisce il massimo della sua tonalit\u00e0 producendo grandi quantit\u00e0 di cime compatte e dure. In bocca \u00e8 accompagnata da un potente sapore di gasolio con piacevoli note di frutti di bosco che delizieranno i fumatori pi\u00f9 esigenti.<\/p>","protected":false},"excerpt":{"rendered":"<p>2x Auto Strawberry Gum<br \/>\n- Altezza interna: 90 - 100 cm.<br \/>\n- Fioritura: 65-70 giorni.<br \/>\n- Resa: 450 - 500 gr\/m2.<br \/>\n- Altezza esterna: 120 - 140 cm.<br \/>\n- Raccolta: aprile - novembre.<br \/>\n- THC: 18%<\/p>\n<p>2x Auto Pineapple Glue<br \/>\n- Altezza interna: 80 - 100 cm.<br \/>\n- Fioritura: 65-70 giorni.<br \/>\n- Resa: 450 - 550 gr\/m2.<br \/>\n- Altezza esterna: 120 - 150 cm.<br \/>\n- Raccolta: aprile - novembre.<br \/>\n- THC: 22%<\/p>\n<p>2x Auto Purple Diesel<br \/>\n- Altezza interna: 60-90 cm.<br \/>\n- Fioritura: 60-65 giorni.<br \/>\n- Resa: 450 - 500 gr\/m2.<br \/>\n- Altezza esterna: 100 - 150 cm.<br \/>\n- Raccolta: aprile - novembre.<br \/>\n- THC: 16%<\/p>","protected":false},"featured_media":20303,"comment_status":"open","ping_status":"closed","template":"","meta":{"_acf_changed":false},"product_brand":[],"product_cat":[71],"product_tag":[],"class_list":{"0":"post-20057","1":"product","2":"type-product","3":"status-publish","4":"has-post-thumbnail","6":"product_cat-colecciones","8":"first","9":"instock","10":"taxable","11":"shipping-taxable","12":"purchasable","13":"product-type-simple"},"acf":[],"yoast_head":"<!-- This site is optimized with the Yoast SEO Premium plugin v26.3 (Yoast SEO v26.6) - https:\/\/yoast.com\/wordpress\/plugins\/seo\/ -->\n<title>Automatic Collection #5 - Advanced Seeds - Advanced Seeds<\/title>\n<meta name=\"robots\" content=\"index, follow, max-snippet:-1, max-image-preview:large, max-video-preview:-1\" \/>\n<link rel=\"canonical\" href=\"https:\/\/advancedseeds.com\/it\/tienda\/colecciones\/automatic-collection-5-advanced-seeds\/\" \/>\n<meta property=\"og:locale\" content=\"it_IT\" \/>\n<meta property=\"og:type\" content=\"article\" \/>\n<meta property=\"og:title\" content=\"Automatic Collection #5 - Advanced Seeds\" \/>\n<meta property=\"og:description\" content=\"2x Auto Strawberry Gum - Altura interior: 90 - 100 cm. - Floraci\u00f3n: 65 - 70 d\u00edas. - Producci\u00f3n: 450 - 500 gr\/m2. - Altura exterior: 120 - 140 cm. - Cosecha: Apr - Nov. - THC: 18%  2x Auto Pineapple Glue - Altura interior: 80 - 100 cm. - Floraci\u00f3n: 65 - 70 d\u00edas. - Producci\u00f3n: 450 - 550 gr\/m2. - Altura exterior: 120 - 150 cm. - Cosecha: Apr - Nov. - THC: 22%  2x Auto Purple Diesel - Altura interior: 60 - 90 cm. - Floraci\u00f3n: 60 - 65 d\u00edas. - Producci\u00f3n: 450 - 500 gr\/m2. - Altura exterior: 100 - 150 cm. - Cosecha: Apr - Nov. - THC: 16%\" \/>\n<meta property=\"og:url\" content=\"https:\/\/advancedseeds.com\/it\/tienda\/colecciones\/automatic-collection-5-advanced-seeds\/\" \/>\n<meta property=\"og:site_name\" content=\"Advanced Seeds\" \/>\n<meta property=\"article:modified_time\" content=\"2026-04-15T09:45:15+00:00\" \/>\n<meta property=\"og:image\" content=\"https:\/\/advancedseeds.com\/web\/wp-content\/uploads\/2025\/03\/aucol5.jpg\" \/>\n\t<meta property=\"og:image:width\" content=\"819\" \/>\n\t<meta property=\"og:image:height\" content=\"1232\" \/>\n\t<meta property=\"og:image:type\" content=\"image\/jpeg\" \/>\n<meta name=\"twitter:card\" content=\"summary_large_image\" \/>\n<meta name=\"twitter:label1\" content=\"Tempo di lettura stimato\" \/>\n\t<meta name=\"twitter:data1\" content=\"7 minuti\" \/>\n<script type=\"application\/ld+json\" class=\"yoast-schema-graph\">{\"@context\":\"https:\/\/schema.org\",\"@graph\":[{\"@type\":\"WebPage\",\"@id\":\"https:\/\/advancedseeds.com\/tienda\/colecciones\/automatic-collection-5-advanced-seeds\/\",\"url\":\"https:\/\/advancedseeds.com\/tienda\/colecciones\/automatic-collection-5-advanced-seeds\/\",\"name\":\"Automatic Collection #5 - Advanced Seeds - Advanced Seeds\",\"isPartOf\":{\"@id\":\"https:\/\/advancedseeds.com\/#website\"},\"primaryImageOfPage\":{\"@id\":\"https:\/\/advancedseeds.com\/tienda\/colecciones\/automatic-collection-5-advanced-seeds\/#primaryimage\"},\"image\":{\"@id\":\"https:\/\/advancedseeds.com\/tienda\/colecciones\/automatic-collection-5-advanced-seeds\/#primaryimage\"},\"thumbnailUrl\":\"https:\/\/advancedseeds.com\/web\/wp-content\/uploads\/2025\/03\/aucol5.jpg\",\"datePublished\":\"2025-03-11T11:58:00+00:00\",\"dateModified\":\"2026-04-15T09:45:15+00:00\",\"breadcrumb\":{\"@id\":\"https:\/\/advancedseeds.com\/tienda\/colecciones\/automatic-collection-5-advanced-seeds\/#breadcrumb\"},\"inLanguage\":\"it-IT\",\"potentialAction\":[{\"@type\":\"ReadAction\",\"target\":[\"https:\/\/advancedseeds.com\/tienda\/colecciones\/automatic-collection-5-advanced-seeds\/\"]}]},{\"@type\":\"ImageObject\",\"inLanguage\":\"it-IT\",\"@id\":\"https:\/\/advancedseeds.com\/tienda\/colecciones\/automatic-collection-5-advanced-seeds\/#primaryimage\",\"url\":\"https:\/\/advancedseeds.com\/web\/wp-content\/uploads\/2025\/03\/aucol5.jpg\",\"contentUrl\":\"https:\/\/advancedseeds.com\/web\/wp-content\/uploads\/2025\/03\/aucol5.jpg\",\"width\":819,\"height\":1232},{\"@type\":\"BreadcrumbList\",\"@id\":\"https:\/\/advancedseeds.com\/tienda\/colecciones\/automatic-collection-5-advanced-seeds\/#breadcrumb\",\"itemListElement\":[{\"@type\":\"ListItem\",\"position\":1,\"name\":\"Home\",\"item\":\"https:\/\/advancedseeds.com\/\"},{\"@type\":\"ListItem\",\"position\":2,\"name\":\"Tienda\",\"item\":\"https:\/\/advancedseeds.com\/\"},{\"@type\":\"ListItem\",\"position\":3,\"name\":\"Automatic Collection #5 &#8211; Advanced Seeds\"}]},{\"@type\":\"WebSite\",\"@id\":\"https:\/\/advancedseeds.com\/#website\",\"url\":\"https:\/\/advancedseeds.com\/\",\"name\":\"Advanced Seeds\",\"description\":\"Gen\u00e9ticas Avanzadas en semillas feminizadas y autom\u00e1ticas.\",\"publisher\":{\"@id\":\"https:\/\/advancedseeds.com\/#organization\"},\"potentialAction\":[{\"@type\":\"SearchAction\",\"target\":{\"@type\":\"EntryPoint\",\"urlTemplate\":\"https:\/\/advancedseeds.com\/?s={search_term_string}\"},\"query-input\":{\"@type\":\"PropertyValueSpecification\",\"valueRequired\":true,\"valueName\":\"search_term_string\"}}],\"inLanguage\":\"it-IT\"},{\"@type\":\"Organization\",\"@id\":\"https:\/\/advancedseeds.com\/#organization\",\"name\":\"Advanced Seeds\",\"url\":\"https:\/\/advancedseeds.com\/\",\"logo\":{\"@type\":\"ImageObject\",\"inLanguage\":\"it-IT\",\"@id\":\"https:\/\/advancedseeds.com\/#\/schema\/logo\/image\/\",\"url\":\"https:\/\/advancedseeds.com\/web\/wp-content\/uploads\/2021\/01\/logo-advanced.jpg\",\"contentUrl\":\"https:\/\/advancedseeds.com\/web\/wp-content\/uploads\/2021\/01\/logo-advanced.jpg\",\"width\":600,\"height\":600,\"caption\":\"Advanced Seeds\"},\"image\":{\"@id\":\"https:\/\/advancedseeds.com\/#\/schema\/logo\/image\/\"}}]}<\/script>\n<!-- \/ Yoast SEO Premium plugin. -->","yoast_head_json":{"title":"Automatic Collection #5 - Advanced Seeds - Advanced Seeds","robots":{"index":"index","follow":"follow","max-snippet":"max-snippet:-1","max-image-preview":"max-image-preview:large","max-video-preview":"max-video-preview:-1"},"canonical":"https:\/\/advancedseeds.com\/it\/tienda\/colecciones\/automatic-collection-5-advanced-seeds\/","og_locale":"it_IT","og_type":"article","og_title":"Automatic Collection #5 - Advanced Seeds","og_description":"2x Auto Strawberry Gum - Altura interior: 90 - 100 cm. - Floraci\u00f3n: 65 - 70 d\u00edas. - Producci\u00f3n: 450 - 500 gr\/m2. - Altura exterior: 120 - 140 cm. - Cosecha: Apr - Nov. - THC: 18%  2x Auto Pineapple Glue - Altura interior: 80 - 100 cm. - Floraci\u00f3n: 65 - 70 d\u00edas. - Producci\u00f3n: 450 - 550 gr\/m2. - Altura exterior: 120 - 150 cm. - Cosecha: Apr - Nov. - THC: 22%  2x Auto Purple Diesel - Altura interior: 60 - 90 cm. - Floraci\u00f3n: 60 - 65 d\u00edas. - Producci\u00f3n: 450 - 500 gr\/m2. - Altura exterior: 100 - 150 cm. - Cosecha: Apr - Nov. - THC: 16%","og_url":"https:\/\/advancedseeds.com\/it\/tienda\/colecciones\/automatic-collection-5-advanced-seeds\/","og_site_name":"Advanced Seeds","article_modified_time":"2026-04-15T09:45:15+00:00","og_image":[{"width":819,"height":1232,"url":"https:\/\/advancedseeds.com\/web\/wp-content\/uploads\/2025\/03\/aucol5.jpg","type":"image\/jpeg"}],"twitter_card":"summary_large_image","twitter_misc":{"Tempo di lettura stimato":"7 minuti"},"schema":{"@context":"https:\/\/schema.org","@graph":[{"@type":"WebPage","@id":"https:\/\/advancedseeds.com\/tienda\/colecciones\/automatic-collection-5-advanced-seeds\/","url":"https:\/\/advancedseeds.com\/tienda\/colecciones\/automatic-collection-5-advanced-seeds\/","name":"Automatic Collection #5 - Advanced Seeds - Advanced Seeds","isPartOf":{"@id":"https:\/\/advancedseeds.com\/#website"},"primaryImageOfPage":{"@id":"https:\/\/advancedseeds.com\/tienda\/colecciones\/automatic-collection-5-advanced-seeds\/#primaryimage"},"image":{"@id":"https:\/\/advancedseeds.com\/tienda\/colecciones\/automatic-collection-5-advanced-seeds\/#primaryimage"},"thumbnailUrl":"https:\/\/advancedseeds.com\/web\/wp-content\/uploads\/2025\/03\/aucol5.jpg","datePublished":"2025-03-11T11:58:00+00:00","dateModified":"2026-04-15T09:45:15+00:00","breadcrumb":{"@id":"https:\/\/advancedseeds.com\/tienda\/colecciones\/automatic-collection-5-advanced-seeds\/#breadcrumb"},"inLanguage":"it-IT","potentialAction":[{"@type":"ReadAction","target":["https:\/\/advancedseeds.com\/tienda\/colecciones\/automatic-collection-5-advanced-seeds\/"]}]},{"@type":"ImageObject","inLanguage":"it-IT","@id":"https:\/\/advancedseeds.com\/tienda\/colecciones\/automatic-collection-5-advanced-seeds\/#primaryimage","url":"https:\/\/advancedseeds.com\/web\/wp-content\/uploads\/2025\/03\/aucol5.jpg","contentUrl":"https:\/\/advancedseeds.com\/web\/wp-content\/uploads\/2025\/03\/aucol5.jpg","width":819,"height":1232},{"@type":"BreadcrumbList","@id":"https:\/\/advancedseeds.com\/tienda\/colecciones\/automatic-collection-5-advanced-seeds\/#breadcrumb","itemListElement":[{"@type":"ListItem","position":1,"name":"Home","item":"https:\/\/advancedseeds.com\/"},{"@type":"ListItem","position":2,"name":"Tienda","item":"https:\/\/advancedseeds.com\/"},{"@type":"ListItem","position":3,"name":"Automatic Collection #5 &#8211; Advanced Seeds"}]},{"@type":"WebSite","@id":"https:\/\/advancedseeds.com\/#website","url":"https:\/\/advancedseeds.com\/","name":"Semi avanzati","description":"Genetica avanzata in semi femminizzati e automatici.","publisher":{"@id":"https:\/\/advancedseeds.com\/#organization"},"potentialAction":[{"@type":"SearchAction","target":{"@type":"EntryPoint","urlTemplate":"https:\/\/advancedseeds.com\/?s={search_term_string}"},"query-input":{"@type":"PropertyValueSpecification","valueRequired":true,"valueName":"search_term_string"}}],"inLanguage":"it-IT"},{"@type":"Organization","@id":"https:\/\/advancedseeds.com\/#organization","name":"Semi avanzati","url":"https:\/\/advancedseeds.com\/","logo":{"@type":"ImageObject","inLanguage":"it-IT","@id":"https:\/\/advancedseeds.com\/#\/schema\/logo\/image\/","url":"https:\/\/advancedseeds.com\/web\/wp-content\/uploads\/2021\/01\/logo-advanced.jpg","contentUrl":"https:\/\/advancedseeds.com\/web\/wp-content\/uploads\/2021\/01\/logo-advanced.jpg","width":600,"height":600,"caption":"Advanced Seeds"},"image":{"@id":"https:\/\/advancedseeds.com\/#\/schema\/logo\/image\/"}}]}},"_links":{"self":[{"href":"https:\/\/advancedseeds.com\/it\/wp-json\/wp\/v2\/product\/20057","targetHints":{"allow":["GET"]}}],"collection":[{"href":"https:\/\/advancedseeds.com\/it\/wp-json\/wp\/v2\/product"}],"about":[{"href":"https:\/\/advancedseeds.com\/it\/wp-json\/wp\/v2\/types\/product"}],"replies":[{"embeddable":true,"href":"https:\/\/advancedseeds.com\/it\/wp-json\/wp\/v2\/comments?post=20057"}],"wp:featuredmedia":[{"embeddable":true,"href":"https:\/\/advancedseeds.com\/it\/wp-json\/wp\/v2\/media\/20303"}],"wp:attachment":[{"href":"https:\/\/advancedseeds.com\/it\/wp-json\/wp\/v2\/media?parent=20057"}],"wp:term":[{"taxonomy":"product_brand","embeddable":true,"href":"https:\/\/advancedseeds.com\/it\/wp-json\/wp\/v2\/product_brand?post=20057"},{"taxonomy":"product_cat","embeddable":true,"href":"https:\/\/advancedseeds.com\/it\/wp-json\/wp\/v2\/product_cat?post=20057"},{"taxonomy":"product_tag","embeddable":true,"href":"https:\/\/advancedseeds.com\/it\/wp-json\/wp\/v2\/product_tag?post=20057"}],"curies":[{"name":"wp","href":"https:\/\/api.w.org\/{rel}","templated":true}]}}