{"id":20061,"date":"2025-03-11T12:58:01","date_gmt":"2025-03-11T11:58:01","guid":{"rendered":"https:\/\/advancedseeds.com\/web\/tienda\/sin%20categor\u00eda\/automatic-collection-7-advanced-seeds\/"},"modified":"2026-04-15T10:45:16","modified_gmt":"2026-04-15T09:45:16","slug":"automatic-collection-7-advanced-seeds","status":"publish","type":"product","link":"https:\/\/advancedseeds.com\/it\/tienda\/colecciones\/automatic-collection-7-advanced-seeds\/","title":{"rendered":"Raccolta automatica #7 - Advanced Seeds"},"content":{"rendered":"<h2>Colla Auto Somango<\/h2>\n<p>THC: 21%<\/p>\n<p>Resa: 500 - 550 g<\/p>\n<p>Altezza interna: 70-90 cm<\/p>\n<p>Altezza esterna: 0,9 - 1,3 m<\/p>\n<p>Ciclo completo: 55-60 giorni<\/p>\n<p>Raccolta: aprile - novembre.<\/p>\n<h2 class=\"western\"><b>Qual \u00e8 la genetica di questi semi?<\/b><\/h2>\n<p>La genetica della Auto Somango Glue deriva da una <b>incrocio tra Gorilla Glue #4 e Somango, successivamente incrociato con una variet\u00e0 autofiorente. <\/b>per includere i geni che causano la fioritura spontanea dopo 3 o 4 settimane di vita. Gorilla Glue #4 \u00e8 nota per il suo alto contenuto di THC e per i suoi potenti effetti, mentre Somango apporta un profilo aromatico esotico e gustoso. Questa combinazione genetica ha creato una variet\u00e0 prevalentemente indica che si distingue per la sua robustezza e la sua capacit\u00e0 di adattarsi a diverse condizioni di coltivazione, mantenendo un profilo aromatico complesso e un effetto psicoattivo equilibrato.<\/p>\n<h2 class=\"western\"><b>Che aspetto ha l'Auto Somango Glue?<\/b><\/h2>\n<p>La Auto Somango Glue \u00e8 caratterizzata da una struttura forte, aperta e ramificata, con una crescita moderata che la rende ideale per i piccoli spazi. Le sue foglie sono di un verde intenso, con steli spessi che sostengono cime dense e pesanti. Queste cime, oltre ad essere grandi e compatte, sono straordinariamente ricoperte di tricomi lucidi, che indicano un'elevata produzione di oli essenziali ricchi di composti attivi. Con la maturazione, la pianta pu\u00f2 mostrare <b>toni viola e rossastri<\/b>soprattutto alle basse temperature, che aggiunge fascino al suo profilo gi\u00e0 impressionante.<\/p>\n<h2 class=\"western\"><b>Come si coltivano questi semi all'interno e all'esterno?<\/b><\/h2>\n<p>La Auto Somango Glue \u00e8 una variet\u00e0 versatile, adatta sia alla coltivazione indoor che a quella outdoor.<\/p>\n<h3 class=\"western\">Coltivazione indoor:<\/h3>\n<p>Per massimizzare il loro potenziale si consiglia un ciclo di luce di 20\/4, ma se ritenete che questo sia un eccessivo spreco di luce, sappiate che possono essere coltivate con qualsiasi fotoperiodo. La pianta risponde bene a <b>Tecniche LST<\/b> (Low Stress Training) per promuovere una crescita pi\u00f9 omogenea e aumentare la produzione.<\/p>\n<h3 class=\"western\">Coltivazione all'aperto:<\/h3>\n<p>Cresce ampiamente, invadendo ogni spazio che le viene lasciato, quindi \u00e8 importante fornirle spazio sufficiente e luce solare diretta, oltre a un contenitore di dimensioni sufficienti per consentirle di crescere. <b>meno 20 litri<\/b> capacit\u00e0. Questa variet\u00e0 \u00e8 resistente a parassiti e funghi, ma \u00e8 sempre consigliabile mantenere un ambiente di coltivazione pulito e controllato, e non \u00e8 una cattiva idea applicare preventivamente prodotti fitosanitari.<\/p>\n<p>Sia all'interno che all'esterno, se non siete sicuri di poter trapiantare senza stressare le piante, non fatelo, <b>piantare i semi nel vaso finale<\/b> e non bagnare l'intero substrato finch\u00e9 le piante non sono alte almeno 15-20 cm.<\/p>\n<h2 class=\"western\"><b>Quando viene raccolto l'Auto Somango Glue?<\/b><\/h2>\n<p>In ambienti interni, l'Auto Somango Glue ha un ciclo di vita estremamente rapido, da <b>circa 60 giorni dopo l'emergenza delle piantine<\/b>. All'aperto, il periodo migliore per coltivare questi semi va dalla tarda primavera alla fine dell'estate, consentendo di sfruttare appieno il ciclo naturale di luce e temperatura. Una corretta maturazione delle cime \u00e8 fondamentale per garantire un profilo terpenico completo e la massima potenza.<\/p>\n<h2 class=\"western\"><b>Quanto producono questi semi?<\/b><\/h2>\n<p>In termini di resa, la Auto Somango Glue \u00e8 una variet\u00e0 molto generosa. Al chiuso, i coltivatori possono aspettarsi rese fino a <b>550 g\/m\u00b2.<\/b>Dipende dall'intensit\u00e0 della luce, dalla nutrizione delle piante e dall'abilit\u00e0 generale del coltivatore. All'aperto, in condizioni ottimali, ciascuna pianta pu\u00f2 produrre <b>pi\u00f9 di 100 g a secco<\/b>. Inoltre, la quantit\u00e0 e la qualit\u00e0 della resina rendono la Auto Somango Glue una scelta eccellente per estrazioni e concentrati.<\/p>\n<h2 class=\"western\"><b>Com'\u00e8 l'aroma e il sapore dell'Auto Somango Glue?<\/b><\/h2>\n<p>Prevalentemente <b>note tropicali e dolci<\/b> ereditato da Somango, completato da note fresche di pino e terrose di Gorilla Glue #4. A seconda del fenotipo, possono essere presenti anche i seguenti elementi <b>toni agrumati e diesel<\/b>. Questa combinazione di sapori offre un'esperienza ricca e complessa sia nell'inspirazione che nell'espirazione.<\/p>\n<h2 class=\"western\"><b>Che tipo di effetto ha questa marijuana?<\/b><\/h2>\n<p>Con un contenuto di <b>THC da 21%,<\/b> Auto Somango Glue offre un <b>effetto equilibrato e piacevole<\/b>. Inizialmente pu\u00f2 essere attiva ed energica, per poi evolvere in un moderato rilassamento con il passare del tempo. Questo effetto equilibrato la rende adatta sia per il tempo libero che per l'uso terapeutico, aiutando ad alleviare lo stress e l'ansia.<\/p>\n<h2 class=\"western\"><b>Comprare Auto Somango Glue al miglior prezzo online<\/b><\/h2>\n<p>Siete pronti a sperimentare il sapore tropicale e la potenza bilanciata della Auto Somango Glue? Ordinate ora i vostri semi autofiorenti di Auto Somango Glue da Advanced Seeds al miglior prezzo online e iniziate a godere di una delle variet\u00e0 pi\u00f9 complete sul mercato!<\/p>\n<h2 class=\"western\"><b>Domande frequenti su Auto Somango Glue<\/b><\/h2>\n<h3 class=\"western\">L'Auto Somango Glue ha bisogno di cure particolari?<\/h3>\n<p>La Auto Somango Glue \u00e8 una variet\u00e0 abbastanza resistente, ma beneficia di una nutrizione equilibrata e di un'adeguata irrigazione per esprimere tutto il suo potenziale.<\/p>\n<h3 class=\"western\">\u00c8 adatto ai principianti?<\/h3>\n<p>S\u00ec, grazie alla sua facilit\u00e0 di coltivazione e alla sua resistenza, \u00e8 una scelta eccellente per chi inizia il mondo dell'autocoltivazione.<\/p>\n<h3 class=\"western\">Qual \u00e8 il tipo di luce migliore per la coltivazione indoor?<\/h3>\n<p>La Auto Somango Glue risponde bene alle luci LED a spettro completo, che contribuiscono a massimizzarne la crescita e la fioritura.<\/p>\n<h3 class=\"western\">Come gestire l'odore durante la coltivazione di Auto Somango Glue?<\/h3>\n<p>L'uso di filtri a carbone attivo \u00e8 efficace per controllare l'odore intenso che la Auto Somango Glue pu\u00f2 sviluppare durante la fioritura.<\/p>\n<p>&nbsp;<\/p>\n<h2>Auto Watermelon OG<\/h2>\n<p>THC: 20%<\/p>\n<p>Resa: 450 - 500 g<\/p>\n<p>Altezza interna: 70-90 cm<\/p>\n<p>Altezza esterna: 1,2 - 1,5 m<\/p>\n<p>Ciclo completo: 65-70 giorni.<\/p>\n<p>Raccolta: aprile - novembre.<\/p>\n<h2 class=\"western\"><b>Qual \u00e8 la genetica di questi semi?<\/b><\/h2>\n<p>L'Auto Watermelon OG \u00e8 un ibrido bilanciato di indica e sativa, nato dal <b>incrocio tra un'autofiorente e l'ibrido Melon Purple x Black OG<\/b>. Questa genetica le conferisce caratteristiche speciali: da un lato, la robustezza e gli effetti rilassanti dell'indica; dall'altro, la vivacit\u00e0 e il sapore fruttato della sativa. I suoi genitori le conferiscono una complessit\u00e0 genetica che si traduce in una pianta con un elevato potenziale sia in termini di produzione che di qualit\u00e0 delle cime. Sebbene sia principalmente indica, la prima parte dell'effetto \u00e8 molto stimolante.<\/p>\n<h2 class=\"western\"><b>Che aspetto ha Auto Watermelon OG?<\/b><\/h2>\n<p>Auto Watermelon OG sviluppa una struttura di medie dimensioni e robusta, con una profusa ramificazione che emerge dalle parti inferiori della pianta, mostrando una morfologia tipica delle variet\u00e0 ibride. Le sue foglie mostrano <b>toni viola e neri<\/b>Le gemme sono dense, dure come il titanio e ricoperte da un generoso strato di tricomi, sia i calici che le foglie adiacenti. Le cime sono dense, dure come il titanio e ricoperte da un generoso strato di tricomi, sia i calici che le foglie adiacenti. Questa caratteristica non \u00e8 solo esteticamente accattivante, ma indica anche una <b>alta concentrazione di terpeni e flavonoidi<\/b>.<\/p>\n<h2 class=\"western\"><b>Come si coltivano questi semi all'interno e all'esterno?<\/b><\/h2>\n<h3 class=\"western\">Coltivazione indoor:<\/h3>\n<p>L'Auto Watermelon OG raggiunge il suo massimo potenziale in idroponica, ma si comporta molto bene anche quando viene piantata in <b>vasi da 11 litri o pi\u00f9<\/b>. Come per altre variet\u00e0 autofiorenti, si raccomanda un fotoperiodo di 20\/4 per tutta la vita delle piante e un substrato ben aerato per consentire all'apparato radicale di svilupparsi il pi\u00f9 rapidamente possibile. \u00c8 un'ottima idea <b>aggiungere micro-vita<\/b> al substrato e\/o alle prime irrigazioni, sia tricoderma che micorrize.<\/p>\n<h3 class=\"western\">Coltivazione all'aperto.<\/h3>\n<p>Questa variet\u00e0 si adatta bene a diversi climi e pu\u00f2 raggiungere un'altezza di 1,5 metri. La sua resistenza alle condizioni climatiche avverse e ai parassiti la rende una scelta solida per i coltivatori di tutti i livelli, soprattutto per quelli inesperti. Interessante <b>mettere dei tutor o qualche tipo di struttura<\/b> I rami possono essere sostenuti da un traliccio da cui rimuovere i germogli man mano che crescono, migliorando cos\u00ec anche l'ingresso della luce nelle parti inferiori e interne delle piante.<\/p>\n<h2 class=\"western\"><b>Quando viene raccolto l'Auto Watermelon OG?<\/b><\/h2>\n<p>Il ciclo completo di questa variet\u00e0, dalla germinazione delle piantine alla raccolta delle cime della Auto Watermelon OG indoor e outdoor, richiede <b>tra 65 e 70 giorni<\/b>. Se vi piace un effetto pi\u00f9 fisico e rilassante, lasciatela maturare per un'altra settimana, ma se preferite che sia pi\u00f9 psicoattiva ed euforica, tagliatela al massimo a 70 giorni.<\/p>\n<h2 class=\"western\"><b>Quanto producono questi semi?<\/b><\/h2>\n<p>La Auto Watermelon OG \u00e8 notevolmente produttiva in termini di fiori, tricomi, THC e terpeni. Al chiuso, pu\u00f2 fornire fino a <b>550 g\/m\u00b2.<\/b> di cime pesanti in condizioni di siccit\u00e0, mentre all'aperto ogni pianta pu\u00f2 produrre <b>tra 50 e 150 grammi<\/b>. Questa elevata produzione la rende una scelta eccellente per chi cerca una combinazione di quantit\u00e0 e qualit\u00e0 nel minor tempo possibile.<\/p>\n<h2 class=\"western\"><b>Qual \u00e8 l'aroma e il sapore dell'Auto Watermelon OG?<\/b><\/h2>\n<p>Il profilo aromatico e gustativo dell'Auto Watermelon OG \u00e8 una delle sue principali attrattive. Prevalentemente <b>note dolci e rinfrescanti di anguria, con un sottofondo terroso<\/b> che aggiunge complessit\u00e0 all'esperienza. Al momento del consumo, il sapore fruttato si intensifica, lasciando un retrogusto duraturo e molto piacevole. Si consiglia una stagionatura di almeno 2 mesi per consentire l'assestamento delle propriet\u00e0 organolettiche e la completa scomparsa delle tracce di clorofilla.<\/p>\n<h2 class=\"western\"><b>Che tipo di effetto ha questa marijuana?<\/b><\/h2>\n<p>Con un THC che supera <b>20%<\/b>Auto Watermelon OG produce effetti equilibrati su corpo e mente: <b>all'inizio stimolante e cerebrale, seguito da un profondo e piacevole rilassamento fisico<\/b>. \u00c8 perfetto per l'uso pomeridiano e serale, aiutando a rilassarsi dopo una giornata intensa, perch\u00e9 aiuta a sfuggire ai problemi della vita quotidiana.<\/p>\n<h2 class=\"western\"><b>Comprare Auto Watermelon OG al miglior prezzo online<\/b><\/h2>\n<p>Per coloro che sono alla ricerca di una variet\u00e0 dal profilo aromatico unico e dagli effetti equilibrati, i semi autofiorenti Auto Watermelon OG di Advanced Seeds sono la scelta ideale. Acquistateli ora e provate a coltivare e a godere di una delle variet\u00e0 pi\u00f9 deliziose del mercato!<\/p>\n<h2 class=\"western\"><b>Domande frequenti su Auto Watermelon OG<\/b><\/h2>\n<h3 class=\"western\">Che effetto ha la luce sull'Auto Watermelon OG in interni?<\/h3>\n<p>Una buona illuminazione \u00e8 fondamentale. Le luci LED a spettro completo sono consigliate per una crescita ottimale e una fioritura abbondante.<\/p>\n<h3 class=\"western\">Quando \u00e8 il momento migliore per raccogliere l'Auto Watermelon OG?<\/h3>\n<p>Il raccolto \u00e8 pronto quando i tricomi hanno un aspetto lattiginoso o ambrato, a indicare che i cannabinoidi e i terpeni hanno raggiunto il loro picco.<\/p>\n<h3 class=\"western\">Come vengono gestiti gli infestanti in Auto Watermelon OG?<\/h3>\n<p>\u00c8 consigliabile utilizzare metodi preventivi e biologici per il controllo dei parassiti, mantenendo un ambiente di coltivazione pulito e sano.<\/p>\n<h3 class=\"western\">Quale dimensione di vaso \u00e8 ideale per l'Auto Watermelon OG?<\/h3>\n<p>All'interno sono ideali vasi da 7-11 litri, mentre all'esterno si possono usare vasi pi\u00f9 grandi per consentire un maggiore sviluppo delle radici.<\/p>\n<p>&nbsp;<\/p>\n<h2>Auto Shark Widow<\/h2>\n<p>THC: 17%<br \/>\nResa: 400 - 450 g<br \/>\nAltezza interna: 70-90 cm<br \/>\nAltezza esterna: 1,2 - 2,2 m<br \/>\nCiclo di fioritura: 55-60 giorni<br \/>\nRaccolta: 15-30 settembre.<\/p>\n<p>Versione autofiorente della Shark Widow. Indica 100%, completa la fioritura in meno di 60 giorni. \u00c8 una pianta di medie dimensioni e ramificazioni contenute, sviluppa cime spesse, dense e lunghe, con una quantit\u00e0 impressionante di resina, questo perch\u00e9 la pianta produce tricomi in abbondanza fin dai primi giorni di fioritura. Potenza con aroma e sapore penetranti e intensi, con sfumature dolci e fruttate.<\/p>","protected":false},"excerpt":{"rendered":"<p>2x Auto Somango Glue<br \/>\n- Altezza interna: 70-90 cm.<br \/>\n- Fioritura: 55-60 giorni.<br \/>\n- Resa: 500 - 550 gr\/m2.<br \/>\n- Altezza esterna: 90 - 130 cm.<br \/>\n- Raccolta: aprile - novembre.<br \/>\n- THC: 21%<\/p>\n<p>2x Auto Watermelon OG<br \/>\n- Altezza interna: 70-90 cm.<br \/>\n- Fioritura: 65-70 giorni.<br \/>\n- Resa: 450 - 500 gr\/m2.<br \/>\n- Altezza esterna: 120 - 150 cm.<br \/>\n- Raccolta: aprile - novembre.<br \/>\n- THC: 20%<\/p>\n<p>2x Auto Shark Widow<br \/>\n- Altezza interna: 60-90 cm.<br \/>\n- Fioritura: 60-65 giorni.<br \/>\n- Resa: 450 - 500 gr\/m2.<br \/>\n- Altezza esterna: 100 - 150 cm.<br \/>\n- Raccolta: aprile - novembre.<br \/>\n- THC: 16%<\/p>","protected":false},"featured_media":20306,"comment_status":"open","ping_status":"closed","template":"","meta":{"_acf_changed":false},"product_brand":[],"product_cat":[71],"product_tag":[],"class_list":{"0":"post-20061","1":"product","2":"type-product","3":"status-publish","4":"has-post-thumbnail","6":"product_cat-colecciones","8":"first","9":"instock","10":"taxable","11":"shipping-taxable","12":"purchasable","13":"product-type-simple"},"acf":[],"yoast_head":"<!-- This site is optimized with the Yoast SEO Premium plugin v26.3 (Yoast SEO v26.6) - https:\/\/yoast.com\/wordpress\/plugins\/seo\/ -->\n<title>Automatic Collection #7 - Advanced Seeds - Advanced Seeds<\/title>\n<meta name=\"robots\" content=\"index, follow, max-snippet:-1, max-image-preview:large, max-video-preview:-1\" \/>\n<link rel=\"canonical\" href=\"https:\/\/advancedseeds.com\/it\/tienda\/colecciones\/automatic-collection-7-advanced-seeds\/\" \/>\n<meta property=\"og:locale\" content=\"it_IT\" \/>\n<meta property=\"og:type\" content=\"article\" \/>\n<meta property=\"og:title\" content=\"Automatic Collection #7 - Advanced Seeds\" \/>\n<meta property=\"og:description\" content=\"2x Auto Somango Glue - Altura interior: 70 - 90 cm. - Floraci\u00f3n: 55 - 60 d\u00edas. - Producci\u00f3n: 500 - 550 gr\/m2. - Altura exterior: 90 - 130 cm. - Cosecha: Apr - Nov. - THC: 21%  2x Auto Watermelon OG - Altura interior: 70 - 90 cm. - Floraci\u00f3n: 65 - 70 d\u00edas. - Producci\u00f3n: 450 - 500 gr\/m2. - Altura exterior: 120 - 150 cm. - Cosecha: Apr - Nov. - THC: 20%  2x Auto Shark Widow - Altura interior: 60 - 90 cm. - Floraci\u00f3n: 60 - 65 d\u00edas. - Producci\u00f3n: 450 - 500 gr\/m2. - Altura exterior: 100 - 150 cm. - Cosecha: Apr - Nov. - THC: 16%\" \/>\n<meta property=\"og:url\" content=\"https:\/\/advancedseeds.com\/it\/tienda\/colecciones\/automatic-collection-7-advanced-seeds\/\" \/>\n<meta property=\"og:site_name\" content=\"Advanced Seeds\" \/>\n<meta property=\"article:modified_time\" content=\"2026-04-15T09:45:16+00:00\" \/>\n<meta property=\"og:image\" content=\"https:\/\/advancedseeds.com\/web\/wp-content\/uploads\/2025\/03\/aucol7.jpg\" \/>\n\t<meta property=\"og:image:width\" content=\"819\" \/>\n\t<meta property=\"og:image:height\" content=\"1232\" \/>\n\t<meta property=\"og:image:type\" content=\"image\/jpeg\" \/>\n<meta name=\"twitter:card\" content=\"summary_large_image\" \/>\n<meta name=\"twitter:label1\" content=\"Tempo di lettura stimato\" \/>\n\t<meta name=\"twitter:data1\" content=\"10 minuti\" \/>\n<script type=\"application\/ld+json\" class=\"yoast-schema-graph\">{\"@context\":\"https:\/\/schema.org\",\"@graph\":[{\"@type\":\"WebPage\",\"@id\":\"https:\/\/advancedseeds.com\/tienda\/colecciones\/automatic-collection-7-advanced-seeds\/\",\"url\":\"https:\/\/advancedseeds.com\/tienda\/colecciones\/automatic-collection-7-advanced-seeds\/\",\"name\":\"Automatic Collection #7 - Advanced Seeds - Advanced Seeds\",\"isPartOf\":{\"@id\":\"https:\/\/advancedseeds.com\/#website\"},\"primaryImageOfPage\":{\"@id\":\"https:\/\/advancedseeds.com\/tienda\/colecciones\/automatic-collection-7-advanced-seeds\/#primaryimage\"},\"image\":{\"@id\":\"https:\/\/advancedseeds.com\/tienda\/colecciones\/automatic-collection-7-advanced-seeds\/#primaryimage\"},\"thumbnailUrl\":\"https:\/\/advancedseeds.com\/web\/wp-content\/uploads\/2025\/03\/aucol7.jpg\",\"datePublished\":\"2025-03-11T11:58:01+00:00\",\"dateModified\":\"2026-04-15T09:45:16+00:00\",\"breadcrumb\":{\"@id\":\"https:\/\/advancedseeds.com\/tienda\/colecciones\/automatic-collection-7-advanced-seeds\/#breadcrumb\"},\"inLanguage\":\"it-IT\",\"potentialAction\":[{\"@type\":\"ReadAction\",\"target\":[\"https:\/\/advancedseeds.com\/tienda\/colecciones\/automatic-collection-7-advanced-seeds\/\"]}]},{\"@type\":\"ImageObject\",\"inLanguage\":\"it-IT\",\"@id\":\"https:\/\/advancedseeds.com\/tienda\/colecciones\/automatic-collection-7-advanced-seeds\/#primaryimage\",\"url\":\"https:\/\/advancedseeds.com\/web\/wp-content\/uploads\/2025\/03\/aucol7.jpg\",\"contentUrl\":\"https:\/\/advancedseeds.com\/web\/wp-content\/uploads\/2025\/03\/aucol7.jpg\",\"width\":819,\"height\":1232},{\"@type\":\"BreadcrumbList\",\"@id\":\"https:\/\/advancedseeds.com\/tienda\/colecciones\/automatic-collection-7-advanced-seeds\/#breadcrumb\",\"itemListElement\":[{\"@type\":\"ListItem\",\"position\":1,\"name\":\"Home\",\"item\":\"https:\/\/advancedseeds.com\/\"},{\"@type\":\"ListItem\",\"position\":2,\"name\":\"Tienda\",\"item\":\"https:\/\/advancedseeds.com\/\"},{\"@type\":\"ListItem\",\"position\":3,\"name\":\"Automatic Collection #7 &#8211; Advanced Seeds\"}]},{\"@type\":\"WebSite\",\"@id\":\"https:\/\/advancedseeds.com\/#website\",\"url\":\"https:\/\/advancedseeds.com\/\",\"name\":\"Advanced Seeds\",\"description\":\"Gen\u00e9ticas Avanzadas en semillas feminizadas y autom\u00e1ticas.\",\"publisher\":{\"@id\":\"https:\/\/advancedseeds.com\/#organization\"},\"potentialAction\":[{\"@type\":\"SearchAction\",\"target\":{\"@type\":\"EntryPoint\",\"urlTemplate\":\"https:\/\/advancedseeds.com\/?s={search_term_string}\"},\"query-input\":{\"@type\":\"PropertyValueSpecification\",\"valueRequired\":true,\"valueName\":\"search_term_string\"}}],\"inLanguage\":\"it-IT\"},{\"@type\":\"Organization\",\"@id\":\"https:\/\/advancedseeds.com\/#organization\",\"name\":\"Advanced Seeds\",\"url\":\"https:\/\/advancedseeds.com\/\",\"logo\":{\"@type\":\"ImageObject\",\"inLanguage\":\"it-IT\",\"@id\":\"https:\/\/advancedseeds.com\/#\/schema\/logo\/image\/\",\"url\":\"https:\/\/advancedseeds.com\/web\/wp-content\/uploads\/2021\/01\/logo-advanced.jpg\",\"contentUrl\":\"https:\/\/advancedseeds.com\/web\/wp-content\/uploads\/2021\/01\/logo-advanced.jpg\",\"width\":600,\"height\":600,\"caption\":\"Advanced Seeds\"},\"image\":{\"@id\":\"https:\/\/advancedseeds.com\/#\/schema\/logo\/image\/\"}}]}<\/script>\n<!-- \/ Yoast SEO Premium plugin. -->","yoast_head_json":{"title":"Automatic Collection #7 - Advanced Seeds - Advanced Seeds","robots":{"index":"index","follow":"follow","max-snippet":"max-snippet:-1","max-image-preview":"max-image-preview:large","max-video-preview":"max-video-preview:-1"},"canonical":"https:\/\/advancedseeds.com\/it\/tienda\/colecciones\/automatic-collection-7-advanced-seeds\/","og_locale":"it_IT","og_type":"article","og_title":"Automatic Collection #7 - Advanced Seeds","og_description":"2x Auto Somango Glue - Altura interior: 70 - 90 cm. - Floraci\u00f3n: 55 - 60 d\u00edas. - Producci\u00f3n: 500 - 550 gr\/m2. - Altura exterior: 90 - 130 cm. - Cosecha: Apr - Nov. - THC: 21%  2x Auto Watermelon OG - Altura interior: 70 - 90 cm. - Floraci\u00f3n: 65 - 70 d\u00edas. - Producci\u00f3n: 450 - 500 gr\/m2. - Altura exterior: 120 - 150 cm. - Cosecha: Apr - Nov. - THC: 20%  2x Auto Shark Widow - Altura interior: 60 - 90 cm. - Floraci\u00f3n: 60 - 65 d\u00edas. - Producci\u00f3n: 450 - 500 gr\/m2. - Altura exterior: 100 - 150 cm. - Cosecha: Apr - Nov. - THC: 16%","og_url":"https:\/\/advancedseeds.com\/it\/tienda\/colecciones\/automatic-collection-7-advanced-seeds\/","og_site_name":"Advanced Seeds","article_modified_time":"2026-04-15T09:45:16+00:00","og_image":[{"width":819,"height":1232,"url":"https:\/\/advancedseeds.com\/web\/wp-content\/uploads\/2025\/03\/aucol7.jpg","type":"image\/jpeg"}],"twitter_card":"summary_large_image","twitter_misc":{"Tempo di lettura stimato":"10 minuti"},"schema":{"@context":"https:\/\/schema.org","@graph":[{"@type":"WebPage","@id":"https:\/\/advancedseeds.com\/tienda\/colecciones\/automatic-collection-7-advanced-seeds\/","url":"https:\/\/advancedseeds.com\/tienda\/colecciones\/automatic-collection-7-advanced-seeds\/","name":"Automatic Collection #7 - Advanced Seeds - Advanced Seeds","isPartOf":{"@id":"https:\/\/advancedseeds.com\/#website"},"primaryImageOfPage":{"@id":"https:\/\/advancedseeds.com\/tienda\/colecciones\/automatic-collection-7-advanced-seeds\/#primaryimage"},"image":{"@id":"https:\/\/advancedseeds.com\/tienda\/colecciones\/automatic-collection-7-advanced-seeds\/#primaryimage"},"thumbnailUrl":"https:\/\/advancedseeds.com\/web\/wp-content\/uploads\/2025\/03\/aucol7.jpg","datePublished":"2025-03-11T11:58:01+00:00","dateModified":"2026-04-15T09:45:16+00:00","breadcrumb":{"@id":"https:\/\/advancedseeds.com\/tienda\/colecciones\/automatic-collection-7-advanced-seeds\/#breadcrumb"},"inLanguage":"it-IT","potentialAction":[{"@type":"ReadAction","target":["https:\/\/advancedseeds.com\/tienda\/colecciones\/automatic-collection-7-advanced-seeds\/"]}]},{"@type":"ImageObject","inLanguage":"it-IT","@id":"https:\/\/advancedseeds.com\/tienda\/colecciones\/automatic-collection-7-advanced-seeds\/#primaryimage","url":"https:\/\/advancedseeds.com\/web\/wp-content\/uploads\/2025\/03\/aucol7.jpg","contentUrl":"https:\/\/advancedseeds.com\/web\/wp-content\/uploads\/2025\/03\/aucol7.jpg","width":819,"height":1232},{"@type":"BreadcrumbList","@id":"https:\/\/advancedseeds.com\/tienda\/colecciones\/automatic-collection-7-advanced-seeds\/#breadcrumb","itemListElement":[{"@type":"ListItem","position":1,"name":"Home","item":"https:\/\/advancedseeds.com\/"},{"@type":"ListItem","position":2,"name":"Tienda","item":"https:\/\/advancedseeds.com\/"},{"@type":"ListItem","position":3,"name":"Automatic Collection #7 &#8211; Advanced Seeds"}]},{"@type":"WebSite","@id":"https:\/\/advancedseeds.com\/#website","url":"https:\/\/advancedseeds.com\/","name":"Semi avanzati","description":"Genetica avanzata in semi femminizzati e automatici.","publisher":{"@id":"https:\/\/advancedseeds.com\/#organization"},"potentialAction":[{"@type":"SearchAction","target":{"@type":"EntryPoint","urlTemplate":"https:\/\/advancedseeds.com\/?s={search_term_string}"},"query-input":{"@type":"PropertyValueSpecification","valueRequired":true,"valueName":"search_term_string"}}],"inLanguage":"it-IT"},{"@type":"Organization","@id":"https:\/\/advancedseeds.com\/#organization","name":"Semi avanzati","url":"https:\/\/advancedseeds.com\/","logo":{"@type":"ImageObject","inLanguage":"it-IT","@id":"https:\/\/advancedseeds.com\/#\/schema\/logo\/image\/","url":"https:\/\/advancedseeds.com\/web\/wp-content\/uploads\/2021\/01\/logo-advanced.jpg","contentUrl":"https:\/\/advancedseeds.com\/web\/wp-content\/uploads\/2021\/01\/logo-advanced.jpg","width":600,"height":600,"caption":"Advanced Seeds"},"image":{"@id":"https:\/\/advancedseeds.com\/#\/schema\/logo\/image\/"}}]}},"_links":{"self":[{"href":"https:\/\/advancedseeds.com\/it\/wp-json\/wp\/v2\/product\/20061","targetHints":{"allow":["GET"]}}],"collection":[{"href":"https:\/\/advancedseeds.com\/it\/wp-json\/wp\/v2\/product"}],"about":[{"href":"https:\/\/advancedseeds.com\/it\/wp-json\/wp\/v2\/types\/product"}],"replies":[{"embeddable":true,"href":"https:\/\/advancedseeds.com\/it\/wp-json\/wp\/v2\/comments?post=20061"}],"wp:featuredmedia":[{"embeddable":true,"href":"https:\/\/advancedseeds.com\/it\/wp-json\/wp\/v2\/media\/20306"}],"wp:attachment":[{"href":"https:\/\/advancedseeds.com\/it\/wp-json\/wp\/v2\/media?parent=20061"}],"wp:term":[{"taxonomy":"product_brand","embeddable":true,"href":"https:\/\/advancedseeds.com\/it\/wp-json\/wp\/v2\/product_brand?post=20061"},{"taxonomy":"product_cat","embeddable":true,"href":"https:\/\/advancedseeds.com\/it\/wp-json\/wp\/v2\/product_cat?post=20061"},{"taxonomy":"product_tag","embeddable":true,"href":"https:\/\/advancedseeds.com\/it\/wp-json\/wp\/v2\/product_tag?post=20061"}],"curies":[{"name":"wp","href":"https:\/\/api.w.org\/{rel}","templated":true}]}}