{"id":20065,"date":"2025-03-11T12:58:01","date_gmt":"2025-03-11T11:58:01","guid":{"rendered":"https:\/\/advancedseeds.com\/web\/tienda\/sin%20categor\u00eda\/feminized-collection-2-advanced-seeds\/"},"modified":"2026-04-15T10:45:14","modified_gmt":"2026-04-15T09:45:14","slug":"feminized-collection-2-advanced-seeds","status":"publish","type":"product","link":"https:\/\/advancedseeds.com\/it\/tienda\/colecciones\/feminized-collection-2-advanced-seeds\/","title":{"rendered":"Collezione femminizzata #2 Advanced Seeds"},"content":{"rendered":"<h2>Critico<\/h2>\n<p>THC: 16%<\/p>\n<p>Resa: 450 - 500 g<\/p>\n<p>Altezza interna: 70-90 cm<\/p>\n<p>Altezza esterna: 2,0 - 3,0 m<\/p>\n<p>Ciclo di fioritura: 45-55 giorni<\/p>\n<p>Raccolta: 1 - 15 ottobre.<\/p>\n<h2 class=\"western\">Qual \u00e8 la genetica di questi semi?<\/h2>\n<p>La Critical di Advanced Seeds proviene da un lignaggio impressionante, che fonde il meglio di indica e sativa. Questa variet\u00e0 a predominanza indica eredita la robustezza e i raccolti abbondanti dei suoi antenati. I genitori della Critical apportano caratteristiche uniche: da un lato la Big Bud \u00e8 in grado di produrre cime enormi e resinose, mentre la Skunk#1 contribuisce con la sua resilienza e facilit\u00e0 di coltivazione. Questa combinazione genetica si traduce in una pianta non solo facile da coltivare, ma anche capace di produrre un'abbondante quantit\u00e0 di cime nel minor tempo possibile.<\/p>\n<h2 class=\"western\">Che aspetto ha Advanced Seeds Critical?<\/h2>\n<p>L'aspetto della Critical \u00e8 davvero sorprendente. La pianta cresce con una struttura sgraziata, con un'ampia distanza tra i nodi e molte cime forti come quelle che creano le indica, ma con un vigore che ricorda le sativa. I suoi steli sono sottili e pieghevoli, ma non sono in grado di sostenere il peso delle cime dense e rocciose. Le foglie della Critical sono di un verde chiaro e brillante, con una consistenza che denota la sua alta qualit\u00e0 genetica. Le cime sono il fiore all'occhiello: grandi, compatte, con molti pistilli e ricoperte da un generoso strato di resina lucida. Con la maturazione della pianta, le cime possono mostrare sfumature viola o bluastre, soprattutto a temperature pi\u00f9 basse.<\/p>\n<h2 class=\"western\">Come si coltivano questi semi all'interno e all'esterno?<\/h2>\n<h3 class=\"western\">Coltivazione indoor:<\/h3>\n<p>La Critical si adatta magnificamente a diversi metodi di coltivazione. Risponde in modo eccezionale alla tecnica di potatura apicale, consentendo ai coltivatori di massimizzare lo spazio e la luce. La sua risposta ai metodi di supercropping e SCROG \u00e8 impressionante, distribuendo l'energia in modo uniforme per una crescita equilibrata e una produzione massima. Questa variet\u00e0 \u00e8 ideale per chi vuole massimizzare le rese in spazi ridotti. Con una buona gestione della nutrizione e un ciclo di luce adeguato, la Critical pu\u00f2 produrre raccolti abbondanti di cime resinose e potenti. La cimatura \u00e8 obbligatoria per rinforzare i rami, altrimenti potrebbe arrivare il momento in cui le piante smetteranno di produrre pi\u00f9 peso perch\u00e9 non riescono pi\u00f9 a sostenerlo.<\/p>\n<h3 class=\"western\">Coltivazione all'aperto:<\/h3>\n<p>La Critical si diffonde con una libert\u00e0 che poche altre variet\u00e0 possono eguagliare. Grazie alla sua genetica ibrida, sviluppa un forte apparato radicale, che le permette di assorbire le sostanze nutritive in modo efficiente e di resistere alle variazioni climatiche meglio di altre variet\u00e0. \u00c8 importante fornire spazio sufficiente alle sue radici per espandersi e sfruttare al meglio la luce solare diretta. In condizioni ottimali, la Critical pu\u00f2 raggiungere altezze considerevoli, producendo rese che possono superare i 1000 grammi per pianta. La semina in terra diretta o in vasi di grandi dimensioni \u00e8 ideale per sfruttare il loro potenziale di crescita e di resa. Sono particolarmente adatte a sistemi di allevamento a traliccio come quelli comunemente utilizzati per la coltivazione dei pomodori, in quanto consentono di sostenere perfettamente i loro molteplici rami.<\/p>\n<h2 class=\"western\">Quando viene raccolto il seme femminizzato Critical di Advanced Seeds?<\/h2>\n<p>Il ciclo di fioritura della Critical \u00e8 piuttosto breve, il che la rende ideale per i coltivatori che cercano una rapida rotazione delle colture. Al chiuso, il periodo di fioritura \u00e8 compreso tra 45 e 55 giorni. All'aperto, il raccolto avviene solitamente a fine settembre o inizio ottobre nell'emisfero settentrionale e a fine marzo o inizio aprile nell'emisfero meridionale. Un'attenta osservazione dei tricomi \u00e8 fondamentale per determinare il momento ottimale del raccolto. Un taglio prematuro produrr\u00e0 un effetto pi\u00f9 cerebrale, mentre un raccolto tardivo intensificher\u00e0 il suo effetto rilassante e sedativo.<\/p>\n<h2 class=\"western\">Quanto producono questi semi?<\/h2>\n<p>La resa della Critical \u00e8 semplicemente spettacolare, una delle pi\u00f9 alte del mercato. Al chiuso, in condizioni ottimali, pu\u00f2 produrre tra i 450 e i 600 grammi per metro quadro. All'aperto, con spazio e sostanze nutritive sufficienti, le piante possono produrre pi\u00f9 di 1000 grammi ciascuna. La quantit\u00e0 di resina prodotta da questa variet\u00e0 \u00e8 notevole, sorprendente per un ibrido Skunk, il che la rende una scelta eccellente per fare concentrati ed estrazioni. La qualit\u00e0 dei suoi oli essenziali \u00e8 eccezionale, offrendo non solo quantit\u00e0 ma anche qualit\u00e0 nei suoi raccolti.<\/p>\n<h2 class=\"western\">Com'\u00e8 l'aroma e il gusto dei semi femminizzati Advanced Seeds Critical?<\/h2>\n<p>Alla prima annusata, non appena si avvicina il naso ai suoi fiori, le note agrumate e dolci si mescolano alle sfumature terrose, creando un'esperienza olfattiva unica. All'assaggio, i sapori si intensificano, rivelando strati di frutta matura e un tocco di erbe. All'inspirazione il gusto \u00e8 ricco e avvolgente, mentre all'espirazione lascia un retrogusto fresco e duraturo. Il bouquet \u00e8 complesso e ben bilanciato, rendendo ogni boccata un'esperienza memorabile.<\/p>\n<h2 class=\"western\">Che tipo di effetto ha questa marijuana?<\/h2>\n<p>La potenza della Critical \u00e8 ben nota agli appassionati di cannabis, non tanto per la sua intensit\u00e0 quanto per la sua qualit\u00e0. Il suo effetto \u00e8 un perfetto equilibrio tra rilassamento fisico e stimolazione mentale. Con un contenuto di THC di circa 16%, questa variet\u00e0 pu\u00f2 indurre una sensazione di euforia e benessere, ideale per rilassarsi dopo una lunga giornata. Nonostante la sua potenza, l'effetto \u00e8 gestibile e non tende a causare ansia o paranoia, rendendola adatta a un'ampia gamma di consumatori. Non guardate tanto alla quantit\u00e0 di THC perch\u00e9 in questo caso l'effetto entourage \u00e8 notevolmente intensificato dal profilo terpenico che quest'erba contiene.<\/p>\n<h2 class=\"western\">Acquista i semi femminizzati Critical da Advanced Seeds al miglior prezzo online.<\/h2>\n<p>Non pensateci due volte, se state cercando una variet\u00e0 che combini un gusto eccezionale, rese massicce e una coltivazione senza problemi, i semi femminizzati Critical di Advanced Seeds sono la scelta migliore. Non perdete l'opportunit\u00e0 di coltivare la Critical, un vero gioiello nel mondo della cannabis!<\/p>\n<h2 class=\"western\">Domande frequenti su Critical<\/h2>\n<h3 class=\"western\">La Critical \u00e8 resistente a parassiti e malattie?<\/h3>\n<p>S\u00ec, grazie alla sua robusta genetica, Critical mostra una buona resistenza ai parassiti e alle malattie pi\u00f9 comuni.<\/p>\n<h3 class=\"western\">La Critical ha bisogno di molta acqua?<\/h3>\n<p>La Critical preferisce un'irrigazione moderata, evitando i ristagni d'acqua per evitare problemi alle radici.<\/p>\n<h3 class=\"western\">La Critical pu\u00f2 essere coltivata dai principianti?<\/h3>\n<p>S\u00ec, la sua facilit\u00e0 di coltivazione la rende ideale per i principianti nel mondo della cannabis.<\/p>\n<h3 class=\"western\">In che modo l'effetto della Critical differisce da quello delle altre indica?<\/h3>\n<p>La Critical offre un equilibrio unico tra relax ed euforia, senza essere troppo opprimente.<\/p>\n<h3 class=\"western\">L'Critical \u00e8 adatto alla coltivazione idroponica?<\/h3>\n<p>S\u00ec, in coltura idroponica la Critical pu\u00f2 raggiungere il suo pieno potenziale di crescita e produzione.<\/p>\n<p>&nbsp;<\/p>\n<p>&nbsp;<\/p>\n<h2>Gelato #33<\/h2>\n<p>Genetica: Sunset Sherbert x G.S.C Thin Mints<\/p>\n<p>Resa: 550 - 600 gr\/m2<\/p>\n<p>THC: 25%<\/p>\n<p>Altezza interna: 90 - 120 cm<\/p>\n<p>Altezza esterna: 200 - 250 cm<\/p>\n<p>Fioritura interna: 55-60 giorni.<\/p>\n<p>Raccolta all'aperto: 15-30 settembre.<\/p>\n<h2 class=\"western\">Qual \u00e8 la genetica di questi semi?<\/h2>\n<p>&nbsp;<\/p>\n<p>Gelato #33 \u00e8 il risultato dell'incrocio tra Sunset Sherbert e Thin Mint Cookies. Advanced Seeds ha perfezionato questa variet\u00e0 selezionando un grande fenotipo di questa genetica, ottenendo un perfetto equilibrio tra potenza e sapore. Se i suoi predecessori parlano da soli, per avere un'idea della sua grandezza genetica si pu\u00f2 anche guardare ai suoi eredi Runtz o Ice Cream Cake.<\/p>\n<p>&nbsp;<\/p>\n<h2 class=\"western\">Che aspetto ha l'Gelato #33?<\/h2>\n<p>&nbsp;<\/p>\n<p>La Gelato #33 \u00e8 caratterizzata da una struttura imponente: robusta, con un'altezza che pu\u00f2 superare il metro all'interno e raggiungere i 2,5 metri all'esterno. Le sue foglie sono di un verde vivace per la maggior parte della coltura, ma alla fine assumono sfumature viola, e le cime sono distribuite lungo tutta la lunghezza della pianta, formando una distanza internodale medio-alta. Alla fine della fioritura, le cime della Gelato #33 sono ricoperte da un denso strato di tricomi, che conferiscono loro un sorprendente aspetto cristallino, evidenziato dai colori scuri dei calici combinati con i pistilli arancioni.<\/p>\n<p>&nbsp;<\/p>\n<h2 class=\"western\">Come si coltivano questi semi all'interno e all'esterno?<\/h2>\n<p>&nbsp;<\/p>\n<p>In interni, la Gelato #33 richiede particolare attenzione per controllare la sua altezza e, se decidete di non potare il fusto principale, tenetelo a mente perch\u00e9 durante la prefioritura pu\u00f2 facilmente triplicare le sue dimensioni. Si consiglia un periodo vegetativo di non pi\u00f9 di 20 giorni dalla prima coppia di foglie vere, in modo che non si allunghino troppo. Con tecniche come la cimatura o l'LST, potete migliorare la distribuzione della luce e aumentare la resa, quindi con 12 piante\/m2 potete riempire l'intero spazio illuminato con bellissime cime.<\/p>\n<p>&nbsp;<\/p>\n<p>All'aperto, la Gelato #33 diventer\u00e0 la regina del vostro giardino se le darete almeno 40 litri di terriccio specifico per cannabis. Con spazio sufficiente e almeno 6 ore di luce solare diretta, pu\u00f2 raggiungere altezze impressionanti e produrre raccolti abbondanti. \u00c8 una variet\u00e0 a fioritura precoce, quindi l'ultimo trapianto pu\u00f2 essere fatto in primavera inoltrata, poich\u00e9 non appena le giornate iniziano ad accorciarsi vedrete comparire i primi pre-fiori.<\/p>\n<p>&nbsp;<\/p>\n<h2 class=\"western\">Quando vengono raccolti i semi femminilizzati Gelato #33?<\/h2>\n<p>&nbsp;<\/p>\n<p>Al chiuso, la Gelato #33 \u00e8 pronta per il raccolto dopo 55-60 giorni di fioritura. All'aperto, viene raccolta a fine settembre, evitando cos\u00ec le piogge autunnali precoci e garantendo cime di qualit\u00e0 eccellente.<\/p>\n<h2 class=\"western\"><\/h2>\n<h2 class=\"western\">Quanto producono questi semi?<\/h2>\n<p>&nbsp;<\/p>\n<p>Al chiuso, i coltivatori possono aspettarsi una resa di oltre 450 gr\/m2, mentre all'aperto le piante possono raggiungere 1 kg per pianta. Inoltre, la qualit\u00e0 delle sue cime e l'abbondante produzione di tricomi la rendono ideale per le estrazioni.<\/p>\n<p>&nbsp;<\/p>\n<h2 class=\"western\">Qual \u00e8 l'aroma e il sapore dell'Gelato #33?<\/h2>\n<p>&nbsp;<\/p>\n<p>L'aroma dell'Gelato #33 \u00e8 la sua caratteristica principale: offre un profilo dolce e rinfrescante con note agrumate che non perdono intensit\u00e0 con la combustione. Questo complesso bouquet aromatico persiste sul palato, lasciando un retrogusto piacevole e duraturo. Il suo profilo terpenico \u00e8 ricco e offre un'esperienza sensoriale completa.<\/p>\n<p>&nbsp;<\/p>\n<h2 class=\"western\">Che tipo di effetto ha questa marijuana?<\/h2>\n<p>&nbsp;<\/p>\n<p>La Gelato #33, con un contenuto di THC superiore alla 23%, offre un effetto potente e duraturo. Sebbene sia prevalentemente sativa a causa della sua elevata psicoattivit\u00e0, il suo effetto \u00e8 fondamentalmente equilibrato, iniziando con una sensazione cerebrale euforica che si trasforma gradualmente in un piacevole rilassamento fisico.<\/p>\n<p>&nbsp;<\/p>\n<p>Acquistare semi femminizzati Gelato #33 al miglior prezzo online<\/p>\n<p>&nbsp;<\/p>\n<p>Non aspettate oltre per provare il gusto e gli effetti eccezionali della Gelato #33. Acquistate questi semi femminizzati al miglior prezzo online e scoprite perch\u00e9 \u00e8 una delle variet\u00e0 pi\u00f9 eccezionali di Advanced Seeds e del mercato moderno della cannabis in generale.<\/p>\n<p>&nbsp;<\/p>\n<h2 class=\"western\">Domande frequenti<\/h2>\n<p>&nbsp;<\/p>\n<h3 class=\"western\">L'Gelato #33 \u00e8 adatto ai principianti?<\/h3>\n<p>Nonostante la sua potenza, la Gelato #33 \u00e8 una variet\u00e0 maneggevole e una buona scelta per i coltivatori principianti.<\/p>\n<h3 class=\"western\">Quali sono le tecniche di coltivazione che massimizzano la resa della Gelato #33 in indoor?<\/h3>\n<p>SCROG e LST sono altamente raccomandati per sfruttare al meglio il loro potenziale produttivo.<\/p>\n<h3 class=\"western\">Come influisce il clima sulla coltivazione all'aperto della Gelato #33?<\/h3>\n<p>Predilige climi secchi con bassa umidit\u00e0, ma \u00e8 resistente e si adatta bene a condizioni climatiche diverse.<\/p>\n<h3 class=\"western\">Quando \u00e8 il momento migliore per raccogliere l'Gelato #33?<\/h3>\n<p>In interni, dopo 55-60 giorni di fioritura; in esterni, a fine settembre per ottenere i migliori risultati.<\/p>\n<p>&nbsp;<\/p>\n<h2>Vedova Somango<\/h2>\n<p>THC: 17%<br \/>\nResa: 400 - 450 g<br \/>\nAltezza interna: 60 - 80 cm<br \/>\nAltezza esterna: 1,5 - 2,5 m<br \/>\nCiclo di fioritura: 55-60 giorni<br \/>\nRaccolta: 1 - 15 ottobre.<\/p>\n<p>Abbiamo unito la nostra eccellente genetica Early Widow con la deliziosa e aromatica Somango. La Somango Widow \u00e8 una pianta a netta prevalenza Indica che mantiene la potenza e l'elevata produzione di resina della Widow, ma con una ramificazione pi\u00f9 rigogliosa e una statura maggiore. Dalla Somango ha ereditato l'aroma di frutta tropicale e il dolce sapore di mango.<\/p>","protected":false},"excerpt":{"rendered":"<p>2x Critical<br \/>\n- Altezza interna: 70-90 cm.<br \/>\n- Fioritura: 45-55 giorni.<br \/>\n- Resa: 450 - 500 gr\/m2.<br \/>\n- Altezza esterna: 200 - 300 cm.<br \/>\n- Raccolta: 01 - 15 ottobre.<br \/>\n- THC: 16%<\/p>\n<p>2x Gelato #33<br \/>\n- Altezza interna: 90 - 120 cm.<br \/>\n- Fioritura: 55-60 giorni.<br \/>\n- Resa: 550 - 600 gr\/m2.<br \/>\n- Altezza esterna: 200 - 250 cm.<br \/>\n- Raccolta: 20-30 settembre.<br \/>\n- THC: 25%<\/p>\n<p>2x Vedova Somango<br \/>\n- Altezza interna: 60-80 cm.<br \/>\n- Fioritura: 55-60 giorni.<br \/>\n- Resa: 400 - 450 gr\/m2.<br \/>\n- Altezza esterna: 150 - 250 cm.<br \/>\n- Raccolta: 01 - 15 ottobre.<br \/>\n- THC: 17%<\/p>","protected":false},"featured_media":20308,"comment_status":"open","ping_status":"closed","template":"","meta":{"_acf_changed":false},"product_brand":[],"product_cat":[71],"product_tag":[],"class_list":{"0":"post-20065","1":"product","2":"type-product","3":"status-publish","4":"has-post-thumbnail","6":"product_cat-colecciones","8":"first","9":"outofstock","10":"taxable","11":"shipping-taxable","12":"purchasable","13":"product-type-simple"},"acf":[],"yoast_head":"<!-- This site is optimized with the Yoast SEO Premium plugin v26.3 (Yoast SEO v26.6) - https:\/\/yoast.com\/wordpress\/plugins\/seo\/ -->\n<title>Feminized Collection #2 Advanced Seeds - Advanced Seeds<\/title>\n<meta name=\"robots\" content=\"index, follow, max-snippet:-1, max-image-preview:large, max-video-preview:-1\" \/>\n<link rel=\"canonical\" href=\"https:\/\/advancedseeds.com\/it\/tienda\/colecciones\/feminized-collection-2-advanced-seeds\/\" \/>\n<meta property=\"og:locale\" content=\"it_IT\" \/>\n<meta property=\"og:type\" content=\"article\" \/>\n<meta property=\"og:title\" content=\"Feminized Collection #2 Advanced Seeds\" \/>\n<meta property=\"og:description\" content=\"2x Critical - Altura interior: 70 - 90 cm. - Floraci\u00f3n: 45 - 55 d\u00edas. - Producci\u00f3n: 450 - 500 gr\/m2. - Altura exterior: 200 - 300 cm. - Cosecha: 01 - 15 Oct. - THC: 16%  2x Gelato #33 - Altura interior: 90 - 120 cm. - Floraci\u00f3n: 55 - 60 d\u00edas. - Producci\u00f3n: 550 - 600 gr\/m2. - Altura exterior: 200 - 250 cm. - Cosecha: 20 - 30 Sept. - THC: 25%  2x Somango Widow - Altura interior: 60 - 80 cm. - Floraci\u00f3n: 55 - 60 d\u00edas. - Producci\u00f3n: 400 - 450 gr\/m2. - Altura exterior: 150 - 250 cm. - Cosecha: 01 - 15 Oct. - THC: 17%\" \/>\n<meta property=\"og:url\" content=\"https:\/\/advancedseeds.com\/it\/tienda\/colecciones\/feminized-collection-2-advanced-seeds\/\" \/>\n<meta property=\"og:site_name\" content=\"Advanced Seeds\" \/>\n<meta property=\"article:modified_time\" content=\"2026-04-15T09:45:14+00:00\" \/>\n<meta property=\"og:image\" content=\"https:\/\/advancedseeds.com\/web\/wp-content\/uploads\/2025\/03\/femcol2.jpg\" \/>\n\t<meta property=\"og:image:width\" content=\"819\" \/>\n\t<meta property=\"og:image:height\" content=\"1232\" \/>\n\t<meta property=\"og:image:type\" content=\"image\/jpeg\" \/>\n<meta name=\"twitter:card\" content=\"summary_large_image\" \/>\n<meta name=\"twitter:label1\" content=\"Tempo di lettura stimato\" \/>\n\t<meta name=\"twitter:data1\" content=\"10 minuti\" \/>\n<script type=\"application\/ld+json\" class=\"yoast-schema-graph\">{\"@context\":\"https:\/\/schema.org\",\"@graph\":[{\"@type\":\"WebPage\",\"@id\":\"https:\/\/advancedseeds.com\/tienda\/colecciones\/feminized-collection-2-advanced-seeds\/\",\"url\":\"https:\/\/advancedseeds.com\/tienda\/colecciones\/feminized-collection-2-advanced-seeds\/\",\"name\":\"Feminized Collection #2 Advanced Seeds - Advanced Seeds\",\"isPartOf\":{\"@id\":\"https:\/\/advancedseeds.com\/#website\"},\"primaryImageOfPage\":{\"@id\":\"https:\/\/advancedseeds.com\/tienda\/colecciones\/feminized-collection-2-advanced-seeds\/#primaryimage\"},\"image\":{\"@id\":\"https:\/\/advancedseeds.com\/tienda\/colecciones\/feminized-collection-2-advanced-seeds\/#primaryimage\"},\"thumbnailUrl\":\"https:\/\/advancedseeds.com\/web\/wp-content\/uploads\/2025\/03\/femcol2.jpg\",\"datePublished\":\"2025-03-11T11:58:01+00:00\",\"dateModified\":\"2026-04-15T09:45:14+00:00\",\"breadcrumb\":{\"@id\":\"https:\/\/advancedseeds.com\/tienda\/colecciones\/feminized-collection-2-advanced-seeds\/#breadcrumb\"},\"inLanguage\":\"it-IT\",\"potentialAction\":[{\"@type\":\"ReadAction\",\"target\":[\"https:\/\/advancedseeds.com\/tienda\/colecciones\/feminized-collection-2-advanced-seeds\/\"]}]},{\"@type\":\"ImageObject\",\"inLanguage\":\"it-IT\",\"@id\":\"https:\/\/advancedseeds.com\/tienda\/colecciones\/feminized-collection-2-advanced-seeds\/#primaryimage\",\"url\":\"https:\/\/advancedseeds.com\/web\/wp-content\/uploads\/2025\/03\/femcol2.jpg\",\"contentUrl\":\"https:\/\/advancedseeds.com\/web\/wp-content\/uploads\/2025\/03\/femcol2.jpg\",\"width\":819,\"height\":1232},{\"@type\":\"BreadcrumbList\",\"@id\":\"https:\/\/advancedseeds.com\/tienda\/colecciones\/feminized-collection-2-advanced-seeds\/#breadcrumb\",\"itemListElement\":[{\"@type\":\"ListItem\",\"position\":1,\"name\":\"Home\",\"item\":\"https:\/\/advancedseeds.com\/\"},{\"@type\":\"ListItem\",\"position\":2,\"name\":\"Tienda\",\"item\":\"https:\/\/advancedseeds.com\/\"},{\"@type\":\"ListItem\",\"position\":3,\"name\":\"Feminized Collection #2 Advanced Seeds\"}]},{\"@type\":\"WebSite\",\"@id\":\"https:\/\/advancedseeds.com\/#website\",\"url\":\"https:\/\/advancedseeds.com\/\",\"name\":\"Advanced Seeds\",\"description\":\"Gen\u00e9ticas Avanzadas en semillas feminizadas y autom\u00e1ticas.\",\"publisher\":{\"@id\":\"https:\/\/advancedseeds.com\/#organization\"},\"potentialAction\":[{\"@type\":\"SearchAction\",\"target\":{\"@type\":\"EntryPoint\",\"urlTemplate\":\"https:\/\/advancedseeds.com\/?s={search_term_string}\"},\"query-input\":{\"@type\":\"PropertyValueSpecification\",\"valueRequired\":true,\"valueName\":\"search_term_string\"}}],\"inLanguage\":\"it-IT\"},{\"@type\":\"Organization\",\"@id\":\"https:\/\/advancedseeds.com\/#organization\",\"name\":\"Advanced Seeds\",\"url\":\"https:\/\/advancedseeds.com\/\",\"logo\":{\"@type\":\"ImageObject\",\"inLanguage\":\"it-IT\",\"@id\":\"https:\/\/advancedseeds.com\/#\/schema\/logo\/image\/\",\"url\":\"https:\/\/advancedseeds.com\/web\/wp-content\/uploads\/2021\/01\/logo-advanced.jpg\",\"contentUrl\":\"https:\/\/advancedseeds.com\/web\/wp-content\/uploads\/2021\/01\/logo-advanced.jpg\",\"width\":600,\"height\":600,\"caption\":\"Advanced Seeds\"},\"image\":{\"@id\":\"https:\/\/advancedseeds.com\/#\/schema\/logo\/image\/\"}}]}<\/script>\n<!-- \/ Yoast SEO Premium plugin. -->","yoast_head_json":{"title":"Feminized Collection #2 Advanced Seeds - Advanced Seeds","robots":{"index":"index","follow":"follow","max-snippet":"max-snippet:-1","max-image-preview":"max-image-preview:large","max-video-preview":"max-video-preview:-1"},"canonical":"https:\/\/advancedseeds.com\/it\/tienda\/colecciones\/feminized-collection-2-advanced-seeds\/","og_locale":"it_IT","og_type":"article","og_title":"Feminized Collection #2 Advanced Seeds","og_description":"2x Critical - Altura interior: 70 - 90 cm. - Floraci\u00f3n: 45 - 55 d\u00edas. - Producci\u00f3n: 450 - 500 gr\/m2. - Altura exterior: 200 - 300 cm. - Cosecha: 01 - 15 Oct. - THC: 16%  2x Gelato #33 - Altura interior: 90 - 120 cm. - Floraci\u00f3n: 55 - 60 d\u00edas. - Producci\u00f3n: 550 - 600 gr\/m2. - Altura exterior: 200 - 250 cm. - Cosecha: 20 - 30 Sept. - THC: 25%  2x Somango Widow - Altura interior: 60 - 80 cm. - Floraci\u00f3n: 55 - 60 d\u00edas. - Producci\u00f3n: 400 - 450 gr\/m2. - Altura exterior: 150 - 250 cm. - Cosecha: 01 - 15 Oct. - THC: 17%","og_url":"https:\/\/advancedseeds.com\/it\/tienda\/colecciones\/feminized-collection-2-advanced-seeds\/","og_site_name":"Advanced Seeds","article_modified_time":"2026-04-15T09:45:14+00:00","og_image":[{"width":819,"height":1232,"url":"https:\/\/advancedseeds.com\/web\/wp-content\/uploads\/2025\/03\/femcol2.jpg","type":"image\/jpeg"}],"twitter_card":"summary_large_image","twitter_misc":{"Tempo di lettura stimato":"10 minuti"},"schema":{"@context":"https:\/\/schema.org","@graph":[{"@type":"WebPage","@id":"https:\/\/advancedseeds.com\/tienda\/colecciones\/feminized-collection-2-advanced-seeds\/","url":"https:\/\/advancedseeds.com\/tienda\/colecciones\/feminized-collection-2-advanced-seeds\/","name":"Feminized Collection #2 Advanced Seeds - Advanced Seeds","isPartOf":{"@id":"https:\/\/advancedseeds.com\/#website"},"primaryImageOfPage":{"@id":"https:\/\/advancedseeds.com\/tienda\/colecciones\/feminized-collection-2-advanced-seeds\/#primaryimage"},"image":{"@id":"https:\/\/advancedseeds.com\/tienda\/colecciones\/feminized-collection-2-advanced-seeds\/#primaryimage"},"thumbnailUrl":"https:\/\/advancedseeds.com\/web\/wp-content\/uploads\/2025\/03\/femcol2.jpg","datePublished":"2025-03-11T11:58:01+00:00","dateModified":"2026-04-15T09:45:14+00:00","breadcrumb":{"@id":"https:\/\/advancedseeds.com\/tienda\/colecciones\/feminized-collection-2-advanced-seeds\/#breadcrumb"},"inLanguage":"it-IT","potentialAction":[{"@type":"ReadAction","target":["https:\/\/advancedseeds.com\/tienda\/colecciones\/feminized-collection-2-advanced-seeds\/"]}]},{"@type":"ImageObject","inLanguage":"it-IT","@id":"https:\/\/advancedseeds.com\/tienda\/colecciones\/feminized-collection-2-advanced-seeds\/#primaryimage","url":"https:\/\/advancedseeds.com\/web\/wp-content\/uploads\/2025\/03\/femcol2.jpg","contentUrl":"https:\/\/advancedseeds.com\/web\/wp-content\/uploads\/2025\/03\/femcol2.jpg","width":819,"height":1232},{"@type":"BreadcrumbList","@id":"https:\/\/advancedseeds.com\/tienda\/colecciones\/feminized-collection-2-advanced-seeds\/#breadcrumb","itemListElement":[{"@type":"ListItem","position":1,"name":"Home","item":"https:\/\/advancedseeds.com\/"},{"@type":"ListItem","position":2,"name":"Tienda","item":"https:\/\/advancedseeds.com\/"},{"@type":"ListItem","position":3,"name":"Feminized Collection #2 Advanced Seeds"}]},{"@type":"WebSite","@id":"https:\/\/advancedseeds.com\/#website","url":"https:\/\/advancedseeds.com\/","name":"Semi avanzati","description":"Genetica avanzata in semi femminizzati e automatici.","publisher":{"@id":"https:\/\/advancedseeds.com\/#organization"},"potentialAction":[{"@type":"SearchAction","target":{"@type":"EntryPoint","urlTemplate":"https:\/\/advancedseeds.com\/?s={search_term_string}"},"query-input":{"@type":"PropertyValueSpecification","valueRequired":true,"valueName":"search_term_string"}}],"inLanguage":"it-IT"},{"@type":"Organization","@id":"https:\/\/advancedseeds.com\/#organization","name":"Semi avanzati","url":"https:\/\/advancedseeds.com\/","logo":{"@type":"ImageObject","inLanguage":"it-IT","@id":"https:\/\/advancedseeds.com\/#\/schema\/logo\/image\/","url":"https:\/\/advancedseeds.com\/web\/wp-content\/uploads\/2021\/01\/logo-advanced.jpg","contentUrl":"https:\/\/advancedseeds.com\/web\/wp-content\/uploads\/2021\/01\/logo-advanced.jpg","width":600,"height":600,"caption":"Advanced Seeds"},"image":{"@id":"https:\/\/advancedseeds.com\/#\/schema\/logo\/image\/"}}]}},"_links":{"self":[{"href":"https:\/\/advancedseeds.com\/it\/wp-json\/wp\/v2\/product\/20065","targetHints":{"allow":["GET"]}}],"collection":[{"href":"https:\/\/advancedseeds.com\/it\/wp-json\/wp\/v2\/product"}],"about":[{"href":"https:\/\/advancedseeds.com\/it\/wp-json\/wp\/v2\/types\/product"}],"replies":[{"embeddable":true,"href":"https:\/\/advancedseeds.com\/it\/wp-json\/wp\/v2\/comments?post=20065"}],"wp:featuredmedia":[{"embeddable":true,"href":"https:\/\/advancedseeds.com\/it\/wp-json\/wp\/v2\/media\/20308"}],"wp:attachment":[{"href":"https:\/\/advancedseeds.com\/it\/wp-json\/wp\/v2\/media?parent=20065"}],"wp:term":[{"taxonomy":"product_brand","embeddable":true,"href":"https:\/\/advancedseeds.com\/it\/wp-json\/wp\/v2\/product_brand?post=20065"},{"taxonomy":"product_cat","embeddable":true,"href":"https:\/\/advancedseeds.com\/it\/wp-json\/wp\/v2\/product_cat?post=20065"},{"taxonomy":"product_tag","embeddable":true,"href":"https:\/\/advancedseeds.com\/it\/wp-json\/wp\/v2\/product_tag?post=20065"}],"curies":[{"name":"wp","href":"https:\/\/api.w.org\/{rel}","templated":true}]}}