{"id":20067,"date":"2025-03-11T12:58:01","date_gmt":"2025-03-11T11:58:01","guid":{"rendered":"https:\/\/advancedseeds.com\/web\/tienda\/sin%20categor\u00eda\/feminized-collection-3-advanced-seeds\/"},"modified":"2026-04-15T10:45:14","modified_gmt":"2026-04-15T09:45:14","slug":"feminized-collection-3-advanced-seeds","status":"publish","type":"product","link":"https:\/\/advancedseeds.com\/it\/tienda\/colecciones\/feminized-collection-3-advanced-seeds\/","title":{"rendered":"Collezione femminizzata #3 Advanced Seeds"},"content":{"rendered":"<h2>Vedova precoce<\/h2>\n<p>THC: 16%<br \/>\nResa: 400 - 450 g<br \/>\nAltezza interna: 60-90 cm<br \/>\nAltezza esterna: 1,6 - 2,5 m<br \/>\nCiclo di fioritura: 50-60 giorni<br \/>\nRaccolta: 10-20 ottobre.<\/p>\n<p>A dominanza Indica, la quantit\u00e0 di resina che ogni gemma pu\u00f2 produrre compensa la sua crescita moderata. Intenso aroma agrodolce che aumenta di pari passo con il progredire della fioritura e pu\u00f2 diventare allarmante. Al chiuso si consigliano 4 settimane di crescita per ottenere piante di una certa dimensione. All'aperto \u00e8 facile da coltivare perch\u00e9 si tratta di esemplari compatti e robusti.<\/p>\n<p>&nbsp;<\/p>\n<h2>Germoglio pesante<\/h2>\n<p>THC: 18%<br \/>\nResa: 400 - 500 g<br \/>\nAltezza interna: 70-90 cm<br \/>\nAltezza esterna: 2,0 - 2,5 m<br \/>\nCiclo di fioritura: 55-60 giorni<br \/>\nRaccolta: 1 - 15 settembre.<\/p>\n<p>Incrocio di variet\u00e0 selezionate per la loro crescita versatile e la resistenza ai parassiti con una struttura robusta. Pianta dagli aromi delicati e dolci, con note di agrumi mandarino e aromi leggermente mentolati, con un fumo estremamente morbido al palato che la consiglia ai fumatori di cannabis senza alcun tipo di miscela di tabacco.<\/p>\n<p>&nbsp;<\/p>\n<h2>Kaya 47<\/h2>\n<p>THC: 22%<br \/>\nResa: 400 - 500 g<br \/>\nAltezza interna: 60 - 80 cm<br \/>\nAltezza esterna: 2,0 - 3,0 m<br \/>\nCiclo di fioritura: 60-65 giorni<br \/>\nRaccolta: 10-20 ottobre.<\/p>\n<p>Pianta familiare della leggendaria AK-47. Selezionata per offrire un periodo di fioritura pi\u00f9 breve, rese pi\u00f9 elevate e una grande produzione di resina. Prende dai suoi diversi antenati (colombiani, messicani, thailandesi, afgani) caratteristiche riconoscibili come l'odore forte e il buon rapporto calice\/foglia. Al chiuso pu\u00f2 essere coltivata a 12 ore dal primo giorno e raccogliere un raccolto abbondante in soli 90 giorni.<\/p>","protected":false},"excerpt":{"rendered":"<p>2x Vedova precoce<br \/>\n- Altezza interna: 60-90 cm.<br \/>\n- Fioritura: 50-60 giorni.<br \/>\n- Resa: 400 - 450 gr\/m2.<br \/>\n- Altezza esterna: 160 - 250 cm.<br \/>\n- Raccolta: 10-20 ottobre.<br \/>\n- THC: 16%<\/p>\n<p>2x Gemma pesante<br \/>\n- Altezza interna: 70-90 cm.<br \/>\n- Fioritura: 55-60 giorni.<br \/>\n- Resa: 400 - 500 gr\/m2.<br \/>\n- Altezza esterna: 200 - 250 cm.<br \/>\n- Raccolta: 01 - 15 settembre.<br \/>\n- THC: 18%<\/p>\n<p>2x Kaya 47<br \/>\n- Altezza interna: 60-80 cm.<br \/>\n- Fioritura: 60-65 giorni.<br \/>\n- Resa: 400 - 500 gr\/m2.<br \/>\n- Altezza esterna: 200 - 300 cm.<br \/>\n- Raccolta: 10-20 ottobre.<br \/>\n- THC: 22%<\/p>","protected":false},"featured_media":20309,"comment_status":"open","ping_status":"closed","template":"","meta":{"_acf_changed":false},"product_brand":[],"product_cat":[71],"product_tag":[],"class_list":{"0":"post-20067","1":"product","2":"type-product","3":"status-publish","4":"has-post-thumbnail","6":"product_cat-colecciones","8":"first","9":"outofstock","10":"taxable","11":"shipping-taxable","12":"purchasable","13":"product-type-simple"},"acf":[],"yoast_head":"<!-- This site is optimized with the Yoast SEO Premium plugin v26.3 (Yoast SEO v26.6) - https:\/\/yoast.com\/wordpress\/plugins\/seo\/ -->\n<title>Feminized Collection #3 Advanced Seeds - Advanced Seeds<\/title>\n<meta name=\"robots\" content=\"index, follow, max-snippet:-1, max-image-preview:large, max-video-preview:-1\" \/>\n<link rel=\"canonical\" href=\"https:\/\/advancedseeds.com\/it\/tienda\/colecciones\/feminized-collection-3-advanced-seeds\/\" \/>\n<meta property=\"og:locale\" content=\"it_IT\" \/>\n<meta property=\"og:type\" content=\"article\" \/>\n<meta property=\"og:title\" content=\"Feminized Collection #3 Advanced Seeds\" \/>\n<meta property=\"og:description\" content=\"2x Early Widow - Altura interior: 60 - 90 cm. - Floraci\u00f3n: 50 - 60 d\u00edas. - Producci\u00f3n: 400 - 450 gr\/m2. - Altura exterior: 160 - 250 cm. - Cosecha: 10 - 20 Oct. - THC: 16%  2x Heavy Bud - Altura interior: 70 - 90 cm. - Floraci\u00f3n: 55 - 60 d\u00edas. - Producci\u00f3n: 400 - 500 gr\/m2. - Altura exterior: 200 - 250 cm. - Cosecha: 01 - 15 Sept. - THC: 18%  2x Kaya 47 - Altura interior: 60 - 80 cm. - Floraci\u00f3n: 60 - 65 d\u00edas. - Producci\u00f3n: 400 - 500 gr\/m2. - Altura exterior: 200 - 300 cm. - Cosecha: 10 - 20 Oct. - THC: 22%\" \/>\n<meta property=\"og:url\" content=\"https:\/\/advancedseeds.com\/it\/tienda\/colecciones\/feminized-collection-3-advanced-seeds\/\" \/>\n<meta property=\"og:site_name\" content=\"Advanced Seeds\" \/>\n<meta property=\"article:modified_time\" content=\"2026-04-15T09:45:14+00:00\" \/>\n<meta property=\"og:image\" content=\"https:\/\/advancedseeds.com\/web\/wp-content\/uploads\/2025\/03\/femcol3.jpg\" \/>\n\t<meta property=\"og:image:width\" content=\"819\" \/>\n\t<meta property=\"og:image:height\" content=\"1232\" \/>\n\t<meta property=\"og:image:type\" content=\"image\/jpeg\" \/>\n<meta name=\"twitter:card\" content=\"summary_large_image\" \/>\n<meta name=\"twitter:label1\" content=\"Tempo di lettura stimato\" \/>\n\t<meta name=\"twitter:data1\" content=\"1 minuto\" \/>\n<script type=\"application\/ld+json\" class=\"yoast-schema-graph\">{\"@context\":\"https:\/\/schema.org\",\"@graph\":[{\"@type\":\"WebPage\",\"@id\":\"https:\/\/advancedseeds.com\/tienda\/colecciones\/feminized-collection-3-advanced-seeds\/\",\"url\":\"https:\/\/advancedseeds.com\/tienda\/colecciones\/feminized-collection-3-advanced-seeds\/\",\"name\":\"Feminized Collection #3 Advanced Seeds - Advanced Seeds\",\"isPartOf\":{\"@id\":\"https:\/\/advancedseeds.com\/#website\"},\"primaryImageOfPage\":{\"@id\":\"https:\/\/advancedseeds.com\/tienda\/colecciones\/feminized-collection-3-advanced-seeds\/#primaryimage\"},\"image\":{\"@id\":\"https:\/\/advancedseeds.com\/tienda\/colecciones\/feminized-collection-3-advanced-seeds\/#primaryimage\"},\"thumbnailUrl\":\"https:\/\/advancedseeds.com\/web\/wp-content\/uploads\/2025\/03\/femcol3.jpg\",\"datePublished\":\"2025-03-11T11:58:01+00:00\",\"dateModified\":\"2026-04-15T09:45:14+00:00\",\"breadcrumb\":{\"@id\":\"https:\/\/advancedseeds.com\/tienda\/colecciones\/feminized-collection-3-advanced-seeds\/#breadcrumb\"},\"inLanguage\":\"it-IT\",\"potentialAction\":[{\"@type\":\"ReadAction\",\"target\":[\"https:\/\/advancedseeds.com\/tienda\/colecciones\/feminized-collection-3-advanced-seeds\/\"]}]},{\"@type\":\"ImageObject\",\"inLanguage\":\"it-IT\",\"@id\":\"https:\/\/advancedseeds.com\/tienda\/colecciones\/feminized-collection-3-advanced-seeds\/#primaryimage\",\"url\":\"https:\/\/advancedseeds.com\/web\/wp-content\/uploads\/2025\/03\/femcol3.jpg\",\"contentUrl\":\"https:\/\/advancedseeds.com\/web\/wp-content\/uploads\/2025\/03\/femcol3.jpg\",\"width\":819,\"height\":1232},{\"@type\":\"BreadcrumbList\",\"@id\":\"https:\/\/advancedseeds.com\/tienda\/colecciones\/feminized-collection-3-advanced-seeds\/#breadcrumb\",\"itemListElement\":[{\"@type\":\"ListItem\",\"position\":1,\"name\":\"Home\",\"item\":\"https:\/\/advancedseeds.com\/\"},{\"@type\":\"ListItem\",\"position\":2,\"name\":\"Tienda\",\"item\":\"https:\/\/advancedseeds.com\/\"},{\"@type\":\"ListItem\",\"position\":3,\"name\":\"Feminized Collection #3 Advanced Seeds\"}]},{\"@type\":\"WebSite\",\"@id\":\"https:\/\/advancedseeds.com\/#website\",\"url\":\"https:\/\/advancedseeds.com\/\",\"name\":\"Advanced Seeds\",\"description\":\"Gen\u00e9ticas Avanzadas en semillas feminizadas y autom\u00e1ticas.\",\"publisher\":{\"@id\":\"https:\/\/advancedseeds.com\/#organization\"},\"potentialAction\":[{\"@type\":\"SearchAction\",\"target\":{\"@type\":\"EntryPoint\",\"urlTemplate\":\"https:\/\/advancedseeds.com\/?s={search_term_string}\"},\"query-input\":{\"@type\":\"PropertyValueSpecification\",\"valueRequired\":true,\"valueName\":\"search_term_string\"}}],\"inLanguage\":\"it-IT\"},{\"@type\":\"Organization\",\"@id\":\"https:\/\/advancedseeds.com\/#organization\",\"name\":\"Advanced Seeds\",\"url\":\"https:\/\/advancedseeds.com\/\",\"logo\":{\"@type\":\"ImageObject\",\"inLanguage\":\"it-IT\",\"@id\":\"https:\/\/advancedseeds.com\/#\/schema\/logo\/image\/\",\"url\":\"https:\/\/advancedseeds.com\/web\/wp-content\/uploads\/2021\/01\/logo-advanced.jpg\",\"contentUrl\":\"https:\/\/advancedseeds.com\/web\/wp-content\/uploads\/2021\/01\/logo-advanced.jpg\",\"width\":600,\"height\":600,\"caption\":\"Advanced Seeds\"},\"image\":{\"@id\":\"https:\/\/advancedseeds.com\/#\/schema\/logo\/image\/\"}}]}<\/script>\n<!-- \/ Yoast SEO Premium plugin. -->","yoast_head_json":{"title":"Feminized Collection #3 Advanced Seeds - Advanced Seeds","robots":{"index":"index","follow":"follow","max-snippet":"max-snippet:-1","max-image-preview":"max-image-preview:large","max-video-preview":"max-video-preview:-1"},"canonical":"https:\/\/advancedseeds.com\/it\/tienda\/colecciones\/feminized-collection-3-advanced-seeds\/","og_locale":"it_IT","og_type":"article","og_title":"Feminized Collection #3 Advanced Seeds","og_description":"2x Early Widow - Altura interior: 60 - 90 cm. - Floraci\u00f3n: 50 - 60 d\u00edas. - Producci\u00f3n: 400 - 450 gr\/m2. - Altura exterior: 160 - 250 cm. - Cosecha: 10 - 20 Oct. - THC: 16%  2x Heavy Bud - Altura interior: 70 - 90 cm. - Floraci\u00f3n: 55 - 60 d\u00edas. - Producci\u00f3n: 400 - 500 gr\/m2. - Altura exterior: 200 - 250 cm. - Cosecha: 01 - 15 Sept. - THC: 18%  2x Kaya 47 - Altura interior: 60 - 80 cm. - Floraci\u00f3n: 60 - 65 d\u00edas. - Producci\u00f3n: 400 - 500 gr\/m2. - Altura exterior: 200 - 300 cm. - Cosecha: 10 - 20 Oct. - THC: 22%","og_url":"https:\/\/advancedseeds.com\/it\/tienda\/colecciones\/feminized-collection-3-advanced-seeds\/","og_site_name":"Advanced Seeds","article_modified_time":"2026-04-15T09:45:14+00:00","og_image":[{"width":819,"height":1232,"url":"https:\/\/advancedseeds.com\/web\/wp-content\/uploads\/2025\/03\/femcol3.jpg","type":"image\/jpeg"}],"twitter_card":"summary_large_image","twitter_misc":{"Tempo di lettura stimato":"1 minuto"},"schema":{"@context":"https:\/\/schema.org","@graph":[{"@type":"WebPage","@id":"https:\/\/advancedseeds.com\/tienda\/colecciones\/feminized-collection-3-advanced-seeds\/","url":"https:\/\/advancedseeds.com\/tienda\/colecciones\/feminized-collection-3-advanced-seeds\/","name":"Feminized Collection #3 Advanced Seeds - Advanced Seeds","isPartOf":{"@id":"https:\/\/advancedseeds.com\/#website"},"primaryImageOfPage":{"@id":"https:\/\/advancedseeds.com\/tienda\/colecciones\/feminized-collection-3-advanced-seeds\/#primaryimage"},"image":{"@id":"https:\/\/advancedseeds.com\/tienda\/colecciones\/feminized-collection-3-advanced-seeds\/#primaryimage"},"thumbnailUrl":"https:\/\/advancedseeds.com\/web\/wp-content\/uploads\/2025\/03\/femcol3.jpg","datePublished":"2025-03-11T11:58:01+00:00","dateModified":"2026-04-15T09:45:14+00:00","breadcrumb":{"@id":"https:\/\/advancedseeds.com\/tienda\/colecciones\/feminized-collection-3-advanced-seeds\/#breadcrumb"},"inLanguage":"it-IT","potentialAction":[{"@type":"ReadAction","target":["https:\/\/advancedseeds.com\/tienda\/colecciones\/feminized-collection-3-advanced-seeds\/"]}]},{"@type":"ImageObject","inLanguage":"it-IT","@id":"https:\/\/advancedseeds.com\/tienda\/colecciones\/feminized-collection-3-advanced-seeds\/#primaryimage","url":"https:\/\/advancedseeds.com\/web\/wp-content\/uploads\/2025\/03\/femcol3.jpg","contentUrl":"https:\/\/advancedseeds.com\/web\/wp-content\/uploads\/2025\/03\/femcol3.jpg","width":819,"height":1232},{"@type":"BreadcrumbList","@id":"https:\/\/advancedseeds.com\/tienda\/colecciones\/feminized-collection-3-advanced-seeds\/#breadcrumb","itemListElement":[{"@type":"ListItem","position":1,"name":"Home","item":"https:\/\/advancedseeds.com\/"},{"@type":"ListItem","position":2,"name":"Tienda","item":"https:\/\/advancedseeds.com\/"},{"@type":"ListItem","position":3,"name":"Feminized Collection #3 Advanced Seeds"}]},{"@type":"WebSite","@id":"https:\/\/advancedseeds.com\/#website","url":"https:\/\/advancedseeds.com\/","name":"Semi avanzati","description":"Genetica avanzata in semi femminizzati e automatici.","publisher":{"@id":"https:\/\/advancedseeds.com\/#organization"},"potentialAction":[{"@type":"SearchAction","target":{"@type":"EntryPoint","urlTemplate":"https:\/\/advancedseeds.com\/?s={search_term_string}"},"query-input":{"@type":"PropertyValueSpecification","valueRequired":true,"valueName":"search_term_string"}}],"inLanguage":"it-IT"},{"@type":"Organization","@id":"https:\/\/advancedseeds.com\/#organization","name":"Semi avanzati","url":"https:\/\/advancedseeds.com\/","logo":{"@type":"ImageObject","inLanguage":"it-IT","@id":"https:\/\/advancedseeds.com\/#\/schema\/logo\/image\/","url":"https:\/\/advancedseeds.com\/web\/wp-content\/uploads\/2021\/01\/logo-advanced.jpg","contentUrl":"https:\/\/advancedseeds.com\/web\/wp-content\/uploads\/2021\/01\/logo-advanced.jpg","width":600,"height":600,"caption":"Advanced Seeds"},"image":{"@id":"https:\/\/advancedseeds.com\/#\/schema\/logo\/image\/"}}]}},"_links":{"self":[{"href":"https:\/\/advancedseeds.com\/it\/wp-json\/wp\/v2\/product\/20067","targetHints":{"allow":["GET"]}}],"collection":[{"href":"https:\/\/advancedseeds.com\/it\/wp-json\/wp\/v2\/product"}],"about":[{"href":"https:\/\/advancedseeds.com\/it\/wp-json\/wp\/v2\/types\/product"}],"replies":[{"embeddable":true,"href":"https:\/\/advancedseeds.com\/it\/wp-json\/wp\/v2\/comments?post=20067"}],"wp:featuredmedia":[{"embeddable":true,"href":"https:\/\/advancedseeds.com\/it\/wp-json\/wp\/v2\/media\/20309"}],"wp:attachment":[{"href":"https:\/\/advancedseeds.com\/it\/wp-json\/wp\/v2\/media?parent=20067"}],"wp:term":[{"taxonomy":"product_brand","embeddable":true,"href":"https:\/\/advancedseeds.com\/it\/wp-json\/wp\/v2\/product_brand?post=20067"},{"taxonomy":"product_cat","embeddable":true,"href":"https:\/\/advancedseeds.com\/it\/wp-json\/wp\/v2\/product_cat?post=20067"},{"taxonomy":"product_tag","embeddable":true,"href":"https:\/\/advancedseeds.com\/it\/wp-json\/wp\/v2\/product_tag?post=20067"}],"curies":[{"name":"wp","href":"https:\/\/api.w.org\/{rel}","templated":true}]}}