{"id":20069,"date":"2025-03-11T12:58:01","date_gmt":"2025-03-11T11:58:01","guid":{"rendered":"https:\/\/advancedseeds.com\/web\/tienda\/sin%20categor\u00eda\/feminized-collection-4-advanced-seeds\/"},"modified":"2026-04-15T10:45:14","modified_gmt":"2026-04-15T09:45:14","slug":"feminized-collection-4-advanced-seeds","status":"publish","type":"product","link":"https:\/\/advancedseeds.com\/it\/tienda\/colecciones\/feminized-collection-4-advanced-seeds\/","title":{"rendered":"Collezione femminizzata #4 Advanced Seeds"},"content":{"rendered":"<h2>Jack Plant<\/h2>\n<p>THC: 20%<br \/>\nResa: 450 - 500 g<br \/>\nAltezza interna: 75 - 150 cm<br \/>\nAltezza esterna: 3,0 - 5,0 m<br \/>\nCiclo di fioritura: 60-70 giorni<br \/>\nRaccolta: 15-30 ottobre.<\/p>\n<p>Incroci di Jack Herer, per lo pi\u00f9 Sativa con un tocco di Indica per darle un sapore dolce e accorciare il periodo di fioritura. La nostra Jack Herer \u00e8 perfetta per i coltivatori alla ricerca di sativa outdoor grandi e produttive. Cime enormi ed effetto sativa. Aroma dolce grazie alla sua genetica indica. Resistente alle muffe. All'aperto pu\u00f2 raggiungere i 5 metri.<\/p>\n<p>&nbsp;<\/p>\n<p>&nbsp;<\/p>\n<h2>Kali 47<\/h2>\n<p>THC: 19%<br \/>\nResa: 450 - 550 g<br \/>\nAltezza interna: 70-90 cm<br \/>\nAltezza esterna: 2,0 - 3,0 m<br \/>\nCiclo di fioritura: 55-65 giorni<br \/>\nRaccolta: 10-20 ottobre.<\/p>\n<p>Ibrido Sativa forte e vigoroso, con un aroma squisito e un effetto forte e duraturo. Incrociando una femmina selezionata di Kali Mist, adattata al clima mediterraneo da oltre 12 anni, x AK - 47, il risultato \u00e8 una Sativa con un ciclo di fioritura breve e prestazioni pi\u00f9 che soddisfacenti. Ha un sapore molto dolce con note di caramello, il suo aroma \u00e8 fresco e fruttato.<\/p>\n<p>&nbsp;<\/p>\n<p>&nbsp;<\/p>\n<h2>OG Kush S.F.V.<\/h2>\n<p>THC: 24%<br \/>\nResa: 500 - 550 gr\/m2<br \/>\nAltezza interna: 80 - 100 cm<br \/>\nAltezza esterna: 200 - 250 cm<br \/>\nCiclo di fioritura: 60-65 giorni.<br \/>\nRaccolta: 1 - 10 ottobre.<\/p>\n<h2 class=\"western\">Qual \u00e8 la genetica di questi semi?<\/h2>\n<p>&nbsp;<\/p>\n<p>OG Kush S.F.V., un ibrido <b>prevalentemente indica<\/b>proviene dal <b>un incrocio tra l'iconica OG Kush e la leggendaria Afghani.<\/b>. Questa combinazione crea una variet\u00e0 con le caratteristiche pi\u00f9 desiderabili che qualsiasi coltivatore possa chiedere: l'aroma e il sapore intensi della OG, insieme alla forza e alla resa della Afghani. Queste genetiche la rendono una scelta versatile e potente sia per i coltivatori esperti per la sua qualit\u00e0 che per i principianti per la sua resistenza.<\/p>\n<p>&nbsp;<\/p>\n<h2 class=\"western\">Che aspetto ha OG Kush S.F.V.?<\/h2>\n<p>&nbsp;<\/p>\n<p>In termini di aspetto, la OG Kush S.F.V. \u00e8 una pianta che assomiglia pi\u00f9 a un'indica afgana. Con un <b>struttura colonnare<\/b> e la crescita verticale, si adatta perfettamente alle tecniche di coltivazione SOG. Le sue foglie sono di colore verde scuro e le cime giganti, rocciose e piene di resina diventano estremamente pesanti e compatte durante la fase finale della fioritura. Queste cime, oltre al loro aspetto attraente, sono ideali per le estrazioni grazie alla loro elevata produzione di resina, non a caso gli antenati di questi ceppi sono stati selezionati per molti anni per l'estrazione dell'hashish.<\/p>\n<p>&nbsp;<\/p>\n<h2 class=\"western\">Come si coltivano questi semi all'interno e all'esterno?<\/h2>\n<p>&nbsp;<\/p>\n<p>Nella coltivazione indoor, la OG Kush S.F.V. si adatta bene a tutti i tipi di sistemi, dando il meglio nella coltivazione senza suolo, come tutte le genetiche. Le sue dimensioni consentono una gestione efficiente dello spazio e risponde in modo eccezionale alla <b>Il metodo Sea Of Green<\/b> perch\u00e9 concentra gran parte della produzione nella gemma centrale. Durante la fase di fioritura, questa variet\u00e0 consuma una quantit\u00e0 significativa di sostanze nutritive, che si riflette nella densit\u00e0 e nella qualit\u00e0 delle sue cime. \u00c8 perfettamente adatta per 16 piante\/m2 in vasi da 7 litri, e durante la fase di prefioritura \u00e8 interessante fare una <b>Potatura del basso o del lecca-lecca<\/b> eliminare tutti i rami bassi e lasciare solo le gemme principali di ogni pianta, se possibile con qualche ramo satellite di quelli che rimangono ad una buona altezza.<\/p>\n<p>&nbsp;<\/p>\n<p>All'esterno, la OG Kush S.F.V. predilige un clima caldo e soleggiato come quello mediterraneo, dove pu\u00f2 raggiungere un'altezza impressionante. Sebbene sia resistente, richiede un'attenta cura in termini di nutrizione e protezione da parassiti e malattie, poich\u00e9 all'aperto \u00e8 esposta a molti insetti, spore fungine e agenti patogeni di ogni tipo. Se si inizia a <b>applicare i prodotti fitosanitari a partire dalla fase vegetativa<\/b> si possono risparmiare molti problemi durante la fioritura, quindi prendetene nota e non dimenticatene.<\/p>\n<h2 class=\"western\"><\/h2>\n<h2 class=\"western\">Quando viene raccolto l'OG Kush S.F.V.?<\/h2>\n<p>&nbsp;<\/p>\n<p>La scelta del periodo di raccolta \u00e8 cruciale per questa variet\u00e0, perch\u00e9 se si raccoglie troppo presto perder\u00e0 potenza, mentre se si raccoglie troppo tardi perder\u00e0 la sua grazia, perch\u00e9 l'effetto diventa pi\u00f9 narcotico e sedativo. Al chiuso, la OG Kush S.F.V. \u00e8 pronta per il raccolto dopo <b>60-65 giorni di fioritura<\/b>Si tratta di cime molto dense e resinose. All'aperto, viene raccolta idealmente tra il 1\u00b0 e il 10 ottobre nell'emisfero settentrionale. Questo periodo permette alle cime di sviluppare pienamente il loro profilo di terpeni e cannabinoidi, ottenendo un prodotto finale di alta qualit\u00e0.<\/p>\n<p>&nbsp;<\/p>\n<h2 class=\"western\">Quanto producono questi semi?<\/h2>\n<p>&nbsp;<\/p>\n<p>OG Kush S.F.V. \u00e8 noto per le sue prestazioni eccezionali. In ambienti interni, \u00e8 in grado di produrre <b>tra 500 e 550 gr\/m2<\/b>All'aperto, in condizioni ottimali, le rese possono superare i 600 grammi per pianta. Questa variet\u00e0 colpisce non solo per la quantit\u00e0 ma anche per la qualit\u00e0 delle sue cime, che sono dense, piene di resina e con un profilo di terpeni e cannabinoidi molto desiderabile.<\/p>\n<p>&nbsp;<\/p>\n<h2 class=\"western\">Com'\u00e8 l'aroma e il gusto dell'OG Kush S.F.V.?<\/h2>\n<p>&nbsp;<\/p>\n<p>L'aroma e il sapore dell'OG Kush S.F.V. sono inconfondibili e molto apprezzati. Dominato da <b>note di pino e limone<\/b>L'aroma \u00e8 molto potente e persistente nell'atmosfera, tanto da richiedere potenti filtri antiodore. Il sapore \u00e8 altrettanto complesso, con un sottotono <b>terroso <\/b>integrato da <b>Note agrumate e frizzanti<\/b>. Questa combinazione di aromi e sapori rende la OG Kush S.F.V. un'esperienza unica per qualsiasi consumatore, tanto che a un certo punto \u00e8 diventata il sapore preferito da milioni di consumatori, tra cui molti rapper che hanno persino dedicato canzoni a questa variet\u00e0.<\/p>\n<p>&nbsp;<\/p>\n<h2 class=\"western\">Che tipo di effetto ha questa marijuana?<\/h2>\n<p>&nbsp;<\/p>\n<p>L'effetto della OG Kush S.F.V. \u00e8 potente come il suo aroma. A predominanza indica, offre una <b>rilassamento profondo e duraturo del cervello e del corpo<\/b>L'alto contenuto di THC di questa variet\u00e0 \u00e8 di circa 24%. Con un alto contenuto di THC di circa 24%, questa variet\u00e0 \u00e8 ideale per chi cerca un effetto rilassante e sedativo. \u00c8 perfetta per rilassarsi dopo una lunga giornata o per alleviare tensioni e dolori.<\/p>\n<p>&nbsp;<\/p>\n<p>Comprare semi OG Kush S.F.V. al miglior prezzo online<\/p>\n<p>&nbsp;<\/p>\n<p>Non perdete l'opportunit\u00e0 di coltivare la OG Kush S.F.V. di Advanced Seeds, una variet\u00e0 che promette non solo un raccolto soddisfacente, ma anche un prodotto finale di altissima qualit\u00e0. Disponibile nel nostro negozio online, questa variet\u00e0 \u00e8 un investimento sicuro per qualsiasi coltivatore - acquistate ora e sperimentate l'eccezionalit\u00e0 della OG Kush S.F.V.!<\/p>\n<p>&nbsp;<\/p>\n<h2 class=\"western\">Domande frequenti<\/h2>\n<p>&nbsp;<\/p>\n<h3 class=\"western\">Come gestire pH ed EC nella coltivazione di OG Kush S.F.V.?<\/h3>\n<p>Un pH bilanciato tra 6,0 e 6,5 e una EC adeguata per ogni fase di crescita sono essenziali per uno sviluppo ottimale.<\/p>\n<h3 class=\"western\">Qual \u00e8 il tipo di luce migliore per la vostra coltivazione indoor?<\/h3>\n<p>Le luci LED a spettro completo sono l'ideale, in quanto forniscono l'intensit\u00e0 necessaria senza un eccesso di calore.<\/p>\n<h3 class=\"western\">Qual \u00e8 la migliore tecnica di essiccazione e stagionatura per questa variet\u00e0?<\/h3>\n<p>L'essiccazione lenta e la stagionatura prolungata in condizioni controllate di bassa temperatura e media umidit\u00e0 ne esaltano le qualit\u00e0 aromatiche e gustative.<\/p>\n<h3 class=\"western\">Come influiscono le basse temperature sulla coltivazione di OG Kush S.F.V.?<\/h3>\n<p>Temperature pi\u00f9 fresche durante la notte possono intensificare i colori dei boccioli, aggiungendo un ulteriore fascino visivo, a patto che non scendano al di sotto di circa 12\u00b0C, poich\u00e9 questo rallenta lo sviluppo delle piante.<\/p>","protected":false},"excerpt":{"rendered":"<p>2x Pianta di Jack<br \/>\n- Altezza interna: 75 - 150 cm.<br \/>\n- Fioritura: 60-70 giorni.<br \/>\n- Resa: 450 - 500 gr\/m2.<br \/>\n- Altezza esterna: 300 - 500 cm.<br \/>\n- Raccolta: 15-30 ottobre.<br \/>\n- THC: 20%<\/p>\n<p>2x Kali 47<br \/>\n- Altezza interna: 70-90 cm.<br \/>\n- Fioritura: 55-65 giorni.<br \/>\n- Resa: 450 - 550 gr\/m2.<br \/>\n- Altezza esterna: 200 - 300 cm.<br \/>\n- Raccolta: 10-20 ottobre.<br \/>\n- THC: 19%<\/p>\n<p>2x OG Kush SFV<br \/>\n- Altezza interna: 80 - 100 cm.<br \/>\n- Fioritura: 60-65 giorni.<br \/>\n- Resa: 500 - 550 gr\/m2.<br \/>\n- Altezza esterna: 200 - 250 cm.<br \/>\n- Raccolta: 01 - 10 ottobre.<br \/>\n- THC: 24%<\/p>","protected":false},"featured_media":20310,"comment_status":"open","ping_status":"closed","template":"","meta":{"_acf_changed":false},"product_brand":[],"product_cat":[71],"product_tag":[],"class_list":{"0":"post-20069","1":"product","2":"type-product","3":"status-publish","4":"has-post-thumbnail","6":"product_cat-colecciones","8":"first","9":"outofstock","10":"taxable","11":"shipping-taxable","12":"purchasable","13":"product-type-simple"},"acf":[],"yoast_head":"<!-- This site is optimized with the Yoast SEO Premium plugin v26.3 (Yoast SEO v26.6) - https:\/\/yoast.com\/wordpress\/plugins\/seo\/ -->\n<title>Feminized Collection #4 Advanced Seeds - Advanced Seeds<\/title>\n<meta name=\"robots\" content=\"index, follow, max-snippet:-1, max-image-preview:large, max-video-preview:-1\" \/>\n<link rel=\"canonical\" href=\"https:\/\/advancedseeds.com\/it\/tienda\/colecciones\/feminized-collection-4-advanced-seeds\/\" \/>\n<meta property=\"og:locale\" content=\"it_IT\" \/>\n<meta property=\"og:type\" content=\"article\" \/>\n<meta property=\"og:title\" content=\"Feminized Collection #4 Advanced Seeds\" \/>\n<meta property=\"og:description\" content=\"2x Jack Plant - Altura interior: 75 - 150 cm. - Floraci\u00f3n: 60 - 70 d\u00edas. - Producci\u00f3n: 450 - 500 gr\/m2. - Altura exterior: 300 - 500 cm. - Cosecha: 15 - 30 Oct. - THC: 20%  2x Kali 47 - Altura interior: 70 - 90 cm. - Floraci\u00f3n: 55 - 65 d\u00edas. - Producci\u00f3n: 450 - 550 gr\/m2. - Altura exterior: 200 - 300 cm. - Cosecha: 10 - 20 Oct. - THC: 19%  2x OG Kush SFV - Altura interior: 80 - 100 cm. - Floraci\u00f3n: 60 - 65 d\u00edas. - Producci\u00f3n: 500 - 550 gr\/m2. - Altura exterior: 200 - 250 cm. - Cosecha: 01 - 10 Oct. - THC: 24%\" \/>\n<meta property=\"og:url\" content=\"https:\/\/advancedseeds.com\/it\/tienda\/colecciones\/feminized-collection-4-advanced-seeds\/\" \/>\n<meta property=\"og:site_name\" content=\"Advanced Seeds\" \/>\n<meta property=\"article:modified_time\" content=\"2026-04-15T09:45:14+00:00\" \/>\n<meta property=\"og:image\" content=\"https:\/\/advancedseeds.com\/web\/wp-content\/uploads\/2025\/03\/femcol4.jpg\" \/>\n\t<meta property=\"og:image:width\" content=\"819\" \/>\n\t<meta property=\"og:image:height\" content=\"1232\" \/>\n\t<meta property=\"og:image:type\" content=\"image\/jpeg\" \/>\n<meta name=\"twitter:card\" content=\"summary_large_image\" \/>\n<meta name=\"twitter:label1\" content=\"Tempo di lettura stimato\" \/>\n\t<meta name=\"twitter:data1\" content=\"7 minuti\" \/>\n<script type=\"application\/ld+json\" class=\"yoast-schema-graph\">{\"@context\":\"https:\/\/schema.org\",\"@graph\":[{\"@type\":\"WebPage\",\"@id\":\"https:\/\/advancedseeds.com\/tienda\/colecciones\/feminized-collection-4-advanced-seeds\/\",\"url\":\"https:\/\/advancedseeds.com\/tienda\/colecciones\/feminized-collection-4-advanced-seeds\/\",\"name\":\"Feminized Collection #4 Advanced Seeds - Advanced Seeds\",\"isPartOf\":{\"@id\":\"https:\/\/advancedseeds.com\/#website\"},\"primaryImageOfPage\":{\"@id\":\"https:\/\/advancedseeds.com\/tienda\/colecciones\/feminized-collection-4-advanced-seeds\/#primaryimage\"},\"image\":{\"@id\":\"https:\/\/advancedseeds.com\/tienda\/colecciones\/feminized-collection-4-advanced-seeds\/#primaryimage\"},\"thumbnailUrl\":\"https:\/\/advancedseeds.com\/web\/wp-content\/uploads\/2025\/03\/femcol4.jpg\",\"datePublished\":\"2025-03-11T11:58:01+00:00\",\"dateModified\":\"2026-04-15T09:45:14+00:00\",\"breadcrumb\":{\"@id\":\"https:\/\/advancedseeds.com\/tienda\/colecciones\/feminized-collection-4-advanced-seeds\/#breadcrumb\"},\"inLanguage\":\"it-IT\",\"potentialAction\":[{\"@type\":\"ReadAction\",\"target\":[\"https:\/\/advancedseeds.com\/tienda\/colecciones\/feminized-collection-4-advanced-seeds\/\"]}]},{\"@type\":\"ImageObject\",\"inLanguage\":\"it-IT\",\"@id\":\"https:\/\/advancedseeds.com\/tienda\/colecciones\/feminized-collection-4-advanced-seeds\/#primaryimage\",\"url\":\"https:\/\/advancedseeds.com\/web\/wp-content\/uploads\/2025\/03\/femcol4.jpg\",\"contentUrl\":\"https:\/\/advancedseeds.com\/web\/wp-content\/uploads\/2025\/03\/femcol4.jpg\",\"width\":819,\"height\":1232},{\"@type\":\"BreadcrumbList\",\"@id\":\"https:\/\/advancedseeds.com\/tienda\/colecciones\/feminized-collection-4-advanced-seeds\/#breadcrumb\",\"itemListElement\":[{\"@type\":\"ListItem\",\"position\":1,\"name\":\"Home\",\"item\":\"https:\/\/advancedseeds.com\/\"},{\"@type\":\"ListItem\",\"position\":2,\"name\":\"Tienda\",\"item\":\"https:\/\/advancedseeds.com\/\"},{\"@type\":\"ListItem\",\"position\":3,\"name\":\"Feminized Collection #4 Advanced Seeds\"}]},{\"@type\":\"WebSite\",\"@id\":\"https:\/\/advancedseeds.com\/#website\",\"url\":\"https:\/\/advancedseeds.com\/\",\"name\":\"Advanced Seeds\",\"description\":\"Gen\u00e9ticas Avanzadas en semillas feminizadas y autom\u00e1ticas.\",\"publisher\":{\"@id\":\"https:\/\/advancedseeds.com\/#organization\"},\"potentialAction\":[{\"@type\":\"SearchAction\",\"target\":{\"@type\":\"EntryPoint\",\"urlTemplate\":\"https:\/\/advancedseeds.com\/?s={search_term_string}\"},\"query-input\":{\"@type\":\"PropertyValueSpecification\",\"valueRequired\":true,\"valueName\":\"search_term_string\"}}],\"inLanguage\":\"it-IT\"},{\"@type\":\"Organization\",\"@id\":\"https:\/\/advancedseeds.com\/#organization\",\"name\":\"Advanced Seeds\",\"url\":\"https:\/\/advancedseeds.com\/\",\"logo\":{\"@type\":\"ImageObject\",\"inLanguage\":\"it-IT\",\"@id\":\"https:\/\/advancedseeds.com\/#\/schema\/logo\/image\/\",\"url\":\"https:\/\/advancedseeds.com\/web\/wp-content\/uploads\/2021\/01\/logo-advanced.jpg\",\"contentUrl\":\"https:\/\/advancedseeds.com\/web\/wp-content\/uploads\/2021\/01\/logo-advanced.jpg\",\"width\":600,\"height\":600,\"caption\":\"Advanced Seeds\"},\"image\":{\"@id\":\"https:\/\/advancedseeds.com\/#\/schema\/logo\/image\/\"}}]}<\/script>\n<!-- \/ Yoast SEO Premium plugin. -->","yoast_head_json":{"title":"Feminized Collection #4 Advanced Seeds - Advanced Seeds","robots":{"index":"index","follow":"follow","max-snippet":"max-snippet:-1","max-image-preview":"max-image-preview:large","max-video-preview":"max-video-preview:-1"},"canonical":"https:\/\/advancedseeds.com\/it\/tienda\/colecciones\/feminized-collection-4-advanced-seeds\/","og_locale":"it_IT","og_type":"article","og_title":"Feminized Collection #4 Advanced Seeds","og_description":"2x Jack Plant - Altura interior: 75 - 150 cm. - Floraci\u00f3n: 60 - 70 d\u00edas. - Producci\u00f3n: 450 - 500 gr\/m2. - Altura exterior: 300 - 500 cm. - Cosecha: 15 - 30 Oct. - THC: 20%  2x Kali 47 - Altura interior: 70 - 90 cm. - Floraci\u00f3n: 55 - 65 d\u00edas. - Producci\u00f3n: 450 - 550 gr\/m2. - Altura exterior: 200 - 300 cm. - Cosecha: 10 - 20 Oct. - THC: 19%  2x OG Kush SFV - Altura interior: 80 - 100 cm. - Floraci\u00f3n: 60 - 65 d\u00edas. - Producci\u00f3n: 500 - 550 gr\/m2. - Altura exterior: 200 - 250 cm. - Cosecha: 01 - 10 Oct. - THC: 24%","og_url":"https:\/\/advancedseeds.com\/it\/tienda\/colecciones\/feminized-collection-4-advanced-seeds\/","og_site_name":"Advanced Seeds","article_modified_time":"2026-04-15T09:45:14+00:00","og_image":[{"width":819,"height":1232,"url":"https:\/\/advancedseeds.com\/web\/wp-content\/uploads\/2025\/03\/femcol4.jpg","type":"image\/jpeg"}],"twitter_card":"summary_large_image","twitter_misc":{"Tempo di lettura stimato":"7 minuti"},"schema":{"@context":"https:\/\/schema.org","@graph":[{"@type":"WebPage","@id":"https:\/\/advancedseeds.com\/tienda\/colecciones\/feminized-collection-4-advanced-seeds\/","url":"https:\/\/advancedseeds.com\/tienda\/colecciones\/feminized-collection-4-advanced-seeds\/","name":"Feminized Collection #4 Advanced Seeds - Advanced Seeds","isPartOf":{"@id":"https:\/\/advancedseeds.com\/#website"},"primaryImageOfPage":{"@id":"https:\/\/advancedseeds.com\/tienda\/colecciones\/feminized-collection-4-advanced-seeds\/#primaryimage"},"image":{"@id":"https:\/\/advancedseeds.com\/tienda\/colecciones\/feminized-collection-4-advanced-seeds\/#primaryimage"},"thumbnailUrl":"https:\/\/advancedseeds.com\/web\/wp-content\/uploads\/2025\/03\/femcol4.jpg","datePublished":"2025-03-11T11:58:01+00:00","dateModified":"2026-04-15T09:45:14+00:00","breadcrumb":{"@id":"https:\/\/advancedseeds.com\/tienda\/colecciones\/feminized-collection-4-advanced-seeds\/#breadcrumb"},"inLanguage":"it-IT","potentialAction":[{"@type":"ReadAction","target":["https:\/\/advancedseeds.com\/tienda\/colecciones\/feminized-collection-4-advanced-seeds\/"]}]},{"@type":"ImageObject","inLanguage":"it-IT","@id":"https:\/\/advancedseeds.com\/tienda\/colecciones\/feminized-collection-4-advanced-seeds\/#primaryimage","url":"https:\/\/advancedseeds.com\/web\/wp-content\/uploads\/2025\/03\/femcol4.jpg","contentUrl":"https:\/\/advancedseeds.com\/web\/wp-content\/uploads\/2025\/03\/femcol4.jpg","width":819,"height":1232},{"@type":"BreadcrumbList","@id":"https:\/\/advancedseeds.com\/tienda\/colecciones\/feminized-collection-4-advanced-seeds\/#breadcrumb","itemListElement":[{"@type":"ListItem","position":1,"name":"Home","item":"https:\/\/advancedseeds.com\/"},{"@type":"ListItem","position":2,"name":"Tienda","item":"https:\/\/advancedseeds.com\/"},{"@type":"ListItem","position":3,"name":"Feminized Collection #4 Advanced Seeds"}]},{"@type":"WebSite","@id":"https:\/\/advancedseeds.com\/#website","url":"https:\/\/advancedseeds.com\/","name":"Semi avanzati","description":"Genetica avanzata in semi femminizzati e automatici.","publisher":{"@id":"https:\/\/advancedseeds.com\/#organization"},"potentialAction":[{"@type":"SearchAction","target":{"@type":"EntryPoint","urlTemplate":"https:\/\/advancedseeds.com\/?s={search_term_string}"},"query-input":{"@type":"PropertyValueSpecification","valueRequired":true,"valueName":"search_term_string"}}],"inLanguage":"it-IT"},{"@type":"Organization","@id":"https:\/\/advancedseeds.com\/#organization","name":"Semi avanzati","url":"https:\/\/advancedseeds.com\/","logo":{"@type":"ImageObject","inLanguage":"it-IT","@id":"https:\/\/advancedseeds.com\/#\/schema\/logo\/image\/","url":"https:\/\/advancedseeds.com\/web\/wp-content\/uploads\/2021\/01\/logo-advanced.jpg","contentUrl":"https:\/\/advancedseeds.com\/web\/wp-content\/uploads\/2021\/01\/logo-advanced.jpg","width":600,"height":600,"caption":"Advanced Seeds"},"image":{"@id":"https:\/\/advancedseeds.com\/#\/schema\/logo\/image\/"}}]}},"_links":{"self":[{"href":"https:\/\/advancedseeds.com\/it\/wp-json\/wp\/v2\/product\/20069","targetHints":{"allow":["GET"]}}],"collection":[{"href":"https:\/\/advancedseeds.com\/it\/wp-json\/wp\/v2\/product"}],"about":[{"href":"https:\/\/advancedseeds.com\/it\/wp-json\/wp\/v2\/types\/product"}],"replies":[{"embeddable":true,"href":"https:\/\/advancedseeds.com\/it\/wp-json\/wp\/v2\/comments?post=20069"}],"wp:featuredmedia":[{"embeddable":true,"href":"https:\/\/advancedseeds.com\/it\/wp-json\/wp\/v2\/media\/20310"}],"wp:attachment":[{"href":"https:\/\/advancedseeds.com\/it\/wp-json\/wp\/v2\/media?parent=20069"}],"wp:term":[{"taxonomy":"product_brand","embeddable":true,"href":"https:\/\/advancedseeds.com\/it\/wp-json\/wp\/v2\/product_brand?post=20069"},{"taxonomy":"product_cat","embeddable":true,"href":"https:\/\/advancedseeds.com\/it\/wp-json\/wp\/v2\/product_cat?post=20069"},{"taxonomy":"product_tag","embeddable":true,"href":"https:\/\/advancedseeds.com\/it\/wp-json\/wp\/v2\/product_tag?post=20069"}],"curies":[{"name":"wp","href":"https:\/\/api.w.org\/{rel}","templated":true}]}}