{"id":20075,"date":"2025-03-11T12:58:02","date_gmt":"2025-03-11T11:58:02","guid":{"rendered":"https:\/\/advancedseeds.com\/web\/tienda\/sin%20categor\u00eda\/feminized-collection-7-advanced-seeds\/"},"modified":"2026-04-23T10:45:35","modified_gmt":"2026-04-23T09:45:35","slug":"feminized-collection-7-advanced-seeds","status":"publish","type":"product","link":"https:\/\/advancedseeds.com\/it\/tienda\/colecciones\/feminized-collection-7-advanced-seeds\/","title":{"rendered":"Collezione femminizzata #7 Advanced Seeds"},"content":{"rendered":"<h2>Torta di ciliegie<\/h2>\n<p>THC: 22%<\/p>\n<p>Resa: 500 - 600 g<\/p>\n<p>Altezza interna: 80 - 100 cm<\/p>\n<p>Altezza esterna: 2,0 - 2,5 m<\/p>\n<p>Ciclo di fioritura: 55-65 giorni<\/p>\n<p>Raccolta: 20-30 settembre.<\/p>\n<p>Grandaddy Purple x Durban Poison. Ibrido a predominanza Indica. Cime spesse con tonalit\u00e0 viola e ricche di tricomi. Aroma fruttato.<\/p>\n<p>&nbsp;<\/p>\n<p>&nbsp;<\/p>\n<h2>Slurricane<\/h2>\n<p>THC: 28%<br \/>\nResa: 500 - 550 g<br \/>\nAltezza interna: 70-90 cm<br \/>\nAltezza esterna: 1,8 - 2,5 m<br \/>\nCiclo di fioritura: 55-60 giorni<br \/>\nRaccolta: 1 - 10 ottobre.<\/p>\n<h2 class=\"western\">Qual \u00e8 la genetica di questi semi?<\/h2>\n<p>&nbsp;<\/p>\n<p>La Slurricane, un ibrido a dominanza indica, \u00e8 il risultato di una meticolosa selezione. <b>incrocio tra Do-Si-Dos e Purple Punch<\/b>. Queste genetiche accuratamente selezionate combinano la robustezza e la potenza della Do-Si-Dos con la dolcezza e i sapori di bacche della Purple Punch. Questa combinazione crea una pianta unica, non solo in termini di potenza e sapore, ma anche per la sua stabilit\u00e0 genetica. Questo incrocio \u00e8 una dimostrazione di come due variet\u00e0 iconiche possano fondersi per creare qualcosa di veramente eccezionale.<\/p>\n<p>&nbsp;<\/p>\n<h2 class=\"western\">Che aspetto ha Slurricane?<\/h2>\n<p>&nbsp;<\/p>\n<p>La Slurricane si distingue per la sua estetica impressionante: una pianta di medie dimensioni con una struttura solida e compatta, tipica delle variet\u00e0 Indica. I suoi steli sono spessi e robusti, in grado di sostenere il peso di cime straordinariamente dense e resinose. Queste cime, una volta maturate, possono mostrare uno spettacolo di colori, con <b>tonalit\u00e0 che variano dal verde scuro al viola intenso<\/b>una vera e propria delizia visiva. La produzione di resina \u00e8 notevole e lascia le cime lucide e appiccicose, perfette per estrazioni di alta qualit\u00e0.<\/p>\n<p>&nbsp;<\/p>\n<h2 class=\"western\">Come si coltivano questi semi all'interno e all'esterno?<\/h2>\n<p>&nbsp;<\/p>\n<p>Al chiuso, la Slurricane dimostra la sua versatilit\u00e0 come poche altre. Si adatta a diverse tecniche di coltivazione, come <b>SOG e SCROG<\/b>Questa variet\u00e0 permette al coltivatore di massimizzare lo spazio e la produzione. Se volete finire il prima possibile e lavorare il meno possibile, mettete 16 piante\/m2 in vasi da 7 litri, con 3 settimane di crescita e poi in fioritura applicate il metodo SOG. Se invece non vi dispiace impiegare pi\u00f9 tempo e preferite coltivare meno piante, mettete 9 piante\/m2 in vasi da 11 litri e date loro circa 5 settimane di crescita vegetativa; in questo lasso di tempo potete approfittarne per eseguire una potatura FIM all'apice principale e poi ai rami secondari.<\/p>\n<p>&nbsp;<\/p>\n<p>Quando viene coltivata all'aperto, la Slurricane mostra colori strabilianti, soprattutto nelle regioni pi\u00f9 fredde. Con la capacit\u00e0 di raggiungere altezze impressionanti, questa pianta ama il sole diretto, sviluppando un fogliame lussureggiante e cime ancora pi\u00f9 grandi e resinose rispetto alle coltivazioni indoor. \u00c8 resistente ai cambiamenti climatici, anche se preferisce i climi caldi e soleggiati. All'esterno, trae grande beneficio dalle tecniche di potatura e di formazione per favorire una maggiore esposizione alla luce solare e una migliore circolazione dell'aria. La sua resistenza a parassiti e malattie la rende una scelta affidabile per i coltivatori outdoor.<\/p>\n<p>&nbsp;<\/p>\n<h2 class=\"western\">Quando viene raccolto l'Slurricane?<\/h2>\n<p>&nbsp;<\/p>\n<p>Il tempo di fioritura della Slurricane in interno \u00e8 circa. <b>55-60 giorni<\/b>. All'aperto, i coltivatori possono aspettarsi di raccogliere nella prima met\u00e0 di ottobre nell'emisfero settentrionale e all'inizio di aprile nell'emisfero meridionale. Questa finestra di raccolta \u00e8 fondamentale per cogliere il profilo completo dei cannabinoidi e dei terpeni. Un raccolto tardivo pu\u00f2 intensificare gli effetti e i sapori, mentre un raccolto precoce pu\u00f2 offrire un effetto pi\u00f9 leggero e cerebrale.<\/p>\n<p>&nbsp;<\/p>\n<h2 class=\"western\">Quanto producono questi semi?<\/h2>\n<p>&nbsp;<\/p>\n<p>La Slurricane \u00e8 un vero campione in termini di produzione. Al chiuso, i rendimenti possono facilmente arrivare a <b>550 g\/m\u00b2.<\/b>All'aperto, ogni pianta pu\u00f2 produrre da 700 a oltre 1000 grammi in condizioni ideali. Questa abbondante produzione non compromette la qualit\u00e0: le cime sono ricche di THC e offrono una gamma aromatica varia e attraente.<\/p>\n<h2 class=\"western\"><\/h2>\n<h2 class=\"western\">Com'\u00e8 l'aroma e il gusto dell'Slurricane?<\/h2>\n<p>&nbsp;<\/p>\n<p>L'odore della Slurricane \u00e8 complesso e inebriante. Predominano gli aromi dolci e fruttati, con <b>note evidenti di uva, bacche e altri frutti di bosco<\/b>. Questa tavolozza di sapori \u00e8 dovuta in gran parte al suo genitore Purple Punch. All'inspirazione, i sapori sono intensi e avvolgenti, mentre all'espirazione lasciano un retrogusto dolce e persistente sul palato. Il bouquet dell'Slurricane \u00e8 una vera delizia per i sensi, infatti \u00e8 diventato uno degli aromi preferiti da molti consumatori.<\/p>\n<p>&nbsp;<\/p>\n<h2 class=\"western\">Che tipo di effetto ha questa marijuana?<\/h2>\n<p>&nbsp;<\/p>\n<p>L'effetto di Slurricane \u00e8 <b>potente e abbastanza fisico<\/b>grazie al suo alto contenuto di THC. \u00c8 ideale per rilassarsi dopo una lunga giornata di duro lavoro, fornendo un senso di calma e benessere. Nonostante la sua potenza, non \u00e8 travolgente dal punto di vista cerebrale, offrendo un viaggio piacevole ed equilibrato. I suoi effetti terapeutici sono notevoli, essendo una scelta eccellente per alleviare lo stress, il dolore e aiutare a combattere l'insonnia.<\/p>\n<p>&nbsp;<\/p>\n<p>Acquista i semi femminilizzati di Slurricane al miglior prezzo online su Advanced Seeds.<\/p>\n<p>&nbsp;<\/p>\n<p>Volete provare la potenza e il sapore della Slurricane? Non cercate oltre e ordinate subito i vostri semi al miglior prezzo online - preparatevi per una coltivazione eccezionale e un'esperienza indimenticabile!<\/p>\n<p>&nbsp;<\/p>\n<h2 class=\"western\">Domande frequenti<\/h2>\n<h3 class=\"western\"><\/h3>\n<h3 class=\"western\">L'Slurricane \u00e8 consigliato per le estrazioni?<\/h3>\n<p>La sua elevata produzione di resina e il suo profilo terpenico la rendono ideale per la produzione di concentrati di alta qualit\u00e0, con rendimenti superiori a 25% e un'impressionante concentrazione di composti aromatici e cannabinoidi.<\/p>\n<p>&nbsp;<\/p>\n<h3 class=\"western\">Quali sono i requisiti di illuminazione per l'Slurricane indoor?<\/h3>\n<p>Una luce LED a spettro completo, la tecnologia LEC o HPS ad alta intensit\u00e0 sono ideali per massimizzare la crescita e la produzione di resina.<\/p>\n<h3 class=\"western\"><\/h3>\n<h3 class=\"western\">La Slurricane \u00e8 una buona scelta per i coltivatori alle prime armi?<\/h3>\n<p>S\u00ec, grazie alla sua robustezza e adattabilit\u00e0, \u00e8 una scelta eccellente per chi inizia a coltivare cannabis.<\/p>\n<p>&nbsp;<\/p>\n<h3 class=\"western\">Come influisce il tempo su Slurricane all'aperto?<\/h3>\n<p>La Slurricane si adatta bene a diversi climi, ma preferisce condizioni soleggiate e calde. Nei climi pi\u00f9 freddi pu\u00f2 richiedere una protezione aggiuntiva.<\/p>\n<p>&nbsp;<\/p>\n<h3 class=\"western\">Quali sono i benefici terapeutici dell'Slurricane?<\/h3>\n<p>I suoi alti livelli di THC la rendono efficace nell'alleviare il dolore, l'ansia e l'insonnia, oltre a fornire un effetto rilassante e calmante.<\/p>\n<p>&nbsp;<\/p>\n<p>&nbsp;<\/p>\n<h2>Fragola e banana<\/h2>\n<p>THC: 22%<br \/>\nResa: 500 - 550 g<br \/>\nAltezza interna: 80 - 100 cm<br \/>\nAltezza esterna: 2,0 - 2,5 m<br \/>\nCiclo di fioritura: 55-60 giorni<br \/>\nRaccolta: 1 - 10 ottobre.<\/p>\n<h2 class=\"western\">Qual \u00e8 la genetica di questi semi?<\/h2>\n<p>&nbsp;<\/p>\n<p>La Strawberry Banana non \u00e8 una variet\u00e0 qualsiasi, ma il risultato di una meticolosa selezione genetica. Il <b>incrocio tra la dolce Bubble Gum e l'esotica Banana OG<\/b> ha dato vita a una variet\u00e0 a predominanza indica. Questo ibrido eredita la robustezza e la produzione di resina della Bubble Gum, mentre la Banana OG apporta un sapore inconfondibile e un'elevata potenza. Insieme, questi ceppi hanno creato un genotipo unico che bilancia perfettamente il sapore con la potenza, rendendo la Strawberry Banana una scelta ideale per i consumatori di cannabis sia a scopo ricreativo che terapeutico.<\/p>\n<p>&nbsp;<\/p>\n<h2 class=\"western\">Che aspetto ha Strawberry Banana?<\/h2>\n<p>&nbsp;<\/p>\n<p>Con una statura medio-alta, questa pianta mostra una grande ramificazione, che facilita una produzione abbondante di <b>gemme di medie dimensioni ma dure come palline da golf<\/b>. Le sue foglie, di un verde medio intenso e di grande luminosit\u00e0 quando sono sane, contrastano con i boccioli allungati e resinosi dai bagliori vivaci, che durante la fioritura assumono anche <b>toni rossastri e dorati<\/b>. Questa variet\u00e0 non \u00e8 solo un piacere per il palato, ma anche una delizia visiva in qualsiasi giardino.<\/p>\n<p>&nbsp;<\/p>\n<h2 class=\"western\">Come si coltivano questi semi all'interno e all'esterno?<\/h2>\n<p>&nbsp;<\/p>\n<p>Al chiuso, la Strawberry Banana si adatta in modo eccellente a tutti i tipi di spazi, crescendo piuttosto compatta e abbastanza gestibile. Se avete problemi di altezza nella vostra coltivazione, per la Strawberry Banana non \u00e8 un problema, perch\u00e9 questa variet\u00e0 raggiunge altezze di 80-100 cm. Il suo periodo di fioritura \u00e8 molto breve, ma non lesina sulla produzione. Con <b>tecniche come lo SCRoG o il supercropping<\/b>La Strawberry Banana \u00e8 una variet\u00e0 molto versatile, che permette ai coltivatori di massimizzare lo spazio e ottenere rese pi\u00f9 elevate. La Strawberry Banana \u00e8 una variet\u00e0 che risponde bene a diversi stili di coltivazione, offrendo flessibilit\u00e0 e adattabilit\u00e0.<\/p>\n<p>&nbsp;<\/p>\n<p>All'esterno, la Strawberry Banana pu\u00f2 raggiungere un'altezza di 250 cm o addirittura superiore se le condizioni sono favorevoli. \u00c8 <b>resistente ai parassiti e alle diverse condizioni ambientali<\/b>Questo la rende ideale per i coltivatori di tutti i livelli. La sua capacit\u00e0 di produrre grandi quantit\u00e0 di cime resinose in tempi relativamente brevi la rende una scelta eccellente per chi cerca un raccolto generoso e di alta qualit\u00e0 nel minor tempo possibile. Sia all'interno che all'esterno, si consiglia di nutrire queste piante con<a href=\"https:\/\/advancedseeds.com\/web\/categoria-producto\/nutrientes-recomendados\/\"> fertilizzanti specifici per la cannabis<\/a> come quelli del marchio <b>Cannotecnia<\/b>.<\/p>\n<p>&nbsp;<\/p>\n<h2 class=\"western\">Quando viene raccolto l'Strawberry Banana?<\/h2>\n<p>&nbsp;<\/p>\n<p>Al chiuso, i coltivatori possono aspettarsi di raccogliere i loro frutti dopo un ciclo di fioritura di <b>Da 55 a 60 giorni<\/b>. All'aperto, il raccolto \u00e8 solitamente pronto tra il 1\u00b0 e il 10 ottobre nell'emisfero settentrionale, a seconda delle condizioni climatiche specifiche. Nell'emisfero meridionale la raccolta all'aperto avviene all'inizio di aprile.<\/p>\n<p>&nbsp;<\/p>\n<h2 class=\"western\">Quanto producono questi semi?<\/h2>\n<p>&nbsp;<\/p>\n<p>La Strawberry Banana \u00e8 nota non solo per il suo gusto e i suoi effetti, ma anche per le sue impressionanti rese. In ambienti chiusi, questa variet\u00e0 pu\u00f2 fornire fino a <b>550 g\/m2<\/b>All'aperto, le piante mature sono in grado di produrre grandi quantit\u00e0 di cime che possono pesare oltre 800 grammi a secco.<\/p>\n<p>&nbsp;<\/p>\n<h2 class=\"western\">Com'\u00e8 l'aroma e il gusto dell'Strawberry Banana?<\/h2>\n<p>&nbsp;<\/p>\n<p>Dal nostro punto di vista questa \u00e8 la caratteristica pi\u00f9 rilevante, tanto da dare il nome a questa variet\u00e0. Il <b>combinazione di fragola acida e banana<\/b> crea un gusto dolce e delizioso, con persistenti note acide che deliziano il palato. Ogni boccata \u00e8 una miscela di sapori fruttati ed esotici, che rendono la Strawberry Banana una variet\u00e0 indimenticabile dal momento in cui la si prova.<\/p>\n<p>&nbsp;<\/p>\n<h2 class=\"western\">Che tipo di effetto ha questa marijuana?<\/h2>\n<p>&nbsp;<\/p>\n<p>Con un livello di THC di 22%, l'effetto della Strawberry Banana \u00e8 tanto potente quanto piacevole e duraturo. Questa variet\u00e0 offre un <b>esperienza combinata rilassante ed euforica<\/b>, <b>molto stimolante e motivante<\/b>. Il suo equilibrio tra effetti fisici e mentali la rende una scelta eccellente sia per l'uso ricreativo che terapeutico.<\/p>\n<p>&nbsp;<\/p>\n<p>Acquistare semi femminilizzati Strawberry Banana al miglior prezzo online<\/p>\n<p>&nbsp;<\/p>\n<p>Se siete alla ricerca di una variet\u00e0 con un tipo di gusto ed effetto unici, Strawberry Banana di Advanced Seeds \u00e8 la scelta migliore senza alcun dubbio. Disponibile ora al miglior prezzo nel nostro negozio online, approfittate delle nostre offerte e promozioni per ottenere questa variet\u00e0 eccezionale.<\/p>\n<p>&nbsp;<\/p>\n<h2 class=\"western\">Domande frequenti<\/h2>\n<p>&nbsp;<\/p>\n<h3 class=\"western\">L'Strawberry Banana \u00e8 adatto a tecniche di coltivazione avanzate?<\/h3>\n<p>S\u00ec, risponde molto bene a tecniche come SCROG, LST (Low Stress Training), supercropping e main-lining per migliorare le sue prestazioni.<\/p>\n<p>&nbsp;<\/p>\n<h3 class=\"western\">Che tipo di effetto medicinale ha Strawberry Banana?<\/h3>\n<p>L'elevato contenuto di THC la rende ideale per alleviare il dolore, ridurre lo stress e migliorare il sonno.<\/p>\n<p>&nbsp;<\/p>\n<h3 class=\"western\">L'Strawberry Banana \u00e8 resistente alle fluttuazioni di temperatura?<\/h3>\n<p>Sebbene sia abbastanza resistente, beneficia di un ambiente stabile per una crescita ottimale.<\/p>\n<p>&nbsp;<\/p>\n<h3 class=\"western\">Quali sono i migliori concimi per la Strawberry Banana?<\/h3>\n<p>Concimi specifici per piante di marijuana come quelli di Cannotecnia, con molto azoto per la fase vegetativa per favorire un rapido sviluppo, e ricchi di potassio e fosforo durante la fioritura perch\u00e9 favoriscono la produzione di cime e resina.<\/p>\n<p>&nbsp;<\/p>\n<h3 class=\"western\">Qual \u00e8 il tipo di substrato migliore per l'Strawberry Banana?<\/h3>\n<p>Un substrato ben aerato e leggero \u00e8 ideale per lo sviluppo delle radici e la crescita generale.<\/p>\n<p>&nbsp;<\/p>\n<h3 class=\"western\">Come massimizzare la produzione di Strawberry Banana all'aperto?<\/h3>\n<p>Garantire spazio sufficiente, luce solare diretta e protezione dai parassiti pu\u00f2 massimizzare la resa e la qualit\u00e0.<\/p>","protected":false},"excerpt":{"rendered":"<p>2x Cherry Pie<br \/>\n- Altezza interna: 80 - 100 cm.<br \/>\n- Fioritura: 55-65 giorni.<br \/>\n- Resa: 500 - 600 gr\/m2.<br \/>\n- Altezza esterna: 200 - 250 cm.<br \/>\n- Raccolta: 20-30 settembre.<br \/>\n- THC: 22%<\/p>\n<p>2x Slurricane<br \/>\n- Altezza interna: 70-90 cm.<br \/>\n- Fioritura: 55-60 giorni.<br \/>\n- Resa: 500 - 550 gr\/m2.<br \/>\n- Altezza esterna: 180 - 250 cm.<br \/>\n- Raccolta: 01 - 10 ottobre.<br \/>\n- THC: 28%<\/p>\n<p>2x Strawberry Banana<br \/>\n- Altezza interna: 80 - 100 cm.<br \/>\n- Fioritura: 55-60 giorni.<br \/>\n- Resa: 500 - 550 gr\/m2.<br \/>\n- Altezza esterna: 200 - 250 cm.<br \/>\n- Raccolta: 01 - 10 ottobre.<br \/>\n- THC: 22%<\/p>","protected":false},"featured_media":20313,"comment_status":"open","ping_status":"closed","template":"","meta":{"_acf_changed":false},"product_brand":[],"product_cat":[71],"product_tag":[],"class_list":{"0":"post-20075","1":"product","2":"type-product","3":"status-publish","4":"has-post-thumbnail","6":"product_cat-colecciones","8":"first","9":"instock","10":"taxable","11":"shipping-taxable","12":"purchasable","13":"product-type-simple"},"acf":[],"yoast_head":"<!-- This site is optimized with the Yoast SEO Premium plugin v26.3 (Yoast SEO v26.6) - https:\/\/yoast.com\/wordpress\/plugins\/seo\/ -->\n<title>Feminized Collection #7 Advanced Seeds - Advanced Seeds<\/title>\n<meta name=\"robots\" content=\"index, follow, max-snippet:-1, max-image-preview:large, max-video-preview:-1\" \/>\n<link rel=\"canonical\" href=\"https:\/\/advancedseeds.com\/it\/tienda\/colecciones\/feminized-collection-7-advanced-seeds\/\" \/>\n<meta property=\"og:locale\" content=\"it_IT\" \/>\n<meta property=\"og:type\" content=\"article\" \/>\n<meta property=\"og:title\" content=\"Feminized Collection #7 Advanced Seeds\" \/>\n<meta property=\"og:description\" content=\"2x Cherry Pie - Altura interior: 80 - 100 cm. - Floraci\u00f3n: 55 - 65 d\u00edas. - Producci\u00f3n: 500 - 600 gr\/m2. - Altura exterior: 200 - 250 cm. - Cosecha: 20 - 30 Sept. - THC: 22%  2x Slurricane - Altura interior: 70 - 90 cm. - Floraci\u00f3n: 55 - 60 d\u00edas. - Producci\u00f3n: 500 - 550 gr\/m2. - Altura exterior: 180 - 250 cm. - Cosecha: 01 - 10 Oct. - THC: 28%  2x Strawberry Banana - Altura interior: 80 - 100 cm. - Floraci\u00f3n: 55 - 60 d\u00edas. - Producci\u00f3n: 500 - 550 gr\/m2. - Altura exterior: 200 - 250 cm. - Cosecha: 01 - 10 Oct. - THC: 22%\" \/>\n<meta property=\"og:url\" content=\"https:\/\/advancedseeds.com\/it\/tienda\/colecciones\/feminized-collection-7-advanced-seeds\/\" \/>\n<meta property=\"og:site_name\" content=\"Advanced Seeds\" \/>\n<meta property=\"article:modified_time\" content=\"2026-04-23T09:45:35+00:00\" \/>\n<meta property=\"og:image\" content=\"https:\/\/advancedseeds.com\/web\/wp-content\/uploads\/2025\/03\/femcol7.jpg\" \/>\n\t<meta property=\"og:image:width\" content=\"819\" \/>\n\t<meta property=\"og:image:height\" content=\"1232\" \/>\n\t<meta property=\"og:image:type\" content=\"image\/jpeg\" \/>\n<meta name=\"twitter:card\" content=\"summary_large_image\" \/>\n<meta name=\"twitter:label1\" content=\"Tempo di lettura stimato\" \/>\n\t<meta name=\"twitter:data1\" content=\"10 minuti\" \/>\n<script type=\"application\/ld+json\" class=\"yoast-schema-graph\">{\"@context\":\"https:\/\/schema.org\",\"@graph\":[{\"@type\":\"WebPage\",\"@id\":\"https:\/\/advancedseeds.com\/tienda\/colecciones\/feminized-collection-7-advanced-seeds\/\",\"url\":\"https:\/\/advancedseeds.com\/tienda\/colecciones\/feminized-collection-7-advanced-seeds\/\",\"name\":\"Feminized Collection #7 Advanced Seeds - Advanced Seeds\",\"isPartOf\":{\"@id\":\"https:\/\/advancedseeds.com\/#website\"},\"primaryImageOfPage\":{\"@id\":\"https:\/\/advancedseeds.com\/tienda\/colecciones\/feminized-collection-7-advanced-seeds\/#primaryimage\"},\"image\":{\"@id\":\"https:\/\/advancedseeds.com\/tienda\/colecciones\/feminized-collection-7-advanced-seeds\/#primaryimage\"},\"thumbnailUrl\":\"https:\/\/advancedseeds.com\/web\/wp-content\/uploads\/2025\/03\/femcol7.jpg\",\"datePublished\":\"2025-03-11T11:58:02+00:00\",\"dateModified\":\"2026-04-23T09:45:35+00:00\",\"breadcrumb\":{\"@id\":\"https:\/\/advancedseeds.com\/tienda\/colecciones\/feminized-collection-7-advanced-seeds\/#breadcrumb\"},\"inLanguage\":\"it-IT\",\"potentialAction\":[{\"@type\":\"ReadAction\",\"target\":[\"https:\/\/advancedseeds.com\/tienda\/colecciones\/feminized-collection-7-advanced-seeds\/\"]}]},{\"@type\":\"ImageObject\",\"inLanguage\":\"it-IT\",\"@id\":\"https:\/\/advancedseeds.com\/tienda\/colecciones\/feminized-collection-7-advanced-seeds\/#primaryimage\",\"url\":\"https:\/\/advancedseeds.com\/web\/wp-content\/uploads\/2025\/03\/femcol7.jpg\",\"contentUrl\":\"https:\/\/advancedseeds.com\/web\/wp-content\/uploads\/2025\/03\/femcol7.jpg\",\"width\":819,\"height\":1232},{\"@type\":\"BreadcrumbList\",\"@id\":\"https:\/\/advancedseeds.com\/tienda\/colecciones\/feminized-collection-7-advanced-seeds\/#breadcrumb\",\"itemListElement\":[{\"@type\":\"ListItem\",\"position\":1,\"name\":\"Home\",\"item\":\"https:\/\/advancedseeds.com\/\"},{\"@type\":\"ListItem\",\"position\":2,\"name\":\"Tienda\",\"item\":\"https:\/\/advancedseeds.com\/\"},{\"@type\":\"ListItem\",\"position\":3,\"name\":\"Feminized Collection #7 Advanced Seeds\"}]},{\"@type\":\"WebSite\",\"@id\":\"https:\/\/advancedseeds.com\/#website\",\"url\":\"https:\/\/advancedseeds.com\/\",\"name\":\"Advanced Seeds\",\"description\":\"Gen\u00e9ticas Avanzadas en semillas feminizadas y autom\u00e1ticas.\",\"publisher\":{\"@id\":\"https:\/\/advancedseeds.com\/#organization\"},\"potentialAction\":[{\"@type\":\"SearchAction\",\"target\":{\"@type\":\"EntryPoint\",\"urlTemplate\":\"https:\/\/advancedseeds.com\/?s={search_term_string}\"},\"query-input\":{\"@type\":\"PropertyValueSpecification\",\"valueRequired\":true,\"valueName\":\"search_term_string\"}}],\"inLanguage\":\"it-IT\"},{\"@type\":\"Organization\",\"@id\":\"https:\/\/advancedseeds.com\/#organization\",\"name\":\"Advanced Seeds\",\"url\":\"https:\/\/advancedseeds.com\/\",\"logo\":{\"@type\":\"ImageObject\",\"inLanguage\":\"it-IT\",\"@id\":\"https:\/\/advancedseeds.com\/#\/schema\/logo\/image\/\",\"url\":\"https:\/\/advancedseeds.com\/web\/wp-content\/uploads\/2021\/01\/logo-advanced.jpg\",\"contentUrl\":\"https:\/\/advancedseeds.com\/web\/wp-content\/uploads\/2021\/01\/logo-advanced.jpg\",\"width\":600,\"height\":600,\"caption\":\"Advanced Seeds\"},\"image\":{\"@id\":\"https:\/\/advancedseeds.com\/#\/schema\/logo\/image\/\"}}]}<\/script>\n<!-- \/ Yoast SEO Premium plugin. -->","yoast_head_json":{"title":"Feminized Collection #7 Advanced Seeds - Advanced Seeds","robots":{"index":"index","follow":"follow","max-snippet":"max-snippet:-1","max-image-preview":"max-image-preview:large","max-video-preview":"max-video-preview:-1"},"canonical":"https:\/\/advancedseeds.com\/it\/tienda\/colecciones\/feminized-collection-7-advanced-seeds\/","og_locale":"it_IT","og_type":"article","og_title":"Feminized Collection #7 Advanced Seeds","og_description":"2x Cherry Pie - Altura interior: 80 - 100 cm. - Floraci\u00f3n: 55 - 65 d\u00edas. - Producci\u00f3n: 500 - 600 gr\/m2. - Altura exterior: 200 - 250 cm. - Cosecha: 20 - 30 Sept. - THC: 22%  2x Slurricane - Altura interior: 70 - 90 cm. - Floraci\u00f3n: 55 - 60 d\u00edas. - Producci\u00f3n: 500 - 550 gr\/m2. - Altura exterior: 180 - 250 cm. - Cosecha: 01 - 10 Oct. - THC: 28%  2x Strawberry Banana - Altura interior: 80 - 100 cm. - Floraci\u00f3n: 55 - 60 d\u00edas. - Producci\u00f3n: 500 - 550 gr\/m2. - Altura exterior: 200 - 250 cm. - Cosecha: 01 - 10 Oct. - THC: 22%","og_url":"https:\/\/advancedseeds.com\/it\/tienda\/colecciones\/feminized-collection-7-advanced-seeds\/","og_site_name":"Advanced Seeds","article_modified_time":"2026-04-23T09:45:35+00:00","og_image":[{"width":819,"height":1232,"url":"https:\/\/advancedseeds.com\/web\/wp-content\/uploads\/2025\/03\/femcol7.jpg","type":"image\/jpeg"}],"twitter_card":"summary_large_image","twitter_misc":{"Tempo di lettura stimato":"10 minuti"},"schema":{"@context":"https:\/\/schema.org","@graph":[{"@type":"WebPage","@id":"https:\/\/advancedseeds.com\/tienda\/colecciones\/feminized-collection-7-advanced-seeds\/","url":"https:\/\/advancedseeds.com\/tienda\/colecciones\/feminized-collection-7-advanced-seeds\/","name":"Feminized Collection #7 Advanced Seeds - Advanced Seeds","isPartOf":{"@id":"https:\/\/advancedseeds.com\/#website"},"primaryImageOfPage":{"@id":"https:\/\/advancedseeds.com\/tienda\/colecciones\/feminized-collection-7-advanced-seeds\/#primaryimage"},"image":{"@id":"https:\/\/advancedseeds.com\/tienda\/colecciones\/feminized-collection-7-advanced-seeds\/#primaryimage"},"thumbnailUrl":"https:\/\/advancedseeds.com\/web\/wp-content\/uploads\/2025\/03\/femcol7.jpg","datePublished":"2025-03-11T11:58:02+00:00","dateModified":"2026-04-23T09:45:35+00:00","breadcrumb":{"@id":"https:\/\/advancedseeds.com\/tienda\/colecciones\/feminized-collection-7-advanced-seeds\/#breadcrumb"},"inLanguage":"it-IT","potentialAction":[{"@type":"ReadAction","target":["https:\/\/advancedseeds.com\/tienda\/colecciones\/feminized-collection-7-advanced-seeds\/"]}]},{"@type":"ImageObject","inLanguage":"it-IT","@id":"https:\/\/advancedseeds.com\/tienda\/colecciones\/feminized-collection-7-advanced-seeds\/#primaryimage","url":"https:\/\/advancedseeds.com\/web\/wp-content\/uploads\/2025\/03\/femcol7.jpg","contentUrl":"https:\/\/advancedseeds.com\/web\/wp-content\/uploads\/2025\/03\/femcol7.jpg","width":819,"height":1232},{"@type":"BreadcrumbList","@id":"https:\/\/advancedseeds.com\/tienda\/colecciones\/feminized-collection-7-advanced-seeds\/#breadcrumb","itemListElement":[{"@type":"ListItem","position":1,"name":"Home","item":"https:\/\/advancedseeds.com\/"},{"@type":"ListItem","position":2,"name":"Tienda","item":"https:\/\/advancedseeds.com\/"},{"@type":"ListItem","position":3,"name":"Feminized Collection #7 Advanced Seeds"}]},{"@type":"WebSite","@id":"https:\/\/advancedseeds.com\/#website","url":"https:\/\/advancedseeds.com\/","name":"Semi avanzati","description":"Genetica avanzata in semi femminizzati e automatici.","publisher":{"@id":"https:\/\/advancedseeds.com\/#organization"},"potentialAction":[{"@type":"SearchAction","target":{"@type":"EntryPoint","urlTemplate":"https:\/\/advancedseeds.com\/?s={search_term_string}"},"query-input":{"@type":"PropertyValueSpecification","valueRequired":true,"valueName":"search_term_string"}}],"inLanguage":"it-IT"},{"@type":"Organization","@id":"https:\/\/advancedseeds.com\/#organization","name":"Semi avanzati","url":"https:\/\/advancedseeds.com\/","logo":{"@type":"ImageObject","inLanguage":"it-IT","@id":"https:\/\/advancedseeds.com\/#\/schema\/logo\/image\/","url":"https:\/\/advancedseeds.com\/web\/wp-content\/uploads\/2021\/01\/logo-advanced.jpg","contentUrl":"https:\/\/advancedseeds.com\/web\/wp-content\/uploads\/2021\/01\/logo-advanced.jpg","width":600,"height":600,"caption":"Advanced Seeds"},"image":{"@id":"https:\/\/advancedseeds.com\/#\/schema\/logo\/image\/"}}]}},"_links":{"self":[{"href":"https:\/\/advancedseeds.com\/it\/wp-json\/wp\/v2\/product\/20075","targetHints":{"allow":["GET"]}}],"collection":[{"href":"https:\/\/advancedseeds.com\/it\/wp-json\/wp\/v2\/product"}],"about":[{"href":"https:\/\/advancedseeds.com\/it\/wp-json\/wp\/v2\/types\/product"}],"replies":[{"embeddable":true,"href":"https:\/\/advancedseeds.com\/it\/wp-json\/wp\/v2\/comments?post=20075"}],"wp:featuredmedia":[{"embeddable":true,"href":"https:\/\/advancedseeds.com\/it\/wp-json\/wp\/v2\/media\/20313"}],"wp:attachment":[{"href":"https:\/\/advancedseeds.com\/it\/wp-json\/wp\/v2\/media?parent=20075"}],"wp:term":[{"taxonomy":"product_brand","embeddable":true,"href":"https:\/\/advancedseeds.com\/it\/wp-json\/wp\/v2\/product_brand?post=20075"},{"taxonomy":"product_cat","embeddable":true,"href":"https:\/\/advancedseeds.com\/it\/wp-json\/wp\/v2\/product_cat?post=20075"},{"taxonomy":"product_tag","embeddable":true,"href":"https:\/\/advancedseeds.com\/it\/wp-json\/wp\/v2\/product_tag?post=20075"}],"curies":[{"name":"wp","href":"https:\/\/api.w.org\/{rel}","templated":true}]}}