{"id":2734,"date":"2021-08-23T10:52:05","date_gmt":"2021-08-23T09:52:05","guid":{"rendered":"https:\/\/advancedseeds.com\/web\/?post_type=product&#038;p=2734"},"modified":"2025-03-22T17:52:18","modified_gmt":"2025-03-22T16:52:18","slug":"amnesia-fast","status":"publish","type":"product","link":"https:\/\/advancedseeds.com\/it\/tienda\/fast\/amnesia-fast\/","title":{"rendered":"Amnesia veloce"},"content":{"rendered":"<p><span style=\"font-weight: 400\">Il <\/span><b>Semi di Amnesia Fast da Advanced Seeds<\/b><span style=\"font-weight: 400\"> sono una scelta stellare per chi cerca velocit\u00e0 e potenza nella propria coltivazione. Questa versione veloce e facile da coltivare della nostra Amnesia si distingue per i suoi grandi raccolti, le cime resinose e la resistenza unica a parassiti e muffe. Preparatevi a un'esperienza di coltivazione eccezionale!<\/span><\/p>\n<h2><span style=\"font-weight: 400\">Qual \u00e8 la genetica di questi semi?<\/span><\/h2>\n<p><span style=\"font-weight: 400\">Il <\/span><a href=\"https:\/\/advancedseeds.com\/web\/categoria-producto\/fast\/\"><b>semi versione veloce<\/b><\/a><b> Amnesia<\/b><span style=\"font-weight: 400\"> sono un sublime incrocio tra il leggendario Amnesia e la nostra versione automatica dell'Amnesia, l'impressionante <\/span><a href=\"https:\/\/advancedseeds.com\/web\/producto\/auto-amnesia-xxl\/\"><span style=\"font-weight: 400\">Auto Amnesia XXL<\/span><\/a><span style=\"font-weight: 400\">\u00a0 . Questo ibrido unico mantiene una forte dominanza sativa, risultando in una pianta dalle caratteristiche impressionanti e con una naturale resistenza alle avversit\u00e0.<\/span><\/p>\n<h2><span style=\"font-weight: 400\">Che aspetto hanno i semi femminilizzati di Amnesia Fast?<\/span><\/h2>\n<p><span style=\"font-weight: 400\">Questi semi danno origine a una pianta di medie dimensioni in interno, con un'altezza che varia tra gli 80 e i 100 cm, mentre in esterno pu\u00f2 raggiungere i 2,5 m. La sua morfologia non \u00e8 alta e allungata come la versione a fotoperiodo normale, ma presenta una distanza media tra i nodi che migliora la densit\u00e0 dei fiori in seguito. I suoi boccioli sono pi\u00f9 duri di quanto sembri, allungati e completamente ricoperti di tricomi con grandi teste, sia dei calici che delle foglie adiacenti.<\/span><\/p>\n<h2><span style=\"font-weight: 400\">Come si coltivano questi semi all'interno e all'esterno?<\/span><\/h2>\n<p><span style=\"font-weight: 400\">Essendo una variet\u00e0 a fotoperiodo di fioritura veloce, la Amnesia Fast offre molti vantaggi ai coltivatori inesperti che vogliono raccogliere variet\u00e0 ad effetto sativa. <\/span><\/p>\n<h3><span style=\"font-weight: 400\">Coltivazione indoor:<\/span><\/h3>\n<p><span style=\"font-weight: 400\">Si possono lasciare crescere naturalmente e avranno un buon rendimento, ma potando apicalmente o FIM si guadagna in produzione per due motivi: innanzitutto perch\u00e9 si ottengono pi\u00f9 punte principali, ma anche perch\u00e9 la potatura rallenta la crescita della gemma centrale e permette ai rami laterali di raggiungere la loro altezza, in modo da avere molte punte che ricevono molta luce.\u00a0<\/span><\/p>\n<h3><span style=\"font-weight: 400\">Coltivazione all'aperto:<\/span><\/h3>\n<p><span style=\"font-weight: 400\">Il suo ciclo di fioritura veloce permette di anticipare il raccolto, evitando le piogge autunnali, quindi i semi di Amnesia Fast sono una scelta perfetta per i coltivatori che vivono in regioni che non permettono di raccogliere altre variet\u00e0 sativa senza problemi. Utilizzate substrati di qualit\u00e0 di marche note e mantenete una EC media per ottenere risultati ottimali. Anche la potatura \u00e8 altamente raccomandata quando si coltiva all'aperto, cos\u00ec come i tralicci per sostenere i rami.<\/span><\/p>\n<h2><span style=\"font-weight: 400\">Quando viene raccolto l'Amnesia Fast?<\/span><\/h2>\n<p><span style=\"font-weight: 400\">In coltivazioni indoor, dopo 65-70 giorni di fioritura, la Amnesia Fast sar\u00e0 pronta per il raccolto. All'aperto, il raccolto avviene tra il 1\u00b0 e il 10 ottobre nell'emisfero settentrionale e all'inizio di marzo nell'emisfero meridionale. Se si lascia maturare questa variet\u00e0 troppo a lungo, l'effetto sativa perde un po' di brillantezza, tenetelo presente se preferite euforia e psicoattivit\u00e0.<\/span><\/p>\n<h2><span style=\"font-weight: 400\">Quanto producono questi semi?<\/span><\/h2>\n<p><span style=\"font-weight: 400\">In condizioni normali, al chiuso, si possono ottenere tra i 450 e i 550 g\/m2, a seconda del tipo e della forza della luce, della nutrizione delle piante e soprattutto dell'abilit\u00e0 del coltivatore. All'aperto, ogni pianta pu\u00f2 produrre quantit\u00e0 impressionanti, pari a quelle di qualsiasi variet\u00e0 fotodipendente, e pu\u00f2 arrivare a superare gli 800 grammi quando ha a disposizione molto terreno e ore di luce solare diretta.<\/span><\/p>\n<h2><span style=\"font-weight: 400\">Com'\u00e8 l'aroma e il gusto dei semi femminizzati Amnesia Fast?<\/span><\/h2>\n<p><span style=\"font-weight: 400\">Preparatevi a un viaggio sensoriale: un aroma di limone con note di incenso e spezie, e un gusto che combina il meglio degli agrumi con note floreali e speziate. Una delizia per i sensi che non vorrete smettere di assaporare, ma fate attenzione a non esagerare, perch\u00e9 \u00e8 anche molto potente.<\/span><\/p>\n<h2><span style=\"font-weight: 400\">Che tipo di effetto ha questa marijuana?<\/span><\/h2>\n<p><span style=\"font-weight: 400\">Con 18% di THC, Amnesia Fast offre un effetto cerebrale potente e stimolante, perfetto per liberare la creativit\u00e0 e godere di momenti di euforia e benessere generale. A livello fisico, inizia con un battito cardiaco pi\u00f9 veloce e invita a svolgere tutti i tipi di attivit\u00e0, ma dopo un po' si sente sempre pi\u00f9 rilassante.<\/span><\/p>\n<h2><span style=\"font-weight: 400\">Acquistare semi femminizzati Amnesia Fast al miglior prezzo online<\/span><\/h2>\n<p><span style=\"font-weight: 400\">Siete pronti a portare la vostra coltivazione al livello successivo? I semi femminizzati Amnesia Fast di Advanced Seeds sono il vostro biglietto per un raccolto veloce, abbondante e potente - acquistate ora e sperimentate l'eccellenza della coltivazione!<\/span><\/p>\n<p><span style=\"font-weight: 400\">Qui di seguito potete vedere una tabella di confronto tra le diverse versioni della variet\u00e0 di marijuana Amnesia:<\/span><\/p>\n<table>\n<tbody>\n<tr>\n<td><b>Caratteristiche<\/b><\/td>\n<td><b>Amnesia veloce<\/b><\/td>\n<td><b>Amnesia femminizzata<\/b><\/td>\n<td><b>Auto Amnesia XXL<\/b><\/td>\n<td><b>Amnesia CBD<\/b><\/td>\n<\/tr>\n<tr>\n<td><span style=\"font-weight: 400\">Genetica<\/span><\/td>\n<td><span style=\"font-weight: 400\">Ibrido (a dominanza sativa)<\/span><\/td>\n<td><span style=\"font-weight: 400\">A dominanza sativa<\/span><\/td>\n<td><span style=\"font-weight: 400\">Ibrido (a dominanza sativa)<\/span><\/td>\n<td><span style=\"font-weight: 400\">Ibrido ad alto contenuto di CBD<\/span><\/td>\n<\/tr>\n<tr>\n<td><span style=\"font-weight: 400\">THC<\/span><\/td>\n<td><span style=\"font-weight: 400\">18%<\/span><\/td>\n<td><span style=\"font-weight: 400\">18-25%<\/span><\/td>\n<td><span style=\"font-weight: 400\">14-16%<\/span><\/td>\n<td><span style=\"font-weight: 400\">6-12% (varie)<\/span><\/td>\n<\/tr>\n<tr>\n<td><span style=\"font-weight: 400\">CBD<\/span><\/td>\n<td><span style=\"font-weight: 400\">Sotto<\/span><\/td>\n<td><span style=\"font-weight: 400\">Sotto<\/span><\/td>\n<td><span style=\"font-weight: 400\">Sotto<\/span><\/td>\n<td><span style=\"font-weight: 400\">Alto (vario)<\/span><\/td>\n<\/tr>\n<tr>\n<td><span style=\"font-weight: 400\">Prestazioni interne<\/span><\/td>\n<td><span style=\"font-weight: 400\">450-550 g\/m2<\/span><\/td>\n<td><span style=\"font-weight: 400\">500-600 g\/m2<\/span><\/td>\n<td><span style=\"font-weight: 400\">550-600 g\/m2<\/span><\/td>\n<td><span style=\"font-weight: 400\">400-450 g\/m2<\/span><\/td>\n<\/tr>\n<tr>\n<td><span style=\"font-weight: 400\">Prestazioni all'aperto<\/span><\/td>\n<td><span style=\"font-weight: 400\">400-800 g\/pianta<\/span><\/td>\n<td><span style=\"font-weight: 400\">600-800 g\/pianta<\/span><\/td>\n<td><span style=\"font-weight: 400\">100-200 g\/pianta<\/span><\/td>\n<td><span style=\"font-weight: 400\">300-400 g\/pianta<\/span><\/td>\n<\/tr>\n<tr>\n<td><span style=\"font-weight: 400\">Altezza interna<\/span><\/td>\n<td><span style=\"font-weight: 400\">80-100 cm<\/span><\/td>\n<td><span style=\"font-weight: 400\">70-150 cm<\/span><\/td>\n<td><span style=\"font-weight: 400\">80-100 cm<\/span><\/td>\n<td><span style=\"font-weight: 400\">80-120 cm<\/span><\/td>\n<\/tr>\n<tr>\n<td><span style=\"font-weight: 400\">Altezza esterna<\/span><\/td>\n<td><span style=\"font-weight: 400\">2,0-2,5 m<\/span><\/td>\n<td><span style=\"font-weight: 400\">2,5-3,5 m<\/span><\/td>\n<td><span style=\"font-weight: 400\">1,1-1,7 m<\/span><\/td>\n<td><span style=\"font-weight: 400\">1,5-2,0 m<\/span><\/td>\n<\/tr>\n<tr>\n<td><span style=\"font-weight: 400\">Ciclo di fioritura<\/span><\/td>\n<td><span style=\"font-weight: 400\">65-70 giorni<\/span><\/td>\n<td><span style=\"font-weight: 400\">65-75 giorni<\/span><\/td>\n<td><span style=\"font-weight: 400\">70-80 giorni (dalla germinazione)<\/span><\/td>\n<td><span style=\"font-weight: 400\">70-80 giorni<\/span><\/td>\n<\/tr>\n<tr>\n<td><span style=\"font-weight: 400\">Raccolta all'aperto<\/span><\/td>\n<td><span style=\"font-weight: 400\">1-10 ottobre<\/span><\/td>\n<td><span style=\"font-weight: 400\">Ottobre<\/span><\/td>\n<td><span style=\"font-weight: 400\">10-11 settimane dalla germinazione<\/span><\/td>\n<td><span style=\"font-weight: 400\">Ottobre<\/span><\/td>\n<\/tr>\n<tr>\n<td><span style=\"font-weight: 400\">Aroma e sapore<\/span><\/td>\n<td><span style=\"font-weight: 400\">Limone, incenso, spezie<\/span><\/td>\n<td><span style=\"font-weight: 400\">Agrumi, Haze, Spezie<\/span><\/td>\n<td><span style=\"font-weight: 400\">Agrumi, Haze<\/span><\/td>\n<td><span style=\"font-weight: 400\">Agrumi, dolce, CBD<\/span><\/td>\n<\/tr>\n<tr>\n<td><span style=\"font-weight: 400\">Effetto<\/span><\/td>\n<td><span style=\"font-weight: 400\">Euforico, cerebrale<\/span><\/td>\n<td><span style=\"font-weight: 400\">Potente, euforico, cerebrale<\/span><\/td>\n<td><span style=\"font-weight: 400\">Euforico, rilassante<\/span><\/td>\n<td><span style=\"font-weight: 400\">Rilassante, medicinale<\/span><\/td>\n<\/tr>\n<tr>\n<td><span style=\"font-weight: 400\">Resistenza a parassiti e muffe<\/span><\/td>\n<td><span style=\"font-weight: 400\">Alto<\/span><\/td>\n<td><span style=\"font-weight: 400\">Alto<\/span><\/td>\n<td><span style=\"font-weight: 400\">Alto<\/span><\/td>\n<td><span style=\"font-weight: 400\">Medio\/Alto<\/span><\/td>\n<\/tr>\n<tr>\n<td><span style=\"font-weight: 400\">Difficolt\u00e0 di coltivazione<\/span><\/td>\n<td><span style=\"font-weight: 400\">Facile\/Medio<\/span><\/td>\n<td><span style=\"font-weight: 400\">Media<\/span><\/td>\n<td><span style=\"font-weight: 400\">Facile<\/span><\/td>\n<td><span style=\"font-weight: 400\">Media<\/span><\/td>\n<\/tr>\n<tr>\n<td><span style=\"font-weight: 400\">Tipo<\/span><\/td>\n<td><span style=\"font-weight: 400\">Fotoperiodico<\/span><\/td>\n<td><span style=\"font-weight: 400\">Fotoperiodico<\/span><\/td>\n<td><span style=\"font-weight: 400\">Autofiorenti<\/span><\/td>\n<td><span style=\"font-weight: 400\">Fotoperiodico con CBD elevato<\/span><\/td>\n<\/tr>\n<\/tbody>\n<\/table>\n<p>&nbsp;<\/p>\n<p>&nbsp;<\/p>","protected":false},"excerpt":{"rendered":"<p>Versione veloce e facile da coltivare della nostra Amnesia, con dimensioni e resistenza uniche. Pianta ad alto rendimento con cime ricoperte di resina e zucchero grazie alla sua dominanza sativa. Questa variet\u00e0 mantiene naturalmente un'elevata resistenza ai parassiti e alle muffe. Aroma e sapore di limone con note di incenso e spezie.<\/p>","protected":false},"featured_media":19647,"comment_status":"open","ping_status":"closed","template":"","meta":{"_acf_changed":false},"product_brand":[],"product_cat":[80],"product_tag":[],"class_list":{"0":"post-2734","1":"product","2":"type-product","3":"status-publish","4":"has-post-thumbnail","6":"product_cat-fast","8":"first","9":"instock","10":"taxable","11":"shipping-taxable","12":"purchasable","13":"product-type-variable"},"acf":[],"yoast_head":"<!-- This site is optimized with the Yoast SEO Premium plugin v26.3 (Yoast SEO v26.6) - https:\/\/yoast.com\/wordpress\/plugins\/seo\/ -->\n<title>Amnesia Fast - Advanced Seeds<\/title>\n<meta name=\"robots\" content=\"index, follow, max-snippet:-1, max-image-preview:large, max-video-preview:-1\" \/>\n<link rel=\"canonical\" href=\"https:\/\/advancedseeds.com\/it\/tienda\/fast\/amnesia-fast\/\" \/>\n<meta property=\"og:locale\" content=\"it_IT\" \/>\n<meta property=\"og:type\" content=\"article\" \/>\n<meta property=\"og:title\" content=\"Amnesia Fast\" \/>\n<meta property=\"og:description\" content=\"Versi\u00f3n r\u00e1pida y de f\u00e1cil cultivo de nuestra Amnesia con un porte y resistencia \u00fanicos. Planta de gran producci\u00f3n de cogollos ba\u00f1ados de resina y az\u00facares gracias a su dominancia sativa. Esta cepa conserva de forma natural una alta resistencia a las plagas y el moho. Aroma y sabor a lim\u00f3n con matices de incienso y especias.\" \/>\n<meta property=\"og:url\" content=\"https:\/\/advancedseeds.com\/it\/tienda\/fast\/amnesia-fast\/\" \/>\n<meta property=\"og:site_name\" content=\"Advanced Seeds\" \/>\n<meta property=\"article:modified_time\" content=\"2025-03-22T16:52:18+00:00\" \/>\n<meta property=\"og:image\" content=\"https:\/\/advancedseeds.com\/web\/wp-content\/uploads\/2021\/08\/Amnesia-Fast-scaled.jpg\" \/>\n\t<meta property=\"og:image:width\" content=\"1928\" \/>\n\t<meta property=\"og:image:height\" content=\"2560\" \/>\n\t<meta property=\"og:image:type\" content=\"image\/jpeg\" \/>\n<meta name=\"twitter:card\" content=\"summary_large_image\" \/>\n<meta name=\"twitter:label1\" content=\"Tempo di lettura stimato\" \/>\n\t<meta name=\"twitter:data1\" content=\"5 minuti\" \/>\n<script type=\"application\/ld+json\" class=\"yoast-schema-graph\">{\"@context\":\"https:\/\/schema.org\",\"@graph\":[{\"@type\":\"WebPage\",\"@id\":\"https:\/\/advancedseeds.com\/tienda\/fast\/amnesia-fast\/\",\"url\":\"https:\/\/advancedseeds.com\/tienda\/fast\/amnesia-fast\/\",\"name\":\"Amnesia Fast - Advanced Seeds\",\"isPartOf\":{\"@id\":\"https:\/\/advancedseeds.com\/#website\"},\"primaryImageOfPage\":{\"@id\":\"https:\/\/advancedseeds.com\/tienda\/fast\/amnesia-fast\/#primaryimage\"},\"image\":{\"@id\":\"https:\/\/advancedseeds.com\/tienda\/fast\/amnesia-fast\/#primaryimage\"},\"thumbnailUrl\":\"https:\/\/advancedseeds.com\/web\/wp-content\/uploads\/2021\/08\/Amnesia-Fast-scaled.jpg\",\"datePublished\":\"2021-08-23T09:52:05+00:00\",\"dateModified\":\"2025-03-22T16:52:18+00:00\",\"breadcrumb\":{\"@id\":\"https:\/\/advancedseeds.com\/tienda\/fast\/amnesia-fast\/#breadcrumb\"},\"inLanguage\":\"it-IT\",\"potentialAction\":[{\"@type\":\"ReadAction\",\"target\":[\"https:\/\/advancedseeds.com\/tienda\/fast\/amnesia-fast\/\"]}]},{\"@type\":\"ImageObject\",\"inLanguage\":\"it-IT\",\"@id\":\"https:\/\/advancedseeds.com\/tienda\/fast\/amnesia-fast\/#primaryimage\",\"url\":\"https:\/\/advancedseeds.com\/web\/wp-content\/uploads\/2021\/08\/Amnesia-Fast-scaled.jpg\",\"contentUrl\":\"https:\/\/advancedseeds.com\/web\/wp-content\/uploads\/2021\/08\/Amnesia-Fast-scaled.jpg\",\"width\":1928,\"height\":2560},{\"@type\":\"BreadcrumbList\",\"@id\":\"https:\/\/advancedseeds.com\/tienda\/fast\/amnesia-fast\/#breadcrumb\",\"itemListElement\":[{\"@type\":\"ListItem\",\"position\":1,\"name\":\"Home\",\"item\":\"https:\/\/advancedseeds.com\/\"},{\"@type\":\"ListItem\",\"position\":2,\"name\":\"Tienda\",\"item\":\"https:\/\/advancedseeds.com\/\"},{\"@type\":\"ListItem\",\"position\":3,\"name\":\"Amnesia Fast\"}]},{\"@type\":\"WebSite\",\"@id\":\"https:\/\/advancedseeds.com\/#website\",\"url\":\"https:\/\/advancedseeds.com\/\",\"name\":\"Advanced Seeds\",\"description\":\"Gen\u00e9ticas Avanzadas en semillas feminizadas y autom\u00e1ticas.\",\"publisher\":{\"@id\":\"https:\/\/advancedseeds.com\/#organization\"},\"potentialAction\":[{\"@type\":\"SearchAction\",\"target\":{\"@type\":\"EntryPoint\",\"urlTemplate\":\"https:\/\/advancedseeds.com\/?s={search_term_string}\"},\"query-input\":{\"@type\":\"PropertyValueSpecification\",\"valueRequired\":true,\"valueName\":\"search_term_string\"}}],\"inLanguage\":\"it-IT\"},{\"@type\":\"Organization\",\"@id\":\"https:\/\/advancedseeds.com\/#organization\",\"name\":\"Advanced Seeds\",\"url\":\"https:\/\/advancedseeds.com\/\",\"logo\":{\"@type\":\"ImageObject\",\"inLanguage\":\"it-IT\",\"@id\":\"https:\/\/advancedseeds.com\/#\/schema\/logo\/image\/\",\"url\":\"https:\/\/advancedseeds.com\/web\/wp-content\/uploads\/2021\/01\/logo-advanced.jpg\",\"contentUrl\":\"https:\/\/advancedseeds.com\/web\/wp-content\/uploads\/2021\/01\/logo-advanced.jpg\",\"width\":600,\"height\":600,\"caption\":\"Advanced Seeds\"},\"image\":{\"@id\":\"https:\/\/advancedseeds.com\/#\/schema\/logo\/image\/\"}}]}<\/script>\n<!-- \/ Yoast SEO Premium plugin. -->","yoast_head_json":{"title":"Amnesia Fast - Advanced Seeds","robots":{"index":"index","follow":"follow","max-snippet":"max-snippet:-1","max-image-preview":"max-image-preview:large","max-video-preview":"max-video-preview:-1"},"canonical":"https:\/\/advancedseeds.com\/it\/tienda\/fast\/amnesia-fast\/","og_locale":"it_IT","og_type":"article","og_title":"Amnesia Fast","og_description":"Versi\u00f3n r\u00e1pida y de f\u00e1cil cultivo de nuestra Amnesia con un porte y resistencia \u00fanicos. Planta de gran producci\u00f3n de cogollos ba\u00f1ados de resina y az\u00facares gracias a su dominancia sativa. Esta cepa conserva de forma natural una alta resistencia a las plagas y el moho. Aroma y sabor a lim\u00f3n con matices de incienso y especias.","og_url":"https:\/\/advancedseeds.com\/it\/tienda\/fast\/amnesia-fast\/","og_site_name":"Advanced Seeds","article_modified_time":"2025-03-22T16:52:18+00:00","og_image":[{"width":1928,"height":2560,"url":"https:\/\/advancedseeds.com\/web\/wp-content\/uploads\/2021\/08\/Amnesia-Fast-scaled.jpg","type":"image\/jpeg"}],"twitter_card":"summary_large_image","twitter_misc":{"Tempo di lettura stimato":"5 minuti"},"schema":{"@context":"https:\/\/schema.org","@graph":[{"@type":"WebPage","@id":"https:\/\/advancedseeds.com\/tienda\/fast\/amnesia-fast\/","url":"https:\/\/advancedseeds.com\/tienda\/fast\/amnesia-fast\/","name":"Amnesia Fast - Advanced Seeds","isPartOf":{"@id":"https:\/\/advancedseeds.com\/#website"},"primaryImageOfPage":{"@id":"https:\/\/advancedseeds.com\/tienda\/fast\/amnesia-fast\/#primaryimage"},"image":{"@id":"https:\/\/advancedseeds.com\/tienda\/fast\/amnesia-fast\/#primaryimage"},"thumbnailUrl":"https:\/\/advancedseeds.com\/web\/wp-content\/uploads\/2021\/08\/Amnesia-Fast-scaled.jpg","datePublished":"2021-08-23T09:52:05+00:00","dateModified":"2025-03-22T16:52:18+00:00","breadcrumb":{"@id":"https:\/\/advancedseeds.com\/tienda\/fast\/amnesia-fast\/#breadcrumb"},"inLanguage":"it-IT","potentialAction":[{"@type":"ReadAction","target":["https:\/\/advancedseeds.com\/tienda\/fast\/amnesia-fast\/"]}]},{"@type":"ImageObject","inLanguage":"it-IT","@id":"https:\/\/advancedseeds.com\/tienda\/fast\/amnesia-fast\/#primaryimage","url":"https:\/\/advancedseeds.com\/web\/wp-content\/uploads\/2021\/08\/Amnesia-Fast-scaled.jpg","contentUrl":"https:\/\/advancedseeds.com\/web\/wp-content\/uploads\/2021\/08\/Amnesia-Fast-scaled.jpg","width":1928,"height":2560},{"@type":"BreadcrumbList","@id":"https:\/\/advancedseeds.com\/tienda\/fast\/amnesia-fast\/#breadcrumb","itemListElement":[{"@type":"ListItem","position":1,"name":"Home","item":"https:\/\/advancedseeds.com\/"},{"@type":"ListItem","position":2,"name":"Tienda","item":"https:\/\/advancedseeds.com\/"},{"@type":"ListItem","position":3,"name":"Amnesia Fast"}]},{"@type":"WebSite","@id":"https:\/\/advancedseeds.com\/#website","url":"https:\/\/advancedseeds.com\/","name":"Semi avanzati","description":"Genetica avanzata in semi femminizzati e automatici.","publisher":{"@id":"https:\/\/advancedseeds.com\/#organization"},"potentialAction":[{"@type":"SearchAction","target":{"@type":"EntryPoint","urlTemplate":"https:\/\/advancedseeds.com\/?s={search_term_string}"},"query-input":{"@type":"PropertyValueSpecification","valueRequired":true,"valueName":"search_term_string"}}],"inLanguage":"it-IT"},{"@type":"Organization","@id":"https:\/\/advancedseeds.com\/#organization","name":"Semi avanzati","url":"https:\/\/advancedseeds.com\/","logo":{"@type":"ImageObject","inLanguage":"it-IT","@id":"https:\/\/advancedseeds.com\/#\/schema\/logo\/image\/","url":"https:\/\/advancedseeds.com\/web\/wp-content\/uploads\/2021\/01\/logo-advanced.jpg","contentUrl":"https:\/\/advancedseeds.com\/web\/wp-content\/uploads\/2021\/01\/logo-advanced.jpg","width":600,"height":600,"caption":"Advanced Seeds"},"image":{"@id":"https:\/\/advancedseeds.com\/#\/schema\/logo\/image\/"}}]}},"_links":{"self":[{"href":"https:\/\/advancedseeds.com\/it\/wp-json\/wp\/v2\/product\/2734","targetHints":{"allow":["GET"]}}],"collection":[{"href":"https:\/\/advancedseeds.com\/it\/wp-json\/wp\/v2\/product"}],"about":[{"href":"https:\/\/advancedseeds.com\/it\/wp-json\/wp\/v2\/types\/product"}],"replies":[{"embeddable":true,"href":"https:\/\/advancedseeds.com\/it\/wp-json\/wp\/v2\/comments?post=2734"}],"wp:featuredmedia":[{"embeddable":true,"href":"https:\/\/advancedseeds.com\/it\/wp-json\/wp\/v2\/media\/19647"}],"wp:attachment":[{"href":"https:\/\/advancedseeds.com\/it\/wp-json\/wp\/v2\/media?parent=2734"}],"wp:term":[{"taxonomy":"product_brand","embeddable":true,"href":"https:\/\/advancedseeds.com\/it\/wp-json\/wp\/v2\/product_brand?post=2734"},{"taxonomy":"product_cat","embeddable":true,"href":"https:\/\/advancedseeds.com\/it\/wp-json\/wp\/v2\/product_cat?post=2734"},{"taxonomy":"product_tag","embeddable":true,"href":"https:\/\/advancedseeds.com\/it\/wp-json\/wp\/v2\/product_tag?post=2734"}],"curies":[{"name":"wp","href":"https:\/\/api.w.org\/{rel}","templated":true}]}}