{"id":2747,"date":"2021-08-23T12:04:38","date_gmt":"2021-08-23T11:04:38","guid":{"rendered":"https:\/\/advancedseeds.com\/web\/?post_type=product&#038;p=2747"},"modified":"2025-03-27T11:32:26","modified_gmt":"2025-03-27T10:32:26","slug":"slurricane","status":"publish","type":"product","link":"https:\/\/advancedseeds.com\/it\/tienda\/feminizadas\/slurricane\/","title":{"rendered":"Slurricane"},"content":{"rendered":"<p>Il <a href=\"https:\/\/advancedseeds.com\/web\/\"><b>semi di marijuana<\/b><\/a><b> femminilizzato Slurricane<\/b> di Advanced Seeds sono una vera rivoluzione per gli amanti della cannabis. Combinando la potenza con una straordinaria produzione di resina e un gusto squisito, \u00e8 la scelta migliore per i coltivatori intenditori che vogliono qualcosa di premium e, perch\u00e9 no, anche per i consumatori coraggiosi che vogliono sperimentare un effetto al top.<\/p>\n<h2>Qual \u00e8 la genetica di questi semi?<\/h2>\n<p>La Slurricane, un ibrido a dominanza indica, \u00e8 il risultato di una meticolosa selezione. <b>incrocio tra Do-Si-Dos e Purple Punch<\/b>. Queste genetiche accuratamente selezionate combinano la robustezza e la potenza della Do-Si-Dos con la dolcezza e i sapori di bacche della Purple Punch. Questa combinazione crea una pianta unica, non solo in termini di potenza e sapore, ma anche per la sua stabilit\u00e0 genetica. Questo incrocio \u00e8 una dimostrazione di come due variet\u00e0 iconiche possano fondersi per creare qualcosa di veramente eccezionale.<\/p>\n<h2>Che aspetto ha Slurricane?<\/h2>\n<p>La Slurricane si distingue per la sua estetica impressionante: una pianta di medie dimensioni con una struttura solida e compatta, tipica delle variet\u00e0 Indica. I suoi steli sono spessi e robusti, in grado di sostenere il peso di cime straordinariamente dense e resinose. Queste cime, una volta maturate, possono mostrare uno spettacolo di colori, con <b>tonalit\u00e0 che variano dal verde scuro al viola intenso<\/b>una vera e propria delizia visiva. La produzione di resina \u00e8 notevole e lascia le cime lucide e appiccicose, perfette per estrazioni di alta qualit\u00e0.<\/p>\n<h2>Come si coltivano questi semi all'interno e all'esterno?<\/h2>\n<h3>Culitvo interno:<\/h3>\n<p>La Slurricane dimostra la sua versatilit\u00e0 come poche altre. Si adatta a diverse tecniche di coltivazione, come <b>SOG e SCROG<\/b>Questa variet\u00e0 permette al coltivatore di massimizzare lo spazio e la produzione. Se volete finire il prima possibile e lavorare il meno possibile, mettete 16 piante\/m2 in vasi da 7 litri, con 3 settimane di crescita e poi in fioritura applicate il metodo SOG. Se invece non vi dispiace impiegare pi\u00f9 tempo e preferite coltivare meno piante, mettete 9 piante\/m2 in vasi da 11 litri e date loro circa 5 settimane di crescita vegetativa; in questo lasso di tempo potete approfittarne per eseguire una potatura FIM all'apice principale e poi ai rami secondari.<\/p>\n<h3>Coltivazione all'aperto:<\/h3>\n<p>La Slurricane mostra colori strabilianti, soprattutto nelle regioni pi\u00f9 fredde. Con la capacit\u00e0 di raggiungere altezze impressionanti, questa pianta ama il sole diretto, sviluppando un fogliame lussureggiante e cime ancora pi\u00f9 grandi e resinose che in casa. \u00c8 resistente ai cambiamenti climatici, anche se preferisce i climi caldi e soleggiati. All'aperto, trae grande beneficio dalle tecniche di potatura e di formazione per favorire una maggiore esposizione alla luce solare e una migliore circolazione dell'aria. La sua resistenza a parassiti e malattie la rende una scelta affidabile per i coltivatori outdoor.<\/p>\n<h2>Quando viene raccolto l'Slurricane?<\/h2>\n<p>Il tempo di fioritura della Slurricane in interno \u00e8 circa. <b>55-60 giorni<\/b>. All'aperto, i coltivatori possono aspettarsi di raccogliere nella prima met\u00e0 di ottobre nell'emisfero settentrionale e all'inizio di aprile nell'emisfero meridionale. Questa finestra di raccolta \u00e8 fondamentale per cogliere il profilo completo dei cannabinoidi e dei terpeni. Un raccolto tardivo pu\u00f2 intensificare gli effetti e i sapori, mentre un raccolto precoce pu\u00f2 offrire un effetto pi\u00f9 leggero e cerebrale.<\/p>\n<h2>Quanto producono questi semi?<\/h2>\n<p>La Slurricane \u00e8 un vero campione in termini di produzione. Al chiuso, i rendimenti possono facilmente arrivare a <b>550 g\/m\u00b2.<\/b>All'aperto, ogni pianta pu\u00f2 produrre da 700 a oltre 1000 grammi in condizioni ideali. Questa abbondante produzione non compromette la qualit\u00e0: le cime sono ricche di THC e offrono una gamma aromatica varia e attraente.<\/p>\n<h2>Com'\u00e8 l'aroma e il gusto dell'Slurricane?<\/h2>\n<p>L'odore della Slurricane \u00e8 complesso e inebriante. Predominano gli aromi dolci e fruttati, con <b>note evidenti di uva, bacche e altri frutti di bosco<\/b>. Questa tavolozza di sapori \u00e8 dovuta in gran parte al suo genitore Purple Punch. All'inspirazione, i sapori sono intensi e avvolgenti, mentre all'espirazione lasciano un retrogusto dolce e persistente sul palato. Il bouquet dell'Slurricane \u00e8 una vera delizia per i sensi, infatti \u00e8 diventato uno degli aromi preferiti da molti consumatori.<\/p>\n<h2>Che tipo di effetto ha questa marijuana?<\/h2>\n<p>L'effetto di Slurricane \u00e8 <b>potente e abbastanza fisico<\/b>grazie al suo alto contenuto di THC. \u00c8 ideale per rilassarsi dopo una lunga giornata di duro lavoro, fornendo un senso di calma e benessere. Nonostante la sua potenza, non \u00e8 travolgente dal punto di vista cerebrale, offrendo un viaggio piacevole ed equilibrato. I suoi effetti terapeutici sono notevoli, essendo una scelta eccellente per alleviare lo stress, il dolore e aiutare a combattere l'insonnia.<\/p>\n<h2>Acquista i semi femminilizzati di Slurricane al miglior prezzo online su Advanced Seeds.<\/h2>\n<p>Volete provare la potenza e il sapore della Slurricane? Non cercate oltre e ordinate subito i vostri semi al miglior prezzo online - preparatevi per una coltivazione eccezionale e un'esperienza indimenticabile!<\/p>\n<h2>Domande frequenti su Strawberry Banana<\/h2>\n<h3>L'Slurricane \u00e8 consigliato per le estrazioni?<\/h3>\n<p>La sua elevata produzione di resina e il suo profilo terpenico la rendono ideale per la produzione di concentrati di alta qualit\u00e0, con rendimenti superiori a 25% e un'impressionante concentrazione di composti aromatici e cannabinoidi.<\/p>\n<h3>Quali sono i requisiti di illuminazione per l'Slurricane indoor?<\/h3>\n<p>Una luce LED a spettro completo, la tecnologia LEC o HPS ad alta intensit\u00e0 sono ideali per massimizzare la crescita e la produzione di resina.<\/p>\n<h3>La Slurricane \u00e8 una buona scelta per i coltivatori alle prime armi?<\/h3>\n<p>S\u00ec, grazie alla sua robustezza e adattabilit\u00e0, \u00e8 una scelta eccellente per chi inizia a coltivare cannabis.<\/p>\n<h3>Come influisce il tempo su Slurricane all'aperto?<\/h3>\n<p>La Slurricane si adatta bene a diversi climi, ma preferisce condizioni soleggiate e calde. Nei climi pi\u00f9 freddi pu\u00f2 richiedere una protezione aggiuntiva.<\/p>\n<h3>Quali sono i benefici terapeutici dell'Slurricane?<\/h3>\n<p>I suoi alti livelli di THC la rendono efficace nell'alleviare il dolore, l'ansia e l'insonnia, oltre a fornire un effetto rilassante e calmante.<\/p>","protected":false},"excerpt":{"rendered":"<p>-<\/p>","protected":false},"featured_media":20337,"comment_status":"open","ping_status":"closed","template":"","meta":{"_acf_changed":false},"product_brand":[],"product_cat":[69],"product_tag":[],"class_list":{"0":"post-2747","1":"product","2":"type-product","3":"status-publish","4":"has-post-thumbnail","6":"product_cat-feminizadas","8":"first","9":"instock","10":"taxable","11":"shipping-taxable","12":"purchasable","13":"product-type-variable"},"acf":[],"yoast_head":"<!-- This site is optimized with the Yoast SEO Premium plugin v26.3 (Yoast SEO v26.6) - https:\/\/yoast.com\/wordpress\/plugins\/seo\/ -->\n<title>Slurricane - Advanced Seeds<\/title>\n<meta name=\"robots\" content=\"index, follow, max-snippet:-1, max-image-preview:large, max-video-preview:-1\" \/>\n<link rel=\"canonical\" href=\"https:\/\/advancedseeds.com\/it\/tienda\/feminizadas\/slurricane\/\" \/>\n<meta property=\"og:locale\" content=\"it_IT\" \/>\n<meta property=\"og:type\" content=\"article\" \/>\n<meta property=\"og:title\" content=\"Slurricane\" \/>\n<meta property=\"og:description\" content=\"-\" \/>\n<meta property=\"og:url\" content=\"https:\/\/advancedseeds.com\/it\/tienda\/feminizadas\/slurricane\/\" \/>\n<meta property=\"og:site_name\" content=\"Advanced Seeds\" \/>\n<meta property=\"article:modified_time\" content=\"2025-03-27T10:32:26+00:00\" \/>\n<meta property=\"og:image\" content=\"https:\/\/advancedseeds.com\/web\/wp-content\/uploads\/2021\/08\/Slurricane-1-scaled.jpg\" \/>\n\t<meta property=\"og:image:width\" content=\"1929\" \/>\n\t<meta property=\"og:image:height\" content=\"2560\" \/>\n\t<meta property=\"og:image:type\" content=\"image\/jpeg\" \/>\n<meta name=\"twitter:card\" content=\"summary_large_image\" \/>\n<meta name=\"twitter:label1\" content=\"Tempo di lettura stimato\" \/>\n\t<meta name=\"twitter:data1\" content=\"5 minuti\" \/>\n<script type=\"application\/ld+json\" class=\"yoast-schema-graph\">{\"@context\":\"https:\/\/schema.org\",\"@graph\":[{\"@type\":\"WebPage\",\"@id\":\"https:\/\/advancedseeds.com\/tienda\/feminizadas\/slurricane\/\",\"url\":\"https:\/\/advancedseeds.com\/tienda\/feminizadas\/slurricane\/\",\"name\":\"Slurricane - Advanced Seeds\",\"isPartOf\":{\"@id\":\"https:\/\/advancedseeds.com\/#website\"},\"primaryImageOfPage\":{\"@id\":\"https:\/\/advancedseeds.com\/tienda\/feminizadas\/slurricane\/#primaryimage\"},\"image\":{\"@id\":\"https:\/\/advancedseeds.com\/tienda\/feminizadas\/slurricane\/#primaryimage\"},\"thumbnailUrl\":\"https:\/\/advancedseeds.com\/web\/wp-content\/uploads\/2021\/08\/Slurricane-1-scaled.jpg\",\"datePublished\":\"2021-08-23T11:04:38+00:00\",\"dateModified\":\"2025-03-27T10:32:26+00:00\",\"breadcrumb\":{\"@id\":\"https:\/\/advancedseeds.com\/tienda\/feminizadas\/slurricane\/#breadcrumb\"},\"inLanguage\":\"it-IT\",\"potentialAction\":[{\"@type\":\"ReadAction\",\"target\":[\"https:\/\/advancedseeds.com\/tienda\/feminizadas\/slurricane\/\"]}]},{\"@type\":\"ImageObject\",\"inLanguage\":\"it-IT\",\"@id\":\"https:\/\/advancedseeds.com\/tienda\/feminizadas\/slurricane\/#primaryimage\",\"url\":\"https:\/\/advancedseeds.com\/web\/wp-content\/uploads\/2021\/08\/Slurricane-1-scaled.jpg\",\"contentUrl\":\"https:\/\/advancedseeds.com\/web\/wp-content\/uploads\/2021\/08\/Slurricane-1-scaled.jpg\",\"width\":1929,\"height\":2560},{\"@type\":\"BreadcrumbList\",\"@id\":\"https:\/\/advancedseeds.com\/tienda\/feminizadas\/slurricane\/#breadcrumb\",\"itemListElement\":[{\"@type\":\"ListItem\",\"position\":1,\"name\":\"Home\",\"item\":\"https:\/\/advancedseeds.com\/\"},{\"@type\":\"ListItem\",\"position\":2,\"name\":\"Tienda\",\"item\":\"https:\/\/advancedseeds.com\/\"},{\"@type\":\"ListItem\",\"position\":3,\"name\":\"Slurricane\"}]},{\"@type\":\"WebSite\",\"@id\":\"https:\/\/advancedseeds.com\/#website\",\"url\":\"https:\/\/advancedseeds.com\/\",\"name\":\"Advanced Seeds\",\"description\":\"Gen\u00e9ticas Avanzadas en semillas feminizadas y autom\u00e1ticas.\",\"publisher\":{\"@id\":\"https:\/\/advancedseeds.com\/#organization\"},\"potentialAction\":[{\"@type\":\"SearchAction\",\"target\":{\"@type\":\"EntryPoint\",\"urlTemplate\":\"https:\/\/advancedseeds.com\/?s={search_term_string}\"},\"query-input\":{\"@type\":\"PropertyValueSpecification\",\"valueRequired\":true,\"valueName\":\"search_term_string\"}}],\"inLanguage\":\"it-IT\"},{\"@type\":\"Organization\",\"@id\":\"https:\/\/advancedseeds.com\/#organization\",\"name\":\"Advanced Seeds\",\"url\":\"https:\/\/advancedseeds.com\/\",\"logo\":{\"@type\":\"ImageObject\",\"inLanguage\":\"it-IT\",\"@id\":\"https:\/\/advancedseeds.com\/#\/schema\/logo\/image\/\",\"url\":\"https:\/\/advancedseeds.com\/web\/wp-content\/uploads\/2021\/01\/logo-advanced.jpg\",\"contentUrl\":\"https:\/\/advancedseeds.com\/web\/wp-content\/uploads\/2021\/01\/logo-advanced.jpg\",\"width\":600,\"height\":600,\"caption\":\"Advanced Seeds\"},\"image\":{\"@id\":\"https:\/\/advancedseeds.com\/#\/schema\/logo\/image\/\"}}]}<\/script>\n<!-- \/ Yoast SEO Premium plugin. -->","yoast_head_json":{"title":"Slurricane - Advanced Seeds","robots":{"index":"index","follow":"follow","max-snippet":"max-snippet:-1","max-image-preview":"max-image-preview:large","max-video-preview":"max-video-preview:-1"},"canonical":"https:\/\/advancedseeds.com\/it\/tienda\/feminizadas\/slurricane\/","og_locale":"it_IT","og_type":"article","og_title":"Slurricane","og_description":"-","og_url":"https:\/\/advancedseeds.com\/it\/tienda\/feminizadas\/slurricane\/","og_site_name":"Advanced Seeds","article_modified_time":"2025-03-27T10:32:26+00:00","og_image":[{"width":1929,"height":2560,"url":"https:\/\/advancedseeds.com\/web\/wp-content\/uploads\/2021\/08\/Slurricane-1-scaled.jpg","type":"image\/jpeg"}],"twitter_card":"summary_large_image","twitter_misc":{"Tempo di lettura stimato":"5 minuti"},"schema":{"@context":"https:\/\/schema.org","@graph":[{"@type":"WebPage","@id":"https:\/\/advancedseeds.com\/tienda\/feminizadas\/slurricane\/","url":"https:\/\/advancedseeds.com\/tienda\/feminizadas\/slurricane\/","name":"Slurricane - Advanced Seeds","isPartOf":{"@id":"https:\/\/advancedseeds.com\/#website"},"primaryImageOfPage":{"@id":"https:\/\/advancedseeds.com\/tienda\/feminizadas\/slurricane\/#primaryimage"},"image":{"@id":"https:\/\/advancedseeds.com\/tienda\/feminizadas\/slurricane\/#primaryimage"},"thumbnailUrl":"https:\/\/advancedseeds.com\/web\/wp-content\/uploads\/2021\/08\/Slurricane-1-scaled.jpg","datePublished":"2021-08-23T11:04:38+00:00","dateModified":"2025-03-27T10:32:26+00:00","breadcrumb":{"@id":"https:\/\/advancedseeds.com\/tienda\/feminizadas\/slurricane\/#breadcrumb"},"inLanguage":"it-IT","potentialAction":[{"@type":"ReadAction","target":["https:\/\/advancedseeds.com\/tienda\/feminizadas\/slurricane\/"]}]},{"@type":"ImageObject","inLanguage":"it-IT","@id":"https:\/\/advancedseeds.com\/tienda\/feminizadas\/slurricane\/#primaryimage","url":"https:\/\/advancedseeds.com\/web\/wp-content\/uploads\/2021\/08\/Slurricane-1-scaled.jpg","contentUrl":"https:\/\/advancedseeds.com\/web\/wp-content\/uploads\/2021\/08\/Slurricane-1-scaled.jpg","width":1929,"height":2560},{"@type":"BreadcrumbList","@id":"https:\/\/advancedseeds.com\/tienda\/feminizadas\/slurricane\/#breadcrumb","itemListElement":[{"@type":"ListItem","position":1,"name":"Home","item":"https:\/\/advancedseeds.com\/"},{"@type":"ListItem","position":2,"name":"Tienda","item":"https:\/\/advancedseeds.com\/"},{"@type":"ListItem","position":3,"name":"Slurricane"}]},{"@type":"WebSite","@id":"https:\/\/advancedseeds.com\/#website","url":"https:\/\/advancedseeds.com\/","name":"Semi avanzati","description":"Genetica avanzata in semi femminizzati e automatici.","publisher":{"@id":"https:\/\/advancedseeds.com\/#organization"},"potentialAction":[{"@type":"SearchAction","target":{"@type":"EntryPoint","urlTemplate":"https:\/\/advancedseeds.com\/?s={search_term_string}"},"query-input":{"@type":"PropertyValueSpecification","valueRequired":true,"valueName":"search_term_string"}}],"inLanguage":"it-IT"},{"@type":"Organization","@id":"https:\/\/advancedseeds.com\/#organization","name":"Semi avanzati","url":"https:\/\/advancedseeds.com\/","logo":{"@type":"ImageObject","inLanguage":"it-IT","@id":"https:\/\/advancedseeds.com\/#\/schema\/logo\/image\/","url":"https:\/\/advancedseeds.com\/web\/wp-content\/uploads\/2021\/01\/logo-advanced.jpg","contentUrl":"https:\/\/advancedseeds.com\/web\/wp-content\/uploads\/2021\/01\/logo-advanced.jpg","width":600,"height":600,"caption":"Advanced Seeds"},"image":{"@id":"https:\/\/advancedseeds.com\/#\/schema\/logo\/image\/"}}]}},"_links":{"self":[{"href":"https:\/\/advancedseeds.com\/it\/wp-json\/wp\/v2\/product\/2747","targetHints":{"allow":["GET"]}}],"collection":[{"href":"https:\/\/advancedseeds.com\/it\/wp-json\/wp\/v2\/product"}],"about":[{"href":"https:\/\/advancedseeds.com\/it\/wp-json\/wp\/v2\/types\/product"}],"replies":[{"embeddable":true,"href":"https:\/\/advancedseeds.com\/it\/wp-json\/wp\/v2\/comments?post=2747"}],"wp:featuredmedia":[{"embeddable":true,"href":"https:\/\/advancedseeds.com\/it\/wp-json\/wp\/v2\/media\/20337"}],"wp:attachment":[{"href":"https:\/\/advancedseeds.com\/it\/wp-json\/wp\/v2\/media?parent=2747"}],"wp:term":[{"taxonomy":"product_brand","embeddable":true,"href":"https:\/\/advancedseeds.com\/it\/wp-json\/wp\/v2\/product_brand?post=2747"},{"taxonomy":"product_cat","embeddable":true,"href":"https:\/\/advancedseeds.com\/it\/wp-json\/wp\/v2\/product_cat?post=2747"},{"taxonomy":"product_tag","embeddable":true,"href":"https:\/\/advancedseeds.com\/it\/wp-json\/wp\/v2\/product_tag?post=2747"}],"curies":[{"name":"wp","href":"https:\/\/api.w.org\/{rel}","templated":true}]}}