{"id":2753,"date":"2021-08-23T12:04:38","date_gmt":"2021-08-23T11:04:38","guid":{"rendered":"https:\/\/advancedseeds.com\/web\/?post_type=product&#038;p=2753"},"modified":"2025-03-22T17:16:36","modified_gmt":"2025-03-22T16:16:36","slug":"watermelon-og","status":"publish","type":"product","link":"https:\/\/advancedseeds.com\/it\/tienda\/feminizadas\/watermelon-og\/","title":{"rendered":"Anguria OG"},"content":{"rendered":"<p>Scoprire il <b>semi femminizzati Watermelon OG<\/b>La nuova sensazione di Advanced Seeds \u00e8 una vera delizia per i sensi. Grazie alla sua straordinaria genetica, questa variet\u00e0 si distingue per la sua impressionante potenza e per il delizioso sapore di anguria. Ideale sia per gli esperti che per i principianti nel mondo della coltivazione della cannabis.<\/p>\n<h2>Qual \u00e8 la genetica di questi semi?<\/h2>\n<p>Watermelon OG \u00e8 il risultato di un'attenta selezione genetica, con una <b>equilibrio perfetto 50% indica e 50% sativa<\/b>\u00a0 . Questa variet\u00e0 prende il meglio da ogni lato: il relax e la robustezza dell'indica, combinati con l'energia e l'euforia della sativa. Il suo lignaggio genetico si basa sulla <b>Anguria <\/b><a href=\"https:\/\/advancedseeds.com\/web\/producto\/zkittlez\/\"><b>Zkittlez <\/b><\/a><b>incrociato con un buon <\/b><a href=\"https:\/\/advancedseeds.com\/web\/producto\/og-kush-s-f-v\/\"><b>OG Kush<\/b><\/a>L'alto contenuto di THC della Watermelon OG la rende molto forte e facile da coltivare, rendendola ideale per tutti i tipi di coltivatori. Con una percentuale di THC molto alta, la Watermelon OG promette non solo una coltivazione di successo, ma anche un'esperienza di fumo straordinaria.<\/p>\n<h2>Che aspetto ha Watermelon OG?<\/h2>\n<p>La Watermelon OG \u00e8 una pianta di medie dimensioni, che raggiunge un'altezza di 80-100 cm all'interno e fino a 2 metri o poco pi\u00f9 all'esterno. \u00c8 caratterizzata da una crescita vigorosa e da una <b>gemme scure, appiccicose e lucenti<\/b>che sono un vero spettacolo visivo. Come si pu\u00f2 vedere nelle foto di questa pianta, queste cime assumono un aspetto glassato, grazie alla loro <b>spesso strato di tricomi<\/b>.<\/p>\n<h2>Come si coltivano questi semi all'interno e all'esterno?<\/h2>\n<h3>Coltivazione indoor:<\/h3>\n<p>La Watermelon OG \u00e8 una scelta fantastica per coloro che cercano di massimizzare lo spazio e i rendimenti, dato che farete fatica a vedere il pavimento della grow room perch\u00e9 sar\u00e0 pieno di cime. Nonostante sia una variet\u00e0 da fotoperiodo, il suo periodo di fioritura \u00e8 relativamente breve, ma posso assicurarvi che lo sfrutta al meglio per produrre come un campione. Mantenere un buon controllo climatico \u00e8 fondamentale per evitare problemi e garantire un raccolto abbondante. <b>Si possono mettere fino a 12 o addirittura 16 piante\/m2, ma non \u00e8 necessario dare pi\u00f9 di 25 giorni di crescita.<\/b> vegetativo, perch\u00e9 altrimenti possono sfuggire al controllo.<\/p>\n<h3>Coltivazione all'aperto:<\/h3>\n<p>La Watermelon OG outdoor \u00e8 un'esperienza piacevole che ogni consumatore di cannabis dovrebbe provare prima o poi nella sua vita. Questa pianta mostra il suo pieno potenziale quando \u00e8 disponibile una buona quantit\u00e0 di substrato, soprattutto se si tratta di una pianta di tipo <b>Super suolo<\/b>dove pu\u00f2 raggiungere altezze impressionanti e fornire rese elevate e il miglior sapore. Per ottenere i migliori risultati, \u00e8 consigliabile fornire alla pianta un <b>minimo di 6-7 ore di sole diretto<\/b>Inoltre, sostiene i suoi rami durante la fase di fioritura per sostenere il peso delle gemme.<\/p>\n<h2>Quando viene raccolto l'Watermelon OG?<\/h2>\n<p>La Watermelon OG ha un ciclo di fioritura straordinariamente veloce. Al chiuso, sar\u00e0 pronta per la raccolta in <b>solo 55-60 giorni<\/b>\u00c8 un tempo record per chi \u00e8 impaziente. All'aperto, la raccolta avviene a <b>fine settembre<\/b>Il raccolto \u00e8 ideale per chi vuole sfruttare al massimo la stagione di crescita nell'emisfero settentrionale. Nell'emisfero meridionale si raccoglie alla fine di marzo, poco prima che inizino le temute piogge autunnali nella maggior parte dei luoghi.<\/p>\n<h2>Quanto producono questi semi?<\/h2>\n<p>La resa della Watermelon OG \u00e8 impressionante quanto il suo sapore. Al chiuso, i coltivatori possono aspettarsi raccolti di <b>fino a 550 g\/m\u00b2.<\/b>una quantit\u00e0 considerevole per le sue dimensioni. All'aperto, la pianta pu\u00f2 essere ancora pi\u00f9 generosa, grazie alla sua capacit\u00e0 di espandersi e sfruttare lo spazio naturale, non sorprende ottenere pi\u00f9 di 700 grammi per pianta. La qualit\u00e0 delle sue cime \u00e8 notevole, con un denso strato di resina che le rende ideali per le estrazioni.<\/p>\n<h2>Com'\u00e8 l'aroma e il gusto dell'Watermelon OG?<\/h2>\n<p>I suoi boccioli sprigionano un aroma dolce e rinfrescante, che ricorda quello della <b>anguria matura<\/b> in una giornata estiva. Quando si fuma, questo profilo si intensifica, offrendo un'esperienza di gusto unica e piacevole. \u00c8 una vera festa in bocca, anche mezz'ora dopo aver fumato o svapato, si pu\u00f2 ancora sentire il suo straordinario sapore.<\/p>\n<h2>Che tipo di effetto ha questa marijuana?<\/h2>\n<p>Con un alto contenuto di THC di circa<b> 25%<\/b>Questa variet\u00e0 fornisce un <b>esperienza euforica ed esaltante<\/b>Il lato Indica della pianta \u00e8 ideale per incoraggiare la creativit\u00e0 e godere dei momenti sociali. Allo stesso tempo, il suo lato Indica fornisce una <b>rilassamento del corpo<\/b> che pu\u00f2 essere utile per alleviare lo stress e l'ansia, rendendo l'Watermelon OG una scelta versatile per diversi tipi di utenti.<\/p>\n<h2>Acquistare Watermelon OG al miglior prezzo online su Advancedseeds.com<\/h2>\n<p>Siete pronti a sperimentare il gusto e gli effetti unici della Watermelon OG?  Non perdete l'occasione di coltivare una delle variet\u00e0 pi\u00f9 gustose e potenti del mercato: ordinate oggi stesso e immergetevi nel mondo della Watermelon OG!<\/p>\n<h2>Domande frequenti su Watermelon OG:<\/h2>\n<h3>Come massimizzare la produzione di resina nell'Watermelon OG?<\/h3>\n<p>Mantenere condizioni di illuminazione ottimali, preferibilmente a LED a spettro completo, e aggiungere zuccheri o carboidrati all'irrigazione.<\/p>\n<h3>L'Watermelon OG va bene per uso terapeutico?<\/h3>\n<p>S\u00ec, il suo alto contenuto di THC e il suo equilibrio tra indica e sativa la rendono adatta a trattare alcuni disturbi come lo stress e l'ansia.<\/p>\n<h3>Quali precauzioni bisogna prendere quando si coltiva la Watermelon OG all'aperto?<\/h3>\n<p>\u00c8 importante proteggerlo dalle intemperie e dai parassiti, oltre a sostenerne i rami durante la fioritura.<\/p>","protected":false},"excerpt":{"rendered":"<p>-<\/p>","protected":false},"featured_media":19698,"comment_status":"open","ping_status":"closed","template":"","meta":{"_acf_changed":false},"product_brand":[],"product_cat":[69],"product_tag":[],"class_list":{"0":"post-2753","1":"product","2":"type-product","3":"status-publish","4":"has-post-thumbnail","6":"product_cat-feminizadas","8":"first","9":"instock","10":"taxable","11":"shipping-taxable","12":"purchasable","13":"product-type-variable"},"acf":[],"yoast_head":"<!-- This site is optimized with the Yoast SEO Premium plugin v26.3 (Yoast SEO v26.6) - https:\/\/yoast.com\/wordpress\/plugins\/seo\/ -->\n<title>Watermelon OG - Advanced Seeds<\/title>\n<meta name=\"robots\" content=\"index, follow, max-snippet:-1, max-image-preview:large, max-video-preview:-1\" \/>\n<link rel=\"canonical\" href=\"https:\/\/advancedseeds.com\/it\/tienda\/feminizadas\/watermelon-og\/\" \/>\n<meta property=\"og:locale\" content=\"it_IT\" \/>\n<meta property=\"og:type\" content=\"article\" \/>\n<meta property=\"og:title\" content=\"Watermelon OG\" \/>\n<meta property=\"og:description\" content=\"-\" \/>\n<meta property=\"og:url\" content=\"https:\/\/advancedseeds.com\/it\/tienda\/feminizadas\/watermelon-og\/\" \/>\n<meta property=\"og:site_name\" content=\"Advanced Seeds\" \/>\n<meta property=\"article:modified_time\" content=\"2025-03-22T16:16:36+00:00\" \/>\n<meta property=\"og:image\" content=\"https:\/\/advancedseeds.com\/web\/wp-content\/uploads\/2021\/08\/Watermelon-OG-1-scaled.jpg\" \/>\n\t<meta property=\"og:image:width\" content=\"1929\" \/>\n\t<meta property=\"og:image:height\" content=\"2560\" \/>\n\t<meta property=\"og:image:type\" content=\"image\/jpeg\" \/>\n<meta name=\"twitter:card\" content=\"summary_large_image\" \/>\n<meta name=\"twitter:label1\" content=\"Tempo di lettura stimato\" \/>\n\t<meta name=\"twitter:data1\" content=\"5 minuti\" \/>\n<script type=\"application\/ld+json\" class=\"yoast-schema-graph\">{\"@context\":\"https:\/\/schema.org\",\"@graph\":[{\"@type\":\"WebPage\",\"@id\":\"https:\/\/advancedseeds.com\/tienda\/feminizadas\/watermelon-og\/\",\"url\":\"https:\/\/advancedseeds.com\/tienda\/feminizadas\/watermelon-og\/\",\"name\":\"Watermelon OG - Advanced Seeds\",\"isPartOf\":{\"@id\":\"https:\/\/advancedseeds.com\/#website\"},\"primaryImageOfPage\":{\"@id\":\"https:\/\/advancedseeds.com\/tienda\/feminizadas\/watermelon-og\/#primaryimage\"},\"image\":{\"@id\":\"https:\/\/advancedseeds.com\/tienda\/feminizadas\/watermelon-og\/#primaryimage\"},\"thumbnailUrl\":\"https:\/\/advancedseeds.com\/web\/wp-content\/uploads\/2021\/08\/Watermelon-OG-1-scaled.jpg\",\"datePublished\":\"2021-08-23T11:04:38+00:00\",\"dateModified\":\"2025-03-22T16:16:36+00:00\",\"breadcrumb\":{\"@id\":\"https:\/\/advancedseeds.com\/tienda\/feminizadas\/watermelon-og\/#breadcrumb\"},\"inLanguage\":\"it-IT\",\"potentialAction\":[{\"@type\":\"ReadAction\",\"target\":[\"https:\/\/advancedseeds.com\/tienda\/feminizadas\/watermelon-og\/\"]}]},{\"@type\":\"ImageObject\",\"inLanguage\":\"it-IT\",\"@id\":\"https:\/\/advancedseeds.com\/tienda\/feminizadas\/watermelon-og\/#primaryimage\",\"url\":\"https:\/\/advancedseeds.com\/web\/wp-content\/uploads\/2021\/08\/Watermelon-OG-1-scaled.jpg\",\"contentUrl\":\"https:\/\/advancedseeds.com\/web\/wp-content\/uploads\/2021\/08\/Watermelon-OG-1-scaled.jpg\",\"width\":1929,\"height\":2560},{\"@type\":\"BreadcrumbList\",\"@id\":\"https:\/\/advancedseeds.com\/tienda\/feminizadas\/watermelon-og\/#breadcrumb\",\"itemListElement\":[{\"@type\":\"ListItem\",\"position\":1,\"name\":\"Home\",\"item\":\"https:\/\/advancedseeds.com\/\"},{\"@type\":\"ListItem\",\"position\":2,\"name\":\"Tienda\",\"item\":\"https:\/\/advancedseeds.com\/\"},{\"@type\":\"ListItem\",\"position\":3,\"name\":\"Watermelon OG\"}]},{\"@type\":\"WebSite\",\"@id\":\"https:\/\/advancedseeds.com\/#website\",\"url\":\"https:\/\/advancedseeds.com\/\",\"name\":\"Advanced Seeds\",\"description\":\"Gen\u00e9ticas Avanzadas en semillas feminizadas y autom\u00e1ticas.\",\"publisher\":{\"@id\":\"https:\/\/advancedseeds.com\/#organization\"},\"potentialAction\":[{\"@type\":\"SearchAction\",\"target\":{\"@type\":\"EntryPoint\",\"urlTemplate\":\"https:\/\/advancedseeds.com\/?s={search_term_string}\"},\"query-input\":{\"@type\":\"PropertyValueSpecification\",\"valueRequired\":true,\"valueName\":\"search_term_string\"}}],\"inLanguage\":\"it-IT\"},{\"@type\":\"Organization\",\"@id\":\"https:\/\/advancedseeds.com\/#organization\",\"name\":\"Advanced Seeds\",\"url\":\"https:\/\/advancedseeds.com\/\",\"logo\":{\"@type\":\"ImageObject\",\"inLanguage\":\"it-IT\",\"@id\":\"https:\/\/advancedseeds.com\/#\/schema\/logo\/image\/\",\"url\":\"https:\/\/advancedseeds.com\/web\/wp-content\/uploads\/2021\/01\/logo-advanced.jpg\",\"contentUrl\":\"https:\/\/advancedseeds.com\/web\/wp-content\/uploads\/2021\/01\/logo-advanced.jpg\",\"width\":600,\"height\":600,\"caption\":\"Advanced Seeds\"},\"image\":{\"@id\":\"https:\/\/advancedseeds.com\/#\/schema\/logo\/image\/\"}}]}<\/script>\n<!-- \/ Yoast SEO Premium plugin. -->","yoast_head_json":{"title":"Watermelon OG - Advanced Seeds","robots":{"index":"index","follow":"follow","max-snippet":"max-snippet:-1","max-image-preview":"max-image-preview:large","max-video-preview":"max-video-preview:-1"},"canonical":"https:\/\/advancedseeds.com\/it\/tienda\/feminizadas\/watermelon-og\/","og_locale":"it_IT","og_type":"article","og_title":"Watermelon OG","og_description":"-","og_url":"https:\/\/advancedseeds.com\/it\/tienda\/feminizadas\/watermelon-og\/","og_site_name":"Advanced Seeds","article_modified_time":"2025-03-22T16:16:36+00:00","og_image":[{"width":1929,"height":2560,"url":"https:\/\/advancedseeds.com\/web\/wp-content\/uploads\/2021\/08\/Watermelon-OG-1-scaled.jpg","type":"image\/jpeg"}],"twitter_card":"summary_large_image","twitter_misc":{"Tempo di lettura stimato":"5 minuti"},"schema":{"@context":"https:\/\/schema.org","@graph":[{"@type":"WebPage","@id":"https:\/\/advancedseeds.com\/tienda\/feminizadas\/watermelon-og\/","url":"https:\/\/advancedseeds.com\/tienda\/feminizadas\/watermelon-og\/","name":"Watermelon OG - Advanced Seeds","isPartOf":{"@id":"https:\/\/advancedseeds.com\/#website"},"primaryImageOfPage":{"@id":"https:\/\/advancedseeds.com\/tienda\/feminizadas\/watermelon-og\/#primaryimage"},"image":{"@id":"https:\/\/advancedseeds.com\/tienda\/feminizadas\/watermelon-og\/#primaryimage"},"thumbnailUrl":"https:\/\/advancedseeds.com\/web\/wp-content\/uploads\/2021\/08\/Watermelon-OG-1-scaled.jpg","datePublished":"2021-08-23T11:04:38+00:00","dateModified":"2025-03-22T16:16:36+00:00","breadcrumb":{"@id":"https:\/\/advancedseeds.com\/tienda\/feminizadas\/watermelon-og\/#breadcrumb"},"inLanguage":"it-IT","potentialAction":[{"@type":"ReadAction","target":["https:\/\/advancedseeds.com\/tienda\/feminizadas\/watermelon-og\/"]}]},{"@type":"ImageObject","inLanguage":"it-IT","@id":"https:\/\/advancedseeds.com\/tienda\/feminizadas\/watermelon-og\/#primaryimage","url":"https:\/\/advancedseeds.com\/web\/wp-content\/uploads\/2021\/08\/Watermelon-OG-1-scaled.jpg","contentUrl":"https:\/\/advancedseeds.com\/web\/wp-content\/uploads\/2021\/08\/Watermelon-OG-1-scaled.jpg","width":1929,"height":2560},{"@type":"BreadcrumbList","@id":"https:\/\/advancedseeds.com\/tienda\/feminizadas\/watermelon-og\/#breadcrumb","itemListElement":[{"@type":"ListItem","position":1,"name":"Home","item":"https:\/\/advancedseeds.com\/"},{"@type":"ListItem","position":2,"name":"Tienda","item":"https:\/\/advancedseeds.com\/"},{"@type":"ListItem","position":3,"name":"Watermelon OG"}]},{"@type":"WebSite","@id":"https:\/\/advancedseeds.com\/#website","url":"https:\/\/advancedseeds.com\/","name":"Semi avanzati","description":"Genetica avanzata in semi femminizzati e automatici.","publisher":{"@id":"https:\/\/advancedseeds.com\/#organization"},"potentialAction":[{"@type":"SearchAction","target":{"@type":"EntryPoint","urlTemplate":"https:\/\/advancedseeds.com\/?s={search_term_string}"},"query-input":{"@type":"PropertyValueSpecification","valueRequired":true,"valueName":"search_term_string"}}],"inLanguage":"it-IT"},{"@type":"Organization","@id":"https:\/\/advancedseeds.com\/#organization","name":"Semi avanzati","url":"https:\/\/advancedseeds.com\/","logo":{"@type":"ImageObject","inLanguage":"it-IT","@id":"https:\/\/advancedseeds.com\/#\/schema\/logo\/image\/","url":"https:\/\/advancedseeds.com\/web\/wp-content\/uploads\/2021\/01\/logo-advanced.jpg","contentUrl":"https:\/\/advancedseeds.com\/web\/wp-content\/uploads\/2021\/01\/logo-advanced.jpg","width":600,"height":600,"caption":"Advanced Seeds"},"image":{"@id":"https:\/\/advancedseeds.com\/#\/schema\/logo\/image\/"}}]}},"_links":{"self":[{"href":"https:\/\/advancedseeds.com\/it\/wp-json\/wp\/v2\/product\/2753","targetHints":{"allow":["GET"]}}],"collection":[{"href":"https:\/\/advancedseeds.com\/it\/wp-json\/wp\/v2\/product"}],"about":[{"href":"https:\/\/advancedseeds.com\/it\/wp-json\/wp\/v2\/types\/product"}],"replies":[{"embeddable":true,"href":"https:\/\/advancedseeds.com\/it\/wp-json\/wp\/v2\/comments?post=2753"}],"wp:featuredmedia":[{"embeddable":true,"href":"https:\/\/advancedseeds.com\/it\/wp-json\/wp\/v2\/media\/19698"}],"wp:attachment":[{"href":"https:\/\/advancedseeds.com\/it\/wp-json\/wp\/v2\/media?parent=2753"}],"wp:term":[{"taxonomy":"product_brand","embeddable":true,"href":"https:\/\/advancedseeds.com\/it\/wp-json\/wp\/v2\/product_brand?post=2753"},{"taxonomy":"product_cat","embeddable":true,"href":"https:\/\/advancedseeds.com\/it\/wp-json\/wp\/v2\/product_cat?post=2753"},{"taxonomy":"product_tag","embeddable":true,"href":"https:\/\/advancedseeds.com\/it\/wp-json\/wp\/v2\/product_tag?post=2753"}],"curies":[{"name":"wp","href":"https:\/\/api.w.org\/{rel}","templated":true}]}}