{"id":2774,"date":"2021-08-23T12:45:57","date_gmt":"2021-08-23T11:45:57","guid":{"rendered":"https:\/\/advancedseeds.com\/web\/?post_type=product&#038;p=2774"},"modified":"2025-03-27T12:25:40","modified_gmt":"2025-03-27T11:25:40","slug":"zkittlez-fast","status":"publish","type":"product","link":"https:\/\/advancedseeds.com\/it\/tienda\/fast\/zkittlez-fast\/","title":{"rendered":"Zkittlez Veloce"},"content":{"rendered":"<p><b>Zkittlez Veloce<\/b> di Advanced Seeds \u00e8 una meraviglia per i coltivatori che cercano velocit\u00e0 e sapore. Queste <a href=\"https:\/\/advancedseeds.com\/web\/categoria-producto\/fast\/\">semi veloci <\/a>rappresentare il <b>versione veloce del famoso <\/b><a href=\"https:\/\/advancedseeds.com\/web\/producto\/zkittlez\/\"><b>variet\u00e0 Zkittlez<\/b><\/a> Mantiene tutte le propriet\u00e0 organolettiche dell'originale, ma con un tempo di fioritura molto pi\u00f9 breve: l'ideale per vivere un'esperienza tropicale in un batter d'occhio!<\/p>\n<h2>Qual \u00e8 la genetica di questi semi?<\/h2>\n<p>Zkittlez Fast \u00e8 il <b>risultato dell'incrocio tra l'acclamato Zkittlez e il <\/b><a href=\"https:\/\/advancedseeds.com\/web\/producto\/auto-zkittlez\/\"><b>Auto Zkittlez<\/b><\/a>Si tratta di un ibrido a predominanza indica che mantiene l'essenza del suo antenato. Questa genetica ibrida incorpora il meglio di Grape Ape e Grapefruit, due ceppi rinomati per il loro gusto unico e l'effetto equilibrato. \u00c8 stata campione in diversi concorsi di cannabis, il che parla della sua eccezionale qualit\u00e0. Zkittlez Fast \u00e8 perfetta per chi cerca un gusto intenso e un effetto creativo e rilassante nel pi\u00f9 breve tempo possibile.<\/p>\n<h2>Che aspetto ha Zkittlez Fast?<\/h2>\n<p>L'Zkittlez Fast si distingue per <b>fiori densi e straordinariamente resinosi di colore verde chiaro con sfumature bluastre o violacee<\/b>La pianta raggiunge un'altezza moderata, perfetta per la coltivazione sia indoor che outdoor. La pianta raggiunge un'altezza moderata, perfetta per la coltivazione sia indoor che outdoor. La distribuzione dei suoi nodi permette uno sviluppo equilibrato, facilitando la formazione di cime generose e molto strette su tutta la pianta. La sua produzione di resina \u00e8 notevole, quasi quanto la versione normale.<\/p>\n<h2>Come si coltivano questi semi all'interno e all'esterno?<\/h2>\n<h3>Coltivazione indoor:<\/h3>\n<p>Zkittlez Fast \u00e8 un'opzione <b>Ideale per i coltivatori impazienti<\/b> che desiderano raccogliere in tempi brevi ma vogliono semi a fioritura normale. Questa variet\u00e0 risponde bene a tecniche come <b>SOG o LST<\/b>che contribuisce ad aumentare la produzione. Per ottenere il massimo dal suo profilo aromatico, si consiglia l'uso di <b>fertilizzanti organici<\/b>Le radici devono essere ben lavate prima della raccolta.<\/p>\n<h3>Coltivazione all'aperto:<\/h3>\n<p>L'Zkittlez Fast pu\u00f2 raggiungere <b>altezze fino a 2,5 metri circa<\/b>ed \u00e8 resistente a diverse condizioni climatiche, oltre ad essere <b>Perfetto per climi freddi o piovosi<\/b> grazie alla sua precocit\u00e0 di raccolta. Per ottenere risultati ottimali, si consiglia di piantare in <b>vasi da oltre 40 litri<\/b>Dico questo perch\u00e9 molti pensano che vengano coltivate come le piante autofiorenti, e in questo caso apprezzano di avere pi\u00f9 substrato.<\/p>\n<h2>Quando viene raccolto l'Zkittlez Fast?<\/h2>\n<p>La velocit\u00e0 \u00e8 uno dei principali vantaggi della Zkittlez Fast. Al chiuso, sar\u00e0 pronta per la raccolta in <b>solo 45-55 giorni<\/b>Nell'emisfero settentrionale all'aperto pu\u00f2 essere raccolta a fine settembre. I coltivatori outdoor dell'emisfero meridionale apprezzano molto queste variet\u00e0 perch\u00e9 possono essere raccolte a fine marzo.<\/p>\n<h2>Quanto producono questi semi?<\/h2>\n<p>Al chiuso, i coltivatori possono aspettarsi <b>fino a 550 g\/m\u00b2.<\/b>All'aperto, con le giuste condizioni, i raccolti possono essere altrettanto impressionanti. La pianta produce cime dense e resinose che perdono poco peso durante l'essiccazione, garantendo quantit\u00e0 e qualit\u00e0 ad ogni raccolto.<\/p>\n<h2>Com'\u00e8 l'aroma e il gusto dell'Zkittlez Fast?<\/h2>\n<p>Con un <b>sapore fresco e pronunciato di frutta tropicale<\/b>Questa variet\u00e0 delizia il palato e mantiene a lungo il suo sapore in bocca. L'aroma \u00e8 altrettanto attraente, ma molto intenso, con note dolci, aspre e fruttate che invitano a un'esperienza sensoriale completa.<\/p>\n<h2>Che tipo di effetto ha questa marijuana?<\/h2>\n<p>Zkittlez Fast offre un effetto equilibrato e piacevole. <b>Inizia con un'euforia cerebrale creativa e si stabilizza in un rilassamento corporeo.<\/b>\u00c8 ideale da gustare in qualsiasi momento della giornata. Il suo contenuto di THC di <b>23%<\/b> assicura un effetto potente ma gestibile, perfetto sia per le attivit\u00e0 creative che per il relax.<\/p>\n<h3>Acquistare Zkittlez Fast al miglior prezzo online su Advancedseeds.com<\/h3>\n<p>Siete pronti a provare la veloce e deliziosa Zkittlez Fast? Vi assicuro che non ve ne pentirete, perch\u00e9 questa \u00e8 una delle migliori erbacce disponibili oggi. Non aspettate oltre per coltivare e godere di questa eccezionale variet\u00e0!<\/p>\n<h2>Domande frequenti su Zkittlez Fast:<\/h2>\n<h3>Qual \u00e8 il tipo di substrato migliore per l'Zkittlez Fast?<\/h3>\n<p>Per una crescita ottimale preferisce substrati ben drenati e ricchi di sostanze nutritive.<\/p>\n<h3>Qual \u00e8 il modo migliore per essiccare e curare i germogli di Zkittlez Fast?<\/h3>\n<p>L'essiccazione lenta e la corretta stagionatura sono fondamentali per preservare i loro aromi e sapori intensi, oltre che per esaltare il loro contenuto di cannabinoidi.<\/p>\n<h3>L'Zkittlez Fast \u00e8 adatto ai climi freddi?<\/h3>\n<p>S\u00ec, grazie alla sua rapida fioritura pu\u00f2 essere raccolta prima dell'arrivo del gelo.<\/p>","protected":false},"excerpt":{"rendered":"<p>-<\/p>","protected":false},"featured_media":20339,"comment_status":"open","ping_status":"closed","template":"","meta":{"_acf_changed":false},"product_brand":[],"product_cat":[80],"product_tag":[],"class_list":{"0":"post-2774","1":"product","2":"type-product","3":"status-publish","4":"has-post-thumbnail","6":"product_cat-fast","8":"first","9":"instock","10":"taxable","11":"shipping-taxable","12":"purchasable","13":"product-type-variable"},"acf":[],"yoast_head":"<!-- This site is optimized with the Yoast SEO Premium plugin v26.3 (Yoast SEO v26.6) - https:\/\/yoast.com\/wordpress\/plugins\/seo\/ -->\n<title>Zkittlez Fast - Advanced Seeds<\/title>\n<meta name=\"robots\" content=\"index, follow, max-snippet:-1, max-image-preview:large, max-video-preview:-1\" \/>\n<link rel=\"canonical\" href=\"https:\/\/advancedseeds.com\/it\/tienda\/fast\/zkittlez-fast\/\" \/>\n<meta property=\"og:locale\" content=\"it_IT\" \/>\n<meta property=\"og:type\" content=\"article\" \/>\n<meta property=\"og:title\" content=\"Zkittlez Fast\" \/>\n<meta property=\"og:description\" content=\"-\" \/>\n<meta property=\"og:url\" content=\"https:\/\/advancedseeds.com\/it\/tienda\/fast\/zkittlez-fast\/\" \/>\n<meta property=\"og:site_name\" content=\"Advanced Seeds\" \/>\n<meta property=\"article:modified_time\" content=\"2025-03-27T11:25:40+00:00\" \/>\n<meta property=\"og:image\" content=\"https:\/\/advancedseeds.com\/web\/wp-content\/uploads\/2021\/08\/Zkittlez-Fast-1-scaled.jpg\" \/>\n\t<meta property=\"og:image:width\" content=\"1929\" \/>\n\t<meta property=\"og:image:height\" content=\"2560\" \/>\n\t<meta property=\"og:image:type\" content=\"image\/jpeg\" \/>\n<meta name=\"twitter:card\" content=\"summary_large_image\" \/>\n<meta name=\"twitter:label1\" content=\"Tempo di lettura stimato\" \/>\n\t<meta name=\"twitter:data1\" content=\"4 minuti\" \/>\n<script type=\"application\/ld+json\" class=\"yoast-schema-graph\">{\"@context\":\"https:\/\/schema.org\",\"@graph\":[{\"@type\":\"WebPage\",\"@id\":\"https:\/\/advancedseeds.com\/tienda\/fast\/zkittlez-fast\/\",\"url\":\"https:\/\/advancedseeds.com\/tienda\/fast\/zkittlez-fast\/\",\"name\":\"Zkittlez Fast - Advanced Seeds\",\"isPartOf\":{\"@id\":\"https:\/\/advancedseeds.com\/#website\"},\"primaryImageOfPage\":{\"@id\":\"https:\/\/advancedseeds.com\/tienda\/fast\/zkittlez-fast\/#primaryimage\"},\"image\":{\"@id\":\"https:\/\/advancedseeds.com\/tienda\/fast\/zkittlez-fast\/#primaryimage\"},\"thumbnailUrl\":\"https:\/\/advancedseeds.com\/web\/wp-content\/uploads\/2021\/08\/Zkittlez-Fast-1-scaled.jpg\",\"datePublished\":\"2021-08-23T11:45:57+00:00\",\"dateModified\":\"2025-03-27T11:25:40+00:00\",\"breadcrumb\":{\"@id\":\"https:\/\/advancedseeds.com\/tienda\/fast\/zkittlez-fast\/#breadcrumb\"},\"inLanguage\":\"it-IT\",\"potentialAction\":[{\"@type\":\"ReadAction\",\"target\":[\"https:\/\/advancedseeds.com\/tienda\/fast\/zkittlez-fast\/\"]}]},{\"@type\":\"ImageObject\",\"inLanguage\":\"it-IT\",\"@id\":\"https:\/\/advancedseeds.com\/tienda\/fast\/zkittlez-fast\/#primaryimage\",\"url\":\"https:\/\/advancedseeds.com\/web\/wp-content\/uploads\/2021\/08\/Zkittlez-Fast-1-scaled.jpg\",\"contentUrl\":\"https:\/\/advancedseeds.com\/web\/wp-content\/uploads\/2021\/08\/Zkittlez-Fast-1-scaled.jpg\",\"width\":1929,\"height\":2560},{\"@type\":\"BreadcrumbList\",\"@id\":\"https:\/\/advancedseeds.com\/tienda\/fast\/zkittlez-fast\/#breadcrumb\",\"itemListElement\":[{\"@type\":\"ListItem\",\"position\":1,\"name\":\"Home\",\"item\":\"https:\/\/advancedseeds.com\/\"},{\"@type\":\"ListItem\",\"position\":2,\"name\":\"Tienda\",\"item\":\"https:\/\/advancedseeds.com\/\"},{\"@type\":\"ListItem\",\"position\":3,\"name\":\"Zkittlez Fast\"}]},{\"@type\":\"WebSite\",\"@id\":\"https:\/\/advancedseeds.com\/#website\",\"url\":\"https:\/\/advancedseeds.com\/\",\"name\":\"Advanced Seeds\",\"description\":\"Gen\u00e9ticas Avanzadas en semillas feminizadas y autom\u00e1ticas.\",\"publisher\":{\"@id\":\"https:\/\/advancedseeds.com\/#organization\"},\"potentialAction\":[{\"@type\":\"SearchAction\",\"target\":{\"@type\":\"EntryPoint\",\"urlTemplate\":\"https:\/\/advancedseeds.com\/?s={search_term_string}\"},\"query-input\":{\"@type\":\"PropertyValueSpecification\",\"valueRequired\":true,\"valueName\":\"search_term_string\"}}],\"inLanguage\":\"it-IT\"},{\"@type\":\"Organization\",\"@id\":\"https:\/\/advancedseeds.com\/#organization\",\"name\":\"Advanced Seeds\",\"url\":\"https:\/\/advancedseeds.com\/\",\"logo\":{\"@type\":\"ImageObject\",\"inLanguage\":\"it-IT\",\"@id\":\"https:\/\/advancedseeds.com\/#\/schema\/logo\/image\/\",\"url\":\"https:\/\/advancedseeds.com\/web\/wp-content\/uploads\/2021\/01\/logo-advanced.jpg\",\"contentUrl\":\"https:\/\/advancedseeds.com\/web\/wp-content\/uploads\/2021\/01\/logo-advanced.jpg\",\"width\":600,\"height\":600,\"caption\":\"Advanced Seeds\"},\"image\":{\"@id\":\"https:\/\/advancedseeds.com\/#\/schema\/logo\/image\/\"}}]}<\/script>\n<!-- \/ Yoast SEO Premium plugin. -->","yoast_head_json":{"title":"Zkittlez Fast - Advanced Seeds","robots":{"index":"index","follow":"follow","max-snippet":"max-snippet:-1","max-image-preview":"max-image-preview:large","max-video-preview":"max-video-preview:-1"},"canonical":"https:\/\/advancedseeds.com\/it\/tienda\/fast\/zkittlez-fast\/","og_locale":"it_IT","og_type":"article","og_title":"Zkittlez Fast","og_description":"-","og_url":"https:\/\/advancedseeds.com\/it\/tienda\/fast\/zkittlez-fast\/","og_site_name":"Advanced Seeds","article_modified_time":"2025-03-27T11:25:40+00:00","og_image":[{"width":1929,"height":2560,"url":"https:\/\/advancedseeds.com\/web\/wp-content\/uploads\/2021\/08\/Zkittlez-Fast-1-scaled.jpg","type":"image\/jpeg"}],"twitter_card":"summary_large_image","twitter_misc":{"Tempo di lettura stimato":"4 minuti"},"schema":{"@context":"https:\/\/schema.org","@graph":[{"@type":"WebPage","@id":"https:\/\/advancedseeds.com\/tienda\/fast\/zkittlez-fast\/","url":"https:\/\/advancedseeds.com\/tienda\/fast\/zkittlez-fast\/","name":"Zkittlez Fast - Advanced Seeds","isPartOf":{"@id":"https:\/\/advancedseeds.com\/#website"},"primaryImageOfPage":{"@id":"https:\/\/advancedseeds.com\/tienda\/fast\/zkittlez-fast\/#primaryimage"},"image":{"@id":"https:\/\/advancedseeds.com\/tienda\/fast\/zkittlez-fast\/#primaryimage"},"thumbnailUrl":"https:\/\/advancedseeds.com\/web\/wp-content\/uploads\/2021\/08\/Zkittlez-Fast-1-scaled.jpg","datePublished":"2021-08-23T11:45:57+00:00","dateModified":"2025-03-27T11:25:40+00:00","breadcrumb":{"@id":"https:\/\/advancedseeds.com\/tienda\/fast\/zkittlez-fast\/#breadcrumb"},"inLanguage":"it-IT","potentialAction":[{"@type":"ReadAction","target":["https:\/\/advancedseeds.com\/tienda\/fast\/zkittlez-fast\/"]}]},{"@type":"ImageObject","inLanguage":"it-IT","@id":"https:\/\/advancedseeds.com\/tienda\/fast\/zkittlez-fast\/#primaryimage","url":"https:\/\/advancedseeds.com\/web\/wp-content\/uploads\/2021\/08\/Zkittlez-Fast-1-scaled.jpg","contentUrl":"https:\/\/advancedseeds.com\/web\/wp-content\/uploads\/2021\/08\/Zkittlez-Fast-1-scaled.jpg","width":1929,"height":2560},{"@type":"BreadcrumbList","@id":"https:\/\/advancedseeds.com\/tienda\/fast\/zkittlez-fast\/#breadcrumb","itemListElement":[{"@type":"ListItem","position":1,"name":"Home","item":"https:\/\/advancedseeds.com\/"},{"@type":"ListItem","position":2,"name":"Tienda","item":"https:\/\/advancedseeds.com\/"},{"@type":"ListItem","position":3,"name":"Zkittlez Fast"}]},{"@type":"WebSite","@id":"https:\/\/advancedseeds.com\/#website","url":"https:\/\/advancedseeds.com\/","name":"Semi avanzati","description":"Genetica avanzata in semi femminizzati e automatici.","publisher":{"@id":"https:\/\/advancedseeds.com\/#organization"},"potentialAction":[{"@type":"SearchAction","target":{"@type":"EntryPoint","urlTemplate":"https:\/\/advancedseeds.com\/?s={search_term_string}"},"query-input":{"@type":"PropertyValueSpecification","valueRequired":true,"valueName":"search_term_string"}}],"inLanguage":"it-IT"},{"@type":"Organization","@id":"https:\/\/advancedseeds.com\/#organization","name":"Semi avanzati","url":"https:\/\/advancedseeds.com\/","logo":{"@type":"ImageObject","inLanguage":"it-IT","@id":"https:\/\/advancedseeds.com\/#\/schema\/logo\/image\/","url":"https:\/\/advancedseeds.com\/web\/wp-content\/uploads\/2021\/01\/logo-advanced.jpg","contentUrl":"https:\/\/advancedseeds.com\/web\/wp-content\/uploads\/2021\/01\/logo-advanced.jpg","width":600,"height":600,"caption":"Advanced Seeds"},"image":{"@id":"https:\/\/advancedseeds.com\/#\/schema\/logo\/image\/"}}]}},"_links":{"self":[{"href":"https:\/\/advancedseeds.com\/it\/wp-json\/wp\/v2\/product\/2774","targetHints":{"allow":["GET"]}}],"collection":[{"href":"https:\/\/advancedseeds.com\/it\/wp-json\/wp\/v2\/product"}],"about":[{"href":"https:\/\/advancedseeds.com\/it\/wp-json\/wp\/v2\/types\/product"}],"replies":[{"embeddable":true,"href":"https:\/\/advancedseeds.com\/it\/wp-json\/wp\/v2\/comments?post=2774"}],"wp:featuredmedia":[{"embeddable":true,"href":"https:\/\/advancedseeds.com\/it\/wp-json\/wp\/v2\/media\/20339"}],"wp:attachment":[{"href":"https:\/\/advancedseeds.com\/it\/wp-json\/wp\/v2\/media?parent=2774"}],"wp:term":[{"taxonomy":"product_brand","embeddable":true,"href":"https:\/\/advancedseeds.com\/it\/wp-json\/wp\/v2\/product_brand?post=2774"},{"taxonomy":"product_cat","embeddable":true,"href":"https:\/\/advancedseeds.com\/it\/wp-json\/wp\/v2\/product_cat?post=2774"},{"taxonomy":"product_tag","embeddable":true,"href":"https:\/\/advancedseeds.com\/it\/wp-json\/wp\/v2\/product_tag?post=2774"}],"curies":[{"name":"wp","href":"https:\/\/api.w.org\/{rel}","templated":true}]}}