{"id":2788,"date":"2021-08-23T12:58:13","date_gmt":"2021-08-23T11:58:13","guid":{"rendered":"https:\/\/advancedseeds.com\/web\/?post_type=product&#038;p=2788"},"modified":"2025-03-22T18:23:06","modified_gmt":"2025-03-22T17:23:06","slug":"auto-slurrycane","status":"publish","type":"product","link":"https:\/\/advancedseeds.com\/it\/tienda\/automaticas\/auto-slurrycane\/","title":{"rendered":"Auto Slurricane"},"content":{"rendered":"<p><span style=\"font-weight: 400\">Il <\/span><a href=\"https:\/\/advancedseeds.com\/web\/categoria-producto\/automaticas\/\"><b>semi autofiorenti<\/b><\/a><b> di marijuana Auto Slurricane<\/b><span style=\"font-weight: 400\"> di Advanced Seeds sono una scelta eccezionale per i coltivatori che cercano la combinazione perfetta di sapore intenso, potenza e facilit\u00e0 di coltivazione. \u00c8 anche notevole per la sua bellezza, anche se questo non ha molta importanza per voi, vero? Volete che sia senza problemi, ad alto rendimento, buona e forte, e lei ha tutto questo. Questa variet\u00e0 si distingue anche per la sua robustezza e la sua capacit\u00e0 di produrre rapidamente cime di alta qualit\u00e0.<\/span><\/p>\n<h2><b>Qual \u00e8 la genetica di questi semi?<\/b><\/h2>\n<p><span style=\"font-weight: 400\">Auto Slurricane \u00e8 un ibrido nato dall'incrocio tra una variet\u00e0 con ascendenze ruderalis e l'ibrido Do-si-dos x Purple Punch. Questo mix ha dato origine a una <\/span><b>variet\u00e0 a predominanza indica<\/b><span style=\"font-weight: 400\"> (70%) e un'influenza sativa dalla 30%. I genitori della Auto Slurricane sono noti per il loro alto contenuto di THC e per il loro profilo aromatico, e in questo caso questi tratti sono stati chiaramente fissati nella progenie, ereditando il meglio di entrambi. Do-si-dos apporta una potenza narcotica, mentre Purple Punch offre note dolci e fruttate, rendendo la Auto Slurricane una scelta ideale per chi cerca un'esperienza intensa sia negli effetti che nei sapori.<\/span><\/p>\n<h2><b>Che aspetto ha Auto Slurricane?<\/b><\/h2>\n<p><span style=\"font-weight: 400\">L'aspetto della Auto Slurricane riflette la sua genetica unica e basta uno sguardo alle cime per capire che si tratta di una genetica eccezionale. Questa pianta ha una struttura solida e cespugliosa, tipica delle variet\u00e0 indica, ma con un vigore sorprendente. La sua altezza media la rende facile da gestire sia in piccoli spazi indoor che all'aperto, dove offre anche una maggiore discrezione. Gli steli sono robusti, in grado di sostenere il peso delle cime dense e resinose che si formano ad ogni nodo. Queste cime, oltre ad essere voluminose e appiccicose a causa della loro elevata produzione di resina, tendono a mostrare <\/span><b>tonalit\u00e0 scure, lilla, viola e porpora<\/b><span style=\"font-weight: 400\">Questo vale soprattutto per le temperature pi\u00f9 fredde, che conferiscono loro un aspetto attraente e suggestivo.<\/span><\/p>\n<h2><b>Come si coltivano questi semi all'interno e all'esterno?<\/b><\/h2>\n<p><span style=\"font-weight: 400\">Coltivare i semi autofiorenti Auto Slurricane \u00e8 piuttosto semplice, grazie alla loro natura resistente e versatile, e anche se non li avete mai coltivati prima, sarete in grado di raccoglierli senza problemi. <\/span><\/p>\n<h3><span style=\"font-weight: 400\">Coltivazione indoor: <\/span><\/h3>\n<p><span style=\"font-weight: 400\">Queste piante prosperano al meglio con cicli di luce di 18\/6 o 20\/4, che consentono una fioritura e uno sviluppo rapidi. Sono <\/span><b>ideale per i metodi SOG<\/b><span style=\"font-weight: 400\"> dalla sua morfologia colonnare, sfruttando la sua crescita omogenea per massimizzare la produzione.\u00a0<\/span><\/p>\n<h3><span style=\"font-weight: 400\">Coltivazione all'aperto: <\/span><\/h3>\n<p><span style=\"font-weight: 400\">Si adattano bene a diverse condizioni climatiche, anche se preferiscono ambienti caldi e soleggiati. Il loro breve ciclo di vita \u00e8 perfetto per ottenere pi\u00f9 raccolti in una stagione. Rispondono bene anche alle tecniche LST (Low Stress Training) per migliorare l'esposizione alla luce e aumentare le rese. La scelta del vaso \u00e8 fondamentale per ottenere la massima resa, quindi non siate avari e date a ogni pianta <\/span><b>almeno 20-25 litri di substrato<\/b><span style=\"font-weight: 400\"> speciale per la cannabis.<\/span><\/p>\n<h2><b>Quando viene raccolto l'Auto Slurricane?<\/b><\/h2>\n<p><span style=\"font-weight: 400\">Al chiuso, il ciclo completo della Auto Slurricane, dalla germinazione al raccolto, viene completato in circa <\/span><b>65-70 giorni<\/b><span style=\"font-weight: 400\">. Questa velocit\u00e0 la rende ideale per i coltivatori che cercano risultati rapidi senza sacrificare la qualit\u00e0. All'aperto, a seconda del clima, pu\u00f2 essere raccolta pi\u00f9 volte all'anno, con i mesi estivi ideali per il suo sviluppo ottimale grazie alla maggiore incidenza della luce solare. La raccolta nell'emisfero settentrionale avviene solitamente tra giugno e ottobre, mentre nell'emisfero meridionale va da dicembre ad aprile. La maturazione delle cime \u00e8 fondamentale e pu\u00f2 influenzare l'intensit\u00e0 dell'effetto e il profilo terpenico.<\/span><\/p>\n<h2><b>Quanto producono questi semi?<\/b><\/h2>\n<p><span style=\"font-weight: 400\">In termini di resa, i semi autofiorenti Auto Slurricane sono impressionanti sotto ogni punto di vista, sia in termini di fiori, tricomi, oli essenziali e cannabinoidi. In condizioni di coltivazione indoor, possono produrre fino a <\/span><b>450-500 g\/m\u00b2.<\/b><span style=\"font-weight: 400\">. All'esterno, ogni pianta pu\u00f2 offrire <\/span><b>tra 50 e 100 grammi<\/b><span style=\"font-weight: 400\">a seconda delle condizioni ambientali, della quantit\u00e0 di substrato e delle cure prestate.<\/span><\/p>\n<h2><b>Qual \u00e8 l'aroma e il gusto dell'Auto Slurricane?<\/b><\/h2>\n<p><span style=\"font-weight: 400\">Il profilo aromatico e gustativo della Auto Slurricane \u00e8 uno dei suoi punti di forza. \u00c8 dominato da <\/span><b>note dolci e fruttate<\/b><span style=\"font-weight: 400\">Il sapore \u00e8 una delizia per i sensi, con note di bacche e frutti di bosco che si intensificano in bocca durante l'inspirazione e l'espirazione. Questa variet\u00e0 \u00e8 una delizia per i sensi, offrendo un retrogusto duraturo e piacevole che \u00e8 un vero piacere per le papille gustative. I terpeni responsabili di questi aromi non solo forniscono un gusto eccezionale, ma contribuiscono anche all'esperienza complessiva dell'effetto entourage.<\/span><\/p>\n<h2><b>Che tipo di effetto ha Auto Slurrficane?<\/b><\/h2>\n<p><span style=\"font-weight: 400\">Con un contenuto di THC fino a<\/span><b> 26%<\/b><span style=\"font-weight: 400\"> in alcuni campioni, l'Auto Slurricane produce una <\/span><b>effetto potente e profondamente rilassante<\/b><span style=\"font-weight: 400\">. La sua dominanza indica si manifesta in una sensazione di calma e benessere fisico, ideale per alleviare la tensione e lo stress dopo una dura giornata di lavoro o dopo attivit\u00e0 fisiche. A livello mentale, offre un'esperienza piacevole, favorendo la calma e il riposo psicologico. La sua potenza la rende adatta all'uso terapeutico, aiutando nei casi di insonnia, dolore, inappetenza e ansia.<\/span><\/p>\n<h2><b>Comprare Auto Slurricane al miglior prezzo online<\/b><\/h2>\n<p><span style=\"font-weight: 400\">Cercate una variet\u00e0 che abbia tutto e che chiunque possa coltivare senza problemi? I semi autofiorenti Auto Slurricane di Advanced Seeds sono la scelta migliore. Non aspettate oltre per provare il suo incredibile sapore e i suoi potenti effetti, acquistate ora e godetevi la Auto Slurricane al miglior prezzo online!<\/span><\/p>\n<h2><b>Domande frequenti su Auto Slurricane:<\/b><\/h2>\n<h3><span style=\"font-weight: 400\">Come influisce il tipo di acqua sulla coltivazione dell'Auto Slurricane?<\/span><\/h3>\n<p><span style=\"font-weight: 400\">\u00c8 importante utilizzare acqua dolce con un pH equilibrato. Un'acqua troppo dura pu\u00f2 compromettere l'assorbimento dei nutrienti.<\/span><\/p>\n<h3><span style=\"font-weight: 400\">Che tipo di concimi si consigliano per la Auto Slurricane?<\/span><\/h3>\n<p><span style=\"font-weight: 400\">Si consigliano concimi specifici per piante autofiorenti, come ad esempio <\/span><a href=\"https:\/\/advancedseeds.com\/web\/producto\/automatik-fuel-cannotecnia\/\"><span style=\"font-weight: 400\">Automatik Fuel di Cannotecnia<\/span><\/a><span style=\"font-weight: 400\"> per ottenere i migliori risultati.<\/span><\/p>\n<h3><span style=\"font-weight: 400\">Come viene gestito lo stress nell'Auto Slurricane?<\/span><\/h3>\n<p><span style=\"font-weight: 400\">Nonostante la sua resistenza, \u00e8 importante evitare lo stress da trapianto o potatura aggressiva, perch\u00e9 pu\u00f2 influenzare il suo sviluppo.<\/span><\/p>\n<p>&nbsp;<\/p>","protected":false},"excerpt":{"rendered":"<p>Versione automatica della nostra nuova variet\u00e0 Slurricane. Questo ibrido mantiene l'alto livello di THC della sua versione femminizzata e una buona produzione grazie alla sua predominanza indica. Pianta di medie dimensioni e ben ramificata. Cime luminose. Aroma dolce di bacche e frutti di bosco.<\/p>\n<p>&nbsp;<\/p>","protected":false},"featured_media":19665,"comment_status":"open","ping_status":"closed","template":"","meta":{"_acf_changed":false},"product_brand":[],"product_cat":[70],"product_tag":[],"class_list":{"0":"post-2788","1":"product","2":"type-product","3":"status-publish","4":"has-post-thumbnail","6":"product_cat-automaticas","8":"first","9":"instock","10":"taxable","11":"shipping-taxable","12":"purchasable","13":"product-type-variable"},"acf":[],"yoast_head":"<!-- This site is optimized with the Yoast SEO Premium plugin v26.3 (Yoast SEO v26.6) - https:\/\/yoast.com\/wordpress\/plugins\/seo\/ -->\n<title>Auto Slurricane - Advanced Seeds<\/title>\n<meta name=\"robots\" content=\"index, follow, max-snippet:-1, max-image-preview:large, max-video-preview:-1\" \/>\n<link rel=\"canonical\" href=\"https:\/\/advancedseeds.com\/it\/tienda\/automaticas\/auto-slurrycane\/\" \/>\n<meta property=\"og:locale\" content=\"it_IT\" \/>\n<meta property=\"og:type\" content=\"article\" \/>\n<meta property=\"og:title\" content=\"Auto Slurricane\" \/>\n<meta property=\"og:description\" content=\"Versi\u00f3n autom\u00e1tica de nuestra nueva variedad Slurricane. Este hibrido conserva un alto \u00edndice de THC de su versi\u00f3n feminizada as\u00ed como una buena producci\u00f3n gracias a su predominancia \u00edndica. Planta de porte medio y bien ramificada. Cogollos brillantes. Aroma dulce a bayas y frutos del bosque.  &nbsp;\" \/>\n<meta property=\"og:url\" content=\"https:\/\/advancedseeds.com\/it\/tienda\/automaticas\/auto-slurrycane\/\" \/>\n<meta property=\"og:site_name\" content=\"Advanced Seeds\" \/>\n<meta property=\"article:modified_time\" content=\"2025-03-22T17:23:06+00:00\" \/>\n<meta property=\"og:image\" content=\"https:\/\/advancedseeds.com\/web\/wp-content\/uploads\/2021\/08\/Auto-Slurricane.jpg\" \/>\n\t<meta property=\"og:image:width\" content=\"1297\" \/>\n\t<meta property=\"og:image:height\" content=\"1722\" \/>\n\t<meta property=\"og:image:type\" content=\"image\/jpeg\" \/>\n<meta name=\"twitter:card\" content=\"summary_large_image\" \/>\n<meta name=\"twitter:label1\" content=\"Tempo di lettura stimato\" \/>\n\t<meta name=\"twitter:data1\" content=\"5 minuti\" \/>\n<script type=\"application\/ld+json\" class=\"yoast-schema-graph\">{\"@context\":\"https:\/\/schema.org\",\"@graph\":[{\"@type\":\"WebPage\",\"@id\":\"https:\/\/advancedseeds.com\/tienda\/automaticas\/auto-slurrycane\/\",\"url\":\"https:\/\/advancedseeds.com\/tienda\/automaticas\/auto-slurrycane\/\",\"name\":\"Auto Slurricane - Advanced Seeds\",\"isPartOf\":{\"@id\":\"https:\/\/advancedseeds.com\/#website\"},\"primaryImageOfPage\":{\"@id\":\"https:\/\/advancedseeds.com\/tienda\/automaticas\/auto-slurrycane\/#primaryimage\"},\"image\":{\"@id\":\"https:\/\/advancedseeds.com\/tienda\/automaticas\/auto-slurrycane\/#primaryimage\"},\"thumbnailUrl\":\"https:\/\/advancedseeds.com\/web\/wp-content\/uploads\/2021\/08\/Auto-Slurricane.jpg\",\"datePublished\":\"2021-08-23T11:58:13+00:00\",\"dateModified\":\"2025-03-22T17:23:06+00:00\",\"breadcrumb\":{\"@id\":\"https:\/\/advancedseeds.com\/tienda\/automaticas\/auto-slurrycane\/#breadcrumb\"},\"inLanguage\":\"it-IT\",\"potentialAction\":[{\"@type\":\"ReadAction\",\"target\":[\"https:\/\/advancedseeds.com\/tienda\/automaticas\/auto-slurrycane\/\"]}]},{\"@type\":\"ImageObject\",\"inLanguage\":\"it-IT\",\"@id\":\"https:\/\/advancedseeds.com\/tienda\/automaticas\/auto-slurrycane\/#primaryimage\",\"url\":\"https:\/\/advancedseeds.com\/web\/wp-content\/uploads\/2021\/08\/Auto-Slurricane.jpg\",\"contentUrl\":\"https:\/\/advancedseeds.com\/web\/wp-content\/uploads\/2021\/08\/Auto-Slurricane.jpg\",\"width\":1297,\"height\":1722,\"caption\":\"OLYMPUS DIGITAL CAMERA\"},{\"@type\":\"BreadcrumbList\",\"@id\":\"https:\/\/advancedseeds.com\/tienda\/automaticas\/auto-slurrycane\/#breadcrumb\",\"itemListElement\":[{\"@type\":\"ListItem\",\"position\":1,\"name\":\"Home\",\"item\":\"https:\/\/advancedseeds.com\/\"},{\"@type\":\"ListItem\",\"position\":2,\"name\":\"Tienda\",\"item\":\"https:\/\/advancedseeds.com\/\"},{\"@type\":\"ListItem\",\"position\":3,\"name\":\"Auto Slurricane\"}]},{\"@type\":\"WebSite\",\"@id\":\"https:\/\/advancedseeds.com\/#website\",\"url\":\"https:\/\/advancedseeds.com\/\",\"name\":\"Advanced Seeds\",\"description\":\"Gen\u00e9ticas Avanzadas en semillas feminizadas y autom\u00e1ticas.\",\"publisher\":{\"@id\":\"https:\/\/advancedseeds.com\/#organization\"},\"potentialAction\":[{\"@type\":\"SearchAction\",\"target\":{\"@type\":\"EntryPoint\",\"urlTemplate\":\"https:\/\/advancedseeds.com\/?s={search_term_string}\"},\"query-input\":{\"@type\":\"PropertyValueSpecification\",\"valueRequired\":true,\"valueName\":\"search_term_string\"}}],\"inLanguage\":\"it-IT\"},{\"@type\":\"Organization\",\"@id\":\"https:\/\/advancedseeds.com\/#organization\",\"name\":\"Advanced Seeds\",\"url\":\"https:\/\/advancedseeds.com\/\",\"logo\":{\"@type\":\"ImageObject\",\"inLanguage\":\"it-IT\",\"@id\":\"https:\/\/advancedseeds.com\/#\/schema\/logo\/image\/\",\"url\":\"https:\/\/advancedseeds.com\/web\/wp-content\/uploads\/2021\/01\/logo-advanced.jpg\",\"contentUrl\":\"https:\/\/advancedseeds.com\/web\/wp-content\/uploads\/2021\/01\/logo-advanced.jpg\",\"width\":600,\"height\":600,\"caption\":\"Advanced Seeds\"},\"image\":{\"@id\":\"https:\/\/advancedseeds.com\/#\/schema\/logo\/image\/\"}}]}<\/script>\n<!-- \/ Yoast SEO Premium plugin. -->","yoast_head_json":{"title":"Auto Slurricane - Advanced Seeds","robots":{"index":"index","follow":"follow","max-snippet":"max-snippet:-1","max-image-preview":"max-image-preview:large","max-video-preview":"max-video-preview:-1"},"canonical":"https:\/\/advancedseeds.com\/it\/tienda\/automaticas\/auto-slurrycane\/","og_locale":"it_IT","og_type":"article","og_title":"Auto Slurricane","og_description":"Versi\u00f3n autom\u00e1tica de nuestra nueva variedad Slurricane. Este hibrido conserva un alto \u00edndice de THC de su versi\u00f3n feminizada as\u00ed como una buena producci\u00f3n gracias a su predominancia \u00edndica. Planta de porte medio y bien ramificada. Cogollos brillantes. Aroma dulce a bayas y frutos del bosque.  &nbsp;","og_url":"https:\/\/advancedseeds.com\/it\/tienda\/automaticas\/auto-slurrycane\/","og_site_name":"Advanced Seeds","article_modified_time":"2025-03-22T17:23:06+00:00","og_image":[{"width":1297,"height":1722,"url":"https:\/\/advancedseeds.com\/web\/wp-content\/uploads\/2021\/08\/Auto-Slurricane.jpg","type":"image\/jpeg"}],"twitter_card":"summary_large_image","twitter_misc":{"Tempo di lettura stimato":"5 minuti"},"schema":{"@context":"https:\/\/schema.org","@graph":[{"@type":"WebPage","@id":"https:\/\/advancedseeds.com\/tienda\/automaticas\/auto-slurrycane\/","url":"https:\/\/advancedseeds.com\/tienda\/automaticas\/auto-slurrycane\/","name":"Auto Slurricane - Advanced Seeds","isPartOf":{"@id":"https:\/\/advancedseeds.com\/#website"},"primaryImageOfPage":{"@id":"https:\/\/advancedseeds.com\/tienda\/automaticas\/auto-slurrycane\/#primaryimage"},"image":{"@id":"https:\/\/advancedseeds.com\/tienda\/automaticas\/auto-slurrycane\/#primaryimage"},"thumbnailUrl":"https:\/\/advancedseeds.com\/web\/wp-content\/uploads\/2021\/08\/Auto-Slurricane.jpg","datePublished":"2021-08-23T11:58:13+00:00","dateModified":"2025-03-22T17:23:06+00:00","breadcrumb":{"@id":"https:\/\/advancedseeds.com\/tienda\/automaticas\/auto-slurrycane\/#breadcrumb"},"inLanguage":"it-IT","potentialAction":[{"@type":"ReadAction","target":["https:\/\/advancedseeds.com\/tienda\/automaticas\/auto-slurrycane\/"]}]},{"@type":"ImageObject","inLanguage":"it-IT","@id":"https:\/\/advancedseeds.com\/tienda\/automaticas\/auto-slurrycane\/#primaryimage","url":"https:\/\/advancedseeds.com\/web\/wp-content\/uploads\/2021\/08\/Auto-Slurricane.jpg","contentUrl":"https:\/\/advancedseeds.com\/web\/wp-content\/uploads\/2021\/08\/Auto-Slurricane.jpg","width":1297,"height":1722,"caption":"OLYMPUS DIGITAL CAMERA"},{"@type":"BreadcrumbList","@id":"https:\/\/advancedseeds.com\/tienda\/automaticas\/auto-slurrycane\/#breadcrumb","itemListElement":[{"@type":"ListItem","position":1,"name":"Home","item":"https:\/\/advancedseeds.com\/"},{"@type":"ListItem","position":2,"name":"Tienda","item":"https:\/\/advancedseeds.com\/"},{"@type":"ListItem","position":3,"name":"Auto Slurricane"}]},{"@type":"WebSite","@id":"https:\/\/advancedseeds.com\/#website","url":"https:\/\/advancedseeds.com\/","name":"Semi avanzati","description":"Genetica avanzata in semi femminizzati e automatici.","publisher":{"@id":"https:\/\/advancedseeds.com\/#organization"},"potentialAction":[{"@type":"SearchAction","target":{"@type":"EntryPoint","urlTemplate":"https:\/\/advancedseeds.com\/?s={search_term_string}"},"query-input":{"@type":"PropertyValueSpecification","valueRequired":true,"valueName":"search_term_string"}}],"inLanguage":"it-IT"},{"@type":"Organization","@id":"https:\/\/advancedseeds.com\/#organization","name":"Semi avanzati","url":"https:\/\/advancedseeds.com\/","logo":{"@type":"ImageObject","inLanguage":"it-IT","@id":"https:\/\/advancedseeds.com\/#\/schema\/logo\/image\/","url":"https:\/\/advancedseeds.com\/web\/wp-content\/uploads\/2021\/01\/logo-advanced.jpg","contentUrl":"https:\/\/advancedseeds.com\/web\/wp-content\/uploads\/2021\/01\/logo-advanced.jpg","width":600,"height":600,"caption":"Advanced Seeds"},"image":{"@id":"https:\/\/advancedseeds.com\/#\/schema\/logo\/image\/"}}]}},"_links":{"self":[{"href":"https:\/\/advancedseeds.com\/it\/wp-json\/wp\/v2\/product\/2788","targetHints":{"allow":["GET"]}}],"collection":[{"href":"https:\/\/advancedseeds.com\/it\/wp-json\/wp\/v2\/product"}],"about":[{"href":"https:\/\/advancedseeds.com\/it\/wp-json\/wp\/v2\/types\/product"}],"replies":[{"embeddable":true,"href":"https:\/\/advancedseeds.com\/it\/wp-json\/wp\/v2\/comments?post=2788"}],"wp:featuredmedia":[{"embeddable":true,"href":"https:\/\/advancedseeds.com\/it\/wp-json\/wp\/v2\/media\/19665"}],"wp:attachment":[{"href":"https:\/\/advancedseeds.com\/it\/wp-json\/wp\/v2\/media?parent=2788"}],"wp:term":[{"taxonomy":"product_brand","embeddable":true,"href":"https:\/\/advancedseeds.com\/it\/wp-json\/wp\/v2\/product_brand?post=2788"},{"taxonomy":"product_cat","embeddable":true,"href":"https:\/\/advancedseeds.com\/it\/wp-json\/wp\/v2\/product_cat?post=2788"},{"taxonomy":"product_tag","embeddable":true,"href":"https:\/\/advancedseeds.com\/it\/wp-json\/wp\/v2\/product_tag?post=2788"}],"curies":[{"name":"wp","href":"https:\/\/api.w.org\/{rel}","templated":true}]}}