{"id":2794,"date":"2021-08-23T12:58:13","date_gmt":"2021-08-23T11:58:13","guid":{"rendered":"https:\/\/advancedseeds.com\/web\/?post_type=product&#038;p=2794"},"modified":"2025-07-21T10:07:14","modified_gmt":"2025-07-21T09:07:14","slug":"auto-critical-lemon-cbd","status":"publish","type":"product","link":"https:\/\/advancedseeds.com\/it\/tienda\/automaticas\/auto-critical-lemon-cbd\/","title":{"rendered":"Auto Critical Lemon CBD"},"content":{"rendered":"<p><span style=\"font-weight: 400\">Cercate una variet\u00e0 di cannabis veloce, resistente, medicinale e deliziosa? Non cercate oltre, la <\/span><a href=\"https:\/\/advancedseeds.com\/web\/\"><b>semi di marijuana<\/b><\/a><b> autofiorente Auto Critical Lemon CBD<\/b><span style=\"font-weight: 400\"> di Advanced Seeds sono il sogno degli amanti della cannabis che diventa realt\u00e0. Perch\u00e9? Perch\u00e9 offrono un perfetto equilibrio di THC e CBD, e questa \u00e8 musica per le orecchie di qualsiasi coltivatore. In questa scheda prodotto, vi accompagneremo in un viaggio attraverso tutte le caratteristiche di questi semi, dalla loro genetica agli effetti che potete aspettarvi quando vi godete il vostro raccolto.<\/span><\/p>\n<h2><b>Quali sono le caratteristiche genetiche della Auto Critical Lemon CBD?<\/b><\/h2>\n<p><span style=\"font-weight: 400\">La genetica dei semi autofiorenti Auto Critical Lemon CBD \u00e8 uno spettacolo della natura e della scienza. Questo incrocio deriva dalla potente Critical Lemon CBD e da una linea autofiorente selezionata, che si traduce in una pianta autofiorente con quella <\/span><b>invidiabile equilibrio 1:1 di THC e CBD, ciascuno a 13%.<\/b><span style=\"font-weight: 400\"> Ci\u00f2 significa che sia gli effetti psicoattivi che le propriet\u00e0 terapeutiche sono all'ordine del giorno, senza prevalere gli uni sugli altri. Indica o sativa? Beh, qui avete il meglio di entrambi i mondi, con una dominanza che vi far\u00e0 sentire al top.<\/span><\/p>\n<h2><b>Che aspetto ha l'Auto Critical Lemon CBD?<\/b><\/h2>\n<p><span style=\"font-weight: 400\">Le piante che crescono da questi semi sono impressionanti. Sviluppano una morfologia aperta, con una struttura piena di cime su tutti i lati. La distanza tra i nodi \u00e8 perfetta per consentire un'eccellente esposizione alla luce, che si traduce in raccolti abbondanti. Le sue foglie verde intenso si raggruppano intorno a cime compatte e dense che, alla giusta luce, sembrano cosparse di zucchero grazie alla loro abbondante resina. E aspettate che arrivi l'autunno, alcuni fenotipi vi regaleranno uno spettacolo di <\/span><b>toni viola e arancio<\/b><span style=\"font-weight: 400\"> che sono una festa per gli occhi.<\/span><\/p>\n<h2><b>Come si coltivano questi semi all'interno e all'esterno?<\/b><\/h2>\n<p><span style=\"font-weight: 400\">Quando si tratta di coltivare i semi autofiorenti Auto Critical Lemon CBD, \u00e8 tutta una questione di facilit\u00e0. Al chiuso, non preoccupatevi del ciclo di luce, queste bellezze fioriranno automaticamente a prescindere dal fotoperiodo, ma ricordate che l'ideale \u00e8 <\/span><b>20 ore \"acceso\" e 4 ore \"spento\".<\/b><span style=\"font-weight: 400\"> ogni giorno.\u00a0<\/span><\/p>\n<p><span style=\"font-weight: 400\">Per ottenere le migliori prestazioni, mantenetele felici con una luce intensa come quella dei LED di ultima generazione e prendete in considerazione metodi come il SOG (Sea of Green) per massimizzare lo spazio. All'aperto, questi semi sono riconoscenti e si adattano bene a diversi climi, grazie alla loro resistenza genetica. E non dimenticate che, essendo autofiorenti, potete avere pi\u00f9 raccolti in una stagione se le condizioni sono giuste. Ecco alcuni consigli per aiutarvi a ottenere il massimo dalle vostre piante:<\/span><\/p>\n<h3><span style=\"font-weight: 400\">Coltivazione indoor:<\/span><\/h3>\n<p><span style=\"font-weight: 400\">Utilizzate un substrato ricco di sostanze nutritive per nutrire le piante.<\/span><\/p>\n<p><span style=\"font-weight: 400\">Mantenere l'umidit\u00e0 nell'intervallo 40-50% durante la fase di crescita e intorno a 30% durante la fioritura.<\/span><\/p>\n<p><span style=\"font-weight: 400\">Fornisce un ciclo di luce di 20 ore per una crescita ottimale.<\/span><\/p>\n<p><span style=\"font-weight: 400\">Controllare la temperatura e la ventilazione per evitare problemi di muffa.<\/span><\/p>\n<p><span style=\"font-weight: 400\">Se non siete sicuri di poter trapiantare senza causare stress, piantate i semi nel vaso definitivo.<\/span><\/p>\n<h3><span style=\"font-weight: 400\">.<\/span><span style=\"font-weight: 400\">Coltivazione all'aperto:<\/span><\/h3>\n<p><span style=\"font-weight: 400\">Piantate i semi di Auto Critical Lemon CBD in un luogo con almeno 6 ore di luce solare diretta al giorno.<\/span><\/p>\n<p><span style=\"font-weight: 400\">Assicuratevi che il substrato sia ben drenato e arricchito con sostanze nutritive organiche.<\/span><\/p>\n<p><span style=\"font-weight: 400\">Innaffiate in modo uniforme ed evitate i ristagni d'acqua.<\/span><\/p>\n<p><span style=\"font-weight: 400\">Proteggete le piante dalle piogge abbondanti e dalle condizioni atmosferiche avverse.<\/span><\/p>\n<p><span style=\"font-weight: 400\">Potare in modo strategico per favorire la circolazione dell'aria e l'esposizione alla luce solare.<\/span><\/p>\n<h2><b>Quando viene raccolto l'Auto Critical Lemon CBD?<\/b><\/h2>\n<p><span style=\"font-weight: 400\">Dalla germinazione al raccolto, tutto ci\u00f2 che dovete fare \u00e8 <\/span><b>75 giorni<\/b><span style=\"font-weight: 400\"> per godere dei semi autofiorenti Auto Critical Lemon CBD. Al chiuso, controllate la vostra impazienza e aspettate che i tricomi siano della giusta quantit\u00e0 di ambra e bianco per un'esperienza pi\u00f9 completa.  All'aperto, preparatevi a raccogliere pi\u00f9 volte tra aprile e novembre, a seconda della vostra posizione geografica. Ricordate che il momento del raccolto pu\u00f2 influenzare l'effetto delle cime, quindi scegliete con saggezza.<\/span><\/p>\n<h2><b>Quanto producono questi semi?<\/b><\/h2>\n<p><span style=\"font-weight: 400\">Parliamo di numeri: al chiuso, i semi autofiorenti Auto Critical Lemon CBD sono in grado di produrre <\/span><b>tra 450-500 g\/m2<\/b><span style=\"font-weight: 400\">mentre all'aperto ogni pianta raggiunge un'altezza fino a <\/span><b>150 g per pianta<\/b><span style=\"font-weight: 400\">. Inoltre, la produzione di resina \u00e8 eccezionale, dandovi la possibilit\u00e0 di godere di alte concentrazioni di cannabinoidi e terpeni. E se vi piacciono i concentrati e le estrazioni di cannabis, rimarrete stupiti dalla quantit\u00e0 e dalla qualit\u00e0 di resina che queste piccole possono generare.<\/span><\/p>\n<h2><b>Com'\u00e8 l'aroma e il gusto dell'Auto Critical Lemon CBD?<\/b><\/h2>\n<p><span style=\"font-weight: 400\">L'aroma e il gusto dell'Auto Critical Lemon CBD sono una festa per i sensi. Sperimenterete <\/span><b>potenti note agrumate, accompagnate da sentori speziati<\/b><span style=\"font-weight: 400\"> che vi far\u00e0 venire l'acquolina in bocca. I terpeni in gioco offrono un bouquet complesso che vi far\u00e0 tornare indietro per averne ancora.  All'inspirazione domina l'agrume, mentre all'espirazione il profilo speziato entra in scena e persiste sul palato per un bel po'.<\/span><\/p>\n<h2><b>Che tipo di effetto ha questa marijuana?<\/b><\/h2>\n<p><span style=\"font-weight: 400\">Auto Critical Lemon CBD offre un effetto equilibrato e piacevole su corpo e mente. Con livelli medio\/alti di THC e CBD, i benefici terapeutici sono notevoli quanto la sensazione di benessere. Ideale per rilassarsi senza essere storditi. A <\/span><b>grande sollievo da stress e ansia<\/b><span style=\"font-weight: 400\">L'uso del farmaco, oltre alle sue altre propriet\u00e0 terapeutiche, \u00e8 notevole. Gli effetti collaterali negativi sono minimi, il che lo rende una scelta eccellente per tutti i livelli di esperienza.<\/span><\/p>\n<h2><b>Acquistare Auto Critical Lemon CBD al miglior prezzo online<\/b><\/h2>\n<p><span style=\"font-weight: 400\">Non perdete l'occasione di coltivare questi meravigliosi semi autofiorenti Auto Critical Lemon CBD di Advanced Seeds. Cliccate, acquistate ora e sperimentate la qualit\u00e0 e il sapore della coltivazione con la comodit\u00e0 dell'automatismo: il vostro raccolto vi aspetta!<\/span><\/p>\n<h2><b>Domande frequenti sull'Auto Critical Lemon CBD:<\/b><\/h2>\n<h3><span style=\"font-weight: 400\">Qual \u00e8 il contenuto di CBD di questi semi?<\/span><\/h3>\n<p><span style=\"font-weight: 400\">I semi Auto Critical Lemon CBD hanno un contenuto di CBD di 13%, offrendo un equilibrio eccezionale tra THC e CBD.<\/span><\/p>\n<h3><span style=\"font-weight: 400\">Sono adatti ai coltivatori principianti?<\/span><\/h3>\n<p><span style=\"font-weight: 400\">S\u00ec, questi semi sono ideali per i principianti grazie alla loro facilit\u00e0 di coltivazione e all'equilibrio dei cannabinoidi.<\/span><\/p>\n<h3><span style=\"font-weight: 400\">Quali sono i benefici medicinali dell'Auto Critical Lemon CBD?<\/span><\/h3>\n<p><span style=\"font-weight: 400\">Questa variet\u00e0 \u00e8 nota per alleviare lo stress, l'ansia e il dolore, oltre ad avere propriet\u00e0 terapeutiche.<\/span><\/p>","protected":false},"excerpt":{"rendered":"<p>Questa variet\u00e0 si distingue per il suo intenso aroma di agrumi e spezie. \u00c8 un regalo eccellente per gli amanti del CBD, poich\u00e9 ha una percentuale di CBD e THC prossima a 1:1. I suoi effetti fisici e mentali sono davvero notevoli. La pianta sviluppa cime con un'abbondante quantit\u00e0 di resina, dall'aspetto e dalla lucentezza spettacolari.<\/p>\n<p>&nbsp;<\/p>","protected":false},"featured_media":19654,"comment_status":"open","ping_status":"closed","template":"","meta":{"_acf_changed":false},"product_brand":[],"product_cat":[70],"product_tag":[],"class_list":{"0":"post-2794","1":"product","2":"type-product","3":"status-publish","4":"has-post-thumbnail","6":"product_cat-automaticas","8":"first","9":"instock","10":"taxable","11":"shipping-taxable","12":"purchasable","13":"product-type-variable"},"acf":[],"yoast_head":"<!-- This site is optimized with the Yoast SEO Premium plugin v26.3 (Yoast SEO v26.6) - https:\/\/yoast.com\/wordpress\/plugins\/seo\/ -->\n<title>Auto Critical Lemon CBD - Advanced Seeds<\/title>\n<meta name=\"robots\" content=\"index, follow, max-snippet:-1, max-image-preview:large, max-video-preview:-1\" \/>\n<link rel=\"canonical\" href=\"https:\/\/advancedseeds.com\/it\/tienda\/automaticas\/auto-critical-lemon-cbd\/\" \/>\n<meta property=\"og:locale\" content=\"it_IT\" \/>\n<meta property=\"og:type\" content=\"article\" \/>\n<meta property=\"og:title\" content=\"Auto Critical Lemon CBD\" \/>\n<meta property=\"og:description\" content=\"Esta variedad destaca por su intenso aroma a c\u00edtricos y especias. Es un excelente regalo para los amantes del CBD al tener un porcentaje de CBD y THC cercano al 1:1. Sus efectos f\u00edsicos y mentales son muy destacables. La planta desarrolla cogollos con una abundante cantidad de resina, con un aspecto y brillo espectacular.  &nbsp;\" \/>\n<meta property=\"og:url\" content=\"https:\/\/advancedseeds.com\/it\/tienda\/automaticas\/auto-critical-lemon-cbd\/\" \/>\n<meta property=\"og:site_name\" content=\"Advanced Seeds\" \/>\n<meta property=\"article:modified_time\" content=\"2025-07-21T09:07:14+00:00\" \/>\n<meta property=\"og:image\" content=\"https:\/\/advancedseeds.com\/web\/wp-content\/uploads\/2021\/08\/auto-critical-lemon-cbd-1.jpg\" \/>\n\t<meta property=\"og:image:width\" content=\"1119\" \/>\n\t<meta property=\"og:image:height\" content=\"1710\" \/>\n\t<meta property=\"og:image:type\" content=\"image\/jpeg\" \/>\n<meta name=\"twitter:card\" content=\"summary_large_image\" \/>\n<meta name=\"twitter:label1\" content=\"Tempo di lettura stimato\" \/>\n\t<meta name=\"twitter:data1\" content=\"6 minuti\" \/>\n<script type=\"application\/ld+json\" class=\"yoast-schema-graph\">{\"@context\":\"https:\/\/schema.org\",\"@graph\":[{\"@type\":\"WebPage\",\"@id\":\"https:\/\/advancedseeds.com\/tienda\/automaticas\/auto-critical-lemon-cbd\/\",\"url\":\"https:\/\/advancedseeds.com\/tienda\/automaticas\/auto-critical-lemon-cbd\/\",\"name\":\"Auto Critical Lemon CBD - Advanced Seeds\",\"isPartOf\":{\"@id\":\"https:\/\/advancedseeds.com\/#website\"},\"primaryImageOfPage\":{\"@id\":\"https:\/\/advancedseeds.com\/tienda\/automaticas\/auto-critical-lemon-cbd\/#primaryimage\"},\"image\":{\"@id\":\"https:\/\/advancedseeds.com\/tienda\/automaticas\/auto-critical-lemon-cbd\/#primaryimage\"},\"thumbnailUrl\":\"https:\/\/advancedseeds.com\/web\/wp-content\/uploads\/2021\/08\/auto-critical-lemon-cbd-1.jpg\",\"datePublished\":\"2021-08-23T11:58:13+00:00\",\"dateModified\":\"2025-07-21T09:07:14+00:00\",\"breadcrumb\":{\"@id\":\"https:\/\/advancedseeds.com\/tienda\/automaticas\/auto-critical-lemon-cbd\/#breadcrumb\"},\"inLanguage\":\"it-IT\",\"potentialAction\":[{\"@type\":\"ReadAction\",\"target\":[\"https:\/\/advancedseeds.com\/tienda\/automaticas\/auto-critical-lemon-cbd\/\"]}]},{\"@type\":\"ImageObject\",\"inLanguage\":\"it-IT\",\"@id\":\"https:\/\/advancedseeds.com\/tienda\/automaticas\/auto-critical-lemon-cbd\/#primaryimage\",\"url\":\"https:\/\/advancedseeds.com\/web\/wp-content\/uploads\/2021\/08\/auto-critical-lemon-cbd-1.jpg\",\"contentUrl\":\"https:\/\/advancedseeds.com\/web\/wp-content\/uploads\/2021\/08\/auto-critical-lemon-cbd-1.jpg\",\"width\":1119,\"height\":1710},{\"@type\":\"BreadcrumbList\",\"@id\":\"https:\/\/advancedseeds.com\/tienda\/automaticas\/auto-critical-lemon-cbd\/#breadcrumb\",\"itemListElement\":[{\"@type\":\"ListItem\",\"position\":1,\"name\":\"Home\",\"item\":\"https:\/\/advancedseeds.com\/\"},{\"@type\":\"ListItem\",\"position\":2,\"name\":\"Tienda\",\"item\":\"https:\/\/advancedseeds.com\/\"},{\"@type\":\"ListItem\",\"position\":3,\"name\":\"Auto Critical Lemon CBD\"}]},{\"@type\":\"WebSite\",\"@id\":\"https:\/\/advancedseeds.com\/#website\",\"url\":\"https:\/\/advancedseeds.com\/\",\"name\":\"Advanced Seeds\",\"description\":\"Gen\u00e9ticas Avanzadas en semillas feminizadas y autom\u00e1ticas.\",\"publisher\":{\"@id\":\"https:\/\/advancedseeds.com\/#organization\"},\"potentialAction\":[{\"@type\":\"SearchAction\",\"target\":{\"@type\":\"EntryPoint\",\"urlTemplate\":\"https:\/\/advancedseeds.com\/?s={search_term_string}\"},\"query-input\":{\"@type\":\"PropertyValueSpecification\",\"valueRequired\":true,\"valueName\":\"search_term_string\"}}],\"inLanguage\":\"it-IT\"},{\"@type\":\"Organization\",\"@id\":\"https:\/\/advancedseeds.com\/#organization\",\"name\":\"Advanced Seeds\",\"url\":\"https:\/\/advancedseeds.com\/\",\"logo\":{\"@type\":\"ImageObject\",\"inLanguage\":\"it-IT\",\"@id\":\"https:\/\/advancedseeds.com\/#\/schema\/logo\/image\/\",\"url\":\"https:\/\/advancedseeds.com\/web\/wp-content\/uploads\/2021\/01\/logo-advanced.jpg\",\"contentUrl\":\"https:\/\/advancedseeds.com\/web\/wp-content\/uploads\/2021\/01\/logo-advanced.jpg\",\"width\":600,\"height\":600,\"caption\":\"Advanced Seeds\"},\"image\":{\"@id\":\"https:\/\/advancedseeds.com\/#\/schema\/logo\/image\/\"}}]}<\/script>\n<!-- \/ Yoast SEO Premium plugin. -->","yoast_head_json":{"title":"Auto Critical Lemon CBD - Advanced Seeds","robots":{"index":"index","follow":"follow","max-snippet":"max-snippet:-1","max-image-preview":"max-image-preview:large","max-video-preview":"max-video-preview:-1"},"canonical":"https:\/\/advancedseeds.com\/it\/tienda\/automaticas\/auto-critical-lemon-cbd\/","og_locale":"it_IT","og_type":"article","og_title":"Auto Critical Lemon CBD","og_description":"Esta variedad destaca por su intenso aroma a c\u00edtricos y especias. Es un excelente regalo para los amantes del CBD al tener un porcentaje de CBD y THC cercano al 1:1. Sus efectos f\u00edsicos y mentales son muy destacables. La planta desarrolla cogollos con una abundante cantidad de resina, con un aspecto y brillo espectacular.  &nbsp;","og_url":"https:\/\/advancedseeds.com\/it\/tienda\/automaticas\/auto-critical-lemon-cbd\/","og_site_name":"Advanced Seeds","article_modified_time":"2025-07-21T09:07:14+00:00","og_image":[{"width":1119,"height":1710,"url":"https:\/\/advancedseeds.com\/web\/wp-content\/uploads\/2021\/08\/auto-critical-lemon-cbd-1.jpg","type":"image\/jpeg"}],"twitter_card":"summary_large_image","twitter_misc":{"Tempo di lettura stimato":"6 minuti"},"schema":{"@context":"https:\/\/schema.org","@graph":[{"@type":"WebPage","@id":"https:\/\/advancedseeds.com\/tienda\/automaticas\/auto-critical-lemon-cbd\/","url":"https:\/\/advancedseeds.com\/tienda\/automaticas\/auto-critical-lemon-cbd\/","name":"Auto Critical Lemon CBD - Advanced Seeds","isPartOf":{"@id":"https:\/\/advancedseeds.com\/#website"},"primaryImageOfPage":{"@id":"https:\/\/advancedseeds.com\/tienda\/automaticas\/auto-critical-lemon-cbd\/#primaryimage"},"image":{"@id":"https:\/\/advancedseeds.com\/tienda\/automaticas\/auto-critical-lemon-cbd\/#primaryimage"},"thumbnailUrl":"https:\/\/advancedseeds.com\/web\/wp-content\/uploads\/2021\/08\/auto-critical-lemon-cbd-1.jpg","datePublished":"2021-08-23T11:58:13+00:00","dateModified":"2025-07-21T09:07:14+00:00","breadcrumb":{"@id":"https:\/\/advancedseeds.com\/tienda\/automaticas\/auto-critical-lemon-cbd\/#breadcrumb"},"inLanguage":"it-IT","potentialAction":[{"@type":"ReadAction","target":["https:\/\/advancedseeds.com\/tienda\/automaticas\/auto-critical-lemon-cbd\/"]}]},{"@type":"ImageObject","inLanguage":"it-IT","@id":"https:\/\/advancedseeds.com\/tienda\/automaticas\/auto-critical-lemon-cbd\/#primaryimage","url":"https:\/\/advancedseeds.com\/web\/wp-content\/uploads\/2021\/08\/auto-critical-lemon-cbd-1.jpg","contentUrl":"https:\/\/advancedseeds.com\/web\/wp-content\/uploads\/2021\/08\/auto-critical-lemon-cbd-1.jpg","width":1119,"height":1710},{"@type":"BreadcrumbList","@id":"https:\/\/advancedseeds.com\/tienda\/automaticas\/auto-critical-lemon-cbd\/#breadcrumb","itemListElement":[{"@type":"ListItem","position":1,"name":"Home","item":"https:\/\/advancedseeds.com\/"},{"@type":"ListItem","position":2,"name":"Tienda","item":"https:\/\/advancedseeds.com\/"},{"@type":"ListItem","position":3,"name":"Auto Critical Lemon CBD"}]},{"@type":"WebSite","@id":"https:\/\/advancedseeds.com\/#website","url":"https:\/\/advancedseeds.com\/","name":"Semi avanzati","description":"Genetica avanzata in semi femminizzati e automatici.","publisher":{"@id":"https:\/\/advancedseeds.com\/#organization"},"potentialAction":[{"@type":"SearchAction","target":{"@type":"EntryPoint","urlTemplate":"https:\/\/advancedseeds.com\/?s={search_term_string}"},"query-input":{"@type":"PropertyValueSpecification","valueRequired":true,"valueName":"search_term_string"}}],"inLanguage":"it-IT"},{"@type":"Organization","@id":"https:\/\/advancedseeds.com\/#organization","name":"Semi avanzati","url":"https:\/\/advancedseeds.com\/","logo":{"@type":"ImageObject","inLanguage":"it-IT","@id":"https:\/\/advancedseeds.com\/#\/schema\/logo\/image\/","url":"https:\/\/advancedseeds.com\/web\/wp-content\/uploads\/2021\/01\/logo-advanced.jpg","contentUrl":"https:\/\/advancedseeds.com\/web\/wp-content\/uploads\/2021\/01\/logo-advanced.jpg","width":600,"height":600,"caption":"Advanced Seeds"},"image":{"@id":"https:\/\/advancedseeds.com\/#\/schema\/logo\/image\/"}}]}},"_links":{"self":[{"href":"https:\/\/advancedseeds.com\/it\/wp-json\/wp\/v2\/product\/2794","targetHints":{"allow":["GET"]}}],"collection":[{"href":"https:\/\/advancedseeds.com\/it\/wp-json\/wp\/v2\/product"}],"about":[{"href":"https:\/\/advancedseeds.com\/it\/wp-json\/wp\/v2\/types\/product"}],"replies":[{"embeddable":true,"href":"https:\/\/advancedseeds.com\/it\/wp-json\/wp\/v2\/comments?post=2794"}],"wp:featuredmedia":[{"embeddable":true,"href":"https:\/\/advancedseeds.com\/it\/wp-json\/wp\/v2\/media\/19654"}],"wp:attachment":[{"href":"https:\/\/advancedseeds.com\/it\/wp-json\/wp\/v2\/media?parent=2794"}],"wp:term":[{"taxonomy":"product_brand","embeddable":true,"href":"https:\/\/advancedseeds.com\/it\/wp-json\/wp\/v2\/product_brand?post=2794"},{"taxonomy":"product_cat","embeddable":true,"href":"https:\/\/advancedseeds.com\/it\/wp-json\/wp\/v2\/product_cat?post=2794"},{"taxonomy":"product_tag","embeddable":true,"href":"https:\/\/advancedseeds.com\/it\/wp-json\/wp\/v2\/product_tag?post=2794"}],"curies":[{"name":"wp","href":"https:\/\/api.w.org\/{rel}","templated":true}]}}