{"id":299,"date":"2021-01-14T17:14:57","date_gmt":"2021-01-14T17:14:57","guid":{"rendered":"https:\/\/advancedseeds.com\/web\/producto\/afghan-skunk\/"},"modified":"2026-04-18T10:45:18","modified_gmt":"2026-04-18T09:45:18","slug":"afghan-skunk","status":"publish","type":"product","link":"https:\/\/advancedseeds.com\/it\/tienda\/feminizadas\/afghan-skunk\/","title":{"rendered":"Puzzola afgana"},"content":{"rendered":"<p>Ibrido Indica\/Sativa. Struttura della pianta robusta e molto produttiva, con cime grandi e dense di aroma e sapore potente e duraturo grazie alla sua eredit\u00e0 Skunk. \u00c8 molto resistente alle condizioni avverse e facile da coltivare, il che la rende ideale per i principianti. Completa la fioritura in 8 settimane. Se coltivata in climi freddi, pu\u00f2 sviluppare colori rossastri e viola alla fine della fioritura.<\/p>\n<h2>Qual \u00e8 la genetica di questi semi?<\/h2>\n<p>I semi Afghan Skunk sono il risultato di un attento incrocio tra due variet\u00e0 leggendarie: la splendida Afghan e la vigorosa Skunk. Con un <b>70% di genetica indica e una 30% sativa<\/b>Questa combinazione offre il meglio dei due mondi. La forza dell'Afghan incontra i sapori unici della Skunk, creando un'esperienza di cannabis senza precedenti.<\/p>\n<p>Questa combinazione genetica ha segnato un prima e un dopo nel mondo dell'allevamento moderno, tanto che pu\u00f2 essere vista sotto diversi nomi commerciali in molte banche di semi, direi che la maggior parte ha una qualche versione di questo incrocio.<\/p>\n<h2>Che aspetto hanno le piante Afghan Skunk?<\/h2>\n<p>Le piante Afghan Skunk mostrano una struttura tipicamente indica, con foglie larghe e cime dense. Gli internodi corti favoriscono la formazione di grappoli di fiori grandi e compatti. Le cime sono davvero spettacolari, mostrando la densit\u00e0 delle Afghane ma con la consistenza rocciosa che molti fenotipi Skunk#1 mostrano. Quando maturano in condizioni di freddo, queste piante mostrano sfumature rossastre e viola che conquistano non appena le si vede, cosa che, insieme alle loro propriet\u00e0 organolettiche, le rende un vero spettacolo.<\/p>\n<p>Con un'altezza che varia dai 70 ai 100cm in indoor e fino a 3m in outdoor, queste piante crescono in modo vigoroso e vigoroso fin dal primo minuto di vita. Il loro portamento cespuglioso \u00e8 perfetto per la coltivazione indoor e all'aperto pu\u00f2 passare inosservata rispetto ad altre variet\u00e0, se le si d\u00e0 il giusto addestramento.<\/p>\n<h2>Come si coltivano questi semi all'interno e all'esterno?<\/h2>\n<p>La coltivazione dei semi Afghan Skunk \u00e8 un'esperienza gratificante, soprattutto per i coltivatori alle prime armi, perch\u00e9 con una cura minima si ottiene un raccolto abbondante. Infatti, questi semi sono tra i pi\u00f9 raccomandati in molte coltivazioni per la loro facilit\u00e0 di coltivazione e resistenza.<\/p>\n<h3>Coltivazione indoor:<\/h3>\n<p>Se non avete molta esperienza, la cosa migliore da fare \u00e8 lasciarle crescere cos\u00ec come sono per circa 4 settimane. Dopo questo periodo, potete cambiare il fotoperiodo in fioritura e aspettare che le piante smettano di allungarsi in altezza per vedere quanto penetra la luce, perch\u00e9 se vedete che non arriva bene, potete potare la base. D'altra parte, se avete gi\u00e0 esperienza nella coltivazione indoor, potete fare uno SCROG per sfruttare meglio lo spazio, e all'inizio-met\u00e0 della fase di fioritura potete fare una leggera defogliazione per rimuovere alcune foglie che possono togliere luce ad alcune cime.<\/p>\n<h3>Coltivazione all'aperto:<\/h3>\n<p>Nei climi caldi e mediterranei, queste piante possono raggiungere il loro pieno potenziale, ma \u00e8 essenziale scegliere una posizione con sufficiente luce solare diretta e non lesinare sul substrato, poich\u00e9 questi sono i due fattori limitanti che possono avere. Assicuratevi di fornire un buon drenaggio e nutrienti adeguati per ottenere i migliori risultati. Non \u00e8 una cattiva idea applicare pesticidi in via preventiva, soprattutto fungicidi, fino a quando non vedrete che le cime iniziano a compattarsi, in quanto un punto debole di questa variet\u00e0 \u00e8 la sua vulnerabilit\u00e0 agli attacchi della botrite, dovuta proprio all'estrema densit\u00e0 delle cime.<\/p>\n<h2>Quando viene raccolto l'Afghan Skunk?<\/h2>\n<p>Il tempo di fioritura indoor \u00e8 di circa 7-8,5 settimane dopo il passaggio a un ciclo di luce\/buio di 12\/12 ore. All'aperto, le piante saranno pronte per il raccolto all'inizio di ottobre nell'emisfero settentrionale e all'inizio di aprile nell'emisfero meridionale.<\/p>\n<h2>Quanto producono questi semi?<\/h2>\n<p>Al chiuso, la Afghan Skunk Femminized Seeds di Advanced Seeds pu\u00f2 produrre circa 400-500 grammi per metro quadro, anche di pi\u00f9 se si dispone di moderne luci LED. All'aperto, ogni pianta pu\u00f2 produrre tra i 600-800 grammi di fiori di alta qualit\u00e0. Ricordate che le rese possono variare a seconda delle condizioni di coltivazione e delle cure prestate, e che queste cifre sono approssimative e medie, poich\u00e9 in molti casi possono essere superate.<\/p>\n<h2>Com'\u00e8 l'aroma e il gusto dell'Afghan Skunk?<\/h2>\n<p>L'aroma della Afghan Skunk \u00e8 una deliziosa combinazione di terpeni, con note terrose, fruttate e dolci che ricordano la terra bagnata e la frutta matura. Il suo aroma inebriante riempir\u00e0 l'aria e vi piacer\u00e0, ma \u00e8 cos\u00ec forte che \u00e8 necessario disporre di buoni sistemi antiodore per controllarlo.<\/p>\n<p>Quando si fuma, si percepisce un sapore intenso e complesso, con sfumature agrumate e speziate che lasciano il posto a un retrogusto fruttato morbido e duraturo, di quelli che si attaccano alle papille gustative per molto tempo.<\/p>\n<h2>Che tipo di effetto ha questa marijuana?<\/h2>\n<p>Questa variet\u00e0 offre un potente effetto fisico rilassante, tipico delle indica, che si combina con una piacevole sensazione cerebrale. Con un livello di THC di 18-22%, la Afghan Skunk offre uno sballo piacevole e duraturo. \u00c8 perfetta per rilassarsi dopo una giornata frenetica o per godersi momenti di tranquillit\u00e0. I suoi effetti positivi ed edificanti si combinano con un senso di felicit\u00e0 e di calma di lunga durata, ma trattatela con moderazione o potrebbe lasciarvi sbavare sul divano.<\/p>\n<h2>Comprare Semi Femminilizzati Afghan Skunk al Miglior Prezzo Online<\/h2>\n<p>Non perdete l'occasione di provare tutto ci\u00f2 che la Afghan Skunk di Advanced Seeds ha da offrire! Ordinate ora al miglior prezzo nel nostro negozio online e iniziate la vostra coltivazione di questa straordinaria variet\u00e0.<\/p>\n<h2>Domande frequenti su Afghan Skunk:<\/h2>\n<h3>Qual \u00e8 la resistenza ai parassiti e alle malattie della Afghan Skunk?<\/h3>\n<p>La Afghan Skunk mostra una buona resistenza ai comuni parassiti e malattie della cannabis. Tuttavia, si raccomanda un monitoraggio regolare e misure preventive per mantenere un raccolto sano.<\/p>\n<h3>Posso coltivare la Afghan Skunk in climi freddi?<\/h3>\n<p>Questa variet\u00e0 predilige i climi caldi e mediterranei, ma pu\u00f2 adattarsi a climi pi\u00f9 freddi con una protezione adeguata. Considerate l'utilizzo di serre o tecniche di coltivazione in vaso per ottimizzare la crescita in condizioni meno favorevoli.<\/p>\n<h3>Qual \u00e8 il profilo terpenico predominante nell'Afghan Skunk?<\/h3>\n<p>Il profilo terpenico della Afghan Skunk \u00e8 dominato da mircene, limonene e pinene, che contribuiscono al suo caratteristico aroma terroso, fruttato, dolce e agrumato.<\/p>\n<h3>L'Afghan Skunk \u00e8 adatto all'uso terapeutico?<\/h3>\n<p>S\u00ec, questa variet\u00e0 pu\u00f2 essere una scelta eccellente per i consumatori di medicinali grazie al suo potente effetto rilassante e analgesico. \u00c8 stata utilizzata per alleviare lo stress, il dolore cronico e i disturbi del sonno. Tuttavia, si raccomanda di consultare un professionista della salute prima di utilizzarla a scopo terapeutico.<\/p>","protected":false},"excerpt":{"rendered":"<p><b>Afghan Skunk di Advanced Seeds<\/b>Si tratta di una variet\u00e0 eccezionale che combina la robustezza dell'Afghana con i sapori complessi della Skunk.<\/p>","protected":false},"featured_media":20331,"comment_status":"open","ping_status":"closed","template":"","meta":{"_acf_changed":false},"product_brand":[],"product_cat":[69],"product_tag":[],"class_list":{"0":"post-299","1":"product","2":"type-product","3":"status-publish","4":"has-post-thumbnail","6":"product_cat-feminizadas","8":"first","9":"instock","10":"taxable","11":"shipping-taxable","12":"purchasable","13":"product-type-variable"},"acf":[],"yoast_head":"<!-- This site is optimized with the Yoast SEO Premium plugin v26.3 (Yoast SEO v26.6) - https:\/\/yoast.com\/wordpress\/plugins\/seo\/ -->\n<title>Afghan Skunk - Advanced Seeds<\/title>\n<meta name=\"robots\" content=\"index, follow, max-snippet:-1, max-image-preview:large, max-video-preview:-1\" \/>\n<link rel=\"canonical\" href=\"https:\/\/advancedseeds.com\/it\/tienda\/feminizadas\/afghan-skunk\/\" \/>\n<meta property=\"og:locale\" content=\"it_IT\" \/>\n<meta property=\"og:type\" content=\"article\" \/>\n<meta property=\"og:title\" content=\"Afghan Skunk\" \/>\n<meta property=\"og:description\" content=\"Afghan Skunk de Advanced Seeds, una variedad excepcional que combina la robustez de la Afghana con los sabores complejos de la Skunk.\" \/>\n<meta property=\"og:url\" content=\"https:\/\/advancedseeds.com\/it\/tienda\/feminizadas\/afghan-skunk\/\" \/>\n<meta property=\"og:site_name\" content=\"Advanced Seeds\" \/>\n<meta property=\"article:modified_time\" content=\"2026-04-18T09:45:18+00:00\" \/>\n<meta property=\"og:image\" content=\"https:\/\/advancedseeds.com\/web\/wp-content\/uploads\/2021\/01\/Afghan-Skunk-scaled.jpg\" \/>\n\t<meta property=\"og:image:width\" content=\"1929\" \/>\n\t<meta property=\"og:image:height\" content=\"2560\" \/>\n\t<meta property=\"og:image:type\" content=\"image\/jpeg\" \/>\n<meta name=\"twitter:card\" content=\"summary_large_image\" \/>\n<meta name=\"twitter:label1\" content=\"Tempo di lettura stimato\" \/>\n\t<meta name=\"twitter:data1\" content=\"6 minuti\" \/>\n<script type=\"application\/ld+json\" class=\"yoast-schema-graph\">{\"@context\":\"https:\/\/schema.org\",\"@graph\":[{\"@type\":\"WebPage\",\"@id\":\"https:\/\/advancedseeds.com\/tienda\/feminizadas\/afghan-skunk\/\",\"url\":\"https:\/\/advancedseeds.com\/tienda\/feminizadas\/afghan-skunk\/\",\"name\":\"Afghan Skunk - Advanced Seeds\",\"isPartOf\":{\"@id\":\"https:\/\/advancedseeds.com\/#website\"},\"primaryImageOfPage\":{\"@id\":\"https:\/\/advancedseeds.com\/tienda\/feminizadas\/afghan-skunk\/#primaryimage\"},\"image\":{\"@id\":\"https:\/\/advancedseeds.com\/tienda\/feminizadas\/afghan-skunk\/#primaryimage\"},\"thumbnailUrl\":\"https:\/\/advancedseeds.com\/web\/wp-content\/uploads\/2021\/01\/Afghan-Skunk-scaled.jpg\",\"datePublished\":\"2021-01-14T17:14:57+00:00\",\"dateModified\":\"2026-04-18T09:45:18+00:00\",\"breadcrumb\":{\"@id\":\"https:\/\/advancedseeds.com\/tienda\/feminizadas\/afghan-skunk\/#breadcrumb\"},\"inLanguage\":\"it-IT\",\"potentialAction\":[{\"@type\":\"ReadAction\",\"target\":[\"https:\/\/advancedseeds.com\/tienda\/feminizadas\/afghan-skunk\/\"]}]},{\"@type\":\"ImageObject\",\"inLanguage\":\"it-IT\",\"@id\":\"https:\/\/advancedseeds.com\/tienda\/feminizadas\/afghan-skunk\/#primaryimage\",\"url\":\"https:\/\/advancedseeds.com\/web\/wp-content\/uploads\/2021\/01\/Afghan-Skunk-scaled.jpg\",\"contentUrl\":\"https:\/\/advancedseeds.com\/web\/wp-content\/uploads\/2021\/01\/Afghan-Skunk-scaled.jpg\",\"width\":1929,\"height\":2560},{\"@type\":\"BreadcrumbList\",\"@id\":\"https:\/\/advancedseeds.com\/tienda\/feminizadas\/afghan-skunk\/#breadcrumb\",\"itemListElement\":[{\"@type\":\"ListItem\",\"position\":1,\"name\":\"Home\",\"item\":\"https:\/\/advancedseeds.com\/\"},{\"@type\":\"ListItem\",\"position\":2,\"name\":\"Tienda\",\"item\":\"https:\/\/advancedseeds.com\/\"},{\"@type\":\"ListItem\",\"position\":3,\"name\":\"Afghan Skunk\"}]},{\"@type\":\"WebSite\",\"@id\":\"https:\/\/advancedseeds.com\/#website\",\"url\":\"https:\/\/advancedseeds.com\/\",\"name\":\"Advanced Seeds\",\"description\":\"Gen\u00e9ticas Avanzadas en semillas feminizadas y autom\u00e1ticas.\",\"publisher\":{\"@id\":\"https:\/\/advancedseeds.com\/#organization\"},\"potentialAction\":[{\"@type\":\"SearchAction\",\"target\":{\"@type\":\"EntryPoint\",\"urlTemplate\":\"https:\/\/advancedseeds.com\/?s={search_term_string}\"},\"query-input\":{\"@type\":\"PropertyValueSpecification\",\"valueRequired\":true,\"valueName\":\"search_term_string\"}}],\"inLanguage\":\"it-IT\"},{\"@type\":\"Organization\",\"@id\":\"https:\/\/advancedseeds.com\/#organization\",\"name\":\"Advanced Seeds\",\"url\":\"https:\/\/advancedseeds.com\/\",\"logo\":{\"@type\":\"ImageObject\",\"inLanguage\":\"it-IT\",\"@id\":\"https:\/\/advancedseeds.com\/#\/schema\/logo\/image\/\",\"url\":\"https:\/\/advancedseeds.com\/web\/wp-content\/uploads\/2021\/01\/logo-advanced.jpg\",\"contentUrl\":\"https:\/\/advancedseeds.com\/web\/wp-content\/uploads\/2021\/01\/logo-advanced.jpg\",\"width\":600,\"height\":600,\"caption\":\"Advanced Seeds\"},\"image\":{\"@id\":\"https:\/\/advancedseeds.com\/#\/schema\/logo\/image\/\"}}]}<\/script>\n<!-- \/ Yoast SEO Premium plugin. -->","yoast_head_json":{"title":"Afghan Skunk - Advanced Seeds","robots":{"index":"index","follow":"follow","max-snippet":"max-snippet:-1","max-image-preview":"max-image-preview:large","max-video-preview":"max-video-preview:-1"},"canonical":"https:\/\/advancedseeds.com\/it\/tienda\/feminizadas\/afghan-skunk\/","og_locale":"it_IT","og_type":"article","og_title":"Afghan Skunk","og_description":"Afghan Skunk de Advanced Seeds, una variedad excepcional que combina la robustez de la Afghana con los sabores complejos de la Skunk.","og_url":"https:\/\/advancedseeds.com\/it\/tienda\/feminizadas\/afghan-skunk\/","og_site_name":"Advanced Seeds","article_modified_time":"2026-04-18T09:45:18+00:00","og_image":[{"width":1929,"height":2560,"url":"https:\/\/advancedseeds.com\/web\/wp-content\/uploads\/2021\/01\/Afghan-Skunk-scaled.jpg","type":"image\/jpeg"}],"twitter_card":"summary_large_image","twitter_misc":{"Tempo di lettura stimato":"6 minuti"},"schema":{"@context":"https:\/\/schema.org","@graph":[{"@type":"WebPage","@id":"https:\/\/advancedseeds.com\/tienda\/feminizadas\/afghan-skunk\/","url":"https:\/\/advancedseeds.com\/tienda\/feminizadas\/afghan-skunk\/","name":"Afghan Skunk - Advanced Seeds","isPartOf":{"@id":"https:\/\/advancedseeds.com\/#website"},"primaryImageOfPage":{"@id":"https:\/\/advancedseeds.com\/tienda\/feminizadas\/afghan-skunk\/#primaryimage"},"image":{"@id":"https:\/\/advancedseeds.com\/tienda\/feminizadas\/afghan-skunk\/#primaryimage"},"thumbnailUrl":"https:\/\/advancedseeds.com\/web\/wp-content\/uploads\/2021\/01\/Afghan-Skunk-scaled.jpg","datePublished":"2021-01-14T17:14:57+00:00","dateModified":"2026-04-18T09:45:18+00:00","breadcrumb":{"@id":"https:\/\/advancedseeds.com\/tienda\/feminizadas\/afghan-skunk\/#breadcrumb"},"inLanguage":"it-IT","potentialAction":[{"@type":"ReadAction","target":["https:\/\/advancedseeds.com\/tienda\/feminizadas\/afghan-skunk\/"]}]},{"@type":"ImageObject","inLanguage":"it-IT","@id":"https:\/\/advancedseeds.com\/tienda\/feminizadas\/afghan-skunk\/#primaryimage","url":"https:\/\/advancedseeds.com\/web\/wp-content\/uploads\/2021\/01\/Afghan-Skunk-scaled.jpg","contentUrl":"https:\/\/advancedseeds.com\/web\/wp-content\/uploads\/2021\/01\/Afghan-Skunk-scaled.jpg","width":1929,"height":2560},{"@type":"BreadcrumbList","@id":"https:\/\/advancedseeds.com\/tienda\/feminizadas\/afghan-skunk\/#breadcrumb","itemListElement":[{"@type":"ListItem","position":1,"name":"Home","item":"https:\/\/advancedseeds.com\/"},{"@type":"ListItem","position":2,"name":"Tienda","item":"https:\/\/advancedseeds.com\/"},{"@type":"ListItem","position":3,"name":"Afghan Skunk"}]},{"@type":"WebSite","@id":"https:\/\/advancedseeds.com\/#website","url":"https:\/\/advancedseeds.com\/","name":"Semi avanzati","description":"Genetica avanzata in semi femminizzati e automatici.","publisher":{"@id":"https:\/\/advancedseeds.com\/#organization"},"potentialAction":[{"@type":"SearchAction","target":{"@type":"EntryPoint","urlTemplate":"https:\/\/advancedseeds.com\/?s={search_term_string}"},"query-input":{"@type":"PropertyValueSpecification","valueRequired":true,"valueName":"search_term_string"}}],"inLanguage":"it-IT"},{"@type":"Organization","@id":"https:\/\/advancedseeds.com\/#organization","name":"Semi avanzati","url":"https:\/\/advancedseeds.com\/","logo":{"@type":"ImageObject","inLanguage":"it-IT","@id":"https:\/\/advancedseeds.com\/#\/schema\/logo\/image\/","url":"https:\/\/advancedseeds.com\/web\/wp-content\/uploads\/2021\/01\/logo-advanced.jpg","contentUrl":"https:\/\/advancedseeds.com\/web\/wp-content\/uploads\/2021\/01\/logo-advanced.jpg","width":600,"height":600,"caption":"Advanced Seeds"},"image":{"@id":"https:\/\/advancedseeds.com\/#\/schema\/logo\/image\/"}}]}},"_links":{"self":[{"href":"https:\/\/advancedseeds.com\/it\/wp-json\/wp\/v2\/product\/299","targetHints":{"allow":["GET"]}}],"collection":[{"href":"https:\/\/advancedseeds.com\/it\/wp-json\/wp\/v2\/product"}],"about":[{"href":"https:\/\/advancedseeds.com\/it\/wp-json\/wp\/v2\/types\/product"}],"replies":[{"embeddable":true,"href":"https:\/\/advancedseeds.com\/it\/wp-json\/wp\/v2\/comments?post=299"}],"wp:featuredmedia":[{"embeddable":true,"href":"https:\/\/advancedseeds.com\/it\/wp-json\/wp\/v2\/media\/20331"}],"wp:attachment":[{"href":"https:\/\/advancedseeds.com\/it\/wp-json\/wp\/v2\/media?parent=299"}],"wp:term":[{"taxonomy":"product_brand","embeddable":true,"href":"https:\/\/advancedseeds.com\/it\/wp-json\/wp\/v2\/product_brand?post=299"},{"taxonomy":"product_cat","embeddable":true,"href":"https:\/\/advancedseeds.com\/it\/wp-json\/wp\/v2\/product_cat?post=299"},{"taxonomy":"product_tag","embeddable":true,"href":"https:\/\/advancedseeds.com\/it\/wp-json\/wp\/v2\/product_tag?post=299"}],"curies":[{"name":"wp","href":"https:\/\/api.w.org\/{rel}","templated":true}]}}