{"id":301,"date":"2021-01-14T17:15:03","date_gmt":"2021-01-14T17:15:03","guid":{"rendered":"https:\/\/advancedseeds.com\/web\/producto\/auto-afghan-skunk\/"},"modified":"2026-04-20T22:45:46","modified_gmt":"2026-04-20T21:45:46","slug":"auto-afghan-skunk","status":"publish","type":"product","link":"https:\/\/advancedseeds.com\/it\/tienda\/automaticas\/auto-afghan-skunk\/","title":{"rendered":"Auto Afghan Skunk"},"content":{"rendered":"<p><span style=\"font-weight: 400\">Il <\/span><a href=\"https:\/\/advancedseeds.com\/web\/categoria-producto\/automaticas\/\"><b>semi autofiorenti<\/b><\/a><b> Auto Afghan Skunk di Advanced Seeds<\/b><span style=\"font-weight: 400\"> sono una scelta entusiasmante per gli amanti della cannabis. Questa variet\u00e0 combina un grande effetto indica con un gusto eccezionale e una straordinaria facilit\u00e0 di coltivazione. Se volete saperne di pi\u00f9 sulla Auto Afghan Skunk, non perdetevi quanto segue.<\/span><\/p>\n<h2>Qual \u00e8 la genetica di questi semi?<\/h2>\n<p><span style=\"font-weight: 400\">Auto Afghan Skunk \u00e8 il risultato di un incrocio genetico tra<\/span><a href=\"https:\/\/advancedseeds.com\/web\/producto\/afghan-skunk\/\"> <span style=\"font-weight: 400\">Puzzola afgana<\/span><\/a><span style=\"font-weight: 400\"> e Ruderalis. Si tratta di un ibrido autofiorente a dominanza indica, che d\u00e0 origine a una pianta robusta, veloce e facile da coltivare. L'Afghano aggiunge forza, mentre la Skunk aggiunge un aroma e un sapore unici.<\/span><\/p>\n<p><span style=\"font-weight: 400\">La genetica indica di questa variet\u00e0 \u00e8 evidente nella sua struttura compatta e nelle foglie larghe. Questo la rende perfetta per gli spazi di coltivazione pi\u00f9 piccoli, sia indoor che outdoor.<\/span><\/p>\n<h2>Che aspetto ha Auto Afghan Skunk?<\/h2>\n<p><span style=\"font-weight: 400\">Questa pianta ha una struttura compatta con foglie larghe e un aspetto rigoglioso. Durante la fase di fioritura, la Auto Afghan Skunk si riempie di cime dense e ricoperte di tricomi resinosi. Il suo aspetto \u00e8 impressionante e le sue cime cariche di THC sono una delizia per gli occhi.<\/span><\/p>\n<p><span style=\"font-weight: 400\">La distanza tra i nodi \u00e8 breve, il che significa che questa pianta \u00e8 ideale per la coltivazione in spazi ridotti. L'aspetto generale \u00e8 quello di una pianta di marijuana robusta e sana, con foglie verde scuro.<\/span><\/p>\n<h2>Come si coltivano questi semi all'interno e all'esterno?<\/h2>\n<p><span style=\"font-weight: 400\">La Auto Afghan Skunk \u00e8 nota per la sua facilit\u00e0 di coltivazione sia all'interno che all'esterno. Ecco alcuni consigli su come ottenere i migliori risultati:<\/span><\/p>\n<h3><span style=\"font-weight: 400\">Coltivazione indoor: <\/span><\/h3>\n<p><span style=\"font-weight: 400\">Al chiuso, la Auto Afghan Skunk fiorisce in 65-75 giorni dalla germinazione. Per massimizzare le rese, assicuratevi di fornire condizioni di coltivazione ottimali, tra cui un ciclo di luce adeguato, una buona ventilazione e il controllo dell'umidit\u00e0. Le tecniche di formazione, come la potatura apicale, possono contribuire ad aumentare la produzione.<\/span><\/p>\n<h3><span style=\"font-weight: 400\">Coltivazione all'aperto: <\/span><\/h3>\n<p><span style=\"font-weight: 400\">All'aperto, questa pianta raggiunge un'altezza di 80-120 cm e viene raccolta tipicamente da aprile a novembre, a seconda della posizione geografica. La Auto Afghan Skunk \u00e8 resistente alle muffe, il che la rende adatta a diverse condizioni climatiche. Assicuratevi di piantarla in una posizione con accesso alla luce solare diretta e con un buon drenaggio del terreno.<\/span><\/p>\n<h2>Quanto tempo passa dalla germinazione al raccolto?<\/h2>\n<p><span style=\"font-weight: 400\">La Auto Afghan Skunk \u00e8 nota per il suo ciclo di vita veloce e la sua capacit\u00e0 di fioritura precoce. Al chiuso, si pu\u00f2 prevedere che sia pronta per il raccolto in 65-75 giorni dalla germinazione. All'aperto, il periodo di raccolta varia a seconda della posizione geografica, ma in genere si verifica tra aprile e novembre.<\/span><\/p>\n<h2>Quanto producono questi semi?<\/h2>\n<p><span style=\"font-weight: 400\">La Auto Afghan Skunk \u00e8 una variet\u00e0 generosa in termini di resa. Al chiuso, ci si pu\u00f2 aspettare di ottenere 400-500 grammi per metro quadro. All'aperto, nonostante sia una variet\u00e0 autofiorente, \u00e8 ancora molto produttiva e vi ricompenser\u00e0 con raccolti abbondanti.<\/span><\/p>\n<h2>Com'\u00e8 l'aroma e il gusto dell'Auto Afghan Skunk?<\/h2>\n<p><span style=\"font-weight: 400\">Una delle caratteristiche pi\u00f9 rilevanti dell'Auto Afghan Skunk \u00e8 il suo aroma e il suo gusto eccezionali. Quando la si consuma, si sperimenta un'esplosione di sfumature deliziose. Le cime emanano un aroma intenso che combina note di agrumi, legni esotici e spezie. Il gusto \u00e8 altrettanto impressionante e corrisponde all'aroma, offrendo un'esperienza sensoriale unica.<\/span><\/p>\n<h2>Che tipo di effetto ha questa marijuana?<\/h2>\n<p><span style=\"font-weight: 400\">La Auto Afghan Skunk offre un potente sballo tipicamente indica. Quando viene fumata o vaporizzata, si avverte un forte sballo fisico che induce un profondo rilassamento. Con un contenuto di THC di 15%, \u00e8 ideale per alleviare lo stress, ridurre l'ansia e rilassarsi dopo una lunga giornata. Pu\u00f2 anche aiutare ad alleviare il dolore e a promuovere un sonno ristoratore.<\/span><\/p>\n<p><span style=\"font-weight: 400\">\u00a0Cogliete l'occasione di acquistare la Auto Afghan Skunk e iniziate la vostra esperienza di coltivazione nel miglior modo possibile!<\/span><\/p>\n<h2>Domande frequenti sull'Auto Afghan Skunk:<\/h2>\n<h3>Qual \u00e8 la differenza tra la Auto Afghan Skunk e le altre variet\u00e0 della Advanced Seeds?<\/h3>\n<p><span style=\"font-weight: 400\">La Auto Afghan Skunk si distingue per la sua genetica unica, l'aroma e il sapore eccezionali e la facilit\u00e0 di coltivazione. Mentre le altre variet\u00e0 di Advanced Seeds sono altrettanto impressionanti, la Auto Afghan Skunk offre un'esperienza di coltivazione distintiva e gustosa.<\/span><\/p>\n<h3>Quali consigli ha per la coltivazione all'aperto?<\/h3>\n<p><span style=\"font-weight: 400\">Quando si coltiva la Auto Afghan Skunk all'aperto, assicurarsi di scegliere una posizione soleggiata e ben drenata. Fornite un buon substrato e un'adeguata irrigazione. Inoltre, assicuratevi di proteggere le piante da parassiti e predatori, poich\u00e9 le piante autofiorenti hanno un ciclo di vita breve e non hanno molto tempo per riprendersi da eventuali danni.<\/span><\/p>\n<h3>L'Auto Afghan Skunk \u00e8 adatto ai principianti?<\/h3>\n<p><span style=\"font-weight: 400\">S\u00ec, la Auto Afghan Skunk \u00e8 una scelta eccellente per i coltivatori principianti grazie alla sua facilit\u00e0 di coltivazione e alla sua resistenza. Tuttavia, \u00e8 importante documentarsi e comprendere le basi della coltivazione della marijuana prima di iniziare.<\/span><\/p>\n<h3>Quali sono gli effetti collaterali pi\u00f9 comuni di Auto Afghan Skunk?<\/h3>\n<p><span style=\"font-weight: 400\">Gli effetti collaterali pi\u00f9 comuni di questa variet\u00e0 sono secchezza delle fauci e arrossamento degli occhi. Questi effetti sono temporanei e possono essere facilmente attenuati con un'adeguata idratazione. Inoltre, a causa della sua potenza, si raccomanda di consumarla con moderazione, soprattutto per chi \u00e8 alle prime armi.<\/span><\/p>\n<h3>Qual \u00e8 il contenuto di THC della Auto Afghan Skunk?<\/h3>\n<p><span style=\"font-weight: 400\">La Auto Afghan Skunk ha un contenuto di THC di 15%. Ci\u00f2 la colloca nella gamma delle variet\u00e0 moderatamente potenti, rendendola adatta sia ai consumatori esperti che ai principianti. \u00c8 sempre importante consumare in modo responsabile e conoscere i propri limiti.<\/span><\/p>\n<h3>Quando \u00e8 il momento migliore per raccogliere la Auto Afghan Skunk all'aperto?<\/h3>\n<p><span style=\"font-weight: 400\">Il momento ottimale per la raccolta all'aperto dipende dalla posizione geografica. In generale, il raccolto \u00e8 pronto da aprile a novembre, in coincidenza con le stagioni pi\u00f9 calde dell'emisfero settentrionale.<\/span><\/p>\n<h3>Qual \u00e8 la differenza tra la Auto Afghan Skunk e la femminilizzata fotoperiodica Afghan Skunk?<\/h3>\n<p><span style=\"font-weight: 400\">La differenza principale sta nel ciclo di vita e nella facilit\u00e0 di coltivazione. La Auto Afghan Skunk \u00e8 una variet\u00e0 autofiorente, il che significa che passa automaticamente alla fase di fioritura senza dipendere dal fotoperiodo. D'altra parte, la normale Afghan Skunk richiede un controllo rigoroso del ciclo di luce per indurre la fioritura. La Auto Afghan Skunk \u00e8 pi\u00f9 veloce e facile da coltivare, mentre la Afghan Skunk regolare offre un maggiore controllo sul processo di crescita.<\/span><\/p>","protected":false},"excerpt":{"rendered":"<p>Ibrido Indica\/Sativa. Struttura della pianta robusta e molto produttiva, con cime grandi e dense di aroma e sapore potente e duraturo grazie alla sua eredit\u00e0 Skunk. \u00c8 molto resistente alle condizioni avverse e facile da coltivare, il che la rende ideale per i principianti. Completa la fioritura in 8 settimane. Se coltivata in climi freddi, pu\u00f2 sviluppare colori rossastri e viola alla fine della fioritura.<\/p>","protected":false},"featured_media":19648,"comment_status":"open","ping_status":"closed","template":"","meta":{"_acf_changed":false},"product_brand":[],"product_cat":[70],"product_tag":[],"class_list":{"0":"post-301","1":"product","2":"type-product","3":"status-publish","4":"has-post-thumbnail","6":"product_cat-automaticas","8":"first","9":"instock","10":"taxable","11":"shipping-taxable","12":"purchasable","13":"product-type-variable"},"acf":[],"yoast_head":"<!-- This site is optimized with the Yoast SEO Premium plugin v26.3 (Yoast SEO v26.6) - https:\/\/yoast.com\/wordpress\/plugins\/seo\/ -->\n<title>Auto Afghan Skunk - Advanced Seeds<\/title>\n<meta name=\"robots\" content=\"index, follow, max-snippet:-1, max-image-preview:large, max-video-preview:-1\" \/>\n<link rel=\"canonical\" href=\"https:\/\/advancedseeds.com\/it\/tienda\/automaticas\/auto-afghan-skunk\/\" \/>\n<meta property=\"og:locale\" content=\"it_IT\" \/>\n<meta property=\"og:type\" content=\"article\" \/>\n<meta property=\"og:title\" content=\"Auto Afghan Skunk\" \/>\n<meta property=\"og:description\" content=\"H\u00edbrido Indica \/ Sativa. Planta de estructura robusta y muy productiva, con grandes y densos cogollos de aroma y sabor potente y duradero gracias a su herencia Skunk. Es muy resistente a las condiciones adversas y de f\u00e1cil cultivo, lo que la hace ideal para principiantes. Completa la floraci\u00f3n en 8 semanas. Si se cultiva en climas fr\u00edos puede desarrollar colores rojizos y morados al final de la floraci\u00f3n.\" \/>\n<meta property=\"og:url\" content=\"https:\/\/advancedseeds.com\/it\/tienda\/automaticas\/auto-afghan-skunk\/\" \/>\n<meta property=\"og:site_name\" content=\"Advanced Seeds\" \/>\n<meta property=\"article:modified_time\" content=\"2026-04-20T21:45:46+00:00\" \/>\n<meta property=\"og:image\" content=\"https:\/\/advancedseeds.com\/web\/wp-content\/uploads\/2021\/01\/Auto-Afghan-Skunk.jpg\" \/>\n\t<meta property=\"og:image:width\" content=\"1880\" \/>\n\t<meta property=\"og:image:height\" content=\"2496\" \/>\n\t<meta property=\"og:image:type\" content=\"image\/jpeg\" \/>\n<meta name=\"twitter:card\" content=\"summary_large_image\" \/>\n<meta name=\"twitter:label1\" content=\"Tempo di lettura stimato\" \/>\n\t<meta name=\"twitter:data1\" content=\"6 minuti\" \/>\n<script type=\"application\/ld+json\" class=\"yoast-schema-graph\">{\"@context\":\"https:\/\/schema.org\",\"@graph\":[{\"@type\":\"WebPage\",\"@id\":\"https:\/\/advancedseeds.com\/tienda\/automaticas\/auto-afghan-skunk\/\",\"url\":\"https:\/\/advancedseeds.com\/tienda\/automaticas\/auto-afghan-skunk\/\",\"name\":\"Auto Afghan Skunk - Advanced Seeds\",\"isPartOf\":{\"@id\":\"https:\/\/advancedseeds.com\/#website\"},\"primaryImageOfPage\":{\"@id\":\"https:\/\/advancedseeds.com\/tienda\/automaticas\/auto-afghan-skunk\/#primaryimage\"},\"image\":{\"@id\":\"https:\/\/advancedseeds.com\/tienda\/automaticas\/auto-afghan-skunk\/#primaryimage\"},\"thumbnailUrl\":\"https:\/\/advancedseeds.com\/web\/wp-content\/uploads\/2021\/01\/Auto-Afghan-Skunk.jpg\",\"datePublished\":\"2021-01-14T17:15:03+00:00\",\"dateModified\":\"2026-04-20T21:45:46+00:00\",\"breadcrumb\":{\"@id\":\"https:\/\/advancedseeds.com\/tienda\/automaticas\/auto-afghan-skunk\/#breadcrumb\"},\"inLanguage\":\"it-IT\",\"potentialAction\":[{\"@type\":\"ReadAction\",\"target\":[\"https:\/\/advancedseeds.com\/tienda\/automaticas\/auto-afghan-skunk\/\"]}]},{\"@type\":\"ImageObject\",\"inLanguage\":\"it-IT\",\"@id\":\"https:\/\/advancedseeds.com\/tienda\/automaticas\/auto-afghan-skunk\/#primaryimage\",\"url\":\"https:\/\/advancedseeds.com\/web\/wp-content\/uploads\/2021\/01\/Auto-Afghan-Skunk.jpg\",\"contentUrl\":\"https:\/\/advancedseeds.com\/web\/wp-content\/uploads\/2021\/01\/Auto-Afghan-Skunk.jpg\",\"width\":1880,\"height\":2496,\"caption\":\"SONY DSC\"},{\"@type\":\"BreadcrumbList\",\"@id\":\"https:\/\/advancedseeds.com\/tienda\/automaticas\/auto-afghan-skunk\/#breadcrumb\",\"itemListElement\":[{\"@type\":\"ListItem\",\"position\":1,\"name\":\"Home\",\"item\":\"https:\/\/advancedseeds.com\/\"},{\"@type\":\"ListItem\",\"position\":2,\"name\":\"Tienda\",\"item\":\"https:\/\/advancedseeds.com\/\"},{\"@type\":\"ListItem\",\"position\":3,\"name\":\"Auto Afghan Skunk\"}]},{\"@type\":\"WebSite\",\"@id\":\"https:\/\/advancedseeds.com\/#website\",\"url\":\"https:\/\/advancedseeds.com\/\",\"name\":\"Advanced Seeds\",\"description\":\"Gen\u00e9ticas Avanzadas en semillas feminizadas y autom\u00e1ticas.\",\"publisher\":{\"@id\":\"https:\/\/advancedseeds.com\/#organization\"},\"potentialAction\":[{\"@type\":\"SearchAction\",\"target\":{\"@type\":\"EntryPoint\",\"urlTemplate\":\"https:\/\/advancedseeds.com\/?s={search_term_string}\"},\"query-input\":{\"@type\":\"PropertyValueSpecification\",\"valueRequired\":true,\"valueName\":\"search_term_string\"}}],\"inLanguage\":\"it-IT\"},{\"@type\":\"Organization\",\"@id\":\"https:\/\/advancedseeds.com\/#organization\",\"name\":\"Advanced Seeds\",\"url\":\"https:\/\/advancedseeds.com\/\",\"logo\":{\"@type\":\"ImageObject\",\"inLanguage\":\"it-IT\",\"@id\":\"https:\/\/advancedseeds.com\/#\/schema\/logo\/image\/\",\"url\":\"https:\/\/advancedseeds.com\/web\/wp-content\/uploads\/2021\/01\/logo-advanced.jpg\",\"contentUrl\":\"https:\/\/advancedseeds.com\/web\/wp-content\/uploads\/2021\/01\/logo-advanced.jpg\",\"width\":600,\"height\":600,\"caption\":\"Advanced Seeds\"},\"image\":{\"@id\":\"https:\/\/advancedseeds.com\/#\/schema\/logo\/image\/\"}}]}<\/script>\n<!-- \/ Yoast SEO Premium plugin. -->","yoast_head_json":{"title":"Auto Afghan Skunk - Advanced Seeds","robots":{"index":"index","follow":"follow","max-snippet":"max-snippet:-1","max-image-preview":"max-image-preview:large","max-video-preview":"max-video-preview:-1"},"canonical":"https:\/\/advancedseeds.com\/it\/tienda\/automaticas\/auto-afghan-skunk\/","og_locale":"it_IT","og_type":"article","og_title":"Auto Afghan Skunk","og_description":"H\u00edbrido Indica \/ Sativa. Planta de estructura robusta y muy productiva, con grandes y densos cogollos de aroma y sabor potente y duradero gracias a su herencia Skunk. Es muy resistente a las condiciones adversas y de f\u00e1cil cultivo, lo que la hace ideal para principiantes. Completa la floraci\u00f3n en 8 semanas. Si se cultiva en climas fr\u00edos puede desarrollar colores rojizos y morados al final de la floraci\u00f3n.","og_url":"https:\/\/advancedseeds.com\/it\/tienda\/automaticas\/auto-afghan-skunk\/","og_site_name":"Advanced Seeds","article_modified_time":"2026-04-20T21:45:46+00:00","og_image":[{"width":1880,"height":2496,"url":"https:\/\/advancedseeds.com\/web\/wp-content\/uploads\/2021\/01\/Auto-Afghan-Skunk.jpg","type":"image\/jpeg"}],"twitter_card":"summary_large_image","twitter_misc":{"Tempo di lettura stimato":"6 minuti"},"schema":{"@context":"https:\/\/schema.org","@graph":[{"@type":"WebPage","@id":"https:\/\/advancedseeds.com\/tienda\/automaticas\/auto-afghan-skunk\/","url":"https:\/\/advancedseeds.com\/tienda\/automaticas\/auto-afghan-skunk\/","name":"Auto Afghan Skunk - Advanced Seeds","isPartOf":{"@id":"https:\/\/advancedseeds.com\/#website"},"primaryImageOfPage":{"@id":"https:\/\/advancedseeds.com\/tienda\/automaticas\/auto-afghan-skunk\/#primaryimage"},"image":{"@id":"https:\/\/advancedseeds.com\/tienda\/automaticas\/auto-afghan-skunk\/#primaryimage"},"thumbnailUrl":"https:\/\/advancedseeds.com\/web\/wp-content\/uploads\/2021\/01\/Auto-Afghan-Skunk.jpg","datePublished":"2021-01-14T17:15:03+00:00","dateModified":"2026-04-20T21:45:46+00:00","breadcrumb":{"@id":"https:\/\/advancedseeds.com\/tienda\/automaticas\/auto-afghan-skunk\/#breadcrumb"},"inLanguage":"it-IT","potentialAction":[{"@type":"ReadAction","target":["https:\/\/advancedseeds.com\/tienda\/automaticas\/auto-afghan-skunk\/"]}]},{"@type":"ImageObject","inLanguage":"it-IT","@id":"https:\/\/advancedseeds.com\/tienda\/automaticas\/auto-afghan-skunk\/#primaryimage","url":"https:\/\/advancedseeds.com\/web\/wp-content\/uploads\/2021\/01\/Auto-Afghan-Skunk.jpg","contentUrl":"https:\/\/advancedseeds.com\/web\/wp-content\/uploads\/2021\/01\/Auto-Afghan-Skunk.jpg","width":1880,"height":2496,"caption":"SONY DSC"},{"@type":"BreadcrumbList","@id":"https:\/\/advancedseeds.com\/tienda\/automaticas\/auto-afghan-skunk\/#breadcrumb","itemListElement":[{"@type":"ListItem","position":1,"name":"Home","item":"https:\/\/advancedseeds.com\/"},{"@type":"ListItem","position":2,"name":"Tienda","item":"https:\/\/advancedseeds.com\/"},{"@type":"ListItem","position":3,"name":"Auto Afghan Skunk"}]},{"@type":"WebSite","@id":"https:\/\/advancedseeds.com\/#website","url":"https:\/\/advancedseeds.com\/","name":"Semi avanzati","description":"Genetica avanzata in semi femminizzati e automatici.","publisher":{"@id":"https:\/\/advancedseeds.com\/#organization"},"potentialAction":[{"@type":"SearchAction","target":{"@type":"EntryPoint","urlTemplate":"https:\/\/advancedseeds.com\/?s={search_term_string}"},"query-input":{"@type":"PropertyValueSpecification","valueRequired":true,"valueName":"search_term_string"}}],"inLanguage":"it-IT"},{"@type":"Organization","@id":"https:\/\/advancedseeds.com\/#organization","name":"Semi avanzati","url":"https:\/\/advancedseeds.com\/","logo":{"@type":"ImageObject","inLanguage":"it-IT","@id":"https:\/\/advancedseeds.com\/#\/schema\/logo\/image\/","url":"https:\/\/advancedseeds.com\/web\/wp-content\/uploads\/2021\/01\/logo-advanced.jpg","contentUrl":"https:\/\/advancedseeds.com\/web\/wp-content\/uploads\/2021\/01\/logo-advanced.jpg","width":600,"height":600,"caption":"Advanced Seeds"},"image":{"@id":"https:\/\/advancedseeds.com\/#\/schema\/logo\/image\/"}}]}},"_links":{"self":[{"href":"https:\/\/advancedseeds.com\/it\/wp-json\/wp\/v2\/product\/301","targetHints":{"allow":["GET"]}}],"collection":[{"href":"https:\/\/advancedseeds.com\/it\/wp-json\/wp\/v2\/product"}],"about":[{"href":"https:\/\/advancedseeds.com\/it\/wp-json\/wp\/v2\/types\/product"}],"replies":[{"embeddable":true,"href":"https:\/\/advancedseeds.com\/it\/wp-json\/wp\/v2\/comments?post=301"}],"wp:featuredmedia":[{"embeddable":true,"href":"https:\/\/advancedseeds.com\/it\/wp-json\/wp\/v2\/media\/19648"}],"wp:attachment":[{"href":"https:\/\/advancedseeds.com\/it\/wp-json\/wp\/v2\/media?parent=301"}],"wp:term":[{"taxonomy":"product_brand","embeddable":true,"href":"https:\/\/advancedseeds.com\/it\/wp-json\/wp\/v2\/product_brand?post=301"},{"taxonomy":"product_cat","embeddable":true,"href":"https:\/\/advancedseeds.com\/it\/wp-json\/wp\/v2\/product_cat?post=301"},{"taxonomy":"product_tag","embeddable":true,"href":"https:\/\/advancedseeds.com\/it\/wp-json\/wp\/v2\/product_tag?post=301"}],"curies":[{"name":"wp","href":"https:\/\/api.w.org\/{rel}","templated":true}]}}