{"id":303,"date":"2021-01-14T17:15:09","date_gmt":"2021-01-14T17:15:09","guid":{"rendered":"https:\/\/advancedseeds.com\/web\/producto\/auto-amnesia-xxl\/"},"modified":"2026-04-15T10:45:14","modified_gmt":"2026-04-15T09:45:14","slug":"auto-amnesia-xxl","status":"publish","type":"product","link":"https:\/\/advancedseeds.com\/it\/tienda\/automaticas\/auto-amnesia-xxl\/","title":{"rendered":"Auto Amnesia XXL"},"content":{"rendered":"<p><span style=\"font-weight: 400\">Avete bisogno di <\/span><a href=\"https:\/\/advancedseeds.com\/web\/categoria-producto\/automaticas\/\"><span style=\"font-weight: 400\">semi autofiorenti<\/span><\/a><span style=\"font-weight: 400\"> Siete nel posto giusto! Perch\u00e9 il <\/span><b>Semi di Auto Amnesia XXL di Advanced Seeds<\/b><span style=\"font-weight: 400\"> sono la scelta perfetta per gli amanti della cannabis che cercano genetiche di qualit\u00e0 con alte rese in cime, effetto potente e gusto eccezionale.<\/span><\/p>\n<h2><b>Qual \u00e8 la genetica di questi semi?<\/b><\/h2>\n<p><span style=\"font-weight: 400\">I semi Auto Amnesia XXL di Advanced Seeds sono il risultato di un incrocio eccezionale. Partendo da grandi esemplari di Auto Amnesia, sono stati incrociati con una Auto Haze di alta qualit\u00e0 e altamente psicoattiva. Il risultato \u00e8 una variet\u00e0 a dominanza sativa con un potenziale eccezionale. Ideale per gli intenditori di variet\u00e0 Haze e per gli amanti degli effetti intensi.<\/span><\/p>\n<p><span style=\"font-weight: 400\">Questa combinazione unica di genetiche garantisce un'elevata produzione di fiori e resina e un'esperienza di fumo senza pari. La Auto Amnesia XXL \u00e8 una variet\u00e0 che soddisfer\u00e0 i coltivatori pi\u00f9 esigenti ed \u00e8 perfetta per i coltivatori alle prime armi, perch\u00e9 con cure minime restituir\u00e0 un raccolto spettacolare.<\/span><\/p>\n<h2><b>Che aspetto ha Auto Amnesia XXL?<\/b><\/h2>\n<p><span style=\"font-weight: 400\">Questa pianta \u00e8 impressionante sotto ogni punto di vista. Sviluppa una struttura alta e robusta, con molti rami che terminano ad una buona altezza per ricevere molta luce e produrre quasi quanto il fusto principale. L'altezza pu\u00f2 facilmente superare 1,50 metri all'aperto e il suo aspetto \u00e8 imponente, con uno strato di tricomi che ricopre le cime.<\/span><\/p>\n<p><span style=\"font-weight: 400\">Per quanto riguarda le cime, la Auto Amnesia XXL \u00e8 caratterizzata da cime enormi, sia in lunghezza che in dimensione, e cos\u00ec resinose da brillare come diamanti.<\/span><\/p>\n<h2><b>Come si coltivano questi semi all'interno e all'esterno?<\/b><\/h2>\n<h3><span style=\"font-weight: 400\">Coltivazione indoor:<\/span><\/h3>\n<p><span style=\"font-weight: 400\">Nella coltivazione indoor, \u00e8 importante dare loro sufficiente spazio verticale e orizzontale. Si consiglia di coltivare circa 9 piante per metro quadro e di utilizzare vasi da circa 11 litri. Un'illuminazione di qualit\u00e0 e un buon traliccio sono essenziali, cos\u00ec come un fotoperiodo continuo di 20 ore di luce e 4 ore di buio ogni giorno, dal momento in cui le piante germogliano fino al raccolto, \u00e8 altamente raccomandato.<\/span><\/p>\n<p><span style=\"font-weight: 400\">\u00c8 essenziale mantenere temperatura e umidit\u00e0 controllate per massimizzare i rendimenti e garantire che le piante siano a loro agio durante tutto il ciclo di crescita. Inoltre, \u00e8 necessario prestare attenzione alla ventilazione e alla qualit\u00e0 dell'aria per evitare problemi di muffa e funghi.<\/span><\/p>\n<h3><span style=\"font-weight: 400\">Coltivazione all'aperto:<\/span><\/h3>\n<p><span style=\"font-weight: 400\">Se coltivata all'aperto, la Auto Amnesia XXL mostra tutto il suo potenziale. Con vasi grandi e un substrato aerato, si possono ottenere piante alte oltre 1,50 metri e rese superiori che non hanno nulla da invidiare alle variet\u00e0 a fotoperiodo. Su balconi o terrazze, utilizzate vasi da meno di 11 litri per una coltivazione discreta.<\/span><\/p>\n<p><span style=\"font-weight: 400\">\u00c8 importante ricordare che queste piante hanno bisogno di molte ore di luce solare diretta per raggiungere il loro pieno potenziale, quindi assicuratevi che abbiano accesso a quanta pi\u00f9 luce possibile, quindi trovate il posto pi\u00f9 soleggiato disponibile per la coltivazione e aspettate la tarda primavera per far germogliare i semi.<\/span><\/p>\n<h2><b>Quando viene raccolto l'Auto Amnesia XXL?<\/b><\/h2>\n<p><span style=\"font-weight: 400\">Al chiuso, la coltivazione completa richiede 10-11 settimane dalla germinazione. All'aperto, il raccolto arriva dopo circa 70-80 giorni dalla germinazione, ma in questo caso dipende dalle condizioni climatiche, poich\u00e9 il freddo pu\u00f2 ritardare un po' la maturazione.<\/span><\/p>\n<p><span style=\"font-weight: 400\">Il raccolto \u00e8 uno dei momenti pi\u00f9 emozionanti per ogni coltivatore e con la Auto Amnesia XXL potete aspettarvi rese eccezionali che renderanno validi i vostri sforzi colturali.<\/span><\/p>\n<h2><b>Quanto producono questi semi?<\/b><\/h2>\n<p><span style=\"font-weight: 400\">Al chiuso, si possono ottenere pi\u00f9 di 550 grammi per metro quadro. All'aperto, una Auto Amnesia XXL ben curata pu\u00f2 superare i 250 grammi per pianta. Una resa impressionante per una variet\u00e0 autofiorente.<\/span><\/p>\n<p><span style=\"font-weight: 400\">Le prestazioni della Auto Amnesia XXL sono davvero eccezionali e la rendono un'opzione interessante per i coltivatori commerciali e per chi cerca raccolti abbondanti nel minor tempo possibile per uso personale.<\/span><\/p>\n<h2><b>Qual \u00e8 l'aroma e il gusto dell'Auto Amnesia XXL?<\/b><\/h2>\n<p><span style=\"font-weight: 400\">La Auto Amnesia XXL mantiene il profilo aromatico caratteristico di questa variet\u00e0. Offre note di agrumi, incenso e spezie che sono un piacere per i fumatori nuovi ed esperti.<\/span><\/p>\n<p><span style=\"font-weight: 400\">L'aroma della Auto Amnesia XXL \u00e8 altrettanto impressionante, riempiendo la stanza con la sua fragranza agrumata e terrosa. Questa variet\u00e0 \u00e8 nota per il suo aroma pungente e caratteristico che non passa inosservato, in quanto \u00e8 un fumo cos\u00ec denso che carica l'atmosfera ovunque venga fumato.<\/span><b>Che tipo di effetto ha questa marijuana?<\/b><\/p>\n<p><span style=\"font-weight: 400\">Gli effetti dell'Auto Amnesia XXL sono molto psicoattivi e offrono una stimolazione cerebrale attiva e duratura. L'uso diurno \u00e8 consigliato con moderazione, soprattutto per chi \u00e8 meno abituato a questo tipo di sensazioni. Se si fuma in eccesso la sera si pu\u00f2 avere difficolt\u00e0 ad addormentarsi quando si va a letto.<\/span><\/p>\n<p><span style=\"font-weight: 400\">L'effetto \u00e8 una sensazione di euforia e creativit\u00e0 molto piacevole nei momenti di svago, ideale per socializzare con gli amici. Inoltre, la sua potenza la rende una scelta popolare per i consumatori di medicinali che cercano sollievo da una variet\u00e0 di condizioni.<\/span><\/p>\n<h2><b>Acquistare Auto Amnesia XXL di Advanced Seeds al miglior prezzo online<\/b><\/h2>\n<p><span style=\"font-weight: 400\">Non perdete l'opportunit\u00e0 di acquistare Auto Amnesia XXL di Advanced Seeds al miglior prezzo sul mercato. Provate la qualit\u00e0, il sapore e gli effetti eccezionali che questa variet\u00e0 ha da offrire, ordinate oggi stesso e godetevi un'esperienza unica!<\/span><\/p>\n<h2><b>Domande frequenti sull'Auto Amnesia XXL:<\/b><\/h2>\n<h3><span style=\"font-weight: 400\">Qual \u00e8 il profilo cannabinoide di Auto Amnesia XXL?<\/span><\/h3>\n<p><span style=\"font-weight: 400\">L'Auto Amnesia XXL ha un profilo cannabinoide a predominanza di THC.<\/span><\/p>\n<h3><span style=\"font-weight: 400\">\u00c8 una variet\u00e0 sativa o indica?<\/span><\/h3>\n<p><span style=\"font-weight: 400\">Questa variet\u00e0 \u00e8 prevalentemente sativa.<\/span><\/p>\n<h3><span style=\"font-weight: 400\">Come conservare la Auto Amnesia XXL dopo il raccolto?<\/span><\/h3>\n<p><span style=\"font-weight: 400\">Dopo il raccolto, \u00e8 fondamentale conservare le cime in un luogo fresco, buio ed ermetico per mantenerne la freschezza e la potenza.<\/span><\/p>\n<h3><span style=\"font-weight: 400\">Posso coltivare la Auto Amnesia XXL in climi freddi?<\/span><\/h3>\n<p><span style=\"font-weight: 400\">La Auto Amnesia XXL predilige i climi temperati, quindi \u00e8 importante proteggerla dalle temperature fredde e dal gelo.<\/span><\/p>\n<p>&nbsp;<\/p>\n<p>&nbsp;<\/p>","protected":false},"excerpt":{"rendered":"<p>Selezione dei nostri ceppi pi\u00f9 grandi di Auto Amnesia, una variet\u00e0 che nasce da una Original Amnesia e da una Haze Autofiorente. L'altezza e la produzione aumentano in questa selezione che sviluppa un maggior numero di cime con la stessa qualit\u00e0 del suo predecessore. Il suo aroma si distingue per l'intensit\u00e0 e le note di spezie e limone. L'effetto che produce \u00e8 potente a livello cerebrale e si prolunga nel tempo.<\/p>","protected":false},"featured_media":19650,"comment_status":"open","ping_status":"closed","template":"","meta":{"_acf_changed":false},"product_brand":[],"product_cat":[70],"product_tag":[],"class_list":{"0":"post-303","1":"product","2":"type-product","3":"status-publish","4":"has-post-thumbnail","6":"product_cat-automaticas","8":"first","9":"instock","10":"taxable","11":"shipping-taxable","12":"purchasable","13":"product-type-variable"},"acf":[],"yoast_head":"<!-- This site is optimized with the Yoast SEO Premium plugin v26.3 (Yoast SEO v26.6) - https:\/\/yoast.com\/wordpress\/plugins\/seo\/ -->\n<title>Auto Amnesia XXL - Advanced Seeds<\/title>\n<meta name=\"robots\" content=\"index, follow, max-snippet:-1, max-image-preview:large, max-video-preview:-1\" \/>\n<link rel=\"canonical\" href=\"https:\/\/advancedseeds.com\/it\/tienda\/automaticas\/auto-amnesia-xxl\/\" \/>\n<meta property=\"og:locale\" content=\"it_IT\" \/>\n<meta property=\"og:type\" content=\"article\" \/>\n<meta property=\"og:title\" content=\"Auto Amnesia XXL\" \/>\n<meta property=\"og:description\" content=\"Selecci\u00f3n de nuestras cepas m\u00e1s grandes de Auto Amnesia, variedad que surge a partir de una Original Amnesia y Haze Autoflowering. Altura y producci\u00f3n aumentan en esta selecci\u00f3n desarrollando un mayor n\u00famero de cogollos con la misma calidad que su predecesora. Su aroma destaca por su intensidad y matices a especias y lim\u00f3n. El efecto que produce es potente a nivel cerebral y se extiende en el tiempo.\" \/>\n<meta property=\"og:url\" content=\"https:\/\/advancedseeds.com\/it\/tienda\/automaticas\/auto-amnesia-xxl\/\" \/>\n<meta property=\"og:site_name\" content=\"Advanced Seeds\" \/>\n<meta property=\"article:modified_time\" content=\"2026-04-15T09:45:14+00:00\" \/>\n<meta property=\"og:image\" content=\"https:\/\/advancedseeds.com\/web\/wp-content\/uploads\/2021\/01\/Auto-Amnesia-XXL.jpg\" \/>\n\t<meta property=\"og:image:width\" content=\"531\" \/>\n\t<meta property=\"og:image:height\" content=\"704\" \/>\n\t<meta property=\"og:image:type\" content=\"image\/jpeg\" \/>\n<meta name=\"twitter:card\" content=\"summary_large_image\" \/>\n<meta name=\"twitter:label1\" content=\"Tempo di lettura stimato\" \/>\n\t<meta name=\"twitter:data1\" content=\"5 minuti\" \/>\n<script type=\"application\/ld+json\" class=\"yoast-schema-graph\">{\"@context\":\"https:\/\/schema.org\",\"@graph\":[{\"@type\":\"WebPage\",\"@id\":\"https:\/\/advancedseeds.com\/tienda\/automaticas\/auto-amnesia-xxl\/\",\"url\":\"https:\/\/advancedseeds.com\/tienda\/automaticas\/auto-amnesia-xxl\/\",\"name\":\"Auto Amnesia XXL - Advanced Seeds\",\"isPartOf\":{\"@id\":\"https:\/\/advancedseeds.com\/#website\"},\"primaryImageOfPage\":{\"@id\":\"https:\/\/advancedseeds.com\/tienda\/automaticas\/auto-amnesia-xxl\/#primaryimage\"},\"image\":{\"@id\":\"https:\/\/advancedseeds.com\/tienda\/automaticas\/auto-amnesia-xxl\/#primaryimage\"},\"thumbnailUrl\":\"https:\/\/advancedseeds.com\/web\/wp-content\/uploads\/2021\/01\/Auto-Amnesia-XXL.jpg\",\"datePublished\":\"2021-01-14T17:15:09+00:00\",\"dateModified\":\"2026-04-15T09:45:14+00:00\",\"breadcrumb\":{\"@id\":\"https:\/\/advancedseeds.com\/tienda\/automaticas\/auto-amnesia-xxl\/#breadcrumb\"},\"inLanguage\":\"it-IT\",\"potentialAction\":[{\"@type\":\"ReadAction\",\"target\":[\"https:\/\/advancedseeds.com\/tienda\/automaticas\/auto-amnesia-xxl\/\"]}]},{\"@type\":\"ImageObject\",\"inLanguage\":\"it-IT\",\"@id\":\"https:\/\/advancedseeds.com\/tienda\/automaticas\/auto-amnesia-xxl\/#primaryimage\",\"url\":\"https:\/\/advancedseeds.com\/web\/wp-content\/uploads\/2021\/01\/Auto-Amnesia-XXL.jpg\",\"contentUrl\":\"https:\/\/advancedseeds.com\/web\/wp-content\/uploads\/2021\/01\/Auto-Amnesia-XXL.jpg\",\"width\":531,\"height\":704},{\"@type\":\"BreadcrumbList\",\"@id\":\"https:\/\/advancedseeds.com\/tienda\/automaticas\/auto-amnesia-xxl\/#breadcrumb\",\"itemListElement\":[{\"@type\":\"ListItem\",\"position\":1,\"name\":\"Home\",\"item\":\"https:\/\/advancedseeds.com\/\"},{\"@type\":\"ListItem\",\"position\":2,\"name\":\"Tienda\",\"item\":\"https:\/\/advancedseeds.com\/\"},{\"@type\":\"ListItem\",\"position\":3,\"name\":\"Auto Amnesia XXL\"}]},{\"@type\":\"WebSite\",\"@id\":\"https:\/\/advancedseeds.com\/#website\",\"url\":\"https:\/\/advancedseeds.com\/\",\"name\":\"Advanced Seeds\",\"description\":\"Gen\u00e9ticas Avanzadas en semillas feminizadas y autom\u00e1ticas.\",\"publisher\":{\"@id\":\"https:\/\/advancedseeds.com\/#organization\"},\"potentialAction\":[{\"@type\":\"SearchAction\",\"target\":{\"@type\":\"EntryPoint\",\"urlTemplate\":\"https:\/\/advancedseeds.com\/?s={search_term_string}\"},\"query-input\":{\"@type\":\"PropertyValueSpecification\",\"valueRequired\":true,\"valueName\":\"search_term_string\"}}],\"inLanguage\":\"it-IT\"},{\"@type\":\"Organization\",\"@id\":\"https:\/\/advancedseeds.com\/#organization\",\"name\":\"Advanced Seeds\",\"url\":\"https:\/\/advancedseeds.com\/\",\"logo\":{\"@type\":\"ImageObject\",\"inLanguage\":\"it-IT\",\"@id\":\"https:\/\/advancedseeds.com\/#\/schema\/logo\/image\/\",\"url\":\"https:\/\/advancedseeds.com\/web\/wp-content\/uploads\/2021\/01\/logo-advanced.jpg\",\"contentUrl\":\"https:\/\/advancedseeds.com\/web\/wp-content\/uploads\/2021\/01\/logo-advanced.jpg\",\"width\":600,\"height\":600,\"caption\":\"Advanced Seeds\"},\"image\":{\"@id\":\"https:\/\/advancedseeds.com\/#\/schema\/logo\/image\/\"}}]}<\/script>\n<!-- \/ Yoast SEO Premium plugin. -->","yoast_head_json":{"title":"Auto Amnesia XXL - Advanced Seeds","robots":{"index":"index","follow":"follow","max-snippet":"max-snippet:-1","max-image-preview":"max-image-preview:large","max-video-preview":"max-video-preview:-1"},"canonical":"https:\/\/advancedseeds.com\/it\/tienda\/automaticas\/auto-amnesia-xxl\/","og_locale":"it_IT","og_type":"article","og_title":"Auto Amnesia XXL","og_description":"Selecci\u00f3n de nuestras cepas m\u00e1s grandes de Auto Amnesia, variedad que surge a partir de una Original Amnesia y Haze Autoflowering. Altura y producci\u00f3n aumentan en esta selecci\u00f3n desarrollando un mayor n\u00famero de cogollos con la misma calidad que su predecesora. Su aroma destaca por su intensidad y matices a especias y lim\u00f3n. El efecto que produce es potente a nivel cerebral y se extiende en el tiempo.","og_url":"https:\/\/advancedseeds.com\/it\/tienda\/automaticas\/auto-amnesia-xxl\/","og_site_name":"Advanced Seeds","article_modified_time":"2026-04-15T09:45:14+00:00","og_image":[{"width":531,"height":704,"url":"https:\/\/advancedseeds.com\/web\/wp-content\/uploads\/2021\/01\/Auto-Amnesia-XXL.jpg","type":"image\/jpeg"}],"twitter_card":"summary_large_image","twitter_misc":{"Tempo di lettura stimato":"5 minuti"},"schema":{"@context":"https:\/\/schema.org","@graph":[{"@type":"WebPage","@id":"https:\/\/advancedseeds.com\/tienda\/automaticas\/auto-amnesia-xxl\/","url":"https:\/\/advancedseeds.com\/tienda\/automaticas\/auto-amnesia-xxl\/","name":"Auto Amnesia XXL - Advanced Seeds","isPartOf":{"@id":"https:\/\/advancedseeds.com\/#website"},"primaryImageOfPage":{"@id":"https:\/\/advancedseeds.com\/tienda\/automaticas\/auto-amnesia-xxl\/#primaryimage"},"image":{"@id":"https:\/\/advancedseeds.com\/tienda\/automaticas\/auto-amnesia-xxl\/#primaryimage"},"thumbnailUrl":"https:\/\/advancedseeds.com\/web\/wp-content\/uploads\/2021\/01\/Auto-Amnesia-XXL.jpg","datePublished":"2021-01-14T17:15:09+00:00","dateModified":"2026-04-15T09:45:14+00:00","breadcrumb":{"@id":"https:\/\/advancedseeds.com\/tienda\/automaticas\/auto-amnesia-xxl\/#breadcrumb"},"inLanguage":"it-IT","potentialAction":[{"@type":"ReadAction","target":["https:\/\/advancedseeds.com\/tienda\/automaticas\/auto-amnesia-xxl\/"]}]},{"@type":"ImageObject","inLanguage":"it-IT","@id":"https:\/\/advancedseeds.com\/tienda\/automaticas\/auto-amnesia-xxl\/#primaryimage","url":"https:\/\/advancedseeds.com\/web\/wp-content\/uploads\/2021\/01\/Auto-Amnesia-XXL.jpg","contentUrl":"https:\/\/advancedseeds.com\/web\/wp-content\/uploads\/2021\/01\/Auto-Amnesia-XXL.jpg","width":531,"height":704},{"@type":"BreadcrumbList","@id":"https:\/\/advancedseeds.com\/tienda\/automaticas\/auto-amnesia-xxl\/#breadcrumb","itemListElement":[{"@type":"ListItem","position":1,"name":"Home","item":"https:\/\/advancedseeds.com\/"},{"@type":"ListItem","position":2,"name":"Tienda","item":"https:\/\/advancedseeds.com\/"},{"@type":"ListItem","position":3,"name":"Auto Amnesia XXL"}]},{"@type":"WebSite","@id":"https:\/\/advancedseeds.com\/#website","url":"https:\/\/advancedseeds.com\/","name":"Semi avanzati","description":"Genetica avanzata in semi femminizzati e automatici.","publisher":{"@id":"https:\/\/advancedseeds.com\/#organization"},"potentialAction":[{"@type":"SearchAction","target":{"@type":"EntryPoint","urlTemplate":"https:\/\/advancedseeds.com\/?s={search_term_string}"},"query-input":{"@type":"PropertyValueSpecification","valueRequired":true,"valueName":"search_term_string"}}],"inLanguage":"it-IT"},{"@type":"Organization","@id":"https:\/\/advancedseeds.com\/#organization","name":"Semi avanzati","url":"https:\/\/advancedseeds.com\/","logo":{"@type":"ImageObject","inLanguage":"it-IT","@id":"https:\/\/advancedseeds.com\/#\/schema\/logo\/image\/","url":"https:\/\/advancedseeds.com\/web\/wp-content\/uploads\/2021\/01\/logo-advanced.jpg","contentUrl":"https:\/\/advancedseeds.com\/web\/wp-content\/uploads\/2021\/01\/logo-advanced.jpg","width":600,"height":600,"caption":"Advanced Seeds"},"image":{"@id":"https:\/\/advancedseeds.com\/#\/schema\/logo\/image\/"}}]}},"_links":{"self":[{"href":"https:\/\/advancedseeds.com\/it\/wp-json\/wp\/v2\/product\/303","targetHints":{"allow":["GET"]}}],"collection":[{"href":"https:\/\/advancedseeds.com\/it\/wp-json\/wp\/v2\/product"}],"about":[{"href":"https:\/\/advancedseeds.com\/it\/wp-json\/wp\/v2\/types\/product"}],"replies":[{"embeddable":true,"href":"https:\/\/advancedseeds.com\/it\/wp-json\/wp\/v2\/comments?post=303"}],"wp:featuredmedia":[{"embeddable":true,"href":"https:\/\/advancedseeds.com\/it\/wp-json\/wp\/v2\/media\/19650"}],"wp:attachment":[{"href":"https:\/\/advancedseeds.com\/it\/wp-json\/wp\/v2\/media?parent=303"}],"wp:term":[{"taxonomy":"product_brand","embeddable":true,"href":"https:\/\/advancedseeds.com\/it\/wp-json\/wp\/v2\/product_brand?post=303"},{"taxonomy":"product_cat","embeddable":true,"href":"https:\/\/advancedseeds.com\/it\/wp-json\/wp\/v2\/product_cat?post=303"},{"taxonomy":"product_tag","embeddable":true,"href":"https:\/\/advancedseeds.com\/it\/wp-json\/wp\/v2\/product_tag?post=303"}],"curies":[{"name":"wp","href":"https:\/\/api.w.org\/{rel}","templated":true}]}}