{"id":305,"date":"2021-01-14T17:15:14","date_gmt":"2021-01-14T17:15:14","guid":{"rendered":"https:\/\/advancedseeds.com\/web\/producto\/auto-biodiesel-mass-xxl\/"},"modified":"2025-03-22T18:13:08","modified_gmt":"2025-03-22T17:13:08","slug":"auto-biodiesel-mass-xxl","status":"publish","type":"product","link":"https:\/\/advancedseeds.com\/it\/tienda\/automaticas\/auto-biodiesel-mass-xxl\/","title":{"rendered":"Auto Biodiesel Mass XXL"},"content":{"rendered":"<p>La nostra Auto Biodiesel Mass nasce da una selezione dei ceppi migliori, pi\u00f9 produttivi e resinosi di Auto Diesel e Auto Critical. Da l\u00ec, abbiamo fatto una selezione dei migliori ceppi di Auto Biodiesel Mass, in modo da aumentare sia la produzione che la qualit\u00e0 di questa nuova versione. Aroma di arance e agrumi dolci caratteristici della sua ascendenza Diesel.<\/p>\n<h2><b>Qual \u00e8 la genetica di questi semi?<\/b><\/h2>\n<p><span style=\"font-weight: 400\">Auto Biodiesel Mass XXL \u00e8 l'evoluzione della gi\u00e0 apprezzata variet\u00e0 Auto Biodiesel Mass della Advanced Seeds. Questa variet\u00e0 \u00e8 il risultato di un incrocio accuratamente selezionato che ha mantenuto intatti i tratti che l'hanno resa famosa. \u00c8 una variet\u00e0 prevalentemente indica, il che significa che offre un effetto rilassante e calmante. Grazie al suo patrimonio genetico, questi semi producono di pi\u00f9, sono pi\u00f9 gustosi e hanno un effetto pi\u00f9 potente rispetto alla versione precedente.<\/span><\/p>\n<h2><b>Che aspetto ha l'Auto Biodiesel Mass XXL?<\/b><\/h2>\n<p><span style=\"font-weight: 400\">La Auto Biodiesel Mass XXL \u00e8 una pianta che colpisce fin dal primo sguardo. Mostra una morfologia solida e forte, che si sviluppa in modo rapido e vigoroso. La sua struttura robusta le permette di formare numerosi rami laterali, il che significa una maggiore produzione di fiori di buon calibro. Le foglie non sono eccessivamente grandi, il che permette alla luce e all'aria di penetrare facilmente nella pianta. La sua altezza pu\u00f2 variare tra gli 80 e i 120 cm in interno, mentre in esterno pu\u00f2 raggiungere 1,6 metri.<\/span><\/p>\n<h2><b>Come si coltivano questi semi all'interno e all'esterno?<\/b><\/h2>\n<h3><span style=\"font-weight: 400\">Coltivazione indoor:<\/span><\/h3>\n<p><span style=\"font-weight: 400\">Per ottenere i migliori risultati al chiuso, assicuratevi di fornire una forte illuminazione con un fotoperiodo di molte ore di luce al giorno, idealmente 20 ore di accensione e 4 di spegnimento, dal momento della nascita delle piante fino al taglio. Si consiglia di non coltivare pi\u00f9 di 9 piante per metro quadro per consentire loro di svilupparsi in modo ottimale, ma questo dipende anche dalla capacit\u00e0 del vaso.<\/span><\/p>\n<h3><span style=\"font-weight: 400\">Coltivazione all'aperto:<\/span><\/h3>\n<p><span style=\"font-weight: 400\">All'aperto, la Auto Biodiesel Mass XXL raggiunge il suo massimo potenziale se coltivata dalla tarda primavera alla fine dell'estate. Pu\u00f2 essere piantata direttamente in terra o in grandi vasi per ottenere piante di oltre 1,50 metri di altezza. Ricordate di applicare preventivamente prodotti fitosanitari per evitare problemi di parassiti e, se ne avete la possibilit\u00e0, posizionate dei pali di sostegno per i rami.<\/span><\/p>\n<h2><b>Quando viene raccolto l'Auto Biodiesel Mass XXL?<\/b><\/h2>\n<p><span style=\"font-weight: 400\">Al chiuso, il ciclo completo della Auto Biodiesel Mass XXL dura 60\/70 giorni dalla semina. Se preferite la coltivazione all'aperto, potete coltivare tra aprile e novembre, a seconda della vostra posizione e delle condizioni climatiche, ma tenendo sempre presente che pi\u00f9 luce avete a disposizione, pi\u00f9 alta sar\u00e0 la resa.<\/span><\/p>\n<h2><b>Quanto producono questi semi?<\/b><\/h2>\n<p><span style=\"font-weight: 400\">La Auto Biodiesel Mass XXL \u00e8 nota per la sua generosit\u00e0 in termini di resa. Al chiuso, si possono ottenere pi\u00f9 di 450 grammi per metro quadro. All'aperto, questa variet\u00e0 vigorosa pu\u00f2 superare i 150 grammi per pianta.<\/span><\/p>\n<h2><b>Com'\u00e8 l'aroma e il gusto dell'Auto Biodiesel Mass XXL?<\/b><\/h2>\n<p><span style=\"font-weight: 400\">Se siete amanti dei sapori agrumati e dolci, amerete l'Auto Biodiesel Mass XXL. Sviluppa un'intensa gamma di note agrumate che ricordano arance e mandarini, il tutto accompagnato da un fondo dolce che aggiunge corpo e densit\u00e0. Questa variet\u00e0 \u00e8 una delizia per le vostre papille gustative e vorrete assaggiarla ancora e ancora.<\/span><\/p>\n<h2><b>Che tipo di effetto ha questa marijuana?<\/b><\/h2>\n<p><span style=\"font-weight: 400\">Auto Biodiesel Mass XXL offre un effetto prevalentemente attivo, ideale per l'uso quotidiano. Con un contenuto di THC di 17%, si prova una sensazione di moderato relax nel tempo, perfetta per fare una pausa e tornare alle proprie attivit\u00e0 quotidiane.<\/span><\/p>\n<h2><b>Acquistare Auto Biodiesel Mass XXL al miglior prezzo online<\/b><\/h2>\n<p><span style=\"font-weight: 400\">Non perdete l'occasione di godervi la Auto Biodiesel Mass XXL di Advanced Seeds. Acquistate questi semi al miglior prezzo online e provate una marijuana eccezionale che delizier\u00e0 tutti i vostri sensi.<\/span><\/p>\n<h2><b>Domande frequenti sull'Auto Biodiesel Mass XXL:<\/b><\/h2>\n<h3><span style=\"font-weight: 400\">Qual \u00e8 il contenuto di THC dell'Auto Biodiesel Mass XXL?<\/span><\/h3>\n<p><span style=\"font-weight: 400\">Auto Biodiesel Mass XXL ha un contenuto di THC pari a 17%.<\/span><\/p>\n<h3><span style=\"font-weight: 400\">\u00c8 pi\u00f9 indica o sativa?<\/span><\/h3>\n<p><span style=\"font-weight: 400\">Questa variet\u00e0 \u00e8 principalmente indica.<\/span><\/p>\n<h3><span style=\"font-weight: 400\">Quanto dura il ciclo completo indoor?<\/span><\/h3>\n<p><span style=\"font-weight: 400\">Al chiuso, il ciclo completo \u00e8 di 60 giorni dal trapianto.<\/span><\/p>\n<h3><span style=\"font-weight: 400\">Qual \u00e8 l'altezza massima che pu\u00f2 raggiungere all'aperto?<\/span><\/h3>\n<p><span style=\"font-weight: 400\">All'esterno, Auto Biodiesel Mass XXL pu\u00f2 raggiungere 1,6 metri di altezza in condizioni ottimali.<\/span><\/p>\n<p>&nbsp;<\/p>\n<p>&nbsp;<\/p>","protected":false},"excerpt":{"rendered":"<p><span style=\"font-weight: 400\">Se state cercando la prossima gemma per la vostra coltivazione di marijuana, non cercate oltre. Semi autofiorenti <\/span><b>Auto Biodiesel Mass XXL di Advanced Seeds<\/b><span style=\"font-weight: 400\"> sono la scelta perfetta. In questa scheda informativa vi diremo tutto quello che c'\u00e8 da sapere su questi semi, dalla loro genetica a come coltivarli e godere dei loro incredibili sapori ed effetti. Preparatevi a vivere un'esperienza di cannabis eccezionale.<\/span><\/p>","protected":false},"featured_media":19651,"comment_status":"open","ping_status":"closed","template":"","meta":{"_acf_changed":false},"product_brand":[],"product_cat":[70],"product_tag":[],"class_list":{"0":"post-305","1":"product","2":"type-product","3":"status-publish","4":"has-post-thumbnail","6":"product_cat-automaticas","8":"first","9":"instock","10":"taxable","11":"shipping-taxable","12":"purchasable","13":"product-type-variable"},"acf":[],"yoast_head":"<!-- This site is optimized with the Yoast SEO Premium plugin v26.3 (Yoast SEO v26.6) - https:\/\/yoast.com\/wordpress\/plugins\/seo\/ -->\n<title>Auto Biodiesel Mass XXL - Advanced Seeds<\/title>\n<meta name=\"robots\" content=\"index, follow, max-snippet:-1, max-image-preview:large, max-video-preview:-1\" \/>\n<link rel=\"canonical\" href=\"https:\/\/advancedseeds.com\/it\/tienda\/automaticas\/auto-biodiesel-mass-xxl\/\" \/>\n<meta property=\"og:locale\" content=\"it_IT\" \/>\n<meta property=\"og:type\" content=\"article\" \/>\n<meta property=\"og:title\" content=\"Auto Biodiesel Mass XXL\" \/>\n<meta property=\"og:description\" content=\"Si buscas la pr\u00f3xima joya para tu cultivo de marihuana, no busques m\u00e1s. Las semillas autoflorecientes Auto Biodiesel Mass XXL de Advanced Seeds son la elecci\u00f3n perfecta. En esta ficha, te contaremos todo lo que necesitas saber sobre estas semillas, desde su gen\u00e9tica hasta c\u00f3mo cultivarlas y disfrutar de su incre\u00edble sabor y efectos. \u00a1Prep\u00e1rate para una experiencia cann\u00e1bica excepcional.\" \/>\n<meta property=\"og:url\" content=\"https:\/\/advancedseeds.com\/it\/tienda\/automaticas\/auto-biodiesel-mass-xxl\/\" \/>\n<meta property=\"og:site_name\" content=\"Advanced Seeds\" \/>\n<meta property=\"article:modified_time\" content=\"2025-03-22T17:13:08+00:00\" \/>\n<meta property=\"og:image\" content=\"https:\/\/advancedseeds.com\/web\/wp-content\/uploads\/2021\/01\/Auto-Biodiesel-Mass-XXL.jpg\" \/>\n\t<meta property=\"og:image:width\" content=\"1346\" \/>\n\t<meta property=\"og:image:height\" content=\"1787\" \/>\n\t<meta property=\"og:image:type\" content=\"image\/jpeg\" \/>\n<meta name=\"twitter:card\" content=\"summary_large_image\" \/>\n<meta name=\"twitter:label1\" content=\"Tempo di lettura stimato\" \/>\n\t<meta name=\"twitter:data1\" content=\"4 minuti\" \/>\n<script type=\"application\/ld+json\" class=\"yoast-schema-graph\">{\"@context\":\"https:\/\/schema.org\",\"@graph\":[{\"@type\":\"WebPage\",\"@id\":\"https:\/\/advancedseeds.com\/tienda\/automaticas\/auto-biodiesel-mass-xxl\/\",\"url\":\"https:\/\/advancedseeds.com\/tienda\/automaticas\/auto-biodiesel-mass-xxl\/\",\"name\":\"Auto Biodiesel Mass XXL - Advanced Seeds\",\"isPartOf\":{\"@id\":\"https:\/\/advancedseeds.com\/#website\"},\"primaryImageOfPage\":{\"@id\":\"https:\/\/advancedseeds.com\/tienda\/automaticas\/auto-biodiesel-mass-xxl\/#primaryimage\"},\"image\":{\"@id\":\"https:\/\/advancedseeds.com\/tienda\/automaticas\/auto-biodiesel-mass-xxl\/#primaryimage\"},\"thumbnailUrl\":\"https:\/\/advancedseeds.com\/web\/wp-content\/uploads\/2021\/01\/Auto-Biodiesel-Mass-XXL.jpg\",\"datePublished\":\"2021-01-14T17:15:14+00:00\",\"dateModified\":\"2025-03-22T17:13:08+00:00\",\"breadcrumb\":{\"@id\":\"https:\/\/advancedseeds.com\/tienda\/automaticas\/auto-biodiesel-mass-xxl\/#breadcrumb\"},\"inLanguage\":\"it-IT\",\"potentialAction\":[{\"@type\":\"ReadAction\",\"target\":[\"https:\/\/advancedseeds.com\/tienda\/automaticas\/auto-biodiesel-mass-xxl\/\"]}]},{\"@type\":\"ImageObject\",\"inLanguage\":\"it-IT\",\"@id\":\"https:\/\/advancedseeds.com\/tienda\/automaticas\/auto-biodiesel-mass-xxl\/#primaryimage\",\"url\":\"https:\/\/advancedseeds.com\/web\/wp-content\/uploads\/2021\/01\/Auto-Biodiesel-Mass-XXL.jpg\",\"contentUrl\":\"https:\/\/advancedseeds.com\/web\/wp-content\/uploads\/2021\/01\/Auto-Biodiesel-Mass-XXL.jpg\",\"width\":1346,\"height\":1787,\"caption\":\"Auto Biodiesel Mass XXL\"},{\"@type\":\"BreadcrumbList\",\"@id\":\"https:\/\/advancedseeds.com\/tienda\/automaticas\/auto-biodiesel-mass-xxl\/#breadcrumb\",\"itemListElement\":[{\"@type\":\"ListItem\",\"position\":1,\"name\":\"Home\",\"item\":\"https:\/\/advancedseeds.com\/\"},{\"@type\":\"ListItem\",\"position\":2,\"name\":\"Tienda\",\"item\":\"https:\/\/advancedseeds.com\/\"},{\"@type\":\"ListItem\",\"position\":3,\"name\":\"Auto Biodiesel Mass XXL\"}]},{\"@type\":\"WebSite\",\"@id\":\"https:\/\/advancedseeds.com\/#website\",\"url\":\"https:\/\/advancedseeds.com\/\",\"name\":\"Advanced Seeds\",\"description\":\"Gen\u00e9ticas Avanzadas en semillas feminizadas y autom\u00e1ticas.\",\"publisher\":{\"@id\":\"https:\/\/advancedseeds.com\/#organization\"},\"potentialAction\":[{\"@type\":\"SearchAction\",\"target\":{\"@type\":\"EntryPoint\",\"urlTemplate\":\"https:\/\/advancedseeds.com\/?s={search_term_string}\"},\"query-input\":{\"@type\":\"PropertyValueSpecification\",\"valueRequired\":true,\"valueName\":\"search_term_string\"}}],\"inLanguage\":\"it-IT\"},{\"@type\":\"Organization\",\"@id\":\"https:\/\/advancedseeds.com\/#organization\",\"name\":\"Advanced Seeds\",\"url\":\"https:\/\/advancedseeds.com\/\",\"logo\":{\"@type\":\"ImageObject\",\"inLanguage\":\"it-IT\",\"@id\":\"https:\/\/advancedseeds.com\/#\/schema\/logo\/image\/\",\"url\":\"https:\/\/advancedseeds.com\/web\/wp-content\/uploads\/2021\/01\/logo-advanced.jpg\",\"contentUrl\":\"https:\/\/advancedseeds.com\/web\/wp-content\/uploads\/2021\/01\/logo-advanced.jpg\",\"width\":600,\"height\":600,\"caption\":\"Advanced Seeds\"},\"image\":{\"@id\":\"https:\/\/advancedseeds.com\/#\/schema\/logo\/image\/\"}}]}<\/script>\n<!-- \/ Yoast SEO Premium plugin. -->","yoast_head_json":{"title":"Auto Biodiesel Mass XXL - Advanced Seeds","robots":{"index":"index","follow":"follow","max-snippet":"max-snippet:-1","max-image-preview":"max-image-preview:large","max-video-preview":"max-video-preview:-1"},"canonical":"https:\/\/advancedseeds.com\/it\/tienda\/automaticas\/auto-biodiesel-mass-xxl\/","og_locale":"it_IT","og_type":"article","og_title":"Auto Biodiesel Mass XXL","og_description":"Si buscas la pr\u00f3xima joya para tu cultivo de marihuana, no busques m\u00e1s. Las semillas autoflorecientes Auto Biodiesel Mass XXL de Advanced Seeds son la elecci\u00f3n perfecta. En esta ficha, te contaremos todo lo que necesitas saber sobre estas semillas, desde su gen\u00e9tica hasta c\u00f3mo cultivarlas y disfrutar de su incre\u00edble sabor y efectos. \u00a1Prep\u00e1rate para una experiencia cann\u00e1bica excepcional.","og_url":"https:\/\/advancedseeds.com\/it\/tienda\/automaticas\/auto-biodiesel-mass-xxl\/","og_site_name":"Advanced Seeds","article_modified_time":"2025-03-22T17:13:08+00:00","og_image":[{"width":1346,"height":1787,"url":"https:\/\/advancedseeds.com\/web\/wp-content\/uploads\/2021\/01\/Auto-Biodiesel-Mass-XXL.jpg","type":"image\/jpeg"}],"twitter_card":"summary_large_image","twitter_misc":{"Tempo di lettura stimato":"4 minuti"},"schema":{"@context":"https:\/\/schema.org","@graph":[{"@type":"WebPage","@id":"https:\/\/advancedseeds.com\/tienda\/automaticas\/auto-biodiesel-mass-xxl\/","url":"https:\/\/advancedseeds.com\/tienda\/automaticas\/auto-biodiesel-mass-xxl\/","name":"Auto Biodiesel Mass XXL - Advanced Seeds","isPartOf":{"@id":"https:\/\/advancedseeds.com\/#website"},"primaryImageOfPage":{"@id":"https:\/\/advancedseeds.com\/tienda\/automaticas\/auto-biodiesel-mass-xxl\/#primaryimage"},"image":{"@id":"https:\/\/advancedseeds.com\/tienda\/automaticas\/auto-biodiesel-mass-xxl\/#primaryimage"},"thumbnailUrl":"https:\/\/advancedseeds.com\/web\/wp-content\/uploads\/2021\/01\/Auto-Biodiesel-Mass-XXL.jpg","datePublished":"2021-01-14T17:15:14+00:00","dateModified":"2025-03-22T17:13:08+00:00","breadcrumb":{"@id":"https:\/\/advancedseeds.com\/tienda\/automaticas\/auto-biodiesel-mass-xxl\/#breadcrumb"},"inLanguage":"it-IT","potentialAction":[{"@type":"ReadAction","target":["https:\/\/advancedseeds.com\/tienda\/automaticas\/auto-biodiesel-mass-xxl\/"]}]},{"@type":"ImageObject","inLanguage":"it-IT","@id":"https:\/\/advancedseeds.com\/tienda\/automaticas\/auto-biodiesel-mass-xxl\/#primaryimage","url":"https:\/\/advancedseeds.com\/web\/wp-content\/uploads\/2021\/01\/Auto-Biodiesel-Mass-XXL.jpg","contentUrl":"https:\/\/advancedseeds.com\/web\/wp-content\/uploads\/2021\/01\/Auto-Biodiesel-Mass-XXL.jpg","width":1346,"height":1787,"caption":"Auto Biodiesel Mass XXL"},{"@type":"BreadcrumbList","@id":"https:\/\/advancedseeds.com\/tienda\/automaticas\/auto-biodiesel-mass-xxl\/#breadcrumb","itemListElement":[{"@type":"ListItem","position":1,"name":"Home","item":"https:\/\/advancedseeds.com\/"},{"@type":"ListItem","position":2,"name":"Tienda","item":"https:\/\/advancedseeds.com\/"},{"@type":"ListItem","position":3,"name":"Auto Biodiesel Mass XXL"}]},{"@type":"WebSite","@id":"https:\/\/advancedseeds.com\/#website","url":"https:\/\/advancedseeds.com\/","name":"Semi avanzati","description":"Genetica avanzata in semi femminizzati e automatici.","publisher":{"@id":"https:\/\/advancedseeds.com\/#organization"},"potentialAction":[{"@type":"SearchAction","target":{"@type":"EntryPoint","urlTemplate":"https:\/\/advancedseeds.com\/?s={search_term_string}"},"query-input":{"@type":"PropertyValueSpecification","valueRequired":true,"valueName":"search_term_string"}}],"inLanguage":"it-IT"},{"@type":"Organization","@id":"https:\/\/advancedseeds.com\/#organization","name":"Semi avanzati","url":"https:\/\/advancedseeds.com\/","logo":{"@type":"ImageObject","inLanguage":"it-IT","@id":"https:\/\/advancedseeds.com\/#\/schema\/logo\/image\/","url":"https:\/\/advancedseeds.com\/web\/wp-content\/uploads\/2021\/01\/logo-advanced.jpg","contentUrl":"https:\/\/advancedseeds.com\/web\/wp-content\/uploads\/2021\/01\/logo-advanced.jpg","width":600,"height":600,"caption":"Advanced Seeds"},"image":{"@id":"https:\/\/advancedseeds.com\/#\/schema\/logo\/image\/"}}]}},"_links":{"self":[{"href":"https:\/\/advancedseeds.com\/it\/wp-json\/wp\/v2\/product\/305","targetHints":{"allow":["GET"]}}],"collection":[{"href":"https:\/\/advancedseeds.com\/it\/wp-json\/wp\/v2\/product"}],"about":[{"href":"https:\/\/advancedseeds.com\/it\/wp-json\/wp\/v2\/types\/product"}],"replies":[{"embeddable":true,"href":"https:\/\/advancedseeds.com\/it\/wp-json\/wp\/v2\/comments?post=305"}],"wp:featuredmedia":[{"embeddable":true,"href":"https:\/\/advancedseeds.com\/it\/wp-json\/wp\/v2\/media\/19651"}],"wp:attachment":[{"href":"https:\/\/advancedseeds.com\/it\/wp-json\/wp\/v2\/media?parent=305"}],"wp:term":[{"taxonomy":"product_brand","embeddable":true,"href":"https:\/\/advancedseeds.com\/it\/wp-json\/wp\/v2\/product_brand?post=305"},{"taxonomy":"product_cat","embeddable":true,"href":"https:\/\/advancedseeds.com\/it\/wp-json\/wp\/v2\/product_cat?post=305"},{"taxonomy":"product_tag","embeddable":true,"href":"https:\/\/advancedseeds.com\/it\/wp-json\/wp\/v2\/product_tag?post=305"}],"curies":[{"name":"wp","href":"https:\/\/api.w.org\/{rel}","templated":true}]}}