{"id":308,"date":"2021-01-14T17:15:23","date_gmt":"2021-01-14T17:15:23","guid":{"rendered":"https:\/\/advancedseeds.com\/web\/producto\/auto-critical-mass\/"},"modified":"2026-04-15T10:45:14","modified_gmt":"2026-04-15T09:45:14","slug":"auto-critical-mass","status":"publish","type":"product","link":"https:\/\/advancedseeds.com\/it\/tienda\/automaticas\/auto-critical-mass\/","title":{"rendered":"Massa Critica Auto"},"content":{"rendered":"<p><span style=\"font-weight: 400\">Il <\/span><a href=\"https:\/\/advancedseeds.com\/web\/categoria-producto\/automaticas\/\"><b>semi autofiorenti<\/b><\/a><b> Massa Critica Auto<\/b><span style=\"font-weight: 400\"> di Advanced Seeds sono il fiore all'occhiello di ogni coltivatore. Questa variet\u00e0 eredita il meglio del suo predecessore, la Critical Mass, e aggiunge la comodit\u00e0 di un ciclo di vita veloce. In questa panoramica, esploreremo in dettaglio come coltivare con successo la Auto Critical Mass e come sfruttare al meglio le sue eccezionali caratteristiche.<\/span><\/p>\n<h2><b>Quali sono le caratteristiche genetiche dell'Auto Critical Mass?<\/b><\/h2>\n<p><span style=\"font-weight: 400\">La Auto Critical Mass \u00e8 il risultato di un magistrale incrocio tra la leggendaria<\/span><a href=\"https:\/\/advancedseeds.com\/web\/producto\/critical-mass\/\"> <span style=\"font-weight: 400\">Massa critica<\/span><\/a><span style=\"font-weight: 400\"> e una selezione di Ruderalis Skunk. Questo incrocio ha mantenuto i sapori dolci e fruttati che caratterizzano il suo antenato Skunk#1, accelerando al contempo il suo ciclo di vita. Anche la resistenza allo stress e il potente vigore ibrido si distinguono in questa variet\u00e0 eccezionale.<\/span><\/p>\n<p><span style=\"font-weight: 400\">Questo incrocio ha creato una variet\u00e0 fulminea, mantenendo quei sapori che fanno salivare e una potenza non da poco. Cos'\u00e8? Beh, \u00e8 una miscela con un leggero swing indica, quindi preparate il divano perch\u00e9 vorrete divertirvi.<\/span><\/p>\n<h2><b>Che aspetto ha l'Auto Critical Mass?<\/b><\/h2>\n<p><span style=\"font-weight: 400\">Le piante Auto Critical Mass presentano una morfologia compatta ma robusta. Gli steli forti e le foglie verdi creano una struttura ideale per lo sviluppo di cime dense. La distanza tra i nodi \u00e8 adeguata per consentire un'eccellente penetrazione della luce, con conseguente abbondante produzione di resina e cime dai colori abbaglianti.<\/span><\/p>\n<h2><b>Come si coltivano questi semi all'interno e all'esterno?<\/b><\/h2>\n<p><span style=\"font-weight: 400\">Coltivare i semi autofiorenti Auto Critical Mass \u00e8 un gioco da ragazzi. Al chiuso, queste piante non sono esigenti in fatto di cicli di luce, ma apprezzano avere pi\u00f9 luce possibile, essendo il fotoperiodo 18\/6 o 20\/4 molto interessante in questo senso.<\/span><\/p>\n<p><span style=\"font-weight: 400\">Con un po' di attenzione e una buona illuminazione, possono essere coltivate in grande stile. Se avete uno spazio ridotto, con la tecnica SOG potete allestire un impressionante giardino in miniatura. All'aperto, invece, concedete loro almeno cinque ore di luce solare diretta e vedrete come crescono felici e paffute. Sono piante a tutto tondo, quindi se le trattate bene, loro tratteranno meglio voi. Ecco alcuni consigli su come ottenere raccolti eccezionali:<\/span><\/p>\n<h3><span style=\"font-weight: 400\">Coltivazione indoor:<\/span><\/h3>\n<p><span style=\"font-weight: 400\">Utilizza un substrato ricco di sostanze nutritive per promuovere una crescita sana fin dall'inizio.<\/span><\/p>\n<p><span style=\"font-weight: 400\">Mantenere l'umidit\u00e0 intorno a 50-70% durante la fase di crescita e intorno a 40% durante la fioritura.<\/span><\/p>\n<p><span style=\"font-weight: 400\">Fornisce un ciclo di luce di 18-20 ore al giorno per uno sviluppo ottimale.<\/span><\/p>\n<p><span style=\"font-weight: 400\">Controllare attentamente la temperatura e la ventilazione per evitare problemi di muffa.<\/span><\/p>\n<p><span style=\"font-weight: 400\">Eseguire leggere defogliazioni per migliorare la circolazione dell'aria e l'esposizione alla luce.<\/span><\/p>\n<p><span style=\"font-weight: 400\">Sperimentate le tecniche di addestramento a basso stress (LST) per aumentare la produzione di gemme e sfruttare al meglio il vostro spazio.<\/span><\/p>\n<h3><span style=\"font-weight: 400\">Coltivazione all'aperto:<\/span><\/h3>\n<p><span style=\"font-weight: 400\">Scegliete un sito con almeno 5-6 ore di luce solare diretta al giorno per una crescita ottimale.<\/span><\/p>\n<p><span style=\"font-weight: 400\">Assicuratevi che il substrato sia ben drenato e arricchito con sostanze nutritive organiche.<\/span><\/p>\n<p><span style=\"font-weight: 400\">Innaffiate in modo equilibrato per evitare ristagni d'acqua.<\/span><\/p>\n<p><span style=\"font-weight: 400\">Proteggete le piante dalle piogge abbondanti e dalle condizioni atmosferiche avverse.<\/span><\/p>\n<p><span style=\"font-weight: 400\">Potare in modo strategico per migliorare la circolazione dell'aria e l'esposizione al sole.<\/span><\/p>\n<h2><b>Quando viene raccolto l'Auto Critical Mass?<\/b><\/h2>\n<p><span style=\"font-weight: 400\">Il tempo di raccolta varia a seconda che si tratti di coltivazioni indoor o outdoor. Al chiuso, il raccolto sar\u00e0 pronto dopo circa 70 giorni dalla germinazione. All'aperto, sarete pronti a raccogliere dopo 10-11 settimane di coltivazione. Una maturazione adeguata pu\u00f2 influenzare gli effetti delle cime, quindi scegliete bene i tempi.<\/span><\/p>\n<h2><b>Quanto producono questi semi?<\/b><\/h2>\n<p><span style=\"font-weight: 400\">La Auto Critical Mass \u00e8 nota per le sue generose rese. Al chiuso, si possono ottenere fino a <\/span><b>500 grammi o pi\u00f9<\/b><span style=\"font-weight: 400\"> per metro quadro. All'aperto, le piante possono sorprendere con raccolti altrettanto impressionanti, e che dire della resina? Beh, se vi piace fare estrazioni, ne avrete abbastanza per organizzare una festa. .<\/span><\/p>\n<h2><b>Qual \u00e8 l'aroma e il sapore dell'Auto Critical Mass?<\/b><\/h2>\n<p><span style=\"font-weight: 400\">Auto Critical Mass offre un aroma e un gusto eccezionali. Sperimenterete <\/span><b>note dolci e fruttate<\/b><span style=\"font-weight: 400\"> che vi ricorder\u00e0 il suo lignaggio Critical Mass. I terpeni presenti in questa variet\u00e0 creano un bouquet delizioso, con un sapore che vi trasporta in un negozio di dolci durante l'inspirazione e l'espirazione.<\/span><\/p>\n<h2><b>Che tipo di effetto ha questa marijuana?<\/b><\/h2>\n<p><span style=\"font-weight: 400\">Auto Critical Mass produce un effetto potente ed equilibrato su corpo e mente, con un contenuto di THC fino a 16%. Sperimenterete un <\/span><b>sensazione di relax ed euforia<\/b><span style=\"font-weight: 400\"> che pu\u00f2 alleviare stress, ansia e dolore. Gli effetti collaterali sono minimi, il che la rende una scelta versatile per gli utenti di tutti i livelli.<\/span><\/p>\n<h2><b>Acquistare Auto Critical Mass al miglior prezzo online<\/b><\/h2>\n<p><span style=\"font-weight: 400\">Se state cercando di acquistare i semi di Auto Critical Mass da Advanced Seeds al miglior prezzo online, siete arrivati nel posto giusto. Iniziate il vostro entusiasmante viaggio di coltivazione con questa eccezionale variet\u00e0, ordinate oggi stesso e scoprite tutto ci\u00f2 che la Auto Critical Mass ha da offrire!<\/span><\/p>\n<h2><b>Domande frequenti su Auto Critical Mass:<\/b><\/h2>\n<h3><span style=\"font-weight: 400\">Qual \u00e8 il contenuto di THC di questi semi?<\/span><\/h3>\n<p><span style=\"font-weight: 400\">Auto Critical Mass pu\u00f2 raggiungere 16% di THC, offrendo un effetto potente.<\/span><\/p>\n<h3><span style=\"font-weight: 400\">Sono adatti ai coltivatori principianti?<\/span><\/h3>\n<p><span style=\"font-weight: 400\">S\u00ec, questi semi sono ideali per i principianti grazie alla loro facilit\u00e0 di coltivazione e all'elevata resistenza.<\/span><\/p>\n<h3><span style=\"font-weight: 400\">Qual \u00e8 la performance all'aperto?<\/span><\/h3>\n<p><span style=\"font-weight: 400\">All'aperto si possono prevedere raccolti abbondanti, a seconda delle condizioni di coltivazione.<\/span><\/p>\n<h3><span style=\"font-weight: 400\">Quali sono i benefici medicinali dell'Auto Critical Mass?<\/span><\/h3>\n<p><span style=\"font-weight: 400\">Questa variet\u00e0 \u00e8 nota per alleviare lo stress, l'ansia e il dolore, oltre ad avere propriet\u00e0 terapeutiche.<\/span><\/p>","protected":false},"excerpt":{"rendered":"<p>Variet\u00e0 autofiorente dal sapore dolce e dall'aroma fruttato, con un'eccellente produzione di cime dense e un'alta concentrazione di resina. Ideale per interni ed esterni. Abbiamo combinato le nostre migliori genetiche Critical con una selezione di Rudelaris Skunk, ottenendo una riduzione del tempo di fioritura pur mantenendo un'alta percentuale di T.H.C. e l'aroma e il sapore caratteristici della Critical.<\/p>\n<p>&nbsp;<\/p>","protected":false},"featured_media":19655,"comment_status":"open","ping_status":"closed","template":"","meta":{"_acf_changed":false},"product_brand":[],"product_cat":[70],"product_tag":[],"class_list":{"0":"post-308","1":"product","2":"type-product","3":"status-publish","4":"has-post-thumbnail","6":"product_cat-automaticas","8":"first","9":"instock","10":"taxable","11":"shipping-taxable","12":"purchasable","13":"product-type-variable"},"acf":[],"yoast_head":"<!-- This site is optimized with the Yoast SEO Premium plugin v26.3 (Yoast SEO v26.6) - https:\/\/yoast.com\/wordpress\/plugins\/seo\/ -->\n<title>Auto Critical Mass - Advanced Seeds<\/title>\n<meta name=\"robots\" content=\"index, follow, max-snippet:-1, max-image-preview:large, max-video-preview:-1\" \/>\n<link rel=\"canonical\" href=\"https:\/\/advancedseeds.com\/it\/tienda\/automaticas\/auto-critical-mass\/\" \/>\n<meta property=\"og:locale\" content=\"it_IT\" \/>\n<meta property=\"og:type\" content=\"article\" \/>\n<meta property=\"og:title\" content=\"Auto Critical Mass\" \/>\n<meta property=\"og:description\" content=\"Variedad autofloreciente de sabor dulce y aroma afrutado, excelente producci\u00f3n de cogollos densos con gran concentraci\u00f3n de resina. Ideal para interior y exterior. Hemos combinado nuestra mejor gen\u00e9tica Critical con una selecci\u00f3n de Rudelaris Skunk, con esto se logra reducir el tiempo de floraci\u00f3n manteniendo un alto porcentaje de T.H.C. y el aroma y sabor caracter\u00edstico de Critical.  &nbsp;\" \/>\n<meta property=\"og:url\" content=\"https:\/\/advancedseeds.com\/it\/tienda\/automaticas\/auto-critical-mass\/\" \/>\n<meta property=\"og:site_name\" content=\"Advanced Seeds\" \/>\n<meta property=\"article:modified_time\" content=\"2026-04-15T09:45:14+00:00\" \/>\n<meta property=\"og:image\" content=\"https:\/\/advancedseeds.com\/web\/wp-content\/uploads\/2021\/01\/Auto-Critical-Mass.jpg\" \/>\n\t<meta property=\"og:image:width\" content=\"1652\" \/>\n\t<meta property=\"og:image:height\" content=\"2192\" \/>\n\t<meta property=\"og:image:type\" content=\"image\/jpeg\" \/>\n<meta name=\"twitter:card\" content=\"summary_large_image\" \/>\n<meta name=\"twitter:label1\" content=\"Tempo di lettura stimato\" \/>\n\t<meta name=\"twitter:data1\" content=\"5 minuti\" \/>\n<script type=\"application\/ld+json\" class=\"yoast-schema-graph\">{\"@context\":\"https:\/\/schema.org\",\"@graph\":[{\"@type\":\"WebPage\",\"@id\":\"https:\/\/advancedseeds.com\/tienda\/automaticas\/auto-critical-mass\/\",\"url\":\"https:\/\/advancedseeds.com\/tienda\/automaticas\/auto-critical-mass\/\",\"name\":\"Auto Critical Mass - Advanced Seeds\",\"isPartOf\":{\"@id\":\"https:\/\/advancedseeds.com\/#website\"},\"primaryImageOfPage\":{\"@id\":\"https:\/\/advancedseeds.com\/tienda\/automaticas\/auto-critical-mass\/#primaryimage\"},\"image\":{\"@id\":\"https:\/\/advancedseeds.com\/tienda\/automaticas\/auto-critical-mass\/#primaryimage\"},\"thumbnailUrl\":\"https:\/\/advancedseeds.com\/web\/wp-content\/uploads\/2021\/01\/Auto-Critical-Mass.jpg\",\"datePublished\":\"2021-01-14T17:15:23+00:00\",\"dateModified\":\"2026-04-15T09:45:14+00:00\",\"breadcrumb\":{\"@id\":\"https:\/\/advancedseeds.com\/tienda\/automaticas\/auto-critical-mass\/#breadcrumb\"},\"inLanguage\":\"it-IT\",\"potentialAction\":[{\"@type\":\"ReadAction\",\"target\":[\"https:\/\/advancedseeds.com\/tienda\/automaticas\/auto-critical-mass\/\"]}]},{\"@type\":\"ImageObject\",\"inLanguage\":\"it-IT\",\"@id\":\"https:\/\/advancedseeds.com\/tienda\/automaticas\/auto-critical-mass\/#primaryimage\",\"url\":\"https:\/\/advancedseeds.com\/web\/wp-content\/uploads\/2021\/01\/Auto-Critical-Mass.jpg\",\"contentUrl\":\"https:\/\/advancedseeds.com\/web\/wp-content\/uploads\/2021\/01\/Auto-Critical-Mass.jpg\",\"width\":1652,\"height\":2192},{\"@type\":\"BreadcrumbList\",\"@id\":\"https:\/\/advancedseeds.com\/tienda\/automaticas\/auto-critical-mass\/#breadcrumb\",\"itemListElement\":[{\"@type\":\"ListItem\",\"position\":1,\"name\":\"Home\",\"item\":\"https:\/\/advancedseeds.com\/\"},{\"@type\":\"ListItem\",\"position\":2,\"name\":\"Tienda\",\"item\":\"https:\/\/advancedseeds.com\/\"},{\"@type\":\"ListItem\",\"position\":3,\"name\":\"Auto Critical Mass\"}]},{\"@type\":\"WebSite\",\"@id\":\"https:\/\/advancedseeds.com\/#website\",\"url\":\"https:\/\/advancedseeds.com\/\",\"name\":\"Advanced Seeds\",\"description\":\"Gen\u00e9ticas Avanzadas en semillas feminizadas y autom\u00e1ticas.\",\"publisher\":{\"@id\":\"https:\/\/advancedseeds.com\/#organization\"},\"potentialAction\":[{\"@type\":\"SearchAction\",\"target\":{\"@type\":\"EntryPoint\",\"urlTemplate\":\"https:\/\/advancedseeds.com\/?s={search_term_string}\"},\"query-input\":{\"@type\":\"PropertyValueSpecification\",\"valueRequired\":true,\"valueName\":\"search_term_string\"}}],\"inLanguage\":\"it-IT\"},{\"@type\":\"Organization\",\"@id\":\"https:\/\/advancedseeds.com\/#organization\",\"name\":\"Advanced Seeds\",\"url\":\"https:\/\/advancedseeds.com\/\",\"logo\":{\"@type\":\"ImageObject\",\"inLanguage\":\"it-IT\",\"@id\":\"https:\/\/advancedseeds.com\/#\/schema\/logo\/image\/\",\"url\":\"https:\/\/advancedseeds.com\/web\/wp-content\/uploads\/2021\/01\/logo-advanced.jpg\",\"contentUrl\":\"https:\/\/advancedseeds.com\/web\/wp-content\/uploads\/2021\/01\/logo-advanced.jpg\",\"width\":600,\"height\":600,\"caption\":\"Advanced Seeds\"},\"image\":{\"@id\":\"https:\/\/advancedseeds.com\/#\/schema\/logo\/image\/\"}}]}<\/script>\n<!-- \/ Yoast SEO Premium plugin. -->","yoast_head_json":{"title":"Auto Critical Mass - Advanced Seeds","robots":{"index":"index","follow":"follow","max-snippet":"max-snippet:-1","max-image-preview":"max-image-preview:large","max-video-preview":"max-video-preview:-1"},"canonical":"https:\/\/advancedseeds.com\/it\/tienda\/automaticas\/auto-critical-mass\/","og_locale":"it_IT","og_type":"article","og_title":"Auto Critical Mass","og_description":"Variedad autofloreciente de sabor dulce y aroma afrutado, excelente producci\u00f3n de cogollos densos con gran concentraci\u00f3n de resina. Ideal para interior y exterior. Hemos combinado nuestra mejor gen\u00e9tica Critical con una selecci\u00f3n de Rudelaris Skunk, con esto se logra reducir el tiempo de floraci\u00f3n manteniendo un alto porcentaje de T.H.C. y el aroma y sabor caracter\u00edstico de Critical.  &nbsp;","og_url":"https:\/\/advancedseeds.com\/it\/tienda\/automaticas\/auto-critical-mass\/","og_site_name":"Advanced Seeds","article_modified_time":"2026-04-15T09:45:14+00:00","og_image":[{"width":1652,"height":2192,"url":"https:\/\/advancedseeds.com\/web\/wp-content\/uploads\/2021\/01\/Auto-Critical-Mass.jpg","type":"image\/jpeg"}],"twitter_card":"summary_large_image","twitter_misc":{"Tempo di lettura stimato":"5 minuti"},"schema":{"@context":"https:\/\/schema.org","@graph":[{"@type":"WebPage","@id":"https:\/\/advancedseeds.com\/tienda\/automaticas\/auto-critical-mass\/","url":"https:\/\/advancedseeds.com\/tienda\/automaticas\/auto-critical-mass\/","name":"Auto Critical Mass - Advanced Seeds","isPartOf":{"@id":"https:\/\/advancedseeds.com\/#website"},"primaryImageOfPage":{"@id":"https:\/\/advancedseeds.com\/tienda\/automaticas\/auto-critical-mass\/#primaryimage"},"image":{"@id":"https:\/\/advancedseeds.com\/tienda\/automaticas\/auto-critical-mass\/#primaryimage"},"thumbnailUrl":"https:\/\/advancedseeds.com\/web\/wp-content\/uploads\/2021\/01\/Auto-Critical-Mass.jpg","datePublished":"2021-01-14T17:15:23+00:00","dateModified":"2026-04-15T09:45:14+00:00","breadcrumb":{"@id":"https:\/\/advancedseeds.com\/tienda\/automaticas\/auto-critical-mass\/#breadcrumb"},"inLanguage":"it-IT","potentialAction":[{"@type":"ReadAction","target":["https:\/\/advancedseeds.com\/tienda\/automaticas\/auto-critical-mass\/"]}]},{"@type":"ImageObject","inLanguage":"it-IT","@id":"https:\/\/advancedseeds.com\/tienda\/automaticas\/auto-critical-mass\/#primaryimage","url":"https:\/\/advancedseeds.com\/web\/wp-content\/uploads\/2021\/01\/Auto-Critical-Mass.jpg","contentUrl":"https:\/\/advancedseeds.com\/web\/wp-content\/uploads\/2021\/01\/Auto-Critical-Mass.jpg","width":1652,"height":2192},{"@type":"BreadcrumbList","@id":"https:\/\/advancedseeds.com\/tienda\/automaticas\/auto-critical-mass\/#breadcrumb","itemListElement":[{"@type":"ListItem","position":1,"name":"Home","item":"https:\/\/advancedseeds.com\/"},{"@type":"ListItem","position":2,"name":"Tienda","item":"https:\/\/advancedseeds.com\/"},{"@type":"ListItem","position":3,"name":"Auto Critical Mass"}]},{"@type":"WebSite","@id":"https:\/\/advancedseeds.com\/#website","url":"https:\/\/advancedseeds.com\/","name":"Semi avanzati","description":"Genetica avanzata in semi femminizzati e automatici.","publisher":{"@id":"https:\/\/advancedseeds.com\/#organization"},"potentialAction":[{"@type":"SearchAction","target":{"@type":"EntryPoint","urlTemplate":"https:\/\/advancedseeds.com\/?s={search_term_string}"},"query-input":{"@type":"PropertyValueSpecification","valueRequired":true,"valueName":"search_term_string"}}],"inLanguage":"it-IT"},{"@type":"Organization","@id":"https:\/\/advancedseeds.com\/#organization","name":"Semi avanzati","url":"https:\/\/advancedseeds.com\/","logo":{"@type":"ImageObject","inLanguage":"it-IT","@id":"https:\/\/advancedseeds.com\/#\/schema\/logo\/image\/","url":"https:\/\/advancedseeds.com\/web\/wp-content\/uploads\/2021\/01\/logo-advanced.jpg","contentUrl":"https:\/\/advancedseeds.com\/web\/wp-content\/uploads\/2021\/01\/logo-advanced.jpg","width":600,"height":600,"caption":"Advanced Seeds"},"image":{"@id":"https:\/\/advancedseeds.com\/#\/schema\/logo\/image\/"}}]}},"_links":{"self":[{"href":"https:\/\/advancedseeds.com\/it\/wp-json\/wp\/v2\/product\/308","targetHints":{"allow":["GET"]}}],"collection":[{"href":"https:\/\/advancedseeds.com\/it\/wp-json\/wp\/v2\/product"}],"about":[{"href":"https:\/\/advancedseeds.com\/it\/wp-json\/wp\/v2\/types\/product"}],"replies":[{"embeddable":true,"href":"https:\/\/advancedseeds.com\/it\/wp-json\/wp\/v2\/comments?post=308"}],"wp:featuredmedia":[{"embeddable":true,"href":"https:\/\/advancedseeds.com\/it\/wp-json\/wp\/v2\/media\/19655"}],"wp:attachment":[{"href":"https:\/\/advancedseeds.com\/it\/wp-json\/wp\/v2\/media?parent=308"}],"wp:term":[{"taxonomy":"product_brand","embeddable":true,"href":"https:\/\/advancedseeds.com\/it\/wp-json\/wp\/v2\/product_brand?post=308"},{"taxonomy":"product_cat","embeddable":true,"href":"https:\/\/advancedseeds.com\/it\/wp-json\/wp\/v2\/product_cat?post=308"},{"taxonomy":"product_tag","embeddable":true,"href":"https:\/\/advancedseeds.com\/it\/wp-json\/wp\/v2\/product_tag?post=308"}],"curies":[{"name":"wp","href":"https:\/\/api.w.org\/{rel}","templated":true}]}}