{"id":309,"date":"2021-01-14T17:15:26","date_gmt":"2021-01-14T17:15:26","guid":{"rendered":"https:\/\/advancedseeds.com\/web\/producto\/auto-critical-soma\/"},"modified":"2025-03-22T18:14:50","modified_gmt":"2025-03-22T17:14:50","slug":"auto-critical-soma","status":"publish","type":"product","link":"https:\/\/advancedseeds.com\/it\/tienda\/automaticas\/auto-critical-soma\/","title":{"rendered":"Auto Critical Soma"},"content":{"rendered":"<p><span style=\"font-weight: 400\">Il <\/span><a href=\"https:\/\/advancedseeds.com\/web\/categoria-producto\/automaticas\/\"><b>semi autofiorenti<\/b><\/a><b> Auto Critical Soma<\/b><span style=\"font-weight: 400\"> di Advanced Seeds sono la scelta perfetta per gli amanti dei sapori dolci e delle cime dense. In questa panoramica del prodotto, esploreremo tutto ci\u00f2 che riguarda questa variet\u00e0, dalla sua genetica a come coltivarla con successo e goderne appieno.<\/span><\/p>\n<h2><b>Quali sono le caratteristiche genetiche dell'Auto Critical Soma?<\/b><\/h2>\n<p><span style=\"font-weight: 400\">La genetica dei semi autofiorenti Auto Critical Soma \u00e8 una perfetta fusione tra indica e sativa, ereditata dai genitori.<\/span><a href=\"https:\/\/advancedseeds.com\/web\/producto\/auto-critical-mass\/\"> <span style=\"font-weight: 400\">Auto Critical<\/span><\/a><span style=\"font-weight: 400\"> e Auto Somango. Questa combinazione genetica offre il meglio di entrambi i mondi: il vigore e la robustezza dell'indica con l'euforia e i sapori esotici di una sativa di prima qualit\u00e0.<\/span><\/p>\n<h2><b>Che aspetto ha Auto Critical Soma?<\/b><\/h2>\n<p><span style=\"font-weight: 400\">Le piante Auto Critical Soma presentano una morfologia compatta ma cespugliosa. Gli steli forti e le foglie rigogliose creano una struttura ideale per lo sviluppo di cime dense che ricoprono quasi completamente la pianta. La distanza tra i nodi \u00e8 ottimale, consentendo un'incredibile solidit\u00e0 e una straordinaria produzione di cime. Inoltre, <\/span><b>i boccioli possono assumere colori vivaci<\/b><span style=\"font-weight: 400\"> che la distingue dalle altre variet\u00e0, soprattutto quando le temperature di maturazione sono rigide.<\/span><\/p>\n<h2><b>Cultura Auto Critical Soma:<\/b><\/h2>\n<p><span style=\"font-weight: 400\">Al chiuso, l'Auto Critical Soma si adatta come un guanto in spazi ridotti. Con una luce di qualit\u00e0 e un ambiente stabile, rispondono bene a tecniche come il SOG (Sea of Green). All'aperto, beneficiano di un clima caldo e temperato, ma la loro genetica autofiorente le rende resistenti e versatili, in grado di prosperare in una variet\u00e0 di ambienti.<\/span><\/p>\n<h3><span style=\"font-weight: 400\">Coltivazione indoor:<\/span><\/h3>\n<p><span style=\"font-weight: 400\">Per ottenere i migliori risultati in casa, ecco alcuni consigli:<\/span><\/p>\n<p><span style=\"font-weight: 400\">Substrato di qualit\u00e0: iniziare con un substrato ricco di sostanze nutritive fin dall'inizio per una crescita sana delle piante.<\/span><\/p>\n<p><span style=\"font-weight: 400\">Trapianto s\u00ec o no? Dipende da voi, se avete esperienza \u00e8 meglio trapiantare, altrimenti \u00e8 meglio piantare nel vaso definitivo.<\/span><\/p>\n<p><span style=\"font-weight: 400\">Illuminazione adeguata: fornire un ciclo di luce costante di 20 ore al giorno per una maturazione ottimale delle piante. Una lampadina HPS da 600W o un moderno apparecchio a LED sono scelte eccellenti.<\/span><\/p>\n<p><span style=\"font-weight: 400\">Ventilazione e temperatura: controllare la temperatura e la ventilazione per mantenere un microclima ottimale ed evitare problemi di umidit\u00e0.<\/span><\/p>\n<h3><span style=\"font-weight: 400\">Coltivazione all'aperto:<\/span><\/h3>\n<p><span style=\"font-weight: 400\">Se preferite la coltivazione all'aperto, tenete a mente questi consigli:<\/span><\/p>\n<p><span style=\"font-weight: 400\">Luce solare diretta: cercate un sito con almeno 5-6 ore di luce solare diretta al giorno per una crescita ottimale.<\/span><\/p>\n<p><span style=\"font-weight: 400\">Substrato e annaffiature: assicurarsi che il substrato sia ben drenato e arricchito con sostanze nutritive organiche. Evitare di annaffiare eccessivamente nei primi 20 giorni di crescita per non sovraccaricare le radici.<\/span><\/p>\n<p><span style=\"font-weight: 400\">Sviluppo verticale e laterale: Le piante possono raggiungere un'altezza di 70-100 cm se piantate in pieno sole e se non vengono annaffiate troppo nei primi giorni di crescita. L'incrocio con Critical aggiunge peso alla genetica, dando vita a piante pi\u00f9 grandi e pesanti.<\/span><\/p>\n<h2><b>Quando viene raccolto l'Auto Critical Soma?<\/b><\/h2>\n<p><span style=\"font-weight: 400\">Dalla germinazione, entro 70-80 giorni, sarete pronti per il raccolto all'interno o all'esterno. All'aperto, il raccolto avviene in qualsiasi momento tra la primavera e l'autunno, poich\u00e9 in questo periodo si possono coltivare diverse colture.<\/span><\/p>\n<h2><b>Quanto producono questi semi?<\/b><\/h2>\n<p><span style=\"font-weight: 400\">La Auto Critical Soma \u00e8 nota per le sue generose rese. Al chiuso, si possono ottenere fino a 500 grammi per metro quadro con un uso corretto della luce e dello spazio. All'aperto, le piante possono sorprendere con rese altrettanto impressionanti che possono superare i 100 grammi per pianta. Inoltre, la produzione di resina \u00e8 eccezionale, con cime dagli alti livelli di cannabinoidi, terpeni e altri composti attivi.<\/span><\/p>\n<h2><b>Qual \u00e8 l'aroma e il sapore dell'Auto Critical Soma?<\/b><\/h2>\n<p><span style=\"font-weight: 400\">Auto Critical Soma offre un aroma e un gusto eccezionali. Sentirete note dolci e fruttate che vi ricorderanno il suo lignaggio Somango.  Quando si inala il fumo o il vapore, si viene travolti da un'intensa dolcezza con chiare note di banana, pesca e mango. Durante l'espirazione, le note fruttate persistono, lasciando un retrogusto che invita a trattenere il bong.<\/span><\/p>\n<h2><b>Che tipo di effetto ha questa marijuana?<\/b><\/h2>\n<p><span style=\"font-weight: 400\">Questo tipo di cannabis produce un effetto equilibrato sia a livello fisico che mentale, con un contenuto di THC medio\/alto che vi porter\u00e0 in uno stato di benessere e creativit\u00e0. Inoltre, il suo profilo di 50% sativa e 50% indica garantisce una scelta versatile per i consumatori di tutti i livelli.<\/span><\/p>\n<h2><b>Acquistare Auto Critical Soma al miglior prezzo online<\/b><\/h2>\n<p><span style=\"font-weight: 400\">Se state cercando di acquistare i semi di Auto Critical Soma da Advanced Seeds al miglior prezzo online, siete arrivati nel posto giusto. Iniziate il vostro emozionante viaggio di coltivazione con questa eccezionale variet\u00e0, ordinate oggi stesso e scoprite tutto ci\u00f2 che la Auto Critical Soma ha da offrire!<\/span><\/p>\n<h2><b>Domande frequenti su Auto Critical Soma:<\/b><\/h2>\n<h2><span style=\"font-weight: 400\">Qual \u00e8 il contenuto di THC di questi semi?<\/span><\/h2>\n<p><span style=\"font-weight: 400\">Auto Critical Soma pu\u00f2 raggiungere un contenuto di THC di circa 17%.<\/span><\/p>\n<h3><span style=\"font-weight: 400\">Sono adatti ai coltivatori principianti?<\/span><\/h3>\n<p><span style=\"font-weight: 400\">S\u00ec, questi semi sono ideali per i principianti grazie alla loro facilit\u00e0 di coltivazione e all'elevata resistenza.<\/span><\/p>\n<h3><span style=\"font-weight: 400\">Quali sono i benefici medicinali dell'Auto Critical Soma?<\/span><\/h3>\n<p><span style=\"font-weight: 400\">Questa variet\u00e0 \u00e8 nota per alleviare lo stress, l'ansia e il dolore, oltre ad avere propriet\u00e0 terapeutiche.<\/span><\/p>","protected":false},"excerpt":{"rendered":"<p>Versione autofiorente della nostra fortunata Critical Soma. con una buona ramificazione da cui si ottengono cime abbondanti e lunghe che coprono quasi interamente la pianta. La combinazione delle genetiche Critical, Somango e Auto Indica ha dato vita a una pianta straordinariamente resinosa con eccellenti livelli di produzione. Si consiglia di coltivare in primavera, con substrato abbondante e controllando scrupolosamente la concimazione. Ha un intenso aroma fruttato e un sapore dolce di banana, pesca e mango. I suoi effetti sono pi\u00f9 che soddisfacenti sia a livello fisico che mentale.<\/p>","protected":false},"featured_media":19656,"comment_status":"open","ping_status":"closed","template":"","meta":{"_acf_changed":false},"product_brand":[],"product_cat":[70],"product_tag":[],"class_list":{"0":"post-309","1":"product","2":"type-product","3":"status-publish","4":"has-post-thumbnail","6":"product_cat-automaticas","8":"first","9":"instock","10":"taxable","11":"shipping-taxable","12":"purchasable","13":"product-type-variable"},"acf":[],"yoast_head":"<!-- This site is optimized with the Yoast SEO Premium plugin v26.3 (Yoast SEO v26.6) - https:\/\/yoast.com\/wordpress\/plugins\/seo\/ -->\n<title>Auto Critical Soma - Advanced Seeds<\/title>\n<meta name=\"robots\" content=\"index, follow, max-snippet:-1, max-image-preview:large, max-video-preview:-1\" \/>\n<link rel=\"canonical\" href=\"https:\/\/advancedseeds.com\/it\/tienda\/automaticas\/auto-critical-soma\/\" \/>\n<meta property=\"og:locale\" content=\"it_IT\" \/>\n<meta property=\"og:type\" content=\"article\" \/>\n<meta property=\"og:title\" content=\"Auto Critical Soma\" \/>\n<meta property=\"og:description\" content=\"Versi\u00f3n autofloreciente de nuestra exitosa Critical Soma.con buena ramificaci\u00f3n de la que se obtienen abundantes y largos cogollos que recubren la planta casi en su totalidad. La combinaci\u00f3n de Critical, Somango y gen\u00e9ticas Indicas Auto han dado como fruto una planta extraordinariamente resinosa y con excelentes niveles de producci\u00f3n. Recomendamos cultivar en primavera, con sustrato abundante y controlar el abonado escrupulosamente. Tiene un intenso aroma frutal y sabor dulce a pl\u00e1tano, melocot\u00f3n y mango. Sus efectos son m\u00e1s que satisfactorios a nivel f\u00edsico y mental.\" \/>\n<meta property=\"og:url\" content=\"https:\/\/advancedseeds.com\/it\/tienda\/automaticas\/auto-critical-soma\/\" \/>\n<meta property=\"og:site_name\" content=\"Advanced Seeds\" \/>\n<meta property=\"article:modified_time\" content=\"2025-03-22T17:14:50+00:00\" \/>\n<meta property=\"og:image\" content=\"https:\/\/advancedseeds.com\/web\/wp-content\/uploads\/2021\/01\/Auto-Critical-Soma.jpg\" \/>\n\t<meta property=\"og:image:width\" content=\"1604\" \/>\n\t<meta property=\"og:image:height\" content=\"2128\" \/>\n\t<meta property=\"og:image:type\" content=\"image\/jpeg\" \/>\n<meta name=\"twitter:card\" content=\"summary_large_image\" \/>\n<meta name=\"twitter:label1\" content=\"Tempo di lettura stimato\" \/>\n\t<meta name=\"twitter:data1\" content=\"5 minuti\" \/>\n<script type=\"application\/ld+json\" class=\"yoast-schema-graph\">{\"@context\":\"https:\/\/schema.org\",\"@graph\":[{\"@type\":\"WebPage\",\"@id\":\"https:\/\/advancedseeds.com\/tienda\/automaticas\/auto-critical-soma\/\",\"url\":\"https:\/\/advancedseeds.com\/tienda\/automaticas\/auto-critical-soma\/\",\"name\":\"Auto Critical Soma - Advanced Seeds\",\"isPartOf\":{\"@id\":\"https:\/\/advancedseeds.com\/#website\"},\"primaryImageOfPage\":{\"@id\":\"https:\/\/advancedseeds.com\/tienda\/automaticas\/auto-critical-soma\/#primaryimage\"},\"image\":{\"@id\":\"https:\/\/advancedseeds.com\/tienda\/automaticas\/auto-critical-soma\/#primaryimage\"},\"thumbnailUrl\":\"https:\/\/advancedseeds.com\/web\/wp-content\/uploads\/2021\/01\/Auto-Critical-Soma.jpg\",\"datePublished\":\"2021-01-14T17:15:26+00:00\",\"dateModified\":\"2025-03-22T17:14:50+00:00\",\"breadcrumb\":{\"@id\":\"https:\/\/advancedseeds.com\/tienda\/automaticas\/auto-critical-soma\/#breadcrumb\"},\"inLanguage\":\"it-IT\",\"potentialAction\":[{\"@type\":\"ReadAction\",\"target\":[\"https:\/\/advancedseeds.com\/tienda\/automaticas\/auto-critical-soma\/\"]}]},{\"@type\":\"ImageObject\",\"inLanguage\":\"it-IT\",\"@id\":\"https:\/\/advancedseeds.com\/tienda\/automaticas\/auto-critical-soma\/#primaryimage\",\"url\":\"https:\/\/advancedseeds.com\/web\/wp-content\/uploads\/2021\/01\/Auto-Critical-Soma.jpg\",\"contentUrl\":\"https:\/\/advancedseeds.com\/web\/wp-content\/uploads\/2021\/01\/Auto-Critical-Soma.jpg\",\"width\":1604,\"height\":2128},{\"@type\":\"BreadcrumbList\",\"@id\":\"https:\/\/advancedseeds.com\/tienda\/automaticas\/auto-critical-soma\/#breadcrumb\",\"itemListElement\":[{\"@type\":\"ListItem\",\"position\":1,\"name\":\"Home\",\"item\":\"https:\/\/advancedseeds.com\/\"},{\"@type\":\"ListItem\",\"position\":2,\"name\":\"Tienda\",\"item\":\"https:\/\/advancedseeds.com\/\"},{\"@type\":\"ListItem\",\"position\":3,\"name\":\"Auto Critical Soma\"}]},{\"@type\":\"WebSite\",\"@id\":\"https:\/\/advancedseeds.com\/#website\",\"url\":\"https:\/\/advancedseeds.com\/\",\"name\":\"Advanced Seeds\",\"description\":\"Gen\u00e9ticas Avanzadas en semillas feminizadas y autom\u00e1ticas.\",\"publisher\":{\"@id\":\"https:\/\/advancedseeds.com\/#organization\"},\"potentialAction\":[{\"@type\":\"SearchAction\",\"target\":{\"@type\":\"EntryPoint\",\"urlTemplate\":\"https:\/\/advancedseeds.com\/?s={search_term_string}\"},\"query-input\":{\"@type\":\"PropertyValueSpecification\",\"valueRequired\":true,\"valueName\":\"search_term_string\"}}],\"inLanguage\":\"it-IT\"},{\"@type\":\"Organization\",\"@id\":\"https:\/\/advancedseeds.com\/#organization\",\"name\":\"Advanced Seeds\",\"url\":\"https:\/\/advancedseeds.com\/\",\"logo\":{\"@type\":\"ImageObject\",\"inLanguage\":\"it-IT\",\"@id\":\"https:\/\/advancedseeds.com\/#\/schema\/logo\/image\/\",\"url\":\"https:\/\/advancedseeds.com\/web\/wp-content\/uploads\/2021\/01\/logo-advanced.jpg\",\"contentUrl\":\"https:\/\/advancedseeds.com\/web\/wp-content\/uploads\/2021\/01\/logo-advanced.jpg\",\"width\":600,\"height\":600,\"caption\":\"Advanced Seeds\"},\"image\":{\"@id\":\"https:\/\/advancedseeds.com\/#\/schema\/logo\/image\/\"}}]}<\/script>\n<!-- \/ Yoast SEO Premium plugin. -->","yoast_head_json":{"title":"Auto Critical Soma - Advanced Seeds","robots":{"index":"index","follow":"follow","max-snippet":"max-snippet:-1","max-image-preview":"max-image-preview:large","max-video-preview":"max-video-preview:-1"},"canonical":"https:\/\/advancedseeds.com\/it\/tienda\/automaticas\/auto-critical-soma\/","og_locale":"it_IT","og_type":"article","og_title":"Auto Critical Soma","og_description":"Versi\u00f3n autofloreciente de nuestra exitosa Critical Soma.con buena ramificaci\u00f3n de la que se obtienen abundantes y largos cogollos que recubren la planta casi en su totalidad. La combinaci\u00f3n de Critical, Somango y gen\u00e9ticas Indicas Auto han dado como fruto una planta extraordinariamente resinosa y con excelentes niveles de producci\u00f3n. Recomendamos cultivar en primavera, con sustrato abundante y controlar el abonado escrupulosamente. Tiene un intenso aroma frutal y sabor dulce a pl\u00e1tano, melocot\u00f3n y mango. Sus efectos son m\u00e1s que satisfactorios a nivel f\u00edsico y mental.","og_url":"https:\/\/advancedseeds.com\/it\/tienda\/automaticas\/auto-critical-soma\/","og_site_name":"Advanced Seeds","article_modified_time":"2025-03-22T17:14:50+00:00","og_image":[{"width":1604,"height":2128,"url":"https:\/\/advancedseeds.com\/web\/wp-content\/uploads\/2021\/01\/Auto-Critical-Soma.jpg","type":"image\/jpeg"}],"twitter_card":"summary_large_image","twitter_misc":{"Tempo di lettura stimato":"5 minuti"},"schema":{"@context":"https:\/\/schema.org","@graph":[{"@type":"WebPage","@id":"https:\/\/advancedseeds.com\/tienda\/automaticas\/auto-critical-soma\/","url":"https:\/\/advancedseeds.com\/tienda\/automaticas\/auto-critical-soma\/","name":"Auto Critical Soma - Advanced Seeds","isPartOf":{"@id":"https:\/\/advancedseeds.com\/#website"},"primaryImageOfPage":{"@id":"https:\/\/advancedseeds.com\/tienda\/automaticas\/auto-critical-soma\/#primaryimage"},"image":{"@id":"https:\/\/advancedseeds.com\/tienda\/automaticas\/auto-critical-soma\/#primaryimage"},"thumbnailUrl":"https:\/\/advancedseeds.com\/web\/wp-content\/uploads\/2021\/01\/Auto-Critical-Soma.jpg","datePublished":"2021-01-14T17:15:26+00:00","dateModified":"2025-03-22T17:14:50+00:00","breadcrumb":{"@id":"https:\/\/advancedseeds.com\/tienda\/automaticas\/auto-critical-soma\/#breadcrumb"},"inLanguage":"it-IT","potentialAction":[{"@type":"ReadAction","target":["https:\/\/advancedseeds.com\/tienda\/automaticas\/auto-critical-soma\/"]}]},{"@type":"ImageObject","inLanguage":"it-IT","@id":"https:\/\/advancedseeds.com\/tienda\/automaticas\/auto-critical-soma\/#primaryimage","url":"https:\/\/advancedseeds.com\/web\/wp-content\/uploads\/2021\/01\/Auto-Critical-Soma.jpg","contentUrl":"https:\/\/advancedseeds.com\/web\/wp-content\/uploads\/2021\/01\/Auto-Critical-Soma.jpg","width":1604,"height":2128},{"@type":"BreadcrumbList","@id":"https:\/\/advancedseeds.com\/tienda\/automaticas\/auto-critical-soma\/#breadcrumb","itemListElement":[{"@type":"ListItem","position":1,"name":"Home","item":"https:\/\/advancedseeds.com\/"},{"@type":"ListItem","position":2,"name":"Tienda","item":"https:\/\/advancedseeds.com\/"},{"@type":"ListItem","position":3,"name":"Auto Critical Soma"}]},{"@type":"WebSite","@id":"https:\/\/advancedseeds.com\/#website","url":"https:\/\/advancedseeds.com\/","name":"Semi avanzati","description":"Genetica avanzata in semi femminizzati e automatici.","publisher":{"@id":"https:\/\/advancedseeds.com\/#organization"},"potentialAction":[{"@type":"SearchAction","target":{"@type":"EntryPoint","urlTemplate":"https:\/\/advancedseeds.com\/?s={search_term_string}"},"query-input":{"@type":"PropertyValueSpecification","valueRequired":true,"valueName":"search_term_string"}}],"inLanguage":"it-IT"},{"@type":"Organization","@id":"https:\/\/advancedseeds.com\/#organization","name":"Semi avanzati","url":"https:\/\/advancedseeds.com\/","logo":{"@type":"ImageObject","inLanguage":"it-IT","@id":"https:\/\/advancedseeds.com\/#\/schema\/logo\/image\/","url":"https:\/\/advancedseeds.com\/web\/wp-content\/uploads\/2021\/01\/logo-advanced.jpg","contentUrl":"https:\/\/advancedseeds.com\/web\/wp-content\/uploads\/2021\/01\/logo-advanced.jpg","width":600,"height":600,"caption":"Advanced Seeds"},"image":{"@id":"https:\/\/advancedseeds.com\/#\/schema\/logo\/image\/"}}]}},"_links":{"self":[{"href":"https:\/\/advancedseeds.com\/it\/wp-json\/wp\/v2\/product\/309","targetHints":{"allow":["GET"]}}],"collection":[{"href":"https:\/\/advancedseeds.com\/it\/wp-json\/wp\/v2\/product"}],"about":[{"href":"https:\/\/advancedseeds.com\/it\/wp-json\/wp\/v2\/types\/product"}],"replies":[{"embeddable":true,"href":"https:\/\/advancedseeds.com\/it\/wp-json\/wp\/v2\/comments?post=309"}],"wp:featuredmedia":[{"embeddable":true,"href":"https:\/\/advancedseeds.com\/it\/wp-json\/wp\/v2\/media\/19656"}],"wp:attachment":[{"href":"https:\/\/advancedseeds.com\/it\/wp-json\/wp\/v2\/media?parent=309"}],"wp:term":[{"taxonomy":"product_brand","embeddable":true,"href":"https:\/\/advancedseeds.com\/it\/wp-json\/wp\/v2\/product_brand?post=309"},{"taxonomy":"product_cat","embeddable":true,"href":"https:\/\/advancedseeds.com\/it\/wp-json\/wp\/v2\/product_cat?post=309"},{"taxonomy":"product_tag","embeddable":true,"href":"https:\/\/advancedseeds.com\/it\/wp-json\/wp\/v2\/product_tag?post=309"}],"curies":[{"name":"wp","href":"https:\/\/api.w.org\/{rel}","templated":true}]}}