{"id":310,"date":"2021-01-14T17:15:29","date_gmt":"2021-01-14T17:15:29","guid":{"rendered":"https:\/\/advancedseeds.com\/web\/producto\/auto-gelato-33\/"},"modified":"2025-03-22T18:17:57","modified_gmt":"2025-03-22T17:17:57","slug":"auto-gelato-33","status":"publish","type":"product","link":"https:\/\/advancedseeds.com\/it\/tienda\/automaticas\/auto-gelato-33\/","title":{"rendered":"Auto Gelato #33"},"content":{"rendered":"<p><span style=\"font-weight: 400\">Il <\/span><a href=\"https:\/\/advancedseeds.com\/web\/\"><b>semi di marijuana<\/b><\/a><b> autofiorente Auto Gelato #33<\/b><span style=\"font-weight: 400\"> di Advanced Seeds sono la combinazione perfetta di sapore ineguagliabile, potenza sorprendente e facilit\u00e0 di coltivazione. Perfetta sia per i principianti che per i veterani, garantisce un raccolto abbondante con un tocco di classe. In questa panoramica, vi illustrer\u00f2 tutti gli aspetti di questa variet\u00e0, dalla sua genetica a come coltivarla e goderne appieno.<\/span><\/p>\n<h2><b>Quali sono le caratteristiche genetiche di Auto Gelato #33?<\/b><\/h2>\n<p><span style=\"font-weight: 400\">Auto Gelato #33 \u00e8 il risultato di un eccezionale incrocio tra due titani della genetica della cannabis come Sunset Sherbert e GSC Thin Mint, con un tocco di rudelaris per consentire l'autofiorenza e la facilit\u00e0 di coltivazione. A predominanza Indica, questo ibrido offre il meglio dei due mondi: la velocit\u00e0 di una variet\u00e0 autofiorente con la potenza e il sapore dei suoi rinomati antenati.<\/span><\/p>\n<h2><b>Che aspetto ha Auto Gelato #33?<\/b><\/h2>\n<p><span style=\"font-weight: 400\">Le piante Auto Gelato #33 sono note per la loro morfologia compatta e per l'abbondante strato di resina che le ricopre. Le sue ramificazioni sono abbastanza naturali e in alcuni casi crescono quasi tanto in larghezza quanto in altezza. Le cime sono dense e pesanti, simili a quelle della versione normale, e dall'aspetto impressionante. Questa variet\u00e0 \u00e8 un vero spettacolo visivo anche per i colori che alcuni esemplari assumono quando le temperature sono basse durante la fioritura e la maturazione delle cime.<\/span><\/p>\n<h2><b>Coltivazione di Auto Gelato #33:<\/b><\/h2>\n<p><span style=\"font-weight: 400\">La Auto Gelato #33 \u00e8 una scelta intelligente sia per i coltivatori indoor che outdoor, ed \u00e8 cos\u00ec facile da coltivare che anche i coltivatori alle prime armi otterranno raccolti spettacolari. Se non si ha molta esperienza di coltivazione, \u00e8 meglio piantare i semi nel vaso definitivo per evitare il trapianto, ed \u00e8 altamente consigliato aggiungere micro-life al terreno e annaffiare per accelerare lo sviluppo delle radici.<\/span><\/p>\n<h3><span style=\"font-weight: 400\">Coltivazione indoor:<\/span><\/h3>\n<p><span style=\"font-weight: 400\">Durante la fioritura, si pu\u00f2 effettuare una leggera defogliazione per consentire alla luce artificiale di penetrare meglio nelle parti interne e inferiori della pianta, e per permettere alla luce artificiale di penetrare meglio nelle parti interne e inferiori.<\/span><\/p>\n<h3><span style=\"font-weight: 400\">Coltivazione all'aperto:<\/span><\/h3>\n<p><span style=\"font-weight: 400\">\u00c8 meglio piantare in vasi pi\u00f9 grandi: 20 litri sono un buon volume. L'ideale \u00e8 aspettare la met\u00e0 o la fine della primavera per far germogliare i semi, che potranno cos\u00ec approfittare del clima migliore e di una maggiore incidenza della luce, sia in termini di ore che di potenza solare. All'aperto, \u00e8 bene applicare preventivamente prodotti fitosanitari per evitare problemi di parassiti e funghi.<\/span><\/p>\n<h2><b>Quando viene raccolto l'Auto Gelato #33?<\/b><\/h2>\n<p><span style=\"font-weight: 400\">Il tempo di raccolta dipende dalla coltivazione all'interno o all'esterno. Al chiuso, potrete raccogliere in circa 70-80 giorni dalla germinazione. All'aperto, il raccolto sar\u00e0 pronto nello stesso periodo o potrebbe essere necessario attendere qualche giorno in pi\u00f9, a seconda delle condizioni climatiche della vostra regione.<\/span><\/p>\n<h2><b>Quanto producono questi semi?<\/b><\/h2>\n<p><span style=\"font-weight: 400\">La Auto Gelato #33 \u00e8 nota per le sue rese elevate. Al chiuso, in condizioni ottimali, ci si pu\u00f2 aspettare rese fino a 550 grammi per metro quadro. All'aperto, le piante possono sorprendere con rese altrettanto impressionanti.<\/span><\/p>\n<h2><b>Qual \u00e8 l'aroma e il gusto dell'Auto Gelato #33?<\/b><\/h2>\n<p><span style=\"font-weight: 400\">Auto Gelato #33 offre un profilo aromatico e gustativo eccezionale. Combina note fruttate, dolci e cremose che creano un aroma intenso e un gusto indimenticabile. Questa variet\u00e0 \u00e8 una delizia per i sensi che non vorrete smettere di gustare pi\u00f9 e pi\u00f9 volte, ma attenzione, il delizioso gelato \u00e8 ingannevole e se si esagera, pu\u00f2 farvi cadere.<\/span><\/p>\n<h2><b>Che tipo di effetto ha questa marijuana?<\/b><\/h2>\n<p><span style=\"font-weight: 400\">La Auto Gelato #33 non lesina sulla potenza, con un contenuto di THC che pu\u00f2 arrivare fino a 23%. Gli effetti sono equilibrati, con una sensazione positiva ed euforica che si combina con un effetto fisicamente rilassante e calmante, senza essere eccessivo, tranne se si consuma troppo in un breve periodo di tempo.<\/span><\/p>\n<h2><b>Acquistare Auto Gelato #33 al miglior prezzo online<\/b><\/h2>\n<p><span style=\"font-weight: 400\">Se siete pronti a comprare i vostri semi di Auto Gelato #33 da Advanced Seeds al miglior prezzo online, siete arrivati nel posto giusto. Iniziate il vostro entusiasmante viaggio di coltivazione con questa eccezionale variet\u00e0, ordinate oggi stesso e scoprite tutto ci\u00f2 che la Auto Gelato #33 ha da offrire!<\/span><\/p>\n<h2><b>Domande frequenti su Auto Gelato #33:<\/b><\/h2>\n<h3><span style=\"font-weight: 400\">Qual \u00e8 il contenuto di THC di questi semi?<\/span><\/h3>\n<p><span style=\"font-weight: 400\">Auto Gelato #33 pu\u00f2 raggiungere un impressionante contenuto di THC fino a 23%.<\/span><\/p>\n<h3><span style=\"font-weight: 400\">Qual \u00e8 il ciclo completo di coltivazione?<\/span><\/h3>\n<p><span style=\"font-weight: 400\">Il ciclo completo della Auto Gelato #33 dura 70-80 giorni dalla germinazione.<\/span><\/p>\n<h3><span style=\"font-weight: 400\">Che sapore ha Auto Gelato #33?<\/span><\/h3>\n<p><span style=\"font-weight: 400\">Auto Gelato #33 offre un gusto fruttato, dolce e cremoso che delizier\u00e0 le vostre papille gustative.<\/span><\/p>","protected":false},"excerpt":{"rendered":"<p>Versione automatica della Gelato #33. Alto livello di THC che produce un potente effetto cerebrale. Sapore e aroma dolci con note agrumate e terrose.<\/p>","protected":false},"featured_media":19657,"comment_status":"open","ping_status":"closed","template":"","meta":{"_acf_changed":false},"product_brand":[],"product_cat":[70],"product_tag":[],"class_list":{"0":"post-310","1":"product","2":"type-product","3":"status-publish","4":"has-post-thumbnail","6":"product_cat-automaticas","8":"first","9":"instock","10":"taxable","11":"shipping-taxable","12":"purchasable","13":"product-type-variable"},"acf":[],"yoast_head":"<!-- This site is optimized with the Yoast SEO Premium plugin v26.3 (Yoast SEO v26.6) - https:\/\/yoast.com\/wordpress\/plugins\/seo\/ -->\n<title>Auto Gelato #33 - Advanced Seeds<\/title>\n<meta name=\"robots\" content=\"index, follow, max-snippet:-1, max-image-preview:large, max-video-preview:-1\" \/>\n<link rel=\"canonical\" href=\"https:\/\/advancedseeds.com\/it\/tienda\/automaticas\/auto-gelato-33\/\" \/>\n<meta property=\"og:locale\" content=\"it_IT\" \/>\n<meta property=\"og:type\" content=\"article\" \/>\n<meta property=\"og:title\" content=\"Auto Gelato #33\" \/>\n<meta property=\"og:description\" content=\"Version autom\u00e1tica de Gelato #33. Alto nivel de THC que produce un potente efecto cerebral. Sabor y aroma dulces con toques c\u00edtricos y terrosos.\" \/>\n<meta property=\"og:url\" content=\"https:\/\/advancedseeds.com\/it\/tienda\/automaticas\/auto-gelato-33\/\" \/>\n<meta property=\"og:site_name\" content=\"Advanced Seeds\" \/>\n<meta property=\"article:modified_time\" content=\"2025-03-22T17:17:57+00:00\" \/>\n<meta property=\"og:image\" content=\"https:\/\/advancedseeds.com\/web\/wp-content\/uploads\/2021\/01\/Auto-Gelato-33-scaled.jpg\" \/>\n\t<meta property=\"og:image:width\" content=\"1855\" \/>\n\t<meta property=\"og:image:height\" content=\"2560\" \/>\n\t<meta property=\"og:image:type\" content=\"image\/jpeg\" \/>\n<meta name=\"twitter:card\" content=\"summary_large_image\" \/>\n<meta name=\"twitter:label1\" content=\"Tempo di lettura stimato\" \/>\n\t<meta name=\"twitter:data1\" content=\"4 minuti\" \/>\n<script type=\"application\/ld+json\" class=\"yoast-schema-graph\">{\"@context\":\"https:\/\/schema.org\",\"@graph\":[{\"@type\":\"WebPage\",\"@id\":\"https:\/\/advancedseeds.com\/tienda\/automaticas\/auto-gelato-33\/\",\"url\":\"https:\/\/advancedseeds.com\/tienda\/automaticas\/auto-gelato-33\/\",\"name\":\"Auto Gelato #33 - Advanced Seeds\",\"isPartOf\":{\"@id\":\"https:\/\/advancedseeds.com\/#website\"},\"primaryImageOfPage\":{\"@id\":\"https:\/\/advancedseeds.com\/tienda\/automaticas\/auto-gelato-33\/#primaryimage\"},\"image\":{\"@id\":\"https:\/\/advancedseeds.com\/tienda\/automaticas\/auto-gelato-33\/#primaryimage\"},\"thumbnailUrl\":\"https:\/\/advancedseeds.com\/web\/wp-content\/uploads\/2021\/01\/Auto-Gelato-33-scaled.jpg\",\"datePublished\":\"2021-01-14T17:15:29+00:00\",\"dateModified\":\"2025-03-22T17:17:57+00:00\",\"breadcrumb\":{\"@id\":\"https:\/\/advancedseeds.com\/tienda\/automaticas\/auto-gelato-33\/#breadcrumb\"},\"inLanguage\":\"it-IT\",\"potentialAction\":[{\"@type\":\"ReadAction\",\"target\":[\"https:\/\/advancedseeds.com\/tienda\/automaticas\/auto-gelato-33\/\"]}]},{\"@type\":\"ImageObject\",\"inLanguage\":\"it-IT\",\"@id\":\"https:\/\/advancedseeds.com\/tienda\/automaticas\/auto-gelato-33\/#primaryimage\",\"url\":\"https:\/\/advancedseeds.com\/web\/wp-content\/uploads\/2021\/01\/Auto-Gelato-33-scaled.jpg\",\"contentUrl\":\"https:\/\/advancedseeds.com\/web\/wp-content\/uploads\/2021\/01\/Auto-Gelato-33-scaled.jpg\",\"width\":1855,\"height\":2560},{\"@type\":\"BreadcrumbList\",\"@id\":\"https:\/\/advancedseeds.com\/tienda\/automaticas\/auto-gelato-33\/#breadcrumb\",\"itemListElement\":[{\"@type\":\"ListItem\",\"position\":1,\"name\":\"Home\",\"item\":\"https:\/\/advancedseeds.com\/\"},{\"@type\":\"ListItem\",\"position\":2,\"name\":\"Tienda\",\"item\":\"https:\/\/advancedseeds.com\/\"},{\"@type\":\"ListItem\",\"position\":3,\"name\":\"Auto Gelato #33\"}]},{\"@type\":\"WebSite\",\"@id\":\"https:\/\/advancedseeds.com\/#website\",\"url\":\"https:\/\/advancedseeds.com\/\",\"name\":\"Advanced Seeds\",\"description\":\"Gen\u00e9ticas Avanzadas en semillas feminizadas y autom\u00e1ticas.\",\"publisher\":{\"@id\":\"https:\/\/advancedseeds.com\/#organization\"},\"potentialAction\":[{\"@type\":\"SearchAction\",\"target\":{\"@type\":\"EntryPoint\",\"urlTemplate\":\"https:\/\/advancedseeds.com\/?s={search_term_string}\"},\"query-input\":{\"@type\":\"PropertyValueSpecification\",\"valueRequired\":true,\"valueName\":\"search_term_string\"}}],\"inLanguage\":\"it-IT\"},{\"@type\":\"Organization\",\"@id\":\"https:\/\/advancedseeds.com\/#organization\",\"name\":\"Advanced Seeds\",\"url\":\"https:\/\/advancedseeds.com\/\",\"logo\":{\"@type\":\"ImageObject\",\"inLanguage\":\"it-IT\",\"@id\":\"https:\/\/advancedseeds.com\/#\/schema\/logo\/image\/\",\"url\":\"https:\/\/advancedseeds.com\/web\/wp-content\/uploads\/2021\/01\/logo-advanced.jpg\",\"contentUrl\":\"https:\/\/advancedseeds.com\/web\/wp-content\/uploads\/2021\/01\/logo-advanced.jpg\",\"width\":600,\"height\":600,\"caption\":\"Advanced Seeds\"},\"image\":{\"@id\":\"https:\/\/advancedseeds.com\/#\/schema\/logo\/image\/\"}}]}<\/script>\n<!-- \/ Yoast SEO Premium plugin. -->","yoast_head_json":{"title":"Auto Gelato #33 - Advanced Seeds","robots":{"index":"index","follow":"follow","max-snippet":"max-snippet:-1","max-image-preview":"max-image-preview:large","max-video-preview":"max-video-preview:-1"},"canonical":"https:\/\/advancedseeds.com\/it\/tienda\/automaticas\/auto-gelato-33\/","og_locale":"it_IT","og_type":"article","og_title":"Auto Gelato #33","og_description":"Version autom\u00e1tica de Gelato #33. Alto nivel de THC que produce un potente efecto cerebral. Sabor y aroma dulces con toques c\u00edtricos y terrosos.","og_url":"https:\/\/advancedseeds.com\/it\/tienda\/automaticas\/auto-gelato-33\/","og_site_name":"Advanced Seeds","article_modified_time":"2025-03-22T17:17:57+00:00","og_image":[{"width":1855,"height":2560,"url":"https:\/\/advancedseeds.com\/web\/wp-content\/uploads\/2021\/01\/Auto-Gelato-33-scaled.jpg","type":"image\/jpeg"}],"twitter_card":"summary_large_image","twitter_misc":{"Tempo di lettura stimato":"4 minuti"},"schema":{"@context":"https:\/\/schema.org","@graph":[{"@type":"WebPage","@id":"https:\/\/advancedseeds.com\/tienda\/automaticas\/auto-gelato-33\/","url":"https:\/\/advancedseeds.com\/tienda\/automaticas\/auto-gelato-33\/","name":"Auto Gelato #33 - Advanced Seeds","isPartOf":{"@id":"https:\/\/advancedseeds.com\/#website"},"primaryImageOfPage":{"@id":"https:\/\/advancedseeds.com\/tienda\/automaticas\/auto-gelato-33\/#primaryimage"},"image":{"@id":"https:\/\/advancedseeds.com\/tienda\/automaticas\/auto-gelato-33\/#primaryimage"},"thumbnailUrl":"https:\/\/advancedseeds.com\/web\/wp-content\/uploads\/2021\/01\/Auto-Gelato-33-scaled.jpg","datePublished":"2021-01-14T17:15:29+00:00","dateModified":"2025-03-22T17:17:57+00:00","breadcrumb":{"@id":"https:\/\/advancedseeds.com\/tienda\/automaticas\/auto-gelato-33\/#breadcrumb"},"inLanguage":"it-IT","potentialAction":[{"@type":"ReadAction","target":["https:\/\/advancedseeds.com\/tienda\/automaticas\/auto-gelato-33\/"]}]},{"@type":"ImageObject","inLanguage":"it-IT","@id":"https:\/\/advancedseeds.com\/tienda\/automaticas\/auto-gelato-33\/#primaryimage","url":"https:\/\/advancedseeds.com\/web\/wp-content\/uploads\/2021\/01\/Auto-Gelato-33-scaled.jpg","contentUrl":"https:\/\/advancedseeds.com\/web\/wp-content\/uploads\/2021\/01\/Auto-Gelato-33-scaled.jpg","width":1855,"height":2560},{"@type":"BreadcrumbList","@id":"https:\/\/advancedseeds.com\/tienda\/automaticas\/auto-gelato-33\/#breadcrumb","itemListElement":[{"@type":"ListItem","position":1,"name":"Home","item":"https:\/\/advancedseeds.com\/"},{"@type":"ListItem","position":2,"name":"Tienda","item":"https:\/\/advancedseeds.com\/"},{"@type":"ListItem","position":3,"name":"Auto Gelato #33"}]},{"@type":"WebSite","@id":"https:\/\/advancedseeds.com\/#website","url":"https:\/\/advancedseeds.com\/","name":"Semi avanzati","description":"Genetica avanzata in semi femminizzati e automatici.","publisher":{"@id":"https:\/\/advancedseeds.com\/#organization"},"potentialAction":[{"@type":"SearchAction","target":{"@type":"EntryPoint","urlTemplate":"https:\/\/advancedseeds.com\/?s={search_term_string}"},"query-input":{"@type":"PropertyValueSpecification","valueRequired":true,"valueName":"search_term_string"}}],"inLanguage":"it-IT"},{"@type":"Organization","@id":"https:\/\/advancedseeds.com\/#organization","name":"Semi avanzati","url":"https:\/\/advancedseeds.com\/","logo":{"@type":"ImageObject","inLanguage":"it-IT","@id":"https:\/\/advancedseeds.com\/#\/schema\/logo\/image\/","url":"https:\/\/advancedseeds.com\/web\/wp-content\/uploads\/2021\/01\/logo-advanced.jpg","contentUrl":"https:\/\/advancedseeds.com\/web\/wp-content\/uploads\/2021\/01\/logo-advanced.jpg","width":600,"height":600,"caption":"Advanced Seeds"},"image":{"@id":"https:\/\/advancedseeds.com\/#\/schema\/logo\/image\/"}}]}},"_links":{"self":[{"href":"https:\/\/advancedseeds.com\/it\/wp-json\/wp\/v2\/product\/310","targetHints":{"allow":["GET"]}}],"collection":[{"href":"https:\/\/advancedseeds.com\/it\/wp-json\/wp\/v2\/product"}],"about":[{"href":"https:\/\/advancedseeds.com\/it\/wp-json\/wp\/v2\/types\/product"}],"replies":[{"embeddable":true,"href":"https:\/\/advancedseeds.com\/it\/wp-json\/wp\/v2\/comments?post=310"}],"wp:featuredmedia":[{"embeddable":true,"href":"https:\/\/advancedseeds.com\/it\/wp-json\/wp\/v2\/media\/19657"}],"wp:attachment":[{"href":"https:\/\/advancedseeds.com\/it\/wp-json\/wp\/v2\/media?parent=310"}],"wp:term":[{"taxonomy":"product_brand","embeddable":true,"href":"https:\/\/advancedseeds.com\/it\/wp-json\/wp\/v2\/product_brand?post=310"},{"taxonomy":"product_cat","embeddable":true,"href":"https:\/\/advancedseeds.com\/it\/wp-json\/wp\/v2\/product_cat?post=310"},{"taxonomy":"product_tag","embeddable":true,"href":"https:\/\/advancedseeds.com\/it\/wp-json\/wp\/v2\/product_tag?post=310"}],"curies":[{"name":"wp","href":"https:\/\/api.w.org\/{rel}","templated":true}]}}