{"id":320,"date":"2021-01-14T17:16:03","date_gmt":"2021-01-14T17:16:03","guid":{"rendered":"https:\/\/advancedseeds.com\/web\/producto\/auto-somango-glue\/"},"modified":"2025-03-22T18:23:27","modified_gmt":"2025-03-22T17:23:27","slug":"auto-somango-glue","status":"publish","type":"product","link":"https:\/\/advancedseeds.com\/it\/tienda\/automaticas\/auto-somango-glue\/","title":{"rendered":"Colla Auto Somango"},"content":{"rendered":"<p><span style=\"font-weight: 400\">Se siete arrivati fin qui, \u00e8 perch\u00e9 state cercando semi di cannabis facili e veloci da coltivare, giusto? Beh, il<\/span> <a href=\"https:\/\/advancedseeds.com\/web\/categoria-producto\/automaticas\/\"><b>semi autofiorenti<\/b><\/a><b> Colla Auto Somango <\/b><span style=\"font-weight: 400\">di Advanced Seeds combinano un inconfondibile sapore tropicale con un vigore ibrido che conferisce una particolare resistenza alle esigenze dei coltivatori con poca o nessuna esperienza. Questa variet\u00e0 si distingue per la sua facilit\u00e0 di coltivazione e per gli ottimi rendimenti, sia indoor che outdoor, ma sono degni di nota anche i suoi potenti effetti e gli alti rendimenti.<\/span><\/p>\n<h2><b>Qual \u00e8 la genetica di questi semi?<\/b><\/h2>\n<p><span style=\"font-weight: 400\">La genetica della Auto Somango Glue deriva da una <\/span><b>incrocio tra Gorilla Glue #4 e Somango, successivamente incrociato con una variet\u00e0 autofiorente. <\/b><span style=\"font-weight: 400\">per includere i geni che causano la fioritura spontanea dopo 3 o 4 settimane di vita. Gorilla Glue #4 \u00e8 nota per il suo alto contenuto di THC e per i suoi potenti effetti, mentre Somango apporta un profilo aromatico esotico e gustoso. Questa combinazione genetica ha creato una variet\u00e0 prevalentemente indica che si distingue per la sua robustezza e la sua capacit\u00e0 di adattarsi a diverse condizioni di coltivazione, mantenendo un profilo aromatico complesso e un effetto psicoattivo equilibrato.<\/span><\/p>\n<h2><b>Che aspetto ha l'Auto Somango Glue?<\/b><\/h2>\n<p><span style=\"font-weight: 400\">La Auto Somango Glue \u00e8 caratterizzata da una struttura forte, aperta e ramificata, con una crescita moderata che la rende ideale per i piccoli spazi. Le sue foglie sono di un verde intenso, con steli spessi che sostengono cime dense e pesanti. Queste cime, oltre ad essere grandi e compatte, sono straordinariamente ricoperte di tricomi lucidi, che indicano un'elevata produzione di oli essenziali ricchi di composti attivi. Con la maturazione, la pianta pu\u00f2 mostrare <\/span><b>toni viola e rossastri<\/b><span style=\"font-weight: 400\">soprattutto alle basse temperature, che aggiunge fascino al suo profilo gi\u00e0 impressionante.<\/span><\/p>\n<h2><b>Come si coltivano questi semi all'interno e all'esterno?<\/b><\/h2>\n<p><span style=\"font-weight: 400\">La Auto Somango Glue \u00e8 una variet\u00e0 versatile, adatta sia alla coltivazione indoor che a quella outdoor. <\/span><\/p>\n<h3><span style=\"font-weight: 400\">Coltivazione indoor:<\/span><\/h3>\n<p><span style=\"font-weight: 400\">Per massimizzare il loro potenziale si consiglia un ciclo di luce di 20\/4, ma se ritenete che questo sia un eccessivo spreco di luce, sappiate che possono essere coltivate con qualsiasi fotoperiodo. La pianta risponde bene a <\/span><b>Tecniche LST<\/b><span style=\"font-weight: 400\"> (Low Stress Training) per promuovere una crescita pi\u00f9 omogenea e aumentare la produzione.\u00a0<\/span><\/p>\n<h3><span style=\"font-weight: 400\">Coltivazione all'aperto:<\/span><\/h3>\n<p><span style=\"font-weight: 400\">Cresce ampiamente, invadendo ogni spazio che le viene lasciato, quindi \u00e8 importante fornirle spazio sufficiente e luce solare diretta, oltre a un contenitore di dimensioni sufficienti per consentirle di crescere. <\/span><b>meno 20 litri<\/b><span style=\"font-weight: 400\"> capacit\u00e0. Questa variet\u00e0 \u00e8 resistente a parassiti e funghi, ma \u00e8 sempre consigliabile mantenere un ambiente di coltivazione pulito e controllato, e non \u00e8 una cattiva idea applicare preventivamente prodotti fitosanitari.\u00a0<\/span><\/p>\n<p><span style=\"font-weight: 400\">Sia all'interno che all'esterno, se non siete sicuri di poter trapiantare senza stressare le piante, non fatelo, <\/span><b>piantare i semi nel vaso finale<\/b><span style=\"font-weight: 400\"> e non bagnare l'intero substrato finch\u00e9 le piante non sono alte almeno 15-20 cm.<\/span><\/p>\n<h2><b>Quando viene raccolto l'Auto Somango Glue?<\/b><\/h2>\n<p><span style=\"font-weight: 400\">In ambienti interni, l'Auto Somango Glue ha un ciclo di vita estremamente rapido, da <\/span><b>circa 60 giorni dopo l'emergenza delle piantine<\/b><span style=\"font-weight: 400\">. All'aperto, il periodo migliore per coltivare questi semi va dalla tarda primavera alla fine dell'estate, consentendo di sfruttare appieno il ciclo naturale di luce e temperatura. Una corretta maturazione delle cime \u00e8 fondamentale per garantire un profilo terpenico completo e la massima potenza.<\/span><\/p>\n<h2><b>Quanto producono questi semi?<\/b><\/h2>\n<p><span style=\"font-weight: 400\">In termini di resa, la Auto Somango Glue \u00e8 una variet\u00e0 molto generosa. Al chiuso, i coltivatori possono aspettarsi rese fino a <\/span><b>550 g\/m\u00b2.<\/b><span style=\"font-weight: 400\">Dipende dall'intensit\u00e0 della luce, dalla nutrizione delle piante e dall'abilit\u00e0 generale del coltivatore. All'aperto, in condizioni ottimali, ciascuna pianta pu\u00f2 produrre <\/span><b>pi\u00f9 di 100 g a secco<\/b><span style=\"font-weight: 400\">. Inoltre, la quantit\u00e0 e la qualit\u00e0 della resina rendono la Auto Somango Glue una scelta eccellente per estrazioni e concentrati.<\/span><\/p>\n<h2><b>Com'\u00e8 l'aroma e il sapore dell'Auto Somango Glue?<\/b><\/h2>\n<p><span style=\"font-weight: 400\">Prevalentemente <\/span><b>note tropicali e dolci<\/b><span style=\"font-weight: 400\"> ereditato da Somango, completato da note fresche di pino e terrose di Gorilla Glue #4. A seconda del fenotipo, possono essere presenti anche i seguenti elementi <\/span><b>toni agrumati e diesel<\/b><span style=\"font-weight: 400\">. Questa combinazione di sapori offre un'esperienza ricca e complessa sia nell'inspirazione che nell'espirazione.<\/span><\/p>\n<h2><b>Che tipo di effetto ha questa marijuana?<\/b><\/h2>\n<p><span style=\"font-weight: 400\">Con un contenuto di <\/span><b>THC da 21%,<\/b><span style=\"font-weight: 400\"> Auto Somango Glue offre un <\/span><b>effetto equilibrato e piacevole<\/b><span style=\"font-weight: 400\">. Inizialmente pu\u00f2 essere attiva ed energica, per poi evolvere in un moderato rilassamento con il passare del tempo. Questo effetto equilibrato la rende adatta sia per il tempo libero che per l'uso terapeutico, aiutando ad alleviare lo stress e l'ansia.<\/span><\/p>\n<h2><b>Comprare Auto Somango Glue al miglior prezzo online<\/b><\/h2>\n<p><span style=\"font-weight: 400\">Siete pronti a sperimentare il sapore tropicale e la potenza bilanciata della Auto Somango Glue? Ordinate ora i vostri semi autofiorenti di Auto Somango Glue da Advanced Seeds al miglior prezzo online e iniziate a godere di una delle variet\u00e0 pi\u00f9 complete sul mercato!<\/span><\/p>\n<h2><b>Domande frequenti sull'Auto Somango Glue:<\/b><\/h2>\n<h3><span style=\"font-weight: 400\">L'Auto Somango Glue ha bisogno di cure particolari?<\/span><\/h3>\n<p><span style=\"font-weight: 400\">La Auto Somango Glue \u00e8 una variet\u00e0 abbastanza resistente, ma beneficia di una nutrizione equilibrata e di un'adeguata irrigazione per esprimere tutto il suo potenziale.<\/span><\/p>\n<h3><span style=\"font-weight: 400\">\u00c8 adatto ai principianti?<\/span><\/h3>\n<p><span style=\"font-weight: 400\">S\u00ec, grazie alla sua facilit\u00e0 di coltivazione e alla sua resistenza, \u00e8 una scelta eccellente per chi inizia il mondo dell'autocoltivazione.<\/span><\/p>\n<h3><span style=\"font-weight: 400\">Qual \u00e8 il tipo di luce migliore per la coltivazione indoor?<\/span><\/h3>\n<p><span style=\"font-weight: 400\">La Auto Somango Glue risponde bene alle luci LED a spettro completo, che contribuiscono a massimizzarne la crescita e la fioritura.<\/span><\/p>\n<h3><span style=\"font-weight: 400\">Come gestire l'odore durante la coltivazione di Auto Somango Glue?<\/span><\/h3>\n<p><span style=\"font-weight: 400\">L'uso di filtri a carbone attivo \u00e8 efficace per controllare l'odore intenso che la Auto Somango Glue pu\u00f2 sviluppare durante la fioritura.<\/span><\/p>","protected":false},"excerpt":{"rendered":"<p>Mantiene tutte le caratteristiche della Somango Glue con un tempo di raccolta record. Alto THC. Euforia iniziale e successivo rilassamento. Sapore e aroma di mango.<\/p>\n<p>&nbsp;<\/p>","protected":false},"featured_media":19667,"comment_status":"open","ping_status":"closed","template":"","meta":{"_acf_changed":false},"product_brand":[],"product_cat":[70],"product_tag":[],"class_list":{"0":"post-320","1":"product","2":"type-product","3":"status-publish","4":"has-post-thumbnail","6":"product_cat-automaticas","8":"first","9":"instock","10":"taxable","11":"shipping-taxable","12":"purchasable","13":"product-type-variable"},"acf":[],"yoast_head":"<!-- This site is optimized with the Yoast SEO Premium plugin v26.3 (Yoast SEO v26.6) - https:\/\/yoast.com\/wordpress\/plugins\/seo\/ -->\n<title>Auto Somango Glue - Advanced Seeds<\/title>\n<meta name=\"robots\" content=\"index, follow, max-snippet:-1, max-image-preview:large, max-video-preview:-1\" \/>\n<link rel=\"canonical\" href=\"https:\/\/advancedseeds.com\/it\/tienda\/automaticas\/auto-somango-glue\/\" \/>\n<meta property=\"og:locale\" content=\"it_IT\" \/>\n<meta property=\"og:type\" content=\"article\" \/>\n<meta property=\"og:title\" content=\"Auto Somango Glue\" \/>\n<meta property=\"og:description\" content=\"Conserva todas las caracter\u00edsticas de Somango Glue con un tiempo de cosecha record. Alto THC. Euforia inicial y relajaci\u00f3n posterior. Sabor y aroma a mango.  &nbsp;\" \/>\n<meta property=\"og:url\" content=\"https:\/\/advancedseeds.com\/it\/tienda\/automaticas\/auto-somango-glue\/\" \/>\n<meta property=\"og:site_name\" content=\"Advanced Seeds\" \/>\n<meta property=\"article:modified_time\" content=\"2025-03-22T17:23:27+00:00\" \/>\n<meta property=\"og:image\" content=\"https:\/\/advancedseeds.com\/web\/wp-content\/uploads\/2021\/01\/Auto-Somango-Glue.jpg\" \/>\n\t<meta property=\"og:image:width\" content=\"1195\" \/>\n\t<meta property=\"og:image:height\" content=\"1648\" \/>\n\t<meta property=\"og:image:type\" content=\"image\/jpeg\" \/>\n<meta name=\"twitter:card\" content=\"summary_large_image\" \/>\n<meta name=\"twitter:label1\" content=\"Tempo di lettura stimato\" \/>\n\t<meta name=\"twitter:data1\" content=\"5 minuti\" \/>\n<script type=\"application\/ld+json\" class=\"yoast-schema-graph\">{\"@context\":\"https:\/\/schema.org\",\"@graph\":[{\"@type\":\"WebPage\",\"@id\":\"https:\/\/advancedseeds.com\/tienda\/automaticas\/auto-somango-glue\/\",\"url\":\"https:\/\/advancedseeds.com\/tienda\/automaticas\/auto-somango-glue\/\",\"name\":\"Auto Somango Glue - Advanced Seeds\",\"isPartOf\":{\"@id\":\"https:\/\/advancedseeds.com\/#website\"},\"primaryImageOfPage\":{\"@id\":\"https:\/\/advancedseeds.com\/tienda\/automaticas\/auto-somango-glue\/#primaryimage\"},\"image\":{\"@id\":\"https:\/\/advancedseeds.com\/tienda\/automaticas\/auto-somango-glue\/#primaryimage\"},\"thumbnailUrl\":\"https:\/\/advancedseeds.com\/web\/wp-content\/uploads\/2021\/01\/Auto-Somango-Glue.jpg\",\"datePublished\":\"2021-01-14T17:16:03+00:00\",\"dateModified\":\"2025-03-22T17:23:27+00:00\",\"breadcrumb\":{\"@id\":\"https:\/\/advancedseeds.com\/tienda\/automaticas\/auto-somango-glue\/#breadcrumb\"},\"inLanguage\":\"it-IT\",\"potentialAction\":[{\"@type\":\"ReadAction\",\"target\":[\"https:\/\/advancedseeds.com\/tienda\/automaticas\/auto-somango-glue\/\"]}]},{\"@type\":\"ImageObject\",\"inLanguage\":\"it-IT\",\"@id\":\"https:\/\/advancedseeds.com\/tienda\/automaticas\/auto-somango-glue\/#primaryimage\",\"url\":\"https:\/\/advancedseeds.com\/web\/wp-content\/uploads\/2021\/01\/Auto-Somango-Glue.jpg\",\"contentUrl\":\"https:\/\/advancedseeds.com\/web\/wp-content\/uploads\/2021\/01\/Auto-Somango-Glue.jpg\",\"width\":1195,\"height\":1648},{\"@type\":\"BreadcrumbList\",\"@id\":\"https:\/\/advancedseeds.com\/tienda\/automaticas\/auto-somango-glue\/#breadcrumb\",\"itemListElement\":[{\"@type\":\"ListItem\",\"position\":1,\"name\":\"Home\",\"item\":\"https:\/\/advancedseeds.com\/\"},{\"@type\":\"ListItem\",\"position\":2,\"name\":\"Tienda\",\"item\":\"https:\/\/advancedseeds.com\/\"},{\"@type\":\"ListItem\",\"position\":3,\"name\":\"Auto Somango Glue\"}]},{\"@type\":\"WebSite\",\"@id\":\"https:\/\/advancedseeds.com\/#website\",\"url\":\"https:\/\/advancedseeds.com\/\",\"name\":\"Advanced Seeds\",\"description\":\"Gen\u00e9ticas Avanzadas en semillas feminizadas y autom\u00e1ticas.\",\"publisher\":{\"@id\":\"https:\/\/advancedseeds.com\/#organization\"},\"potentialAction\":[{\"@type\":\"SearchAction\",\"target\":{\"@type\":\"EntryPoint\",\"urlTemplate\":\"https:\/\/advancedseeds.com\/?s={search_term_string}\"},\"query-input\":{\"@type\":\"PropertyValueSpecification\",\"valueRequired\":true,\"valueName\":\"search_term_string\"}}],\"inLanguage\":\"it-IT\"},{\"@type\":\"Organization\",\"@id\":\"https:\/\/advancedseeds.com\/#organization\",\"name\":\"Advanced Seeds\",\"url\":\"https:\/\/advancedseeds.com\/\",\"logo\":{\"@type\":\"ImageObject\",\"inLanguage\":\"it-IT\",\"@id\":\"https:\/\/advancedseeds.com\/#\/schema\/logo\/image\/\",\"url\":\"https:\/\/advancedseeds.com\/web\/wp-content\/uploads\/2021\/01\/logo-advanced.jpg\",\"contentUrl\":\"https:\/\/advancedseeds.com\/web\/wp-content\/uploads\/2021\/01\/logo-advanced.jpg\",\"width\":600,\"height\":600,\"caption\":\"Advanced Seeds\"},\"image\":{\"@id\":\"https:\/\/advancedseeds.com\/#\/schema\/logo\/image\/\"}}]}<\/script>\n<!-- \/ Yoast SEO Premium plugin. -->","yoast_head_json":{"title":"Auto Somango Glue - Advanced Seeds","robots":{"index":"index","follow":"follow","max-snippet":"max-snippet:-1","max-image-preview":"max-image-preview:large","max-video-preview":"max-video-preview:-1"},"canonical":"https:\/\/advancedseeds.com\/it\/tienda\/automaticas\/auto-somango-glue\/","og_locale":"it_IT","og_type":"article","og_title":"Auto Somango Glue","og_description":"Conserva todas las caracter\u00edsticas de Somango Glue con un tiempo de cosecha record. Alto THC. Euforia inicial y relajaci\u00f3n posterior. Sabor y aroma a mango.  &nbsp;","og_url":"https:\/\/advancedseeds.com\/it\/tienda\/automaticas\/auto-somango-glue\/","og_site_name":"Advanced Seeds","article_modified_time":"2025-03-22T17:23:27+00:00","og_image":[{"width":1195,"height":1648,"url":"https:\/\/advancedseeds.com\/web\/wp-content\/uploads\/2021\/01\/Auto-Somango-Glue.jpg","type":"image\/jpeg"}],"twitter_card":"summary_large_image","twitter_misc":{"Tempo di lettura stimato":"5 minuti"},"schema":{"@context":"https:\/\/schema.org","@graph":[{"@type":"WebPage","@id":"https:\/\/advancedseeds.com\/tienda\/automaticas\/auto-somango-glue\/","url":"https:\/\/advancedseeds.com\/tienda\/automaticas\/auto-somango-glue\/","name":"Auto Somango Glue - Advanced Seeds","isPartOf":{"@id":"https:\/\/advancedseeds.com\/#website"},"primaryImageOfPage":{"@id":"https:\/\/advancedseeds.com\/tienda\/automaticas\/auto-somango-glue\/#primaryimage"},"image":{"@id":"https:\/\/advancedseeds.com\/tienda\/automaticas\/auto-somango-glue\/#primaryimage"},"thumbnailUrl":"https:\/\/advancedseeds.com\/web\/wp-content\/uploads\/2021\/01\/Auto-Somango-Glue.jpg","datePublished":"2021-01-14T17:16:03+00:00","dateModified":"2025-03-22T17:23:27+00:00","breadcrumb":{"@id":"https:\/\/advancedseeds.com\/tienda\/automaticas\/auto-somango-glue\/#breadcrumb"},"inLanguage":"it-IT","potentialAction":[{"@type":"ReadAction","target":["https:\/\/advancedseeds.com\/tienda\/automaticas\/auto-somango-glue\/"]}]},{"@type":"ImageObject","inLanguage":"it-IT","@id":"https:\/\/advancedseeds.com\/tienda\/automaticas\/auto-somango-glue\/#primaryimage","url":"https:\/\/advancedseeds.com\/web\/wp-content\/uploads\/2021\/01\/Auto-Somango-Glue.jpg","contentUrl":"https:\/\/advancedseeds.com\/web\/wp-content\/uploads\/2021\/01\/Auto-Somango-Glue.jpg","width":1195,"height":1648},{"@type":"BreadcrumbList","@id":"https:\/\/advancedseeds.com\/tienda\/automaticas\/auto-somango-glue\/#breadcrumb","itemListElement":[{"@type":"ListItem","position":1,"name":"Home","item":"https:\/\/advancedseeds.com\/"},{"@type":"ListItem","position":2,"name":"Tienda","item":"https:\/\/advancedseeds.com\/"},{"@type":"ListItem","position":3,"name":"Auto Somango Glue"}]},{"@type":"WebSite","@id":"https:\/\/advancedseeds.com\/#website","url":"https:\/\/advancedseeds.com\/","name":"Semi avanzati","description":"Genetica avanzata in semi femminizzati e automatici.","publisher":{"@id":"https:\/\/advancedseeds.com\/#organization"},"potentialAction":[{"@type":"SearchAction","target":{"@type":"EntryPoint","urlTemplate":"https:\/\/advancedseeds.com\/?s={search_term_string}"},"query-input":{"@type":"PropertyValueSpecification","valueRequired":true,"valueName":"search_term_string"}}],"inLanguage":"it-IT"},{"@type":"Organization","@id":"https:\/\/advancedseeds.com\/#organization","name":"Semi avanzati","url":"https:\/\/advancedseeds.com\/","logo":{"@type":"ImageObject","inLanguage":"it-IT","@id":"https:\/\/advancedseeds.com\/#\/schema\/logo\/image\/","url":"https:\/\/advancedseeds.com\/web\/wp-content\/uploads\/2021\/01\/logo-advanced.jpg","contentUrl":"https:\/\/advancedseeds.com\/web\/wp-content\/uploads\/2021\/01\/logo-advanced.jpg","width":600,"height":600,"caption":"Advanced Seeds"},"image":{"@id":"https:\/\/advancedseeds.com\/#\/schema\/logo\/image\/"}}]}},"_links":{"self":[{"href":"https:\/\/advancedseeds.com\/it\/wp-json\/wp\/v2\/product\/320","targetHints":{"allow":["GET"]}}],"collection":[{"href":"https:\/\/advancedseeds.com\/it\/wp-json\/wp\/v2\/product"}],"about":[{"href":"https:\/\/advancedseeds.com\/it\/wp-json\/wp\/v2\/types\/product"}],"replies":[{"embeddable":true,"href":"https:\/\/advancedseeds.com\/it\/wp-json\/wp\/v2\/comments?post=320"}],"wp:featuredmedia":[{"embeddable":true,"href":"https:\/\/advancedseeds.com\/it\/wp-json\/wp\/v2\/media\/19667"}],"wp:attachment":[{"href":"https:\/\/advancedseeds.com\/it\/wp-json\/wp\/v2\/media?parent=320"}],"wp:term":[{"taxonomy":"product_brand","embeddable":true,"href":"https:\/\/advancedseeds.com\/it\/wp-json\/wp\/v2\/product_brand?post=320"},{"taxonomy":"product_cat","embeddable":true,"href":"https:\/\/advancedseeds.com\/it\/wp-json\/wp\/v2\/product_cat?post=320"},{"taxonomy":"product_tag","embeddable":true,"href":"https:\/\/advancedseeds.com\/it\/wp-json\/wp\/v2\/product_tag?post=320"}],"curies":[{"name":"wp","href":"https:\/\/api.w.org\/{rel}","templated":true}]}}