{"id":321,"date":"2021-01-14T17:16:06","date_gmt":"2021-01-14T17:16:06","guid":{"rendered":"https:\/\/advancedseeds.com\/web\/producto\/auto-strawberry-gum\/"},"modified":"2025-03-08T16:00:37","modified_gmt":"2025-03-08T15:00:37","slug":"auto-strawberry-gum","status":"publish","type":"product","link":"https:\/\/advancedseeds.com\/it\/tienda\/automaticas\/auto-strawberry-gum\/","title":{"rendered":"Gomma auto alla fragola"},"content":{"rendered":"<p><span style=\"font-weight: 400\">Avete bisogno di qualcosa di potente per addolcire la vostra vita? Allora il<\/span> <a href=\"https:\/\/advancedseeds.com\/web\/categoria-producto\/automaticas\/\"><b>semi autofiorenti<\/b><\/a><b> Gomma auto alla fragola <\/b><span style=\"font-weight: 400\">di Advanced Seeds sono una scommessa sicura per gli amanti della cannabis dai gusti dolci. Questa variet\u00e0 \u00e8 rinomata per il suo sapore unico e gli effetti equilibrati, che la rendono una scelta eccellente sia per i coltivatori principianti che per quelli esperti, in quanto non \u00e8 difficile da coltivare e i principianti ottengono un ottimo raccolto, mentre la qualit\u00e0 \u00e8 cos\u00ec alta che non ha nulla da invidiare alle normali variet\u00e0 da fiore, cosa che \u00e8 molto apprezzata dai coltivatori e dai consumatori esperti.<\/span><\/p>\n<h2><b>Qual \u00e8 la genetica di questi semi?<\/b><\/h2>\n<p><span style=\"font-weight: 400\">Auto Strawberry Gum \u00e8 il <\/span><b>frutto della fusione tra <\/b><a href=\"https:\/\/advancedseeds.com\/web\/producto\/strawberry-gum\/\"><b>Gomma alla fragola<\/b><\/a><b> e genetica di fioritura automatica<\/b><span style=\"font-weight: 400\"> che non modifica quasi per nulla i geni della variet\u00e0 originale, ma serve a incorporare i geni responsabili dell'autofiorenza. Questa combinazione ha dato vita a una <\/span><b>variet\u00e0 a dominanza sativa<\/b><span style=\"font-weight: 400\">Eredita le migliori qualit\u00e0 dei suoi antenati. Dalla Strawberry deriva il suo sapore fruttato e dolce, mentre la Auto Bubble Gum apporta un'eccezionale robustezza e facilit\u00e0 di coltivazione. Questo mix genetico si traduce in una pianta vigorosa, con un profilo organolettico eccezionale e un effetto cerebrale e rilassante allo stesso tempo.<\/span><\/p>\n<h2><b>Che aspetto ha Auto Strawberry Gum?<\/b><\/h2>\n<p><span style=\"font-weight: 400\">La Auto Strawberry Gum \u00e8 una di quelle piante ipnotiche da cui non si riesce a staccare gli occhi. Si distingue per la sua <\/span><b>grande vigore e ramificazione<\/b><span style=\"font-weight: 400\">Le foglie mostrano foglioline di medie dimensioni, leggermente pi\u00f9 spesse rispetto alla versione normale. Le sue foglie mostrano foglioline di medie dimensioni, un po' pi\u00f9 spesse di quelle della versione normale e le sue cime sono spettacolari, lunghe, spesse e piene di resina. Alla fine della fioritura, queste cime possono acquisire <\/span><b>toni rossastri<\/b><span style=\"font-weight: 400\">Ci\u00f2 conferisce loro un aspetto visivamente attraente e appetitoso. Inoltre, la distanza tra i nodi \u00e8 ottimale per una crescita omogenea e una buona ventilazione, che \u00e8 fondamentale per la salute della pianta, per un'elevata resa e anche come difesa contro l'attacco di patogeni.<\/span><\/p>\n<h2><b>Come si coltivano questi semi all'interno e all'esterno?<\/b><\/h2>\n<p><span style=\"font-weight: 400\">La Auto Strawberry Gum \u00e8 cos\u00ec resistente e facile da coltivare che, con cure minime, restituir\u00e0 un raccolto abbondante. Le chiavi sono <\/span><b>quantit\u00e0 e qualit\u00e0 della luce e del substrato<\/b><span style=\"font-weight: 400\">Le dimensioni e la resa delle piante sono direttamente proporzionali a questi fattori.<\/span><\/p>\n<h3><span style=\"font-weight: 400\">Coltivazione indoor: <\/span><\/h3>\n<p><span style=\"font-weight: 400\">Un ciclo di luce di <\/span><b>18\/6 o 20\/4 <\/b><span style=\"font-weight: 400\">per massimizzarne la crescita e la produzione, come ho detto prima, ma non sono nemmeno male se coltivate normalmente, cio\u00e8 con 18 ore di luce al giorno durante la fase vegetativa e 12\/12 durante la fioritura.\u00a0<\/span><\/p>\n<h3><span style=\"font-weight: 400\">Coltivazione all'aperto:<\/span><\/h3>\n<p><span style=\"font-weight: 400\">La Auto Strawberry Gum raggiunge il suo massimo potenziale in climi caldi e soleggiati, ma si adatta anche a condizioni meno ideali, a patto che le temperature non scendano ovviamente sotto i 10 o 12 gradi Celsius. \u00c8 resistente alle variazioni climatiche e ai parassiti, il che la rende una scelta sicura e produttiva per tutti i tipi di utenti e ambienti.<\/span><\/p>\n<h2><b>Quando viene raccolto l'Auto Strawberry Gum?<\/b><\/h2>\n<p><span style=\"font-weight: 400\">Al chiuso, la Auto Strawberry Gum \u00e8 pronta per la raccolta dopo <\/span><b>65-70 giorni dalla germinazione<\/b><span style=\"font-weight: 400\">. All'aperto richiede circa lo stesso tempo, forse un po' di pi\u00f9, e il periodo migliore per coltivarla \u00e8 tra la met\u00e0 della primavera e l'inizio dell'autunno, sia nell'emisfero settentrionale che in quello meridionale.<\/span><\/p>\n<h2><b>Quanto producono questi semi?<\/b><\/h2>\n<p><span style=\"font-weight: 400\">Anche se ci\u00f2 pu\u00f2 dipendere da molti fattori, si pu\u00f2 affermare che la Auto Strawberry Gum \u00e8 una variet\u00e0 ad alto rendimento sotto ogni aspetto. Nella coltivazione indoor, i coltivatori possono aspettarsi <\/span><b>circa 500 g\/m\u00b2.<\/b><span style=\"font-weight: 400\">. All'aperto, ogni pianta pu\u00f2 raggiungere rese impressionanti, soprattutto in condizioni ottimali di luce e nutrimento, e pu\u00f2 addirittura superare i 150 grammi.<\/span><\/p>\n<h2><b>Com'\u00e8 l'aroma e il sapore dell'Auto Strawberry Gum?<\/b><\/h2>\n<p><span style=\"font-weight: 400\">Dal nostro punto di vista, questa \u00e8 la caratteristica pi\u00f9 rappresentativa e notevole di questi semi. L'aroma e il sapore della Auto Strawberry Gum sono eccezionali, offrendo un'eccezionale <\/span><b>dolce e fruttato, ricorda una gomma da masticare alla fragola<\/b><span style=\"font-weight: 400\">Le note fruttate si intensificano quando si fuma o si svapa, offrendo un'esperienza di gusto ricca e piacevole. Quando si fuma o si vaporizza, le note fruttate si intensificano, offrendo un'esperienza di gusto ricca e piacevole.<\/span><\/p>\n<h2><b>Che tipo di effetto ha questa marijuana?<\/b><\/h2>\n<p><span style=\"font-weight: 400\">Con un contenuto di THC di circa <\/span><b>18%,<\/b><span style=\"font-weight: 400\"> Auto Strawberry Gum offre un effetto equilibrato e piacevole. \u00c8 ideale per rilassarsi in quei giorni in cui ne avete abbastanza di tutto, fornendo un effetto calmante e piacevole sia a livello fisico che mentale, anche se va detto che all'inizio \u00e8 stimolante. La sua genetica leggermente pi\u00f9 sativa la rende adatta a diversi momenti della giornata, <\/span><b>che offre sia relax che un leggero stimolo creativo<\/b><span style=\"font-weight: 400\">ed \u00e8 perfetto per rilassarsi la sera.<\/span><\/p>\n<h2><b>Comprare Auto Strawberry Gum al miglior prezzo online<\/b><\/h2>\n<p><span style=\"font-weight: 400\">Se stavate cercando una variet\u00e0 autofiorente dai sapori indimenticabili e facile da coltivare, siete fortunati, perch\u00e9 i semi autofiorenti Auto Strawberry Gum di Advanced Seeds sono la scelta migliore. Ordinate i vostri semi oggi stesso e iniziate a godere di una delle variet\u00e0 pi\u00f9 gustose e produttive del mercato.<\/span><\/p>\n<h2><b>Domande frequenti su Strawberry Banana<\/b><\/h2>\n<h3><span style=\"font-weight: 400\">L'Auto Strawberry Gum \u00e8 adatto ai principianti?<\/span><\/h3>\n<p><span style=\"font-weight: 400\">S\u00ec, la sua facilit\u00e0 di coltivazione e la sua resistenza la rendono ideale sia per i principianti che per i coltivatori esperti.<\/span><\/p>\n<h3><span style=\"font-weight: 400\">Come massimizzare la produzione di resina nell'Auto Strawberry Gum?<\/span><\/h3>\n<p><span style=\"font-weight: 400\">Il mantenimento di un ambiente controllato con umidit\u00e0 e temperatura adeguate e la fornitura di un'alimentazione equilibrata sono fondamentali per massimizzare la produzione di resina.<\/span><\/p>\n<h3><span style=\"font-weight: 400\">Qual \u00e8 il modo migliore per essiccare e curare i bud Auto Strawberry Gum?<\/span><\/h3>\n<p><span style=\"font-weight: 400\">L'essiccazione lenta e la corretta stagionatura in ambiente controllato ne esaltano il profilo aromatico e gustativo. Si consiglia un periodo di stagionatura di almeno due mesi.<\/span><\/p>\n<h3><span style=\"font-weight: 400\">Come massimizzare la produzione di resina nell'Auto Strawberry Gum?<\/span><\/h3>\n<p><span style=\"font-weight: 400\">La coltivazione indoor con LED a spettro completo \u00e8 uno dei modi migliori. Mantenere un ambiente controllato con umidit\u00e0 e temperatura adeguate e fornire un'alimentazione bilanciata con carboidrati o zuccheri extra \u00e8 fondamentale per massimizzare la produzione di resina.<\/span><\/p>\n<h3><span style=\"font-weight: 400\">In che modo il pH dell'acqua influisce sulle colture?<\/span><\/h3>\n<p><span style=\"font-weight: 400\">Il mantenimento di un pH adeguato \u00e8 fondamentale per un assorbimento ottimale dei nutrienti. Un pH compreso tra 6,0 e 6,5 \u00e8 ideale per Auto Strawberry Gum.<\/span><\/p>\n<p>&nbsp;<\/p>","protected":false},"excerpt":{"rendered":"<p>Versione automatica della nostra gomma alla fragola.<br \/>\nConserva tutto il sapore di fragola che inonder\u00e0 il tuo palato, oltre alla sua grande produzione di cime e resina. Con questa pianta otterrai un effetto cerebrale ed euforico cos\u00ec piacevole che te ne innamorerai. In breve, \u00e8 una pianta vigorosa e facile da coltivare con un alto contenuto di terpeni.<\/p>","protected":false},"featured_media":19669,"comment_status":"open","ping_status":"closed","template":"","meta":{"_acf_changed":false},"product_brand":[],"product_cat":[70],"product_tag":[],"class_list":{"0":"post-321","1":"product","2":"type-product","3":"status-publish","4":"has-post-thumbnail","6":"product_cat-automaticas","8":"first","9":"instock","10":"taxable","11":"shipping-taxable","12":"purchasable","13":"product-type-variable"},"acf":[],"yoast_head":"<!-- This site is optimized with the Yoast SEO Premium plugin v26.3 (Yoast SEO v26.6) - https:\/\/yoast.com\/wordpress\/plugins\/seo\/ -->\n<title>Auto Strawberry Gum - Advanced Seeds<\/title>\n<meta name=\"robots\" content=\"index, follow, max-snippet:-1, max-image-preview:large, max-video-preview:-1\" \/>\n<link rel=\"canonical\" href=\"https:\/\/advancedseeds.com\/it\/tienda\/automaticas\/auto-strawberry-gum\/\" \/>\n<meta property=\"og:locale\" content=\"it_IT\" \/>\n<meta property=\"og:type\" content=\"article\" \/>\n<meta property=\"og:title\" content=\"Auto Strawberry Gum\" \/>\n<meta property=\"og:description\" content=\"Versi\u00f3n auto de nuestra Strawberry Gum. Conserva todo el sabor a fresa que inundar\u00e1 tu paladar as\u00ed como su gran producci\u00f3n de cogollos y resina. Con ella vas a alcanzar un efecto cerebral y euf\u00f3rico tan agradable que te encantar\u00e1. En resumen, es una planta vigorosa y de f\u00e1cil cultivo con un alto contenido en terpenos.\" \/>\n<meta property=\"og:url\" content=\"https:\/\/advancedseeds.com\/it\/tienda\/automaticas\/auto-strawberry-gum\/\" \/>\n<meta property=\"og:site_name\" content=\"Advanced Seeds\" \/>\n<meta property=\"article:modified_time\" content=\"2025-03-08T15:00:37+00:00\" \/>\n<meta property=\"og:image\" content=\"https:\/\/advancedseeds.com\/web\/wp-content\/uploads\/2021\/01\/Auto-Strawberry-Gum-scaled.jpg\" \/>\n\t<meta property=\"og:image:width\" content=\"1928\" \/>\n\t<meta property=\"og:image:height\" content=\"2560\" \/>\n\t<meta property=\"og:image:type\" content=\"image\/jpeg\" \/>\n<meta name=\"twitter:card\" content=\"summary_large_image\" \/>\n<meta name=\"twitter:label1\" content=\"Tempo di lettura stimato\" \/>\n\t<meta name=\"twitter:data1\" content=\"6 minuti\" \/>\n<script type=\"application\/ld+json\" class=\"yoast-schema-graph\">{\"@context\":\"https:\/\/schema.org\",\"@graph\":[{\"@type\":\"WebPage\",\"@id\":\"https:\/\/advancedseeds.com\/tienda\/automaticas\/auto-strawberry-gum\/\",\"url\":\"https:\/\/advancedseeds.com\/tienda\/automaticas\/auto-strawberry-gum\/\",\"name\":\"Auto Strawberry Gum - Advanced Seeds\",\"isPartOf\":{\"@id\":\"https:\/\/advancedseeds.com\/#website\"},\"primaryImageOfPage\":{\"@id\":\"https:\/\/advancedseeds.com\/tienda\/automaticas\/auto-strawberry-gum\/#primaryimage\"},\"image\":{\"@id\":\"https:\/\/advancedseeds.com\/tienda\/automaticas\/auto-strawberry-gum\/#primaryimage\"},\"thumbnailUrl\":\"https:\/\/advancedseeds.com\/web\/wp-content\/uploads\/2021\/01\/Auto-Strawberry-Gum-scaled.jpg\",\"datePublished\":\"2021-01-14T17:16:06+00:00\",\"dateModified\":\"2025-03-08T15:00:37+00:00\",\"breadcrumb\":{\"@id\":\"https:\/\/advancedseeds.com\/tienda\/automaticas\/auto-strawberry-gum\/#breadcrumb\"},\"inLanguage\":\"it-IT\",\"potentialAction\":[{\"@type\":\"ReadAction\",\"target\":[\"https:\/\/advancedseeds.com\/tienda\/automaticas\/auto-strawberry-gum\/\"]}]},{\"@type\":\"ImageObject\",\"inLanguage\":\"it-IT\",\"@id\":\"https:\/\/advancedseeds.com\/tienda\/automaticas\/auto-strawberry-gum\/#primaryimage\",\"url\":\"https:\/\/advancedseeds.com\/web\/wp-content\/uploads\/2021\/01\/Auto-Strawberry-Gum-scaled.jpg\",\"contentUrl\":\"https:\/\/advancedseeds.com\/web\/wp-content\/uploads\/2021\/01\/Auto-Strawberry-Gum-scaled.jpg\",\"width\":1928,\"height\":2560},{\"@type\":\"BreadcrumbList\",\"@id\":\"https:\/\/advancedseeds.com\/tienda\/automaticas\/auto-strawberry-gum\/#breadcrumb\",\"itemListElement\":[{\"@type\":\"ListItem\",\"position\":1,\"name\":\"Home\",\"item\":\"https:\/\/advancedseeds.com\/\"},{\"@type\":\"ListItem\",\"position\":2,\"name\":\"Tienda\",\"item\":\"https:\/\/advancedseeds.com\/\"},{\"@type\":\"ListItem\",\"position\":3,\"name\":\"Auto Strawberry Gum\"}]},{\"@type\":\"WebSite\",\"@id\":\"https:\/\/advancedseeds.com\/#website\",\"url\":\"https:\/\/advancedseeds.com\/\",\"name\":\"Advanced Seeds\",\"description\":\"Gen\u00e9ticas Avanzadas en semillas feminizadas y autom\u00e1ticas.\",\"publisher\":{\"@id\":\"https:\/\/advancedseeds.com\/#organization\"},\"potentialAction\":[{\"@type\":\"SearchAction\",\"target\":{\"@type\":\"EntryPoint\",\"urlTemplate\":\"https:\/\/advancedseeds.com\/?s={search_term_string}\"},\"query-input\":{\"@type\":\"PropertyValueSpecification\",\"valueRequired\":true,\"valueName\":\"search_term_string\"}}],\"inLanguage\":\"it-IT\"},{\"@type\":\"Organization\",\"@id\":\"https:\/\/advancedseeds.com\/#organization\",\"name\":\"Advanced Seeds\",\"url\":\"https:\/\/advancedseeds.com\/\",\"logo\":{\"@type\":\"ImageObject\",\"inLanguage\":\"it-IT\",\"@id\":\"https:\/\/advancedseeds.com\/#\/schema\/logo\/image\/\",\"url\":\"https:\/\/advancedseeds.com\/web\/wp-content\/uploads\/2021\/01\/logo-advanced.jpg\",\"contentUrl\":\"https:\/\/advancedseeds.com\/web\/wp-content\/uploads\/2021\/01\/logo-advanced.jpg\",\"width\":600,\"height\":600,\"caption\":\"Advanced Seeds\"},\"image\":{\"@id\":\"https:\/\/advancedseeds.com\/#\/schema\/logo\/image\/\"}}]}<\/script>\n<!-- \/ Yoast SEO Premium plugin. -->","yoast_head_json":{"title":"Auto Strawberry Gum - Advanced Seeds","robots":{"index":"index","follow":"follow","max-snippet":"max-snippet:-1","max-image-preview":"max-image-preview:large","max-video-preview":"max-video-preview:-1"},"canonical":"https:\/\/advancedseeds.com\/it\/tienda\/automaticas\/auto-strawberry-gum\/","og_locale":"it_IT","og_type":"article","og_title":"Auto Strawberry Gum","og_description":"Versi\u00f3n auto de nuestra Strawberry Gum. Conserva todo el sabor a fresa que inundar\u00e1 tu paladar as\u00ed como su gran producci\u00f3n de cogollos y resina. Con ella vas a alcanzar un efecto cerebral y euf\u00f3rico tan agradable que te encantar\u00e1. En resumen, es una planta vigorosa y de f\u00e1cil cultivo con un alto contenido en terpenos.","og_url":"https:\/\/advancedseeds.com\/it\/tienda\/automaticas\/auto-strawberry-gum\/","og_site_name":"Advanced Seeds","article_modified_time":"2025-03-08T15:00:37+00:00","og_image":[{"width":1928,"height":2560,"url":"https:\/\/advancedseeds.com\/web\/wp-content\/uploads\/2021\/01\/Auto-Strawberry-Gum-scaled.jpg","type":"image\/jpeg"}],"twitter_card":"summary_large_image","twitter_misc":{"Tempo di lettura stimato":"6 minuti"},"schema":{"@context":"https:\/\/schema.org","@graph":[{"@type":"WebPage","@id":"https:\/\/advancedseeds.com\/tienda\/automaticas\/auto-strawberry-gum\/","url":"https:\/\/advancedseeds.com\/tienda\/automaticas\/auto-strawberry-gum\/","name":"Auto Strawberry Gum - Advanced Seeds","isPartOf":{"@id":"https:\/\/advancedseeds.com\/#website"},"primaryImageOfPage":{"@id":"https:\/\/advancedseeds.com\/tienda\/automaticas\/auto-strawberry-gum\/#primaryimage"},"image":{"@id":"https:\/\/advancedseeds.com\/tienda\/automaticas\/auto-strawberry-gum\/#primaryimage"},"thumbnailUrl":"https:\/\/advancedseeds.com\/web\/wp-content\/uploads\/2021\/01\/Auto-Strawberry-Gum-scaled.jpg","datePublished":"2021-01-14T17:16:06+00:00","dateModified":"2025-03-08T15:00:37+00:00","breadcrumb":{"@id":"https:\/\/advancedseeds.com\/tienda\/automaticas\/auto-strawberry-gum\/#breadcrumb"},"inLanguage":"it-IT","potentialAction":[{"@type":"ReadAction","target":["https:\/\/advancedseeds.com\/tienda\/automaticas\/auto-strawberry-gum\/"]}]},{"@type":"ImageObject","inLanguage":"it-IT","@id":"https:\/\/advancedseeds.com\/tienda\/automaticas\/auto-strawberry-gum\/#primaryimage","url":"https:\/\/advancedseeds.com\/web\/wp-content\/uploads\/2021\/01\/Auto-Strawberry-Gum-scaled.jpg","contentUrl":"https:\/\/advancedseeds.com\/web\/wp-content\/uploads\/2021\/01\/Auto-Strawberry-Gum-scaled.jpg","width":1928,"height":2560},{"@type":"BreadcrumbList","@id":"https:\/\/advancedseeds.com\/tienda\/automaticas\/auto-strawberry-gum\/#breadcrumb","itemListElement":[{"@type":"ListItem","position":1,"name":"Home","item":"https:\/\/advancedseeds.com\/"},{"@type":"ListItem","position":2,"name":"Tienda","item":"https:\/\/advancedseeds.com\/"},{"@type":"ListItem","position":3,"name":"Auto Strawberry Gum"}]},{"@type":"WebSite","@id":"https:\/\/advancedseeds.com\/#website","url":"https:\/\/advancedseeds.com\/","name":"Semi avanzati","description":"Genetica avanzata in semi femminizzati e automatici.","publisher":{"@id":"https:\/\/advancedseeds.com\/#organization"},"potentialAction":[{"@type":"SearchAction","target":{"@type":"EntryPoint","urlTemplate":"https:\/\/advancedseeds.com\/?s={search_term_string}"},"query-input":{"@type":"PropertyValueSpecification","valueRequired":true,"valueName":"search_term_string"}}],"inLanguage":"it-IT"},{"@type":"Organization","@id":"https:\/\/advancedseeds.com\/#organization","name":"Semi avanzati","url":"https:\/\/advancedseeds.com\/","logo":{"@type":"ImageObject","inLanguage":"it-IT","@id":"https:\/\/advancedseeds.com\/#\/schema\/logo\/image\/","url":"https:\/\/advancedseeds.com\/web\/wp-content\/uploads\/2021\/01\/logo-advanced.jpg","contentUrl":"https:\/\/advancedseeds.com\/web\/wp-content\/uploads\/2021\/01\/logo-advanced.jpg","width":600,"height":600,"caption":"Advanced Seeds"},"image":{"@id":"https:\/\/advancedseeds.com\/#\/schema\/logo\/image\/"}}]}},"_links":{"self":[{"href":"https:\/\/advancedseeds.com\/it\/wp-json\/wp\/v2\/product\/321","targetHints":{"allow":["GET"]}}],"collection":[{"href":"https:\/\/advancedseeds.com\/it\/wp-json\/wp\/v2\/product"}],"about":[{"href":"https:\/\/advancedseeds.com\/it\/wp-json\/wp\/v2\/types\/product"}],"replies":[{"embeddable":true,"href":"https:\/\/advancedseeds.com\/it\/wp-json\/wp\/v2\/comments?post=321"}],"wp:featuredmedia":[{"embeddable":true,"href":"https:\/\/advancedseeds.com\/it\/wp-json\/wp\/v2\/media\/19669"}],"wp:attachment":[{"href":"https:\/\/advancedseeds.com\/it\/wp-json\/wp\/v2\/media?parent=321"}],"wp:term":[{"taxonomy":"product_brand","embeddable":true,"href":"https:\/\/advancedseeds.com\/it\/wp-json\/wp\/v2\/product_brand?post=321"},{"taxonomy":"product_cat","embeddable":true,"href":"https:\/\/advancedseeds.com\/it\/wp-json\/wp\/v2\/product_cat?post=321"},{"taxonomy":"product_tag","embeddable":true,"href":"https:\/\/advancedseeds.com\/it\/wp-json\/wp\/v2\/product_tag?post=321"}],"curies":[{"name":"wp","href":"https:\/\/api.w.org\/{rel}","templated":true}]}}