{"id":327,"date":"2021-01-14T17:16:24","date_gmt":"2021-01-14T17:16:24","guid":{"rendered":"https:\/\/advancedseeds.com\/web\/producto\/critical\/"},"modified":"2025-03-22T18:28:44","modified_gmt":"2025-03-22T17:28:44","slug":"critical","status":"publish","type":"product","link":"https:\/\/advancedseeds.com\/it\/tienda\/feminizadas\/critical\/","title":{"rendered":"Critico"},"content":{"rendered":"<p><b>Critical sono <\/b><a href=\"https:\/\/advancedseeds.com\/web\/categoria-producto\/feminizadas\/\"><b>Semi femminizzati<\/b><\/a><b> di marijuana<\/b><span style=\"font-weight: 400\"> di Advanced Seeds che si distinguono per la loro adattabilit\u00e0 e la generosa produzione. Questa variet\u00e0 \u00e8 straordinariamente famosa in Spagna e si \u00e8 fatta conoscere per la sua facilit\u00e0 di coltivazione e per le sue cime abbondanti e di alta qualit\u00e0, sia indoor che outdoor.<\/span><\/p>\n<h2><span style=\"font-weight: 400\">Qual \u00e8 la genetica di questi semi?<\/span><\/h2>\n<p><span style=\"font-weight: 400\">La Critical di Advanced Seeds proviene da un lignaggio impressionante, che fonde il meglio di indica e sativa. Questa variet\u00e0 a predominanza indica eredita la robustezza e i raccolti abbondanti dei suoi antenati. I genitori della Critical apportano caratteristiche uniche: da un lato la Big Bud \u00e8 in grado di produrre cime enormi e resinose, mentre la Skunk#1 contribuisce con la sua resilienza e facilit\u00e0 di coltivazione. Questa combinazione genetica si traduce in una pianta non solo facile da coltivare, ma anche capace di produrre un'abbondante quantit\u00e0 di cime nel minor tempo possibile.<\/span><\/p>\n<h2><span style=\"font-weight: 400\">Che aspetto ha Advanced Seeds Critical?<\/span><\/h2>\n<p><span style=\"font-weight: 400\">L'aspetto della Critical \u00e8 davvero sorprendente. La pianta cresce con una struttura sgraziata, con un'ampia distanza tra i nodi e molte cime forti come quelle che creano le indica, ma con un vigore che ricorda le sativa. I suoi steli sono sottili e pieghevoli, ma non sono in grado di sostenere il peso delle cime dense e rocciose. Le foglie della Critical sono di un verde chiaro e brillante, con una consistenza che denota la sua alta qualit\u00e0 genetica. Le cime sono il fiore all'occhiello: grandi, compatte, con molti pistilli e ricoperte da un generoso strato di resina lucida. Con la maturazione della pianta, le cime possono mostrare sfumature viola o bluastre, soprattutto a temperature pi\u00f9 basse.<\/span><\/p>\n<h2><span style=\"font-weight: 400\">Come si coltivano questi semi all'interno e all'esterno?<\/span><\/h2>\n<h3><span style=\"font-weight: 400\">Coltivazione indoor:<\/span><\/h3>\n<p><span style=\"font-weight: 400\">La Critical si adatta magnificamente a diversi metodi di coltivazione. Risponde in modo eccezionale alla tecnica di potatura apicale, consentendo ai coltivatori di massimizzare lo spazio e la luce. La sua risposta ai metodi di supercropping e SCROG \u00e8 impressionante, distribuendo l'energia in modo uniforme per una crescita equilibrata e una produzione massima. Questa variet\u00e0 \u00e8 ideale per chi vuole massimizzare le rese in spazi ridotti. Con una buona gestione della nutrizione e un ciclo di luce adeguato, la Critical pu\u00f2 produrre raccolti abbondanti di cime resinose e potenti. La cimatura \u00e8 obbligatoria per rinforzare i rami, altrimenti potrebbe arrivare il momento in cui le piante smetteranno di produrre pi\u00f9 peso perch\u00e9 non riescono pi\u00f9 a sostenerlo.<\/span><\/p>\n<h3><span style=\"font-weight: 400\">Coltivazione all'aperto:<\/span><\/h3>\n<p><span style=\"font-weight: 400\">La Critical si diffonde con una libert\u00e0 che poche altre variet\u00e0 possono eguagliare. Grazie alla sua genetica ibrida, sviluppa un forte apparato radicale, che le permette di assorbire le sostanze nutritive in modo efficiente e di resistere alle variazioni climatiche meglio di altre variet\u00e0. \u00c8 importante fornire spazio sufficiente alle sue radici per espandersi e sfruttare al meglio la luce solare diretta. In condizioni ottimali, la Critical pu\u00f2 raggiungere altezze considerevoli, producendo rese che possono superare i 1000 grammi per pianta. La semina in terra diretta o in vasi di grandi dimensioni \u00e8 ideale per sfruttare il loro potenziale di crescita e di resa. Sono particolarmente adatte a sistemi di allevamento a traliccio come quelli comunemente utilizzati per la coltivazione dei pomodori, in quanto consentono di sostenere perfettamente i loro molteplici rami.<\/span><\/p>\n<h2><span style=\"font-weight: 400\">Quando viene raccolto il seme femminizzato Critical di Advanced Seeds?<\/span><\/h2>\n<p><span style=\"font-weight: 400\">Il ciclo di fioritura della Critical \u00e8 piuttosto breve, il che la rende ideale per i coltivatori che cercano una rapida rotazione delle colture. Al chiuso, il periodo di fioritura \u00e8 compreso tra 45 e 55 giorni. All'aperto, il raccolto avviene solitamente a fine settembre o inizio ottobre nell'emisfero settentrionale e a fine marzo o inizio aprile nell'emisfero meridionale. Un'attenta osservazione dei tricomi \u00e8 fondamentale per determinare il momento ottimale del raccolto. Un taglio prematuro produrr\u00e0 un effetto pi\u00f9 cerebrale, mentre un raccolto tardivo intensificher\u00e0 il suo effetto rilassante e sedativo.<\/span><\/p>\n<h2><span style=\"font-weight: 400\">Quanto producono questi semi?<\/span><\/h2>\n<p><span style=\"font-weight: 400\">La resa della Critical \u00e8 semplicemente spettacolare, una delle pi\u00f9 alte del mercato. Al chiuso, in condizioni ottimali, pu\u00f2 produrre tra i 450 e i 600 grammi per metro quadro. All'aperto, con spazio e sostanze nutritive sufficienti, le piante possono produrre pi\u00f9 di 1000 grammi ciascuna. La quantit\u00e0 di resina prodotta da questa variet\u00e0 \u00e8 notevole, sorprendente per un ibrido Skunk, il che la rende una scelta eccellente per fare concentrati ed estrazioni. La qualit\u00e0 dei suoi oli essenziali \u00e8 eccezionale, offrendo non solo quantit\u00e0 ma anche qualit\u00e0 nei suoi raccolti.<\/span><\/p>\n<h2><span style=\"font-weight: 400\">Com'\u00e8 l'aroma e il gusto dei semi femminizzati Advanced Seeds Critical?<\/span><\/h2>\n<p><span style=\"font-weight: 400\">Alla prima annusata, non appena si avvicina il naso ai suoi fiori, le note agrumate e dolci si mescolano alle sfumature terrose, creando un'esperienza olfattiva unica. All'assaggio, i sapori si intensificano, rivelando strati di frutta matura e un tocco di erbe. All'inspirazione il gusto \u00e8 ricco e avvolgente, mentre all'espirazione lascia un retrogusto fresco e duraturo. Il bouquet \u00e8 complesso e ben bilanciato, rendendo ogni boccata un'esperienza memorabile.<\/span><\/p>\n<h2><span style=\"font-weight: 400\">Che tipo di effetto ha questa marijuana?<\/span><\/h2>\n<p><span style=\"font-weight: 400\">La potenza della Critical \u00e8 ben nota agli appassionati di cannabis, non tanto per la sua intensit\u00e0 quanto per la sua qualit\u00e0. Il suo effetto \u00e8 un perfetto equilibrio tra rilassamento fisico e stimolazione mentale. Con un contenuto di THC di circa 16%, questa variet\u00e0 pu\u00f2 indurre una sensazione di euforia e benessere, ideale per rilassarsi dopo una lunga giornata. Nonostante la sua potenza, l'effetto \u00e8 gestibile e non tende a causare ansia o paranoia, rendendola adatta a un'ampia gamma di consumatori. Non guardate tanto alla quantit\u00e0 di THC perch\u00e9 in questo caso l'effetto entourage \u00e8 notevolmente intensificato dal profilo terpenico che quest'erba contiene.<\/span><\/p>\n<h2><span style=\"font-weight: 400\">Acquista i semi femminizzati Critical da Advanced Seeds al miglior prezzo online.<\/span><\/h2>\n<p><span style=\"font-weight: 400\">Non pensateci due volte, se state cercando una variet\u00e0 che combini un gusto eccezionale, rese massicce e una coltivazione senza problemi, i semi femminizzati Critical di Advanced Seeds sono la scelta migliore. Non perdete l'opportunit\u00e0 di coltivare la Critical, un vero gioiello nel mondo della cannabis!<\/span><\/p>\n<h2><span style=\"font-weight: 400\">Domande frequenti su Critical:<\/span><\/h2>\n<h3><span style=\"font-weight: 400\">La Critical \u00e8 resistente a parassiti e malattie?<\/span><\/h3>\n<p><span style=\"font-weight: 400\">S\u00ec, grazie alla sua robusta genetica, Critical mostra una buona resistenza ai parassiti e alle malattie pi\u00f9 comuni.<\/span><\/p>\n<h3><span style=\"font-weight: 400\">La Critical ha bisogno di molta acqua?<\/span><\/h3>\n<p><span style=\"font-weight: 400\">La Critical preferisce un'irrigazione moderata, evitando i ristagni d'acqua per evitare problemi alle radici.<\/span><\/p>\n<h3><span style=\"font-weight: 400\">La Critical pu\u00f2 essere coltivata dai principianti?<\/span><\/h3>\n<p><span style=\"font-weight: 400\">S\u00ec, la sua facilit\u00e0 di coltivazione la rende ideale per i principianti nel mondo della cannabis.<\/span><\/p>\n<h3><span style=\"font-weight: 400\">In che modo l'effetto della Critical differisce da quello delle altre indica?<\/span><\/h3>\n<p><span style=\"font-weight: 400\">La Critical offre un equilibrio unico tra relax ed euforia, senza essere troppo opprimente.<\/span><\/p>\n<h3><span style=\"font-weight: 400\">L'Critical \u00e8 adatto alla coltivazione idroponica?<\/span><\/h3>\n<p><span style=\"font-weight: 400\">S\u00ec, in coltura idroponica la Critical pu\u00f2 raggiungere il suo pieno potenziale di crescita e produzione.<\/span><\/p>\n<p>&nbsp;<\/p>","protected":false},"excerpt":{"rendered":"<p>Pianta grande e ramificata con grande produzione di cime. Si adatta a tutti i tipi di substrati e forme di coltivazione. Al chiuso \u00e8 consigliabile dare un massimo di 15 giorni di crescita per evitare una dimensione finale troppo grande. Il raccolto all'aperto \u00e8 generoso e veloce. L'uso di paletti \u00e8 essenziale in alcuni casi per evitare che i rami si pieghino alla fine della fioritura a causa del loro stesso peso.<\/p>","protected":false},"featured_media":19678,"comment_status":"open","ping_status":"closed","template":"","meta":{"_acf_changed":false},"product_brand":[],"product_cat":[69],"product_tag":[],"class_list":{"0":"post-327","1":"product","2":"type-product","3":"status-publish","4":"has-post-thumbnail","6":"product_cat-feminizadas","8":"first","9":"instock","10":"taxable","11":"shipping-taxable","12":"purchasable","13":"product-type-variable"},"acf":[],"yoast_head":"<!-- This site is optimized with the Yoast SEO Premium plugin v26.3 (Yoast SEO v26.6) - https:\/\/yoast.com\/wordpress\/plugins\/seo\/ -->\n<title>Critical - Advanced Seeds<\/title>\n<meta name=\"robots\" content=\"index, follow, max-snippet:-1, max-image-preview:large, max-video-preview:-1\" \/>\n<link rel=\"canonical\" href=\"https:\/\/advancedseeds.com\/it\/tienda\/feminizadas\/critical\/\" \/>\n<meta property=\"og:locale\" content=\"it_IT\" \/>\n<meta property=\"og:type\" content=\"article\" \/>\n<meta property=\"og:title\" content=\"Critical\" \/>\n<meta property=\"og:description\" content=\"Planta grande y ramificada con gran producci\u00f3n de cogollos. Se adapta a todo tipo de sustratos y formas de cultivo. En interior se aconseja dar un m\u00e1ximo de 15 d\u00edas de crecimiento para evitar un tama\u00f1o final demasiado grande. La cosecha en exterior es generosa y r\u00e1pida. El uso de tutores es imprescindible en algunos casos para que las ramas no se doblen al final de la floraci\u00f3n por su propio peso.\" \/>\n<meta property=\"og:url\" content=\"https:\/\/advancedseeds.com\/it\/tienda\/feminizadas\/critical\/\" \/>\n<meta property=\"og:site_name\" content=\"Advanced Seeds\" \/>\n<meta property=\"article:modified_time\" content=\"2025-03-22T17:28:44+00:00\" \/>\n<meta property=\"og:image\" content=\"https:\/\/advancedseeds.com\/web\/wp-content\/uploads\/2021\/01\/Critical-1.jpg\" \/>\n\t<meta property=\"og:image:width\" content=\"945\" \/>\n\t<meta property=\"og:image:height\" content=\"1255\" \/>\n\t<meta property=\"og:image:type\" content=\"image\/jpeg\" \/>\n<meta name=\"twitter:card\" content=\"summary_large_image\" \/>\n<meta name=\"twitter:label1\" content=\"Tempo di lettura stimato\" \/>\n\t<meta name=\"twitter:data1\" content=\"6 minuti\" \/>\n<script type=\"application\/ld+json\" class=\"yoast-schema-graph\">{\"@context\":\"https:\/\/schema.org\",\"@graph\":[{\"@type\":\"WebPage\",\"@id\":\"https:\/\/advancedseeds.com\/tienda\/feminizadas\/critical\/\",\"url\":\"https:\/\/advancedseeds.com\/tienda\/feminizadas\/critical\/\",\"name\":\"Critical - Advanced Seeds\",\"isPartOf\":{\"@id\":\"https:\/\/advancedseeds.com\/#website\"},\"primaryImageOfPage\":{\"@id\":\"https:\/\/advancedseeds.com\/tienda\/feminizadas\/critical\/#primaryimage\"},\"image\":{\"@id\":\"https:\/\/advancedseeds.com\/tienda\/feminizadas\/critical\/#primaryimage\"},\"thumbnailUrl\":\"https:\/\/advancedseeds.com\/web\/wp-content\/uploads\/2021\/01\/Critical-1.jpg\",\"datePublished\":\"2021-01-14T17:16:24+00:00\",\"dateModified\":\"2025-03-22T17:28:44+00:00\",\"breadcrumb\":{\"@id\":\"https:\/\/advancedseeds.com\/tienda\/feminizadas\/critical\/#breadcrumb\"},\"inLanguage\":\"it-IT\",\"potentialAction\":[{\"@type\":\"ReadAction\",\"target\":[\"https:\/\/advancedseeds.com\/tienda\/feminizadas\/critical\/\"]}]},{\"@type\":\"ImageObject\",\"inLanguage\":\"it-IT\",\"@id\":\"https:\/\/advancedseeds.com\/tienda\/feminizadas\/critical\/#primaryimage\",\"url\":\"https:\/\/advancedseeds.com\/web\/wp-content\/uploads\/2021\/01\/Critical-1.jpg\",\"contentUrl\":\"https:\/\/advancedseeds.com\/web\/wp-content\/uploads\/2021\/01\/Critical-1.jpg\",\"width\":945,\"height\":1255},{\"@type\":\"BreadcrumbList\",\"@id\":\"https:\/\/advancedseeds.com\/tienda\/feminizadas\/critical\/#breadcrumb\",\"itemListElement\":[{\"@type\":\"ListItem\",\"position\":1,\"name\":\"Home\",\"item\":\"https:\/\/advancedseeds.com\/\"},{\"@type\":\"ListItem\",\"position\":2,\"name\":\"Tienda\",\"item\":\"https:\/\/advancedseeds.com\/\"},{\"@type\":\"ListItem\",\"position\":3,\"name\":\"Critical\"}]},{\"@type\":\"WebSite\",\"@id\":\"https:\/\/advancedseeds.com\/#website\",\"url\":\"https:\/\/advancedseeds.com\/\",\"name\":\"Advanced Seeds\",\"description\":\"Gen\u00e9ticas Avanzadas en semillas feminizadas y autom\u00e1ticas.\",\"publisher\":{\"@id\":\"https:\/\/advancedseeds.com\/#organization\"},\"potentialAction\":[{\"@type\":\"SearchAction\",\"target\":{\"@type\":\"EntryPoint\",\"urlTemplate\":\"https:\/\/advancedseeds.com\/?s={search_term_string}\"},\"query-input\":{\"@type\":\"PropertyValueSpecification\",\"valueRequired\":true,\"valueName\":\"search_term_string\"}}],\"inLanguage\":\"it-IT\"},{\"@type\":\"Organization\",\"@id\":\"https:\/\/advancedseeds.com\/#organization\",\"name\":\"Advanced Seeds\",\"url\":\"https:\/\/advancedseeds.com\/\",\"logo\":{\"@type\":\"ImageObject\",\"inLanguage\":\"it-IT\",\"@id\":\"https:\/\/advancedseeds.com\/#\/schema\/logo\/image\/\",\"url\":\"https:\/\/advancedseeds.com\/web\/wp-content\/uploads\/2021\/01\/logo-advanced.jpg\",\"contentUrl\":\"https:\/\/advancedseeds.com\/web\/wp-content\/uploads\/2021\/01\/logo-advanced.jpg\",\"width\":600,\"height\":600,\"caption\":\"Advanced Seeds\"},\"image\":{\"@id\":\"https:\/\/advancedseeds.com\/#\/schema\/logo\/image\/\"}}]}<\/script>\n<!-- \/ Yoast SEO Premium plugin. -->","yoast_head_json":{"title":"Critical - Advanced Seeds","robots":{"index":"index","follow":"follow","max-snippet":"max-snippet:-1","max-image-preview":"max-image-preview:large","max-video-preview":"max-video-preview:-1"},"canonical":"https:\/\/advancedseeds.com\/it\/tienda\/feminizadas\/critical\/","og_locale":"it_IT","og_type":"article","og_title":"Critical","og_description":"Planta grande y ramificada con gran producci\u00f3n de cogollos. Se adapta a todo tipo de sustratos y formas de cultivo. En interior se aconseja dar un m\u00e1ximo de 15 d\u00edas de crecimiento para evitar un tama\u00f1o final demasiado grande. La cosecha en exterior es generosa y r\u00e1pida. El uso de tutores es imprescindible en algunos casos para que las ramas no se doblen al final de la floraci\u00f3n por su propio peso.","og_url":"https:\/\/advancedseeds.com\/it\/tienda\/feminizadas\/critical\/","og_site_name":"Advanced Seeds","article_modified_time":"2025-03-22T17:28:44+00:00","og_image":[{"width":945,"height":1255,"url":"https:\/\/advancedseeds.com\/web\/wp-content\/uploads\/2021\/01\/Critical-1.jpg","type":"image\/jpeg"}],"twitter_card":"summary_large_image","twitter_misc":{"Tempo di lettura stimato":"6 minuti"},"schema":{"@context":"https:\/\/schema.org","@graph":[{"@type":"WebPage","@id":"https:\/\/advancedseeds.com\/tienda\/feminizadas\/critical\/","url":"https:\/\/advancedseeds.com\/tienda\/feminizadas\/critical\/","name":"Critical - Advanced Seeds","isPartOf":{"@id":"https:\/\/advancedseeds.com\/#website"},"primaryImageOfPage":{"@id":"https:\/\/advancedseeds.com\/tienda\/feminizadas\/critical\/#primaryimage"},"image":{"@id":"https:\/\/advancedseeds.com\/tienda\/feminizadas\/critical\/#primaryimage"},"thumbnailUrl":"https:\/\/advancedseeds.com\/web\/wp-content\/uploads\/2021\/01\/Critical-1.jpg","datePublished":"2021-01-14T17:16:24+00:00","dateModified":"2025-03-22T17:28:44+00:00","breadcrumb":{"@id":"https:\/\/advancedseeds.com\/tienda\/feminizadas\/critical\/#breadcrumb"},"inLanguage":"it-IT","potentialAction":[{"@type":"ReadAction","target":["https:\/\/advancedseeds.com\/tienda\/feminizadas\/critical\/"]}]},{"@type":"ImageObject","inLanguage":"it-IT","@id":"https:\/\/advancedseeds.com\/tienda\/feminizadas\/critical\/#primaryimage","url":"https:\/\/advancedseeds.com\/web\/wp-content\/uploads\/2021\/01\/Critical-1.jpg","contentUrl":"https:\/\/advancedseeds.com\/web\/wp-content\/uploads\/2021\/01\/Critical-1.jpg","width":945,"height":1255},{"@type":"BreadcrumbList","@id":"https:\/\/advancedseeds.com\/tienda\/feminizadas\/critical\/#breadcrumb","itemListElement":[{"@type":"ListItem","position":1,"name":"Home","item":"https:\/\/advancedseeds.com\/"},{"@type":"ListItem","position":2,"name":"Tienda","item":"https:\/\/advancedseeds.com\/"},{"@type":"ListItem","position":3,"name":"Critical"}]},{"@type":"WebSite","@id":"https:\/\/advancedseeds.com\/#website","url":"https:\/\/advancedseeds.com\/","name":"Semi avanzati","description":"Genetica avanzata in semi femminizzati e automatici.","publisher":{"@id":"https:\/\/advancedseeds.com\/#organization"},"potentialAction":[{"@type":"SearchAction","target":{"@type":"EntryPoint","urlTemplate":"https:\/\/advancedseeds.com\/?s={search_term_string}"},"query-input":{"@type":"PropertyValueSpecification","valueRequired":true,"valueName":"search_term_string"}}],"inLanguage":"it-IT"},{"@type":"Organization","@id":"https:\/\/advancedseeds.com\/#organization","name":"Semi avanzati","url":"https:\/\/advancedseeds.com\/","logo":{"@type":"ImageObject","inLanguage":"it-IT","@id":"https:\/\/advancedseeds.com\/#\/schema\/logo\/image\/","url":"https:\/\/advancedseeds.com\/web\/wp-content\/uploads\/2021\/01\/logo-advanced.jpg","contentUrl":"https:\/\/advancedseeds.com\/web\/wp-content\/uploads\/2021\/01\/logo-advanced.jpg","width":600,"height":600,"caption":"Advanced Seeds"},"image":{"@id":"https:\/\/advancedseeds.com\/#\/schema\/logo\/image\/"}}]}},"_links":{"self":[{"href":"https:\/\/advancedseeds.com\/it\/wp-json\/wp\/v2\/product\/327","targetHints":{"allow":["GET"]}}],"collection":[{"href":"https:\/\/advancedseeds.com\/it\/wp-json\/wp\/v2\/product"}],"about":[{"href":"https:\/\/advancedseeds.com\/it\/wp-json\/wp\/v2\/types\/product"}],"replies":[{"embeddable":true,"href":"https:\/\/advancedseeds.com\/it\/wp-json\/wp\/v2\/comments?post=327"}],"wp:featuredmedia":[{"embeddable":true,"href":"https:\/\/advancedseeds.com\/it\/wp-json\/wp\/v2\/media\/19678"}],"wp:attachment":[{"href":"https:\/\/advancedseeds.com\/it\/wp-json\/wp\/v2\/media?parent=327"}],"wp:term":[{"taxonomy":"product_brand","embeddable":true,"href":"https:\/\/advancedseeds.com\/it\/wp-json\/wp\/v2\/product_brand?post=327"},{"taxonomy":"product_cat","embeddable":true,"href":"https:\/\/advancedseeds.com\/it\/wp-json\/wp\/v2\/product_cat?post=327"},{"taxonomy":"product_tag","embeddable":true,"href":"https:\/\/advancedseeds.com\/it\/wp-json\/wp\/v2\/product_tag?post=327"}],"curies":[{"name":"wp","href":"https:\/\/api.w.org\/{rel}","templated":true}]}}