{"id":328,"date":"2021-01-14T18:16:26","date_gmt":"2021-01-14T17:16:26","guid":{"rendered":"https:\/\/advancedseeds.com\/web\/producto\/critical-lemon\/"},"modified":"2025-03-22T18:29:13","modified_gmt":"2025-03-22T17:29:13","slug":"critical-lemon","status":"publish","type":"product","link":"https:\/\/advancedseeds.com\/it\/tienda\/feminizadas\/critical-lemon\/","title":{"rendered":"Limone critico"},"content":{"rendered":"<p><span style=\"font-weight: 400\">Il <\/span><a href=\"https:\/\/advancedseeds.com\/web\/\"><b>Semi<\/b><\/a><b> femminilizzato Critical Lemon<\/b><span style=\"font-weight: 400\"> di Advanced Seeds sono una rivoluzione per gli amanti della cannabis. Con un inebriante aroma di limone e rese impressionanti, questa variet\u00e0 \u00e8 perfetta sia per i coltivatori principianti che per quelli esperti.<\/span><\/p>\n<h2><span style=\"font-weight: 400\">Qual \u00e8 la genetica di questi semi?<\/span><\/h2>\n<p><span style=\"font-weight: 400\">I semi femminizzati Critical Lemon della Advanced Seeds sono un tesoro genetico, <\/span><b>risultato dell'incrocio tra la robusta <\/b><a href=\"https:\/\/advancedseeds.com\/web\/producto\/critical\/\"><b>variet\u00e0 Critical<\/b><\/a><b> e il Citrale aromatico<\/b><span style=\"font-weight: 400\">. Questa combinazione ha dato vita ad una variet\u00e0 a predominanza Indica, che mantiene il vigore e la capacit\u00e0 produttiva della Critical, pur adottando il delizioso aroma e sapore di agrumi della Citral. Questa genetica ibrida non solo assicura un'elevata resistenza e facilit\u00e0 di coltivazione, ma garantisce anche un raccolto abbondante e di alta qualit\u00e0, ideale per tutti i tipi di coltivatori, dai principianti ai pi\u00f9 esperti.<\/span><\/p>\n<h2><span style=\"font-weight: 400\">Che aspetto hanno i semi femminilizzati di Critical Lemon?<\/span><\/h2>\n<p><span style=\"font-weight: 400\">L'aspetto della Critical Lemon \u00e8 sorprendente. Questa pianta indica mostra una struttura compatta e robusta, ideale per la coltivazione indoor e per i piccoli spazi. Le sue foglie sono di un verde intenso e i suoi steli spessi e robusti sostengono facilmente il peso delle cime. Le cime sono uno spettacolo da vedere: grandi, dense e piene di tricomi dalla testa spessa. Inoltre, nelle giuste condizioni, le cime possono sviluppare bellissime sfumature viola e rossastre ereditate dal Citral, aggiungendo uno spettacolo visivo al processo di coltivazione.<\/span><\/p>\n<h2><span style=\"font-weight: 400\">Come si coltivano questi semi all'interno e all'esterno?<\/span><\/h2>\n<h3><span style=\"font-weight: 400\">Coltivazione indoor:<\/span><\/h3>\n<p><span style=\"font-weight: 400\"> La Critical Lemon \u00e8 una variet\u00e0 che si adatta a diversi metodi di coltivazione. Grazie alle sue dimensioni compatte, \u00e8 perfetta per le tecniche Sea of Green (SOG), permettendo ai coltivatori di sfruttare al massimo lo spazio e la luce. Tuttavia, se non volete complicarvi troppo la vita, potete lasciarla crescere nel suo stato naturale. Inoltre, grazie al suo rapido ciclo di fioritura, i coltivatori possono godere di pi\u00f9 raccolti all'anno, il che la rende una scelta ideale per chi cerca efficienza e produttivit\u00e0.<\/span><\/p>\n<h3><span style=\"font-weight: 400\">Coltivazione all'aperto:<\/span><\/h3>\n<p><span style=\"font-weight: 400\">La Critical Lemon pu\u00f2 essere coltivata in diversi climi. Questa variet\u00e0 ama il sole diretto e risponde bene ai terreni ricchi di sostanze nutritive, ma non \u00e8 necessario mescolare potassa o fosfati, basta aggiungere letame, getti di vermi o guano di uccelli marini e pipistrelli. In un ambiente aperto, pu\u00f2 raggiungere un'altezza di oltre 2,5 metri, il che si traduce in rese ancora pi\u00f9 elevate. Per i coltivatori dei climi temperati, la Critical Lemon \u00e8 una scelta eccellente, poich\u00e9 il suo ciclo di fioritura precoce consente di raccogliere prima dell'arrivo delle gelate autunnali. \u00c8 resistente ai parassiti e ai funghi, il che la rende ancora pi\u00f9 interessante per i coltivatori di diversi ambienti.<\/span><\/p>\n<h2><span style=\"font-weight: 400\">Quando viene raccolto il seme femminilizzato Critical Lemon?<\/span><\/h2>\n<p><span style=\"font-weight: 400\">La Critical Lemon \u00e8 caratterizzata da un tempo di fioritura rapido, quasi pari a quello della Critical Mass. Al chiuso, \u00e8 pronta per il raccolto in <\/span><b>solo 50-55 giorni<\/b><span style=\"font-weight: 400\">Ci\u00f2 consente ai coltivatori di pianificare pi\u00f9 cicli di coltivazione all'anno. All'aperto, il raccolto avviene solitamente all'inizio di ottobre nell'emisfero settentrionale e nella prima met\u00e0 di marzo nell'emisfero meridionale.<\/span><\/p>\n<h2><span style=\"font-weight: 400\">Quanto producono questi semi?<\/span><\/h2>\n<p><span style=\"font-weight: 400\">La Critical Lemon \u00e8 una vera campionessa in termini di resa e la cosa migliore \u00e8 che non c'\u00e8 bisogno di essere esperti per produrre raccolti abbondanti. Al chiuso, questa variet\u00e0 pu\u00f2 produrre fino a 600 grammi per metro quadro o anche di pi\u00f9. All'aperto, nelle giuste condizioni, ogni pianta pu\u00f2 produrre pi\u00f9 di 2 chili, ma per questo \u00e8 necessario piantarla in terra madre in un luogo con pi\u00f9 di 8 ore di sole diretto al giorno. Questo la rende una scelta ideale per chi vuole massimizzare i raccolti senza sacrificare la qualit\u00e0. L'abbondanza di resina prodotta da questa pianta la rende perfetta per le estrazioni, offrendo un alto contenuto di cannabinoidi e terpeni.<\/span><\/p>\n<h2><span style=\"font-weight: 400\">Com'\u00e8 l'aroma e il gusto dei semi femminizzati Critical Lemon?<\/span><\/h2>\n<p><span style=\"font-weight: 400\">Questa variet\u00e0 offre un profilo terpenico dominato da note agrumate di limone e pompelmo, integrate da sfumature terrose e dolci. Quando viene fumata, il sapore di agrumi \u00e8 intenso e rinfrescante, lasciando un piacevole retrogusto sul palato. L'aroma \u00e8 altrettanto accattivante ma pericoloso nella sua intensit\u00e0, riempiendo l'atmosfera con note di freschezza e dolcezza.<\/span><\/p>\n<h2><span style=\"font-weight: 400\">Che tipo di effetto ha questa marijuana?<\/span><\/h2>\n<p><span style=\"font-weight: 400\">L'effetto della Critical Lemon \u00e8 equilibrato e piacevole, anche se tende pi\u00f9 verso il lato indica. Con un livello di THC di circa 19%, questa variet\u00e0 produce un effetto rilassante ed euforico, ideale per rilassarsi e distendersi. Nonostante la sua potenza, l'effetto \u00e8 gestibile e piacevole, adatto sia ai consumatori esperti che a coloro che sono nuovi alla cannabis e hanno una bassa tolleranza ai cannabinoidi. \u00c8 un'ottima scelta per alleviare stress, ansia e dolore, grazie al suo effetto calmante e rilassante.<\/span><\/p>\n<h2><span style=\"font-weight: 400\">Acquistare semi femminizzati Critical Lemon al miglior prezzo online<\/span><\/h2>\n<p><span style=\"font-weight: 400\">Per chi ha bisogno di piante di cannabis con rese elevate e un'invidiabile facilit\u00e0 di coltivazione, i semi femminizzati Critical Lemon di Advanced Seeds sono la scelta migliore. Non pensateci due volte, ordinate questi semi al miglior prezzo su <\/span><a href=\"http:\/\/dvancedseeds.com\/\"><span style=\"font-weight: 400\">dvancedseeds.com<\/span><\/a><span style=\"font-weight: 400\"> e iniziare a gustare una delle variet\u00e0 pi\u00f9 complete e soddisfacenti del mercato.<\/span><\/p>\n<h2><span style=\"font-weight: 400\">Domande frequenti su Critical Lemon:<\/span><\/h2>\n<h3><span style=\"font-weight: 400\">In che modo i nutrienti influenzano il gusto dell'Critical Lemon?<\/span><\/h3>\n<p><span style=\"font-weight: 400\">Un'alimentazione equilibrata pu\u00f2 intensificare il suo profilo gustativo, mettendo in risalto le sue note agrumate.<\/span><\/p>\n<h3><span style=\"font-weight: 400\">L'Critical Lemon \u00e8 resistente a muffa, funghi e parassiti?<\/span><\/h3>\n<p><span style=\"font-weight: 400\">S\u00ec, la sua robusta genetica le conferisce una buona resistenza a queste avversit\u00e0.<\/span><\/p>\n<h3><span style=\"font-weight: 400\">In che modo il clima pu\u00f2 influenzare lo sviluppo di Critical Lemon all'aperto?<\/span><\/h3>\n<p><span style=\"font-weight: 400\">I climi caldi e soleggiati ne favoriscono la crescita e la produzione, mentre nei climi pi\u00f9 freddi i suoi boccioli possono assumere tonalit\u00e0 pi\u00f9 scure.<\/span><\/p>\n<p>&nbsp;<\/p>","protected":false},"excerpt":{"rendered":"<p>Questa pianta combina la struttura e la grande produzione di cime e resina della nostra Critical con l'intenso aroma e sapore di limone e pompelmo della Citral. Si adatta bene a tutti i tipi di colture e piacer\u00e0 sia ai coltivatori principianti che a quelli pi\u00f9 anziani per la sua facilit\u00e0 di coltivazione e la grande produzione di cime facili da manicure grazie al suo buon rapporto calice\/foglia.<\/p>","protected":false},"featured_media":19677,"comment_status":"open","ping_status":"closed","template":"","meta":{"_acf_changed":false},"product_brand":[],"product_cat":[69],"product_tag":[],"class_list":{"0":"post-328","1":"product","2":"type-product","3":"status-publish","4":"has-post-thumbnail","6":"product_cat-feminizadas","8":"first","9":"instock","10":"taxable","11":"shipping-taxable","12":"purchasable","13":"product-type-variable"},"acf":[],"yoast_head":"<!-- This site is optimized with the Yoast SEO Premium plugin v26.3 (Yoast SEO v26.6) - https:\/\/yoast.com\/wordpress\/plugins\/seo\/ -->\n<title>Critical Lemon - Advanced Seeds<\/title>\n<meta name=\"robots\" content=\"index, follow, max-snippet:-1, max-image-preview:large, max-video-preview:-1\" \/>\n<link rel=\"canonical\" href=\"https:\/\/advancedseeds.com\/it\/tienda\/feminizadas\/critical-lemon\/\" \/>\n<meta property=\"og:locale\" content=\"it_IT\" \/>\n<meta property=\"og:type\" content=\"article\" \/>\n<meta property=\"og:title\" content=\"Critical Lemon\" \/>\n<meta property=\"og:description\" content=\"Planta que combina la estructura y gran producci\u00f3n de cogollos y resina de nuestra Critical con el intenso aroma y sabor a lim\u00f3n y pomelo de Citral. Se adapta bien a todo tipo de cultivos y gustar\u00e1 por igual a novatos y viejos cultivadores por su facilidad de cultivo y gran producci\u00f3n de cogollos f\u00e1ciles de manicurar por su buena relaci\u00f3n c\u00e1liz - hoja.\" \/>\n<meta property=\"og:url\" content=\"https:\/\/advancedseeds.com\/it\/tienda\/feminizadas\/critical-lemon\/\" \/>\n<meta property=\"og:site_name\" content=\"Advanced Seeds\" \/>\n<meta property=\"article:modified_time\" content=\"2025-03-22T17:29:13+00:00\" \/>\n<meta property=\"og:image\" content=\"https:\/\/advancedseeds.com\/web\/wp-content\/uploads\/2021\/01\/Critical-Lemon.jpg\" \/>\n\t<meta property=\"og:image:width\" content=\"1123\" \/>\n\t<meta property=\"og:image:height\" content=\"1490\" \/>\n\t<meta property=\"og:image:type\" content=\"image\/jpeg\" \/>\n<meta name=\"twitter:card\" content=\"summary_large_image\" \/>\n<meta name=\"twitter:label1\" content=\"Tempo di lettura stimato\" \/>\n\t<meta name=\"twitter:data1\" content=\"5 minuti\" \/>\n<script type=\"application\/ld+json\" class=\"yoast-schema-graph\">{\"@context\":\"https:\/\/schema.org\",\"@graph\":[{\"@type\":\"WebPage\",\"@id\":\"https:\/\/advancedseeds.com\/tienda\/feminizadas\/critical-lemon\/\",\"url\":\"https:\/\/advancedseeds.com\/tienda\/feminizadas\/critical-lemon\/\",\"name\":\"Critical Lemon - Advanced Seeds\",\"isPartOf\":{\"@id\":\"https:\/\/advancedseeds.com\/#website\"},\"primaryImageOfPage\":{\"@id\":\"https:\/\/advancedseeds.com\/tienda\/feminizadas\/critical-lemon\/#primaryimage\"},\"image\":{\"@id\":\"https:\/\/advancedseeds.com\/tienda\/feminizadas\/critical-lemon\/#primaryimage\"},\"thumbnailUrl\":\"https:\/\/advancedseeds.com\/web\/wp-content\/uploads\/2021\/01\/Critical-Lemon.jpg\",\"datePublished\":\"2021-01-14T17:16:26+00:00\",\"dateModified\":\"2025-03-22T17:29:13+00:00\",\"breadcrumb\":{\"@id\":\"https:\/\/advancedseeds.com\/tienda\/feminizadas\/critical-lemon\/#breadcrumb\"},\"inLanguage\":\"it-IT\",\"potentialAction\":[{\"@type\":\"ReadAction\",\"target\":[\"https:\/\/advancedseeds.com\/tienda\/feminizadas\/critical-lemon\/\"]}]},{\"@type\":\"ImageObject\",\"inLanguage\":\"it-IT\",\"@id\":\"https:\/\/advancedseeds.com\/tienda\/feminizadas\/critical-lemon\/#primaryimage\",\"url\":\"https:\/\/advancedseeds.com\/web\/wp-content\/uploads\/2021\/01\/Critical-Lemon.jpg\",\"contentUrl\":\"https:\/\/advancedseeds.com\/web\/wp-content\/uploads\/2021\/01\/Critical-Lemon.jpg\",\"width\":1123,\"height\":1490},{\"@type\":\"BreadcrumbList\",\"@id\":\"https:\/\/advancedseeds.com\/tienda\/feminizadas\/critical-lemon\/#breadcrumb\",\"itemListElement\":[{\"@type\":\"ListItem\",\"position\":1,\"name\":\"Home\",\"item\":\"https:\/\/advancedseeds.com\/\"},{\"@type\":\"ListItem\",\"position\":2,\"name\":\"Tienda\",\"item\":\"https:\/\/advancedseeds.com\/\"},{\"@type\":\"ListItem\",\"position\":3,\"name\":\"Critical Lemon\"}]},{\"@type\":\"WebSite\",\"@id\":\"https:\/\/advancedseeds.com\/#website\",\"url\":\"https:\/\/advancedseeds.com\/\",\"name\":\"Advanced Seeds\",\"description\":\"Gen\u00e9ticas Avanzadas en semillas feminizadas y autom\u00e1ticas.\",\"publisher\":{\"@id\":\"https:\/\/advancedseeds.com\/#organization\"},\"potentialAction\":[{\"@type\":\"SearchAction\",\"target\":{\"@type\":\"EntryPoint\",\"urlTemplate\":\"https:\/\/advancedseeds.com\/?s={search_term_string}\"},\"query-input\":{\"@type\":\"PropertyValueSpecification\",\"valueRequired\":true,\"valueName\":\"search_term_string\"}}],\"inLanguage\":\"it-IT\"},{\"@type\":\"Organization\",\"@id\":\"https:\/\/advancedseeds.com\/#organization\",\"name\":\"Advanced Seeds\",\"url\":\"https:\/\/advancedseeds.com\/\",\"logo\":{\"@type\":\"ImageObject\",\"inLanguage\":\"it-IT\",\"@id\":\"https:\/\/advancedseeds.com\/#\/schema\/logo\/image\/\",\"url\":\"https:\/\/advancedseeds.com\/web\/wp-content\/uploads\/2021\/01\/logo-advanced.jpg\",\"contentUrl\":\"https:\/\/advancedseeds.com\/web\/wp-content\/uploads\/2021\/01\/logo-advanced.jpg\",\"width\":600,\"height\":600,\"caption\":\"Advanced Seeds\"},\"image\":{\"@id\":\"https:\/\/advancedseeds.com\/#\/schema\/logo\/image\/\"}}]}<\/script>\n<!-- \/ Yoast SEO Premium plugin. -->","yoast_head_json":{"title":"Critical Lemon - Advanced Seeds","robots":{"index":"index","follow":"follow","max-snippet":"max-snippet:-1","max-image-preview":"max-image-preview:large","max-video-preview":"max-video-preview:-1"},"canonical":"https:\/\/advancedseeds.com\/it\/tienda\/feminizadas\/critical-lemon\/","og_locale":"it_IT","og_type":"article","og_title":"Critical Lemon","og_description":"Planta que combina la estructura y gran producci\u00f3n de cogollos y resina de nuestra Critical con el intenso aroma y sabor a lim\u00f3n y pomelo de Citral. Se adapta bien a todo tipo de cultivos y gustar\u00e1 por igual a novatos y viejos cultivadores por su facilidad de cultivo y gran producci\u00f3n de cogollos f\u00e1ciles de manicurar por su buena relaci\u00f3n c\u00e1liz - hoja.","og_url":"https:\/\/advancedseeds.com\/it\/tienda\/feminizadas\/critical-lemon\/","og_site_name":"Advanced Seeds","article_modified_time":"2025-03-22T17:29:13+00:00","og_image":[{"width":1123,"height":1490,"url":"https:\/\/advancedseeds.com\/web\/wp-content\/uploads\/2021\/01\/Critical-Lemon.jpg","type":"image\/jpeg"}],"twitter_card":"summary_large_image","twitter_misc":{"Tempo di lettura stimato":"5 minuti"},"schema":{"@context":"https:\/\/schema.org","@graph":[{"@type":"WebPage","@id":"https:\/\/advancedseeds.com\/tienda\/feminizadas\/critical-lemon\/","url":"https:\/\/advancedseeds.com\/tienda\/feminizadas\/critical-lemon\/","name":"Critical Lemon - Advanced Seeds","isPartOf":{"@id":"https:\/\/advancedseeds.com\/#website"},"primaryImageOfPage":{"@id":"https:\/\/advancedseeds.com\/tienda\/feminizadas\/critical-lemon\/#primaryimage"},"image":{"@id":"https:\/\/advancedseeds.com\/tienda\/feminizadas\/critical-lemon\/#primaryimage"},"thumbnailUrl":"https:\/\/advancedseeds.com\/web\/wp-content\/uploads\/2021\/01\/Critical-Lemon.jpg","datePublished":"2021-01-14T17:16:26+00:00","dateModified":"2025-03-22T17:29:13+00:00","breadcrumb":{"@id":"https:\/\/advancedseeds.com\/tienda\/feminizadas\/critical-lemon\/#breadcrumb"},"inLanguage":"it-IT","potentialAction":[{"@type":"ReadAction","target":["https:\/\/advancedseeds.com\/tienda\/feminizadas\/critical-lemon\/"]}]},{"@type":"ImageObject","inLanguage":"it-IT","@id":"https:\/\/advancedseeds.com\/tienda\/feminizadas\/critical-lemon\/#primaryimage","url":"https:\/\/advancedseeds.com\/web\/wp-content\/uploads\/2021\/01\/Critical-Lemon.jpg","contentUrl":"https:\/\/advancedseeds.com\/web\/wp-content\/uploads\/2021\/01\/Critical-Lemon.jpg","width":1123,"height":1490},{"@type":"BreadcrumbList","@id":"https:\/\/advancedseeds.com\/tienda\/feminizadas\/critical-lemon\/#breadcrumb","itemListElement":[{"@type":"ListItem","position":1,"name":"Home","item":"https:\/\/advancedseeds.com\/"},{"@type":"ListItem","position":2,"name":"Tienda","item":"https:\/\/advancedseeds.com\/"},{"@type":"ListItem","position":3,"name":"Critical Lemon"}]},{"@type":"WebSite","@id":"https:\/\/advancedseeds.com\/#website","url":"https:\/\/advancedseeds.com\/","name":"Semi avanzati","description":"Genetica avanzata in semi femminizzati e automatici.","publisher":{"@id":"https:\/\/advancedseeds.com\/#organization"},"potentialAction":[{"@type":"SearchAction","target":{"@type":"EntryPoint","urlTemplate":"https:\/\/advancedseeds.com\/?s={search_term_string}"},"query-input":{"@type":"PropertyValueSpecification","valueRequired":true,"valueName":"search_term_string"}}],"inLanguage":"it-IT"},{"@type":"Organization","@id":"https:\/\/advancedseeds.com\/#organization","name":"Semi avanzati","url":"https:\/\/advancedseeds.com\/","logo":{"@type":"ImageObject","inLanguage":"it-IT","@id":"https:\/\/advancedseeds.com\/#\/schema\/logo\/image\/","url":"https:\/\/advancedseeds.com\/web\/wp-content\/uploads\/2021\/01\/logo-advanced.jpg","contentUrl":"https:\/\/advancedseeds.com\/web\/wp-content\/uploads\/2021\/01\/logo-advanced.jpg","width":600,"height":600,"caption":"Advanced Seeds"},"image":{"@id":"https:\/\/advancedseeds.com\/#\/schema\/logo\/image\/"}}]}},"_links":{"self":[{"href":"https:\/\/advancedseeds.com\/it\/wp-json\/wp\/v2\/product\/328","targetHints":{"allow":["GET"]}}],"collection":[{"href":"https:\/\/advancedseeds.com\/it\/wp-json\/wp\/v2\/product"}],"about":[{"href":"https:\/\/advancedseeds.com\/it\/wp-json\/wp\/v2\/types\/product"}],"replies":[{"embeddable":true,"href":"https:\/\/advancedseeds.com\/it\/wp-json\/wp\/v2\/comments?post=328"}],"wp:featuredmedia":[{"embeddable":true,"href":"https:\/\/advancedseeds.com\/it\/wp-json\/wp\/v2\/media\/19677"}],"wp:attachment":[{"href":"https:\/\/advancedseeds.com\/it\/wp-json\/wp\/v2\/media?parent=328"}],"wp:term":[{"taxonomy":"product_brand","embeddable":true,"href":"https:\/\/advancedseeds.com\/it\/wp-json\/wp\/v2\/product_brand?post=328"},{"taxonomy":"product_cat","embeddable":true,"href":"https:\/\/advancedseeds.com\/it\/wp-json\/wp\/v2\/product_cat?post=328"},{"taxonomy":"product_tag","embeddable":true,"href":"https:\/\/advancedseeds.com\/it\/wp-json\/wp\/v2\/product_tag?post=328"}],"curies":[{"name":"wp","href":"https:\/\/api.w.org\/{rel}","templated":true}]}}