{"id":330,"date":"2021-01-14T17:16:33","date_gmt":"2021-01-14T17:16:33","guid":{"rendered":"https:\/\/advancedseeds.com\/web\/producto\/critical-purple-kush\/"},"modified":"2025-03-22T18:32:47","modified_gmt":"2025-03-22T17:32:47","slug":"critical-purple-kush","status":"publish","type":"product","link":"https:\/\/advancedseeds.com\/it\/tienda\/feminizadas\/critical-purple-kush\/","title":{"rendered":"Critical Purple Kush"},"content":{"rendered":"<p><span style=\"font-weight: 400\">Il <\/span><a href=\"https:\/\/advancedseeds.com\/web\/\"><b>Semi <\/b><\/a>\u00a0femminilizzato<b> Critical Purple Kush<\/b><span style=\"font-weight: 400\"> di Advanced Seeds offre una spettacolare combinazione di sapori, colori ed effetti rilassanti. Questa variet\u00e0, risultante dall'incrocio tra Critical e Purple OG, \u00e8 la scelta perfetta per chi cerca un'esperienza unica nella coltivazione e nel consumo di cannabis.<\/span><\/p>\n<h2><span style=\"font-weight: 400\">Qual \u00e8 la genetica di questi semi?<\/span><\/h2>\n<p><span style=\"font-weight: 400\">La genetica della Critical Purple Kush \u00e8 un'affascinante miscela delle migliori qualit\u00e0 dei suoi genitori. Con una dominanza indica grazie alla Critical, questa variet\u00e0 incorpora anche l'estetica esotica e il profilo aromatico della Purple OG. Il risultato \u00e8 una pianta che combina resilienza e facilit\u00e0 di coltivazione con una produzione di cime dense e ricche di resina, il tutto in un tempo di fioritura moderato.<\/span><\/p>\n<h2><span style=\"font-weight: 400\">Che aspetto ha l'Critical Purple Kush?<\/span><\/h2>\n<p><span style=\"font-weight: 400\">In termini di aspetto, la Critical Purple Kush \u00e8 una di quelle piante dal grande impatto visivo. Sviluppa una struttura solida e ramificata, simile a quella di una Kush, ma con l'aggiunta della bellezza della <\/span><b>sfumature di viola e nero sulle foglie e sui germogli<\/b><span style=\"font-weight: 400\">. Questi colori si intensificano in condizioni di crescita ottimali, anche in assenza di basse temperature. Le cime sono grandi, compatte e completamente ricoperte di resina appiccicosa e aromatica.<\/span><\/p>\n<h2><span style=\"font-weight: 400\">Come si coltivano questi semi all'interno e all'esterno?<\/span><\/h2>\n<h3><span style=\"font-weight: 400\">Coltivazione indoor:<\/span><\/h3>\n<p><span style=\"font-weight: 400\">La Critical Purple Kush \u00e8 una variet\u00e0 che si adatta bene a diversi sistemi di coltivazione, anche se per ottenere le migliori propriet\u00e0 organolettiche \u00e8 meglio coltivare in modo biologico. La sua crescita vigorosa e la sua struttura ramificata la rendono ideale per tecniche come SCROG e Main Lining. Questa variet\u00e0 risponde positivamente alla potatura e all'addestramento, permettendo ai coltivatori di controllare la sua crescita e massimizzare la produzione di cime. Si possono coltivare 9 piante\/m2 in vasi da 11 litri, che con un paio di potature dei rami principali e secondari, copriranno l'intero spazio illuminato con bellissime cime.<\/span><\/p>\n<h3><span style=\"font-weight: 400\">Coltivazione all'aperto:<\/span><\/h3>\n<p><span style=\"font-weight: 400\">Questa variet\u00e0 d\u00e0 solitamente il meglio di s\u00e9. Con luce solare e substrato sufficienti, la Critical Purple Kush pu\u00f2 raggiungere oltre 2 metri di altezza, offrendo piante con molti rami e piene di cime accattivanti. \u00c8 resistente ai parassiti e si adatta bene a diverse condizioni climatiche, il che la rende una scelta eccellente per i coltivatori in un'ampia gamma di ambienti. I coltivatori dovrebbero notare che, sebbene sia resistente, questa variet\u00e0 pu\u00f2 beneficiare della protezione dalle intemperie per massimizzare la produzione.<\/span><\/p>\n<h2><span style=\"font-weight: 400\">Quando viene raccolto l'Critical Purple Kush?<\/span><\/h2>\n<p><span style=\"font-weight: 400\">La Critical Purple Kush \u00e8 pronta per il raccolto dopo un ciclo di fioritura veloce di circa 55 giorni al chiuso. All'aperto, il momento ideale per il raccolto \u00e8 l'inizio di ottobre nell'emisfero settentrionale, mentre nell'emisfero meridionale dovrete aspettare l'inizio di aprile.<\/span><\/p>\n<h2><span style=\"font-weight: 400\">Quanto producono questi semi?<\/span><\/h2>\n<p><span style=\"font-weight: 400\">La Critical Purple Kush si distingue per le sue impressionanti rese. In coltivazioni indoor, raggiunge rese di 550-600 grammi per metro quadro. All'aperto, nelle giuste condizioni, ogni pianta pu\u00f2 produrre circa 600 grammi, il che, insieme alla sua velocit\u00e0, la rende un'opzione molto interessante per le colture commerciali.<\/span><\/p>\n<h2><span style=\"font-weight: 400\">Com'\u00e8 l'aroma e il gusto dei semi femminizzati Critical Purple Kush?<\/span><\/h2>\n<p><span style=\"font-weight: 400\">L'aroma e il sapore della Critical Purple Kush sono intensi, originali e piuttosto complessi. Gli utenti possono aspettarsi un <\/span><b>miscela di aromi di terra e caff\u00e8 con un tocco dolce e fruttato<\/b><span style=\"font-weight: 400\">. Questo profilo aromatico la rende una variet\u00e0 molto popolare tra gli intenditori di cannabis e un'ottima occasione per degustazioni e concorsi di cannabis.<\/span><\/p>\n<h2><span style=\"font-weight: 400\">Che tipo di effetto ha questa marijuana?<\/span><\/h2>\n<p><span style=\"font-weight: 400\">L'effetto della Critical Purple Kush \u00e8 potente e tipicamente indica. Inizia con una leggera euforia cerebrale che lentamente lascia il posto ad un profondo rilassamento corporeo, con particolare incidenza sulle articolazioni e sulle estremit\u00e0 in generale. \u00c8 una variet\u00e0 ideale da consumare di notte e per chi cerca un effetto rilassante e di disconnessione.<\/span><\/p>\n<h2><span style=\"font-weight: 400\">Acquistare i semi femminizzati Critical Purple Kush al miglior prezzo online<\/span><\/h2>\n<p><span style=\"font-weight: 400\">Acquistate i vostri semi femminizzati Critical Purple Kush dal nostro negozio online e preparatevi per un raccolto eccezionale. Disponibili in varie confezioni e a prezzi molto competitivi, questi semi sono un'aggiunta indispensabile per ogni coltivatore. Ordinate ora e godetevi una variet\u00e0 unica per gusto, effetto e aspetto.<\/span><\/p>\n<h2><span style=\"font-weight: 400\">Domande frequenti su Critica Purple Kush:<\/span><\/h2>\n<h3><span style=\"font-weight: 400\">L'Critical Purple Kush \u00e8 resistente alle malattie?<\/span><\/h3>\n<p><span style=\"font-weight: 400\">S\u00ec, questa variet\u00e0 mostra una buona resistenza alle comuni malattie delle piante di cannabis.<\/span><\/p>\n<h3><span style=\"font-weight: 400\">In che modo il pH del terreno influisce sul colore dell'Critical Purple Kush?<\/span><\/h3>\n<p><span style=\"font-weight: 400\">Un pH ben bilanciato \u00e8 fondamentale per la salute generale della pianta, ma i colori viola e nero sono per lo pi\u00f9 genetici e meno dipendenti dal pH.<\/span><\/p>\n<h3><span style=\"font-weight: 400\">Qual \u00e8 il modo migliore per intensificare il sapore dell'Critical Purple Kush?<\/span><\/h3>\n<p><span style=\"font-weight: 400\">Una lenta e corretta stagionatura post-raccolta pu\u00f2 intensificare e migliorare significativamente il profilo aromatico dell'Critical Purple Kush.<\/span><\/p>\n<h3><span style=\"font-weight: 400\">L'Critical Purple Kush \u00e8 adatto alle estrazioni?<\/span><\/h3>\n<p><span style=\"font-weight: 400\">S\u00ec, la sua elevata produzione di resina la rende ideale per la produzione di concentrati ed estrazioni di alta qualit\u00e0.<\/span><\/p>\n<p>&nbsp;<\/p>","protected":false},"excerpt":{"rendered":"<p>Ibrido dal grande gusto e dall'eccellente produzione nato dall'incrocio di due dei cloni pi\u00f9 pregiati del nostro pool genetico privato, Critical e Purple OG. Struttura della pianta che ricorda la critical ma con una nota di colore che le conferisce il suo parentale Purple OG, grazie al quale la maggior parte degli esemplari acquisisce colori viola anche neri sia sulle foglie che sulle cime in assenza di basse temperature. Ha un sapore dolce e un aroma complesso, con note di caff\u00e8 e terra. Resistente ai parassiti.<\/p>","protected":false},"featured_media":19680,"comment_status":"open","ping_status":"closed","template":"","meta":{"_acf_changed":false},"product_brand":[],"product_cat":[69],"product_tag":[],"class_list":{"0":"post-330","1":"product","2":"type-product","3":"status-publish","4":"has-post-thumbnail","6":"product_cat-feminizadas","8":"first","9":"instock","10":"taxable","11":"shipping-taxable","12":"purchasable","13":"product-type-variable"},"acf":[],"yoast_head":"<!-- This site is optimized with the Yoast SEO Premium plugin v26.3 (Yoast SEO v26.6) - https:\/\/yoast.com\/wordpress\/plugins\/seo\/ -->\n<title>Critical Purple Kush - Advanced Seeds<\/title>\n<meta name=\"robots\" content=\"index, follow, max-snippet:-1, max-image-preview:large, max-video-preview:-1\" \/>\n<link rel=\"canonical\" href=\"https:\/\/advancedseeds.com\/it\/tienda\/feminizadas\/critical-purple-kush\/\" \/>\n<meta property=\"og:locale\" content=\"it_IT\" \/>\n<meta property=\"og:type\" content=\"article\" \/>\n<meta property=\"og:title\" content=\"Critical Purple Kush\" \/>\n<meta property=\"og:description\" content=\"Hibrido con gran sabor y excelente producci\u00f3n que nace del cruce de dos de los clones m\u00e1s preciados de nuestras reserva gen\u00e9tica privada, Critical y Purple OG. Planta que en estructura recuerda a la critical pero con una nota de color que le aporta su parental Purple OG, por el cual la mayor parte de los ejemplares adquiere colores morados incluso negros tanto en las hojas como en los cogollos sin necesidad de bajas temperaturas. De sabor dulce y aroma complejo, en ella podr\u00e1s encontrar notas a caf\u00e9 y a tierra. Resistente a las plagas.\" \/>\n<meta property=\"og:url\" content=\"https:\/\/advancedseeds.com\/it\/tienda\/feminizadas\/critical-purple-kush\/\" \/>\n<meta property=\"og:site_name\" content=\"Advanced Seeds\" \/>\n<meta property=\"article:modified_time\" content=\"2025-03-22T17:32:47+00:00\" \/>\n<meta property=\"og:image\" content=\"https:\/\/advancedseeds.com\/web\/wp-content\/uploads\/2021\/01\/Critical-Purple-Kush-scaled.jpg\" \/>\n\t<meta property=\"og:image:width\" content=\"1929\" \/>\n\t<meta property=\"og:image:height\" content=\"2560\" \/>\n\t<meta property=\"og:image:type\" content=\"image\/jpeg\" \/>\n<meta name=\"twitter:card\" content=\"summary_large_image\" \/>\n<meta name=\"twitter:label1\" content=\"Tempo di lettura stimato\" \/>\n\t<meta name=\"twitter:data1\" content=\"4 minuti\" \/>\n<script type=\"application\/ld+json\" class=\"yoast-schema-graph\">{\"@context\":\"https:\/\/schema.org\",\"@graph\":[{\"@type\":\"WebPage\",\"@id\":\"https:\/\/advancedseeds.com\/tienda\/feminizadas\/critical-purple-kush\/\",\"url\":\"https:\/\/advancedseeds.com\/tienda\/feminizadas\/critical-purple-kush\/\",\"name\":\"Critical Purple Kush - Advanced Seeds\",\"isPartOf\":{\"@id\":\"https:\/\/advancedseeds.com\/#website\"},\"primaryImageOfPage\":{\"@id\":\"https:\/\/advancedseeds.com\/tienda\/feminizadas\/critical-purple-kush\/#primaryimage\"},\"image\":{\"@id\":\"https:\/\/advancedseeds.com\/tienda\/feminizadas\/critical-purple-kush\/#primaryimage\"},\"thumbnailUrl\":\"https:\/\/advancedseeds.com\/web\/wp-content\/uploads\/2021\/01\/Critical-Purple-Kush-scaled.jpg\",\"datePublished\":\"2021-01-14T17:16:33+00:00\",\"dateModified\":\"2025-03-22T17:32:47+00:00\",\"breadcrumb\":{\"@id\":\"https:\/\/advancedseeds.com\/tienda\/feminizadas\/critical-purple-kush\/#breadcrumb\"},\"inLanguage\":\"it-IT\",\"potentialAction\":[{\"@type\":\"ReadAction\",\"target\":[\"https:\/\/advancedseeds.com\/tienda\/feminizadas\/critical-purple-kush\/\"]}]},{\"@type\":\"ImageObject\",\"inLanguage\":\"it-IT\",\"@id\":\"https:\/\/advancedseeds.com\/tienda\/feminizadas\/critical-purple-kush\/#primaryimage\",\"url\":\"https:\/\/advancedseeds.com\/web\/wp-content\/uploads\/2021\/01\/Critical-Purple-Kush-scaled.jpg\",\"contentUrl\":\"https:\/\/advancedseeds.com\/web\/wp-content\/uploads\/2021\/01\/Critical-Purple-Kush-scaled.jpg\",\"width\":1929,\"height\":2560},{\"@type\":\"BreadcrumbList\",\"@id\":\"https:\/\/advancedseeds.com\/tienda\/feminizadas\/critical-purple-kush\/#breadcrumb\",\"itemListElement\":[{\"@type\":\"ListItem\",\"position\":1,\"name\":\"Home\",\"item\":\"https:\/\/advancedseeds.com\/\"},{\"@type\":\"ListItem\",\"position\":2,\"name\":\"Tienda\",\"item\":\"https:\/\/advancedseeds.com\/\"},{\"@type\":\"ListItem\",\"position\":3,\"name\":\"Critical Purple Kush\"}]},{\"@type\":\"WebSite\",\"@id\":\"https:\/\/advancedseeds.com\/#website\",\"url\":\"https:\/\/advancedseeds.com\/\",\"name\":\"Advanced Seeds\",\"description\":\"Gen\u00e9ticas Avanzadas en semillas feminizadas y autom\u00e1ticas.\",\"publisher\":{\"@id\":\"https:\/\/advancedseeds.com\/#organization\"},\"potentialAction\":[{\"@type\":\"SearchAction\",\"target\":{\"@type\":\"EntryPoint\",\"urlTemplate\":\"https:\/\/advancedseeds.com\/?s={search_term_string}\"},\"query-input\":{\"@type\":\"PropertyValueSpecification\",\"valueRequired\":true,\"valueName\":\"search_term_string\"}}],\"inLanguage\":\"it-IT\"},{\"@type\":\"Organization\",\"@id\":\"https:\/\/advancedseeds.com\/#organization\",\"name\":\"Advanced Seeds\",\"url\":\"https:\/\/advancedseeds.com\/\",\"logo\":{\"@type\":\"ImageObject\",\"inLanguage\":\"it-IT\",\"@id\":\"https:\/\/advancedseeds.com\/#\/schema\/logo\/image\/\",\"url\":\"https:\/\/advancedseeds.com\/web\/wp-content\/uploads\/2021\/01\/logo-advanced.jpg\",\"contentUrl\":\"https:\/\/advancedseeds.com\/web\/wp-content\/uploads\/2021\/01\/logo-advanced.jpg\",\"width\":600,\"height\":600,\"caption\":\"Advanced Seeds\"},\"image\":{\"@id\":\"https:\/\/advancedseeds.com\/#\/schema\/logo\/image\/\"}}]}<\/script>\n<!-- \/ Yoast SEO Premium plugin. -->","yoast_head_json":{"title":"Critical Purple Kush - Advanced Seeds","robots":{"index":"index","follow":"follow","max-snippet":"max-snippet:-1","max-image-preview":"max-image-preview:large","max-video-preview":"max-video-preview:-1"},"canonical":"https:\/\/advancedseeds.com\/it\/tienda\/feminizadas\/critical-purple-kush\/","og_locale":"it_IT","og_type":"article","og_title":"Critical Purple Kush","og_description":"Hibrido con gran sabor y excelente producci\u00f3n que nace del cruce de dos de los clones m\u00e1s preciados de nuestras reserva gen\u00e9tica privada, Critical y Purple OG. Planta que en estructura recuerda a la critical pero con una nota de color que le aporta su parental Purple OG, por el cual la mayor parte de los ejemplares adquiere colores morados incluso negros tanto en las hojas como en los cogollos sin necesidad de bajas temperaturas. De sabor dulce y aroma complejo, en ella podr\u00e1s encontrar notas a caf\u00e9 y a tierra. Resistente a las plagas.","og_url":"https:\/\/advancedseeds.com\/it\/tienda\/feminizadas\/critical-purple-kush\/","og_site_name":"Advanced Seeds","article_modified_time":"2025-03-22T17:32:47+00:00","og_image":[{"width":1929,"height":2560,"url":"https:\/\/advancedseeds.com\/web\/wp-content\/uploads\/2021\/01\/Critical-Purple-Kush-scaled.jpg","type":"image\/jpeg"}],"twitter_card":"summary_large_image","twitter_misc":{"Tempo di lettura stimato":"4 minuti"},"schema":{"@context":"https:\/\/schema.org","@graph":[{"@type":"WebPage","@id":"https:\/\/advancedseeds.com\/tienda\/feminizadas\/critical-purple-kush\/","url":"https:\/\/advancedseeds.com\/tienda\/feminizadas\/critical-purple-kush\/","name":"Critical Purple Kush - Advanced Seeds","isPartOf":{"@id":"https:\/\/advancedseeds.com\/#website"},"primaryImageOfPage":{"@id":"https:\/\/advancedseeds.com\/tienda\/feminizadas\/critical-purple-kush\/#primaryimage"},"image":{"@id":"https:\/\/advancedseeds.com\/tienda\/feminizadas\/critical-purple-kush\/#primaryimage"},"thumbnailUrl":"https:\/\/advancedseeds.com\/web\/wp-content\/uploads\/2021\/01\/Critical-Purple-Kush-scaled.jpg","datePublished":"2021-01-14T17:16:33+00:00","dateModified":"2025-03-22T17:32:47+00:00","breadcrumb":{"@id":"https:\/\/advancedseeds.com\/tienda\/feminizadas\/critical-purple-kush\/#breadcrumb"},"inLanguage":"it-IT","potentialAction":[{"@type":"ReadAction","target":["https:\/\/advancedseeds.com\/tienda\/feminizadas\/critical-purple-kush\/"]}]},{"@type":"ImageObject","inLanguage":"it-IT","@id":"https:\/\/advancedseeds.com\/tienda\/feminizadas\/critical-purple-kush\/#primaryimage","url":"https:\/\/advancedseeds.com\/web\/wp-content\/uploads\/2021\/01\/Critical-Purple-Kush-scaled.jpg","contentUrl":"https:\/\/advancedseeds.com\/web\/wp-content\/uploads\/2021\/01\/Critical-Purple-Kush-scaled.jpg","width":1929,"height":2560},{"@type":"BreadcrumbList","@id":"https:\/\/advancedseeds.com\/tienda\/feminizadas\/critical-purple-kush\/#breadcrumb","itemListElement":[{"@type":"ListItem","position":1,"name":"Home","item":"https:\/\/advancedseeds.com\/"},{"@type":"ListItem","position":2,"name":"Tienda","item":"https:\/\/advancedseeds.com\/"},{"@type":"ListItem","position":3,"name":"Critical Purple Kush"}]},{"@type":"WebSite","@id":"https:\/\/advancedseeds.com\/#website","url":"https:\/\/advancedseeds.com\/","name":"Semi avanzati","description":"Genetica avanzata in semi femminizzati e automatici.","publisher":{"@id":"https:\/\/advancedseeds.com\/#organization"},"potentialAction":[{"@type":"SearchAction","target":{"@type":"EntryPoint","urlTemplate":"https:\/\/advancedseeds.com\/?s={search_term_string}"},"query-input":{"@type":"PropertyValueSpecification","valueRequired":true,"valueName":"search_term_string"}}],"inLanguage":"it-IT"},{"@type":"Organization","@id":"https:\/\/advancedseeds.com\/#organization","name":"Semi avanzati","url":"https:\/\/advancedseeds.com\/","logo":{"@type":"ImageObject","inLanguage":"it-IT","@id":"https:\/\/advancedseeds.com\/#\/schema\/logo\/image\/","url":"https:\/\/advancedseeds.com\/web\/wp-content\/uploads\/2021\/01\/logo-advanced.jpg","contentUrl":"https:\/\/advancedseeds.com\/web\/wp-content\/uploads\/2021\/01\/logo-advanced.jpg","width":600,"height":600,"caption":"Advanced Seeds"},"image":{"@id":"https:\/\/advancedseeds.com\/#\/schema\/logo\/image\/"}}]}},"_links":{"self":[{"href":"https:\/\/advancedseeds.com\/it\/wp-json\/wp\/v2\/product\/330","targetHints":{"allow":["GET"]}}],"collection":[{"href":"https:\/\/advancedseeds.com\/it\/wp-json\/wp\/v2\/product"}],"about":[{"href":"https:\/\/advancedseeds.com\/it\/wp-json\/wp\/v2\/types\/product"}],"replies":[{"embeddable":true,"href":"https:\/\/advancedseeds.com\/it\/wp-json\/wp\/v2\/comments?post=330"}],"wp:featuredmedia":[{"embeddable":true,"href":"https:\/\/advancedseeds.com\/it\/wp-json\/wp\/v2\/media\/19680"}],"wp:attachment":[{"href":"https:\/\/advancedseeds.com\/it\/wp-json\/wp\/v2\/media?parent=330"}],"wp:term":[{"taxonomy":"product_brand","embeddable":true,"href":"https:\/\/advancedseeds.com\/it\/wp-json\/wp\/v2\/product_brand?post=330"},{"taxonomy":"product_cat","embeddable":true,"href":"https:\/\/advancedseeds.com\/it\/wp-json\/wp\/v2\/product_cat?post=330"},{"taxonomy":"product_tag","embeddable":true,"href":"https:\/\/advancedseeds.com\/it\/wp-json\/wp\/v2\/product_tag?post=330"}],"curies":[{"name":"wp","href":"https:\/\/api.w.org\/{rel}","templated":true}]}}