{"id":344,"date":"2021-01-14T17:17:16","date_gmt":"2021-01-14T17:17:16","guid":{"rendered":"https:\/\/advancedseeds.com\/web\/producto\/gelato-33-fast\/"},"modified":"2025-03-22T16:42:57","modified_gmt":"2025-03-22T15:42:57","slug":"gelato-33-fast","status":"publish","type":"product","link":"https:\/\/advancedseeds.com\/it\/tienda\/fast\/gelato-33-fast\/","title":{"rendered":"Gelato #33 Veloce"},"content":{"rendered":"<p>Benvenuti su Advanced Seeds, oggi vi presentiamo il <b>Semi di Gelato #33 Fast di Advanced Seeds<\/b> sono il fiore all'occhiello per i coltivatori che cercano la perfetta combinazione di velocit\u00e0 e qualit\u00e0. Il <a href=\"https:\/\/advancedseeds.com\/web\/categoria-producto\/fast\/\">Semi veloci<\/a> Gelato si distingue per il suo ciclo di fioritura accelerato e per le sue cime dense e resinose, ma se volete conoscerla a fondo, la cosa migliore da fare \u00e8 continuare a leggere questa descrizione.<\/p>\n<h2>Qual \u00e8 la genetica di questi semi?<\/h2>\n<p>La Gelato #33 Fast \u00e8 un ibrido Indica\/Sativa, una versione veloce della famosa <a href=\"https:\/\/advancedseeds.com\/web\/producto\/gelato-33\/\">Gelato #33<\/a> che \u00e8 stata impollinata da <a href=\"https:\/\/advancedseeds.com\/web\/producto\/auto-gelato-33\/\">Auto Gelato #33<\/a> per incorporare i geni responsabili dell'autofiorenza spontanea in tutta la progenie. Questo incrocio tra genetiche ad alto rendimento ha dato vita a una pianta che mantiene l'essenza della Gelato in termini di sapore ed effetto, ma con un tempo di fioritura molto pi\u00f9 rapido. L'eredit\u00e0 dei suoi genitori si riflette nella sua robustezza e nella sua capacit\u00e0 di produrre una grande quantit\u00e0 di resina nel minor tempo possibile.<\/p>\n<h2>Che aspetto ha l'Gelato #33 Fast?<\/h2>\n<p>In termini di aspetto, la Gelato #33 Fast sviluppa una struttura solida e allungata, un po' pi\u00f9 aperta e ramificata rispetto alla versione normale. Al chiuso, le sue dimensioni sono abbastanza gestibili, mentre all'aperto pu\u00f2 raggiungere altezze notevoli se ha molta luce e substrato. Le sue cime, di medie dimensioni ma super dure, sono una delizia visiva e olfattiva, con sfumature che vanno dal verde scuro al viola, che in condizioni di freddo intenso possono diventare quasi nere.<\/p>\n<h2>Come si coltivano questi semi all'interno e all'esterno?<\/h2>\n<h3>Coltivazione indoor:<\/h3>\n<p>La Gelato #33 Fast \u00e8 ideale per chi cerca una produzione veloce ed efficiente, cos\u00ec come per i coltivatori inesperti che vogliono godersi il gusto e l'effetto della famosa Gelato. Ricordate che si tratta di una variet\u00e0 fotoperiodica, quindi ha bisogno di 18 ore di luce al giorno durante la fase di crescita e di almeno 12 ore di buio durante la fioritura, che devono essere pienamente rispettate per non stressare le piante.<\/p>\n<h3>Coltivazione all'aperto:<\/h3>\n<p>Questa variet\u00e0 mostra il suo vigore e la sua resistenza in modo pi\u00f9 evidente rispetto alle coltivazioni indoor, il che la rende perfetta per i coltivatori alle prime armi. Grazie al suo tempo di fioritura veloce, \u00e8 possibile raccogliere prima rispetto alle normali variet\u00e0 da fiore, evitando cos\u00ec i rischi del cattivo tempo autunnale. La Gelato #33 Fast si adatta bene a diverse condizioni climatiche, mostrando una straordinaria resistenza a parassiti e malattie. \u00c8 importante posizionare dei paletti in modo che le piante possano produrre pi\u00f9 peso nelle cime senza il rischio di rottura dei rami.<\/p>\n<h2>Quando vengono raccolti i semi femminilizzati Gelato #33 Fast?<\/h2>\n<p>Al chiuso, la Gelato #33 Fast viene raccolta dopo 45-55 giorni di fioritura. All'aperto, questa variet\u00e0 \u00e8 pronta per il raccolto all'inizio di settembre nell'emisfero settentrionale, consentendo ai coltivatori di evitare le piogge autunnali e di garantire un raccolto di qualit\u00e0.<\/p>\n<h2>Quanto producono questi semi?<\/h2>\n<p>Le rese della Gelato #33 Fast sono impressionanti sia indoor che outdoor. In condizioni controllate, \u00e8 possibile ottenere rese fino a 550 gr\/m\u00b2, mentre all'aperto ogni pianta pu\u00f2 produrre oltre 600 grammi di cime resinose e potenti.<\/p>\n<h2>Com'\u00e8 l'aroma e il gusto dell'Gelato #33 Fast?<\/h2>\n<p>Il profilo aromatico della Gelato #33 Fast \u00e8 una delle sue caratteristiche principali. Gli utenti possono aspettarsi una deliziosa fusione di sapori agrumati, dolci, rinfrescanti e fruttati che persistono sul palato. L'aroma \u00e8 altrettanto attraente e offre note fresche, mentolate e di carburante che completano la complessit\u00e0 del gusto.<\/p>\n<h2>Che tipo di effetto ha questa marijuana?<\/h2>\n<p>Con 24% di THC, la Gelato #33 Fast offre un effetto potente ed equilibrato. Inizia con una stimolante euforia cerebrale, che si sente scorrere lungo la schiena e nel cervello, dove lo attiva completamente, seguita da un profondo rilassamento fisico che non termina con la psicoattivit\u00e0, ma si fonde con essa per ore. \u00c8 ideale da gustare a fine giornata o nei momenti di svago e riflessione.<\/p>\n<h2>Acquistare semi femminizzati Gelato #33 Fast al miglior prezzo online<\/h2>\n<p>Non esitate e acquistate i vostri semi di Gelato #33 Fast da Advanced Seeds. Godetevi la fioritura veloce, le alte rese di cime e tricomi, i sapori squisiti e gli effetti potenti, ordinate oggi e vivete un'esperienza di coltivazione indimenticabile!<\/p>\n<h2>Domande frequenti su Gelato #33 Fast<\/h2>\n<h3>L'Gelato #33 Fast \u00e8 adatto alle tecniche di potatura?<\/h3>\n<p>S\u00ec, risponde bene a tecniche come la cimatura o la FIM per ottimizzare la sua produzione.<\/p>\n<h3>Come gestire l'irrigazione in Gelato #33 Fast?<\/h3>\n<p>\u00c8 fondamentale evitare le annaffiature eccessive, soprattutto nelle prime fasi di crescita.<\/p>\n<h3>Che tipo di illuminazione \u00e8 ideale per la Gelato #33 Fast in interni?<\/h3>\n<p>Le luci LED o SHP a spettro completo sono ideali per promuovere una crescita sana.<\/p>\n<h3>Quali precauzioni bisogna prendere quando si coltiva la Gelato #33 Fast all'aperto?<\/h3>\n<p>Proteggerlo dal gelo e garantire una buona esposizione al sole \u00e8 essenziale per il suo sviluppo.<\/p>","protected":false},"excerpt":{"rendered":"<p>-<\/p>","protected":false},"featured_media":19684,"comment_status":"open","ping_status":"closed","template":"","meta":{"_acf_changed":false},"product_brand":[],"product_cat":[80],"product_tag":[],"class_list":{"0":"post-344","1":"product","2":"type-product","3":"status-publish","4":"has-post-thumbnail","6":"product_cat-fast","8":"first","9":"instock","10":"taxable","11":"shipping-taxable","12":"purchasable","13":"product-type-variable"},"acf":[],"yoast_head":"<!-- This site is optimized with the Yoast SEO Premium plugin v26.3 (Yoast SEO v26.6) - https:\/\/yoast.com\/wordpress\/plugins\/seo\/ -->\n<title>Gelato #33 Fast - Advanced Seeds<\/title>\n<meta name=\"robots\" content=\"index, follow, max-snippet:-1, max-image-preview:large, max-video-preview:-1\" \/>\n<link rel=\"canonical\" href=\"https:\/\/advancedseeds.com\/it\/tienda\/fast\/gelato-33-fast\/\" \/>\n<meta property=\"og:locale\" content=\"it_IT\" \/>\n<meta property=\"og:type\" content=\"article\" \/>\n<meta property=\"og:title\" content=\"Gelato #33 Fast\" \/>\n<meta property=\"og:description\" content=\"-\" \/>\n<meta property=\"og:url\" content=\"https:\/\/advancedseeds.com\/it\/tienda\/fast\/gelato-33-fast\/\" \/>\n<meta property=\"og:site_name\" content=\"Advanced Seeds\" \/>\n<meta property=\"article:modified_time\" content=\"2025-03-22T15:42:57+00:00\" \/>\n<meta property=\"og:image\" content=\"https:\/\/advancedseeds.com\/web\/wp-content\/uploads\/2021\/01\/Gelato-33-Fast-scaled.jpg\" \/>\n\t<meta property=\"og:image:width\" content=\"1929\" \/>\n\t<meta property=\"og:image:height\" content=\"2560\" \/>\n\t<meta property=\"og:image:type\" content=\"image\/jpeg\" \/>\n<meta name=\"twitter:card\" content=\"summary_large_image\" \/>\n<meta name=\"twitter:label1\" content=\"Tempo di lettura stimato\" \/>\n\t<meta name=\"twitter:data1\" content=\"4 minuti\" \/>\n<script type=\"application\/ld+json\" class=\"yoast-schema-graph\">{\"@context\":\"https:\/\/schema.org\",\"@graph\":[{\"@type\":\"WebPage\",\"@id\":\"https:\/\/advancedseeds.com\/tienda\/fast\/gelato-33-fast\/\",\"url\":\"https:\/\/advancedseeds.com\/tienda\/fast\/gelato-33-fast\/\",\"name\":\"Gelato #33 Fast - Advanced Seeds\",\"isPartOf\":{\"@id\":\"https:\/\/advancedseeds.com\/#website\"},\"primaryImageOfPage\":{\"@id\":\"https:\/\/advancedseeds.com\/tienda\/fast\/gelato-33-fast\/#primaryimage\"},\"image\":{\"@id\":\"https:\/\/advancedseeds.com\/tienda\/fast\/gelato-33-fast\/#primaryimage\"},\"thumbnailUrl\":\"https:\/\/advancedseeds.com\/web\/wp-content\/uploads\/2021\/01\/Gelato-33-Fast-scaled.jpg\",\"datePublished\":\"2021-01-14T17:17:16+00:00\",\"dateModified\":\"2025-03-22T15:42:57+00:00\",\"breadcrumb\":{\"@id\":\"https:\/\/advancedseeds.com\/tienda\/fast\/gelato-33-fast\/#breadcrumb\"},\"inLanguage\":\"it-IT\",\"potentialAction\":[{\"@type\":\"ReadAction\",\"target\":[\"https:\/\/advancedseeds.com\/tienda\/fast\/gelato-33-fast\/\"]}]},{\"@type\":\"ImageObject\",\"inLanguage\":\"it-IT\",\"@id\":\"https:\/\/advancedseeds.com\/tienda\/fast\/gelato-33-fast\/#primaryimage\",\"url\":\"https:\/\/advancedseeds.com\/web\/wp-content\/uploads\/2021\/01\/Gelato-33-Fast-scaled.jpg\",\"contentUrl\":\"https:\/\/advancedseeds.com\/web\/wp-content\/uploads\/2021\/01\/Gelato-33-Fast-scaled.jpg\",\"width\":1929,\"height\":2560},{\"@type\":\"BreadcrumbList\",\"@id\":\"https:\/\/advancedseeds.com\/tienda\/fast\/gelato-33-fast\/#breadcrumb\",\"itemListElement\":[{\"@type\":\"ListItem\",\"position\":1,\"name\":\"Home\",\"item\":\"https:\/\/advancedseeds.com\/\"},{\"@type\":\"ListItem\",\"position\":2,\"name\":\"Tienda\",\"item\":\"https:\/\/advancedseeds.com\/\"},{\"@type\":\"ListItem\",\"position\":3,\"name\":\"Gelato #33 Fast\"}]},{\"@type\":\"WebSite\",\"@id\":\"https:\/\/advancedseeds.com\/#website\",\"url\":\"https:\/\/advancedseeds.com\/\",\"name\":\"Advanced Seeds\",\"description\":\"Gen\u00e9ticas Avanzadas en semillas feminizadas y autom\u00e1ticas.\",\"publisher\":{\"@id\":\"https:\/\/advancedseeds.com\/#organization\"},\"potentialAction\":[{\"@type\":\"SearchAction\",\"target\":{\"@type\":\"EntryPoint\",\"urlTemplate\":\"https:\/\/advancedseeds.com\/?s={search_term_string}\"},\"query-input\":{\"@type\":\"PropertyValueSpecification\",\"valueRequired\":true,\"valueName\":\"search_term_string\"}}],\"inLanguage\":\"it-IT\"},{\"@type\":\"Organization\",\"@id\":\"https:\/\/advancedseeds.com\/#organization\",\"name\":\"Advanced Seeds\",\"url\":\"https:\/\/advancedseeds.com\/\",\"logo\":{\"@type\":\"ImageObject\",\"inLanguage\":\"it-IT\",\"@id\":\"https:\/\/advancedseeds.com\/#\/schema\/logo\/image\/\",\"url\":\"https:\/\/advancedseeds.com\/web\/wp-content\/uploads\/2021\/01\/logo-advanced.jpg\",\"contentUrl\":\"https:\/\/advancedseeds.com\/web\/wp-content\/uploads\/2021\/01\/logo-advanced.jpg\",\"width\":600,\"height\":600,\"caption\":\"Advanced Seeds\"},\"image\":{\"@id\":\"https:\/\/advancedseeds.com\/#\/schema\/logo\/image\/\"}}]}<\/script>\n<!-- \/ Yoast SEO Premium plugin. -->","yoast_head_json":{"title":"Gelato #33 Fast - Advanced Seeds","robots":{"index":"index","follow":"follow","max-snippet":"max-snippet:-1","max-image-preview":"max-image-preview:large","max-video-preview":"max-video-preview:-1"},"canonical":"https:\/\/advancedseeds.com\/it\/tienda\/fast\/gelato-33-fast\/","og_locale":"it_IT","og_type":"article","og_title":"Gelato #33 Fast","og_description":"-","og_url":"https:\/\/advancedseeds.com\/it\/tienda\/fast\/gelato-33-fast\/","og_site_name":"Advanced Seeds","article_modified_time":"2025-03-22T15:42:57+00:00","og_image":[{"width":1929,"height":2560,"url":"https:\/\/advancedseeds.com\/web\/wp-content\/uploads\/2021\/01\/Gelato-33-Fast-scaled.jpg","type":"image\/jpeg"}],"twitter_card":"summary_large_image","twitter_misc":{"Tempo di lettura stimato":"4 minuti"},"schema":{"@context":"https:\/\/schema.org","@graph":[{"@type":"WebPage","@id":"https:\/\/advancedseeds.com\/tienda\/fast\/gelato-33-fast\/","url":"https:\/\/advancedseeds.com\/tienda\/fast\/gelato-33-fast\/","name":"Gelato #33 Fast - Advanced Seeds","isPartOf":{"@id":"https:\/\/advancedseeds.com\/#website"},"primaryImageOfPage":{"@id":"https:\/\/advancedseeds.com\/tienda\/fast\/gelato-33-fast\/#primaryimage"},"image":{"@id":"https:\/\/advancedseeds.com\/tienda\/fast\/gelato-33-fast\/#primaryimage"},"thumbnailUrl":"https:\/\/advancedseeds.com\/web\/wp-content\/uploads\/2021\/01\/Gelato-33-Fast-scaled.jpg","datePublished":"2021-01-14T17:17:16+00:00","dateModified":"2025-03-22T15:42:57+00:00","breadcrumb":{"@id":"https:\/\/advancedseeds.com\/tienda\/fast\/gelato-33-fast\/#breadcrumb"},"inLanguage":"it-IT","potentialAction":[{"@type":"ReadAction","target":["https:\/\/advancedseeds.com\/tienda\/fast\/gelato-33-fast\/"]}]},{"@type":"ImageObject","inLanguage":"it-IT","@id":"https:\/\/advancedseeds.com\/tienda\/fast\/gelato-33-fast\/#primaryimage","url":"https:\/\/advancedseeds.com\/web\/wp-content\/uploads\/2021\/01\/Gelato-33-Fast-scaled.jpg","contentUrl":"https:\/\/advancedseeds.com\/web\/wp-content\/uploads\/2021\/01\/Gelato-33-Fast-scaled.jpg","width":1929,"height":2560},{"@type":"BreadcrumbList","@id":"https:\/\/advancedseeds.com\/tienda\/fast\/gelato-33-fast\/#breadcrumb","itemListElement":[{"@type":"ListItem","position":1,"name":"Home","item":"https:\/\/advancedseeds.com\/"},{"@type":"ListItem","position":2,"name":"Tienda","item":"https:\/\/advancedseeds.com\/"},{"@type":"ListItem","position":3,"name":"Gelato #33 Fast"}]},{"@type":"WebSite","@id":"https:\/\/advancedseeds.com\/#website","url":"https:\/\/advancedseeds.com\/","name":"Semi avanzati","description":"Genetica avanzata in semi femminizzati e automatici.","publisher":{"@id":"https:\/\/advancedseeds.com\/#organization"},"potentialAction":[{"@type":"SearchAction","target":{"@type":"EntryPoint","urlTemplate":"https:\/\/advancedseeds.com\/?s={search_term_string}"},"query-input":{"@type":"PropertyValueSpecification","valueRequired":true,"valueName":"search_term_string"}}],"inLanguage":"it-IT"},{"@type":"Organization","@id":"https:\/\/advancedseeds.com\/#organization","name":"Semi avanzati","url":"https:\/\/advancedseeds.com\/","logo":{"@type":"ImageObject","inLanguage":"it-IT","@id":"https:\/\/advancedseeds.com\/#\/schema\/logo\/image\/","url":"https:\/\/advancedseeds.com\/web\/wp-content\/uploads\/2021\/01\/logo-advanced.jpg","contentUrl":"https:\/\/advancedseeds.com\/web\/wp-content\/uploads\/2021\/01\/logo-advanced.jpg","width":600,"height":600,"caption":"Advanced Seeds"},"image":{"@id":"https:\/\/advancedseeds.com\/#\/schema\/logo\/image\/"}}]}},"_links":{"self":[{"href":"https:\/\/advancedseeds.com\/it\/wp-json\/wp\/v2\/product\/344","targetHints":{"allow":["GET"]}}],"collection":[{"href":"https:\/\/advancedseeds.com\/it\/wp-json\/wp\/v2\/product"}],"about":[{"href":"https:\/\/advancedseeds.com\/it\/wp-json\/wp\/v2\/types\/product"}],"replies":[{"embeddable":true,"href":"https:\/\/advancedseeds.com\/it\/wp-json\/wp\/v2\/comments?post=344"}],"wp:featuredmedia":[{"embeddable":true,"href":"https:\/\/advancedseeds.com\/it\/wp-json\/wp\/v2\/media\/19684"}],"wp:attachment":[{"href":"https:\/\/advancedseeds.com\/it\/wp-json\/wp\/v2\/media?parent=344"}],"wp:term":[{"taxonomy":"product_brand","embeddable":true,"href":"https:\/\/advancedseeds.com\/it\/wp-json\/wp\/v2\/product_brand?post=344"},{"taxonomy":"product_cat","embeddable":true,"href":"https:\/\/advancedseeds.com\/it\/wp-json\/wp\/v2\/product_cat?post=344"},{"taxonomy":"product_tag","embeddable":true,"href":"https:\/\/advancedseeds.com\/it\/wp-json\/wp\/v2\/product_tag?post=344"}],"curies":[{"name":"wp","href":"https:\/\/api.w.org\/{rel}","templated":true}]}}