{"id":345,"date":"2021-01-14T17:17:20","date_gmt":"2021-01-14T17:17:20","guid":{"rendered":"https:\/\/advancedseeds.com\/web\/producto\/gorilla-blue\/"},"modified":"2025-03-22T16:39:42","modified_gmt":"2025-03-22T15:39:42","slug":"gorilla-blue","status":"publish","type":"product","link":"https:\/\/advancedseeds.com\/it\/tienda\/feminizadas\/gorilla-blue\/","title":{"rendered":"Blu Gorilla"},"content":{"rendered":"<p><b>Blu Gorilla<\/b>il rivoluzionario <a href=\"https:\/\/advancedseeds.com\/web\/categoria-producto\/feminizadas\/\">Semi femminizzati<\/a> di Advanced Seeds, si distingue per le sue genetiche eccezionali e per i risultati sorprendenti. \u00c8 la scelta perfetta per i coltivatori che cercano qualit\u00e0 e resa senza complicarsi troppo la vita, dato che la sua genetica Indica la rende molto facile da coltivare.<\/p>\n<h2>Qual \u00e8 la genetica di questi semi?<\/h2>\n<p>Gorilla Blue deriva dalla <b>incrocio tra Gorilla Glue #4 e DJ Short Blueberry<\/b>. Questo ibrido a predominanza indica eredita il meglio dei suoi antenati: la copiosa resina e la potenza della Gorilla Glue, insieme ai dolci aromi e alla bellezza cromatica della Blueberry. Questa combinazione genetica garantisce un'esperienza di coltivazione e consumo senza pari, offrendo un perfetto equilibrio tra effetto rilassante e piacere sensoriale.<\/p>\n<h2>Che aspetto ha Gorilla Blue?<\/h2>\n<p>Visivamente, la Gorilla Blue \u00e8 una pianta che attira l'attenzione a prima vista. Ha un aspetto molto prominente, con steli grandi e foglie larghe con foglioline spesse. La distanza tra i nodi \u00e8 ideale per uno sviluppo denso e omogeneo, molto breve in modo che tutte le cime siano abbastanza vicine. Le sue gemme sono uno spettacolo: grandi, strette e ricoperte da uno spesso strato di resina lucida e appiccicosa. <b>La tavolozza di colori che acquisiscono durante la fioritura \u00e8 impressionante.<\/b>con sfumature che vanno dal verde intenso al viola intenso, a seconda delle condizioni ambientali.<\/p>\n<h2>Come si coltivano questi semi all'interno e all'esterno?<\/h2>\n<h3>Coltivazione indoor:<\/h3>\n<p>L'Gorilla Blue \u00e8 eccezionalmente adatto a metodi di ottimizzazione quali <b>SOG<\/b>Sfrutta appieno la sua morfologia compatta e colonnare per assimilare completamente la luce. Come altre variet\u00e0 indica, apprezza una leggera defogliazione all'inizio della fase di fioritura, che ne massimizza la resa e la qualit\u00e0. Con un periodo di fioritura piuttosto breve, \u00e8 ideale per cicli di coltivazione veloci o commerciali. Controlla l'ambiente, <b>soprattutto l'umidit\u00e0<\/b> durante la fase di ingrasso e maturazione delle gemme \u00e8 fondamentale per evitare problemi di muffa e ottenere i migliori risultati.<\/p>\n<h3>Coltivazione all'aperto:<\/h3>\n<p>La Gorilla Blue di solito non ha problemi se piantata in vasi di oltre 40 litri o direttamente in terra. Se l'apice principale non viene potato, raggiunge altezze notevoli di 250 cm o pi\u00f9 e gode di un ambiente soleggiato e protetto dal vento. \u00c8 resistente alle variazioni climatiche, ma trae grande beneficio da un terreno fertile e da un'adeguata irrigazione. Il fatto che produca cime cos\u00ec dense \u00e8 ottimo da un lato, ma pu\u00f2 anche essere un problema se si bagna perch\u00e9 si possono sviluppare funghi, quindi non \u00e8 una cattiva idea. <b>Applicare i fungicidi in modo preventivo<\/b>.<\/p>\n<h2>Quando viene raccolto l'Gorilla Blue?<\/h2>\n<p>Il raccolto della Gorilla Blue varia a seconda dell'ambiente di coltivazione. Al chiuso, \u00e8 pronta in circa <b>55-60 giorni di fioritura<\/b>\u00c8 una pianta veloce ed efficiente. All'aperto, nell'emisfero settentrionale, si raccoglie a fine settembre, sfruttando il clima per una perfetta maturazione prima dell'arrivo delle temute piogge autunnali. Nell'emisfero meridionale, la raccolta viene regolata secondo il ciclo stagionale inverso, cio\u00e8 a fine marzo.<\/p>\n<h2>Quanto producono questi semi?<\/h2>\n<p>I semi Gorilla Blue offrono rese impressionanti: <b>tra 550 e 600 gr\/m2 in ambienti interni<\/b> e generose quantit\u00e0 per pianta all'aperto che possono superare gli 800 grammi. La produzione di resina \u00e8 eccezionale, una caratteristica ereditata dalla appiccicosa Gorilla Glue. Anche il profilo terpenico \u00e8 ricco e vario, contribuendo al suo aroma e sapore unico.<\/p>\n<h2>Com'\u00e8 l'aroma e il gusto dell'Gorilla Blue?<\/h2>\n<p>Il profilo aromatico e gustativo della Gorilla Blue non si dimentica facilmente. Prevalentemente <b>note di frutti rossi e di bosco, con un tocco di dolcezza <\/b>e avvolgente. All'inspirazione il sapore \u00e8 intenso e fruttato, mentre all'espirazione lascia un retrogusto duraturo e piacevole. La ricchezza dei suoi terpeni non solo esalta l'esperienza sensoriale, ma contribuisce anche ai suoi effetti terapeutici potenziando l'effetto entourage.<\/p>\n<h2>Che tipo di effetto ha questa marijuana?<\/h2>\n<p>Con un elevato contenuto di THC, circa <b>24%<\/b>Gorilla Blue \u00e8 potente e piuttosto sedativo. \u00c8 ideale per il rilassamento profondo, per alleviare lo stress o come coadiuvante del sonno per l'insonnia. <b>Il suo effetto \u00e8 prevalentemente fisico<\/b>Offre un senso di rilassamento e benessere, ma ha anche un notevole impatto sulla mente, fornendo tranquillit\u00e0 e sollievo dall'ansia.<\/p>\n<h2>Compra semi femminilizzati Gorilla Blue al miglior prezzo online su Advancedseeds.com<\/h2>\n<p>Ordinate ora la Gorilla Blue da Advanced Seeds e sperimentate l'eccellenza della coltivazione. Questa variet\u00e0 non solo colpisce per la sua bellezza e potenza, ma anche per la sua versatilit\u00e0 e resistenza. Acquistate oggi stesso e portate la vostra esperienza di coltivazione al livello successivo - non perdete l'opportunit\u00e0 di coltivare una delle migliori genetiche sul mercato!<\/p>\n<h2>Domande frequenti su Gorilla Blue<\/h2>\n<h3>Che tipo di nutrienti preferisce Gorilla Blue?<\/h3>\n<p>Preferisce una dieta bilanciata, con particolare attenzione al potassio e al fosforo durante la fioritura per massimizzare la produzione di fiori e resina.<\/p>\n<h3>\u00c8 resistente a parassiti e malattie?<\/h3>\n<p>La Gorilla Blue \u00e8 relativamente resistente, ma si raccomanda di fare attenzione ai funghi e ai parassiti pi\u00f9 comuni, soprattutto nei climi umidi.<\/p>\n<h3>Qual \u00e8 la tecnica di potatura migliore per questa variet\u00e0?<\/h3>\n<p>All'interno non \u00e8 necessario potare, ma all'esterno la potatura apicale e la tecnica FIM sono efficaci per aumentare le rese e promuovere una crescita pi\u00f9 cespugliosa, oltre a distribuire meglio la produzione di gemme.<\/p>","protected":false},"excerpt":{"rendered":"<p>-<\/p>","protected":false},"featured_media":19685,"comment_status":"open","ping_status":"closed","template":"","meta":{"_acf_changed":false},"product_brand":[],"product_cat":[69],"product_tag":[],"class_list":{"0":"post-345","1":"product","2":"type-product","3":"status-publish","4":"has-post-thumbnail","6":"product_cat-feminizadas","8":"first","9":"instock","10":"taxable","11":"shipping-taxable","12":"purchasable","13":"product-type-variable"},"acf":[],"yoast_head":"<!-- This site is optimized with the Yoast SEO Premium plugin v26.3 (Yoast SEO v26.6) - https:\/\/yoast.com\/wordpress\/plugins\/seo\/ -->\n<title>Gorilla Blue - Advanced Seeds<\/title>\n<meta name=\"robots\" content=\"index, follow, max-snippet:-1, max-image-preview:large, max-video-preview:-1\" \/>\n<link rel=\"canonical\" href=\"https:\/\/advancedseeds.com\/it\/tienda\/feminizadas\/gorilla-blue\/\" \/>\n<meta property=\"og:locale\" content=\"it_IT\" \/>\n<meta property=\"og:type\" content=\"article\" \/>\n<meta property=\"og:title\" content=\"Gorilla Blue\" \/>\n<meta property=\"og:description\" content=\"-\" \/>\n<meta property=\"og:url\" content=\"https:\/\/advancedseeds.com\/it\/tienda\/feminizadas\/gorilla-blue\/\" \/>\n<meta property=\"og:site_name\" content=\"Advanced Seeds\" \/>\n<meta property=\"article:modified_time\" content=\"2025-03-22T15:39:42+00:00\" \/>\n<meta property=\"og:image\" content=\"https:\/\/advancedseeds.com\/web\/wp-content\/uploads\/2021\/01\/Gorilla-Blue-scaled.jpg\" \/>\n\t<meta property=\"og:image:width\" content=\"1929\" \/>\n\t<meta property=\"og:image:height\" content=\"2560\" \/>\n\t<meta property=\"og:image:type\" content=\"image\/jpeg\" \/>\n<meta name=\"twitter:card\" content=\"summary_large_image\" \/>\n<meta name=\"twitter:label1\" content=\"Tempo di lettura stimato\" \/>\n\t<meta name=\"twitter:data1\" content=\"5 minuti\" \/>\n<script type=\"application\/ld+json\" class=\"yoast-schema-graph\">{\"@context\":\"https:\/\/schema.org\",\"@graph\":[{\"@type\":\"WebPage\",\"@id\":\"https:\/\/advancedseeds.com\/tienda\/feminizadas\/gorilla-blue\/\",\"url\":\"https:\/\/advancedseeds.com\/tienda\/feminizadas\/gorilla-blue\/\",\"name\":\"Gorilla Blue - Advanced Seeds\",\"isPartOf\":{\"@id\":\"https:\/\/advancedseeds.com\/#website\"},\"primaryImageOfPage\":{\"@id\":\"https:\/\/advancedseeds.com\/tienda\/feminizadas\/gorilla-blue\/#primaryimage\"},\"image\":{\"@id\":\"https:\/\/advancedseeds.com\/tienda\/feminizadas\/gorilla-blue\/#primaryimage\"},\"thumbnailUrl\":\"https:\/\/advancedseeds.com\/web\/wp-content\/uploads\/2021\/01\/Gorilla-Blue-scaled.jpg\",\"datePublished\":\"2021-01-14T17:17:20+00:00\",\"dateModified\":\"2025-03-22T15:39:42+00:00\",\"breadcrumb\":{\"@id\":\"https:\/\/advancedseeds.com\/tienda\/feminizadas\/gorilla-blue\/#breadcrumb\"},\"inLanguage\":\"it-IT\",\"potentialAction\":[{\"@type\":\"ReadAction\",\"target\":[\"https:\/\/advancedseeds.com\/tienda\/feminizadas\/gorilla-blue\/\"]}]},{\"@type\":\"ImageObject\",\"inLanguage\":\"it-IT\",\"@id\":\"https:\/\/advancedseeds.com\/tienda\/feminizadas\/gorilla-blue\/#primaryimage\",\"url\":\"https:\/\/advancedseeds.com\/web\/wp-content\/uploads\/2021\/01\/Gorilla-Blue-scaled.jpg\",\"contentUrl\":\"https:\/\/advancedseeds.com\/web\/wp-content\/uploads\/2021\/01\/Gorilla-Blue-scaled.jpg\",\"width\":1929,\"height\":2560},{\"@type\":\"BreadcrumbList\",\"@id\":\"https:\/\/advancedseeds.com\/tienda\/feminizadas\/gorilla-blue\/#breadcrumb\",\"itemListElement\":[{\"@type\":\"ListItem\",\"position\":1,\"name\":\"Home\",\"item\":\"https:\/\/advancedseeds.com\/\"},{\"@type\":\"ListItem\",\"position\":2,\"name\":\"Tienda\",\"item\":\"https:\/\/advancedseeds.com\/\"},{\"@type\":\"ListItem\",\"position\":3,\"name\":\"Gorilla Blue\"}]},{\"@type\":\"WebSite\",\"@id\":\"https:\/\/advancedseeds.com\/#website\",\"url\":\"https:\/\/advancedseeds.com\/\",\"name\":\"Advanced Seeds\",\"description\":\"Gen\u00e9ticas Avanzadas en semillas feminizadas y autom\u00e1ticas.\",\"publisher\":{\"@id\":\"https:\/\/advancedseeds.com\/#organization\"},\"potentialAction\":[{\"@type\":\"SearchAction\",\"target\":{\"@type\":\"EntryPoint\",\"urlTemplate\":\"https:\/\/advancedseeds.com\/?s={search_term_string}\"},\"query-input\":{\"@type\":\"PropertyValueSpecification\",\"valueRequired\":true,\"valueName\":\"search_term_string\"}}],\"inLanguage\":\"it-IT\"},{\"@type\":\"Organization\",\"@id\":\"https:\/\/advancedseeds.com\/#organization\",\"name\":\"Advanced Seeds\",\"url\":\"https:\/\/advancedseeds.com\/\",\"logo\":{\"@type\":\"ImageObject\",\"inLanguage\":\"it-IT\",\"@id\":\"https:\/\/advancedseeds.com\/#\/schema\/logo\/image\/\",\"url\":\"https:\/\/advancedseeds.com\/web\/wp-content\/uploads\/2021\/01\/logo-advanced.jpg\",\"contentUrl\":\"https:\/\/advancedseeds.com\/web\/wp-content\/uploads\/2021\/01\/logo-advanced.jpg\",\"width\":600,\"height\":600,\"caption\":\"Advanced Seeds\"},\"image\":{\"@id\":\"https:\/\/advancedseeds.com\/#\/schema\/logo\/image\/\"}}]}<\/script>\n<!-- \/ Yoast SEO Premium plugin. -->","yoast_head_json":{"title":"Gorilla Blue - Advanced Seeds","robots":{"index":"index","follow":"follow","max-snippet":"max-snippet:-1","max-image-preview":"max-image-preview:large","max-video-preview":"max-video-preview:-1"},"canonical":"https:\/\/advancedseeds.com\/it\/tienda\/feminizadas\/gorilla-blue\/","og_locale":"it_IT","og_type":"article","og_title":"Gorilla Blue","og_description":"-","og_url":"https:\/\/advancedseeds.com\/it\/tienda\/feminizadas\/gorilla-blue\/","og_site_name":"Advanced Seeds","article_modified_time":"2025-03-22T15:39:42+00:00","og_image":[{"width":1929,"height":2560,"url":"https:\/\/advancedseeds.com\/web\/wp-content\/uploads\/2021\/01\/Gorilla-Blue-scaled.jpg","type":"image\/jpeg"}],"twitter_card":"summary_large_image","twitter_misc":{"Tempo di lettura stimato":"5 minuti"},"schema":{"@context":"https:\/\/schema.org","@graph":[{"@type":"WebPage","@id":"https:\/\/advancedseeds.com\/tienda\/feminizadas\/gorilla-blue\/","url":"https:\/\/advancedseeds.com\/tienda\/feminizadas\/gorilla-blue\/","name":"Gorilla Blue - Advanced Seeds","isPartOf":{"@id":"https:\/\/advancedseeds.com\/#website"},"primaryImageOfPage":{"@id":"https:\/\/advancedseeds.com\/tienda\/feminizadas\/gorilla-blue\/#primaryimage"},"image":{"@id":"https:\/\/advancedseeds.com\/tienda\/feminizadas\/gorilla-blue\/#primaryimage"},"thumbnailUrl":"https:\/\/advancedseeds.com\/web\/wp-content\/uploads\/2021\/01\/Gorilla-Blue-scaled.jpg","datePublished":"2021-01-14T17:17:20+00:00","dateModified":"2025-03-22T15:39:42+00:00","breadcrumb":{"@id":"https:\/\/advancedseeds.com\/tienda\/feminizadas\/gorilla-blue\/#breadcrumb"},"inLanguage":"it-IT","potentialAction":[{"@type":"ReadAction","target":["https:\/\/advancedseeds.com\/tienda\/feminizadas\/gorilla-blue\/"]}]},{"@type":"ImageObject","inLanguage":"it-IT","@id":"https:\/\/advancedseeds.com\/tienda\/feminizadas\/gorilla-blue\/#primaryimage","url":"https:\/\/advancedseeds.com\/web\/wp-content\/uploads\/2021\/01\/Gorilla-Blue-scaled.jpg","contentUrl":"https:\/\/advancedseeds.com\/web\/wp-content\/uploads\/2021\/01\/Gorilla-Blue-scaled.jpg","width":1929,"height":2560},{"@type":"BreadcrumbList","@id":"https:\/\/advancedseeds.com\/tienda\/feminizadas\/gorilla-blue\/#breadcrumb","itemListElement":[{"@type":"ListItem","position":1,"name":"Home","item":"https:\/\/advancedseeds.com\/"},{"@type":"ListItem","position":2,"name":"Tienda","item":"https:\/\/advancedseeds.com\/"},{"@type":"ListItem","position":3,"name":"Gorilla Blue"}]},{"@type":"WebSite","@id":"https:\/\/advancedseeds.com\/#website","url":"https:\/\/advancedseeds.com\/","name":"Semi avanzati","description":"Genetica avanzata in semi femminizzati e automatici.","publisher":{"@id":"https:\/\/advancedseeds.com\/#organization"},"potentialAction":[{"@type":"SearchAction","target":{"@type":"EntryPoint","urlTemplate":"https:\/\/advancedseeds.com\/?s={search_term_string}"},"query-input":{"@type":"PropertyValueSpecification","valueRequired":true,"valueName":"search_term_string"}}],"inLanguage":"it-IT"},{"@type":"Organization","@id":"https:\/\/advancedseeds.com\/#organization","name":"Semi avanzati","url":"https:\/\/advancedseeds.com\/","logo":{"@type":"ImageObject","inLanguage":"it-IT","@id":"https:\/\/advancedseeds.com\/#\/schema\/logo\/image\/","url":"https:\/\/advancedseeds.com\/web\/wp-content\/uploads\/2021\/01\/logo-advanced.jpg","contentUrl":"https:\/\/advancedseeds.com\/web\/wp-content\/uploads\/2021\/01\/logo-advanced.jpg","width":600,"height":600,"caption":"Advanced Seeds"},"image":{"@id":"https:\/\/advancedseeds.com\/#\/schema\/logo\/image\/"}}]}},"_links":{"self":[{"href":"https:\/\/advancedseeds.com\/it\/wp-json\/wp\/v2\/product\/345","targetHints":{"allow":["GET"]}}],"collection":[{"href":"https:\/\/advancedseeds.com\/it\/wp-json\/wp\/v2\/product"}],"about":[{"href":"https:\/\/advancedseeds.com\/it\/wp-json\/wp\/v2\/types\/product"}],"replies":[{"embeddable":true,"href":"https:\/\/advancedseeds.com\/it\/wp-json\/wp\/v2\/comments?post=345"}],"wp:featuredmedia":[{"embeddable":true,"href":"https:\/\/advancedseeds.com\/it\/wp-json\/wp\/v2\/media\/19685"}],"wp:attachment":[{"href":"https:\/\/advancedseeds.com\/it\/wp-json\/wp\/v2\/media?parent=345"}],"wp:term":[{"taxonomy":"product_brand","embeddable":true,"href":"https:\/\/advancedseeds.com\/it\/wp-json\/wp\/v2\/product_brand?post=345"},{"taxonomy":"product_cat","embeddable":true,"href":"https:\/\/advancedseeds.com\/it\/wp-json\/wp\/v2\/product_cat?post=345"},{"taxonomy":"product_tag","embeddable":true,"href":"https:\/\/advancedseeds.com\/it\/wp-json\/wp\/v2\/product_tag?post=345"}],"curies":[{"name":"wp","href":"https:\/\/api.w.org\/{rel}","templated":true}]}}