{"id":352,"date":"2021-01-14T17:17:39","date_gmt":"2021-01-14T17:17:39","guid":{"rendered":"https:\/\/advancedseeds.com\/web\/producto\/pineapple-glue\/"},"modified":"2025-03-22T16:20:04","modified_gmt":"2025-03-22T15:20:04","slug":"pineapple-glue","status":"publish","type":"product","link":"https:\/\/advancedseeds.com\/it\/tienda\/feminizadas\/pineapple-glue\/","title":{"rendered":"Colla per ananas"},"content":{"rendered":"<p><b>Colla per ananas<\/b> di Advanced Seeds \u00e8 una variet\u00e0 che cattura i sensi. Questa variet\u00e0, con il suo inconfondibile sapore di ananas e i suoi potenti effetti, \u00e8 una scelta eccellente per i coltivatori e i consumatori che cercano qualcosa di eccezionale o sono stanchi della solita marijuana. Continuate a leggere per scoprire cosa potete aspettarvi da questa variet\u00e0. <a href=\"https:\/\/advancedseeds.com\/web\/\">semi di marijuana<\/a> Le variet\u00e0 femminizzate possono offrirvi.<\/p>\n<h2>Qual \u00e8 la genetica di questi semi?<\/h2>\n<p>L'Pineapple Glue \u00e8 un magnifico ibrido, frutto del lavoro di <b>incrocio tra ananas e colla Gorilla<\/b>. Questa miscela genetica ha creato una variet\u00e0 con un perfetto equilibrio di sapore e potenza. L'ananas apporta il suo caratteristico sapore dolce e tropicale, mentre la Gorilla Glue, nota per la sua elevata produzione di resina e i suoi potenti effetti, le conferisce robustezza, intensit\u00e0 di effetto e resistenza. Questa combinazione si traduce in una variet\u00e0 non solo piacevole al palato, ma anche estremamente efficace in termini di resa ed effetto terapeutico.<\/p>\n<h2>Che aspetto ha Pineapple Glue?<\/h2>\n<p>La Pineapple Glue \u00e8 caratterizzata da una crescita esplosiva e da una struttura solida e cespugliosa. Le piante raggiungono un'altezza media, rendendole maneggevoli in interni e discrete in esterni. Le sue foglie verde scuro intenso contrastano con le cime dorate e resinose che sviluppa durante la fioritura. Queste cime strette e pesanti sono piene di tricomi dappertutto, il che indica il loro potenziale per la produzione di interessanti oli essenziali.<\/p>\n<h2>Come si coltivano questi semi all'interno e all'esterno?<\/h2>\n<h3>Coltivazione indoor:<\/h3>\n<p>La Pineapple Glue \u00e8 una variet\u00e0 che si adatta bene a diversi metodi e tecniche di coltivazione. Con un'altezza che raramente supera gli 1,2 metri, a meno che non le si conceda un tempo vegetativo eccessivo, \u00e8 ideale per gli spazi limitati. <b>Applicare la potatura<\/b> aiuta a ottimizzare la luce e ad aumentare le rese, ma \u00e8 anche un'opzione per lasciarle crescere liberamente. \u00c8 una pianta che risponde bene a un'alimentazione equilibrata e a un'illuminazione potente, il che si riflette nella sua abbondante produzione di cime aromatiche e resinose.<\/p>\n<h3>Coltivazione all'aperto:<\/h3>\n<p>La Pineapple Glue d\u00e0 il meglio di s\u00e9 nei climi caldi e soleggiati, anche se si adatta anche a climi pi\u00f9 temperati come quello continentale. Raggiungendo altezze fino a 3 metri, questa pianta beneficia di un ampio spazio per diffondersi, sia nel sottosuolo per l'apparato radicale sia in superficie perch\u00e9 \u00e8 una pianta piuttosto invasiva. L'applicazione di tecniche come <b>potatura apicale o formazione FIM e LST <\/b>aumenta la sua produzione, mentre un terreno ricco e un'irrigazione adeguata che rispetti i cicli di siccit\u00e0 assicurano uno sviluppo ottimale delle sue gemme.<\/p>\n<h2>Quando viene raccolto l'Pineapple Glue?<\/h2>\n<p>In ambienti interni, l'Pineapple Glue richiede circa <b>65-70 giorni di fioritura<\/b> prima di essere pronta per il raccolto. All'aperto, nell'emisfero settentrionale, viene raccolta all'inizio di ottobre, quando le cime raggiungono il loro massimo potenziale in termini di aroma, sapore e contenuto di cannabinoidi.<\/p>\n<h2>Quanto producono questi semi?<\/h2>\n<p>La Pineapple Glue \u00e8 una variet\u00e0 ad alto rendimento, ideale per i coltivatori che cercano una produzione generosa senza compromettere la qualit\u00e0. Al chiuso, le rese possono raggiungere <b>circa 500 g\/m\u00b2,<\/b> All'aperto, le piante possono produrre oltre 700g ciascuna. Questo raccolto abbondante \u00e8 accompagnato da una qualit\u00e0 eccellente, con cime grandi e dense, cariche di terpeni e cannabinoidi.<\/p>\n<h2>Com'\u00e8 l'aroma e il gusto dell'Pineapple Glue?<\/h2>\n<p>Il profilo aromatico della Pineapple Glue \u00e8 una delizia tropicale che non vorrete smettere di assaporare pi\u00f9 volte. Il sapore predominante \u00e8 quello di <b>ananas, con tocchi dolci ed esotici<\/b> che seducono il palato. C'\u00e8 anche un <b>sfondo di agrumi <\/b>che bilancia il sapore, offrendo un'esperienza di degustazione complessa e piacevole. Fumare o vaporizzare questa variet\u00e0 significa godere di un'esplosione di sapori straordinari.<\/p>\n<h2>Che tipo di effetto ha questa marijuana?<\/h2>\n<p>Con un <b>THC da 25%<\/b>La Pineapple Glue offre un effetto potente e duraturo come pochi altri. Inizialmente, produce un <b>sensazione stimolante per il cervello<\/b>ideale per attivit\u00e0 creative o sociali. Successivamente, <b>evolve verso il rilassamento fisico<\/b> Questo lo rende perfetto per rilassarsi a fine giornata o dopo le attivit\u00e0 fisiche. Il suo effetto equilibrato lo rende adatto a diversi usi terapeutici e ricreativi.<\/p>\n<h2>Acquistare semi femminizzati Pineapple Glue al miglior prezzo online<\/h2>\n<p>La Pineapple Glue di Advanced Seeds \u00e8 pi\u00f9 di una semplice variet\u00e0; \u00e8 un'esperienza completa che deve essere provata almeno una volta nella vita. La sua combinazione unica di gusto, effetto e facilit\u00e0 di coltivazione la rende un'opzione interessante per qualsiasi coltivatore o consumatore. Disponibile al miglior prezzo nel nostro negozio online, non perdete l'opportunit\u00e0 di coltivare questa variet\u00e0 eccezionale!<\/p>\n<h2>Domande frequenti su Pineapple Glue<\/h2>\n<h3>Quali sono le precauzioni da adottare nella coltivazione per massimizzare il suo potenziale?<\/h3>\n<p>Evitate di stressare le piante con sbalzi di temperatura e umidit\u00e0 e assicurate una ventilazione adeguata.<\/p>\n<h3>Come si pu\u00f2 migliorare la qualit\u00e0 delle gemme al chiuso?<\/h3>\n<p>Un'illuminazione di alta qualit\u00e0, come quella moderna a LED, e una ventilazione adeguata sono essenziali per lo sviluppo di cime dense e resinose.<\/p>","protected":false},"excerpt":{"rendered":"<p>-<\/p>","protected":false},"featured_media":19690,"comment_status":"open","ping_status":"closed","template":"","meta":{"_acf_changed":false},"product_brand":[],"product_cat":[69],"product_tag":[],"class_list":{"0":"post-352","1":"product","2":"type-product","3":"status-publish","4":"has-post-thumbnail","6":"product_cat-feminizadas","8":"first","9":"instock","10":"taxable","11":"shipping-taxable","12":"purchasable","13":"product-type-variable"},"acf":[],"yoast_head":"<!-- This site is optimized with the Yoast SEO Premium plugin v26.3 (Yoast SEO v26.6) - https:\/\/yoast.com\/wordpress\/plugins\/seo\/ -->\n<title>Pineapple Glue - Advanced Seeds<\/title>\n<meta name=\"robots\" content=\"index, follow, max-snippet:-1, max-image-preview:large, max-video-preview:-1\" \/>\n<link rel=\"canonical\" href=\"https:\/\/advancedseeds.com\/it\/tienda\/feminizadas\/pineapple-glue\/\" \/>\n<meta property=\"og:locale\" content=\"it_IT\" \/>\n<meta property=\"og:type\" content=\"article\" \/>\n<meta property=\"og:title\" content=\"Pineapple Glue\" \/>\n<meta property=\"og:description\" content=\"-\" \/>\n<meta property=\"og:url\" content=\"https:\/\/advancedseeds.com\/it\/tienda\/feminizadas\/pineapple-glue\/\" \/>\n<meta property=\"og:site_name\" content=\"Advanced Seeds\" \/>\n<meta property=\"article:modified_time\" content=\"2025-03-22T15:20:04+00:00\" \/>\n<meta property=\"og:image\" content=\"https:\/\/advancedseeds.com\/web\/wp-content\/uploads\/2021\/01\/Pineapple-Glue.jpg\" \/>\n\t<meta property=\"og:image:width\" content=\"1904\" \/>\n\t<meta property=\"og:image:height\" content=\"2527\" \/>\n\t<meta property=\"og:image:type\" content=\"image\/jpeg\" \/>\n<meta name=\"twitter:card\" content=\"summary_large_image\" \/>\n<meta name=\"twitter:label1\" content=\"Tempo di lettura stimato\" \/>\n\t<meta name=\"twitter:data1\" content=\"5 minuti\" \/>\n<script type=\"application\/ld+json\" class=\"yoast-schema-graph\">{\"@context\":\"https:\/\/schema.org\",\"@graph\":[{\"@type\":\"WebPage\",\"@id\":\"https:\/\/advancedseeds.com\/tienda\/feminizadas\/pineapple-glue\/\",\"url\":\"https:\/\/advancedseeds.com\/tienda\/feminizadas\/pineapple-glue\/\",\"name\":\"Pineapple Glue - Advanced Seeds\",\"isPartOf\":{\"@id\":\"https:\/\/advancedseeds.com\/#website\"},\"primaryImageOfPage\":{\"@id\":\"https:\/\/advancedseeds.com\/tienda\/feminizadas\/pineapple-glue\/#primaryimage\"},\"image\":{\"@id\":\"https:\/\/advancedseeds.com\/tienda\/feminizadas\/pineapple-glue\/#primaryimage\"},\"thumbnailUrl\":\"https:\/\/advancedseeds.com\/web\/wp-content\/uploads\/2021\/01\/Pineapple-Glue.jpg\",\"datePublished\":\"2021-01-14T17:17:39+00:00\",\"dateModified\":\"2025-03-22T15:20:04+00:00\",\"breadcrumb\":{\"@id\":\"https:\/\/advancedseeds.com\/tienda\/feminizadas\/pineapple-glue\/#breadcrumb\"},\"inLanguage\":\"it-IT\",\"potentialAction\":[{\"@type\":\"ReadAction\",\"target\":[\"https:\/\/advancedseeds.com\/tienda\/feminizadas\/pineapple-glue\/\"]}]},{\"@type\":\"ImageObject\",\"inLanguage\":\"it-IT\",\"@id\":\"https:\/\/advancedseeds.com\/tienda\/feminizadas\/pineapple-glue\/#primaryimage\",\"url\":\"https:\/\/advancedseeds.com\/web\/wp-content\/uploads\/2021\/01\/Pineapple-Glue.jpg\",\"contentUrl\":\"https:\/\/advancedseeds.com\/web\/wp-content\/uploads\/2021\/01\/Pineapple-Glue.jpg\",\"width\":1904,\"height\":2527,\"caption\":\"OLYMPUS DIGITAL CAMERA\"},{\"@type\":\"BreadcrumbList\",\"@id\":\"https:\/\/advancedseeds.com\/tienda\/feminizadas\/pineapple-glue\/#breadcrumb\",\"itemListElement\":[{\"@type\":\"ListItem\",\"position\":1,\"name\":\"Home\",\"item\":\"https:\/\/advancedseeds.com\/\"},{\"@type\":\"ListItem\",\"position\":2,\"name\":\"Tienda\",\"item\":\"https:\/\/advancedseeds.com\/\"},{\"@type\":\"ListItem\",\"position\":3,\"name\":\"Pineapple Glue\"}]},{\"@type\":\"WebSite\",\"@id\":\"https:\/\/advancedseeds.com\/#website\",\"url\":\"https:\/\/advancedseeds.com\/\",\"name\":\"Advanced Seeds\",\"description\":\"Gen\u00e9ticas Avanzadas en semillas feminizadas y autom\u00e1ticas.\",\"publisher\":{\"@id\":\"https:\/\/advancedseeds.com\/#organization\"},\"potentialAction\":[{\"@type\":\"SearchAction\",\"target\":{\"@type\":\"EntryPoint\",\"urlTemplate\":\"https:\/\/advancedseeds.com\/?s={search_term_string}\"},\"query-input\":{\"@type\":\"PropertyValueSpecification\",\"valueRequired\":true,\"valueName\":\"search_term_string\"}}],\"inLanguage\":\"it-IT\"},{\"@type\":\"Organization\",\"@id\":\"https:\/\/advancedseeds.com\/#organization\",\"name\":\"Advanced Seeds\",\"url\":\"https:\/\/advancedseeds.com\/\",\"logo\":{\"@type\":\"ImageObject\",\"inLanguage\":\"it-IT\",\"@id\":\"https:\/\/advancedseeds.com\/#\/schema\/logo\/image\/\",\"url\":\"https:\/\/advancedseeds.com\/web\/wp-content\/uploads\/2021\/01\/logo-advanced.jpg\",\"contentUrl\":\"https:\/\/advancedseeds.com\/web\/wp-content\/uploads\/2021\/01\/logo-advanced.jpg\",\"width\":600,\"height\":600,\"caption\":\"Advanced Seeds\"},\"image\":{\"@id\":\"https:\/\/advancedseeds.com\/#\/schema\/logo\/image\/\"}}]}<\/script>\n<!-- \/ Yoast SEO Premium plugin. -->","yoast_head_json":{"title":"Pineapple Glue - Advanced Seeds","robots":{"index":"index","follow":"follow","max-snippet":"max-snippet:-1","max-image-preview":"max-image-preview:large","max-video-preview":"max-video-preview:-1"},"canonical":"https:\/\/advancedseeds.com\/it\/tienda\/feminizadas\/pineapple-glue\/","og_locale":"it_IT","og_type":"article","og_title":"Pineapple Glue","og_description":"-","og_url":"https:\/\/advancedseeds.com\/it\/tienda\/feminizadas\/pineapple-glue\/","og_site_name":"Advanced Seeds","article_modified_time":"2025-03-22T15:20:04+00:00","og_image":[{"width":1904,"height":2527,"url":"https:\/\/advancedseeds.com\/web\/wp-content\/uploads\/2021\/01\/Pineapple-Glue.jpg","type":"image\/jpeg"}],"twitter_card":"summary_large_image","twitter_misc":{"Tempo di lettura stimato":"5 minuti"},"schema":{"@context":"https:\/\/schema.org","@graph":[{"@type":"WebPage","@id":"https:\/\/advancedseeds.com\/tienda\/feminizadas\/pineapple-glue\/","url":"https:\/\/advancedseeds.com\/tienda\/feminizadas\/pineapple-glue\/","name":"Pineapple Glue - Advanced Seeds","isPartOf":{"@id":"https:\/\/advancedseeds.com\/#website"},"primaryImageOfPage":{"@id":"https:\/\/advancedseeds.com\/tienda\/feminizadas\/pineapple-glue\/#primaryimage"},"image":{"@id":"https:\/\/advancedseeds.com\/tienda\/feminizadas\/pineapple-glue\/#primaryimage"},"thumbnailUrl":"https:\/\/advancedseeds.com\/web\/wp-content\/uploads\/2021\/01\/Pineapple-Glue.jpg","datePublished":"2021-01-14T17:17:39+00:00","dateModified":"2025-03-22T15:20:04+00:00","breadcrumb":{"@id":"https:\/\/advancedseeds.com\/tienda\/feminizadas\/pineapple-glue\/#breadcrumb"},"inLanguage":"it-IT","potentialAction":[{"@type":"ReadAction","target":["https:\/\/advancedseeds.com\/tienda\/feminizadas\/pineapple-glue\/"]}]},{"@type":"ImageObject","inLanguage":"it-IT","@id":"https:\/\/advancedseeds.com\/tienda\/feminizadas\/pineapple-glue\/#primaryimage","url":"https:\/\/advancedseeds.com\/web\/wp-content\/uploads\/2021\/01\/Pineapple-Glue.jpg","contentUrl":"https:\/\/advancedseeds.com\/web\/wp-content\/uploads\/2021\/01\/Pineapple-Glue.jpg","width":1904,"height":2527,"caption":"OLYMPUS DIGITAL CAMERA"},{"@type":"BreadcrumbList","@id":"https:\/\/advancedseeds.com\/tienda\/feminizadas\/pineapple-glue\/#breadcrumb","itemListElement":[{"@type":"ListItem","position":1,"name":"Home","item":"https:\/\/advancedseeds.com\/"},{"@type":"ListItem","position":2,"name":"Tienda","item":"https:\/\/advancedseeds.com\/"},{"@type":"ListItem","position":3,"name":"Pineapple Glue"}]},{"@type":"WebSite","@id":"https:\/\/advancedseeds.com\/#website","url":"https:\/\/advancedseeds.com\/","name":"Semi avanzati","description":"Genetica avanzata in semi femminizzati e automatici.","publisher":{"@id":"https:\/\/advancedseeds.com\/#organization"},"potentialAction":[{"@type":"SearchAction","target":{"@type":"EntryPoint","urlTemplate":"https:\/\/advancedseeds.com\/?s={search_term_string}"},"query-input":{"@type":"PropertyValueSpecification","valueRequired":true,"valueName":"search_term_string"}}],"inLanguage":"it-IT"},{"@type":"Organization","@id":"https:\/\/advancedseeds.com\/#organization","name":"Semi avanzati","url":"https:\/\/advancedseeds.com\/","logo":{"@type":"ImageObject","inLanguage":"it-IT","@id":"https:\/\/advancedseeds.com\/#\/schema\/logo\/image\/","url":"https:\/\/advancedseeds.com\/web\/wp-content\/uploads\/2021\/01\/logo-advanced.jpg","contentUrl":"https:\/\/advancedseeds.com\/web\/wp-content\/uploads\/2021\/01\/logo-advanced.jpg","width":600,"height":600,"caption":"Advanced Seeds"},"image":{"@id":"https:\/\/advancedseeds.com\/#\/schema\/logo\/image\/"}}]}},"_links":{"self":[{"href":"https:\/\/advancedseeds.com\/it\/wp-json\/wp\/v2\/product\/352","targetHints":{"allow":["GET"]}}],"collection":[{"href":"https:\/\/advancedseeds.com\/it\/wp-json\/wp\/v2\/product"}],"about":[{"href":"https:\/\/advancedseeds.com\/it\/wp-json\/wp\/v2\/types\/product"}],"replies":[{"embeddable":true,"href":"https:\/\/advancedseeds.com\/it\/wp-json\/wp\/v2\/comments?post=352"}],"wp:featuredmedia":[{"embeddable":true,"href":"https:\/\/advancedseeds.com\/it\/wp-json\/wp\/v2\/media\/19690"}],"wp:attachment":[{"href":"https:\/\/advancedseeds.com\/it\/wp-json\/wp\/v2\/media?parent=352"}],"wp:term":[{"taxonomy":"product_brand","embeddable":true,"href":"https:\/\/advancedseeds.com\/it\/wp-json\/wp\/v2\/product_brand?post=352"},{"taxonomy":"product_cat","embeddable":true,"href":"https:\/\/advancedseeds.com\/it\/wp-json\/wp\/v2\/product_cat?post=352"},{"taxonomy":"product_tag","embeddable":true,"href":"https:\/\/advancedseeds.com\/it\/wp-json\/wp\/v2\/product_tag?post=352"}],"curies":[{"name":"wp","href":"https:\/\/api.w.org\/{rel}","templated":true}]}}