{"id":356,"date":"2021-01-14T17:17:50","date_gmt":"2021-01-14T17:17:50","guid":{"rendered":"https:\/\/advancedseeds.com\/web\/producto\/somango-glue\/"},"modified":"2025-03-22T15:53:44","modified_gmt":"2025-03-22T14:53:44","slug":"somango-glue","status":"publish","type":"product","link":"https:\/\/advancedseeds.com\/it\/tienda\/feminizadas\/somango-glue\/","title":{"rendered":"Colla Somango"},"content":{"rendered":"<p>Il <a href=\"https:\/\/advancedseeds.com\/web\/categoria-producto\/feminizadas\/\"><b>Semi femminizzati<\/b><\/a><b> Colla Somango<\/b> di Advanced Seeds sono una festa per i sensi. Questa variet\u00e0, a netta dominanza indica, combina la potenza della Gorilla Glue #4 con i deliziosi sapori della Somango, quindi immagino che vi stiate gi\u00e0 facendo un'idea della sua qualit\u00e0, giusto? Beh, non preoccupatevi, ve la descriver\u00f2 nelle righe seguenti.<\/p>\n<h2>Qual \u00e8 la genetica di questi semi?<\/h2>\n<p>La Somango Glue \u00e8 un ibrido di Indica, risultato dell'unione di <b>incrocio tra Gorilla Glue #4 e Somango<\/b>. Gorilla Glue #4 apporta la sua ben nota potenza e produzione di THC, mentre Somango apporta i suoi squisiti sapori fruttati. Questa combinazione ha creato una variet\u00e0 che eccelle sia nella produzione di fiori e resina che nella complessit\u00e0 aromatica, offrendo il meglio di entrambi i mondi.<\/p>\n<h2>Che aspetto ha Somango Glue?<\/h2>\n<p>La Somango Glue \u00e8 caratterizzata da dimensioni medie e struttura ramificata, ideale per la coltivazione indoor. La sua morfologia Indica si riflette nella sua <b>foglie larghe e steli robusti<\/b>. I boccioli sono compatti e <b>appiccicoso<\/b>che non sorprende, visti i genitori da cui proviene. Durante la fioritura pu\u00f2 esibire colori vivaci, che aggiungono fascino al suo aspetto gi\u00e0 sorprendente.<\/p>\n<h2>Come si coltivano questi semi all'interno e all'esterno?<\/h2>\n<h3>Coltivazione indoor:<\/h3>\n<p>La Somango Glue mostra una crescita vigorosa e veloce quando viene coltivata senza fattori limitanti. Con soli 20-25 giorni di crescita vegetativa, \u00e8 possibile indurre la fioritura e avr\u00e0 un'ottima resa. Di solito non supera il metro di altezza, il che la rende facile da gestire in casa e su terrazze e balconi quando viene coltivata all'aperto. Per ottenere risultati ottimali, si consiglia di non superare i 9 esemplari per metro quadrato, in modo che abbiano un ampio spazio laterale, e <b>utilizzare fertilizzanti organici per migliorare le loro qualit\u00e0 organolettiche<\/b>.<\/p>\n<h3>Coltivazione all'aperto:<\/h3>\n<p>La Somango Glue attira tutti gli sguardi in giardino. La sua natura ramificata richiede spazio, ma si presta bene anche a tecniche di graticciatura e reti per controllare le sue dimensioni. Su balconi e grandi terrazze, <b>pu\u00f2 essere coltivato in modo discreto<\/b> Come ho detto, si pu\u00f2 anche mettere una rete di scrog all'altezza desiderata per ottenere una spettacolare coltre di cime. In terra diretta, pu\u00f2 facilmente superare i 2 metri di altezza e produrre pi\u00f9 di 700 g per pianta, dato che \u00e8 facile che si espanda anche lateralmente per pi\u00f9 di 2 metri.<\/p>\n<h2>Quando viene raccolto l'Somango Glue?<\/h2>\n<p>La fioritura della Somango Glue in interno dura <b>tra 55 e 60 giorni<\/b>A seconda del fenotipo e del vostro gusto personale. All'aperto si raccoglie a fine settembre nell'emisfero settentrionale, mentre i coltivatori all'aperto dell'emisfero meridionale dovranno aspettare la fine di marzo. Il suo raccolto precoce la rende ideale per quelle regioni in cui tende a piovere in autunno, perch\u00e9 con un po' di fortuna la si potr\u00e0 raccogliere prima.<\/p>\n<h2>Quanto producono questi semi?<\/h2>\n<p>La Somango Glue \u00e8 nota per le sue rese elevate. Al chiuso, ci si pu\u00f2 aspettare rese fino a <b>550 g\/m\u00b2.<\/b>All'aperto, i raccolti possono superare i 700 g per pianta. Questa variet\u00e0 \u00e8 particolarmente apprezzata per la sua produzione di resina, cosa che apprezzeranno coloro che utilizzano parte del raccolto per produrre hashish, colofonia, BHO, ecc.<\/p>\n<h2>Com'\u00e8 l'aroma e il gusto dell'Somango Glue?<\/h2>\n<p>Si pu\u00f2 affermare che l'Somango Glue offre una <b>combinazione del mango dolce di Somango con note fresche e terrose<\/b> di GG#4. A seconda del fenotipo, i gusti possono propendere per <b>toni agrumati e diesel<\/b>ma la maggior parte di essi \u00e8 pi\u00f9 orientata verso il lato fruttato tropicale che ricorda il Somango.<\/p>\n<h2>Che tipo di effetto ha questa marijuana?<\/h2>\n<p>Somango Glue offre un <b>inizialmente euforico ed energico<\/b>seguito da un <b>rilassamento <\/b>eccellente. Il suo equilibrio tra indica e sativa offre un'esperienza piacevole sia per il corpo che per la mente, ideale per socializzare in un'atmosfera calma e rilassata.<\/p>\n<h2>Acquistare Somango Glue al miglior prezzo online<\/h2>\n<p>Immagino che se avete letto tutto questo, in questo momento state salivando e non vedete l'ora di coltivare i vostri semi Somango Glue, basta premere il pulsante di acquisto e in pochi giorni li avrete tra le mani... Preparatevi!<\/p>\n<h2>Domande frequenti su Somango Glue<\/h2>\n<h3>La Somango Glue \u00e8 adatta ai coltivatori principianti?<\/h3>\n<p>S\u00ec, grazie alla sua crescita gestibile e alla sua resistenza, \u00e8 una scelta eccellente per i principianti.<\/p>\n<h3>Quali sono le tecniche di addestramento consigliate per l'Somango Glue?<\/h3>\n<p>Le tecniche a basso stress, come il LST e la potatura leggera, sono ideali per migliorare l'esposizione alla luce e la circolazione dell'aria tra i rami.<\/p>\n<h3>Quali sono i benefici terapeutici dell'Somango Glue?<\/h3>\n<p>Il suo effetto rilassante pu\u00f2 essere utile per alleviare lo stress, l'ansia e migliorare il sonno.<\/p>\n<h3>Come influisce il clima sulla coltivazione all'aperto della Somango Glue?<\/h3>\n<p>Predilige climi caldi e secchi, ma si adatta bene a condizioni diverse, mostrando una buona resistenza alle variazioni climatiche.<\/p>\n<h3>L'Somango Glue \u00e8 adatto alla coltura idroponica?<\/h3>\n<p>S\u00ec, si adatta bene ai sistemi idroponici, dove pu\u00f2 mostrare una crescita ancora pi\u00f9 vigorosa e produttiva.<\/p>","protected":false},"excerpt":{"rendered":"<p>-<\/p>","protected":false},"featured_media":19694,"comment_status":"open","ping_status":"closed","template":"","meta":{"_acf_changed":false},"product_brand":[],"product_cat":[69],"product_tag":[],"class_list":{"0":"post-356","1":"product","2":"type-product","3":"status-publish","4":"has-post-thumbnail","6":"product_cat-feminizadas","8":"first","9":"instock","10":"taxable","11":"shipping-taxable","12":"purchasable","13":"product-type-variable"},"acf":[],"yoast_head":"<!-- This site is optimized with the Yoast SEO Premium plugin v26.3 (Yoast SEO v26.6) - https:\/\/yoast.com\/wordpress\/plugins\/seo\/ -->\n<title>Somango Glue - Advanced Seeds<\/title>\n<meta name=\"robots\" content=\"index, follow, max-snippet:-1, max-image-preview:large, max-video-preview:-1\" \/>\n<link rel=\"canonical\" href=\"https:\/\/advancedseeds.com\/it\/tienda\/feminizadas\/somango-glue\/\" \/>\n<meta property=\"og:locale\" content=\"it_IT\" \/>\n<meta property=\"og:type\" content=\"article\" \/>\n<meta property=\"og:title\" content=\"Somango Glue\" \/>\n<meta property=\"og:description\" content=\"-\" \/>\n<meta property=\"og:url\" content=\"https:\/\/advancedseeds.com\/it\/tienda\/feminizadas\/somango-glue\/\" \/>\n<meta property=\"og:site_name\" content=\"Advanced Seeds\" \/>\n<meta property=\"article:modified_time\" content=\"2025-03-22T14:53:44+00:00\" \/>\n<meta property=\"og:image\" content=\"https:\/\/advancedseeds.com\/web\/wp-content\/uploads\/2021\/01\/Somango-Glue.jpg\" \/>\n\t<meta property=\"og:image:width\" content=\"1654\" \/>\n\t<meta property=\"og:image:height\" content=\"2195\" \/>\n\t<meta property=\"og:image:type\" content=\"image\/jpeg\" \/>\n<meta name=\"twitter:card\" content=\"summary_large_image\" \/>\n<meta name=\"twitter:label1\" content=\"Tempo di lettura stimato\" \/>\n\t<meta name=\"twitter:data1\" content=\"4 minuti\" \/>\n<script type=\"application\/ld+json\" class=\"yoast-schema-graph\">{\"@context\":\"https:\/\/schema.org\",\"@graph\":[{\"@type\":\"WebPage\",\"@id\":\"https:\/\/advancedseeds.com\/tienda\/feminizadas\/somango-glue\/\",\"url\":\"https:\/\/advancedseeds.com\/tienda\/feminizadas\/somango-glue\/\",\"name\":\"Somango Glue - Advanced Seeds\",\"isPartOf\":{\"@id\":\"https:\/\/advancedseeds.com\/#website\"},\"primaryImageOfPage\":{\"@id\":\"https:\/\/advancedseeds.com\/tienda\/feminizadas\/somango-glue\/#primaryimage\"},\"image\":{\"@id\":\"https:\/\/advancedseeds.com\/tienda\/feminizadas\/somango-glue\/#primaryimage\"},\"thumbnailUrl\":\"https:\/\/advancedseeds.com\/web\/wp-content\/uploads\/2021\/01\/Somango-Glue.jpg\",\"datePublished\":\"2021-01-14T17:17:50+00:00\",\"dateModified\":\"2025-03-22T14:53:44+00:00\",\"breadcrumb\":{\"@id\":\"https:\/\/advancedseeds.com\/tienda\/feminizadas\/somango-glue\/#breadcrumb\"},\"inLanguage\":\"it-IT\",\"potentialAction\":[{\"@type\":\"ReadAction\",\"target\":[\"https:\/\/advancedseeds.com\/tienda\/feminizadas\/somango-glue\/\"]}]},{\"@type\":\"ImageObject\",\"inLanguage\":\"it-IT\",\"@id\":\"https:\/\/advancedseeds.com\/tienda\/feminizadas\/somango-glue\/#primaryimage\",\"url\":\"https:\/\/advancedseeds.com\/web\/wp-content\/uploads\/2021\/01\/Somango-Glue.jpg\",\"contentUrl\":\"https:\/\/advancedseeds.com\/web\/wp-content\/uploads\/2021\/01\/Somango-Glue.jpg\",\"width\":1654,\"height\":2195},{\"@type\":\"BreadcrumbList\",\"@id\":\"https:\/\/advancedseeds.com\/tienda\/feminizadas\/somango-glue\/#breadcrumb\",\"itemListElement\":[{\"@type\":\"ListItem\",\"position\":1,\"name\":\"Home\",\"item\":\"https:\/\/advancedseeds.com\/\"},{\"@type\":\"ListItem\",\"position\":2,\"name\":\"Tienda\",\"item\":\"https:\/\/advancedseeds.com\/\"},{\"@type\":\"ListItem\",\"position\":3,\"name\":\"Somango Glue\"}]},{\"@type\":\"WebSite\",\"@id\":\"https:\/\/advancedseeds.com\/#website\",\"url\":\"https:\/\/advancedseeds.com\/\",\"name\":\"Advanced Seeds\",\"description\":\"Gen\u00e9ticas Avanzadas en semillas feminizadas y autom\u00e1ticas.\",\"publisher\":{\"@id\":\"https:\/\/advancedseeds.com\/#organization\"},\"potentialAction\":[{\"@type\":\"SearchAction\",\"target\":{\"@type\":\"EntryPoint\",\"urlTemplate\":\"https:\/\/advancedseeds.com\/?s={search_term_string}\"},\"query-input\":{\"@type\":\"PropertyValueSpecification\",\"valueRequired\":true,\"valueName\":\"search_term_string\"}}],\"inLanguage\":\"it-IT\"},{\"@type\":\"Organization\",\"@id\":\"https:\/\/advancedseeds.com\/#organization\",\"name\":\"Advanced Seeds\",\"url\":\"https:\/\/advancedseeds.com\/\",\"logo\":{\"@type\":\"ImageObject\",\"inLanguage\":\"it-IT\",\"@id\":\"https:\/\/advancedseeds.com\/#\/schema\/logo\/image\/\",\"url\":\"https:\/\/advancedseeds.com\/web\/wp-content\/uploads\/2021\/01\/logo-advanced.jpg\",\"contentUrl\":\"https:\/\/advancedseeds.com\/web\/wp-content\/uploads\/2021\/01\/logo-advanced.jpg\",\"width\":600,\"height\":600,\"caption\":\"Advanced Seeds\"},\"image\":{\"@id\":\"https:\/\/advancedseeds.com\/#\/schema\/logo\/image\/\"}}]}<\/script>\n<!-- \/ Yoast SEO Premium plugin. -->","yoast_head_json":{"title":"Somango Glue - Advanced Seeds","robots":{"index":"index","follow":"follow","max-snippet":"max-snippet:-1","max-image-preview":"max-image-preview:large","max-video-preview":"max-video-preview:-1"},"canonical":"https:\/\/advancedseeds.com\/it\/tienda\/feminizadas\/somango-glue\/","og_locale":"it_IT","og_type":"article","og_title":"Somango Glue","og_description":"-","og_url":"https:\/\/advancedseeds.com\/it\/tienda\/feminizadas\/somango-glue\/","og_site_name":"Advanced Seeds","article_modified_time":"2025-03-22T14:53:44+00:00","og_image":[{"width":1654,"height":2195,"url":"https:\/\/advancedseeds.com\/web\/wp-content\/uploads\/2021\/01\/Somango-Glue.jpg","type":"image\/jpeg"}],"twitter_card":"summary_large_image","twitter_misc":{"Tempo di lettura stimato":"4 minuti"},"schema":{"@context":"https:\/\/schema.org","@graph":[{"@type":"WebPage","@id":"https:\/\/advancedseeds.com\/tienda\/feminizadas\/somango-glue\/","url":"https:\/\/advancedseeds.com\/tienda\/feminizadas\/somango-glue\/","name":"Somango Glue - Advanced Seeds","isPartOf":{"@id":"https:\/\/advancedseeds.com\/#website"},"primaryImageOfPage":{"@id":"https:\/\/advancedseeds.com\/tienda\/feminizadas\/somango-glue\/#primaryimage"},"image":{"@id":"https:\/\/advancedseeds.com\/tienda\/feminizadas\/somango-glue\/#primaryimage"},"thumbnailUrl":"https:\/\/advancedseeds.com\/web\/wp-content\/uploads\/2021\/01\/Somango-Glue.jpg","datePublished":"2021-01-14T17:17:50+00:00","dateModified":"2025-03-22T14:53:44+00:00","breadcrumb":{"@id":"https:\/\/advancedseeds.com\/tienda\/feminizadas\/somango-glue\/#breadcrumb"},"inLanguage":"it-IT","potentialAction":[{"@type":"ReadAction","target":["https:\/\/advancedseeds.com\/tienda\/feminizadas\/somango-glue\/"]}]},{"@type":"ImageObject","inLanguage":"it-IT","@id":"https:\/\/advancedseeds.com\/tienda\/feminizadas\/somango-glue\/#primaryimage","url":"https:\/\/advancedseeds.com\/web\/wp-content\/uploads\/2021\/01\/Somango-Glue.jpg","contentUrl":"https:\/\/advancedseeds.com\/web\/wp-content\/uploads\/2021\/01\/Somango-Glue.jpg","width":1654,"height":2195},{"@type":"BreadcrumbList","@id":"https:\/\/advancedseeds.com\/tienda\/feminizadas\/somango-glue\/#breadcrumb","itemListElement":[{"@type":"ListItem","position":1,"name":"Home","item":"https:\/\/advancedseeds.com\/"},{"@type":"ListItem","position":2,"name":"Tienda","item":"https:\/\/advancedseeds.com\/"},{"@type":"ListItem","position":3,"name":"Somango Glue"}]},{"@type":"WebSite","@id":"https:\/\/advancedseeds.com\/#website","url":"https:\/\/advancedseeds.com\/","name":"Semi avanzati","description":"Genetica avanzata in semi femminizzati e automatici.","publisher":{"@id":"https:\/\/advancedseeds.com\/#organization"},"potentialAction":[{"@type":"SearchAction","target":{"@type":"EntryPoint","urlTemplate":"https:\/\/advancedseeds.com\/?s={search_term_string}"},"query-input":{"@type":"PropertyValueSpecification","valueRequired":true,"valueName":"search_term_string"}}],"inLanguage":"it-IT"},{"@type":"Organization","@id":"https:\/\/advancedseeds.com\/#organization","name":"Semi avanzati","url":"https:\/\/advancedseeds.com\/","logo":{"@type":"ImageObject","inLanguage":"it-IT","@id":"https:\/\/advancedseeds.com\/#\/schema\/logo\/image\/","url":"https:\/\/advancedseeds.com\/web\/wp-content\/uploads\/2021\/01\/logo-advanced.jpg","contentUrl":"https:\/\/advancedseeds.com\/web\/wp-content\/uploads\/2021\/01\/logo-advanced.jpg","width":600,"height":600,"caption":"Advanced Seeds"},"image":{"@id":"https:\/\/advancedseeds.com\/#\/schema\/logo\/image\/"}}]}},"_links":{"self":[{"href":"https:\/\/advancedseeds.com\/it\/wp-json\/wp\/v2\/product\/356","targetHints":{"allow":["GET"]}}],"collection":[{"href":"https:\/\/advancedseeds.com\/it\/wp-json\/wp\/v2\/product"}],"about":[{"href":"https:\/\/advancedseeds.com\/it\/wp-json\/wp\/v2\/types\/product"}],"replies":[{"embeddable":true,"href":"https:\/\/advancedseeds.com\/it\/wp-json\/wp\/v2\/comments?post=356"}],"wp:featuredmedia":[{"embeddable":true,"href":"https:\/\/advancedseeds.com\/it\/wp-json\/wp\/v2\/media\/19694"}],"wp:attachment":[{"href":"https:\/\/advancedseeds.com\/it\/wp-json\/wp\/v2\/media?parent=356"}],"wp:term":[{"taxonomy":"product_brand","embeddable":true,"href":"https:\/\/advancedseeds.com\/it\/wp-json\/wp\/v2\/product_brand?post=356"},{"taxonomy":"product_cat","embeddable":true,"href":"https:\/\/advancedseeds.com\/it\/wp-json\/wp\/v2\/product_cat?post=356"},{"taxonomy":"product_tag","embeddable":true,"href":"https:\/\/advancedseeds.com\/it\/wp-json\/wp\/v2\/product_tag?post=356"}],"curies":[{"name":"wp","href":"https:\/\/api.w.org\/{rel}","templated":true}]}}