{"id":358,"date":"2021-01-14T17:18:01","date_gmt":"2021-01-14T17:18:01","guid":{"rendered":"https:\/\/advancedseeds.com\/web\/producto\/strawberry-gum\/"},"modified":"2025-03-27T11:04:32","modified_gmt":"2025-03-27T10:04:32","slug":"strawberry-gum","status":"publish","type":"product","link":"https:\/\/advancedseeds.com\/it\/tienda\/feminizadas\/strawberry-gum\/","title":{"rendered":"Gomma alla fragola"},"content":{"rendered":"<p>Il <a href=\"https:\/\/advancedseeds.com\/web\/\"><b>semi di cannabis<\/b><\/a><b> femminilizzato Strawberry Gum<\/b> \u00e8 un'esplosione di sapori e colori! Questa variet\u00e0 di Advanced Seeds \u00e8 una scommessa sicura per gli amanti della dolcezza e della potenza psicoattiva. Una miscela perfetta di aroma, sapore e piacere che vi far\u00e0 desiderare sempre di pi\u00f9, ma ricordate di trattarla con cura perch\u00e9 quest'erba colpisce duro.<\/p>\n<h2>Qual \u00e8 la genetica di questi semi?<\/h2>\n<p>Strawberry Gum \u00e8 un meraviglioso <b>creazione genetica a partire dalla famosa variet\u00e0 Bubble Gum.<\/b>. Si tratta di un ceppo con <b>leggermente a predominanza sativa <\/b>(60\/40%), nota per il suo vigore e la sua resistenza. La pluripremiata Bubble Gum offre un sapore dolce e intenso che non si trova in nessun'altra marijuana. Questa fusione genetica non solo garantisce un gusto eccezionale, ma anche una pianta robusta e facile da coltivare, ideale sia per i coltivatori principianti che per quelli esperti.<\/p>\n<h2>Che aspetto ha Strawberry Gum?<\/h2>\n<p>Strawberry Gum \u00e8 una pianta di singolare bellezza. Ha una struttura solida, con una distanza internodale media e foglie con foglioline mediamente larghe. I suoi steli sono forti, in grado di sostenere grandi spighe e una generosa produzione di cime. Questi ultimi sono piuttosto stretti, compatti e con <b>aspetto vellutato grazie al suo spesso strato di tricomi<\/b>.<\/p>\n<h2>Come si coltivano questi semi all'interno e all'esterno?<\/h2>\n<h3>Coltivazione indoor:<\/h3>\n<p>La Strawberry Gum d\u00e0 il meglio di s\u00e9 perch\u00e9 apprezza un ambiente controllato. \u00c8 una pianta che si adatta bene a diversi metodi di coltivazione, rispondendo positivamente a potature e metodi diversi. Grazie alla sua genetica, sviluppa una grande cola centrale, ideale per tecniche quali <b>SOG <\/b>(Mare Verde) o <b>LST <\/b>(Less Stress Train). Queste tecniche non solo migliorano la produzione, ma aiutano anche a controllare la loro altezza, che normalmente pu\u00f2 raggiungere 1,1 metri. Un consiglio: \u00e8 bene mantenere un ambiente a umidit\u00e0 e temperatura controllata. <b>fondamentale per evitare problemi di funghi<\/b> e massimizzare le loro prestazioni.<\/p>\n<h3>Coltivazione all'aperto:<\/h3>\n<p>Preparatevi a vederla crescere vigorosamente. Nei climi temperati, come quello mediterraneo, questa pianta pu\u00f2 raggiungere i 2,5 metri di altezza. \u00c8 essenziale fornire <a href=\"https:\/\/advancedseeds.com\/web\/categoria-producto\/nutrientes-recomendados\/cannotecnia\/\">nutrienti specifici per la cannabis<\/a> come quelli del marchio Cannotecnia durante la crescita vegetativa e la fioritura, <b>soprattutto durante la fase di ingrasso delle gemme.<\/b>I bambini mangiano di pi\u00f9, cio\u00e8 quando mangiano di pi\u00f9. <b>Utilizzare i tutor<\/b> pu\u00f2 essere un'ottima idea per sostenere il peso delle cime pesanti ed evitare che i rami si pieghino o si spezzino. Se queste condizioni sono soddisfatte, la pianta non solo crescer\u00e0 sana, ma vi ricompenser\u00e0 con un raccolto abbondante.<\/p>\n<h2>Quando viene raccolto l'Strawberry Gum?<\/h2>\n<p>Il periodo di raccolta della Strawberry Gum varia a seconda dell'ambiente. Al chiuso, il suo ciclo di fioritura dura <b>Da 8 a 9 settimane<\/b>All'aperto, le piante sono pronte per il raccolto all'inizio di ottobre nell'emisfero settentrionale. I coltivatori all'aperto dell'emisfero meridionale dovranno aspettare l'inizio di aprile per raccogliere le piante completamente mature.<\/p>\n<h2>Quanto producono questi semi?<\/h2>\n<p>La Strawberry Gum non solo colpisce per il suo gusto e il suo effetto, ma anche per la sua resa. Al chiuso, \u00e8 possibile ottenere <b>fino a 550 grammi<\/b> per metro quadrato, mentre all'aperto questa cifra pu\u00f2 arrivare fino a <b>600-700 grammi<\/b> per pianta circa. Inoltre, la qualit\u00e0 delle sue cime \u00e8 eccezionale, con un'alta concentrazione di THC e una ricca produzione di resina e terpeni.<\/p>\n<h2>Qual \u00e8 l'aroma e il gusto dell'Strawberry Gum?<\/h2>\n<p>Se siete amanti dei sapori intensi, la Strawberry Gum \u00e8 la variet\u00e0 che fa per voi. Il profilo terpenico \u00e8 dominato da <b>note dolci e morbide di fragola, con una punta di aspro, simile alla gomma da masticare alla fragola di tutti i tempi.<\/b>. Quando viene affumicato, questi sapori si intensificano, creando un'esperienza sensoriale unica. Inoltre, il suo aroma \u00e8 cos\u00ec accattivante che ogni inalazione \u00e8 un invito a un mondo di dolcezza e freschezza.<\/p>\n<h2>Che tipo di effetto ha questa marijuana?<\/h2>\n<p>L'effetto della Strawberry Gum \u00e8 speciale quanto il suo sapore. Con un alto contenuto di THC vicino a <b>20%,<\/b> offre un'esperienza <b>euforico e cerebrale, stimola la creativit\u00e0 e risolleva l'umore.<\/b>. \u00c8 perfetta da gustare durante gli incontri sociali o per aumentare i vostri momenti di ispirazione. Sebbene sia a predominanza Sativa, non trascura l'aspetto Indica, dandovi una <b>rilassamento dolce del corpo<\/b>ideale per alleviare lo stress e la depressione.<\/p>\n<h2>Acquistare Strawberry Gum al miglior prezzo online<\/h2>\n<p>Pronti a provare questo gioiello di Advanced Seeds? Strawberry Gum \u00e8 una scommessa sicura per una coltivazione di successo e un'esperienza indimenticabile. Non aspettate oltre e fate il primo passo verso un giardino pieno di sapori e colori!<\/p>\n<h2>Domande frequenti su Strawberry Gum:<\/h2>\n<h3>L'Strawberry Gum \u00e8 adatto ai principianti?<\/h3>\n<p>In assoluto, la sua robustezza e la facilit\u00e0 di coltivazione la rendono ideale per i principianti.<\/p>\n<h3>Che tipo di nutrimento preferisce questa variet\u00e0?<\/h3>\n<p>Predilige una dieta equilibrata, preferibilmente biologica per esaltare ulteriormente le sue propriet\u00e0 organolettiche.<\/p>\n<h3>Qual \u00e8 il modo migliore per esaltarne il gusto, oltre all'alimentazione biologica?<\/h3>\n<p>Una stagionatura lenta e appropriata ne intensifica i profili di sapore e aroma.<\/p>\n<h3>Questa variet\u00e0 \u00e8 adatta alle estrazioni?<\/h3>\n<p>S\u00ec, grazie alla sua elevata produzione di resina, \u00e8 ideale per la produzione di concentrati di alta qualit\u00e0.<\/p>","protected":false},"excerpt":{"rendered":"<p>-<\/p>","protected":false},"featured_media":20334,"comment_status":"open","ping_status":"closed","template":"","meta":{"_acf_changed":false},"product_brand":[],"product_cat":[69],"product_tag":[],"class_list":{"0":"post-358","1":"product","2":"type-product","3":"status-publish","4":"has-post-thumbnail","6":"product_cat-feminizadas","8":"first","9":"instock","10":"taxable","11":"shipping-taxable","12":"purchasable","13":"product-type-variable"},"acf":[],"yoast_head":"<!-- This site is optimized with the Yoast SEO Premium plugin v26.3 (Yoast SEO v26.6) - https:\/\/yoast.com\/wordpress\/plugins\/seo\/ -->\n<title>Strawberry Gum - Advanced Seeds<\/title>\n<meta name=\"robots\" content=\"index, follow, max-snippet:-1, max-image-preview:large, max-video-preview:-1\" \/>\n<link rel=\"canonical\" href=\"https:\/\/advancedseeds.com\/it\/tienda\/feminizadas\/strawberry-gum\/\" \/>\n<meta property=\"og:locale\" content=\"it_IT\" \/>\n<meta property=\"og:type\" content=\"article\" \/>\n<meta property=\"og:title\" content=\"Strawberry Gum\" \/>\n<meta property=\"og:description\" content=\"-\" \/>\n<meta property=\"og:url\" content=\"https:\/\/advancedseeds.com\/it\/tienda\/feminizadas\/strawberry-gum\/\" \/>\n<meta property=\"og:site_name\" content=\"Advanced Seeds\" \/>\n<meta property=\"article:modified_time\" content=\"2025-03-27T10:04:32+00:00\" \/>\n<meta property=\"og:image\" content=\"https:\/\/advancedseeds.com\/web\/wp-content\/uploads\/2021\/01\/Strawberry-Gum-1-scaled.jpg\" \/>\n\t<meta property=\"og:image:width\" content=\"1928\" \/>\n\t<meta property=\"og:image:height\" content=\"2560\" \/>\n\t<meta property=\"og:image:type\" content=\"image\/jpeg\" \/>\n<meta name=\"twitter:card\" content=\"summary_large_image\" \/>\n<meta name=\"twitter:label1\" content=\"Tempo di lettura stimato\" \/>\n\t<meta name=\"twitter:data1\" content=\"5 minuti\" \/>\n<script type=\"application\/ld+json\" class=\"yoast-schema-graph\">{\"@context\":\"https:\/\/schema.org\",\"@graph\":[{\"@type\":\"WebPage\",\"@id\":\"https:\/\/advancedseeds.com\/tienda\/feminizadas\/strawberry-gum\/\",\"url\":\"https:\/\/advancedseeds.com\/tienda\/feminizadas\/strawberry-gum\/\",\"name\":\"Strawberry Gum - Advanced Seeds\",\"isPartOf\":{\"@id\":\"https:\/\/advancedseeds.com\/#website\"},\"primaryImageOfPage\":{\"@id\":\"https:\/\/advancedseeds.com\/tienda\/feminizadas\/strawberry-gum\/#primaryimage\"},\"image\":{\"@id\":\"https:\/\/advancedseeds.com\/tienda\/feminizadas\/strawberry-gum\/#primaryimage\"},\"thumbnailUrl\":\"https:\/\/advancedseeds.com\/web\/wp-content\/uploads\/2021\/01\/Strawberry-Gum-1-scaled.jpg\",\"datePublished\":\"2021-01-14T17:18:01+00:00\",\"dateModified\":\"2025-03-27T10:04:32+00:00\",\"breadcrumb\":{\"@id\":\"https:\/\/advancedseeds.com\/tienda\/feminizadas\/strawberry-gum\/#breadcrumb\"},\"inLanguage\":\"it-IT\",\"potentialAction\":[{\"@type\":\"ReadAction\",\"target\":[\"https:\/\/advancedseeds.com\/tienda\/feminizadas\/strawberry-gum\/\"]}]},{\"@type\":\"ImageObject\",\"inLanguage\":\"it-IT\",\"@id\":\"https:\/\/advancedseeds.com\/tienda\/feminizadas\/strawberry-gum\/#primaryimage\",\"url\":\"https:\/\/advancedseeds.com\/web\/wp-content\/uploads\/2021\/01\/Strawberry-Gum-1-scaled.jpg\",\"contentUrl\":\"https:\/\/advancedseeds.com\/web\/wp-content\/uploads\/2021\/01\/Strawberry-Gum-1-scaled.jpg\",\"width\":1928,\"height\":2560},{\"@type\":\"BreadcrumbList\",\"@id\":\"https:\/\/advancedseeds.com\/tienda\/feminizadas\/strawberry-gum\/#breadcrumb\",\"itemListElement\":[{\"@type\":\"ListItem\",\"position\":1,\"name\":\"Home\",\"item\":\"https:\/\/advancedseeds.com\/\"},{\"@type\":\"ListItem\",\"position\":2,\"name\":\"Tienda\",\"item\":\"https:\/\/advancedseeds.com\/\"},{\"@type\":\"ListItem\",\"position\":3,\"name\":\"Strawberry Gum\"}]},{\"@type\":\"WebSite\",\"@id\":\"https:\/\/advancedseeds.com\/#website\",\"url\":\"https:\/\/advancedseeds.com\/\",\"name\":\"Advanced Seeds\",\"description\":\"Gen\u00e9ticas Avanzadas en semillas feminizadas y autom\u00e1ticas.\",\"publisher\":{\"@id\":\"https:\/\/advancedseeds.com\/#organization\"},\"potentialAction\":[{\"@type\":\"SearchAction\",\"target\":{\"@type\":\"EntryPoint\",\"urlTemplate\":\"https:\/\/advancedseeds.com\/?s={search_term_string}\"},\"query-input\":{\"@type\":\"PropertyValueSpecification\",\"valueRequired\":true,\"valueName\":\"search_term_string\"}}],\"inLanguage\":\"it-IT\"},{\"@type\":\"Organization\",\"@id\":\"https:\/\/advancedseeds.com\/#organization\",\"name\":\"Advanced Seeds\",\"url\":\"https:\/\/advancedseeds.com\/\",\"logo\":{\"@type\":\"ImageObject\",\"inLanguage\":\"it-IT\",\"@id\":\"https:\/\/advancedseeds.com\/#\/schema\/logo\/image\/\",\"url\":\"https:\/\/advancedseeds.com\/web\/wp-content\/uploads\/2021\/01\/logo-advanced.jpg\",\"contentUrl\":\"https:\/\/advancedseeds.com\/web\/wp-content\/uploads\/2021\/01\/logo-advanced.jpg\",\"width\":600,\"height\":600,\"caption\":\"Advanced Seeds\"},\"image\":{\"@id\":\"https:\/\/advancedseeds.com\/#\/schema\/logo\/image\/\"}}]}<\/script>\n<!-- \/ Yoast SEO Premium plugin. -->","yoast_head_json":{"title":"Strawberry Gum - Advanced Seeds","robots":{"index":"index","follow":"follow","max-snippet":"max-snippet:-1","max-image-preview":"max-image-preview:large","max-video-preview":"max-video-preview:-1"},"canonical":"https:\/\/advancedseeds.com\/it\/tienda\/feminizadas\/strawberry-gum\/","og_locale":"it_IT","og_type":"article","og_title":"Strawberry Gum","og_description":"-","og_url":"https:\/\/advancedseeds.com\/it\/tienda\/feminizadas\/strawberry-gum\/","og_site_name":"Advanced Seeds","article_modified_time":"2025-03-27T10:04:32+00:00","og_image":[{"width":1928,"height":2560,"url":"https:\/\/advancedseeds.com\/web\/wp-content\/uploads\/2021\/01\/Strawberry-Gum-1-scaled.jpg","type":"image\/jpeg"}],"twitter_card":"summary_large_image","twitter_misc":{"Tempo di lettura stimato":"5 minuti"},"schema":{"@context":"https:\/\/schema.org","@graph":[{"@type":"WebPage","@id":"https:\/\/advancedseeds.com\/tienda\/feminizadas\/strawberry-gum\/","url":"https:\/\/advancedseeds.com\/tienda\/feminizadas\/strawberry-gum\/","name":"Strawberry Gum - Advanced Seeds","isPartOf":{"@id":"https:\/\/advancedseeds.com\/#website"},"primaryImageOfPage":{"@id":"https:\/\/advancedseeds.com\/tienda\/feminizadas\/strawberry-gum\/#primaryimage"},"image":{"@id":"https:\/\/advancedseeds.com\/tienda\/feminizadas\/strawberry-gum\/#primaryimage"},"thumbnailUrl":"https:\/\/advancedseeds.com\/web\/wp-content\/uploads\/2021\/01\/Strawberry-Gum-1-scaled.jpg","datePublished":"2021-01-14T17:18:01+00:00","dateModified":"2025-03-27T10:04:32+00:00","breadcrumb":{"@id":"https:\/\/advancedseeds.com\/tienda\/feminizadas\/strawberry-gum\/#breadcrumb"},"inLanguage":"it-IT","potentialAction":[{"@type":"ReadAction","target":["https:\/\/advancedseeds.com\/tienda\/feminizadas\/strawberry-gum\/"]}]},{"@type":"ImageObject","inLanguage":"it-IT","@id":"https:\/\/advancedseeds.com\/tienda\/feminizadas\/strawberry-gum\/#primaryimage","url":"https:\/\/advancedseeds.com\/web\/wp-content\/uploads\/2021\/01\/Strawberry-Gum-1-scaled.jpg","contentUrl":"https:\/\/advancedseeds.com\/web\/wp-content\/uploads\/2021\/01\/Strawberry-Gum-1-scaled.jpg","width":1928,"height":2560},{"@type":"BreadcrumbList","@id":"https:\/\/advancedseeds.com\/tienda\/feminizadas\/strawberry-gum\/#breadcrumb","itemListElement":[{"@type":"ListItem","position":1,"name":"Home","item":"https:\/\/advancedseeds.com\/"},{"@type":"ListItem","position":2,"name":"Tienda","item":"https:\/\/advancedseeds.com\/"},{"@type":"ListItem","position":3,"name":"Strawberry Gum"}]},{"@type":"WebSite","@id":"https:\/\/advancedseeds.com\/#website","url":"https:\/\/advancedseeds.com\/","name":"Semi avanzati","description":"Genetica avanzata in semi femminizzati e automatici.","publisher":{"@id":"https:\/\/advancedseeds.com\/#organization"},"potentialAction":[{"@type":"SearchAction","target":{"@type":"EntryPoint","urlTemplate":"https:\/\/advancedseeds.com\/?s={search_term_string}"},"query-input":{"@type":"PropertyValueSpecification","valueRequired":true,"valueName":"search_term_string"}}],"inLanguage":"it-IT"},{"@type":"Organization","@id":"https:\/\/advancedseeds.com\/#organization","name":"Semi avanzati","url":"https:\/\/advancedseeds.com\/","logo":{"@type":"ImageObject","inLanguage":"it-IT","@id":"https:\/\/advancedseeds.com\/#\/schema\/logo\/image\/","url":"https:\/\/advancedseeds.com\/web\/wp-content\/uploads\/2021\/01\/logo-advanced.jpg","contentUrl":"https:\/\/advancedseeds.com\/web\/wp-content\/uploads\/2021\/01\/logo-advanced.jpg","width":600,"height":600,"caption":"Advanced Seeds"},"image":{"@id":"https:\/\/advancedseeds.com\/#\/schema\/logo\/image\/"}}]}},"_links":{"self":[{"href":"https:\/\/advancedseeds.com\/it\/wp-json\/wp\/v2\/product\/358","targetHints":{"allow":["GET"]}}],"collection":[{"href":"https:\/\/advancedseeds.com\/it\/wp-json\/wp\/v2\/product"}],"about":[{"href":"https:\/\/advancedseeds.com\/it\/wp-json\/wp\/v2\/types\/product"}],"replies":[{"embeddable":true,"href":"https:\/\/advancedseeds.com\/it\/wp-json\/wp\/v2\/comments?post=358"}],"wp:featuredmedia":[{"embeddable":true,"href":"https:\/\/advancedseeds.com\/it\/wp-json\/wp\/v2\/media\/20334"}],"wp:attachment":[{"href":"https:\/\/advancedseeds.com\/it\/wp-json\/wp\/v2\/media?parent=358"}],"wp:term":[{"taxonomy":"product_brand","embeddable":true,"href":"https:\/\/advancedseeds.com\/it\/wp-json\/wp\/v2\/product_brand?post=358"},{"taxonomy":"product_cat","embeddable":true,"href":"https:\/\/advancedseeds.com\/it\/wp-json\/wp\/v2\/product_cat?post=358"},{"taxonomy":"product_tag","embeddable":true,"href":"https:\/\/advancedseeds.com\/it\/wp-json\/wp\/v2\/product_tag?post=358"}],"curies":[{"name":"wp","href":"https:\/\/api.w.org\/{rel}","templated":true}]}}