{"id":359,"date":"2021-01-14T17:18:04","date_gmt":"2021-01-14T17:18:04","guid":{"rendered":"https:\/\/advancedseeds.com\/web\/producto\/zkittlez\/"},"modified":"2025-03-27T11:35:12","modified_gmt":"2025-03-27T10:35:12","slug":"zkittlez","status":"publish","type":"product","link":"https:\/\/advancedseeds.com\/it\/tienda\/feminizadas\/zkittlez\/","title":{"rendered":"Zkittlez"},"content":{"rendered":"<p>Il <a href=\"https:\/\/advancedseeds.com\/web\/categoria-producto\/feminizadas\/\"><b>Semi femminizzati<\/b><\/a><b> Zkittlez<\/b> di Advanced Seeds \u00e8 un festival di sapori! Con un chemiotipo a dominanza indica, questa variet\u00e0 vi sorprender\u00e0 con la sua dolcezza tropicale e i suoi effetti equilibrati. \u00c8 una scommessa sicura per gli amanti della cannabis alla ricerca di un'esperienza unica, infatti \u00e8 diventata una delle variet\u00e0 pi\u00f9 popolari al mondo. <b>il gusto preferito da milioni di consumatori<\/b> di cannabis da tutto il mondo.<\/p>\n<h2>Qual \u00e8 la genetica di questi semi?<\/h2>\n<p>La Zkittlez \u00e8 un esemplare genetico eccezionale, frutto della <b>incrocio tra uva e pompelmo<\/b>. Questa miscela ha creato una variet\u00e0 con <b>65% di indica e una 35% di sativa<\/b>\u00c8 una variet\u00e0 di cannabis che offre il meglio di entrambe le sottospecie di cannabis: un effetto rilassante sul corpo con una sottile stimolazione cerebrale. I suoi genitori le forniscono un ricco patrimonio di sapori e aromi, evidenziando la sua capacit\u00e0 di generare un profilo organolettico intenso e squisito. Il suo successo risiede nella combinazione di un effetto potente e di un aroma che seduce fin dal primo momento.<\/p>\n<h2>Che aspetto ha Zkittlez?<\/h2>\n<p>La Zkittlez \u00e8 una pianta di media altezza, che raggiunge tra 1 e 1,20 metri in interno e fino a 2,20 metri in esterno. Si caratterizza per le sue cime dense e resinose con sfumature verde chiaro, che mettono in risalto la sua <b>abbondante produzione di resina<\/b>. Questi boccioli, oltre ad essere visivamente attraenti perch\u00e9 terminano con <b>lampi colorati<\/b>Sono pieni di tricomi che annunciano la loro alta qualit\u00e0 e potenza.<\/p>\n<h2>Come si coltivano questi semi all'interno e all'esterno?<\/h2>\n<h3>Coltivazione indoor:<\/h3>\n<p>La Zkittlez \u00e8 perfetta per chi cerca efficienza e resa, oltre che ovviamente qualit\u00e0. Si adatta bene a spazi limitati e con 9-12 piante per metro quadro si possono ottenere risultati ottimali. Si adatta molto bene alla potatura e al metodo SCROG. Il <b>utilizzo di tutor<\/b> per aprire la sua struttura e migliorare la produzione. <b>Utilizzare concimi organici ricchi di carboidrati<\/b> ne potenzier\u00e0 il profilo aromatico, raggiungendo rese che possono facilmente superare la media. Ricordate, <b>l'installazione di filtri antiodore \u00e8 essenziale<\/b> per il suo aroma intenso e delizioso.<\/p>\n<h3>Coltivazione all'aperto:<\/h3>\n<p>La Zkittlez \u00e8 resistente a diversi climi e pu\u00f2 fornire raccolti abbondanti con un regime di fertilizzazione di qualit\u00e0. L'uso di <b>tutor o una rete<\/b> aiuta a sostenere i suoi densi fiori e migliora la circolazione dell'aria e della luce. Con le dovute attenzioni, pu\u00f2 produrre raccolti spettacolari, soprattutto se la pianta \u00e8 <b>potare la punta principale<\/b>. La sua buona resistenza ai parassiti \u00e8 un ulteriore vantaggio per i coltivatori alle prime armi, ma non guasta l'applicazione preventiva di pesticidi.<\/p>\n<h2>Quando viene raccolto l'Zkittlez?<\/h2>\n<p>La fioritura della Zkittlez \u00e8 abbastanza rapida, completandosi in <b>55-60 giorni<\/b> al chiuso. All'aperto, sar\u00e0 pronta per la raccolta alla fine di settembre nell'emisfero settentrionale, mentre nell'emisfero meridionale pu\u00f2 essere tagliata alla fine di marzo.<\/p>\n<h2>Quanto producono questi semi?<\/h2>\n<p>In condizioni indoor, si possono prevedere raccolti di <b>circa 500 g\/m\u00b2.<\/b>. All'aperto, questa variet\u00e0 si diffonde vigorosamente, producendo oltre 600g per pianta. L'abbondanza di resina e la densit\u00e0 delle sue cime rendono la Zkittlez una scelta eccellente per chi \u00e8 interessato a estrazioni di alta qualit\u00e0.<\/p>\n<h2>Qual \u00e8 l'aroma e il gusto dell'Zkittlez?<\/h2>\n<p>Con un <b>aroma e sapore che ricordano i frutti tropicali e i dolciumi<\/b>questa variet\u00e0 vi condurr\u00e0 in un viaggio sensoriale indimenticabile. Il suo profilo organolettico, dominato da note dolci e fruttate, rimane costante sia nell'aroma che nel sapore, offrendo un'esperienza gustativa che permane nel palato.<\/p>\n<h2>Che tipo di effetto ha questa marijuana?<\/h2>\n<p>L'effetto di Zkittlez \u00e8 piacevole quanto il suo sapore. Con un <b>perfetto equilibrio tra rilassamento fisico e stimolazione cerebrale<\/b>\u00c8 ideale per quei momenti in cui si cerca creativit\u00e0 o uno stato di benessere senza essere sopraffatti. Il suo contenuto di THC fornisce un effetto moderato ma efficace, perfetto da gustare durante la giornata senza sentirsi sopraffatti.<\/p>\n<h2>Acquistare Zkittlez al miglior prezzo online nel nostro webshop<\/h2>\n<p>Volete godervi i sapori esotici e gli effetti equilibrati della Zkittlez? Beh, siete gi\u00e0 in ritardo.... Nel nostro negozio online, troverete la Zkittlez di Advanced Seeds al miglior prezzo e senza alcun dubbio i semi pi\u00f9 freschi del mercato, ordinate ora e preparatevi ad un'esperienza di coltivazione e degustazione straordinaria!<\/p>\n<h2>Domande frequenti su Zkittlez:<\/h2>\n<h3>La Zkittlez \u00e8 una buona scelta per i coltivatori alle prime armi?<\/h3>\n<p>Assolutamente s\u00ec, grazie alla facilit\u00e0 di coltivazione e alla resistenza a diversi climi.<\/p>\n<h3>Quali sono le tecniche di coltivazione consigliate per massimizzare la produzione indoor?<\/h3>\n<p>La potatura FIM e lo SCROG sono ideali per sfruttare al meglio lo spazio e la luce.<\/p>\n<h3>Come influisce il clima sulla Zkittlez nella coltivazione all'aperto?<\/h3>\n<p>Si adatta bene a diversi climi, ma i risultati migliori si ottengono in ambienti con umidit\u00e0 medio-bassa.<\/p>\n<h3>Qual \u00e8 il modo migliore per essiccare e curare i bud Zkittlez?<\/h3>\n<p>Un'essiccazione lenta e una corretta stagionatura sono essenziali per preservarne gli aromi e i sapori intensi.<\/p>","protected":false},"excerpt":{"rendered":"<p>-<\/p>","protected":false},"featured_media":20338,"comment_status":"open","ping_status":"closed","template":"","meta":{"_acf_changed":false},"product_brand":[],"product_cat":[69],"product_tag":[],"class_list":{"0":"post-359","1":"product","2":"type-product","3":"status-publish","4":"has-post-thumbnail","6":"product_cat-feminizadas","8":"first","9":"instock","10":"taxable","11":"shipping-taxable","12":"purchasable","13":"product-type-variable"},"acf":[],"yoast_head":"<!-- This site is optimized with the Yoast SEO Premium plugin v26.3 (Yoast SEO v26.6) - https:\/\/yoast.com\/wordpress\/plugins\/seo\/ -->\n<title>Zkittlez - Advanced Seeds<\/title>\n<meta name=\"robots\" content=\"index, follow, max-snippet:-1, max-image-preview:large, max-video-preview:-1\" \/>\n<link rel=\"canonical\" href=\"https:\/\/advancedseeds.com\/it\/tienda\/feminizadas\/zkittlez\/\" \/>\n<meta property=\"og:locale\" content=\"it_IT\" \/>\n<meta property=\"og:type\" content=\"article\" \/>\n<meta property=\"og:title\" content=\"Zkittlez\" \/>\n<meta property=\"og:description\" content=\"-\" \/>\n<meta property=\"og:url\" content=\"https:\/\/advancedseeds.com\/it\/tienda\/feminizadas\/zkittlez\/\" \/>\n<meta property=\"og:site_name\" content=\"Advanced Seeds\" \/>\n<meta property=\"article:modified_time\" content=\"2025-03-27T10:35:12+00:00\" \/>\n<meta property=\"og:image\" content=\"https:\/\/advancedseeds.com\/web\/wp-content\/uploads\/2021\/01\/Zkittlez-2-scaled.jpg\" \/>\n\t<meta property=\"og:image:width\" content=\"1928\" \/>\n\t<meta property=\"og:image:height\" content=\"2560\" \/>\n\t<meta property=\"og:image:type\" content=\"image\/jpeg\" \/>\n<meta name=\"twitter:card\" content=\"summary_large_image\" \/>\n<meta name=\"twitter:label1\" content=\"Tempo di lettura stimato\" \/>\n\t<meta name=\"twitter:data1\" content=\"4 minuti\" \/>\n<script type=\"application\/ld+json\" class=\"yoast-schema-graph\">{\"@context\":\"https:\/\/schema.org\",\"@graph\":[{\"@type\":\"WebPage\",\"@id\":\"https:\/\/advancedseeds.com\/tienda\/feminizadas\/zkittlez\/\",\"url\":\"https:\/\/advancedseeds.com\/tienda\/feminizadas\/zkittlez\/\",\"name\":\"Zkittlez - Advanced Seeds\",\"isPartOf\":{\"@id\":\"https:\/\/advancedseeds.com\/#website\"},\"primaryImageOfPage\":{\"@id\":\"https:\/\/advancedseeds.com\/tienda\/feminizadas\/zkittlez\/#primaryimage\"},\"image\":{\"@id\":\"https:\/\/advancedseeds.com\/tienda\/feminizadas\/zkittlez\/#primaryimage\"},\"thumbnailUrl\":\"https:\/\/advancedseeds.com\/web\/wp-content\/uploads\/2021\/01\/Zkittlez-2-scaled.jpg\",\"datePublished\":\"2021-01-14T17:18:04+00:00\",\"dateModified\":\"2025-03-27T10:35:12+00:00\",\"breadcrumb\":{\"@id\":\"https:\/\/advancedseeds.com\/tienda\/feminizadas\/zkittlez\/#breadcrumb\"},\"inLanguage\":\"it-IT\",\"potentialAction\":[{\"@type\":\"ReadAction\",\"target\":[\"https:\/\/advancedseeds.com\/tienda\/feminizadas\/zkittlez\/\"]}]},{\"@type\":\"ImageObject\",\"inLanguage\":\"it-IT\",\"@id\":\"https:\/\/advancedseeds.com\/tienda\/feminizadas\/zkittlez\/#primaryimage\",\"url\":\"https:\/\/advancedseeds.com\/web\/wp-content\/uploads\/2021\/01\/Zkittlez-2-scaled.jpg\",\"contentUrl\":\"https:\/\/advancedseeds.com\/web\/wp-content\/uploads\/2021\/01\/Zkittlez-2-scaled.jpg\",\"width\":1928,\"height\":2560},{\"@type\":\"BreadcrumbList\",\"@id\":\"https:\/\/advancedseeds.com\/tienda\/feminizadas\/zkittlez\/#breadcrumb\",\"itemListElement\":[{\"@type\":\"ListItem\",\"position\":1,\"name\":\"Home\",\"item\":\"https:\/\/advancedseeds.com\/\"},{\"@type\":\"ListItem\",\"position\":2,\"name\":\"Tienda\",\"item\":\"https:\/\/advancedseeds.com\/\"},{\"@type\":\"ListItem\",\"position\":3,\"name\":\"Zkittlez\"}]},{\"@type\":\"WebSite\",\"@id\":\"https:\/\/advancedseeds.com\/#website\",\"url\":\"https:\/\/advancedseeds.com\/\",\"name\":\"Advanced Seeds\",\"description\":\"Gen\u00e9ticas Avanzadas en semillas feminizadas y autom\u00e1ticas.\",\"publisher\":{\"@id\":\"https:\/\/advancedseeds.com\/#organization\"},\"potentialAction\":[{\"@type\":\"SearchAction\",\"target\":{\"@type\":\"EntryPoint\",\"urlTemplate\":\"https:\/\/advancedseeds.com\/?s={search_term_string}\"},\"query-input\":{\"@type\":\"PropertyValueSpecification\",\"valueRequired\":true,\"valueName\":\"search_term_string\"}}],\"inLanguage\":\"it-IT\"},{\"@type\":\"Organization\",\"@id\":\"https:\/\/advancedseeds.com\/#organization\",\"name\":\"Advanced Seeds\",\"url\":\"https:\/\/advancedseeds.com\/\",\"logo\":{\"@type\":\"ImageObject\",\"inLanguage\":\"it-IT\",\"@id\":\"https:\/\/advancedseeds.com\/#\/schema\/logo\/image\/\",\"url\":\"https:\/\/advancedseeds.com\/web\/wp-content\/uploads\/2021\/01\/logo-advanced.jpg\",\"contentUrl\":\"https:\/\/advancedseeds.com\/web\/wp-content\/uploads\/2021\/01\/logo-advanced.jpg\",\"width\":600,\"height\":600,\"caption\":\"Advanced Seeds\"},\"image\":{\"@id\":\"https:\/\/advancedseeds.com\/#\/schema\/logo\/image\/\"}}]}<\/script>\n<!-- \/ Yoast SEO Premium plugin. -->","yoast_head_json":{"title":"Zkittlez - Advanced Seeds","robots":{"index":"index","follow":"follow","max-snippet":"max-snippet:-1","max-image-preview":"max-image-preview:large","max-video-preview":"max-video-preview:-1"},"canonical":"https:\/\/advancedseeds.com\/it\/tienda\/feminizadas\/zkittlez\/","og_locale":"it_IT","og_type":"article","og_title":"Zkittlez","og_description":"-","og_url":"https:\/\/advancedseeds.com\/it\/tienda\/feminizadas\/zkittlez\/","og_site_name":"Advanced Seeds","article_modified_time":"2025-03-27T10:35:12+00:00","og_image":[{"width":1928,"height":2560,"url":"https:\/\/advancedseeds.com\/web\/wp-content\/uploads\/2021\/01\/Zkittlez-2-scaled.jpg","type":"image\/jpeg"}],"twitter_card":"summary_large_image","twitter_misc":{"Tempo di lettura stimato":"4 minuti"},"schema":{"@context":"https:\/\/schema.org","@graph":[{"@type":"WebPage","@id":"https:\/\/advancedseeds.com\/tienda\/feminizadas\/zkittlez\/","url":"https:\/\/advancedseeds.com\/tienda\/feminizadas\/zkittlez\/","name":"Zkittlez - Advanced Seeds","isPartOf":{"@id":"https:\/\/advancedseeds.com\/#website"},"primaryImageOfPage":{"@id":"https:\/\/advancedseeds.com\/tienda\/feminizadas\/zkittlez\/#primaryimage"},"image":{"@id":"https:\/\/advancedseeds.com\/tienda\/feminizadas\/zkittlez\/#primaryimage"},"thumbnailUrl":"https:\/\/advancedseeds.com\/web\/wp-content\/uploads\/2021\/01\/Zkittlez-2-scaled.jpg","datePublished":"2021-01-14T17:18:04+00:00","dateModified":"2025-03-27T10:35:12+00:00","breadcrumb":{"@id":"https:\/\/advancedseeds.com\/tienda\/feminizadas\/zkittlez\/#breadcrumb"},"inLanguage":"it-IT","potentialAction":[{"@type":"ReadAction","target":["https:\/\/advancedseeds.com\/tienda\/feminizadas\/zkittlez\/"]}]},{"@type":"ImageObject","inLanguage":"it-IT","@id":"https:\/\/advancedseeds.com\/tienda\/feminizadas\/zkittlez\/#primaryimage","url":"https:\/\/advancedseeds.com\/web\/wp-content\/uploads\/2021\/01\/Zkittlez-2-scaled.jpg","contentUrl":"https:\/\/advancedseeds.com\/web\/wp-content\/uploads\/2021\/01\/Zkittlez-2-scaled.jpg","width":1928,"height":2560},{"@type":"BreadcrumbList","@id":"https:\/\/advancedseeds.com\/tienda\/feminizadas\/zkittlez\/#breadcrumb","itemListElement":[{"@type":"ListItem","position":1,"name":"Home","item":"https:\/\/advancedseeds.com\/"},{"@type":"ListItem","position":2,"name":"Tienda","item":"https:\/\/advancedseeds.com\/"},{"@type":"ListItem","position":3,"name":"Zkittlez"}]},{"@type":"WebSite","@id":"https:\/\/advancedseeds.com\/#website","url":"https:\/\/advancedseeds.com\/","name":"Semi avanzati","description":"Genetica avanzata in semi femminizzati e automatici.","publisher":{"@id":"https:\/\/advancedseeds.com\/#organization"},"potentialAction":[{"@type":"SearchAction","target":{"@type":"EntryPoint","urlTemplate":"https:\/\/advancedseeds.com\/?s={search_term_string}"},"query-input":{"@type":"PropertyValueSpecification","valueRequired":true,"valueName":"search_term_string"}}],"inLanguage":"it-IT"},{"@type":"Organization","@id":"https:\/\/advancedseeds.com\/#organization","name":"Semi avanzati","url":"https:\/\/advancedseeds.com\/","logo":{"@type":"ImageObject","inLanguage":"it-IT","@id":"https:\/\/advancedseeds.com\/#\/schema\/logo\/image\/","url":"https:\/\/advancedseeds.com\/web\/wp-content\/uploads\/2021\/01\/logo-advanced.jpg","contentUrl":"https:\/\/advancedseeds.com\/web\/wp-content\/uploads\/2021\/01\/logo-advanced.jpg","width":600,"height":600,"caption":"Advanced Seeds"},"image":{"@id":"https:\/\/advancedseeds.com\/#\/schema\/logo\/image\/"}}]}},"_links":{"self":[{"href":"https:\/\/advancedseeds.com\/it\/wp-json\/wp\/v2\/product\/359","targetHints":{"allow":["GET"]}}],"collection":[{"href":"https:\/\/advancedseeds.com\/it\/wp-json\/wp\/v2\/product"}],"about":[{"href":"https:\/\/advancedseeds.com\/it\/wp-json\/wp\/v2\/types\/product"}],"replies":[{"embeddable":true,"href":"https:\/\/advancedseeds.com\/it\/wp-json\/wp\/v2\/comments?post=359"}],"wp:featuredmedia":[{"embeddable":true,"href":"https:\/\/advancedseeds.com\/it\/wp-json\/wp\/v2\/media\/20338"}],"wp:attachment":[{"href":"https:\/\/advancedseeds.com\/it\/wp-json\/wp\/v2\/media?parent=359"}],"wp:term":[{"taxonomy":"product_brand","embeddable":true,"href":"https:\/\/advancedseeds.com\/it\/wp-json\/wp\/v2\/product_brand?post=359"},{"taxonomy":"product_cat","embeddable":true,"href":"https:\/\/advancedseeds.com\/it\/wp-json\/wp\/v2\/product_cat?post=359"},{"taxonomy":"product_tag","embeddable":true,"href":"https:\/\/advancedseeds.com\/it\/wp-json\/wp\/v2\/product_tag?post=359"}],"curies":[{"name":"wp","href":"https:\/\/api.w.org\/{rel}","templated":true}]}}