{"id":4932,"date":"2022-03-10T17:05:59","date_gmt":"2022-03-10T16:05:59","guid":{"rendered":"https:\/\/advancedseeds.com\/web\/?post_type=product&#038;p=4932"},"modified":"2025-03-22T18:25:55","modified_gmt":"2025-03-22T17:25:55","slug":"auto-watermelon-og","status":"publish","type":"product","link":"https:\/\/advancedseeds.com\/it\/tienda\/automaticas\/auto-watermelon-og\/","title":{"rendered":"Auto Watermelon OG"},"content":{"rendered":"<p><span style=\"font-weight: 400\">Se avete bisogno di coltivare una variet\u00e0 a fioritura espressa, con una produzione eccellente, un gusto delizioso e uno di quegli effetti di cui bisogna prendersi cura... Las...<\/span> <a href=\"https:\/\/advancedseeds.com\/web\/categoria-producto\/automaticas\/\"><b>semi autofiorenti<\/b><\/a><b> Auto Watermelon OG<\/b><span style=\"font-weight: 400\"> di Advanced Seeds offre un'esperienza unica con il suo sapore di anguria, le sue grandi cime, il suo sviluppo rapido e i suoi effetti rilassanti. Sono perfette per i coltivatori che cercano un buon equilibrio tra facilit\u00e0 di coltivazione e risultati eccezionali.<\/span><\/p>\n<h2><b>Qual \u00e8 la genetica di questi semi?<\/b><\/h2>\n<p><span style=\"font-weight: 400\">L'Auto Watermelon OG \u00e8 un ibrido bilanciato di indica e sativa, nato dal <\/span><b>incrocio tra un'autofiorente e l'ibrido Melon Purple x Black OG<\/b><span style=\"font-weight: 400\">. Questa genetica le conferisce caratteristiche speciali: da un lato, la robustezza e gli effetti rilassanti dell'indica; dall'altro, la vivacit\u00e0 e il sapore fruttato della sativa. I suoi genitori le conferiscono una complessit\u00e0 genetica che si traduce in una pianta con un elevato potenziale sia in termini di produzione che di qualit\u00e0 delle cime. Sebbene sia principalmente indica, la prima parte dell'effetto \u00e8 molto stimolante.<\/span><\/p>\n<h2><b>Che aspetto ha Auto Watermelon OG?<\/b><\/h2>\n<p><span style=\"font-weight: 400\">Auto Watermelon OG sviluppa una struttura di medie dimensioni e robusta, con una profusa ramificazione che emerge dalle parti inferiori della pianta, mostrando una morfologia tipica delle variet\u00e0 ibride. Le sue foglie mostrano <\/span><b>toni viola e neri<\/b><span style=\"font-weight: 400\">Le gemme sono dense, dure come il titanio e ricoperte da un generoso strato di tricomi, sia i calici che le foglie adiacenti. Le cime sono dense, dure come il titanio e ricoperte da un generoso strato di tricomi, sia i calici che le foglie adiacenti. Questa caratteristica non \u00e8 solo esteticamente accattivante, ma indica anche una <\/span><b>alta concentrazione di terpeni e flavonoidi<\/b><span style=\"font-weight: 400\">.<\/span><\/p>\n<h2><b>Come si coltivano questi semi all'interno e all'esterno?<\/b><\/h2>\n<h3><span style=\"font-weight: 400\">Coltivazione indoor:<\/span><\/h3>\n<p><span style=\"font-weight: 400\">L'Auto Watermelon OG raggiunge il suo massimo potenziale in idroponica, ma si comporta molto bene anche quando viene piantata in <\/span><b>vasi da 11 litri o pi\u00f9<\/b><span style=\"font-weight: 400\">. Come per altre variet\u00e0 autofiorenti, si raccomanda un fotoperiodo di 20\/4 per tutta la vita delle piante e un substrato ben aerato per consentire all'apparato radicale di svilupparsi il pi\u00f9 rapidamente possibile. \u00c8 un'ottima idea <\/span><b>aggiungere micro-vita<\/b><span style=\"font-weight: 400\"> al substrato e\/o alle prime irrigazioni, sia tricoderma che micorrize.<\/span><\/p>\n<h3><span style=\"font-weight: 400\">Coltivazione all'aperto.<\/span><\/h3>\n<p><span style=\"font-weight: 400\">Questa variet\u00e0 si adatta bene a diversi climi e pu\u00f2 raggiungere un'altezza di 1,5 metri. La sua resistenza alle condizioni climatiche avverse e ai parassiti la rende una scelta solida per i coltivatori di tutti i livelli, soprattutto per quelli inesperti. Interessante <\/span><b>mettere dei tutor o qualche tipo di struttura<\/b><span style=\"font-weight: 400\"> I rami possono essere sostenuti da un traliccio da cui rimuovere i germogli man mano che crescono, migliorando cos\u00ec anche l'ingresso della luce nelle parti inferiori e interne delle piante.<\/span><\/p>\n<h2><b>Quando viene raccolto l'Auto Watermelon OG?<\/b><\/h2>\n<p><span style=\"font-weight: 400\">Il ciclo completo di questa variet\u00e0, dalla germinazione delle piantine alla raccolta delle cime della Auto Watermelon OG indoor e outdoor, richiede <\/span><b>tra 65 e 70 giorni<\/b><span style=\"font-weight: 400\">. Se vi piace un effetto pi\u00f9 fisico e rilassante, lasciatela maturare per un'altra settimana, ma se preferite che sia pi\u00f9 psicoattiva ed euforica, tagliatela al massimo a 70 giorni.<\/span><\/p>\n<h2><b>Quanto producono questi semi?<\/b><\/h2>\n<p><span style=\"font-weight: 400\">La Auto Watermelon OG \u00e8 notevolmente produttiva in termini di fiori, tricomi, THC e terpeni. Al chiuso, pu\u00f2 fornire fino a <\/span><b>550 g\/m\u00b2.<\/b><span style=\"font-weight: 400\"> di cime pesanti in condizioni di siccit\u00e0, mentre all'aperto ogni pianta pu\u00f2 produrre <\/span><b>tra 50 e 150 grammi<\/b><span style=\"font-weight: 400\">. Questa elevata produzione la rende una scelta eccellente per chi cerca una combinazione di quantit\u00e0 e qualit\u00e0 nel minor tempo possibile.<\/span><\/p>\n<h2><b>Qual \u00e8 l'aroma e il sapore dell'Auto Watermelon OG?<\/b><\/h2>\n<p><span style=\"font-weight: 400\">Il profilo aromatico e gustativo dell'Auto Watermelon OG \u00e8 una delle sue principali attrattive. Prevalentemente <\/span><b>note dolci e rinfrescanti di anguria, con un sottofondo terroso<\/b><span style=\"font-weight: 400\"> che aggiunge complessit\u00e0 all'esperienza. Al momento del consumo, il sapore fruttato si intensifica, lasciando un retrogusto duraturo e molto piacevole. Si consiglia una stagionatura di almeno 2 mesi per consentire l'assestamento delle propriet\u00e0 organolettiche e la completa scomparsa delle tracce di clorofilla.<\/span><\/p>\n<h2><b>Che tipo di effetto ha questa marijuana?<\/b><\/h2>\n<p><span style=\"font-weight: 400\">Con un THC che supera <\/span><b>20%<\/b><span style=\"font-weight: 400\">Auto Watermelon OG produce effetti equilibrati su corpo e mente: <\/span><b>all'inizio stimolante e cerebrale, seguito da un profondo e piacevole rilassamento fisico<\/b><span style=\"font-weight: 400\">. \u00c8 perfetto per l'uso pomeridiano e serale, aiutando a rilassarsi dopo una giornata intensa, perch\u00e9 aiuta a sfuggire ai problemi della vita quotidiana.<\/span><\/p>\n<h2><b>Comprare Auto Watermelon OG al miglior prezzo online<\/b><\/h2>\n<p><span style=\"font-weight: 400\">Per coloro che sono alla ricerca di una variet\u00e0 dal profilo aromatico unico e dagli effetti equilibrati, i semi autofiorenti Auto Watermelon OG di Advanced Seeds sono la scelta ideale. Acquistateli ora e provate a coltivare e a godere di una delle variet\u00e0 pi\u00f9 deliziose del mercato!<\/span><\/p>\n<h2><b>Domande frequenti su Auto Watermelon OG:<\/b><\/h2>\n<h3><span style=\"font-weight: 400\">Che effetto ha la luce sull'Auto Watermelon OG in interni?<\/span><\/h3>\n<p><span style=\"font-weight: 400\">Una buona illuminazione \u00e8 fondamentale. Le luci LED a spettro completo sono consigliate per una crescita ottimale e una fioritura abbondante.<\/span><\/p>\n<h3><span style=\"font-weight: 400\">Quando \u00e8 il momento migliore per raccogliere l'Auto Watermelon OG?<\/span><\/h3>\n<p><span style=\"font-weight: 400\">Il raccolto \u00e8 pronto quando i tricomi hanno un aspetto lattiginoso o ambrato, a indicare che i cannabinoidi e i terpeni hanno raggiunto il loro picco.<\/span><\/p>\n<h3><span style=\"font-weight: 400\">Come vengono gestiti gli infestanti in Auto Watermelon OG?<\/span><\/h3>\n<p><span style=\"font-weight: 400\">\u00c8 consigliabile utilizzare metodi preventivi e biologici per il controllo dei parassiti, mantenendo un ambiente di coltivazione pulito e sano.<\/span><\/p>\n<h3><span style=\"font-weight: 400\">Quale dimensione di vaso \u00e8 ideale per l'Auto Watermelon OG?<\/span><\/h3>\n<p><span style=\"font-weight: 400\">All'interno sono ideali vasi da 7-11 litri, mentre all'esterno si possono usare vasi pi\u00f9 grandi per consentire un maggiore sviluppo delle radici.<\/span><\/p>\n<p>&nbsp;<\/p>","protected":false},"excerpt":{"rendered":"<p>Ibrido 50% indica-sativa che tira fuori il meglio di ciascuno dei suoi genitori Melon Purple e Black OG nella sua versione autofiorente. Offre una buona produzione di cime con una grande quantit\u00e0 di resina in una pianta di medie dimensioni. Le foglie hanno toni viola e neri e un aroma di anguria con note di kush.<\/p>\n<p>&nbsp;<\/p>","protected":false},"featured_media":19670,"comment_status":"open","ping_status":"closed","template":"","meta":{"_acf_changed":false},"product_brand":[],"product_cat":[70],"product_tag":[],"class_list":{"0":"post-4932","1":"product","2":"type-product","3":"status-publish","4":"has-post-thumbnail","6":"product_cat-automaticas","8":"first","9":"instock","10":"taxable","11":"shipping-taxable","12":"purchasable","13":"product-type-variable"},"acf":[],"yoast_head":"<!-- This site is optimized with the Yoast SEO Premium plugin v26.3 (Yoast SEO v26.6) - https:\/\/yoast.com\/wordpress\/plugins\/seo\/ -->\n<title>Auto Watermelon OG - Advanced Seeds<\/title>\n<meta name=\"robots\" content=\"index, follow, max-snippet:-1, max-image-preview:large, max-video-preview:-1\" \/>\n<link rel=\"canonical\" href=\"https:\/\/advancedseeds.com\/it\/tienda\/automaticas\/auto-watermelon-og\/\" \/>\n<meta property=\"og:locale\" content=\"it_IT\" \/>\n<meta property=\"og:type\" content=\"article\" \/>\n<meta property=\"og:title\" content=\"Auto Watermelon OG\" \/>\n<meta property=\"og:description\" content=\"H\u00edbrido al 50% indico- sativo que saca a relucir lo mejor de cada uno de sus parentales Melon Purple y Black OG en su versi\u00f3n autofloreciente. Ofrece una buena producci\u00f3n de cogollos con una gran cantidad de resina en una planta de porte medio. Tonos morados y negros en sus hojas y aroma a sand\u00eda con toques a kush.  &nbsp;\" \/>\n<meta property=\"og:url\" content=\"https:\/\/advancedseeds.com\/it\/tienda\/automaticas\/auto-watermelon-og\/\" \/>\n<meta property=\"og:site_name\" content=\"Advanced Seeds\" \/>\n<meta property=\"article:modified_time\" content=\"2025-03-22T17:25:55+00:00\" \/>\n<meta property=\"og:image\" content=\"https:\/\/advancedseeds.com\/web\/wp-content\/uploads\/2022\/03\/Auto-Watermelon-OG.jpg\" \/>\n\t<meta property=\"og:image:width\" content=\"1475\" \/>\n\t<meta property=\"og:image:height\" content=\"1957\" \/>\n\t<meta property=\"og:image:type\" content=\"image\/jpeg\" \/>\n<meta name=\"twitter:card\" content=\"summary_large_image\" \/>\n<meta name=\"twitter:label1\" content=\"Tempo di lettura stimato\" \/>\n\t<meta name=\"twitter:data1\" content=\"5 minuti\" \/>\n<script type=\"application\/ld+json\" class=\"yoast-schema-graph\">{\"@context\":\"https:\/\/schema.org\",\"@graph\":[{\"@type\":\"WebPage\",\"@id\":\"https:\/\/advancedseeds.com\/tienda\/automaticas\/auto-watermelon-og\/\",\"url\":\"https:\/\/advancedseeds.com\/tienda\/automaticas\/auto-watermelon-og\/\",\"name\":\"Auto Watermelon OG - Advanced Seeds\",\"isPartOf\":{\"@id\":\"https:\/\/advancedseeds.com\/#website\"},\"primaryImageOfPage\":{\"@id\":\"https:\/\/advancedseeds.com\/tienda\/automaticas\/auto-watermelon-og\/#primaryimage\"},\"image\":{\"@id\":\"https:\/\/advancedseeds.com\/tienda\/automaticas\/auto-watermelon-og\/#primaryimage\"},\"thumbnailUrl\":\"https:\/\/advancedseeds.com\/web\/wp-content\/uploads\/2022\/03\/Auto-Watermelon-OG.jpg\",\"datePublished\":\"2022-03-10T16:05:59+00:00\",\"dateModified\":\"2025-03-22T17:25:55+00:00\",\"breadcrumb\":{\"@id\":\"https:\/\/advancedseeds.com\/tienda\/automaticas\/auto-watermelon-og\/#breadcrumb\"},\"inLanguage\":\"it-IT\",\"potentialAction\":[{\"@type\":\"ReadAction\",\"target\":[\"https:\/\/advancedseeds.com\/tienda\/automaticas\/auto-watermelon-og\/\"]}]},{\"@type\":\"ImageObject\",\"inLanguage\":\"it-IT\",\"@id\":\"https:\/\/advancedseeds.com\/tienda\/automaticas\/auto-watermelon-og\/#primaryimage\",\"url\":\"https:\/\/advancedseeds.com\/web\/wp-content\/uploads\/2022\/03\/Auto-Watermelon-OG.jpg\",\"contentUrl\":\"https:\/\/advancedseeds.com\/web\/wp-content\/uploads\/2022\/03\/Auto-Watermelon-OG.jpg\",\"width\":1475,\"height\":1957},{\"@type\":\"BreadcrumbList\",\"@id\":\"https:\/\/advancedseeds.com\/tienda\/automaticas\/auto-watermelon-og\/#breadcrumb\",\"itemListElement\":[{\"@type\":\"ListItem\",\"position\":1,\"name\":\"Home\",\"item\":\"https:\/\/advancedseeds.com\/\"},{\"@type\":\"ListItem\",\"position\":2,\"name\":\"Tienda\",\"item\":\"https:\/\/advancedseeds.com\/\"},{\"@type\":\"ListItem\",\"position\":3,\"name\":\"Auto Watermelon OG\"}]},{\"@type\":\"WebSite\",\"@id\":\"https:\/\/advancedseeds.com\/#website\",\"url\":\"https:\/\/advancedseeds.com\/\",\"name\":\"Advanced Seeds\",\"description\":\"Gen\u00e9ticas Avanzadas en semillas feminizadas y autom\u00e1ticas.\",\"publisher\":{\"@id\":\"https:\/\/advancedseeds.com\/#organization\"},\"potentialAction\":[{\"@type\":\"SearchAction\",\"target\":{\"@type\":\"EntryPoint\",\"urlTemplate\":\"https:\/\/advancedseeds.com\/?s={search_term_string}\"},\"query-input\":{\"@type\":\"PropertyValueSpecification\",\"valueRequired\":true,\"valueName\":\"search_term_string\"}}],\"inLanguage\":\"it-IT\"},{\"@type\":\"Organization\",\"@id\":\"https:\/\/advancedseeds.com\/#organization\",\"name\":\"Advanced Seeds\",\"url\":\"https:\/\/advancedseeds.com\/\",\"logo\":{\"@type\":\"ImageObject\",\"inLanguage\":\"it-IT\",\"@id\":\"https:\/\/advancedseeds.com\/#\/schema\/logo\/image\/\",\"url\":\"https:\/\/advancedseeds.com\/web\/wp-content\/uploads\/2021\/01\/logo-advanced.jpg\",\"contentUrl\":\"https:\/\/advancedseeds.com\/web\/wp-content\/uploads\/2021\/01\/logo-advanced.jpg\",\"width\":600,\"height\":600,\"caption\":\"Advanced Seeds\"},\"image\":{\"@id\":\"https:\/\/advancedseeds.com\/#\/schema\/logo\/image\/\"}}]}<\/script>\n<!-- \/ Yoast SEO Premium plugin. -->","yoast_head_json":{"title":"Auto Watermelon OG - Advanced Seeds","robots":{"index":"index","follow":"follow","max-snippet":"max-snippet:-1","max-image-preview":"max-image-preview:large","max-video-preview":"max-video-preview:-1"},"canonical":"https:\/\/advancedseeds.com\/it\/tienda\/automaticas\/auto-watermelon-og\/","og_locale":"it_IT","og_type":"article","og_title":"Auto Watermelon OG","og_description":"H\u00edbrido al 50% indico- sativo que saca a relucir lo mejor de cada uno de sus parentales Melon Purple y Black OG en su versi\u00f3n autofloreciente. Ofrece una buena producci\u00f3n de cogollos con una gran cantidad de resina en una planta de porte medio. Tonos morados y negros en sus hojas y aroma a sand\u00eda con toques a kush.  &nbsp;","og_url":"https:\/\/advancedseeds.com\/it\/tienda\/automaticas\/auto-watermelon-og\/","og_site_name":"Advanced Seeds","article_modified_time":"2025-03-22T17:25:55+00:00","og_image":[{"width":1475,"height":1957,"url":"https:\/\/advancedseeds.com\/web\/wp-content\/uploads\/2022\/03\/Auto-Watermelon-OG.jpg","type":"image\/jpeg"}],"twitter_card":"summary_large_image","twitter_misc":{"Tempo di lettura stimato":"5 minuti"},"schema":{"@context":"https:\/\/schema.org","@graph":[{"@type":"WebPage","@id":"https:\/\/advancedseeds.com\/tienda\/automaticas\/auto-watermelon-og\/","url":"https:\/\/advancedseeds.com\/tienda\/automaticas\/auto-watermelon-og\/","name":"Auto Watermelon OG - Advanced Seeds","isPartOf":{"@id":"https:\/\/advancedseeds.com\/#website"},"primaryImageOfPage":{"@id":"https:\/\/advancedseeds.com\/tienda\/automaticas\/auto-watermelon-og\/#primaryimage"},"image":{"@id":"https:\/\/advancedseeds.com\/tienda\/automaticas\/auto-watermelon-og\/#primaryimage"},"thumbnailUrl":"https:\/\/advancedseeds.com\/web\/wp-content\/uploads\/2022\/03\/Auto-Watermelon-OG.jpg","datePublished":"2022-03-10T16:05:59+00:00","dateModified":"2025-03-22T17:25:55+00:00","breadcrumb":{"@id":"https:\/\/advancedseeds.com\/tienda\/automaticas\/auto-watermelon-og\/#breadcrumb"},"inLanguage":"it-IT","potentialAction":[{"@type":"ReadAction","target":["https:\/\/advancedseeds.com\/tienda\/automaticas\/auto-watermelon-og\/"]}]},{"@type":"ImageObject","inLanguage":"it-IT","@id":"https:\/\/advancedseeds.com\/tienda\/automaticas\/auto-watermelon-og\/#primaryimage","url":"https:\/\/advancedseeds.com\/web\/wp-content\/uploads\/2022\/03\/Auto-Watermelon-OG.jpg","contentUrl":"https:\/\/advancedseeds.com\/web\/wp-content\/uploads\/2022\/03\/Auto-Watermelon-OG.jpg","width":1475,"height":1957},{"@type":"BreadcrumbList","@id":"https:\/\/advancedseeds.com\/tienda\/automaticas\/auto-watermelon-og\/#breadcrumb","itemListElement":[{"@type":"ListItem","position":1,"name":"Home","item":"https:\/\/advancedseeds.com\/"},{"@type":"ListItem","position":2,"name":"Tienda","item":"https:\/\/advancedseeds.com\/"},{"@type":"ListItem","position":3,"name":"Auto Watermelon OG"}]},{"@type":"WebSite","@id":"https:\/\/advancedseeds.com\/#website","url":"https:\/\/advancedseeds.com\/","name":"Semi avanzati","description":"Genetica avanzata in semi femminizzati e automatici.","publisher":{"@id":"https:\/\/advancedseeds.com\/#organization"},"potentialAction":[{"@type":"SearchAction","target":{"@type":"EntryPoint","urlTemplate":"https:\/\/advancedseeds.com\/?s={search_term_string}"},"query-input":{"@type":"PropertyValueSpecification","valueRequired":true,"valueName":"search_term_string"}}],"inLanguage":"it-IT"},{"@type":"Organization","@id":"https:\/\/advancedseeds.com\/#organization","name":"Semi avanzati","url":"https:\/\/advancedseeds.com\/","logo":{"@type":"ImageObject","inLanguage":"it-IT","@id":"https:\/\/advancedseeds.com\/#\/schema\/logo\/image\/","url":"https:\/\/advancedseeds.com\/web\/wp-content\/uploads\/2021\/01\/logo-advanced.jpg","contentUrl":"https:\/\/advancedseeds.com\/web\/wp-content\/uploads\/2021\/01\/logo-advanced.jpg","width":600,"height":600,"caption":"Advanced Seeds"},"image":{"@id":"https:\/\/advancedseeds.com\/#\/schema\/logo\/image\/"}}]}},"_links":{"self":[{"href":"https:\/\/advancedseeds.com\/it\/wp-json\/wp\/v2\/product\/4932","targetHints":{"allow":["GET"]}}],"collection":[{"href":"https:\/\/advancedseeds.com\/it\/wp-json\/wp\/v2\/product"}],"about":[{"href":"https:\/\/advancedseeds.com\/it\/wp-json\/wp\/v2\/types\/product"}],"replies":[{"embeddable":true,"href":"https:\/\/advancedseeds.com\/it\/wp-json\/wp\/v2\/comments?post=4932"}],"wp:featuredmedia":[{"embeddable":true,"href":"https:\/\/advancedseeds.com\/it\/wp-json\/wp\/v2\/media\/19670"}],"wp:attachment":[{"href":"https:\/\/advancedseeds.com\/it\/wp-json\/wp\/v2\/media?parent=4932"}],"wp:term":[{"taxonomy":"product_brand","embeddable":true,"href":"https:\/\/advancedseeds.com\/it\/wp-json\/wp\/v2\/product_brand?post=4932"},{"taxonomy":"product_cat","embeddable":true,"href":"https:\/\/advancedseeds.com\/it\/wp-json\/wp\/v2\/product_cat?post=4932"},{"taxonomy":"product_tag","embeddable":true,"href":"https:\/\/advancedseeds.com\/it\/wp-json\/wp\/v2\/product_tag?post=4932"}],"curies":[{"name":"wp","href":"https:\/\/api.w.org\/{rel}","templated":true}]}}