{"id":4938,"date":"2022-03-10T17:05:59","date_gmt":"2022-03-10T16:05:59","guid":{"rendered":"https:\/\/advancedseeds.com\/web\/?post_type=product&#038;p=4938"},"modified":"2025-03-22T18:23:48","modified_gmt":"2025-03-22T17:23:48","slug":"auto-strawberry-banana","status":"publish","type":"product","link":"https:\/\/advancedseeds.com\/it\/tienda\/automaticas\/auto-strawberry-banana\/","title":{"rendered":"Auto Fragola Banana"},"content":{"rendered":"<p><span style=\"font-weight: 400\">Il <\/span><a href=\"https:\/\/advancedseeds.com\/web\/categoria-producto\/automaticas\/\"><b>semi autofiorenti<\/b><\/a><b> Auto Fragola Banana<\/b><span style=\"font-weight: 400\"> di Advanced Seeds rappresentano la soluzione di cui avete bisogno per le vostre coltivazioni, perch\u00e9 queste piccole piante combinano un sapore fruttato imbattibile con una coltivazione facile, molto veloce e produttiva, ideale per ogni amante della cannabis, che sia un novizio o un vero e proprio \"mano verde\".<\/span><\/p>\n<h2><b>Qual \u00e8 la genetica di questi semi?<\/b><\/h2>\n<p><span style=\"font-weight: 400\">Auto Strawberry Banana nasce dalla <\/span><b>un incrocio tra una variet\u00e0 con antenati ruderalis e la famosa <\/b><a href=\"https:\/\/advancedseeds.com\/web\/producto\/strawberry-banana\/\"><b>variet\u00e0 Strawberry Banana<\/b><\/a><span style=\"font-weight: 400\">che contiene Banana Kush e Bubblegum nella sua genetica. Questa combinazione ha dato vita a una variet\u00e0 a leggera dominanza indica, che le conferisce una crescita vigorosa e una struttura robusta. La genetica Banana Kush apporta note tropicali e dolci, mentre la Bubblegum offre un caratteristico sapore aspro, risultando in una variet\u00e0 che si distingue per il suo perfetto equilibrio tra gusto, effetto e facilit\u00e0 di coltivazione.<\/span><\/p>\n<h2><b>Che aspetto ha l'Auto Strawberry Banana?<\/b><\/h2>\n<p><span style=\"font-weight: 400\">La Auto Strawberry Banana ha una morfologia imponente e solida, tipica delle variet\u00e0 indica, ma con un vigore sorprendente. I suoi steli e rami sono forti, in grado di sostenere il peso delle cime. Con la maturazione, la pianta pu\u00f2 mostrare tonalit\u00e0 rossastre nelle cime, che si combinano perfettamente con il colore della pianta. <\/span><b>pistilli arancioni<\/b><span style=\"font-weight: 400\"> sporgenti dai calici, che in questo caso sono grandi e molto puliti grazie alla <\/span><b>rapporto fogliare basso<\/b><span style=\"font-weight: 400\"> mostrano. Questa caratteristica non solo aggiunge fascino visivo, ma facilita anche il lavoro di manicure pre-raccolta.<\/span><\/p>\n<h2><b>Come si coltivano questi semi all'interno e all'esterno?<\/b><\/h2>\n<p><span style=\"font-weight: 400\">La Auto Strawberry Banana \u00e8 una variet\u00e0 eccezionalmente adatta alla coltivazione sia indoor che outdoor. Ci sono diversi fattori che possono aumentare la resa complessiva delle piante, come ad esempio <\/span><b>la quantit\u00e0 di substrato, la qualit\u00e0 e la potenza della luce e il tipo di coltivazione.<\/b><span style=\"font-weight: 400\">.\u00a0<\/span><\/p>\n<h3><span style=\"font-weight: 400\">Coltivazione indoor: <\/span><\/h3>\n<p><span style=\"font-weight: 400\">Con un ciclo di luce di 18\/6 o 20\/4, questa pianta raggiunge il suo massimo potenziale e, sebbene il consumo di energia possa essere maggiore, credetemi, ne vale la pena. Potete posizionare perfettamente 9 piante\/m2 in vasi da 11 litri, o fino a 16 piante\/m2 in vasi da 7 litri, in ogni caso riempirete l'intero spazio illuminato con grandi cime.<\/span><\/p>\n<h3><span style=\"font-weight: 400\">Coltivazione all'aperto: <\/span><\/h3>\n<p><span style=\"font-weight: 400\">Sfrutta appieno le condizioni naturali, sviluppando piante pi\u00f9 grandi e produttive quando viene fornito spazio sufficiente sia alla pianta che al suo apparato radicale. \u00c8 resistente alle variazioni climatiche e ai parassiti, il che la rende una scelta sicura per i coltivatori di ogni livello. \u00c8 possibile piantare i semi direttamente in vasi pi\u00f9 grandi di 20 litri, il che pu\u00f2 essere un'ottima idea. <\/span><b>collocare tutor o guide<\/b><span style=\"font-weight: 400\"> per sostenere i rami ed evitare che si spezzino a causa del vento o della pioggia, in quanto ci\u00f2 favorisce anche una maggiore produzione di gemme.<\/span><\/p>\n<h2><b>Quando viene raccolto l'Auto Strawberry Banana?<\/b><\/h2>\n<p><span style=\"font-weight: 400\">Al chiuso, la Auto Strawberry Banana \u00e8 pronta per la raccolta dopo <\/span><b>65-70 giorni dalla germinazione<\/b><span style=\"font-weight: 400\">Offre un ciclo veloce e produttivo. All'aperto pu\u00f2 essere raccolta per tutta l'estate e l'autunno, ma il periodo migliore per coltivarla va dalla tarda primavera alla fine dell'estate. Questo ciclo veloce la rende una scelta ideale per chi cerca pi\u00f9 raccolti nella stessa stagione.<\/span><\/p>\n<h2><b>Quanto producono questi semi?<\/b><\/h2>\n<p><span style=\"font-weight: 400\">La Auto Strawberry Banana \u00e8 nota per le sue impressionanti rese, che si tratti di fiori, resina, terpeni o flavonoidi. Al chiuso, i coltivatori possono aspettarsi <\/span><b>circa 500 g\/m\u00b2.<\/b><span style=\"font-weight: 400\">. All'aperto, ogni pianta pu\u00f2 raggiungere un'altezza di <\/span><b>produzione superiore a 100 g<\/b><span style=\"font-weight: 400\">soprattutto in condizioni ottimali di luce e nutrimento. Inoltre, la facilit\u00e0 di coltivazione e la resistenza di questi semi fanno s\u00ec che chiunque possa raggiungere cifre incredibili.<\/span><\/p>\n<h2><b>Qual \u00e8 l'aroma e il sapore di Auto Strawberry Banana?<\/b><\/h2>\n<p><span style=\"font-weight: 400\">L'aroma e il sapore dell'Auto Strawberry Banana sono un'esperienza sensoriale unica, di quelle a cui si vuole tornare ancora e ancora... Con un profilo di sapore che <\/span><b>combina fragole e banane acide<\/b><span style=\"font-weight: 400\">Quando viene fumata o svapata, questa variet\u00e0 offre un retrogusto piacevole e duraturo. Quando si fuma o si svapa, queste note fruttate si intensificano, fornendo un'esperienza di gusto ricca e complessa che permane in bocca per ore.<\/span><\/p>\n<h2><b>Che tipo di effetto ha questa marijuana?<\/b><\/h2>\n<p><span style=\"font-weight: 400\">Con un contenuto di <\/span><b>THC da 20%<\/b><span style=\"font-weight: 400\">L'Auto Strawberry Banana offre un effetto equilibrato nel corpo e nella mente e piacevole come pochi altri. \u00c8 <\/span><b>ideale per rilassarsi a fine giornata<\/b><span style=\"font-weight: 400\">Fornisce un effetto calmante e piacevole sia a livello fisico che mentale. Il suo equilibrio tra indica e sativa la rende adatta a diversi momenti della giornata, offrendo sia relax che una leggera stimolazione creativa, ma se si devono svolgere compiti fisici \u00e8 meglio lasciarla per la sera, perch\u00e9 si corre il rischio di <\/span><b>rischio di finire stirati sul divano<\/b><span style=\"font-weight: 400\">.<\/span><\/p>\n<h2><b>Comprare Auto Strawberry Banana al miglior prezzo online<\/b><\/h2>\n<p><span style=\"font-weight: 400\">Siete pronti a godervi una variet\u00e0 dal sapore imbattibile e dalla coltivazione molto facile e grata? I semi autofiorenti Auto Strawberry Banana di Advanced Seeds sono la scelta migliore. Acquistate oggi i vostri semi e iniziate a godere di una delle variet\u00e0 pi\u00f9 gustose e produttive del mercato.<\/span><\/p>\n<h2><b>Domande frequenti su Strwberry Banana:<\/b><\/h2>\n<h3><span style=\"font-weight: 400\">Che tipo di nutrienti preferisce Auto Strawberry Banana?<\/span><\/h3>\n<p><span style=\"font-weight: 400\">Preferite sostanze nutritive bilanciate, con particolare attenzione al potassio e al fosforo durante la fioritura per massimizzare la produzione di gemme.<\/span><\/p>\n<h3><span style=\"font-weight: 400\">Come influisce la temperatura sulla coltivazione dell'Auto Strawberry Banana?<\/span><\/h3>\n<p><span style=\"font-weight: 400\">Le temperature moderate favoriscono uno sviluppo migliore. Evitare gli estremi di caldo o freddo \u00e8 fondamentale per mantenere la loro salute e la loro produzione.<\/span><\/p>\n<h3><span style=\"font-weight: 400\">L'Auto Strawberry Banana \u00e8 adatto ai principianti?<\/span><\/h3>\n<p><span style=\"font-weight: 400\">S\u00ec, la sua facilit\u00e0 di coltivazione e la sua resistenza la rendono ideale sia per i principianti che per i coltivatori esperti.<\/span><\/p>\n<h3><span style=\"font-weight: 400\">Qual \u00e8 il modo migliore per essiccare e curare i bud Auto Strawberry Banana?<\/span><\/h3>\n<p><span style=\"font-weight: 400\">L'essiccazione lenta e la corretta stagionatura in ambiente controllato ne esaltano il profilo aromatico e gustativo. Si consiglia un periodo di stagionatura di almeno due mesi.<\/span><\/p>","protected":false},"excerpt":{"rendered":"<p>Versione automatica della Strawberry Banana. Pianta di grande vigore che sviluppa una grande ramificazione, producendo cime spesse e allungate dai toni rossastri. I suoi fiori, come il suo predecessore, si distinguono per emanare un forte aroma fruttato che ricorda la fragola acida e la banana.<\/p>","protected":false},"featured_media":19668,"comment_status":"open","ping_status":"closed","template":"","meta":{"_acf_changed":false},"product_brand":[],"product_cat":[70],"product_tag":[],"class_list":{"0":"post-4938","1":"product","2":"type-product","3":"status-publish","4":"has-post-thumbnail","6":"product_cat-automaticas","8":"first","9":"instock","10":"taxable","11":"shipping-taxable","12":"purchasable","13":"product-type-variable"},"acf":[],"yoast_head":"<!-- This site is optimized with the Yoast SEO Premium plugin v26.3 (Yoast SEO v26.6) - https:\/\/yoast.com\/wordpress\/plugins\/seo\/ -->\n<title>Auto Strawberry Banana - Advanced Seeds<\/title>\n<meta name=\"robots\" content=\"index, follow, max-snippet:-1, max-image-preview:large, max-video-preview:-1\" \/>\n<link rel=\"canonical\" href=\"https:\/\/advancedseeds.com\/it\/tienda\/automaticas\/auto-strawberry-banana\/\" \/>\n<meta property=\"og:locale\" content=\"it_IT\" \/>\n<meta property=\"og:type\" content=\"article\" \/>\n<meta property=\"og:title\" content=\"Auto Strawberry Banana\" \/>\n<meta property=\"og:description\" content=\"Versi\u00f3n autom\u00e1tica de Strawberry Banana. Planta de gran vigor que desarrolla una gran ramificaci\u00f3n, produciendo cogollos gruesos y alargados con tonos rojizos. Sus flores, al igual que en su predecesora, destacan por desprender un fuerte aroma afrutado que recuerda a fresa \u00e1cida y banana.\" \/>\n<meta property=\"og:url\" content=\"https:\/\/advancedseeds.com\/it\/tienda\/automaticas\/auto-strawberry-banana\/\" \/>\n<meta property=\"og:site_name\" content=\"Advanced Seeds\" \/>\n<meta property=\"article:modified_time\" content=\"2025-03-22T17:23:48+00:00\" \/>\n<meta property=\"og:image\" content=\"https:\/\/advancedseeds.com\/web\/wp-content\/uploads\/2022\/03\/Auto-Strawberry-Banana-scaled.jpg\" \/>\n\t<meta property=\"og:image:width\" content=\"1929\" \/>\n\t<meta property=\"og:image:height\" content=\"2560\" \/>\n\t<meta property=\"og:image:type\" content=\"image\/jpeg\" \/>\n<meta name=\"twitter:card\" content=\"summary_large_image\" \/>\n<meta name=\"twitter:label1\" content=\"Tempo di lettura stimato\" \/>\n\t<meta name=\"twitter:data1\" content=\"5 minuti\" \/>\n<script type=\"application\/ld+json\" class=\"yoast-schema-graph\">{\"@context\":\"https:\/\/schema.org\",\"@graph\":[{\"@type\":\"WebPage\",\"@id\":\"https:\/\/advancedseeds.com\/tienda\/automaticas\/auto-strawberry-banana\/\",\"url\":\"https:\/\/advancedseeds.com\/tienda\/automaticas\/auto-strawberry-banana\/\",\"name\":\"Auto Strawberry Banana - Advanced Seeds\",\"isPartOf\":{\"@id\":\"https:\/\/advancedseeds.com\/#website\"},\"primaryImageOfPage\":{\"@id\":\"https:\/\/advancedseeds.com\/tienda\/automaticas\/auto-strawberry-banana\/#primaryimage\"},\"image\":{\"@id\":\"https:\/\/advancedseeds.com\/tienda\/automaticas\/auto-strawberry-banana\/#primaryimage\"},\"thumbnailUrl\":\"https:\/\/advancedseeds.com\/web\/wp-content\/uploads\/2022\/03\/Auto-Strawberry-Banana-scaled.jpg\",\"datePublished\":\"2022-03-10T16:05:59+00:00\",\"dateModified\":\"2025-03-22T17:23:48+00:00\",\"breadcrumb\":{\"@id\":\"https:\/\/advancedseeds.com\/tienda\/automaticas\/auto-strawberry-banana\/#breadcrumb\"},\"inLanguage\":\"it-IT\",\"potentialAction\":[{\"@type\":\"ReadAction\",\"target\":[\"https:\/\/advancedseeds.com\/tienda\/automaticas\/auto-strawberry-banana\/\"]}]},{\"@type\":\"ImageObject\",\"inLanguage\":\"it-IT\",\"@id\":\"https:\/\/advancedseeds.com\/tienda\/automaticas\/auto-strawberry-banana\/#primaryimage\",\"url\":\"https:\/\/advancedseeds.com\/web\/wp-content\/uploads\/2022\/03\/Auto-Strawberry-Banana-scaled.jpg\",\"contentUrl\":\"https:\/\/advancedseeds.com\/web\/wp-content\/uploads\/2022\/03\/Auto-Strawberry-Banana-scaled.jpg\",\"width\":1929,\"height\":2560},{\"@type\":\"BreadcrumbList\",\"@id\":\"https:\/\/advancedseeds.com\/tienda\/automaticas\/auto-strawberry-banana\/#breadcrumb\",\"itemListElement\":[{\"@type\":\"ListItem\",\"position\":1,\"name\":\"Home\",\"item\":\"https:\/\/advancedseeds.com\/\"},{\"@type\":\"ListItem\",\"position\":2,\"name\":\"Tienda\",\"item\":\"https:\/\/advancedseeds.com\/\"},{\"@type\":\"ListItem\",\"position\":3,\"name\":\"Auto Strawberry Banana\"}]},{\"@type\":\"WebSite\",\"@id\":\"https:\/\/advancedseeds.com\/#website\",\"url\":\"https:\/\/advancedseeds.com\/\",\"name\":\"Advanced Seeds\",\"description\":\"Gen\u00e9ticas Avanzadas en semillas feminizadas y autom\u00e1ticas.\",\"publisher\":{\"@id\":\"https:\/\/advancedseeds.com\/#organization\"},\"potentialAction\":[{\"@type\":\"SearchAction\",\"target\":{\"@type\":\"EntryPoint\",\"urlTemplate\":\"https:\/\/advancedseeds.com\/?s={search_term_string}\"},\"query-input\":{\"@type\":\"PropertyValueSpecification\",\"valueRequired\":true,\"valueName\":\"search_term_string\"}}],\"inLanguage\":\"it-IT\"},{\"@type\":\"Organization\",\"@id\":\"https:\/\/advancedseeds.com\/#organization\",\"name\":\"Advanced Seeds\",\"url\":\"https:\/\/advancedseeds.com\/\",\"logo\":{\"@type\":\"ImageObject\",\"inLanguage\":\"it-IT\",\"@id\":\"https:\/\/advancedseeds.com\/#\/schema\/logo\/image\/\",\"url\":\"https:\/\/advancedseeds.com\/web\/wp-content\/uploads\/2021\/01\/logo-advanced.jpg\",\"contentUrl\":\"https:\/\/advancedseeds.com\/web\/wp-content\/uploads\/2021\/01\/logo-advanced.jpg\",\"width\":600,\"height\":600,\"caption\":\"Advanced Seeds\"},\"image\":{\"@id\":\"https:\/\/advancedseeds.com\/#\/schema\/logo\/image\/\"}}]}<\/script>\n<!-- \/ Yoast SEO Premium plugin. -->","yoast_head_json":{"title":"Auto Strawberry Banana - Advanced Seeds","robots":{"index":"index","follow":"follow","max-snippet":"max-snippet:-1","max-image-preview":"max-image-preview:large","max-video-preview":"max-video-preview:-1"},"canonical":"https:\/\/advancedseeds.com\/it\/tienda\/automaticas\/auto-strawberry-banana\/","og_locale":"it_IT","og_type":"article","og_title":"Auto Strawberry Banana","og_description":"Versi\u00f3n autom\u00e1tica de Strawberry Banana. Planta de gran vigor que desarrolla una gran ramificaci\u00f3n, produciendo cogollos gruesos y alargados con tonos rojizos. Sus flores, al igual que en su predecesora, destacan por desprender un fuerte aroma afrutado que recuerda a fresa \u00e1cida y banana.","og_url":"https:\/\/advancedseeds.com\/it\/tienda\/automaticas\/auto-strawberry-banana\/","og_site_name":"Advanced Seeds","article_modified_time":"2025-03-22T17:23:48+00:00","og_image":[{"width":1929,"height":2560,"url":"https:\/\/advancedseeds.com\/web\/wp-content\/uploads\/2022\/03\/Auto-Strawberry-Banana-scaled.jpg","type":"image\/jpeg"}],"twitter_card":"summary_large_image","twitter_misc":{"Tempo di lettura stimato":"5 minuti"},"schema":{"@context":"https:\/\/schema.org","@graph":[{"@type":"WebPage","@id":"https:\/\/advancedseeds.com\/tienda\/automaticas\/auto-strawberry-banana\/","url":"https:\/\/advancedseeds.com\/tienda\/automaticas\/auto-strawberry-banana\/","name":"Auto Strawberry Banana - Advanced Seeds","isPartOf":{"@id":"https:\/\/advancedseeds.com\/#website"},"primaryImageOfPage":{"@id":"https:\/\/advancedseeds.com\/tienda\/automaticas\/auto-strawberry-banana\/#primaryimage"},"image":{"@id":"https:\/\/advancedseeds.com\/tienda\/automaticas\/auto-strawberry-banana\/#primaryimage"},"thumbnailUrl":"https:\/\/advancedseeds.com\/web\/wp-content\/uploads\/2022\/03\/Auto-Strawberry-Banana-scaled.jpg","datePublished":"2022-03-10T16:05:59+00:00","dateModified":"2025-03-22T17:23:48+00:00","breadcrumb":{"@id":"https:\/\/advancedseeds.com\/tienda\/automaticas\/auto-strawberry-banana\/#breadcrumb"},"inLanguage":"it-IT","potentialAction":[{"@type":"ReadAction","target":["https:\/\/advancedseeds.com\/tienda\/automaticas\/auto-strawberry-banana\/"]}]},{"@type":"ImageObject","inLanguage":"it-IT","@id":"https:\/\/advancedseeds.com\/tienda\/automaticas\/auto-strawberry-banana\/#primaryimage","url":"https:\/\/advancedseeds.com\/web\/wp-content\/uploads\/2022\/03\/Auto-Strawberry-Banana-scaled.jpg","contentUrl":"https:\/\/advancedseeds.com\/web\/wp-content\/uploads\/2022\/03\/Auto-Strawberry-Banana-scaled.jpg","width":1929,"height":2560},{"@type":"BreadcrumbList","@id":"https:\/\/advancedseeds.com\/tienda\/automaticas\/auto-strawberry-banana\/#breadcrumb","itemListElement":[{"@type":"ListItem","position":1,"name":"Home","item":"https:\/\/advancedseeds.com\/"},{"@type":"ListItem","position":2,"name":"Tienda","item":"https:\/\/advancedseeds.com\/"},{"@type":"ListItem","position":3,"name":"Auto Strawberry Banana"}]},{"@type":"WebSite","@id":"https:\/\/advancedseeds.com\/#website","url":"https:\/\/advancedseeds.com\/","name":"Semi avanzati","description":"Genetica avanzata in semi femminizzati e automatici.","publisher":{"@id":"https:\/\/advancedseeds.com\/#organization"},"potentialAction":[{"@type":"SearchAction","target":{"@type":"EntryPoint","urlTemplate":"https:\/\/advancedseeds.com\/?s={search_term_string}"},"query-input":{"@type":"PropertyValueSpecification","valueRequired":true,"valueName":"search_term_string"}}],"inLanguage":"it-IT"},{"@type":"Organization","@id":"https:\/\/advancedseeds.com\/#organization","name":"Semi avanzati","url":"https:\/\/advancedseeds.com\/","logo":{"@type":"ImageObject","inLanguage":"it-IT","@id":"https:\/\/advancedseeds.com\/#\/schema\/logo\/image\/","url":"https:\/\/advancedseeds.com\/web\/wp-content\/uploads\/2021\/01\/logo-advanced.jpg","contentUrl":"https:\/\/advancedseeds.com\/web\/wp-content\/uploads\/2021\/01\/logo-advanced.jpg","width":600,"height":600,"caption":"Advanced Seeds"},"image":{"@id":"https:\/\/advancedseeds.com\/#\/schema\/logo\/image\/"}}]}},"_links":{"self":[{"href":"https:\/\/advancedseeds.com\/it\/wp-json\/wp\/v2\/product\/4938","targetHints":{"allow":["GET"]}}],"collection":[{"href":"https:\/\/advancedseeds.com\/it\/wp-json\/wp\/v2\/product"}],"about":[{"href":"https:\/\/advancedseeds.com\/it\/wp-json\/wp\/v2\/types\/product"}],"replies":[{"embeddable":true,"href":"https:\/\/advancedseeds.com\/it\/wp-json\/wp\/v2\/comments?post=4938"}],"wp:featuredmedia":[{"embeddable":true,"href":"https:\/\/advancedseeds.com\/it\/wp-json\/wp\/v2\/media\/19668"}],"wp:attachment":[{"href":"https:\/\/advancedseeds.com\/it\/wp-json\/wp\/v2\/media?parent=4938"}],"wp:term":[{"taxonomy":"product_brand","embeddable":true,"href":"https:\/\/advancedseeds.com\/it\/wp-json\/wp\/v2\/product_brand?post=4938"},{"taxonomy":"product_cat","embeddable":true,"href":"https:\/\/advancedseeds.com\/it\/wp-json\/wp\/v2\/product_cat?post=4938"},{"taxonomy":"product_tag","embeddable":true,"href":"https:\/\/advancedseeds.com\/it\/wp-json\/wp\/v2\/product_tag?post=4938"}],"curies":[{"name":"wp","href":"https:\/\/api.w.org\/{rel}","templated":true}]}}