{"id":4950,"date":"2022-03-10T18:15:09","date_gmt":"2022-03-10T17:15:09","guid":{"rendered":"https:\/\/advancedseeds.com\/web\/?post_type=product&#038;p=4950"},"modified":"2026-04-20T10:45:09","modified_gmt":"2026-04-20T09:45:09","slug":"strawberry-banana","status":"publish","type":"product","link":"https:\/\/advancedseeds.com\/it\/tienda\/feminizadas\/strawberry-banana\/","title":{"rendered":"Fragola e banana"},"content":{"rendered":"<p>Il<a href=\"https:\/\/advancedseeds.com\/web\/\"> <b>semi di marijuana<\/b><\/a><b> femminilizzato Strawberry Banana<\/b> di Advanced Seeds sono un gioiello per gli amanti della cannabis. Questo ibrido, creato da 2 delle variet\u00e0 pi\u00f9 gustose della storia, si distingue per il suo delizioso sapore fruttato e i suoi potenti effetti, offrendo un'esperienza di coltivazione eccezionale e accessibile.<\/p>\n<h2>Qual \u00e8 la genetica di questi semi?<\/h2>\n<p>La Strawberry Banana non \u00e8 una variet\u00e0 qualsiasi, ma il risultato di una meticolosa selezione genetica. Il <b>incrocio tra la dolce Bubble Gum e l'esotica Banana OG<\/b> ha dato vita a una variet\u00e0 a predominanza indica. Questo ibrido eredita la robustezza e la produzione di resina della Bubble Gum, mentre la Banana OG apporta un sapore inconfondibile e un'elevata potenza. Insieme, questi ceppi hanno creato un genotipo unico che bilancia perfettamente il sapore con la potenza, rendendo la Strawberry Banana una scelta ideale per i consumatori di cannabis sia a scopo ricreativo che terapeutico.<\/p>\n<h2>Che aspetto ha Strawberry Banana?<\/h2>\n<p>Con una statura medio-alta, questa pianta mostra una grande ramificazione, che facilita una produzione abbondante di <b>gemme di medie dimensioni ma dure come palline da golf<\/b>. Le sue foglie, di un verde medio intenso e di grande luminosit\u00e0 quando sono sane, contrastano con i boccioli allungati e resinosi dai bagliori vivaci, che durante la fioritura assumono anche <b>toni rossastri e dorati<\/b>. Questa variet\u00e0 non \u00e8 solo un piacere per il palato, ma anche una delizia visiva in qualsiasi giardino.<\/p>\n<h2>Come si coltivano questi semi all'interno e all'esterno?<\/h2>\n<h3>Coltivazione indoor:<\/h3>\n<p>La Strawberry Banana si adatta in modo eccellente a tutti i tipi di spazi, mostrando una crescita mediamente compatta e abbastanza gestibile. Se avete problemi di altezza nel vostro giardino, non \u00e8 un problema per la Strawberry Banana, perch\u00e9 questa variet\u00e0 cresce fino a 80-100 cm. Il suo periodo di fioritura \u00e8 molto breve, ma non lesina sulla resa. Con <b>tecniche come lo SCRoG o il supercropping<\/b>La Strawberry Banana \u00e8 una variet\u00e0 molto versatile, che permette ai coltivatori di massimizzare lo spazio e ottenere rese pi\u00f9 elevate. La Strawberry Banana \u00e8 una variet\u00e0 che risponde bene a diversi stili di coltivazione, offrendo flessibilit\u00e0 e adattabilit\u00e0.<\/p>\n<h3>Coltivazione all'aperto:<\/h3>\n<p>La Strawberry Banana pu\u00f2 raggiungere un'altezza di 250 cm o anche di pi\u00f9 se le condizioni sono favorevoli. \u00c8 <b>resistente ai parassiti e alle diverse condizioni ambientali<\/b>Questo la rende ideale per i coltivatori di tutti i livelli. La sua capacit\u00e0 di produrre grandi quantit\u00e0 di cime resinose in tempi relativamente brevi la rende una scelta eccellente per chi cerca un raccolto generoso e di alta qualit\u00e0 nel minor tempo possibile. Sia all'interno che all'esterno, si consiglia di nutrire queste piante con<a href=\"https:\/\/advancedseeds.com\/web\/categoria-producto\/nutrientes-recomendados\/\"> fertilizzanti specifici per la cannabis<\/a> come quelli del marchio <b>Cannotecnia<\/b>.<\/p>\n<h2>Quando viene raccolto l'Strawberry Banana?<\/h2>\n<p>Al chiuso, i coltivatori possono aspettarsi di raccogliere i loro frutti dopo un ciclo di fioritura di <b>Da 55 a 60 giorni<\/b>. All'aperto, il raccolto \u00e8 solitamente pronto tra il 1\u00b0 e il 10 ottobre nell'emisfero settentrionale, a seconda delle condizioni climatiche specifiche. Nell'emisfero meridionale la raccolta all'aperto avviene all'inizio di aprile.<\/p>\n<h2>Quanto producono questi semi?<\/h2>\n<p>La Strawberry Banana \u00e8 nota non solo per il suo gusto e i suoi effetti, ma anche per le sue impressionanti rese. In ambienti chiusi, questa variet\u00e0 pu\u00f2 fornire fino a <b>550 g\/m2<\/b>All'aperto, le piante mature sono in grado di produrre grandi quantit\u00e0 di cime che possono pesare oltre 800 grammi a secco.<\/p>\n<h2>Com'\u00e8 l'aroma e il gusto dell'Strawberry Banana?<\/h2>\n<p>Dal nostro punto di vista questa \u00e8 la caratteristica pi\u00f9 rilevante, tanto da dare il nome a questa variet\u00e0. Il <b>combinazione di fragola acida e banana<\/b> crea un gusto dolce e delizioso, con persistenti note acide che deliziano il palato. Ogni boccata \u00e8 una miscela di sapori fruttati ed esotici, che rendono la Strawberry Banana una variet\u00e0 indimenticabile dal momento in cui la si prova.<\/p>\n<h2>Che tipo di effetto ha questa marijuana?<\/h2>\n<p>Con un livello di THC di 22%, l'effetto della Strawberry Banana \u00e8 tanto potente quanto piacevole e duraturo. Questa variet\u00e0 offre un <b>esperienza combinata rilassante ed euforica<\/b>, <b>molto stimolante e motivante<\/b>. Il suo equilibrio tra effetti fisici e mentali la rende una scelta eccellente sia per l'uso ricreativo che terapeutico.<\/p>\n<h2>Acquistare semi femminilizzati Strawberry Banana al miglior prezzo online<\/h2>\n<p>Se siete alla ricerca di una variet\u00e0 con un tipo di gusto ed effetto unici, Strawberry Banana di Advanced Seeds \u00e8 la scelta migliore senza alcun dubbio. Disponibile ora al miglior prezzo nel nostro negozio online, approfittate delle nostre offerte e promozioni per ottenere questa variet\u00e0 eccezionale.<\/p>\n<h2>Domande frequenti su Strawberry Banana<\/h2>\n<h3>L'Strawberry Banana \u00e8 adatto a tecniche di coltivazione avanzate?<\/h3>\n<p>S\u00ec, risponde molto bene a tecniche come SCROG, LST (Low Stress Training), supercropping e main-lining per migliorare le sue prestazioni.<\/p>\n<h3>Che tipo di effetto medicinale ha Strawberry Banana?<\/h3>\n<p>L'elevato contenuto di THC la rende ideale per alleviare il dolore, ridurre lo stress e migliorare il sonno.<\/p>\n<h3>L'Strawberry Banana \u00e8 resistente alle fluttuazioni di temperatura?<\/h3>\n<p>Sebbene sia abbastanza resistente, beneficia di un ambiente stabile per una crescita ottimale.<\/p>\n<h3>Quali sono i migliori concimi per la Strawberry Banana?<\/h3>\n<p>Concimi specifici per piante di marijuana come quelli di Cannotecnia, con molto azoto per la fase vegetativa per favorire un rapido sviluppo, e ricchi di potassio e fosforo durante la fioritura perch\u00e9 favoriscono la produzione di cime e resina.<\/p>\n<h3>Qual \u00e8 il tipo di substrato migliore per l'Strawberry Banana?<\/h3>\n<p>Un substrato ben aerato e leggero \u00e8 ideale per lo sviluppo delle radici e la crescita generale.<\/p>\n<h3>Come massimizzare la produzione di Strawberry Banana all'aperto?<\/h3>\n<p>Garantire spazio sufficiente, luce solare diretta e protezione dai parassiti pu\u00f2 massimizzare la resa e la qualit\u00e0.<\/p>","protected":false},"excerpt":{"rendered":"<p>-<\/p>","protected":false},"featured_media":20336,"comment_status":"open","ping_status":"closed","template":"","meta":{"_acf_changed":false},"product_brand":[],"product_cat":[69],"product_tag":[],"class_list":{"0":"post-4950","1":"product","2":"type-product","3":"status-publish","4":"has-post-thumbnail","6":"product_cat-feminizadas","8":"first","9":"instock","10":"taxable","11":"shipping-taxable","12":"purchasable","13":"product-type-variable"},"acf":[],"yoast_head":"<!-- This site is optimized with the Yoast SEO Premium plugin v26.3 (Yoast SEO v26.6) - https:\/\/yoast.com\/wordpress\/plugins\/seo\/ -->\n<title>Strawberry Banana - Advanced Seeds<\/title>\n<meta name=\"robots\" content=\"index, follow, max-snippet:-1, max-image-preview:large, max-video-preview:-1\" \/>\n<link rel=\"canonical\" href=\"https:\/\/advancedseeds.com\/it\/tienda\/feminizadas\/strawberry-banana\/\" \/>\n<meta property=\"og:locale\" content=\"it_IT\" \/>\n<meta property=\"og:type\" content=\"article\" \/>\n<meta property=\"og:title\" content=\"Strawberry Banana\" \/>\n<meta property=\"og:description\" content=\"-\" \/>\n<meta property=\"og:url\" content=\"https:\/\/advancedseeds.com\/it\/tienda\/feminizadas\/strawberry-banana\/\" \/>\n<meta property=\"og:site_name\" content=\"Advanced Seeds\" \/>\n<meta property=\"article:modified_time\" content=\"2026-04-20T09:45:09+00:00\" \/>\n<meta property=\"og:image\" content=\"https:\/\/advancedseeds.com\/web\/wp-content\/uploads\/2022\/03\/Strawberry-Banana-1.jpg\" \/>\n\t<meta property=\"og:image:width\" content=\"1227\" \/>\n\t<meta property=\"og:image:height\" content=\"1628\" \/>\n\t<meta property=\"og:image:type\" content=\"image\/jpeg\" \/>\n<meta name=\"twitter:card\" content=\"summary_large_image\" \/>\n<meta name=\"twitter:label1\" content=\"Tempo di lettura stimato\" \/>\n\t<meta name=\"twitter:data1\" content=\"5 minuti\" \/>\n<script type=\"application\/ld+json\" class=\"yoast-schema-graph\">{\"@context\":\"https:\/\/schema.org\",\"@graph\":[{\"@type\":\"WebPage\",\"@id\":\"https:\/\/advancedseeds.com\/tienda\/feminizadas\/strawberry-banana\/\",\"url\":\"https:\/\/advancedseeds.com\/tienda\/feminizadas\/strawberry-banana\/\",\"name\":\"Strawberry Banana - Advanced Seeds\",\"isPartOf\":{\"@id\":\"https:\/\/advancedseeds.com\/#website\"},\"primaryImageOfPage\":{\"@id\":\"https:\/\/advancedseeds.com\/tienda\/feminizadas\/strawberry-banana\/#primaryimage\"},\"image\":{\"@id\":\"https:\/\/advancedseeds.com\/tienda\/feminizadas\/strawberry-banana\/#primaryimage\"},\"thumbnailUrl\":\"https:\/\/advancedseeds.com\/web\/wp-content\/uploads\/2022\/03\/Strawberry-Banana-1.jpg\",\"datePublished\":\"2022-03-10T17:15:09+00:00\",\"dateModified\":\"2026-04-20T09:45:09+00:00\",\"breadcrumb\":{\"@id\":\"https:\/\/advancedseeds.com\/tienda\/feminizadas\/strawberry-banana\/#breadcrumb\"},\"inLanguage\":\"it-IT\",\"potentialAction\":[{\"@type\":\"ReadAction\",\"target\":[\"https:\/\/advancedseeds.com\/tienda\/feminizadas\/strawberry-banana\/\"]}]},{\"@type\":\"ImageObject\",\"inLanguage\":\"it-IT\",\"@id\":\"https:\/\/advancedseeds.com\/tienda\/feminizadas\/strawberry-banana\/#primaryimage\",\"url\":\"https:\/\/advancedseeds.com\/web\/wp-content\/uploads\/2022\/03\/Strawberry-Banana-1.jpg\",\"contentUrl\":\"https:\/\/advancedseeds.com\/web\/wp-content\/uploads\/2022\/03\/Strawberry-Banana-1.jpg\",\"width\":1227,\"height\":1628},{\"@type\":\"BreadcrumbList\",\"@id\":\"https:\/\/advancedseeds.com\/tienda\/feminizadas\/strawberry-banana\/#breadcrumb\",\"itemListElement\":[{\"@type\":\"ListItem\",\"position\":1,\"name\":\"Home\",\"item\":\"https:\/\/advancedseeds.com\/\"},{\"@type\":\"ListItem\",\"position\":2,\"name\":\"Tienda\",\"item\":\"https:\/\/advancedseeds.com\/\"},{\"@type\":\"ListItem\",\"position\":3,\"name\":\"Strawberry Banana\"}]},{\"@type\":\"WebSite\",\"@id\":\"https:\/\/advancedseeds.com\/#website\",\"url\":\"https:\/\/advancedseeds.com\/\",\"name\":\"Advanced Seeds\",\"description\":\"Gen\u00e9ticas Avanzadas en semillas feminizadas y autom\u00e1ticas.\",\"publisher\":{\"@id\":\"https:\/\/advancedseeds.com\/#organization\"},\"potentialAction\":[{\"@type\":\"SearchAction\",\"target\":{\"@type\":\"EntryPoint\",\"urlTemplate\":\"https:\/\/advancedseeds.com\/?s={search_term_string}\"},\"query-input\":{\"@type\":\"PropertyValueSpecification\",\"valueRequired\":true,\"valueName\":\"search_term_string\"}}],\"inLanguage\":\"it-IT\"},{\"@type\":\"Organization\",\"@id\":\"https:\/\/advancedseeds.com\/#organization\",\"name\":\"Advanced Seeds\",\"url\":\"https:\/\/advancedseeds.com\/\",\"logo\":{\"@type\":\"ImageObject\",\"inLanguage\":\"it-IT\",\"@id\":\"https:\/\/advancedseeds.com\/#\/schema\/logo\/image\/\",\"url\":\"https:\/\/advancedseeds.com\/web\/wp-content\/uploads\/2021\/01\/logo-advanced.jpg\",\"contentUrl\":\"https:\/\/advancedseeds.com\/web\/wp-content\/uploads\/2021\/01\/logo-advanced.jpg\",\"width\":600,\"height\":600,\"caption\":\"Advanced Seeds\"},\"image\":{\"@id\":\"https:\/\/advancedseeds.com\/#\/schema\/logo\/image\/\"}}]}<\/script>\n<!-- \/ Yoast SEO Premium plugin. -->","yoast_head_json":{"title":"Strawberry Banana - Advanced Seeds","robots":{"index":"index","follow":"follow","max-snippet":"max-snippet:-1","max-image-preview":"max-image-preview:large","max-video-preview":"max-video-preview:-1"},"canonical":"https:\/\/advancedseeds.com\/it\/tienda\/feminizadas\/strawberry-banana\/","og_locale":"it_IT","og_type":"article","og_title":"Strawberry Banana","og_description":"-","og_url":"https:\/\/advancedseeds.com\/it\/tienda\/feminizadas\/strawberry-banana\/","og_site_name":"Advanced Seeds","article_modified_time":"2026-04-20T09:45:09+00:00","og_image":[{"width":1227,"height":1628,"url":"https:\/\/advancedseeds.com\/web\/wp-content\/uploads\/2022\/03\/Strawberry-Banana-1.jpg","type":"image\/jpeg"}],"twitter_card":"summary_large_image","twitter_misc":{"Tempo di lettura stimato":"5 minuti"},"schema":{"@context":"https:\/\/schema.org","@graph":[{"@type":"WebPage","@id":"https:\/\/advancedseeds.com\/tienda\/feminizadas\/strawberry-banana\/","url":"https:\/\/advancedseeds.com\/tienda\/feminizadas\/strawberry-banana\/","name":"Strawberry Banana - Advanced Seeds","isPartOf":{"@id":"https:\/\/advancedseeds.com\/#website"},"primaryImageOfPage":{"@id":"https:\/\/advancedseeds.com\/tienda\/feminizadas\/strawberry-banana\/#primaryimage"},"image":{"@id":"https:\/\/advancedseeds.com\/tienda\/feminizadas\/strawberry-banana\/#primaryimage"},"thumbnailUrl":"https:\/\/advancedseeds.com\/web\/wp-content\/uploads\/2022\/03\/Strawberry-Banana-1.jpg","datePublished":"2022-03-10T17:15:09+00:00","dateModified":"2026-04-20T09:45:09+00:00","breadcrumb":{"@id":"https:\/\/advancedseeds.com\/tienda\/feminizadas\/strawberry-banana\/#breadcrumb"},"inLanguage":"it-IT","potentialAction":[{"@type":"ReadAction","target":["https:\/\/advancedseeds.com\/tienda\/feminizadas\/strawberry-banana\/"]}]},{"@type":"ImageObject","inLanguage":"it-IT","@id":"https:\/\/advancedseeds.com\/tienda\/feminizadas\/strawberry-banana\/#primaryimage","url":"https:\/\/advancedseeds.com\/web\/wp-content\/uploads\/2022\/03\/Strawberry-Banana-1.jpg","contentUrl":"https:\/\/advancedseeds.com\/web\/wp-content\/uploads\/2022\/03\/Strawberry-Banana-1.jpg","width":1227,"height":1628},{"@type":"BreadcrumbList","@id":"https:\/\/advancedseeds.com\/tienda\/feminizadas\/strawberry-banana\/#breadcrumb","itemListElement":[{"@type":"ListItem","position":1,"name":"Home","item":"https:\/\/advancedseeds.com\/"},{"@type":"ListItem","position":2,"name":"Tienda","item":"https:\/\/advancedseeds.com\/"},{"@type":"ListItem","position":3,"name":"Strawberry Banana"}]},{"@type":"WebSite","@id":"https:\/\/advancedseeds.com\/#website","url":"https:\/\/advancedseeds.com\/","name":"Semi avanzati","description":"Genetica avanzata in semi femminizzati e automatici.","publisher":{"@id":"https:\/\/advancedseeds.com\/#organization"},"potentialAction":[{"@type":"SearchAction","target":{"@type":"EntryPoint","urlTemplate":"https:\/\/advancedseeds.com\/?s={search_term_string}"},"query-input":{"@type":"PropertyValueSpecification","valueRequired":true,"valueName":"search_term_string"}}],"inLanguage":"it-IT"},{"@type":"Organization","@id":"https:\/\/advancedseeds.com\/#organization","name":"Semi avanzati","url":"https:\/\/advancedseeds.com\/","logo":{"@type":"ImageObject","inLanguage":"it-IT","@id":"https:\/\/advancedseeds.com\/#\/schema\/logo\/image\/","url":"https:\/\/advancedseeds.com\/web\/wp-content\/uploads\/2021\/01\/logo-advanced.jpg","contentUrl":"https:\/\/advancedseeds.com\/web\/wp-content\/uploads\/2021\/01\/logo-advanced.jpg","width":600,"height":600,"caption":"Advanced Seeds"},"image":{"@id":"https:\/\/advancedseeds.com\/#\/schema\/logo\/image\/"}}]}},"_links":{"self":[{"href":"https:\/\/advancedseeds.com\/it\/wp-json\/wp\/v2\/product\/4950","targetHints":{"allow":["GET"]}}],"collection":[{"href":"https:\/\/advancedseeds.com\/it\/wp-json\/wp\/v2\/product"}],"about":[{"href":"https:\/\/advancedseeds.com\/it\/wp-json\/wp\/v2\/types\/product"}],"replies":[{"embeddable":true,"href":"https:\/\/advancedseeds.com\/it\/wp-json\/wp\/v2\/comments?post=4950"}],"wp:featuredmedia":[{"embeddable":true,"href":"https:\/\/advancedseeds.com\/it\/wp-json\/wp\/v2\/media\/20336"}],"wp:attachment":[{"href":"https:\/\/advancedseeds.com\/it\/wp-json\/wp\/v2\/media?parent=4950"}],"wp:term":[{"taxonomy":"product_brand","embeddable":true,"href":"https:\/\/advancedseeds.com\/it\/wp-json\/wp\/v2\/product_brand?post=4950"},{"taxonomy":"product_cat","embeddable":true,"href":"https:\/\/advancedseeds.com\/it\/wp-json\/wp\/v2\/product_cat?post=4950"},{"taxonomy":"product_tag","embeddable":true,"href":"https:\/\/advancedseeds.com\/it\/wp-json\/wp\/v2\/product_tag?post=4950"}],"curies":[{"name":"wp","href":"https:\/\/api.w.org\/{rel}","templated":true}]}}