{"id":6932,"date":"2022-10-10T09:00:19","date_gmt":"2022-10-10T08:00:19","guid":{"rendered":"https:\/\/advancedseeds.com\/web\/?post_type=product&#038;p=6932"},"modified":"2025-03-22T18:10:04","modified_gmt":"2025-03-22T17:10:04","slug":"auto-banana-cookies","status":"publish","type":"product","link":"https:\/\/advancedseeds.com\/it\/tienda\/automaticas\/auto-banana-cookies\/","title":{"rendered":"Biscotti automatici alla banana"},"content":{"rendered":"<p><span style=\"font-weight: 400\">Alla ricerca di <\/span><a href=\"https:\/\/advancedseeds.com\/web\/\"><span style=\"font-weight: 400\">semi di marijuana<\/span><\/a><span style=\"font-weight: 400\"> Non sai quanto sei stato fortunato, amico mio! Il <\/span><a href=\"https:\/\/advancedseeds.com\/web\/categoria-producto\/automaticas\/\"><b>semi autofiorenti<\/b><\/a><b> Auto Banana Cookies di Advanced Seeds<\/b><span style=\"font-weight: 400\"> sono una festa per i vostri sensi, con note dolci di banana e un contenuto di THC che vi sorprender\u00e0.<\/span><\/p>\n<h2><b>Qual \u00e8 la genetica di questi semi?<\/b><\/h2>\n<p><span style=\"font-weight: 400\">La Auto Banana Cookies di Advanced Seeds \u00e8 un vero gioiello di cannabis in termini di genetica. Questi semi sono il risultato della combinazione di <\/span><b>Genetica dei cookie<\/b><span style=\"font-weight: 400\">famosi per la loro gentilezza, con la <\/span><b>tocco di Banana Kush<\/b><span style=\"font-weight: 400\"> per aggiungere un sapore fruttato unico. Il risultato \u00e8 una variet\u00e0 a predominanza indica che spinge il suo contenuto di THC a limiti inimmaginabili nelle variet\u00e0 a fioritura automatica. Questa combinazione di genetiche la rende una scelta eccezionale per gli amanti della marijuana con un palato esigente.<\/span><\/p>\n<h2><b>Che aspetto ha l'Auto Banana Cookies?<\/b><\/h2>\n<p><span style=\"font-weight: 400\">La Auto Banana Cookies \u00e8 una pianta di marijuana che colpisce fin dal primo sguardo. Sviluppa cime dense e resinose che brillano di grandi e vistosi tricomi. Inoltre, la sua struttura robusta le permette di crescere fino a raggiungere altezze notevoli, soprattutto se le vengono forniti substrato e luce sufficienti. Questa pianta \u00e8 una meraviglia per i coltivatori che cercano raccolti generosi senza troppe difficolt\u00e0, perch\u00e9 anche i coltivatori pi\u00f9 inesperti otterranno raccolti che non avrebbero mai potuto sognare.<\/span><\/p>\n<h2><b>Come si coltivano questi semi all'interno e all'esterno?<\/b><\/h2>\n<h3><span style=\"font-weight: 400\">Coltivazione indoor:<\/span><\/h3>\n<p><span style=\"font-weight: 400\">Per ottenere il massimo da Auto Banana Cookies in indoor, \u00e8 essenziale fornire le giuste condizioni in termini di luce e substrato. Per ottimizzare la crescita si consiglia un fotoperiodo di 18\/6 o 20\/4 per tutto il ciclo di crescita. Assicuratevi inoltre di avere un'illuminazione di qualit\u00e0, preferibilmente LED di ultima generazione, e di seguire buone pratiche di coltivazione, come ad esempio non esagerare con le annaffiature, che sono un tipico fallimento per i semi di questo tipo.<\/span><\/p>\n<h3><span style=\"font-weight: 400\">Coltivazione all'aperto:<\/span><\/h3>\n<p><span style=\"font-weight: 400\">All'aperto, la Auto Banana Cookies eccelle ancora di pi\u00f9 che in casa. L'ideale \u00e8 far germogliare i semi a met\u00e0 o fine primavera e, una volta germogliati, trapiantarli nel vaso definitivo. Questa pianta prospera con un'adeguata esposizione alla luce solare diretta e pu\u00f2 raggiungere altezze notevoli quando le vengono date le condizioni ideali, soprattutto se trapiantata in vasi con pi\u00f9 di 20 litri di terra.<\/span><\/p>\n<h2><b>Quando viene raccolto l'Auto Banana Cookies?<\/b><\/h2>\n<p><span style=\"font-weight: 400\">Al chiuso, il ciclo completo della Auto Banana Cookies dura dalle 9 alle 10 settimane dalla germinazione dei semi. Se preferite la coltivazione outdoor, potrete raccogliere dopo circa 70 giorni dalla germinazione delle piante. Questo vi d\u00e0 la possibilit\u00e0 di ottenere cime di alta qualit\u00e0 in un periodo di tempo piuttosto breve.<\/span><\/p>\n<h2><b>Quanto producono questi semi?<\/b><\/h2>\n<p><span style=\"font-weight: 400\">La Auto Banana Cookies \u00e8 nota per la sua generosit\u00e0 in termini di resa. Al chiuso, si possono ottenere fino a 500 grammi per metro quadro, se le condizioni sono quelle giuste. All'aperto, questa variet\u00e0 pu\u00f2 sorprendere ancora di pi\u00f9, con rese che superano i 150 grammi per pianta in molte occasioni.<\/span><\/p>\n<h2><b>Qual \u00e8 l'aroma e il sapore dell'Auto Banana Cookies?<\/b><\/h2>\n<p><span style=\"font-weight: 400\">Quest'erba delizia i vostri recettori del gusto con un sapore e un aroma eccezionali. Provate una combinazione unica di dolcezza di banana con note di biscotto e un sottofondo che ricorda la migliore OG. Questa variet\u00e0 \u00e8 la scelta perfetta per gli amanti dei sapori fruttati e dolci.<\/span><\/p>\n<h2><b>Che tipo di effetto ha questa marijuana?<\/b><\/h2>\n<p><span style=\"font-weight: 400\">La Auto Banana Cookies \u00e8 una variet\u00e0 che non solo si distingue per il suo gusto e la sua resa, ma anche per i suoi potenti effetti. Con un'impressionante quantit\u00e0 di 24% di THC, sperimenterete un profondo rilassamento sia mentale che fisico. \u00c8 ideale da gustare a fine giornata o dopo un allenamento, ma non bisogna esagerare per evitare che l'effetto interferisca con il momento di andare a letto.<\/span><\/p>\n<h2><b>Acquistare Auto Banana Cookies al miglior prezzo online<\/b><\/h2>\n<p><span style=\"font-weight: 400\">Non aspettate oltre e acquistate i vostri semi di Auto Banana Cookies da Advanced Seeds con il miglior rapporto qualit\u00e0\/prezzo del mercato e la massima freschezza possibile. Ordinate ora e scoprite perch\u00e9 la Auto Banana Cookies \u00e8 una delle preferite dai consumatori di marijuana autofiorente.<\/span><\/p>\n<h2><b>Domande frequenti sull'Auto Banana Cookies:<\/b><\/h2>\n<h3><span style=\"font-weight: 400\">Qual \u00e8 il contenuto di THC della Auto Banana Cookies?<\/span><\/h3>\n<p><span style=\"font-weight: 400\">Auto Banana Cookies pu\u00f2 raggiungere l'impressionante valore di 24% THC.<\/span><\/p>\n<h3><span style=\"font-weight: 400\">Questa variet\u00e0 \u00e8 indica o sativa?<\/span><\/h3>\n<p><span style=\"font-weight: 400\">Questa variet\u00e0 \u00e8 prevalentemente indica.<\/span><\/p>\n<h3><span style=\"font-weight: 400\">Quanto dura il ciclo completo indoor?<\/span><\/h3>\n<p><span style=\"font-weight: 400\">Al chiuso, il ciclo completo dura 10 settimane dalla germinazione dei semi.<\/span><\/p>","protected":false},"excerpt":{"rendered":"<p>-<\/p>","protected":false},"featured_media":6948,"comment_status":"open","ping_status":"closed","template":"","meta":{"_acf_changed":false},"product_brand":[],"product_cat":[70],"product_tag":[],"class_list":{"0":"post-6932","1":"product","2":"type-product","3":"status-publish","4":"has-post-thumbnail","6":"product_cat-automaticas","8":"first","9":"instock","10":"taxable","11":"shipping-taxable","12":"purchasable","13":"product-type-variable"},"acf":[],"yoast_head":"<!-- This site is optimized with the Yoast SEO Premium plugin v26.3 (Yoast SEO v26.6) - https:\/\/yoast.com\/wordpress\/plugins\/seo\/ -->\n<title>Auto Banana Cookies - Advanced Seeds<\/title>\n<meta name=\"robots\" content=\"index, follow, max-snippet:-1, max-image-preview:large, max-video-preview:-1\" \/>\n<link rel=\"canonical\" href=\"https:\/\/advancedseeds.com\/it\/tienda\/automaticas\/auto-banana-cookies\/\" \/>\n<meta property=\"og:locale\" content=\"it_IT\" \/>\n<meta property=\"og:type\" content=\"article\" \/>\n<meta property=\"og:title\" content=\"Auto Banana Cookies\" \/>\n<meta property=\"og:description\" content=\"-\" \/>\n<meta property=\"og:url\" content=\"https:\/\/advancedseeds.com\/it\/tienda\/automaticas\/auto-banana-cookies\/\" \/>\n<meta property=\"og:site_name\" content=\"Advanced Seeds\" \/>\n<meta property=\"article:modified_time\" content=\"2025-03-22T17:10:04+00:00\" \/>\n<meta property=\"og:image\" content=\"https:\/\/advancedseeds.com\/web\/wp-content\/uploads\/2022\/10\/Auto-Banana-Cookies-2022-scaled.jpg\" \/>\n\t<meta property=\"og:image:width\" content=\"1928\" \/>\n\t<meta property=\"og:image:height\" content=\"2560\" \/>\n\t<meta property=\"og:image:type\" content=\"image\/jpeg\" \/>\n<meta name=\"twitter:card\" content=\"summary_large_image\" \/>\n<meta name=\"twitter:label1\" content=\"Tempo di lettura stimato\" \/>\n\t<meta name=\"twitter:data1\" content=\"4 minuti\" \/>\n<script type=\"application\/ld+json\" class=\"yoast-schema-graph\">{\"@context\":\"https:\/\/schema.org\",\"@graph\":[{\"@type\":\"WebPage\",\"@id\":\"https:\/\/advancedseeds.com\/tienda\/automaticas\/auto-banana-cookies\/\",\"url\":\"https:\/\/advancedseeds.com\/tienda\/automaticas\/auto-banana-cookies\/\",\"name\":\"Auto Banana Cookies - Advanced Seeds\",\"isPartOf\":{\"@id\":\"https:\/\/advancedseeds.com\/#website\"},\"primaryImageOfPage\":{\"@id\":\"https:\/\/advancedseeds.com\/tienda\/automaticas\/auto-banana-cookies\/#primaryimage\"},\"image\":{\"@id\":\"https:\/\/advancedseeds.com\/tienda\/automaticas\/auto-banana-cookies\/#primaryimage\"},\"thumbnailUrl\":\"https:\/\/advancedseeds.com\/web\/wp-content\/uploads\/2022\/10\/Auto-Banana-Cookies-2022-scaled.jpg\",\"datePublished\":\"2022-10-10T08:00:19+00:00\",\"dateModified\":\"2025-03-22T17:10:04+00:00\",\"breadcrumb\":{\"@id\":\"https:\/\/advancedseeds.com\/tienda\/automaticas\/auto-banana-cookies\/#breadcrumb\"},\"inLanguage\":\"it-IT\",\"potentialAction\":[{\"@type\":\"ReadAction\",\"target\":[\"https:\/\/advancedseeds.com\/tienda\/automaticas\/auto-banana-cookies\/\"]}]},{\"@type\":\"ImageObject\",\"inLanguage\":\"it-IT\",\"@id\":\"https:\/\/advancedseeds.com\/tienda\/automaticas\/auto-banana-cookies\/#primaryimage\",\"url\":\"https:\/\/advancedseeds.com\/web\/wp-content\/uploads\/2022\/10\/Auto-Banana-Cookies-2022-scaled.jpg\",\"contentUrl\":\"https:\/\/advancedseeds.com\/web\/wp-content\/uploads\/2022\/10\/Auto-Banana-Cookies-2022-scaled.jpg\",\"width\":1928,\"height\":2560},{\"@type\":\"BreadcrumbList\",\"@id\":\"https:\/\/advancedseeds.com\/tienda\/automaticas\/auto-banana-cookies\/#breadcrumb\",\"itemListElement\":[{\"@type\":\"ListItem\",\"position\":1,\"name\":\"Home\",\"item\":\"https:\/\/advancedseeds.com\/\"},{\"@type\":\"ListItem\",\"position\":2,\"name\":\"Tienda\",\"item\":\"https:\/\/advancedseeds.com\/\"},{\"@type\":\"ListItem\",\"position\":3,\"name\":\"Auto Banana Cookies\"}]},{\"@type\":\"WebSite\",\"@id\":\"https:\/\/advancedseeds.com\/#website\",\"url\":\"https:\/\/advancedseeds.com\/\",\"name\":\"Advanced Seeds\",\"description\":\"Gen\u00e9ticas Avanzadas en semillas feminizadas y autom\u00e1ticas.\",\"publisher\":{\"@id\":\"https:\/\/advancedseeds.com\/#organization\"},\"potentialAction\":[{\"@type\":\"SearchAction\",\"target\":{\"@type\":\"EntryPoint\",\"urlTemplate\":\"https:\/\/advancedseeds.com\/?s={search_term_string}\"},\"query-input\":{\"@type\":\"PropertyValueSpecification\",\"valueRequired\":true,\"valueName\":\"search_term_string\"}}],\"inLanguage\":\"it-IT\"},{\"@type\":\"Organization\",\"@id\":\"https:\/\/advancedseeds.com\/#organization\",\"name\":\"Advanced Seeds\",\"url\":\"https:\/\/advancedseeds.com\/\",\"logo\":{\"@type\":\"ImageObject\",\"inLanguage\":\"it-IT\",\"@id\":\"https:\/\/advancedseeds.com\/#\/schema\/logo\/image\/\",\"url\":\"https:\/\/advancedseeds.com\/web\/wp-content\/uploads\/2021\/01\/logo-advanced.jpg\",\"contentUrl\":\"https:\/\/advancedseeds.com\/web\/wp-content\/uploads\/2021\/01\/logo-advanced.jpg\",\"width\":600,\"height\":600,\"caption\":\"Advanced Seeds\"},\"image\":{\"@id\":\"https:\/\/advancedseeds.com\/#\/schema\/logo\/image\/\"}}]}<\/script>\n<!-- \/ Yoast SEO Premium plugin. -->","yoast_head_json":{"title":"Auto Banana Cookies - Advanced Seeds","robots":{"index":"index","follow":"follow","max-snippet":"max-snippet:-1","max-image-preview":"max-image-preview:large","max-video-preview":"max-video-preview:-1"},"canonical":"https:\/\/advancedseeds.com\/it\/tienda\/automaticas\/auto-banana-cookies\/","og_locale":"it_IT","og_type":"article","og_title":"Auto Banana Cookies","og_description":"-","og_url":"https:\/\/advancedseeds.com\/it\/tienda\/automaticas\/auto-banana-cookies\/","og_site_name":"Advanced Seeds","article_modified_time":"2025-03-22T17:10:04+00:00","og_image":[{"width":1928,"height":2560,"url":"https:\/\/advancedseeds.com\/web\/wp-content\/uploads\/2022\/10\/Auto-Banana-Cookies-2022-scaled.jpg","type":"image\/jpeg"}],"twitter_card":"summary_large_image","twitter_misc":{"Tempo di lettura stimato":"4 minuti"},"schema":{"@context":"https:\/\/schema.org","@graph":[{"@type":"WebPage","@id":"https:\/\/advancedseeds.com\/tienda\/automaticas\/auto-banana-cookies\/","url":"https:\/\/advancedseeds.com\/tienda\/automaticas\/auto-banana-cookies\/","name":"Auto Banana Cookies - Advanced Seeds","isPartOf":{"@id":"https:\/\/advancedseeds.com\/#website"},"primaryImageOfPage":{"@id":"https:\/\/advancedseeds.com\/tienda\/automaticas\/auto-banana-cookies\/#primaryimage"},"image":{"@id":"https:\/\/advancedseeds.com\/tienda\/automaticas\/auto-banana-cookies\/#primaryimage"},"thumbnailUrl":"https:\/\/advancedseeds.com\/web\/wp-content\/uploads\/2022\/10\/Auto-Banana-Cookies-2022-scaled.jpg","datePublished":"2022-10-10T08:00:19+00:00","dateModified":"2025-03-22T17:10:04+00:00","breadcrumb":{"@id":"https:\/\/advancedseeds.com\/tienda\/automaticas\/auto-banana-cookies\/#breadcrumb"},"inLanguage":"it-IT","potentialAction":[{"@type":"ReadAction","target":["https:\/\/advancedseeds.com\/tienda\/automaticas\/auto-banana-cookies\/"]}]},{"@type":"ImageObject","inLanguage":"it-IT","@id":"https:\/\/advancedseeds.com\/tienda\/automaticas\/auto-banana-cookies\/#primaryimage","url":"https:\/\/advancedseeds.com\/web\/wp-content\/uploads\/2022\/10\/Auto-Banana-Cookies-2022-scaled.jpg","contentUrl":"https:\/\/advancedseeds.com\/web\/wp-content\/uploads\/2022\/10\/Auto-Banana-Cookies-2022-scaled.jpg","width":1928,"height":2560},{"@type":"BreadcrumbList","@id":"https:\/\/advancedseeds.com\/tienda\/automaticas\/auto-banana-cookies\/#breadcrumb","itemListElement":[{"@type":"ListItem","position":1,"name":"Home","item":"https:\/\/advancedseeds.com\/"},{"@type":"ListItem","position":2,"name":"Tienda","item":"https:\/\/advancedseeds.com\/"},{"@type":"ListItem","position":3,"name":"Auto Banana Cookies"}]},{"@type":"WebSite","@id":"https:\/\/advancedseeds.com\/#website","url":"https:\/\/advancedseeds.com\/","name":"Semi avanzati","description":"Genetica avanzata in semi femminizzati e automatici.","publisher":{"@id":"https:\/\/advancedseeds.com\/#organization"},"potentialAction":[{"@type":"SearchAction","target":{"@type":"EntryPoint","urlTemplate":"https:\/\/advancedseeds.com\/?s={search_term_string}"},"query-input":{"@type":"PropertyValueSpecification","valueRequired":true,"valueName":"search_term_string"}}],"inLanguage":"it-IT"},{"@type":"Organization","@id":"https:\/\/advancedseeds.com\/#organization","name":"Semi avanzati","url":"https:\/\/advancedseeds.com\/","logo":{"@type":"ImageObject","inLanguage":"it-IT","@id":"https:\/\/advancedseeds.com\/#\/schema\/logo\/image\/","url":"https:\/\/advancedseeds.com\/web\/wp-content\/uploads\/2021\/01\/logo-advanced.jpg","contentUrl":"https:\/\/advancedseeds.com\/web\/wp-content\/uploads\/2021\/01\/logo-advanced.jpg","width":600,"height":600,"caption":"Advanced Seeds"},"image":{"@id":"https:\/\/advancedseeds.com\/#\/schema\/logo\/image\/"}}]}},"_links":{"self":[{"href":"https:\/\/advancedseeds.com\/it\/wp-json\/wp\/v2\/product\/6932","targetHints":{"allow":["GET"]}}],"collection":[{"href":"https:\/\/advancedseeds.com\/it\/wp-json\/wp\/v2\/product"}],"about":[{"href":"https:\/\/advancedseeds.com\/it\/wp-json\/wp\/v2\/types\/product"}],"replies":[{"embeddable":true,"href":"https:\/\/advancedseeds.com\/it\/wp-json\/wp\/v2\/comments?post=6932"}],"wp:featuredmedia":[{"embeddable":true,"href":"https:\/\/advancedseeds.com\/it\/wp-json\/wp\/v2\/media\/6948"}],"wp:attachment":[{"href":"https:\/\/advancedseeds.com\/it\/wp-json\/wp\/v2\/media?parent=6932"}],"wp:term":[{"taxonomy":"product_brand","embeddable":true,"href":"https:\/\/advancedseeds.com\/it\/wp-json\/wp\/v2\/product_brand?post=6932"},{"taxonomy":"product_cat","embeddable":true,"href":"https:\/\/advancedseeds.com\/it\/wp-json\/wp\/v2\/product_cat?post=6932"},{"taxonomy":"product_tag","embeddable":true,"href":"https:\/\/advancedseeds.com\/it\/wp-json\/wp\/v2\/product_tag?post=6932"}],"curies":[{"name":"wp","href":"https:\/\/api.w.org\/{rel}","templated":true}]}}