{"id":6938,"date":"2022-10-10T09:00:19","date_gmt":"2022-10-10T08:00:19","guid":{"rendered":"https:\/\/advancedseeds.com\/web\/?post_type=product&#038;p=6938"},"modified":"2025-07-21T10:07:49","modified_gmt":"2025-07-21T09:07:49","slug":"auto-bruce-banner-xxl","status":"publish","type":"product","link":"https:\/\/advancedseeds.com\/it\/tienda\/automaticas\/auto-bruce-banner-xxl\/","title":{"rendered":"Auto Bruce Banner XXL"},"content":{"rendered":"<p><span style=\"font-weight: 400\">Siete pronti per un viaggio straordinario con il <\/span><a href=\"https:\/\/advancedseeds.com\/web\/\"><b>semi di marijuana<\/b><\/a><b> Auto Bruce Banner XXL di Advanced Seeds<\/b><span style=\"font-weight: 400\">? In questa panoramica, vi spiegheremo tutto. <\/span><a href=\"https:\/\/advancedseeds.com\/web\/categoria-producto\/automaticas\/\"><span style=\"font-weight: 400\">semi autofiorenti<\/span><\/a><span style=\"font-weight: 400\">Dalla genetica all'aroma, fino a come coltivarle e godere del loro sapore e dei loro potenti effetti, preparatevi a un'esperienza di coltivazione eccezionale!<\/span><\/p>\n<h2><b>Qual \u00e8 la genetica di questi semi?<\/b><\/h2>\n<p><span style=\"font-weight: 400\">La Auto Bruce Banner XXL \u00e8 la versione autofiorente della famosa <\/span><a href=\"https:\/\/advancedseeds.com\/web\/producto\/bruce-banner\/\"><span style=\"font-weight: 400\">ceppo Bruce Banner<\/span><\/a><span style=\"font-weight: 400\"> della Advanced Seeds, una potente variet\u00e0 ibrida a predominanza indica, frutto di un'attenta selezione di una OG Kush del 2004 e di una pianta di Strawbery Diesel. Il risultato? Continuate a leggere per scoprirlo.<\/span><\/p>\n<p><span style=\"font-weight: 400\">Questa genetica \u00e8 il perfetto equilibrio tra caratteristiche indica e sativa, che le conferiscono la sua potenza, ma anche la capacit\u00e0 di mantenere un effetto equilibrato su corpo e mente.<\/span><\/p>\n<h2><b>Che aspetto ha Auto Bruce Banner XXL?<\/b><\/h2>\n<p><span style=\"font-weight: 400\">La Auto Bruce Banner XXL \u00e8 una pianta imponente per qualsiasi standard. La sua struttura non supera di solito i 130 cm di altezza, il che la rende adatta a qualsiasi ambiente di coltivazione, sia indoor che outdoor. Finisce per formare cime super dense e resinose che ipnotizzano tutti coloro che le guardano con l'esagerato strato di resina che ricopre i fiori e le foglie circostanti, anche quelle pi\u00f9 grandi.<\/span><\/p>\n<h2><b>Come si coltivano questi semi all'interno e all'esterno?<\/b><\/h2>\n<h3><span style=\"font-weight: 400\">Coltivazione indoor:<\/span><\/h3>\n<p><span style=\"font-weight: 400\">La coltivazione indoor della Auto Bruce Banner XXL \u00e8 un'esperienza gratificante sia per i coltivatori inesperti che per gli intenditori pi\u00f9 esperti. Per ottenere i migliori risultati, assicuratevi di fornire quanta pi\u00f9 luce possibile, sia in termini di wattaggio che di ore giornaliere. La sua resistenza e il suo vigore la rendono adatta ai principianti, in quanto pu\u00f2 sopportare meglio di altre variet\u00e0 alcuni livelli di stress.<\/span><\/p>\n<p><span style=\"font-weight: 400\">Una tecnica che funziona bene con questa variet\u00e0 \u00e8 la coltivazione SOG (Sea of Green), in cui si possono coltivare pi\u00f9 piante piccole e ottenere rese impressionanti in uno spazio limitato, fino a 16 per metro in vasi da 7 litri.<\/span><\/p>\n<h3><span style=\"font-weight: 400\">Coltivazione all'aperto:<\/span><\/h3>\n<p><span style=\"font-weight: 400\">La Auto Bruce Banner XXL si adatta facilmente alla coltivazione all'aperto, infatti tende a dare risultati migliori rispetto all'interno. Con un'altezza di circa 130 cm, \u00e8 ideale per terrazzi e balconi. All'esterno \u00e8 meglio piantare in vasi da 20 litri o pi\u00f9 per non limitare la crescita dell'apparato radicale, che \u00e8 fondamentale perch\u00e9 rappresenta la base che sosterr\u00e0 la struttura delle piante.<\/span><\/p>\n<h2><b>Quando viene raccolto l'Auto Bruce Banner XXL?<\/b><\/h2>\n<p><span style=\"font-weight: 400\">Al chiuso, il ciclo completo della Auto Bruce Banner XXL dura 10-11 settimane. Se preferite la coltivazione outdoor, potrete raccogliere le vostre preziose cime in circa 11 settimane, anche in questo caso a seconda dei parametri ambientali. La stagione migliore per la coltivazione outdoor inizia a met\u00e0 primavera e termina a fine estate.<\/span><\/p>\n<h2><b>Quanto producono questi semi?<\/b><\/h2>\n<p><span style=\"font-weight: 400\">La Auto Bruce Banner XXL \u00e8 nota per la sua generosit\u00e0 in termini di resa. Al chiuso, si possono ottenere pi\u00f9 di 550 grammi per metro quadro. All'aperto, queste piante vigorose possono superare i 200 grammi per pianta in condizioni ottimali. Questo la rende un'opzione molto redditizia per i coltivatori commerciali.<\/span><\/p>\n<h2><b>Qual \u00e8 l'aroma e il sapore dell'Auto Bruce Banner XXL?<\/b><\/h2>\n<p><span style=\"font-weight: 400\">Questa marijuana \u00e8 una festa per i polmoni e il cervello, affamata di terpeni e cannabinoidi. Sviluppa sapori fruttati con sfumature floreali e di terra diesel che vi lasceranno desiderare di pi\u00f9. L'intensit\u00e0 dei suoi aromi e sapori \u00e8 una delle ragioni per cui i coltivatori e i fumatori amano questa variet\u00e0.<\/span><\/p>\n<p><span style=\"font-weight: 400\">Il suo aroma presenta spesso note di arancia e mandarino che ricordano il suo antenato Strawberry Diesel, conferendogli un distinto carattere agrumato. Questi sapori vengono esaltati se consumati in un vaporizzatore, permettendo di godere appieno dei suoi terpeni.<\/span><\/p>\n<h2><b>Che tipo di effetto ha questa marijuana?<\/b><\/h2>\n<p><span style=\"font-weight: 400\">Gli effetti dell'Auto Bruce Banner XXL sono entusiasmanti. Iniziano con uno sballo euforico e psichedelico che stimola la creativit\u00e0 e poi si trasformano in un profondo rilassamento corporeo. Questa variet\u00e0 \u00e8 apprezzata dai pazienti medici negli Stati Uniti per la sua capacit\u00e0 di trattare una variet\u00e0 di condizioni, come stress, ansia e dolore.<\/span><\/p>\n<p><span style=\"font-weight: 400\">L'alta concentrazione di THC della 24% garantisce un effetto potente che si avverte sia nella mente che nel corpo. \u00c8 una scelta eccellente per rilassarsi dopo le attivit\u00e0 fisiche o per liberare la creativit\u00e0 in un ambiente creativo.<\/span><\/p>\n<h2><b>Acquistare Auto Bruce Banner XXL al miglior prezzo online<\/b><\/h2>\n<p><span style=\"font-weight: 400\">Non perdete l'occasione di provare la Auto Bruce Banner XXL di Advanced Seeds. Acquistate questi semi al miglior prezzo online e preparatevi a un viaggio indimenticabile nella cannabis.<\/span><\/p>\n<h2><b>Domande frequenti su Auto Bruce Banner XXL<\/b><\/h2>\n<h3>Qual \u00e8 il contenuto di THC dell'Auto Bruce Banner XXL?<\/h3>\n<p><span style=\"font-weight: 400\">La Auto Bruce Banner XXL ha un contenuto di THC pari a 24%, altamente potente!<\/span><\/p>\n<h3><span style=\"font-weight: 400\">Qual \u00e8 la migliore tecnica di coltivazione per l'Auto Bruce Banner XXL?<\/span><\/h3>\n<p><span style=\"font-weight: 400\">Una tecnica efficace \u00e8 la coltivazione indoor SOG (Sea of Green) per massimizzare le rese in spazi ridotti. All'aperto, assicuratevi di fornire un buon spazio per lo sviluppo delle radici e l'esposizione alla luce solare diretta.<\/span><\/p>","protected":false},"excerpt":{"rendered":"<p>-<\/p>","protected":false},"featured_media":19652,"comment_status":"open","ping_status":"closed","template":"","meta":{"_acf_changed":false},"product_brand":[],"product_cat":[70],"product_tag":[],"class_list":{"0":"post-6938","1":"product","2":"type-product","3":"status-publish","4":"has-post-thumbnail","6":"product_cat-automaticas","8":"first","9":"instock","10":"taxable","11":"shipping-taxable","12":"purchasable","13":"product-type-variable"},"acf":[],"yoast_head":"<!-- This site is optimized with the Yoast SEO Premium plugin v26.3 (Yoast SEO v26.6) - https:\/\/yoast.com\/wordpress\/plugins\/seo\/ -->\n<title>Auto Bruce Banner XXL - Advanced Seeds<\/title>\n<meta name=\"robots\" content=\"index, follow, max-snippet:-1, max-image-preview:large, max-video-preview:-1\" \/>\n<link rel=\"canonical\" href=\"https:\/\/advancedseeds.com\/it\/tienda\/automaticas\/auto-bruce-banner-xxl\/\" \/>\n<meta property=\"og:locale\" content=\"it_IT\" \/>\n<meta property=\"og:type\" content=\"article\" \/>\n<meta property=\"og:title\" content=\"Auto Bruce Banner XXL\" \/>\n<meta property=\"og:description\" content=\"-\" \/>\n<meta property=\"og:url\" content=\"https:\/\/advancedseeds.com\/it\/tienda\/automaticas\/auto-bruce-banner-xxl\/\" \/>\n<meta property=\"og:site_name\" content=\"Advanced Seeds\" \/>\n<meta property=\"article:modified_time\" content=\"2025-07-21T09:07:49+00:00\" \/>\n<meta property=\"og:image\" content=\"https:\/\/advancedseeds.com\/web\/wp-content\/uploads\/2022\/10\/Auto-Bruce-Banner-XXL.jpg\" \/>\n\t<meta property=\"og:image:width\" content=\"635\" \/>\n\t<meta property=\"og:image:height\" content=\"842\" \/>\n\t<meta property=\"og:image:type\" content=\"image\/jpeg\" \/>\n<meta name=\"twitter:card\" content=\"summary_large_image\" \/>\n<meta name=\"twitter:label1\" content=\"Tempo di lettura stimato\" \/>\n\t<meta name=\"twitter:data1\" content=\"5 minuti\" \/>\n<script type=\"application\/ld+json\" class=\"yoast-schema-graph\">{\"@context\":\"https:\/\/schema.org\",\"@graph\":[{\"@type\":\"WebPage\",\"@id\":\"https:\/\/advancedseeds.com\/tienda\/automaticas\/auto-bruce-banner-xxl\/\",\"url\":\"https:\/\/advancedseeds.com\/tienda\/automaticas\/auto-bruce-banner-xxl\/\",\"name\":\"Auto Bruce Banner XXL - Advanced Seeds\",\"isPartOf\":{\"@id\":\"https:\/\/advancedseeds.com\/#website\"},\"primaryImageOfPage\":{\"@id\":\"https:\/\/advancedseeds.com\/tienda\/automaticas\/auto-bruce-banner-xxl\/#primaryimage\"},\"image\":{\"@id\":\"https:\/\/advancedseeds.com\/tienda\/automaticas\/auto-bruce-banner-xxl\/#primaryimage\"},\"thumbnailUrl\":\"https:\/\/advancedseeds.com\/web\/wp-content\/uploads\/2022\/10\/Auto-Bruce-Banner-XXL.jpg\",\"datePublished\":\"2022-10-10T08:00:19+00:00\",\"dateModified\":\"2025-07-21T09:07:49+00:00\",\"breadcrumb\":{\"@id\":\"https:\/\/advancedseeds.com\/tienda\/automaticas\/auto-bruce-banner-xxl\/#breadcrumb\"},\"inLanguage\":\"it-IT\",\"potentialAction\":[{\"@type\":\"ReadAction\",\"target\":[\"https:\/\/advancedseeds.com\/tienda\/automaticas\/auto-bruce-banner-xxl\/\"]}]},{\"@type\":\"ImageObject\",\"inLanguage\":\"it-IT\",\"@id\":\"https:\/\/advancedseeds.com\/tienda\/automaticas\/auto-bruce-banner-xxl\/#primaryimage\",\"url\":\"https:\/\/advancedseeds.com\/web\/wp-content\/uploads\/2022\/10\/Auto-Bruce-Banner-XXL.jpg\",\"contentUrl\":\"https:\/\/advancedseeds.com\/web\/wp-content\/uploads\/2022\/10\/Auto-Bruce-Banner-XXL.jpg\",\"width\":635,\"height\":842},{\"@type\":\"BreadcrumbList\",\"@id\":\"https:\/\/advancedseeds.com\/tienda\/automaticas\/auto-bruce-banner-xxl\/#breadcrumb\",\"itemListElement\":[{\"@type\":\"ListItem\",\"position\":1,\"name\":\"Home\",\"item\":\"https:\/\/advancedseeds.com\/\"},{\"@type\":\"ListItem\",\"position\":2,\"name\":\"Tienda\",\"item\":\"https:\/\/advancedseeds.com\/\"},{\"@type\":\"ListItem\",\"position\":3,\"name\":\"Auto Bruce Banner XXL\"}]},{\"@type\":\"WebSite\",\"@id\":\"https:\/\/advancedseeds.com\/#website\",\"url\":\"https:\/\/advancedseeds.com\/\",\"name\":\"Advanced Seeds\",\"description\":\"Gen\u00e9ticas Avanzadas en semillas feminizadas y autom\u00e1ticas.\",\"publisher\":{\"@id\":\"https:\/\/advancedseeds.com\/#organization\"},\"potentialAction\":[{\"@type\":\"SearchAction\",\"target\":{\"@type\":\"EntryPoint\",\"urlTemplate\":\"https:\/\/advancedseeds.com\/?s={search_term_string}\"},\"query-input\":{\"@type\":\"PropertyValueSpecification\",\"valueRequired\":true,\"valueName\":\"search_term_string\"}}],\"inLanguage\":\"it-IT\"},{\"@type\":\"Organization\",\"@id\":\"https:\/\/advancedseeds.com\/#organization\",\"name\":\"Advanced Seeds\",\"url\":\"https:\/\/advancedseeds.com\/\",\"logo\":{\"@type\":\"ImageObject\",\"inLanguage\":\"it-IT\",\"@id\":\"https:\/\/advancedseeds.com\/#\/schema\/logo\/image\/\",\"url\":\"https:\/\/advancedseeds.com\/web\/wp-content\/uploads\/2021\/01\/logo-advanced.jpg\",\"contentUrl\":\"https:\/\/advancedseeds.com\/web\/wp-content\/uploads\/2021\/01\/logo-advanced.jpg\",\"width\":600,\"height\":600,\"caption\":\"Advanced Seeds\"},\"image\":{\"@id\":\"https:\/\/advancedseeds.com\/#\/schema\/logo\/image\/\"}}]}<\/script>\n<!-- \/ Yoast SEO Premium plugin. -->","yoast_head_json":{"title":"Auto Bruce Banner XXL - Advanced Seeds","robots":{"index":"index","follow":"follow","max-snippet":"max-snippet:-1","max-image-preview":"max-image-preview:large","max-video-preview":"max-video-preview:-1"},"canonical":"https:\/\/advancedseeds.com\/it\/tienda\/automaticas\/auto-bruce-banner-xxl\/","og_locale":"it_IT","og_type":"article","og_title":"Auto Bruce Banner XXL","og_description":"-","og_url":"https:\/\/advancedseeds.com\/it\/tienda\/automaticas\/auto-bruce-banner-xxl\/","og_site_name":"Advanced Seeds","article_modified_time":"2025-07-21T09:07:49+00:00","og_image":[{"width":635,"height":842,"url":"https:\/\/advancedseeds.com\/web\/wp-content\/uploads\/2022\/10\/Auto-Bruce-Banner-XXL.jpg","type":"image\/jpeg"}],"twitter_card":"summary_large_image","twitter_misc":{"Tempo di lettura stimato":"5 minuti"},"schema":{"@context":"https:\/\/schema.org","@graph":[{"@type":"WebPage","@id":"https:\/\/advancedseeds.com\/tienda\/automaticas\/auto-bruce-banner-xxl\/","url":"https:\/\/advancedseeds.com\/tienda\/automaticas\/auto-bruce-banner-xxl\/","name":"Auto Bruce Banner XXL - Advanced Seeds","isPartOf":{"@id":"https:\/\/advancedseeds.com\/#website"},"primaryImageOfPage":{"@id":"https:\/\/advancedseeds.com\/tienda\/automaticas\/auto-bruce-banner-xxl\/#primaryimage"},"image":{"@id":"https:\/\/advancedseeds.com\/tienda\/automaticas\/auto-bruce-banner-xxl\/#primaryimage"},"thumbnailUrl":"https:\/\/advancedseeds.com\/web\/wp-content\/uploads\/2022\/10\/Auto-Bruce-Banner-XXL.jpg","datePublished":"2022-10-10T08:00:19+00:00","dateModified":"2025-07-21T09:07:49+00:00","breadcrumb":{"@id":"https:\/\/advancedseeds.com\/tienda\/automaticas\/auto-bruce-banner-xxl\/#breadcrumb"},"inLanguage":"it-IT","potentialAction":[{"@type":"ReadAction","target":["https:\/\/advancedseeds.com\/tienda\/automaticas\/auto-bruce-banner-xxl\/"]}]},{"@type":"ImageObject","inLanguage":"it-IT","@id":"https:\/\/advancedseeds.com\/tienda\/automaticas\/auto-bruce-banner-xxl\/#primaryimage","url":"https:\/\/advancedseeds.com\/web\/wp-content\/uploads\/2022\/10\/Auto-Bruce-Banner-XXL.jpg","contentUrl":"https:\/\/advancedseeds.com\/web\/wp-content\/uploads\/2022\/10\/Auto-Bruce-Banner-XXL.jpg","width":635,"height":842},{"@type":"BreadcrumbList","@id":"https:\/\/advancedseeds.com\/tienda\/automaticas\/auto-bruce-banner-xxl\/#breadcrumb","itemListElement":[{"@type":"ListItem","position":1,"name":"Home","item":"https:\/\/advancedseeds.com\/"},{"@type":"ListItem","position":2,"name":"Tienda","item":"https:\/\/advancedseeds.com\/"},{"@type":"ListItem","position":3,"name":"Auto Bruce Banner XXL"}]},{"@type":"WebSite","@id":"https:\/\/advancedseeds.com\/#website","url":"https:\/\/advancedseeds.com\/","name":"Semi avanzati","description":"Genetica avanzata in semi femminizzati e automatici.","publisher":{"@id":"https:\/\/advancedseeds.com\/#organization"},"potentialAction":[{"@type":"SearchAction","target":{"@type":"EntryPoint","urlTemplate":"https:\/\/advancedseeds.com\/?s={search_term_string}"},"query-input":{"@type":"PropertyValueSpecification","valueRequired":true,"valueName":"search_term_string"}}],"inLanguage":"it-IT"},{"@type":"Organization","@id":"https:\/\/advancedseeds.com\/#organization","name":"Semi avanzati","url":"https:\/\/advancedseeds.com\/","logo":{"@type":"ImageObject","inLanguage":"it-IT","@id":"https:\/\/advancedseeds.com\/#\/schema\/logo\/image\/","url":"https:\/\/advancedseeds.com\/web\/wp-content\/uploads\/2021\/01\/logo-advanced.jpg","contentUrl":"https:\/\/advancedseeds.com\/web\/wp-content\/uploads\/2021\/01\/logo-advanced.jpg","width":600,"height":600,"caption":"Advanced Seeds"},"image":{"@id":"https:\/\/advancedseeds.com\/#\/schema\/logo\/image\/"}}]}},"_links":{"self":[{"href":"https:\/\/advancedseeds.com\/it\/wp-json\/wp\/v2\/product\/6938","targetHints":{"allow":["GET"]}}],"collection":[{"href":"https:\/\/advancedseeds.com\/it\/wp-json\/wp\/v2\/product"}],"about":[{"href":"https:\/\/advancedseeds.com\/it\/wp-json\/wp\/v2\/types\/product"}],"replies":[{"embeddable":true,"href":"https:\/\/advancedseeds.com\/it\/wp-json\/wp\/v2\/comments?post=6938"}],"wp:featuredmedia":[{"embeddable":true,"href":"https:\/\/advancedseeds.com\/it\/wp-json\/wp\/v2\/media\/19652"}],"wp:attachment":[{"href":"https:\/\/advancedseeds.com\/it\/wp-json\/wp\/v2\/media?parent=6938"}],"wp:term":[{"taxonomy":"product_brand","embeddable":true,"href":"https:\/\/advancedseeds.com\/it\/wp-json\/wp\/v2\/product_brand?post=6938"},{"taxonomy":"product_cat","embeddable":true,"href":"https:\/\/advancedseeds.com\/it\/wp-json\/wp\/v2\/product_cat?post=6938"},{"taxonomy":"product_tag","embeddable":true,"href":"https:\/\/advancedseeds.com\/it\/wp-json\/wp\/v2\/product_tag?post=6938"}],"curies":[{"name":"wp","href":"https:\/\/api.w.org\/{rel}","templated":true}]}}