{"id":9930,"date":"2023-06-12T12:19:14","date_gmt":"2023-06-12T11:19:14","guid":{"rendered":"https:\/\/advancedseeds.com\/web\/?post_type=product&#038;p=9930"},"modified":"2025-03-22T18:15:30","modified_gmt":"2025-03-22T17:15:30","slug":"auto-fire-dog-advanced-seeds","status":"publish","type":"product","link":"https:\/\/advancedseeds.com\/it\/tienda\/automaticas\/auto-fire-dog-advanced-seeds\/","title":{"rendered":"Cane da tiro automatico"},"content":{"rendered":"<p><span style=\"font-weight: 400\">Il <\/span><a href=\"https:\/\/advancedseeds.com\/web\/\"><b>semi di marijuana<\/b><\/a><b> autofiorente Auto Fire DOG<\/b><span style=\"font-weight: 400\"> di Advanced Seeds sono una combinazione perfetta di sapore, potenza e facilit\u00e0 di coltivazione. Questa versione autofiorente della potente<\/span><a href=\"https:\/\/advancedseeds.com\/web\/producto\/fire-dog-advanced-seeds\/\"> <span style=\"font-weight: 400\">Cane da tiro<\/span><\/a><span style=\"font-weight: 400\"> \u00e8 un tesoro genetico che raggiunge livelli di THC superiori a 25%. Pronti per un'esperienza di coltivazione intensa come i suoi effetti? Continuate a leggere e scoprite il fuoco che questi semi possono accendere nel vostro giardino, perch\u00e9 in questo testo vi immergerete in tutti i dettagli di questa variet\u00e0, dalla sua genetica a come coltivarla con successo e goderne appieno.<\/span><\/p>\n<h2><b>Quali sono le caratteristiche genetiche di Auto Fire DOG?<\/b><\/h2>\n<p><span style=\"font-weight: 400\">Auto Fire DOG \u00e8 il risultato di un incrocio magistrale tra una variet\u00e0 con antenati ruderalis e due icone delle variet\u00e0 americane di tendenza: Cookies Fire e Wedding Cake. Questo mix d\u00e0 vita a una pianta a predominanza indica dalle grandi dimensioni, dalla fioritura rapida e dalla ramificazione generosa. La genetica della Auto Fire DOG offre un'esperienza unica che combina il meglio dei suoi antenati.<\/span><\/p>\n<h2><b>Che aspetto ha Auto Fire DOG?<\/b><\/h2>\n<p><span style=\"font-weight: 400\">Le piante Auto Fire DOG presentano una statura grande e robusta, con cime di medie dimensioni ma molto compatte e dure. Sono ricoperte da uno spesso strato di grandi tricomi, con una sorprendente concentrazione di THC che pu\u00f2 arrivare fino a 25%. Al chiuso, raggiungono un'altezza compresa tra i 60 e gli 85 cm, mentre all'aperto si allungano un po' di pi\u00f9, arrivando fino a 130 cm. Inoltre, i colori scuri e violacei che acquisiscono durante la coltivazione contrastano magnificamente con il bagliore bianco sporco delle cime.<\/span><\/p>\n<h2><b>Coltivazione di Auto Fire DOG:<\/b><\/h2>\n<p><span style=\"font-weight: 400\">Coltivare i semi autofiorenti Auto Fire DOG \u00e8 facile come una passeggiata nel parco. Al chiuso, le loro dimensioni contenute le rendono ideali per spazi limitati e rispondono meravigliosamente a metodi come SOG o SCROG. All'aperto si adattano in modo flessibile, ma apprezzano sempre un buon bagno di sole. Non sono eccessivamente esigenti, anche se un consiglio \u00e8 quello di mantenerle nutrite e felici per ottenere i massimi rendimenti. Per ottenere i migliori risultati all'interno e all'esterno, ecco alcuni consigli:<\/span><\/p>\n<h3><span style=\"font-weight: 400\">Coltivazione indoor:<\/span><\/h3>\n<p><span style=\"font-weight: 400\">Substrato di qualit\u00e0: iniziare con un substrato ricco di nutrienti per una crescita sana.<\/span><\/p>\n<p><span style=\"font-weight: 400\">Controllo dell'umidit\u00e0: mantenere l'umidit\u00e0 tra 40% e 50% durante la crescita e intorno a 30% durante la fioritura per evitare problemi di muffa.<\/span><\/p>\n<p><span style=\"font-weight: 400\">Illuminazione adeguata: fornire un ciclo di luce costante di 18-20 ore al giorno per una maturazione ottimale delle piante.<\/span><\/p>\n<p><span style=\"font-weight: 400\">Ventilazione e temperatura: controllare la temperatura e la ventilazione per mantenere un microclima ottimale ed evitare problemi di umidit\u00e0.<\/span><\/p>\n<h3><span style=\"font-weight: 400\">Coltivazione all'aperto:<\/span><\/h3>\n<p><span style=\"font-weight: 400\">Se preferite la coltivazione all'aperto, tenete a mente questi consigli:<\/span><\/p>\n<p><span style=\"font-weight: 400\">Luce solare diretta: cercate un sito con almeno 6-8 ore di luce solare diretta al giorno per una crescita ottimale.<\/span><\/p>\n<p><span style=\"font-weight: 400\">Substrato e annaffiatura: assicurarsi che il substrato sia ben drenato e arricchito con sostanze nutritive organiche.<\/span><\/p>\n<p><span style=\"font-weight: 400\">Sviluppo verticale e laterale: la Auto Fire DOG \u00e8 una pianta di altezza moderata, adatta a spazi di coltivazione ridotti. La genetica offre una ramificazione generosa e un'eccellente produzione di cime.<\/span><\/p>\n<h2><b>Quando viene raccolto l'Auto Fire DOG?<\/b><\/h2>\n<p><span style=\"font-weight: 400\">I semi autofiorenti Auto Fire DOG sono pronti per il raccolto in circa 65-75 giorni dalla germinazione indoor. All'aperto, il ciclo \u00e8 lo stesso, che pu\u00f2 variare a seconda del clima dell'emisfero in cui vi trovate, ma pu\u00f2 richiedere una settimana in pi\u00f9 rispetto all'interno. Tenete d'occhio la maturazione per raccogliere al punto giusto che preferite: pi\u00f9 chiaro per un effetto pi\u00f9 cerebrale o pi\u00f9 scuro per un effetto pi\u00f9 fisico.<\/span><\/p>\n<h2><b>Quanto producono questi semi?<\/b><\/h2>\n<p><span style=\"font-weight: 400\">La Auto Fire DOG \u00e8 nota per le sue generose rese. Al chiuso, si possono ottenere 400-450 grammi per metro quadro con un uso corretto della luce e dello spazio. All'aperto, le piante possono sorprendere con rese altrettanto impressionanti.<\/span><\/p>\n<h2><b>Qual \u00e8 l'aroma e il sapore dell'Auto Fire DOG?<\/b><\/h2>\n<p><span style=\"font-weight: 400\">Auto Fire DOG offre un aroma e un sapore eccezionali che ricordano i suoi predecessori della famiglia Cookies. Sentirete note dolci, erbacee e terrose che creano un profilo aromatico delizioso e complesso. Questa variet\u00e0 \u00e8 una delizia per i sensi.<\/span><\/p>\n<h2><b>Che tipo di effetto ha questa marijuana?<\/b><\/h2>\n<p><span style=\"font-weight: 400\">La Auto Fire DOG produce un effetto estremamente potente grazie al suo contenuto di THC che pu\u00f2 superare la 24%. Gli effetti sono rilassanti, soprattutto a livello fisico, ma con una lucidit\u00e0 che rende l'esperienza gustosa ed equilibrata. Dal punto di vista medico, pu\u00f2 essere molto efficace per rilassare i muscoli, alleviare il dolore, stimolare l'appetito e aiutare a dormire, tra le altre cose.<\/span><\/p>\n<h2><b>Acquistare Auto Fire DOG al miglior prezzo online<\/b><\/h2>\n<p><span style=\"font-weight: 400\">Se volete acquistare i semi di Auto Fire DOG da Advanced Seeds al miglior prezzo online, siete arrivati nel posto giusto. Iniziate il vostro emozionante viaggio di coltivazione con questa eccezionale variet\u00e0, ordinate oggi stesso e scoprite tutto ci\u00f2 che la Auto Fire DOG ha da offrire!<\/span><\/p>\n<h2><b>Domande frequenti su Auto Fire DOG:<\/b><\/h2>\n<h3><span style=\"font-weight: 400\">Qual \u00e8 il contenuto di THC di questi semi?<\/span><\/h3>\n<p><span style=\"font-weight: 400\">La Auto Fire DOG pu\u00f2 raggiungere un impressionante contenuto di THC che supera la 24%.<\/span><\/p>\n<h3><span style=\"font-weight: 400\">Sono adatti ai coltivatori principianti?<\/span><\/h3>\n<p><span style=\"font-weight: 400\">S\u00ec, questi semi sono adatti ai principianti grazie alla loro facilit\u00e0 di coltivazione.<\/span><\/p>\n<h3><span style=\"font-weight: 400\">Qual \u00e8 il ciclo completo di coltivazione?<\/span><\/h3>\n<p><span style=\"font-weight: 400\">Il ciclo completo della Auto Fire DOG dura 65-75 giorni dalla germinazione.<\/span><\/p>\n<h3><span style=\"font-weight: 400\">Qual \u00e8 il sapore dell'Auto Fire DOG?<\/span><\/h3>\n<p><span style=\"font-weight: 400\">L'Auto Fire DOG ha un sapore dolce, erbaceo e terroso che lo rende molto apprezzato dagli intenditori.<\/span><\/p>","protected":false},"excerpt":{"rendered":"<p>-<\/p>","protected":false},"featured_media":19814,"comment_status":"open","ping_status":"closed","template":"","meta":{"_acf_changed":false},"product_brand":[],"product_cat":[70],"product_tag":[],"class_list":{"0":"post-9930","1":"product","2":"type-product","3":"status-publish","4":"has-post-thumbnail","6":"product_cat-automaticas","8":"first","9":"instock","10":"taxable","11":"shipping-taxable","12":"purchasable","13":"product-type-variable"},"acf":[],"yoast_head":"<!-- This site is optimized with the Yoast SEO Premium plugin v26.3 (Yoast SEO v26.6) - https:\/\/yoast.com\/wordpress\/plugins\/seo\/ -->\n<title>Auto Fire DOG - Advanced Seeds<\/title>\n<meta name=\"robots\" content=\"index, follow, max-snippet:-1, max-image-preview:large, max-video-preview:-1\" \/>\n<link rel=\"canonical\" href=\"https:\/\/advancedseeds.com\/it\/tienda\/automaticas\/auto-fire-dog-advanced-seeds\/\" \/>\n<meta property=\"og:locale\" content=\"it_IT\" \/>\n<meta property=\"og:type\" content=\"article\" \/>\n<meta property=\"og:title\" content=\"Auto Fire DOG\" \/>\n<meta property=\"og:description\" content=\"-\" \/>\n<meta property=\"og:url\" content=\"https:\/\/advancedseeds.com\/it\/tienda\/automaticas\/auto-fire-dog-advanced-seeds\/\" \/>\n<meta property=\"og:site_name\" content=\"Advanced Seeds\" \/>\n<meta property=\"article:modified_time\" content=\"2025-03-22T17:15:30+00:00\" \/>\n<meta property=\"og:image\" content=\"https:\/\/advancedseeds.com\/web\/wp-content\/uploads\/2023\/06\/Auto-Fire-Dog.jpg\" \/>\n\t<meta property=\"og:image:width\" content=\"446\" \/>\n\t<meta property=\"og:image:height\" content=\"669\" \/>\n\t<meta property=\"og:image:type\" content=\"image\/jpeg\" \/>\n<meta name=\"twitter:card\" content=\"summary_large_image\" \/>\n<meta name=\"twitter:label1\" content=\"Tempo di lettura stimato\" \/>\n\t<meta name=\"twitter:data1\" content=\"5 minuti\" \/>\n<script type=\"application\/ld+json\" class=\"yoast-schema-graph\">{\"@context\":\"https:\/\/schema.org\",\"@graph\":[{\"@type\":\"WebPage\",\"@id\":\"https:\/\/advancedseeds.com\/tienda\/automaticas\/auto-fire-dog-advanced-seeds\/\",\"url\":\"https:\/\/advancedseeds.com\/tienda\/automaticas\/auto-fire-dog-advanced-seeds\/\",\"name\":\"Auto Fire DOG - Advanced Seeds\",\"isPartOf\":{\"@id\":\"https:\/\/advancedseeds.com\/#website\"},\"primaryImageOfPage\":{\"@id\":\"https:\/\/advancedseeds.com\/tienda\/automaticas\/auto-fire-dog-advanced-seeds\/#primaryimage\"},\"image\":{\"@id\":\"https:\/\/advancedseeds.com\/tienda\/automaticas\/auto-fire-dog-advanced-seeds\/#primaryimage\"},\"thumbnailUrl\":\"https:\/\/advancedseeds.com\/web\/wp-content\/uploads\/2023\/06\/Auto-Fire-Dog.jpg\",\"datePublished\":\"2023-06-12T11:19:14+00:00\",\"dateModified\":\"2025-03-22T17:15:30+00:00\",\"breadcrumb\":{\"@id\":\"https:\/\/advancedseeds.com\/tienda\/automaticas\/auto-fire-dog-advanced-seeds\/#breadcrumb\"},\"inLanguage\":\"it-IT\",\"potentialAction\":[{\"@type\":\"ReadAction\",\"target\":[\"https:\/\/advancedseeds.com\/tienda\/automaticas\/auto-fire-dog-advanced-seeds\/\"]}]},{\"@type\":\"ImageObject\",\"inLanguage\":\"it-IT\",\"@id\":\"https:\/\/advancedseeds.com\/tienda\/automaticas\/auto-fire-dog-advanced-seeds\/#primaryimage\",\"url\":\"https:\/\/advancedseeds.com\/web\/wp-content\/uploads\/2023\/06\/Auto-Fire-Dog.jpg\",\"contentUrl\":\"https:\/\/advancedseeds.com\/web\/wp-content\/uploads\/2023\/06\/Auto-Fire-Dog.jpg\",\"width\":446,\"height\":669},{\"@type\":\"BreadcrumbList\",\"@id\":\"https:\/\/advancedseeds.com\/tienda\/automaticas\/auto-fire-dog-advanced-seeds\/#breadcrumb\",\"itemListElement\":[{\"@type\":\"ListItem\",\"position\":1,\"name\":\"Home\",\"item\":\"https:\/\/advancedseeds.com\/\"},{\"@type\":\"ListItem\",\"position\":2,\"name\":\"Tienda\",\"item\":\"https:\/\/advancedseeds.com\/\"},{\"@type\":\"ListItem\",\"position\":3,\"name\":\"Auto Fire DOG\"}]},{\"@type\":\"WebSite\",\"@id\":\"https:\/\/advancedseeds.com\/#website\",\"url\":\"https:\/\/advancedseeds.com\/\",\"name\":\"Advanced Seeds\",\"description\":\"Gen\u00e9ticas Avanzadas en semillas feminizadas y autom\u00e1ticas.\",\"publisher\":{\"@id\":\"https:\/\/advancedseeds.com\/#organization\"},\"potentialAction\":[{\"@type\":\"SearchAction\",\"target\":{\"@type\":\"EntryPoint\",\"urlTemplate\":\"https:\/\/advancedseeds.com\/?s={search_term_string}\"},\"query-input\":{\"@type\":\"PropertyValueSpecification\",\"valueRequired\":true,\"valueName\":\"search_term_string\"}}],\"inLanguage\":\"it-IT\"},{\"@type\":\"Organization\",\"@id\":\"https:\/\/advancedseeds.com\/#organization\",\"name\":\"Advanced Seeds\",\"url\":\"https:\/\/advancedseeds.com\/\",\"logo\":{\"@type\":\"ImageObject\",\"inLanguage\":\"it-IT\",\"@id\":\"https:\/\/advancedseeds.com\/#\/schema\/logo\/image\/\",\"url\":\"https:\/\/advancedseeds.com\/web\/wp-content\/uploads\/2021\/01\/logo-advanced.jpg\",\"contentUrl\":\"https:\/\/advancedseeds.com\/web\/wp-content\/uploads\/2021\/01\/logo-advanced.jpg\",\"width\":600,\"height\":600,\"caption\":\"Advanced Seeds\"},\"image\":{\"@id\":\"https:\/\/advancedseeds.com\/#\/schema\/logo\/image\/\"}}]}<\/script>\n<!-- \/ Yoast SEO Premium plugin. -->","yoast_head_json":{"title":"Auto Fire DOG - Advanced Seeds","robots":{"index":"index","follow":"follow","max-snippet":"max-snippet:-1","max-image-preview":"max-image-preview:large","max-video-preview":"max-video-preview:-1"},"canonical":"https:\/\/advancedseeds.com\/it\/tienda\/automaticas\/auto-fire-dog-advanced-seeds\/","og_locale":"it_IT","og_type":"article","og_title":"Auto Fire DOG","og_description":"-","og_url":"https:\/\/advancedseeds.com\/it\/tienda\/automaticas\/auto-fire-dog-advanced-seeds\/","og_site_name":"Advanced Seeds","article_modified_time":"2025-03-22T17:15:30+00:00","og_image":[{"width":446,"height":669,"url":"https:\/\/advancedseeds.com\/web\/wp-content\/uploads\/2023\/06\/Auto-Fire-Dog.jpg","type":"image\/jpeg"}],"twitter_card":"summary_large_image","twitter_misc":{"Tempo di lettura stimato":"5 minuti"},"schema":{"@context":"https:\/\/schema.org","@graph":[{"@type":"WebPage","@id":"https:\/\/advancedseeds.com\/tienda\/automaticas\/auto-fire-dog-advanced-seeds\/","url":"https:\/\/advancedseeds.com\/tienda\/automaticas\/auto-fire-dog-advanced-seeds\/","name":"Auto Fire DOG - Advanced Seeds","isPartOf":{"@id":"https:\/\/advancedseeds.com\/#website"},"primaryImageOfPage":{"@id":"https:\/\/advancedseeds.com\/tienda\/automaticas\/auto-fire-dog-advanced-seeds\/#primaryimage"},"image":{"@id":"https:\/\/advancedseeds.com\/tienda\/automaticas\/auto-fire-dog-advanced-seeds\/#primaryimage"},"thumbnailUrl":"https:\/\/advancedseeds.com\/web\/wp-content\/uploads\/2023\/06\/Auto-Fire-Dog.jpg","datePublished":"2023-06-12T11:19:14+00:00","dateModified":"2025-03-22T17:15:30+00:00","breadcrumb":{"@id":"https:\/\/advancedseeds.com\/tienda\/automaticas\/auto-fire-dog-advanced-seeds\/#breadcrumb"},"inLanguage":"it-IT","potentialAction":[{"@type":"ReadAction","target":["https:\/\/advancedseeds.com\/tienda\/automaticas\/auto-fire-dog-advanced-seeds\/"]}]},{"@type":"ImageObject","inLanguage":"it-IT","@id":"https:\/\/advancedseeds.com\/tienda\/automaticas\/auto-fire-dog-advanced-seeds\/#primaryimage","url":"https:\/\/advancedseeds.com\/web\/wp-content\/uploads\/2023\/06\/Auto-Fire-Dog.jpg","contentUrl":"https:\/\/advancedseeds.com\/web\/wp-content\/uploads\/2023\/06\/Auto-Fire-Dog.jpg","width":446,"height":669},{"@type":"BreadcrumbList","@id":"https:\/\/advancedseeds.com\/tienda\/automaticas\/auto-fire-dog-advanced-seeds\/#breadcrumb","itemListElement":[{"@type":"ListItem","position":1,"name":"Home","item":"https:\/\/advancedseeds.com\/"},{"@type":"ListItem","position":2,"name":"Tienda","item":"https:\/\/advancedseeds.com\/"},{"@type":"ListItem","position":3,"name":"Auto Fire DOG"}]},{"@type":"WebSite","@id":"https:\/\/advancedseeds.com\/#website","url":"https:\/\/advancedseeds.com\/","name":"Semi avanzati","description":"Genetica avanzata in semi femminizzati e automatici.","publisher":{"@id":"https:\/\/advancedseeds.com\/#organization"},"potentialAction":[{"@type":"SearchAction","target":{"@type":"EntryPoint","urlTemplate":"https:\/\/advancedseeds.com\/?s={search_term_string}"},"query-input":{"@type":"PropertyValueSpecification","valueRequired":true,"valueName":"search_term_string"}}],"inLanguage":"it-IT"},{"@type":"Organization","@id":"https:\/\/advancedseeds.com\/#organization","name":"Semi avanzati","url":"https:\/\/advancedseeds.com\/","logo":{"@type":"ImageObject","inLanguage":"it-IT","@id":"https:\/\/advancedseeds.com\/#\/schema\/logo\/image\/","url":"https:\/\/advancedseeds.com\/web\/wp-content\/uploads\/2021\/01\/logo-advanced.jpg","contentUrl":"https:\/\/advancedseeds.com\/web\/wp-content\/uploads\/2021\/01\/logo-advanced.jpg","width":600,"height":600,"caption":"Advanced Seeds"},"image":{"@id":"https:\/\/advancedseeds.com\/#\/schema\/logo\/image\/"}}]}},"_links":{"self":[{"href":"https:\/\/advancedseeds.com\/it\/wp-json\/wp\/v2\/product\/9930","targetHints":{"allow":["GET"]}}],"collection":[{"href":"https:\/\/advancedseeds.com\/it\/wp-json\/wp\/v2\/product"}],"about":[{"href":"https:\/\/advancedseeds.com\/it\/wp-json\/wp\/v2\/types\/product"}],"replies":[{"embeddable":true,"href":"https:\/\/advancedseeds.com\/it\/wp-json\/wp\/v2\/comments?post=9930"}],"wp:featuredmedia":[{"embeddable":true,"href":"https:\/\/advancedseeds.com\/it\/wp-json\/wp\/v2\/media\/19814"}],"wp:attachment":[{"href":"https:\/\/advancedseeds.com\/it\/wp-json\/wp\/v2\/media?parent=9930"}],"wp:term":[{"taxonomy":"product_brand","embeddable":true,"href":"https:\/\/advancedseeds.com\/it\/wp-json\/wp\/v2\/product_brand?post=9930"},{"taxonomy":"product_cat","embeddable":true,"href":"https:\/\/advancedseeds.com\/it\/wp-json\/wp\/v2\/product_cat?post=9930"},{"taxonomy":"product_tag","embeddable":true,"href":"https:\/\/advancedseeds.com\/it\/wp-json\/wp\/v2\/product_tag?post=9930"}],"curies":[{"name":"wp","href":"https:\/\/api.w.org\/{rel}","templated":true}]}}