{"id":9932,"date":"2023-06-12T12:19:14","date_gmt":"2023-06-12T11:19:14","guid":{"rendered":"https:\/\/advancedseeds.com\/web\/?post_type=product&#038;p=9932"},"modified":"2025-03-22T18:48:18","modified_gmt":"2025-03-22T17:48:18","slug":"critical-mass-fast-advanced-seeds","status":"publish","type":"product","link":"https:\/\/advancedseeds.com\/it\/tienda\/fast\/critical-mass-fast-advanced-seeds\/","title":{"rendered":"Massa critica veloce"},"content":{"rendered":"<p><span style=\"font-weight: 400\">Il <\/span><b>semi Critical Mass Fast<\/b><span style=\"font-weight: 400\"> di Advanced Seeds sono una vera rivoluzione per gli amanti della cannabis. Con un ciclo di fioritura sorprendentemente breve e rese impressionanti, questa variet\u00e0 \u00e8 diventata la preferita sia dei coltivatori principianti che di quelli esperti.<\/span><\/p>\n<h2><span style=\"font-weight: 400\">Qual \u00e8 la genetica di questi semi?<\/span><\/h2>\n<p><span style=\"font-weight: 400\">I semi di marijuana Critical Mass Fast di Advanced Seeds sono <\/span><a href=\"https:\/\/advancedseeds.com\/web\/categoria-producto\/fast\/\"><span style=\"font-weight: 400\">Semi veloci<\/span><\/a><span style=\"font-weight: 400\"> che nascono da un innovativo incrocio tra <\/span><a href=\"https:\/\/advancedseeds.com\/web\/producto\/critical-mass\/\"><span style=\"font-weight: 400\">Massa critica<\/span><\/a><span style=\"font-weight: 400\"> y <\/span><a href=\"https:\/\/advancedseeds.com\/web\/producto\/auto-critical-mass\/\"><span style=\"font-weight: 400\">Massa Critica Auto<\/span><\/a><span style=\"font-weight: 400\">. Questa combinazione ha dato vita a una pianta a predominanza indica, caratterizzata da un ciclo di fioritura rapido e da rese impressionanti.<\/span><\/p>\n<h2><span style=\"font-weight: 400\">Che aspetto ha l'Critical Mass Fast?<\/span><\/h2>\n<p><span style=\"font-weight: 400\">La Critical Mass Fast \u00e8 una variet\u00e0 che colpisce per il suo vigore ibrido. Ha una struttura tipica dei moderni poli-ibridi: grande e forte, con steli di medio spessore ma capaci di sostenere il peso delle sue abbondanti cime. Questi boccioli sono compatti, pesanti e molto aromatici. La distanza tra i nodi \u00e8 media, il che facilita una buona illuminazione e ventilazione della pianta.<\/span><\/p>\n<h2><span style=\"font-weight: 400\">Come si coltivano questi semi all'interno e all'esterno?<\/span><\/h2>\n<h3><span style=\"font-weight: 400\">Coltivazione indoor:<\/span><\/h3>\n<p><span style=\"font-weight: 400\">La Critical Mass Fast si adatta perfettamente a diversi metodi di coltivazione. Le sue dimensioni compatte e il rapido ciclo di fioritura la rendono ideale per cicli di coltivazione rapidi ed efficienti. \u00c8 importante fornire un supporto ai rami durante la fioritura per gestire il peso delle cime. Questa variet\u00e0 risponde bene alle tecniche di formazione e potatura, rendendola versatile e adattabile a diversi stili di coltivazione indoor.<\/span><\/p>\n<h3><span style=\"font-weight: 400\">Coltivazione all'aperto:<\/span><\/h3>\n<p><span style=\"font-weight: 400\">La coltivazione all'aperto della Critical Mass fast \u00e8 molto interessante grazie al suo raccolto precoce e all'elevata resistenza allo stress. Con sufficiente luce solare e spazio, questa variet\u00e0 pu\u00f2 raggiungere dimensioni che non hanno nulla da invidiare alle normali variet\u00e0 a fotoperiodo di fioritura. Per sfruttare al meglio il suo ciclo di fioritura veloce, \u00e8 fondamentale iniziare la coltivazione all'inizio della primavera, non appena passa il freddo, e far germogliare i semi in modo che abbiano abbastanza tempo vegetativo.<\/span><\/p>\n<h2><span style=\"font-weight: 400\">Quando viene raccolto l'Critical Mass Fast?<\/span><\/h2>\n<p><span style=\"font-weight: 400\">Grazie al suo incrocio con genetiche autofiorenti, la Critical Mass Fast ha un ciclo di fioritura incredibilmente veloce. Al chiuso, le cime sono pronte per il raccolto in <\/span><b>solo 40-45 giorni di fioritura<\/b><span style=\"font-weight: 400\">. All'aperto, nell'emisfero settentrionale, la raccolta avviene solitamente all'inizio di settembre, consentendo ai coltivatori di evitare le piogge e le gelate autunnali.<\/span><\/p>\n<h2><span style=\"font-weight: 400\">Quanto producono questi semi?<\/span><\/h2>\n<p><span style=\"font-weight: 400\">Non crederete mai alla resa di queste piante. Al chiuso, pu\u00f2 produrre fino a 650 grammi per metro quadrato se coltivata con luci forti. All'aperto, in condizioni ideali, ogni pianta pu\u00f2 produrre una quantit\u00e0 impressionante di cime, raggiungendo in alcuni casi anche un chilogrammo per pianta.<\/span><\/p>\n<h2><span style=\"font-weight: 400\">Com'\u00e8 l'aroma e il gusto dei semi femminizzati Critical Mass Fast?<\/span><\/h2>\n<p><span style=\"font-weight: 400\">L'aroma e il sapore della Critical Mass Fast sono intensi e accattivanti, molto fedeli alla classica Critical. Questa variet\u00e0 emana un forte aroma di Skunk con note di agrumi e un fondo pungente e dolce. Una volta fumata, gli utenti potranno godere di un gusto complesso e persistente con sfumature fruttate e un retrogusto davvero piacevole.<\/span><\/p>\n<h2><span style=\"font-weight: 400\">Che tipo di effetto ha questa marijuana?<\/span><\/h2>\n<p><span style=\"font-weight: 400\">La Critical Mass Fast ha un effetto potente, con 22% di THC. Il suo impatto \u00e8 principalmente fisico, fornendo un profondo rilassamento, ma \u00e8 anche socievole e chiaro, rendendolo ideale per le riunioni con gli amici in un'atmosfera giocosa. \u00c8 una variet\u00e0 perfetta per rilassarsi senza perdere la capacit\u00e0 di interagire e godere della compagnia.<\/span><\/p>\n<h2><span style=\"font-weight: 400\">Acquistare semi femminizzati Critical Mass Fast al miglior prezzo online<\/span><\/h2>\n<p><span style=\"font-weight: 400\">Se avete bisogno di una variet\u00e0 che combini una fioritura veloce con un gusto eccezionale e rese impressionanti, i semi femminizzati di Critical Mass Fast di Advanced Seeds sono la scelta migliore, e in nessun altro posto li troverete pi\u00f9 freschi che su Advancedseeds.com.<\/span><\/p>\n<h2><span style=\"font-weight: 400\">Domande frequenti su Critical Mass veloce:<\/span><\/h2>\n<h3><span style=\"font-weight: 400\">Qual \u00e8 il tipo di substrato migliore per la Critical Mass Fast?<\/span><\/h3>\n<p><span style=\"font-weight: 400\">Si adatta bene a substrati ben areati e ricchi di nutrienti, ottimizzando la crescita e la produzione.<\/span><\/p>\n<h3><span style=\"font-weight: 400\">Come influisce il clima sullo sviluppo di Critical Mass Fast all'aperto?<\/span><\/h3>\n<p><span style=\"font-weight: 400\">Predilige climi caldi e soleggiati, ma \u00e8 abbastanza resistente alle variazioni climatiche.<\/span><\/p>\n<h2><span style=\"font-weight: 400\">La Critical Mass Fast richiede cure particolari durante la fioritura?<\/span><\/h2>\n<p><span style=\"font-weight: 400\">\u00c8 importante fornire sostegno ai rami e mantenere un equilibrio nell'irrigazione e nella nutrizione per evitare di stressare la pianta.<\/span><\/p>\n<h3><span style=\"font-weight: 400\">L'Critical Mass Fast \u00e8 adatto alle estrazioni?<\/span><\/h3>\n<p><span style=\"font-weight: 400\">S\u00ec, la sua elevata produzione di resina la rende eccellente per la produzione di hashish e altri concentrati.<\/span><\/p>\n<h3><span style=\"font-weight: 400\">Come devono essere essiccate e curate le gemme Critical Mass Fast?<\/span><\/h3>\n<p><span style=\"font-weight: 400\">Un'essiccazione lenta e un'accurata stagionatura sono essenziali per preservare il suo aroma e il suo sapore unici.<\/span><\/p>","protected":false},"excerpt":{"rendered":"<p>-<\/p>","protected":false},"featured_media":19812,"comment_status":"open","ping_status":"closed","template":"","meta":{"_acf_changed":false},"product_brand":[],"product_cat":[80],"product_tag":[],"class_list":{"0":"post-9932","1":"product","2":"type-product","3":"status-publish","4":"has-post-thumbnail","6":"product_cat-fast","8":"first","9":"instock","10":"taxable","11":"shipping-taxable","12":"purchasable","13":"product-type-variable"},"acf":[],"yoast_head":"<!-- This site is optimized with the Yoast SEO Premium plugin v26.3 (Yoast SEO v26.6) - https:\/\/yoast.com\/wordpress\/plugins\/seo\/ -->\n<title>Critical Mass Fast - Advanced Seeds<\/title>\n<meta name=\"robots\" content=\"index, follow, max-snippet:-1, max-image-preview:large, max-video-preview:-1\" \/>\n<link rel=\"canonical\" href=\"https:\/\/advancedseeds.com\/it\/tienda\/fast\/critical-mass-fast-advanced-seeds\/\" \/>\n<meta property=\"og:locale\" content=\"it_IT\" \/>\n<meta property=\"og:type\" content=\"article\" \/>\n<meta property=\"og:title\" content=\"Critical Mass Fast\" \/>\n<meta property=\"og:description\" content=\"-\" \/>\n<meta property=\"og:url\" content=\"https:\/\/advancedseeds.com\/it\/tienda\/fast\/critical-mass-fast-advanced-seeds\/\" \/>\n<meta property=\"og:site_name\" content=\"Advanced Seeds\" \/>\n<meta property=\"article:modified_time\" content=\"2025-03-22T17:48:18+00:00\" \/>\n<meta property=\"og:image\" content=\"https:\/\/advancedseeds.com\/web\/wp-content\/uploads\/2023\/06\/Critical-Mass-Fast-scaled.jpg\" \/>\n\t<meta property=\"og:image:width\" content=\"1707\" \/>\n\t<meta property=\"og:image:height\" content=\"2560\" \/>\n\t<meta property=\"og:image:type\" content=\"image\/jpeg\" \/>\n<meta name=\"twitter:card\" content=\"summary_large_image\" \/>\n<meta name=\"twitter:label1\" content=\"Tempo di lettura stimato\" \/>\n\t<meta name=\"twitter:data1\" content=\"4 minuti\" \/>\n<script type=\"application\/ld+json\" class=\"yoast-schema-graph\">{\"@context\":\"https:\/\/schema.org\",\"@graph\":[{\"@type\":\"WebPage\",\"@id\":\"https:\/\/advancedseeds.com\/tienda\/fast\/critical-mass-fast-advanced-seeds\/\",\"url\":\"https:\/\/advancedseeds.com\/tienda\/fast\/critical-mass-fast-advanced-seeds\/\",\"name\":\"Critical Mass Fast - Advanced Seeds\",\"isPartOf\":{\"@id\":\"https:\/\/advancedseeds.com\/#website\"},\"primaryImageOfPage\":{\"@id\":\"https:\/\/advancedseeds.com\/tienda\/fast\/critical-mass-fast-advanced-seeds\/#primaryimage\"},\"image\":{\"@id\":\"https:\/\/advancedseeds.com\/tienda\/fast\/critical-mass-fast-advanced-seeds\/#primaryimage\"},\"thumbnailUrl\":\"https:\/\/advancedseeds.com\/web\/wp-content\/uploads\/2023\/06\/Critical-Mass-Fast-scaled.jpg\",\"datePublished\":\"2023-06-12T11:19:14+00:00\",\"dateModified\":\"2025-03-22T17:48:18+00:00\",\"breadcrumb\":{\"@id\":\"https:\/\/advancedseeds.com\/tienda\/fast\/critical-mass-fast-advanced-seeds\/#breadcrumb\"},\"inLanguage\":\"it-IT\",\"potentialAction\":[{\"@type\":\"ReadAction\",\"target\":[\"https:\/\/advancedseeds.com\/tienda\/fast\/critical-mass-fast-advanced-seeds\/\"]}]},{\"@type\":\"ImageObject\",\"inLanguage\":\"it-IT\",\"@id\":\"https:\/\/advancedseeds.com\/tienda\/fast\/critical-mass-fast-advanced-seeds\/#primaryimage\",\"url\":\"https:\/\/advancedseeds.com\/web\/wp-content\/uploads\/2023\/06\/Critical-Mass-Fast-scaled.jpg\",\"contentUrl\":\"https:\/\/advancedseeds.com\/web\/wp-content\/uploads\/2023\/06\/Critical-Mass-Fast-scaled.jpg\",\"width\":1707,\"height\":2560},{\"@type\":\"BreadcrumbList\",\"@id\":\"https:\/\/advancedseeds.com\/tienda\/fast\/critical-mass-fast-advanced-seeds\/#breadcrumb\",\"itemListElement\":[{\"@type\":\"ListItem\",\"position\":1,\"name\":\"Home\",\"item\":\"https:\/\/advancedseeds.com\/\"},{\"@type\":\"ListItem\",\"position\":2,\"name\":\"Tienda\",\"item\":\"https:\/\/advancedseeds.com\/\"},{\"@type\":\"ListItem\",\"position\":3,\"name\":\"Critical Mass Fast\"}]},{\"@type\":\"WebSite\",\"@id\":\"https:\/\/advancedseeds.com\/#website\",\"url\":\"https:\/\/advancedseeds.com\/\",\"name\":\"Advanced Seeds\",\"description\":\"Gen\u00e9ticas Avanzadas en semillas feminizadas y autom\u00e1ticas.\",\"publisher\":{\"@id\":\"https:\/\/advancedseeds.com\/#organization\"},\"potentialAction\":[{\"@type\":\"SearchAction\",\"target\":{\"@type\":\"EntryPoint\",\"urlTemplate\":\"https:\/\/advancedseeds.com\/?s={search_term_string}\"},\"query-input\":{\"@type\":\"PropertyValueSpecification\",\"valueRequired\":true,\"valueName\":\"search_term_string\"}}],\"inLanguage\":\"it-IT\"},{\"@type\":\"Organization\",\"@id\":\"https:\/\/advancedseeds.com\/#organization\",\"name\":\"Advanced Seeds\",\"url\":\"https:\/\/advancedseeds.com\/\",\"logo\":{\"@type\":\"ImageObject\",\"inLanguage\":\"it-IT\",\"@id\":\"https:\/\/advancedseeds.com\/#\/schema\/logo\/image\/\",\"url\":\"https:\/\/advancedseeds.com\/web\/wp-content\/uploads\/2021\/01\/logo-advanced.jpg\",\"contentUrl\":\"https:\/\/advancedseeds.com\/web\/wp-content\/uploads\/2021\/01\/logo-advanced.jpg\",\"width\":600,\"height\":600,\"caption\":\"Advanced Seeds\"},\"image\":{\"@id\":\"https:\/\/advancedseeds.com\/#\/schema\/logo\/image\/\"}}]}<\/script>\n<!-- \/ Yoast SEO Premium plugin. -->","yoast_head_json":{"title":"Critical Mass Fast - Advanced Seeds","robots":{"index":"index","follow":"follow","max-snippet":"max-snippet:-1","max-image-preview":"max-image-preview:large","max-video-preview":"max-video-preview:-1"},"canonical":"https:\/\/advancedseeds.com\/it\/tienda\/fast\/critical-mass-fast-advanced-seeds\/","og_locale":"it_IT","og_type":"article","og_title":"Critical Mass Fast","og_description":"-","og_url":"https:\/\/advancedseeds.com\/it\/tienda\/fast\/critical-mass-fast-advanced-seeds\/","og_site_name":"Advanced Seeds","article_modified_time":"2025-03-22T17:48:18+00:00","og_image":[{"width":1707,"height":2560,"url":"https:\/\/advancedseeds.com\/web\/wp-content\/uploads\/2023\/06\/Critical-Mass-Fast-scaled.jpg","type":"image\/jpeg"}],"twitter_card":"summary_large_image","twitter_misc":{"Tempo di lettura stimato":"4 minuti"},"schema":{"@context":"https:\/\/schema.org","@graph":[{"@type":"WebPage","@id":"https:\/\/advancedseeds.com\/tienda\/fast\/critical-mass-fast-advanced-seeds\/","url":"https:\/\/advancedseeds.com\/tienda\/fast\/critical-mass-fast-advanced-seeds\/","name":"Critical Mass Fast - Advanced Seeds","isPartOf":{"@id":"https:\/\/advancedseeds.com\/#website"},"primaryImageOfPage":{"@id":"https:\/\/advancedseeds.com\/tienda\/fast\/critical-mass-fast-advanced-seeds\/#primaryimage"},"image":{"@id":"https:\/\/advancedseeds.com\/tienda\/fast\/critical-mass-fast-advanced-seeds\/#primaryimage"},"thumbnailUrl":"https:\/\/advancedseeds.com\/web\/wp-content\/uploads\/2023\/06\/Critical-Mass-Fast-scaled.jpg","datePublished":"2023-06-12T11:19:14+00:00","dateModified":"2025-03-22T17:48:18+00:00","breadcrumb":{"@id":"https:\/\/advancedseeds.com\/tienda\/fast\/critical-mass-fast-advanced-seeds\/#breadcrumb"},"inLanguage":"it-IT","potentialAction":[{"@type":"ReadAction","target":["https:\/\/advancedseeds.com\/tienda\/fast\/critical-mass-fast-advanced-seeds\/"]}]},{"@type":"ImageObject","inLanguage":"it-IT","@id":"https:\/\/advancedseeds.com\/tienda\/fast\/critical-mass-fast-advanced-seeds\/#primaryimage","url":"https:\/\/advancedseeds.com\/web\/wp-content\/uploads\/2023\/06\/Critical-Mass-Fast-scaled.jpg","contentUrl":"https:\/\/advancedseeds.com\/web\/wp-content\/uploads\/2023\/06\/Critical-Mass-Fast-scaled.jpg","width":1707,"height":2560},{"@type":"BreadcrumbList","@id":"https:\/\/advancedseeds.com\/tienda\/fast\/critical-mass-fast-advanced-seeds\/#breadcrumb","itemListElement":[{"@type":"ListItem","position":1,"name":"Home","item":"https:\/\/advancedseeds.com\/"},{"@type":"ListItem","position":2,"name":"Tienda","item":"https:\/\/advancedseeds.com\/"},{"@type":"ListItem","position":3,"name":"Critical Mass Fast"}]},{"@type":"WebSite","@id":"https:\/\/advancedseeds.com\/#website","url":"https:\/\/advancedseeds.com\/","name":"Semi avanzati","description":"Genetica avanzata in semi femminizzati e automatici.","publisher":{"@id":"https:\/\/advancedseeds.com\/#organization"},"potentialAction":[{"@type":"SearchAction","target":{"@type":"EntryPoint","urlTemplate":"https:\/\/advancedseeds.com\/?s={search_term_string}"},"query-input":{"@type":"PropertyValueSpecification","valueRequired":true,"valueName":"search_term_string"}}],"inLanguage":"it-IT"},{"@type":"Organization","@id":"https:\/\/advancedseeds.com\/#organization","name":"Semi avanzati","url":"https:\/\/advancedseeds.com\/","logo":{"@type":"ImageObject","inLanguage":"it-IT","@id":"https:\/\/advancedseeds.com\/#\/schema\/logo\/image\/","url":"https:\/\/advancedseeds.com\/web\/wp-content\/uploads\/2021\/01\/logo-advanced.jpg","contentUrl":"https:\/\/advancedseeds.com\/web\/wp-content\/uploads\/2021\/01\/logo-advanced.jpg","width":600,"height":600,"caption":"Advanced Seeds"},"image":{"@id":"https:\/\/advancedseeds.com\/#\/schema\/logo\/image\/"}}]}},"_links":{"self":[{"href":"https:\/\/advancedseeds.com\/it\/wp-json\/wp\/v2\/product\/9932","targetHints":{"allow":["GET"]}}],"collection":[{"href":"https:\/\/advancedseeds.com\/it\/wp-json\/wp\/v2\/product"}],"about":[{"href":"https:\/\/advancedseeds.com\/it\/wp-json\/wp\/v2\/types\/product"}],"replies":[{"embeddable":true,"href":"https:\/\/advancedseeds.com\/it\/wp-json\/wp\/v2\/comments?post=9932"}],"wp:featuredmedia":[{"embeddable":true,"href":"https:\/\/advancedseeds.com\/it\/wp-json\/wp\/v2\/media\/19812"}],"wp:attachment":[{"href":"https:\/\/advancedseeds.com\/it\/wp-json\/wp\/v2\/media?parent=9932"}],"wp:term":[{"taxonomy":"product_brand","embeddable":true,"href":"https:\/\/advancedseeds.com\/it\/wp-json\/wp\/v2\/product_brand?post=9932"},{"taxonomy":"product_cat","embeddable":true,"href":"https:\/\/advancedseeds.com\/it\/wp-json\/wp\/v2\/product_cat?post=9932"},{"taxonomy":"product_tag","embeddable":true,"href":"https:\/\/advancedseeds.com\/it\/wp-json\/wp\/v2\/product_tag?post=9932"}],"curies":[{"name":"wp","href":"https:\/\/api.w.org\/{rel}","templated":true}]}}